
{"id":3255,"date":"2023-10-29T12:57:42","date_gmt":"2023-10-29T11:57:42","guid":{"rendered":"https:\/\/tedsandtails.de\/?page_id=3255"},"modified":"2023-10-30T21:51:29","modified_gmt":"2023-10-30T20:51:29","slug":"geschenkgutscheine-teds-tails","status":"publish","type":"page","link":"https:\/\/tedsandtails.de\/en\/geschenkgutscheine-teds-tails\/","title":{"rendered":"Giftcards"},"content":{"rendered":"<div data-elementor-type=\"wp-page\" data-elementor-id=\"3255\" class=\"elementor elementor-3255\">\n\t\t\t\t\t\t\t\t\t<section class=\"elementor-section elementor-top-section elementor-element elementor-element-7466765 elementor-section-boxed elementor-section-height-default elementor-section-height-default\" data-id=\"7466765\" data-element_type=\"section\">\n\t\t\t\t\t\t<div class=\"elementor-container elementor-column-gap-default\">\n\t\t\t\t\t<div class=\"elementor-column elementor-col-100 elementor-top-column elementor-element elementor-element-e5ba0c2\" data-id=\"e5ba0c2\" data-element_type=\"column\">\n\t\t\t<div class=\"elementor-widget-wrap elementor-element-populated\">\n\t\t\t\t\t\t\t\t<div class=\"elementor-element elementor-element-2fcb460 elementor-widget elementor-widget-heading\" data-id=\"2fcb460\" data-element_type=\"widget\" data-widget_type=\"heading.default\">\n\t\t\t\t<div class=\"elementor-widget-container\">\n\t\t\t<style>\/*! elementor - v3.17.0 - 08-11-2023 *\/\n.elementor-heading-title{padding:0;margin:0;line-height:1}.elementor-widget-heading .elementor-heading-title[class*=elementor-size-]>a{color:inherit;font-size:inherit;line-height:inherit}.elementor-widget-heading .elementor-heading-title.elementor-size-small{font-size:15px}.elementor-widget-heading .elementor-heading-title.elementor-size-medium{font-size:19px}.elementor-widget-heading .elementor-heading-title.elementor-size-large{font-size:29px}.elementor-widget-heading .elementor-heading-title.elementor-size-xl{font-size:39px}.elementor-widget-heading .elementor-heading-title.elementor-size-xxl{font-size:59px}<\/style><h2 class=\"elementor-heading-title elementor-size-default\">Giftcards<\/h2>\t\t<\/div>\n\t\t\t\t<\/div>\n\t\t\t\t<div class=\"elementor-element elementor-element-c70014a elementor-widget elementor-widget-text-editor\" data-id=\"c70014a\" data-element_type=\"widget\" data-widget_type=\"text-editor.default\">\n\t\t\t\t<div class=\"elementor-widget-container\">\n\t\t\t<style>\/*! elementor - v3.17.0 - 08-11-2023 *\/\n.elementor-widget-text-editor.elementor-drop-cap-view-stacked .elementor-drop-cap{background-color:#69727d;color:#fff}.elementor-widget-text-editor.elementor-drop-cap-view-framed .elementor-drop-cap{color:#69727d;border:3px solid;background-color:transparent}.elementor-widget-text-editor:not(.elementor-drop-cap-view-default) .elementor-drop-cap{margin-top:8px}.elementor-widget-text-editor:not(.elementor-drop-cap-view-default) .elementor-drop-cap-letter{width:1em;height:1em}.elementor-widget-text-editor .elementor-drop-cap{float:left;text-align:center;line-height:1;font-size:50px}.elementor-widget-text-editor .elementor-drop-cap-letter{display:inline-block}<\/style>\t\t\t\t<p>If you want to surprise one of your best (dog) friends with a great dog accessories gift from TED'S &amp; TAILS, then a TED'S &amp; TAILS gift card is the perfect gift idea! Choose the amount and receive a beautiful gift card delivered to your home in a stylish envelope.<\/p>\t\t\t\t\t\t<\/div>\n\t\t\t\t<\/div>\n\t\t\t\t<div class=\"elementor-element elementor-element-92f5d4b product-layout-style-1 elementor-widget elementor-widget-gopet-products\" data-id=\"92f5d4b\" data-element_type=\"widget\" data-widget_type=\"gopet-products.default\">\n\t\t\t\t<div class=\"elementor-widget-container\">\n\t\t\t<div class=\"woocommerce columns-3  columns-tablet-2 columns-mobile-1\"><div class=\"woocommerce-notices-wrapper\"><\/div><div class=\"gopet-sorting\">            <a href=\"#\" class=\"filter-toggle\" aria-expanded=\"false\">\n                <i class=\"gopet-icon-sliders-v\"><\/i><span>Filter By<\/span><\/a>\n                        <a href=\"#\" class=\"filter-toggle-dropdown\" aria-expanded=\"false\">\n                <i class=\"gopet-icon-sliders-v\"><\/i><span>Filter By<\/span><\/a>\n                    <div class=\"gridlist-toggle desktop-hide-down\">\n            <a href=\"\/en\/wp-json\/wp\/v2\/pages\/3255?layout=list\" id=\"list\" class=\"\" title=\"List View\"><i class=\"gopet-icon-list-ul\"><\/i><\/a>\n            <a href=\"\/en\/wp-json\/wp\/v2\/pages\/3255?layout=grid\" id=\"grid\" class=\"active\" title=\"Grid View\"><i class=\"gopet-icon-th-large\"><\/i><\/a>\n        <\/div>\n        <p class=\"woocommerce-result-count\">\n\tShowing the single result<\/p>\n<form class=\"woocommerce-ordering\" method=\"get\" action=\"\">\n\t<select name=\"orderby\" class=\"orderby\" aria-label=\"Shop order\" data-no-translation-aria-label=\"\">\n\t\t\t\t\t<option value=\"menu_order\"  selected='selected' data-no-translation=\"\" data-trp-gettext=\"\">Default sorting<\/option>\n\t\t\t\t\t<option value=\"popularity\" data-no-translation=\"\" data-trp-gettext=\"\" >Sort by popularity<\/option>\n\t\t\t\t\t<option value=\"rating\" data-no-translation=\"\" data-trp-gettext=\"\" >Sort by average rating<\/option>\n\t\t\t\t\t<option value=\"date\" data-no-translation=\"\" data-trp-gettext=\"\" >Sort by latest<\/option>\n\t\t\t\t\t<option value=\"price\" data-no-translation=\"\" data-trp-gettext=\"\" >Sort by price: low to high<\/option>\n\t\t\t\t\t<option value=\"price-desc\" data-no-translation=\"\" data-trp-gettext=\"\" >Sort by price: high to low<\/option>\n\t\t\t<\/select>\n\t<input type=\"hidden\" name=\"paged\" value=\"1\" \/>\n\t<input type=\"hidden\" name=\"trp-form-language\" value=\"en\"\/><\/form>\n<\/div>\n<ul class=\"products columns-3\">\n\n\n<li class=\"product type-product post-3322 status-publish first instock product_cat-geschenkgutscheine has-post-thumbnail shipping-taxable purchasable product-type-variable\">\n\t<div class=\"product-block\">        <div class=\"product-transition\"><div class=\"product-image\"><img decoding=\"async\" width=\"2560\" height=\"1219\" src=\"https:\/\/tedsandtails.de\/wp-content\/uploads\/2023\/11\/1.png\" class=\"attachment-shop_catalog size-shop_catalog\" alt=\"\" srcset=\"https:\/\/tedsandtails.de\/wp-content\/uploads\/2023\/11\/1.png 2560w, https:\/\/tedsandtails.de\/wp-content\/uploads\/2023\/11\/1-300x143.png 300w, https:\/\/tedsandtails.de\/wp-content\/uploads\/2023\/11\/1-1024x488.png 1024w, https:\/\/tedsandtails.de\/wp-content\/uploads\/2023\/11\/1-768x366.png 768w, https:\/\/tedsandtails.de\/wp-content\/uploads\/2023\/11\/1-1536x732.png 1536w, https:\/\/tedsandtails.de\/wp-content\/uploads\/2023\/11\/1-2048x975.png 2048w, https:\/\/tedsandtails.de\/wp-content\/uploads\/2023\/11\/1-18x9.png 18w, https:\/\/tedsandtails.de\/wp-content\/uploads\/2023\/11\/1-1320x629.png 1320w, https:\/\/tedsandtails.de\/wp-content\/uploads\/2023\/11\/1-800x381.png 800w\" sizes=\"(max-width: 2560px) 100vw, 2560px\" \/><\/div>        <div class=\"group-action\">\n            <div class=\"shop-action\">\n                            <\/div>\n        <\/div>\n        <a href=\"https:\/\/tedsandtails.de\/en\/product\/teds-tails-geschenkgutschein\/\" class=\"woocommerce-LoopProduct-link woocommerce-loop-product__link\"><\/a><\/div>\n        <div class=\"product-caption\"><h3 class=\"woocommerce-loop-product__title\"><a href=\"https:\/\/tedsandtails.de\/en\/product\/teds-tails-geschenkgutschein\/\">TED\u2019S &amp; TAILS Gift Card<\/a><\/h3><div class=\"product-caption-content\">\n\t<span class=\"price\"><span class=\"woocommerce-Price-amount amount\"><bdi>10,00&nbsp;<span class=\"woocommerce-Price-currencySymbol\">&euro;<\/span><\/bdi><\/span> &ndash; <span class=\"woocommerce-Price-amount amount\"><bdi>200,00&nbsp;<span class=\"woocommerce-Price-currencySymbol\">&euro;<\/span><\/bdi><\/span><\/span>\n<\/div><a href=\"https:\/\/tedsandtails.de\/en\/product\/teds-tails-geschenkgutschein\/\" data-quantity=\"1\" class=\"button product_type_variable add_to_cart_button\" data-product_id=\"3322\" data-product_sku=\"\" aria-label=\"Select options for \u201cTED&#039;S &amp; TAILS Geschenkgutschein\u201d\" aria-describedby=\"This product has multiple variants. The options may be chosen on the product page\" rel=\"nofollow\" data-no-translation=\"\" data-trp-gettext=\"\" data-no-translation-aria-label=\"\" data-no-translation-aria-describedby=\"\">Select options<\/a><\/div>\n\n\n\n\t<p class=\"wc-gzd-additional-info wc-gzd-additional-info-loop small-business-info\">No VAT statement, as small business according to \u00a719 (1) UStG.<\/p>\n\n\t<p class=\"wc-gzd-additional-info wc-gzd-additional-info-loop shipping-costs-info\">Excl. <a href=\"https:\/\/tedsandtails.de\/en\/versandarten\/\" target=\"_blank\">Delivery costs<\/a><\/p>\n\n\n<\/div><\/li>\n<\/ul>\n<\/div>\t\t<\/div>\n\t\t\t\t<\/div>\n\t\t\t\t\t<\/div>\n\t\t<\/div>\n\t\t\t\t\t\t\t<\/div>\n\t\t<\/section>\n\t\t\t\t\t\t\t<\/div>","protected":false},"excerpt":{"rendered":"<p>Geschenkgutscheine Wenn du einen deiner besten (Hunde-)Freunde mit einem tollen Hundezubeh\u00f6r-Geschenk von TED&#8217;S &amp; TAILS \u00fcberraschen m\u00f6chtest, dann ist ein TED&#8217;S &amp; TAILS Geschenkgutschein die perfekte Geschenkidee! W\u00e4hle den Betrag und erhalte einen sch\u00f6nen Geschenkgutschein in einem schicken Umschlag nach Hause geliefert.<\/p>","protected":false},"author":1,"featured_media":0,"parent":0,"menu_order":0,"comment_status":"closed","ping_status":"closed","template":"elementor_header_footer","meta":{"footnotes":""},"class_list":["post-3255","page","type-page","status-publish","hentry"],"yoast_head":"<!-- This site is optimized with the Yoast SEO plugin v20.12 - https:\/\/yoast.com\/wordpress\/plugins\/seo\/ -->\n<title>Geschenkgutscheine - TED&#039;S &amp; TAILS<\/title>\n<meta name=\"description\" content=\"Wenn du einen deiner besten (Hunde-)Freunde mit einem tollen Hundezubeh\u00f6r-Geschenk von TED&#039;S &amp; TAILS \u00fcberraschen m\u00f6chtest, dann ist ein TED&#039;S &amp; TAILS Geschenkgutschein die perfekte Geschenkidee! W\u00e4hle den Betrag und erhalte einen sch\u00f6nen Geschenkgutschein in einem schicken Umschlag nach Hause geliefert.\" \/>\n<meta name=\"robots\" content=\"index, follow, max-snippet:-1, max-image-preview:large, max-video-preview:-1\" \/>\n<link rel=\"canonical\" href=\"https:\/\/tedsandtails.de\/en\/geschenkgutscheine-teds-tails\/\" \/>\n<meta property=\"og:locale\" content=\"en_GB\" \/>\n<meta property=\"og:type\" content=\"article\" \/>\n<meta property=\"og:title\" content=\"Geschenkgutscheine - TED&#039;S &amp; TAILS\" \/>\n<meta property=\"og:description\" content=\"Wenn du einen deiner besten (Hunde-)Freunde mit einem tollen Hundezubeh\u00f6r-Geschenk von TED&#039;S &amp; TAILS \u00fcberraschen m\u00f6chtest, dann ist ein TED&#039;S &amp; TAILS Geschenkgutschein die perfekte Geschenkidee! W\u00e4hle den Betrag und erhalte einen sch\u00f6nen Geschenkgutschein in einem schicken Umschlag nach Hause geliefert.\" \/>\n<meta property=\"og:url\" content=\"https:\/\/tedsandtails.de\/en\/geschenkgutscheine-teds-tails\/\" \/>\n<meta property=\"og:site_name\" content=\"TED&#039;S &amp; TAILS\" \/>\n<meta property=\"article:modified_time\" content=\"2023-10-30T20:51:29+00:00\" \/>\n<meta name=\"twitter:card\" content=\"summary_large_image\" \/>\n<meta name=\"twitter:label1\" content=\"Est. reading time\" \/>\n\t<meta name=\"twitter:data1\" content=\"3 minutes\" \/>\n<script type=\"application\/ld+json\" class=\"yoast-schema-graph\">{\"@context\":\"https:\/\/schema.org\",\"@graph\":[{\"@type\":\"WebPage\",\"@id\":\"https:\/\/tedsandtails.de\/geschenkgutscheine-teds-tails\/\",\"url\":\"https:\/\/tedsandtails.de\/geschenkgutscheine-teds-tails\/\",\"name\":\"Geschenkgutscheine - TED&#039;S &amp; TAILS\",\"isPartOf\":{\"@id\":\"https:\/\/tedsandtails.de\/#website\"},\"datePublished\":\"2023-10-29T11:57:42+00:00\",\"dateModified\":\"2023-10-30T20:51:29+00:00\",\"description\":\"Wenn du einen deiner besten (Hunde-)Freunde mit einem tollen Hundezubeh\u00f6r-Geschenk von TED'S & TAILS \u00fcberraschen m\u00f6chtest, dann ist ein TED'S & TAILS Geschenkgutschein die perfekte Geschenkidee! W\u00e4hle den Betrag und erhalte einen sch\u00f6nen Geschenkgutschein in einem schicken Umschlag nach Hause geliefert.\",\"breadcrumb\":{\"@id\":\"https:\/\/tedsandtails.de\/geschenkgutscheine-teds-tails\/#breadcrumb\"},\"inLanguage\":\"en-GB\",\"potentialAction\":[{\"@type\":\"ReadAction\",\"target\":[\"https:\/\/tedsandtails.de\/geschenkgutscheine-teds-tails\/\"]}]},{\"@type\":\"BreadcrumbList\",\"@id\":\"https:\/\/tedsandtails.de\/geschenkgutscheine-teds-tails\/#breadcrumb\",\"itemListElement\":[{\"@type\":\"ListItem\",\"position\":1,\"name\":\"Startseite\",\"item\":\"https:\/\/tedsandtails.de\/\"},{\"@type\":\"ListItem\",\"position\":2,\"name\":\"Geschenkgutscheine\"}]},{\"@type\":\"WebSite\",\"@id\":\"https:\/\/tedsandtails.de\/#website\",\"url\":\"https:\/\/tedsandtails.de\/\",\"name\":\"TED&#039;S &amp; TAILS\",\"description\":\"\",\"publisher\":{\"@id\":\"https:\/\/tedsandtails.de\/#organization\"},\"potentialAction\":[{\"@type\":\"SearchAction\",\"target\":{\"@type\":\"EntryPoint\",\"urlTemplate\":\"https:\/\/tedsandtails.de\/?s={search_term_string}\"},\"query-input\":\"required name=search_term_string\"}],\"inLanguage\":\"en-GB\"},{\"@type\":\"Organization\",\"@id\":\"https:\/\/tedsandtails.de\/#organization\",\"name\":\"TED&#039;S &amp; TAILS\",\"url\":\"https:\/\/tedsandtails.de\/\",\"logo\":{\"@type\":\"ImageObject\",\"inLanguage\":\"en-GB\",\"@id\":\"https:\/\/tedsandtails.de\/#\/schema\/logo\/image\/\",\"url\":\"https:\/\/tedsandtails.de\/wp-content\/uploads\/2022\/09\/Teddys-5.png\",\"contentUrl\":\"https:\/\/tedsandtails.de\/wp-content\/uploads\/2022\/09\/Teddys-5.png\",\"width\":1080,\"height\":1080,\"caption\":\"TED&#039;S &amp; TAILS\"},\"image\":{\"@id\":\"https:\/\/tedsandtails.de\/#\/schema\/logo\/image\/\"}}]}<\/script>\n<!-- \/ Yoast SEO plugin. -->","yoast_head_json":{"title":"Geschenkgutscheine - TED&#039;S &amp; TAILS","description":"Wenn du einen deiner besten (Hunde-)Freunde mit einem tollen Hundezubeh\u00f6r-Geschenk von TED'S & TAILS \u00fcberraschen m\u00f6chtest, dann ist ein TED'S & TAILS Geschenkgutschein die perfekte Geschenkidee! W\u00e4hle den Betrag und erhalte einen sch\u00f6nen Geschenkgutschein in einem schicken Umschlag nach Hause geliefert.","robots":{"index":"index","follow":"follow","max-snippet":"max-snippet:-1","max-image-preview":"max-image-preview:large","max-video-preview":"max-video-preview:-1"},"canonical":"https:\/\/tedsandtails.de\/en\/geschenkgutscheine-teds-tails\/","og_locale":"en_GB","og_type":"article","og_title":"Geschenkgutscheine - TED&#039;S &amp; TAILS","og_description":"Wenn du einen deiner besten (Hunde-)Freunde mit einem tollen Hundezubeh\u00f6r-Geschenk von TED'S & TAILS \u00fcberraschen m\u00f6chtest, dann ist ein TED'S & TAILS Geschenkgutschein die perfekte Geschenkidee! W\u00e4hle den Betrag und erhalte einen sch\u00f6nen Geschenkgutschein in einem schicken Umschlag nach Hause geliefert.","og_url":"https:\/\/tedsandtails.de\/en\/geschenkgutscheine-teds-tails\/","og_site_name":"TED&#039;S &amp; TAILS","article_modified_time":"2023-10-30T20:51:29+00:00","twitter_card":"summary_large_image","twitter_misc":{"Est. reading time":"3 minutes"},"schema":{"@context":"https:\/\/schema.org","@graph":[{"@type":"WebPage","@id":"https:\/\/tedsandtails.de\/geschenkgutscheine-teds-tails\/","url":"https:\/\/tedsandtails.de\/geschenkgutscheine-teds-tails\/","name":"Geschenkgutscheine - TED&#039;S &amp; TAILS","isPartOf":{"@id":"https:\/\/tedsandtails.de\/#website"},"datePublished":"2023-10-29T11:57:42+00:00","dateModified":"2023-10-30T20:51:29+00:00","description":"Wenn du einen deiner besten (Hunde-)Freunde mit einem tollen Hundezubeh\u00f6r-Geschenk von TED'S & TAILS \u00fcberraschen m\u00f6chtest, dann ist ein TED'S & TAILS Geschenkgutschein die perfekte Geschenkidee! W\u00e4hle den Betrag und erhalte einen sch\u00f6nen Geschenkgutschein in einem schicken Umschlag nach Hause geliefert.","breadcrumb":{"@id":"https:\/\/tedsandtails.de\/geschenkgutscheine-teds-tails\/#breadcrumb"},"inLanguage":"en-GB","potentialAction":[{"@type":"ReadAction","target":["https:\/\/tedsandtails.de\/geschenkgutscheine-teds-tails\/"]}]},{"@type":"BreadcrumbList","@id":"https:\/\/tedsandtails.de\/geschenkgutscheine-teds-tails\/#breadcrumb","itemListElement":[{"@type":"ListItem","position":1,"name":"Startseite","item":"https:\/\/tedsandtails.de\/"},{"@type":"ListItem","position":2,"name":"Geschenkgutscheine"}]},{"@type":"WebSite","@id":"https:\/\/tedsandtails.de\/#website","url":"https:\/\/tedsandtails.de\/","name":"TED&#039;S &amp; TAILS","description":"","publisher":{"@id":"https:\/\/tedsandtails.de\/#organization"},"potentialAction":[{"@type":"SearchAction","target":{"@type":"EntryPoint","urlTemplate":"https:\/\/tedsandtails.de\/?s={search_term_string}"},"query-input":"required name=search_term_string"}],"inLanguage":"en-GB"},{"@type":"Organization","@id":"https:\/\/tedsandtails.de\/#organization","name":"TED&#039;S &amp; TAILS","url":"https:\/\/tedsandtails.de\/","logo":{"@type":"ImageObject","inLanguage":"en-GB","@id":"https:\/\/tedsandtails.de\/#\/schema\/logo\/image\/","url":"https:\/\/tedsandtails.de\/wp-content\/uploads\/2022\/09\/Teddys-5.png","contentUrl":"https:\/\/tedsandtails.de\/wp-content\/uploads\/2022\/09\/Teddys-5.png","width":1080,"height":1080,"caption":"TED&#039;S &amp; TAILS"},"image":{"@id":"https:\/\/tedsandtails.de\/#\/schema\/logo\/image\/"}}]}},"_links":{"self":[{"href":"https:\/\/tedsandtails.de\/en\/wp-json\/wp\/v2\/pages\/3255","targetHints":{"allow":["GET"]}}],"collection":[{"href":"https:\/\/tedsandtails.de\/en\/wp-json\/wp\/v2\/pages"}],"about":[{"href":"https:\/\/tedsandtails.de\/en\/wp-json\/wp\/v2\/types\/page"}],"author":[{"embeddable":true,"href":"https:\/\/tedsandtails.de\/en\/wp-json\/wp\/v2\/users\/1"}],"replies":[{"embeddable":true,"href":"https:\/\/tedsandtails.de\/en\/wp-json\/wp\/v2\/comments?post=3255"}],"version-history":[{"count":11,"href":"https:\/\/tedsandtails.de\/en\/wp-json\/wp\/v2\/pages\/3255\/revisions"}],"predecessor-version":[{"id":3339,"href":"https:\/\/tedsandtails.de\/en\/wp-json\/wp\/v2\/pages\/3255\/revisions\/3339"}],"wp:attachment":[{"href":"https:\/\/tedsandtails.de\/en\/wp-json\/wp\/v2\/media?parent=3255"}],"curies":[{"name":"wp","href":"https:\/\/api.w.org\/{rel}","templated":true}]}}