
{"id":3998,"date":"2024-03-06T11:28:37","date_gmt":"2024-03-06T10:28:37","guid":{"rendered":"https:\/\/tedsandtails.de\/?page_id=3998"},"modified":"2025-08-01T18:53:46","modified_gmt":"2025-08-01T16:53:46","slug":"beige-blossom","status":"publish","type":"page","link":"https:\/\/tedsandtails.de\/en\/beige-blossom\/","title":{"rendered":"Beige &#038; Blossom"},"content":{"rendered":"<div data-elementor-type=\"wp-page\" data-elementor-id=\"3998\" class=\"elementor elementor-3998\">\n\t\t\t\t\t\t\t\t\t<section class=\"elementor-section elementor-top-section elementor-element elementor-element-b1ec344 elementor-section-boxed elementor-section-height-default elementor-section-height-default\" data-id=\"b1ec344\" data-element_type=\"section\">\n\t\t\t\t\t\t<div class=\"elementor-container elementor-column-gap-default\">\n\t\t\t\t\t<div class=\"elementor-column elementor-col-100 elementor-top-column elementor-element elementor-element-acecacb\" data-id=\"acecacb\" data-element_type=\"column\">\n\t\t\t<div class=\"elementor-widget-wrap elementor-element-populated\">\n\t\t\t\t\t\t\t\t<div class=\"elementor-element elementor-element-e3ffa1b elementor-widget elementor-widget-html\" data-id=\"e3ffa1b\" data-element_type=\"widget\" data-widget_type=\"html.default\">\n\t\t\t\t<div class=\"elementor-widget-container\">\n\t\t\t<!--Start of Tawk.to Script-->\n<script type=\"text\/javascript\">\nvar Tawk_API=Tawk_API||{}, Tawk_LoadStart=new Date();\n(function(){\nvar s1=document.createElement(\"script\"),s0=document.getElementsByTagName(\"script\")[0];\ns1.async=true;\ns1.src='https:\/\/embed.tawk.to\/688ce9f888d9b3192aa8196b\/1j1j73t4k';\ns1.charset='UTF-8';\ns1.setAttribute('crossorigin','*');\ns0.parentNode.insertBefore(s1,s0);\n})();\n<\/script>\n<!--End of Tawk.to Script-->\t\t<\/div>\n\t\t\t\t<\/div>\n\t\t\t\t<div class=\"elementor-element elementor-element-e4b5d02 elementor-widget elementor-widget-heading\" data-id=\"e4b5d02\" data-element_type=\"widget\" data-widget_type=\"heading.default\">\n\t\t\t\t<div class=\"elementor-widget-container\">\n\t\t\t<style>\/*! elementor - v3.17.0 - 08-11-2023 *\/\n.elementor-heading-title{padding:0;margin:0;line-height:1}.elementor-widget-heading .elementor-heading-title[class*=elementor-size-]>a{color:inherit;font-size:inherit;line-height:inherit}.elementor-widget-heading .elementor-heading-title.elementor-size-small{font-size:15px}.elementor-widget-heading .elementor-heading-title.elementor-size-medium{font-size:19px}.elementor-widget-heading .elementor-heading-title.elementor-size-large{font-size:29px}.elementor-widget-heading .elementor-heading-title.elementor-size-xl{font-size:39px}.elementor-widget-heading .elementor-heading-title.elementor-size-xxl{font-size:59px}<\/style><h2 class=\"elementor-heading-title elementor-size-large\">Beige & Blossom<\/h2>\t\t<\/div>\n\t\t\t\t<\/div>\n\t\t\t\t<div class=\"elementor-element elementor-element-abf91fe elementor-widget elementor-widget-text-editor\" data-id=\"abf91fe\" data-element_type=\"widget\" data-widget_type=\"text-editor.default\">\n\t\t\t\t<div class=\"elementor-widget-container\">\n\t\t\t<style>\/*! elementor - v3.17.0 - 08-11-2023 *\/\n.elementor-widget-text-editor.elementor-drop-cap-view-stacked .elementor-drop-cap{background-color:#69727d;color:#fff}.elementor-widget-text-editor.elementor-drop-cap-view-framed .elementor-drop-cap{color:#69727d;border:3px solid;background-color:transparent}.elementor-widget-text-editor:not(.elementor-drop-cap-view-default) .elementor-drop-cap{margin-top:8px}.elementor-widget-text-editor:not(.elementor-drop-cap-view-default) .elementor-drop-cap-letter{width:1em;height:1em}.elementor-widget-text-editor .elementor-drop-cap{float:left;text-align:center;line-height:1;font-size:50px}.elementor-widget-text-editor .elementor-drop-cap-letter{display:inline-block}<\/style>\t\t\t\t<p>Are you looking for a dog harness, collar or other dog accessories? Here you'll find all the dog accessories from the Beige &amp; Blossom collection: a pretty beige\/blush embroidered collection with golden details. Take a look at the products below and put together your dog accessories set for your four-legged friend. Not sure what size your dog needs? Then take a look at our size chart.<\/p>\t\t\t\t\t\t<\/div>\n\t\t\t\t<\/div>\n\t\t\t\t<div class=\"elementor-element elementor-element-805280b product-layout-style-1 elementor-widget elementor-widget-gopet-products\" data-id=\"805280b\" data-element_type=\"widget\" data-widget_type=\"gopet-products.default\">\n\t\t\t\t<div class=\"elementor-widget-container\">\n\t\t\t<div class=\"woocommerce columns-3  columns-tablet-2 columns-mobile-1\"><div class=\"woocommerce-notices-wrapper\"><\/div><div class=\"gopet-sorting\">            <a href=\"#\" class=\"filter-toggle\" aria-expanded=\"false\">\n                <i class=\"gopet-icon-sliders-v\"><\/i><span>Filter By<\/span><\/a>\n                        <a href=\"#\" class=\"filter-toggle-dropdown\" aria-expanded=\"false\">\n                <i class=\"gopet-icon-sliders-v\"><\/i><span>Filter By<\/span><\/a>\n                    <div class=\"gridlist-toggle desktop-hide-down\">\n            <a href=\"\/en\/wp-json\/wp\/v2\/pages\/3998?layout=list\" id=\"list\" class=\"\" title=\"List View\"><i class=\"gopet-icon-list-ul\"><\/i><\/a>\n            <a href=\"\/en\/wp-json\/wp\/v2\/pages\/3998?layout=grid\" id=\"grid\" class=\"active\" title=\"Grid View\"><i class=\"gopet-icon-th-large\"><\/i><\/a>\n        <\/div>\n        <p class=\"woocommerce-result-count\">\n\tShowing all 2 results<\/p>\n<form class=\"woocommerce-ordering\" method=\"get\" action=\"\">\n\t<select name=\"orderby\" class=\"orderby\" aria-label=\"Shop order\" data-no-translation-aria-label=\"\">\n\t\t\t\t\t<option value=\"menu_order\"  selected='selected' data-no-translation=\"\" data-trp-gettext=\"\">Default sorting<\/option>\n\t\t\t\t\t<option value=\"popularity\" data-no-translation=\"\" data-trp-gettext=\"\" >Sort by popularity<\/option>\n\t\t\t\t\t<option value=\"rating\" data-no-translation=\"\" data-trp-gettext=\"\" >Sort by average rating<\/option>\n\t\t\t\t\t<option value=\"date\" data-no-translation=\"\" data-trp-gettext=\"\" >Sort by latest<\/option>\n\t\t\t\t\t<option value=\"price\" data-no-translation=\"\" data-trp-gettext=\"\" >Sort by price: low to high<\/option>\n\t\t\t\t\t<option value=\"price-desc\" data-no-translation=\"\" data-trp-gettext=\"\" >Sort by price: high to low<\/option>\n\t\t\t<\/select>\n\t<input type=\"hidden\" name=\"paged\" value=\"1\" \/>\n\t<input type=\"hidden\" name=\"trp-form-language\" value=\"en\"\/><\/form>\n<\/div>\n<ul class=\"products columns-3\">\n\n\n<li class=\"product type-product post-3913 status-publish first instock product_cat-beige-blossom product_cat-halsbaender product_tag-collar product_tag-dog-accessories product_tag-halsband product_tag-honden product_tag-hondenaccessoires product_tag-hundezubehoer has-post-thumbnail sale shipping-taxable purchasable product-type-variable has-default-attributes\">\n\t<div class=\"product-block\">        <div class=\"product-transition\">\n\t<span class=\"onsale\">-70%<\/span>\n\t<div class=\"product-image\"><img decoding=\"async\" width=\"1365\" height=\"2048\" src=\"https:\/\/tedsandtails.de\/wp-content\/uploads\/2024\/03\/SS24-58.jpg\" class=\"attachment-shop_catalog size-shop_catalog\" alt=\"\" srcset=\"https:\/\/tedsandtails.de\/wp-content\/uploads\/2024\/03\/SS24-58.jpg 1365w, https:\/\/tedsandtails.de\/wp-content\/uploads\/2024\/03\/SS24-58-200x300.jpg 200w, https:\/\/tedsandtails.de\/wp-content\/uploads\/2024\/03\/SS24-58-683x1024.jpg 683w, https:\/\/tedsandtails.de\/wp-content\/uploads\/2024\/03\/SS24-58-768x1152.jpg 768w, https:\/\/tedsandtails.de\/wp-content\/uploads\/2024\/03\/SS24-58-1024x1536.jpg 1024w, https:\/\/tedsandtails.de\/wp-content\/uploads\/2024\/03\/SS24-58-8x12.jpg 8w, https:\/\/tedsandtails.de\/wp-content\/uploads\/2024\/03\/SS24-58-1320x1980.jpg 1320w, https:\/\/tedsandtails.de\/wp-content\/uploads\/2024\/03\/SS24-58-800x1200.jpg 800w\" sizes=\"(max-width: 1365px) 100vw, 1365px\" \/><\/div>        <div class=\"group-action\">\n            <div class=\"shop-action\">\n                            <\/div>\n        <\/div>\n        <a href=\"https:\/\/tedsandtails.de\/en\/product\/halsband-beige-blossom\/\" class=\"woocommerce-LoopProduct-link woocommerce-loop-product__link\"><\/a><\/div>\n        <div class=\"product-caption\"><h3 class=\"woocommerce-loop-product__title\"><a href=\"https:\/\/tedsandtails.de\/en\/product\/halsband-beige-blossom\/\">Collar - Beige &amp; Blossom<\/a><\/h3><div class=\"product-caption-content\">\n\t<span class=\"price\"><del aria-hidden=\"true\"><span class=\"woocommerce-Price-amount amount\"><bdi>19,95&nbsp;<span class=\"woocommerce-Price-currencySymbol\">&euro;<\/span><\/bdi><\/span><\/del> <span class=\"screen-reader-text\" data-no-translation=\"\" data-trp-gettext=\"\">Original price was: 19,95&nbsp;&euro;.<\/span><ins aria-hidden=\"true\"><span class=\"woocommerce-Price-amount amount\"><bdi>6,00&nbsp;<span class=\"woocommerce-Price-currencySymbol\">&euro;<\/span><\/bdi><\/span><\/ins><span class=\"screen-reader-text\" data-no-translation=\"\" data-trp-gettext=\"\">Current price is: 6,00&nbsp;&euro;.<\/span><\/span>\n<\/div><a href=\"https:\/\/tedsandtails.de\/en\/product\/halsband-beige-blossom\/\" data-quantity=\"1\" class=\"button product_type_variable add_to_cart_button\" data-product_id=\"3913\" data-product_sku=\"SS20240010\" aria-label=\"Select options for \u201cHalsband - Beige &amp; Blossom\u201d\" aria-describedby=\"This product has multiple variants. The options may be chosen on the product page\" rel=\"nofollow\" data-no-translation=\"\" data-trp-gettext=\"\" data-no-translation-aria-label=\"\" data-no-translation-aria-describedby=\"\">Select options<\/a><\/div>\n\n\n\n\t<p class=\"wc-gzd-additional-info wc-gzd-additional-info-loop small-business-info\">No VAT statement, as small business according to \u00a719 (1) UStG.<\/p>\n\n\t<p class=\"wc-gzd-additional-info wc-gzd-additional-info-loop shipping-costs-info\">Excl. <a href=\"https:\/\/tedsandtails.de\/en\/versandarten\/\" target=\"_blank\">Delivery costs<\/a><\/p>\n\n\n<\/div><\/li>\n<li class=\"product type-product post-3900 status-publish instock product_cat-beige-blossom product_cat-hundegeschirre product_tag-dog-accessories product_tag-dogs product_tag-geschirr product_tag-harnas product_tag-harness product_tag-honden product_tag-hondenaccessoires product_tag-hondentuigje product_tag-hundeaccessoires product_tag-hundezubehoer product_tag-tuigje has-post-thumbnail sale shipping-taxable purchasable product-type-variable has-default-attributes\">\n\t<div class=\"product-block\">        <div class=\"product-transition\">\n\t<span class=\"onsale\">-70%<\/span>\n\t<div class=\"product-image\"><img decoding=\"async\" width=\"1365\" height=\"2048\" src=\"https:\/\/tedsandtails.de\/wp-content\/uploads\/2024\/03\/SS24-1-1.jpg\" class=\"attachment-shop_catalog size-shop_catalog\" alt=\"\" srcset=\"https:\/\/tedsandtails.de\/wp-content\/uploads\/2024\/03\/SS24-1-1.jpg 1365w, https:\/\/tedsandtails.de\/wp-content\/uploads\/2024\/03\/SS24-1-1-200x300.jpg 200w, https:\/\/tedsandtails.de\/wp-content\/uploads\/2024\/03\/SS24-1-1-683x1024.jpg 683w, https:\/\/tedsandtails.de\/wp-content\/uploads\/2024\/03\/SS24-1-1-768x1152.jpg 768w, https:\/\/tedsandtails.de\/wp-content\/uploads\/2024\/03\/SS24-1-1-1024x1536.jpg 1024w, https:\/\/tedsandtails.de\/wp-content\/uploads\/2024\/03\/SS24-1-1-8x12.jpg 8w, https:\/\/tedsandtails.de\/wp-content\/uploads\/2024\/03\/SS24-1-1-1320x1980.jpg 1320w, https:\/\/tedsandtails.de\/wp-content\/uploads\/2024\/03\/SS24-1-1-800x1200.jpg 800w\" sizes=\"(max-width: 1365px) 100vw, 1365px\" \/><\/div>        <div class=\"group-action\">\n            <div class=\"shop-action\">\n                            <\/div>\n        <\/div>\n        <a href=\"https:\/\/tedsandtails.de\/en\/product\/hundegeschirr-beige-blossom\/\" class=\"woocommerce-LoopProduct-link woocommerce-loop-product__link\"><\/a><\/div>\n        <div class=\"product-caption\"><h3 class=\"woocommerce-loop-product__title\"><a href=\"https:\/\/tedsandtails.de\/en\/product\/hundegeschirr-beige-blossom\/\">Dog harness - Beige &amp; Blossom<\/a><\/h3><div class=\"product-caption-content\">\n\t<span class=\"price\"><del aria-hidden=\"true\"><span class=\"woocommerce-Price-amount amount\"><bdi>32,95&nbsp;<span class=\"woocommerce-Price-currencySymbol\">&euro;<\/span><\/bdi><\/span><\/del> <span class=\"screen-reader-text\" data-no-translation=\"\" data-trp-gettext=\"\">Original price was: 32,95&nbsp;&euro;.<\/span><ins aria-hidden=\"true\"><span class=\"woocommerce-Price-amount amount\"><bdi>10,00&nbsp;<span class=\"woocommerce-Price-currencySymbol\">&euro;<\/span><\/bdi><\/span><\/ins><span class=\"screen-reader-text\" data-no-translation=\"\" data-trp-gettext=\"\">Current price is: 10,00&nbsp;&euro;.<\/span><\/span>\n<\/div><a href=\"https:\/\/tedsandtails.de\/en\/product\/hundegeschirr-beige-blossom\/\" data-quantity=\"1\" class=\"button product_type_variable add_to_cart_button\" data-product_id=\"3900\" data-product_sku=\"SS2024008\" aria-label=\"Select options for \u201cHundegeschirr - Beige &amp; Blossom\u201d\" aria-describedby=\"This product has multiple variants. The options may be chosen on the product page\" rel=\"nofollow\" data-no-translation=\"\" data-trp-gettext=\"\" data-no-translation-aria-label=\"\" data-no-translation-aria-describedby=\"\">Select options<\/a><\/div>\n\n\n\n\t<p class=\"wc-gzd-additional-info wc-gzd-additional-info-loop small-business-info\">No VAT statement, as small business according to \u00a719 (1) UStG.<\/p>\n\n\t<p class=\"wc-gzd-additional-info wc-gzd-additional-info-loop shipping-costs-info\">Excl. <a href=\"https:\/\/tedsandtails.de\/en\/versandarten\/\" target=\"_blank\">Delivery costs<\/a><\/p>\n\n\n<\/div><\/li>\n<\/ul>\n<\/div>\t\t<\/div>\n\t\t\t\t<\/div>\n\t\t\t\t\t<\/div>\n\t\t<\/div>\n\t\t\t\t\t\t\t<\/div>\n\t\t<\/section>\n\t\t\t\t\t\t\t<\/div>","protected":false},"excerpt":{"rendered":"<p>Beige &#038; Blossom Du suchst ein Hundegeschirr, ein Halsband oder anderes Hundezubeh\u00f6r? Hier findest du alle Hundezubeh\u00f6re aus der Beige &amp; Blossom Kollektion: eine h\u00fcbsche beige\/rosafarbene, bestickte Kollektion mit goldenen Details. Wirf einen Blick auf die untenstehenden Produkte und stelle dein Hundezubeh\u00f6r-Set f\u00fcr deinen vierbeinigen Freund zusammen. Du bist dir nicht sicher, welche Gr\u00f6\u00dfe dein [&hellip;]<\/p>","protected":false},"author":1,"featured_media":0,"parent":0,"menu_order":0,"comment_status":"closed","ping_status":"closed","template":"elementor_header_footer","meta":{"footnotes":""},"class_list":["post-3998","page","type-page","status-publish","hentry"],"yoast_head":"<!-- This site is optimized with the Yoast SEO plugin v20.12 - https:\/\/yoast.com\/wordpress\/plugins\/seo\/ -->\n<title>Beige &amp; Blossom - TED&#039;S &amp; TAILS<\/title>\n<meta name=\"description\" content=\"Du suchst ein Hundegeschirr, ein Halsband oder anderes Hundezubeh\u00f6r? Hier findest du alle Hundezubeh\u00f6re aus der Beige &amp; Blossom Kollektion: eine h\u00fcbsche beige\/rosafarbene, bestickte Kollektion mit goldenen Details. Wirf einen Blick auf die untenstehenden Produkte und stelle dein Hundezubeh\u00f6r-Set f\u00fcr deinen vierbeinigen Freund zusammen. Du bist dir nicht sicher, welche Gr\u00f6\u00dfe dein Hund braucht? Schaue dir dann unsere Gr\u00f6\u00dfentabelle an.\" \/>\n<meta name=\"robots\" content=\"index, follow, max-snippet:-1, max-image-preview:large, max-video-preview:-1\" \/>\n<link rel=\"canonical\" href=\"https:\/\/tedsandtails.de\/en\/beige-blossom\/\" \/>\n<meta property=\"og:locale\" content=\"en_GB\" \/>\n<meta property=\"og:type\" content=\"article\" \/>\n<meta property=\"og:title\" content=\"Beige &amp; Blossom - TED&#039;S &amp; TAILS\" \/>\n<meta property=\"og:description\" content=\"Du suchst ein Hundegeschirr, ein Halsband oder anderes Hundezubeh\u00f6r? Hier findest du alle Hundezubeh\u00f6re aus der Beige &amp; Blossom Kollektion: eine h\u00fcbsche beige\/rosafarbene, bestickte Kollektion mit goldenen Details. Wirf einen Blick auf die untenstehenden Produkte und stelle dein Hundezubeh\u00f6r-Set f\u00fcr deinen vierbeinigen Freund zusammen. Du bist dir nicht sicher, welche Gr\u00f6\u00dfe dein Hund braucht? Schaue dir dann unsere Gr\u00f6\u00dfentabelle an.\" \/>\n<meta property=\"og:url\" content=\"https:\/\/tedsandtails.de\/en\/beige-blossom\/\" \/>\n<meta property=\"og:site_name\" content=\"TED&#039;S &amp; TAILS\" \/>\n<meta property=\"article:modified_time\" content=\"2025-08-01T16:53:46+00:00\" \/>\n<meta property=\"og:image\" content=\"https:\/\/tedsandtails.de\/wp-content\/uploads\/2024\/03\/SS24-58.jpg\" \/>\n<meta name=\"twitter:card\" content=\"summary_large_image\" \/>\n<meta name=\"twitter:label1\" content=\"Est. reading time\" \/>\n\t<meta name=\"twitter:data1\" content=\"2 minutes\" \/>\n<script type=\"application\/ld+json\" class=\"yoast-schema-graph\">{\"@context\":\"https:\/\/schema.org\",\"@graph\":[{\"@type\":\"WebPage\",\"@id\":\"https:\/\/tedsandtails.de\/beige-blossom\/\",\"url\":\"https:\/\/tedsandtails.de\/beige-blossom\/\",\"name\":\"Beige & Blossom - TED&#039;S &amp; TAILS\",\"isPartOf\":{\"@id\":\"https:\/\/tedsandtails.de\/#website\"},\"datePublished\":\"2024-03-06T10:28:37+00:00\",\"dateModified\":\"2025-08-01T16:53:46+00:00\",\"description\":\"Du suchst ein Hundegeschirr, ein Halsband oder anderes Hundezubeh\u00f6r? Hier findest du alle Hundezubeh\u00f6re aus der Beige & Blossom Kollektion: eine h\u00fcbsche beige\/rosafarbene, bestickte Kollektion mit goldenen Details. Wirf einen Blick auf die untenstehenden Produkte und stelle dein Hundezubeh\u00f6r-Set f\u00fcr deinen vierbeinigen Freund zusammen. Du bist dir nicht sicher, welche Gr\u00f6\u00dfe dein Hund braucht? Schaue dir dann unsere Gr\u00f6\u00dfentabelle an.\",\"breadcrumb\":{\"@id\":\"https:\/\/tedsandtails.de\/beige-blossom\/#breadcrumb\"},\"inLanguage\":\"en-GB\",\"potentialAction\":[{\"@type\":\"ReadAction\",\"target\":[\"https:\/\/tedsandtails.de\/beige-blossom\/\"]}]},{\"@type\":\"BreadcrumbList\",\"@id\":\"https:\/\/tedsandtails.de\/beige-blossom\/#breadcrumb\",\"itemListElement\":[{\"@type\":\"ListItem\",\"position\":1,\"name\":\"Startseite\",\"item\":\"https:\/\/tedsandtails.de\/\"},{\"@type\":\"ListItem\",\"position\":2,\"name\":\"Beige &#038; Blossom\"}]},{\"@type\":\"WebSite\",\"@id\":\"https:\/\/tedsandtails.de\/#website\",\"url\":\"https:\/\/tedsandtails.de\/\",\"name\":\"TED&#039;S &amp; TAILS\",\"description\":\"\",\"publisher\":{\"@id\":\"https:\/\/tedsandtails.de\/#organization\"},\"potentialAction\":[{\"@type\":\"SearchAction\",\"target\":{\"@type\":\"EntryPoint\",\"urlTemplate\":\"https:\/\/tedsandtails.de\/?s={search_term_string}\"},\"query-input\":\"required name=search_term_string\"}],\"inLanguage\":\"en-GB\"},{\"@type\":\"Organization\",\"@id\":\"https:\/\/tedsandtails.de\/#organization\",\"name\":\"TED&#039;S &amp; TAILS\",\"url\":\"https:\/\/tedsandtails.de\/\",\"logo\":{\"@type\":\"ImageObject\",\"inLanguage\":\"en-GB\",\"@id\":\"https:\/\/tedsandtails.de\/#\/schema\/logo\/image\/\",\"url\":\"https:\/\/tedsandtails.de\/wp-content\/uploads\/2022\/09\/Teddys-5.png\",\"contentUrl\":\"https:\/\/tedsandtails.de\/wp-content\/uploads\/2022\/09\/Teddys-5.png\",\"width\":1080,\"height\":1080,\"caption\":\"TED&#039;S &amp; TAILS\"},\"image\":{\"@id\":\"https:\/\/tedsandtails.de\/#\/schema\/logo\/image\/\"}}]}<\/script>\n<!-- \/ Yoast SEO plugin. -->","yoast_head_json":{"title":"Beige & Blossom - TED&#039;S &amp; TAILS","description":"Du suchst ein Hundegeschirr, ein Halsband oder anderes Hundezubeh\u00f6r? Hier findest du alle Hundezubeh\u00f6re aus der Beige & Blossom Kollektion: eine h\u00fcbsche beige\/rosafarbene, bestickte Kollektion mit goldenen Details. Wirf einen Blick auf die untenstehenden Produkte und stelle dein Hundezubeh\u00f6r-Set f\u00fcr deinen vierbeinigen Freund zusammen. Du bist dir nicht sicher, welche Gr\u00f6\u00dfe dein Hund braucht? Schaue dir dann unsere Gr\u00f6\u00dfentabelle an.","robots":{"index":"index","follow":"follow","max-snippet":"max-snippet:-1","max-image-preview":"max-image-preview:large","max-video-preview":"max-video-preview:-1"},"canonical":"https:\/\/tedsandtails.de\/en\/beige-blossom\/","og_locale":"en_GB","og_type":"article","og_title":"Beige & Blossom - TED&#039;S &amp; TAILS","og_description":"Du suchst ein Hundegeschirr, ein Halsband oder anderes Hundezubeh\u00f6r? Hier findest du alle Hundezubeh\u00f6re aus der Beige & Blossom Kollektion: eine h\u00fcbsche beige\/rosafarbene, bestickte Kollektion mit goldenen Details. Wirf einen Blick auf die untenstehenden Produkte und stelle dein Hundezubeh\u00f6r-Set f\u00fcr deinen vierbeinigen Freund zusammen. Du bist dir nicht sicher, welche Gr\u00f6\u00dfe dein Hund braucht? Schaue dir dann unsere Gr\u00f6\u00dfentabelle an.","og_url":"https:\/\/tedsandtails.de\/en\/beige-blossom\/","og_site_name":"TED&#039;S &amp; TAILS","article_modified_time":"2025-08-01T16:53:46+00:00","og_image":[{"url":"https:\/\/tedsandtails.de\/wp-content\/uploads\/2024\/03\/SS24-58.jpg"}],"twitter_card":"summary_large_image","twitter_misc":{"Est. reading time":"2 minutes"},"schema":{"@context":"https:\/\/schema.org","@graph":[{"@type":"WebPage","@id":"https:\/\/tedsandtails.de\/beige-blossom\/","url":"https:\/\/tedsandtails.de\/beige-blossom\/","name":"Beige & Blossom - TED&#039;S &amp; TAILS","isPartOf":{"@id":"https:\/\/tedsandtails.de\/#website"},"datePublished":"2024-03-06T10:28:37+00:00","dateModified":"2025-08-01T16:53:46+00:00","description":"Du suchst ein Hundegeschirr, ein Halsband oder anderes Hundezubeh\u00f6r? Hier findest du alle Hundezubeh\u00f6re aus der Beige & Blossom Kollektion: eine h\u00fcbsche beige\/rosafarbene, bestickte Kollektion mit goldenen Details. Wirf einen Blick auf die untenstehenden Produkte und stelle dein Hundezubeh\u00f6r-Set f\u00fcr deinen vierbeinigen Freund zusammen. Du bist dir nicht sicher, welche Gr\u00f6\u00dfe dein Hund braucht? Schaue dir dann unsere Gr\u00f6\u00dfentabelle an.","breadcrumb":{"@id":"https:\/\/tedsandtails.de\/beige-blossom\/#breadcrumb"},"inLanguage":"en-GB","potentialAction":[{"@type":"ReadAction","target":["https:\/\/tedsandtails.de\/beige-blossom\/"]}]},{"@type":"BreadcrumbList","@id":"https:\/\/tedsandtails.de\/beige-blossom\/#breadcrumb","itemListElement":[{"@type":"ListItem","position":1,"name":"Startseite","item":"https:\/\/tedsandtails.de\/"},{"@type":"ListItem","position":2,"name":"Beige &#038; Blossom"}]},{"@type":"WebSite","@id":"https:\/\/tedsandtails.de\/#website","url":"https:\/\/tedsandtails.de\/","name":"TED&#039;S &amp; TAILS","description":"","publisher":{"@id":"https:\/\/tedsandtails.de\/#organization"},"potentialAction":[{"@type":"SearchAction","target":{"@type":"EntryPoint","urlTemplate":"https:\/\/tedsandtails.de\/?s={search_term_string}"},"query-input":"required name=search_term_string"}],"inLanguage":"en-GB"},{"@type":"Organization","@id":"https:\/\/tedsandtails.de\/#organization","name":"TED&#039;S &amp; TAILS","url":"https:\/\/tedsandtails.de\/","logo":{"@type":"ImageObject","inLanguage":"en-GB","@id":"https:\/\/tedsandtails.de\/#\/schema\/logo\/image\/","url":"https:\/\/tedsandtails.de\/wp-content\/uploads\/2022\/09\/Teddys-5.png","contentUrl":"https:\/\/tedsandtails.de\/wp-content\/uploads\/2022\/09\/Teddys-5.png","width":1080,"height":1080,"caption":"TED&#039;S &amp; TAILS"},"image":{"@id":"https:\/\/tedsandtails.de\/#\/schema\/logo\/image\/"}}]}},"_links":{"self":[{"href":"https:\/\/tedsandtails.de\/en\/wp-json\/wp\/v2\/pages\/3998","targetHints":{"allow":["GET"]}}],"collection":[{"href":"https:\/\/tedsandtails.de\/en\/wp-json\/wp\/v2\/pages"}],"about":[{"href":"https:\/\/tedsandtails.de\/en\/wp-json\/wp\/v2\/types\/page"}],"author":[{"embeddable":true,"href":"https:\/\/tedsandtails.de\/en\/wp-json\/wp\/v2\/users\/1"}],"replies":[{"embeddable":true,"href":"https:\/\/tedsandtails.de\/en\/wp-json\/wp\/v2\/comments?post=3998"}],"version-history":[{"count":7,"href":"https:\/\/tedsandtails.de\/en\/wp-json\/wp\/v2\/pages\/3998\/revisions"}],"predecessor-version":[{"id":7373,"href":"https:\/\/tedsandtails.de\/en\/wp-json\/wp\/v2\/pages\/3998\/revisions\/7373"}],"wp:attachment":[{"href":"https:\/\/tedsandtails.de\/en\/wp-json\/wp\/v2\/media?parent=3998"}],"curies":[{"name":"wp","href":"https:\/\/api.w.org\/{rel}","templated":true}]}}