
{"id":661,"date":"2022-09-23T11:43:05","date_gmt":"2022-09-23T09:43:05","guid":{"rendered":"https:\/\/tedsandtails.de\/?page_id=661"},"modified":"2025-01-18T11:00:36","modified_gmt":"2025-01-18T10:00:36","slug":"influencer-team-collaborations","status":"publish","type":"page","link":"https:\/\/tedsandtails.de\/en\/influencer-team-collaborations\/","title":{"rendered":"Dogfluencer Team &#038; collaborations"},"content":{"rendered":"<div data-elementor-type=\"wp-page\" data-elementor-id=\"661\" class=\"elementor elementor-661\">\n\t\t\t\t\t\t\t\t\t<section class=\"elementor-section elementor-top-section elementor-element elementor-element-96fa52a elementor-section-boxed elementor-section-height-default elementor-section-height-default\" data-id=\"96fa52a\" data-element_type=\"section\">\n\t\t\t\t\t\t<div class=\"elementor-container elementor-column-gap-default\">\n\t\t\t\t\t<div class=\"elementor-column elementor-col-100 elementor-top-column elementor-element elementor-element-4310569\" data-id=\"4310569\" data-element_type=\"column\">\n\t\t\t<div class=\"elementor-widget-wrap elementor-element-populated\">\n\t\t\t\t\t\t\t\t<div class=\"elementor-element elementor-element-3ed7623 elementor-widget elementor-widget-heading\" data-id=\"3ed7623\" data-element_type=\"widget\" data-widget_type=\"heading.default\">\n\t\t\t\t<div class=\"elementor-widget-container\">\n\t\t\t<style>\/*! elementor - v3.17.0 - 08-11-2023 *\/\n.elementor-heading-title{padding:0;margin:0;line-height:1}.elementor-widget-heading .elementor-heading-title[class*=elementor-size-]>a{color:inherit;font-size:inherit;line-height:inherit}.elementor-widget-heading .elementor-heading-title.elementor-size-small{font-size:15px}.elementor-widget-heading .elementor-heading-title.elementor-size-medium{font-size:19px}.elementor-widget-heading .elementor-heading-title.elementor-size-large{font-size:29px}.elementor-widget-heading .elementor-heading-title.elementor-size-xl{font-size:39px}.elementor-widget-heading .elementor-heading-title.elementor-size-xxl{font-size:59px}<\/style><h2 class=\"elementor-heading-title elementor-size-xl\">Dogfluencer Team &amp; Collaborations<\/h2>\t\t<\/div>\n\t\t\t\t<\/div>\n\t\t\t\t\t<\/div>\n\t\t<\/div>\n\t\t\t\t\t\t\t<\/div>\n\t\t<\/section>\n\t\t\t\t<section class=\"elementor-section elementor-top-section elementor-element elementor-element-5b58d46 elementor-section-boxed elementor-section-height-default elementor-section-height-default\" data-id=\"5b58d46\" data-element_type=\"section\">\n\t\t\t\t\t\t<div class=\"elementor-container elementor-column-gap-default\">\n\t\t\t\t\t<div class=\"elementor-column elementor-col-50 elementor-top-column elementor-element elementor-element-7a59efd\" data-id=\"7a59efd\" data-element_type=\"column\">\n\t\t\t<div class=\"elementor-widget-wrap elementor-element-populated\">\n\t\t\t\t\t\t\t\t<div class=\"elementor-element elementor-element-76d628a elementor-widget elementor-widget-text-editor\" data-id=\"76d628a\" data-element_type=\"widget\" data-widget_type=\"text-editor.default\">\n\t\t\t\t<div class=\"elementor-widget-container\">\n\t\t\t<style>\/*! elementor - v3.17.0 - 08-11-2023 *\/\n.elementor-widget-text-editor.elementor-drop-cap-view-stacked .elementor-drop-cap{background-color:#69727d;color:#fff}.elementor-widget-text-editor.elementor-drop-cap-view-framed .elementor-drop-cap{color:#69727d;border:3px solid;background-color:transparent}.elementor-widget-text-editor:not(.elementor-drop-cap-view-default) .elementor-drop-cap{margin-top:8px}.elementor-widget-text-editor:not(.elementor-drop-cap-view-default) .elementor-drop-cap-letter{width:1em;height:1em}.elementor-widget-text-editor .elementor-drop-cap{float:left;text-align:center;line-height:1;font-size:50px}.elementor-widget-text-editor .elementor-drop-cap-letter{display:inline-block}<\/style>\t\t\t\t<p>Bist du ein Dogfluencer und zeigst gerne alles rund um deinen Hund auf Instagram oder auf Tiktok? Bist du ein Fan unserer Marke und m\u00f6chtest ein Teil unseres Dogfluencer Teams werden? Ab sofort kannst du mit deinem Instagram-Account Geld verdienen, indem du unsere Produkte bewirbst!<\/p>\t\t\t\t\t\t<\/div>\n\t\t\t\t<\/div>\n\t\t\t\t<div class=\"elementor-element elementor-element-31d6d91 elementor-widget elementor-widget-text-editor\" data-id=\"31d6d91\" data-element_type=\"widget\" data-widget_type=\"text-editor.default\">\n\t\t\t\t<div class=\"elementor-widget-container\">\n\t\t\t\t\t\t\t<p>Welche Vorteile hast du als Dogfluencer?<\/p>\n<ul>\n<li>Du erh\u00e4ltst als Dogfluencer das ganze Jahr \u00fcber 30% Rabatt auf alles.<\/li>\n<li>Du erh\u00e4ltst einen Rabattcode f\u00fcr deine Follower&nbsp;<\/li>\n<li>Du erh\u00e4ltst ein passives Einkommen (10% Provisionen pro Bestellung) und kannst von jedem beliebigen Ort aus arbeiten!<\/li>\n<li>Du brauchst kein Lager und hast somit keine hohen Kosten, Risiken und ben\u00f6tigst keine R\u00e4umlichkeiten.<\/li>\n<li>Du profitierst von einer gro\u00dfen Transparenz, da du dein eigenes Dashboard hast, wo du alles sehen und verfolgen kannst.<\/li>\n<\/ul>\t\t\t\t\t\t<\/div>\n\t\t\t\t<\/div>\n\t\t\t\t<div class=\"elementor-element elementor-element-6d696d3 elementor-widget elementor-widget-text-editor\" data-id=\"6d696d3\" data-element_type=\"widget\" data-widget_type=\"text-editor.default\">\n\t\t\t\t<div class=\"elementor-widget-container\">\n\t\t\t\t\t\t\t<p>Was erwarten wir von dir?<\/p>\n<ul>\n<li>Du bist auf einem Social-Media-Account (Instagram oder Tiktok) aktiv und postest hochwertige Content<\/li>\n<li>Du folgst uns in den sozialen Medien, bist ein gro\u00dfer Fan unserer Produkte und wei\u00dft, wie du diese positiv an deine Follower weiterempfehlen kannst<\/li>\n<li>Du postest regelm\u00e4\u00dfig Content zu unseren Produkten. F\u00fcr jede Bestellung, den du bei uns zu 30% t\u00e4tigst, erwarten wir mindestens 1 Story + 1 Feedpost oder Video. Welche Art von Content und in welcher Form du Content erstellen m\u00f6chtest, bleibt dir \u00fcberlassen.&nbsp;<\/li><\/ul>\t\t\t\t\t\t<\/div>\n\t\t\t\t<\/div>\n\t\t\t\t<div class=\"elementor-element elementor-element-1802a56 elementor-widget elementor-widget-text-editor\" data-id=\"1802a56\" data-element_type=\"widget\" data-widget_type=\"text-editor.default\">\n\t\t\t\t<div class=\"elementor-widget-container\">\n\t\t\t\t\t\t\t<p>Weitere Informationen und eine vollst\u00e4ndige Erkl\u00e4rung findest du hier:<\/p>\n<p><strong><a href=\"https:\/\/tedsandtails.de\/wp-content\/uploads\/2024\/01\/Affiliate-Marketing-Programm-TEDS-TAILS.pdf\">Affiliate Marketing-Programm &#8211; TED&#8217;S &amp; TAILS<\/a><\/strong><\/p>\n<p>H\u00f6rt sich das gut an? Dann melde dich hier unten an und wir werden uns mit dir in Verbindung setzen! \ud83e\udd0d<\/p>\t\t\t\t\t\t<\/div>\n\t\t\t\t<\/div>\n\t\t\t\t<div class=\"elementor-element elementor-element-40d93ae elementor-widget elementor-widget-html\" data-id=\"40d93ae\" data-element_type=\"widget\" data-widget_type=\"html.default\">\n\t\t\t\t<div class=\"elementor-widget-container\">\n\t\t\t \r\n    \r\n    \r\n    \r\n    \r\n      \r\n      <div class=\"wcu-form-section wcu-form-section-free\">\r\n\r\n      \r\n      <p class=\"wcusage-register-form-title\" style=\"font-size: 1.2em;\"><strong>Register New Affiliate Account:<\/strong><\/p>\r\n\r\n      <link rel=\"stylesheet\" href=\"https:\/\/tedsandtails.de\/wp-content\/plugins\/woo-coupon-usage\/fonts\/font-awesome\/css\/all.min.css\" crossorigin=\"anonymous\">\r\n\r\n      \r\n        \r\n        \r\n          <!-- Form -->\r\n          <div class=\"wcu_form_style_3 wcu_form_style_columns\">\r\n          <form method=\"post\" class=\"wcu_form_affiliate_register\" enctype=\"multipart\/form-data\" action=\"\">\r\n\r\n            \r\n              <p class=\"wcu-register-field-col wcu-register-field-col-1\"><label for=\"wcu-input-first-name\">First Name:<\/label>\r\n                <input type=\"text\" id=\"wcu-input-first-name\" name=\"wcu-input-first-name\" class=\"input-text form-control\" value=\"\" style=\"max-width: 300px;\" >\r\n              <\/p>\r\n\r\n              <p class=\"wcu-register-field-col wcu-register-field-col-2\"><label for=\"wcu-input-last-name\">Last Name:<\/label>\r\n                <input type=\"text\" id=\"wcu-input-last-name\" name=\"wcu-input-last-name\" class=\"input-text form-control\" value=\"\" style=\"max-width: 300px;\" >\r\n              <\/p>\r\n\r\n                            <p class=\"wcu-register-field-col-username wcu-register-field-col-1\"><label for=\"wcu-input-username\">Username:*<\/label>\r\n                <input type=\"text\" id=\"wcu-input-username\" name=\"wcu-input-username\" class=\"input-text form-control\" value=\"\" style=\"max-width: 300px;\" required>\r\n              <\/p>\r\n              \r\n              <p class=\"wcu-register-field-col-email wcu-register-field-col-2\"><label for=\"wcu-input-email\">Email Address:*<\/label>\r\n                <input type=\"email\" id=\"wcu-input-email\" name=\"wcu-input-email\" class=\"input-text form-control\" value=\"\" style=\"max-width: 300px;\" required>\r\n              <\/p>\r\n\r\n              <p class=\"wcu-register-field-col-password\"><label for=\"wcu-input-password\">Password:*<\/label>\r\n                <input type=\"password\" id=\"wcu-input-password\" name=\"wcu-input-password\" class=\"input-text form-control\" value=\"\" style=\"max-width: 300px; display: inline-block;\" required>\r\n              <\/p>\r\n\r\n              \r\n              <div style=\"clear: both;\"><\/div>\r\n\r\n            \r\n            <!-- Preferred Code -->\r\n                                    <p class=\"wcu-register-field-col\"><label for=\"wcu-input-coupon\">Preferred Coupon Code:*<\/label>\r\n              <input type=\"text\" id=\"wcu-input-coupon\" name=\"wcu-input-coupon\" class=\"input-text form-control\" value=\"\" minlength=\"3\" style=\"max-width: 300px;\" required>\r\n            <\/p>\r\n            \r\n            \r\n                                    <!-- HP -->\r\n            <div style=\"display: none;\">\r\n              <label for=\"wcu-input-hp\">Dont put anything here..<\/label>\r\n              <input type=\"text\" id=\"wcu-input-hp\" name=\"wcu-input-hp\" class=\"input-text              form-control\" autocomplete=\"off\" value=\"\">\r\n            <\/div>\r\n            \r\n            <!-- Terms -->\r\n            \r\n            <!-- Recaptcha -->\r\n            \r\n            <!-- Turnstile -->\r\n            \r\n            <div style=\"clear: both;\"><\/div>\r\n\r\n            \r\n            <input type=\"hidden\" id=\"wcusage_submit_registration_form1\" name=\"wcusage_submit_registration_form1\" value=\"03643a19dc\" \/><input type=\"hidden\" name=\"_wp_http_referer\" value=\"\/en\/wp-json\/wp\/v2\/pages\/661\" \/>            <input type=\"hidden\" id=\"wcusage_submit_registration_form2\" name=\"wcusage_submit_registration_form2\" value=\"cf2b75b897\" \/><input type=\"hidden\" name=\"_wp_http_referer\" value=\"\/en\/wp-json\/wp\/v2\/pages\/661\" \/>\r\n            <p><input type=\"submit\" class=\"woocommerce-button button\"  id=\"wcu-register-button\" name=\"submitaffiliateapplication\" value=\"Submit Application\"><\/p>\r\n\r\n          <input type=\"hidden\" name=\"trp-form-language\" value=\"en\"\/><\/form>\r\n          <\/div>\r\n\r\n        \r\n      \r\n      <\/div>\r\n\r\n      <br\/>\r\n\r\n    \r\n    \t\t<\/div>\n\t\t\t\t<\/div>\n\t\t\t\t<div class=\"elementor-element elementor-element-b9a6df0 elementor-widget elementor-widget-text-editor\" data-id=\"b9a6df0\" data-element_type=\"widget\" data-widget_type=\"text-editor.default\">\n\t\t\t\t<div class=\"elementor-widget-container\">\n\t\t\t\t\t\t\t<p>\u00a0<\/p><p>* Wenn du dich anmeldest, erkl\u00e4rst du dich damit einverstanden, dich unabh\u00e4ngig als Kleinunternehmen anzumelden, was dir erlaubt, TED&#8217;S &amp; TAILS die Provisionszahlungen in Rechnung zu stellen. Liegt kein Nachweis der Anmeldung vor, zahlen wir die Provisionen nicht in Form eines Geldbetrages aus, sondern in Form von Gutscheinen, die du auf unserer Website einl\u00f6sen kannst.<\/p>\t\t\t\t\t\t<\/div>\n\t\t\t\t<\/div>\n\t\t\t\t\t<\/div>\n\t\t<\/div>\n\t\t\t\t<div class=\"elementor-column elementor-col-50 elementor-top-column elementor-element elementor-element-33ea716\" data-id=\"33ea716\" data-element_type=\"column\">\n\t\t\t<div class=\"elementor-widget-wrap elementor-element-populated\">\n\t\t\t\t\t\t\t\t<div class=\"elementor-element elementor-element-82f95dc elementor-widget elementor-widget-image\" data-id=\"82f95dc\" data-element_type=\"widget\" data-widget_type=\"image.default\">\n\t\t\t\t<div class=\"elementor-widget-container\">\n\t\t\t<style>\/*! elementor - v3.17.0 - 08-11-2023 *\/\n.elementor-widget-image{text-align:center}.elementor-widget-image a{display:inline-block}.elementor-widget-image a img[src$=\".svg\"]{width:48px}.elementor-widget-image img{vertical-align:middle;display:inline-block}<\/style>\t\t\t\t\t\t\t\t\t\t\t\t<img decoding=\"async\" width=\"980\" height=\"654\" src=\"https:\/\/tedsandtails.de\/wp-content\/uploads\/2023\/10\/TEDS-TAILS-1-5-1024x683.jpg\" class=\"attachment-large size-large wp-image-3119\" alt=\"\" srcset=\"https:\/\/tedsandtails.de\/wp-content\/uploads\/2023\/10\/TEDS-TAILS-1-5-1024x683.jpg 1024w, https:\/\/tedsandtails.de\/wp-content\/uploads\/2023\/10\/TEDS-TAILS-1-5-300x200.jpg 300w, https:\/\/tedsandtails.de\/wp-content\/uploads\/2023\/10\/TEDS-TAILS-1-5-768x512.jpg 768w, https:\/\/tedsandtails.de\/wp-content\/uploads\/2023\/10\/TEDS-TAILS-1-5-1536x1024.jpg 1536w, https:\/\/tedsandtails.de\/wp-content\/uploads\/2023\/10\/TEDS-TAILS-1-5-18x12.jpg 18w, https:\/\/tedsandtails.de\/wp-content\/uploads\/2023\/10\/TEDS-TAILS-1-5-1320x880.jpg 1320w, https:\/\/tedsandtails.de\/wp-content\/uploads\/2023\/10\/TEDS-TAILS-1-5-800x533.jpg 800w, https:\/\/tedsandtails.de\/wp-content\/uploads\/2023\/10\/TEDS-TAILS-1-5.jpg 2048w\" sizes=\"(max-width: 980px) 100vw, 980px\" \/>\t\t\t\t\t\t\t\t\t\t\t\t\t\t\t<\/div>\n\t\t\t\t<\/div>\n\t\t\t\t<div class=\"elementor-element elementor-element-6dc5c41 elementor-widget elementor-widget-image\" data-id=\"6dc5c41\" data-element_type=\"widget\" data-widget_type=\"image.default\">\n\t\t\t\t<div class=\"elementor-widget-container\">\n\t\t\t\t\t\t\t\t\t\t\t\t\t\t\t<img decoding=\"async\" width=\"980\" height=\"654\" src=\"https:\/\/tedsandtails.de\/wp-content\/uploads\/2023\/10\/TEDS-TAILS-1-9-1024x683.jpg\" class=\"attachment-large size-large wp-image-3135\" alt=\"\" srcset=\"https:\/\/tedsandtails.de\/wp-content\/uploads\/2023\/10\/TEDS-TAILS-1-9-1024x683.jpg 1024w, https:\/\/tedsandtails.de\/wp-content\/uploads\/2023\/10\/TEDS-TAILS-1-9-300x200.jpg 300w, https:\/\/tedsandtails.de\/wp-content\/uploads\/2023\/10\/TEDS-TAILS-1-9-768x512.jpg 768w, https:\/\/tedsandtails.de\/wp-content\/uploads\/2023\/10\/TEDS-TAILS-1-9-1536x1024.jpg 1536w, https:\/\/tedsandtails.de\/wp-content\/uploads\/2023\/10\/TEDS-TAILS-1-9-18x12.jpg 18w, https:\/\/tedsandtails.de\/wp-content\/uploads\/2023\/10\/TEDS-TAILS-1-9-1320x880.jpg 1320w, https:\/\/tedsandtails.de\/wp-content\/uploads\/2023\/10\/TEDS-TAILS-1-9-800x533.jpg 800w, https:\/\/tedsandtails.de\/wp-content\/uploads\/2023\/10\/TEDS-TAILS-1-9.jpg 2048w\" sizes=\"(max-width: 980px) 100vw, 980px\" \/>\t\t\t\t\t\t\t\t\t\t\t\t\t\t\t<\/div>\n\t\t\t\t<\/div>\n\t\t\t\t<div class=\"elementor-element elementor-element-9c02eb2 elementor-widget elementor-widget-image\" data-id=\"9c02eb2\" data-element_type=\"widget\" data-widget_type=\"image.default\">\n\t\t\t\t<div class=\"elementor-widget-container\">\n\t\t\t\t\t\t\t\t\t\t\t\t\t\t\t<img decoding=\"async\" width=\"853\" height=\"569\" src=\"https:\/\/tedsandtails.de\/wp-content\/uploads\/2022\/09\/Teds-and-Tails-6-1.jpg\" class=\"attachment-large size-large wp-image-1248\" alt=\"\" srcset=\"https:\/\/tedsandtails.de\/wp-content\/uploads\/2022\/09\/Teds-and-Tails-6-1.jpg 853w, https:\/\/tedsandtails.de\/wp-content\/uploads\/2022\/09\/Teds-and-Tails-6-1-800x534.jpg 800w\" sizes=\"(max-width: 853px) 100vw, 853px\" \/>\t\t\t\t\t\t\t\t\t\t\t\t\t\t\t<\/div>\n\t\t\t\t<\/div>\n\t\t\t\t<div class=\"elementor-element elementor-element-ad096e2 elementor-widget elementor-widget-image\" data-id=\"ad096e2\" data-element_type=\"widget\" data-widget_type=\"image.default\">\n\t\t\t\t<div class=\"elementor-widget-container\">\n\t\t\t\t\t\t\t\t\t\t\t\t\t\t\t<img decoding=\"async\" width=\"853\" height=\"569\" src=\"https:\/\/tedsandtails.de\/wp-content\/uploads\/2022\/09\/22-08_VfL-SSV-55-Kopie.jpg\" class=\"attachment-large size-large wp-image-1234\" alt=\"\" srcset=\"https:\/\/tedsandtails.de\/wp-content\/uploads\/2022\/09\/22-08_VfL-SSV-55-Kopie.jpg 853w, https:\/\/tedsandtails.de\/wp-content\/uploads\/2022\/09\/22-08_VfL-SSV-55-Kopie-800x534.jpg 800w\" sizes=\"(max-width: 853px) 100vw, 853px\" \/>\t\t\t\t\t\t\t\t\t\t\t\t\t\t\t<\/div>\n\t\t\t\t<\/div>\n\t\t\t\t<div class=\"elementor-element elementor-element-8ebbc57 elementor-widget elementor-widget-image\" data-id=\"8ebbc57\" data-element_type=\"widget\" data-widget_type=\"image.default\">\n\t\t\t\t<div class=\"elementor-widget-container\">\n\t\t\t\t\t\t\t\t\t\t\t\t\t\t\t<img decoding=\"async\" width=\"980\" height=\"654\" src=\"https:\/\/tedsandtails.de\/wp-content\/uploads\/2023\/05\/SpringSummer2023-TEDS-TAILS-Mikki-35-1024x683.jpg\" class=\"attachment-large size-large wp-image-2282\" alt=\"\" srcset=\"https:\/\/tedsandtails.de\/wp-content\/uploads\/2023\/05\/SpringSummer2023-TEDS-TAILS-Mikki-35-1024x683.jpg 1024w, https:\/\/tedsandtails.de\/wp-content\/uploads\/2023\/05\/SpringSummer2023-TEDS-TAILS-Mikki-35-300x200.jpg 300w, https:\/\/tedsandtails.de\/wp-content\/uploads\/2023\/05\/SpringSummer2023-TEDS-TAILS-Mikki-35-768x512.jpg 768w, https:\/\/tedsandtails.de\/wp-content\/uploads\/2023\/05\/SpringSummer2023-TEDS-TAILS-Mikki-35-1536x1024.jpg 1536w, https:\/\/tedsandtails.de\/wp-content\/uploads\/2023\/05\/SpringSummer2023-TEDS-TAILS-Mikki-35-18x12.jpg 18w, https:\/\/tedsandtails.de\/wp-content\/uploads\/2023\/05\/SpringSummer2023-TEDS-TAILS-Mikki-35-1320x880.jpg 1320w, https:\/\/tedsandtails.de\/wp-content\/uploads\/2023\/05\/SpringSummer2023-TEDS-TAILS-Mikki-35-800x533.jpg 800w, https:\/\/tedsandtails.de\/wp-content\/uploads\/2023\/05\/SpringSummer2023-TEDS-TAILS-Mikki-35.jpg 2048w\" sizes=\"(max-width: 980px) 100vw, 980px\" \/>\t\t\t\t\t\t\t\t\t\t\t\t\t\t\t<\/div>\n\t\t\t\t<\/div>\n\t\t\t\t\t<\/div>\n\t\t<\/div>\n\t\t\t\t\t\t\t<\/div>\n\t\t<\/section>\n\t\t\t\t\t\t\t<\/div>","protected":false},"excerpt":{"rendered":"<p>Dogfluencer Team &amp; Collaborations Bist du ein Dogfluencer und zeigst gerne alles rund um deinen Hund auf Instagram oder auf Tiktok? Bist du ein Fan unserer Marke und m\u00f6chtest ein Teil unseres Dogfluencer Teams werden? Ab sofort kannst du mit deinem Instagram-Account Geld verdienen, indem du unsere Produkte bewirbst! Welche Vorteile hast du als Dogfluencer? [&hellip;]<\/p>","protected":false},"author":1,"featured_media":0,"parent":0,"menu_order":0,"comment_status":"closed","ping_status":"closed","template":"elementor_header_footer","meta":{"footnotes":""},"class_list":["post-661","page","type-page","status-publish","hentry"],"yoast_head":"<!-- This site is optimized with the Yoast SEO plugin v20.12 - https:\/\/yoast.com\/wordpress\/plugins\/seo\/ -->\n<title>Dogfluencer Team &amp; collaborations - TED&#039;S &amp; TAILS<\/title>\n<meta name=\"robots\" content=\"index, follow, max-snippet:-1, max-image-preview:large, max-video-preview:-1\" \/>\n<link rel=\"canonical\" href=\"https:\/\/tedsandtails.de\/en\/influencer-team-collaborations\/\" \/>\n<meta property=\"og:locale\" content=\"en_GB\" \/>\n<meta property=\"og:type\" content=\"article\" \/>\n<meta property=\"og:title\" content=\"Dogfluencer Team &amp; collaborations - TED&#039;S &amp; TAILS\" \/>\n<meta property=\"og:description\" content=\"Dogfluencer Team &amp; Collaborations Bist du ein Dogfluencer und zeigst gerne alles rund um deinen Hund auf Instagram oder auf Tiktok? Bist du ein Fan unserer Marke und m\u00f6chtest ein Teil unseres Dogfluencer Teams werden? Ab sofort kannst du mit deinem Instagram-Account Geld verdienen, indem du unsere Produkte bewirbst! Welche Vorteile hast du als Dogfluencer? [&hellip;]\" \/>\n<meta property=\"og:url\" content=\"https:\/\/tedsandtails.de\/en\/influencer-team-collaborations\/\" \/>\n<meta property=\"og:site_name\" content=\"TED&#039;S &amp; TAILS\" \/>\n<meta property=\"article:modified_time\" content=\"2025-01-18T10:00:36+00:00\" \/>\n<meta property=\"og:image\" content=\"https:\/\/tedsandtails.de\/wp-content\/uploads\/2023\/10\/TEDS-TAILS-1-5-1024x683.jpg\" \/>\n<meta name=\"twitter:card\" content=\"summary_large_image\" \/>\n<meta name=\"twitter:label1\" content=\"Est. reading time\" \/>\n\t<meta name=\"twitter:data1\" content=\"3 minutes\" \/>\n<script type=\"application\/ld+json\" class=\"yoast-schema-graph\">{\"@context\":\"https:\/\/schema.org\",\"@graph\":[{\"@type\":\"WebPage\",\"@id\":\"https:\/\/tedsandtails.de\/influencer-team-collaborations\/\",\"url\":\"https:\/\/tedsandtails.de\/influencer-team-collaborations\/\",\"name\":\"Dogfluencer Team & collaborations - TED&#039;S &amp; TAILS\",\"isPartOf\":{\"@id\":\"https:\/\/tedsandtails.de\/#website\"},\"datePublished\":\"2022-09-23T09:43:05+00:00\",\"dateModified\":\"2025-01-18T10:00:36+00:00\",\"breadcrumb\":{\"@id\":\"https:\/\/tedsandtails.de\/influencer-team-collaborations\/#breadcrumb\"},\"inLanguage\":\"en-GB\",\"potentialAction\":[{\"@type\":\"ReadAction\",\"target\":[\"https:\/\/tedsandtails.de\/influencer-team-collaborations\/\"]}]},{\"@type\":\"BreadcrumbList\",\"@id\":\"https:\/\/tedsandtails.de\/influencer-team-collaborations\/#breadcrumb\",\"itemListElement\":[{\"@type\":\"ListItem\",\"position\":1,\"name\":\"Startseite\",\"item\":\"https:\/\/tedsandtails.de\/\"},{\"@type\":\"ListItem\",\"position\":2,\"name\":\"Dogfluencer Team &#038; collaborations\"}]},{\"@type\":\"WebSite\",\"@id\":\"https:\/\/tedsandtails.de\/#website\",\"url\":\"https:\/\/tedsandtails.de\/\",\"name\":\"TED&#039;S &amp; TAILS\",\"description\":\"\",\"publisher\":{\"@id\":\"https:\/\/tedsandtails.de\/#organization\"},\"potentialAction\":[{\"@type\":\"SearchAction\",\"target\":{\"@type\":\"EntryPoint\",\"urlTemplate\":\"https:\/\/tedsandtails.de\/?s={search_term_string}\"},\"query-input\":\"required name=search_term_string\"}],\"inLanguage\":\"en-GB\"},{\"@type\":\"Organization\",\"@id\":\"https:\/\/tedsandtails.de\/#organization\",\"name\":\"TED&#039;S &amp; TAILS\",\"url\":\"https:\/\/tedsandtails.de\/\",\"logo\":{\"@type\":\"ImageObject\",\"inLanguage\":\"en-GB\",\"@id\":\"https:\/\/tedsandtails.de\/#\/schema\/logo\/image\/\",\"url\":\"https:\/\/tedsandtails.de\/wp-content\/uploads\/2022\/09\/Teddys-5.png\",\"contentUrl\":\"https:\/\/tedsandtails.de\/wp-content\/uploads\/2022\/09\/Teddys-5.png\",\"width\":1080,\"height\":1080,\"caption\":\"TED&#039;S &amp; TAILS\"},\"image\":{\"@id\":\"https:\/\/tedsandtails.de\/#\/schema\/logo\/image\/\"}}]}<\/script>\n<!-- \/ Yoast SEO plugin. -->","yoast_head_json":{"title":"Dogfluencer Team & collaborations - TED&#039;S &amp; TAILS","robots":{"index":"index","follow":"follow","max-snippet":"max-snippet:-1","max-image-preview":"max-image-preview:large","max-video-preview":"max-video-preview:-1"},"canonical":"https:\/\/tedsandtails.de\/en\/influencer-team-collaborations\/","og_locale":"en_GB","og_type":"article","og_title":"Dogfluencer Team & collaborations - TED&#039;S &amp; TAILS","og_description":"Dogfluencer Team &amp; Collaborations Bist du ein Dogfluencer und zeigst gerne alles rund um deinen Hund auf Instagram oder auf Tiktok? Bist du ein Fan unserer Marke und m\u00f6chtest ein Teil unseres Dogfluencer Teams werden? Ab sofort kannst du mit deinem Instagram-Account Geld verdienen, indem du unsere Produkte bewirbst! Welche Vorteile hast du als Dogfluencer? [&hellip;]","og_url":"https:\/\/tedsandtails.de\/en\/influencer-team-collaborations\/","og_site_name":"TED&#039;S &amp; TAILS","article_modified_time":"2025-01-18T10:00:36+00:00","og_image":[{"url":"https:\/\/tedsandtails.de\/wp-content\/uploads\/2023\/10\/TEDS-TAILS-1-5-1024x683.jpg"}],"twitter_card":"summary_large_image","twitter_misc":{"Est. reading time":"3 minutes"},"schema":{"@context":"https:\/\/schema.org","@graph":[{"@type":"WebPage","@id":"https:\/\/tedsandtails.de\/influencer-team-collaborations\/","url":"https:\/\/tedsandtails.de\/influencer-team-collaborations\/","name":"Dogfluencer Team & collaborations - TED&#039;S &amp; TAILS","isPartOf":{"@id":"https:\/\/tedsandtails.de\/#website"},"datePublished":"2022-09-23T09:43:05+00:00","dateModified":"2025-01-18T10:00:36+00:00","breadcrumb":{"@id":"https:\/\/tedsandtails.de\/influencer-team-collaborations\/#breadcrumb"},"inLanguage":"en-GB","potentialAction":[{"@type":"ReadAction","target":["https:\/\/tedsandtails.de\/influencer-team-collaborations\/"]}]},{"@type":"BreadcrumbList","@id":"https:\/\/tedsandtails.de\/influencer-team-collaborations\/#breadcrumb","itemListElement":[{"@type":"ListItem","position":1,"name":"Startseite","item":"https:\/\/tedsandtails.de\/"},{"@type":"ListItem","position":2,"name":"Dogfluencer Team &#038; collaborations"}]},{"@type":"WebSite","@id":"https:\/\/tedsandtails.de\/#website","url":"https:\/\/tedsandtails.de\/","name":"TED&#039;S &amp; TAILS","description":"","publisher":{"@id":"https:\/\/tedsandtails.de\/#organization"},"potentialAction":[{"@type":"SearchAction","target":{"@type":"EntryPoint","urlTemplate":"https:\/\/tedsandtails.de\/?s={search_term_string}"},"query-input":"required name=search_term_string"}],"inLanguage":"en-GB"},{"@type":"Organization","@id":"https:\/\/tedsandtails.de\/#organization","name":"TED&#039;S &amp; TAILS","url":"https:\/\/tedsandtails.de\/","logo":{"@type":"ImageObject","inLanguage":"en-GB","@id":"https:\/\/tedsandtails.de\/#\/schema\/logo\/image\/","url":"https:\/\/tedsandtails.de\/wp-content\/uploads\/2022\/09\/Teddys-5.png","contentUrl":"https:\/\/tedsandtails.de\/wp-content\/uploads\/2022\/09\/Teddys-5.png","width":1080,"height":1080,"caption":"TED&#039;S &amp; TAILS"},"image":{"@id":"https:\/\/tedsandtails.de\/#\/schema\/logo\/image\/"}}]}},"_links":{"self":[{"href":"https:\/\/tedsandtails.de\/en\/wp-json\/wp\/v2\/pages\/661","targetHints":{"allow":["GET"]}}],"collection":[{"href":"https:\/\/tedsandtails.de\/en\/wp-json\/wp\/v2\/pages"}],"about":[{"href":"https:\/\/tedsandtails.de\/en\/wp-json\/wp\/v2\/types\/page"}],"author":[{"embeddable":true,"href":"https:\/\/tedsandtails.de\/en\/wp-json\/wp\/v2\/users\/1"}],"replies":[{"embeddable":true,"href":"https:\/\/tedsandtails.de\/en\/wp-json\/wp\/v2\/comments?post=661"}],"version-history":[{"count":69,"href":"https:\/\/tedsandtails.de\/en\/wp-json\/wp\/v2\/pages\/661\/revisions"}],"predecessor-version":[{"id":5492,"href":"https:\/\/tedsandtails.de\/en\/wp-json\/wp\/v2\/pages\/661\/revisions\/5492"}],"wp:attachment":[{"href":"https:\/\/tedsandtails.de\/en\/wp-json\/wp\/v2\/media?parent=661"}],"curies":[{"name":"wp","href":"https:\/\/api.w.org\/{rel}","templated":true}]}}