{"id":1297,"date":"2022-11-14T20:15:45","date_gmt":"2022-11-14T19:15:45","guid":{"rendered":"https:\/\/tedsandtails.de\/?post_type=product&#038;p=1297"},"modified":"2026-02-21T12:56:34","modified_gmt":"2026-02-21T11:56:34","slug":"kotbeutel-traeger","status":"publish","type":"product","link":"https:\/\/tedsandtails.de\/en\/product\/kotbeutel-traeger\/","title":{"rendered":"Poop bag carrier - Blissful beige"},"content":{"rendered":"<p>Being able to enjoy the walk with your dog without having to walk around with a full poop bag? For example, because there are no bins nearby? Then this poop bag carrier is just the thing for you!<\/p>\n<p>Simply attach the poop bag carrier to the D-ring of your leash or to your Dogmom bag. Knot the full poop bag and put it through the poop bag carrier. This way you can enjoy your walk and have your hands free.<\/p>\n<p>The poop bag carrier is made of PVC, is 6 cm big and has a nice beige colour. This makes it a perfect match with our other products!<\/p>","protected":false},"excerpt":{"rendered":"<p>Den Spaziergang mit deinem Hund genie\u00dfen k\u00f6nnen, ohne mit einem vollen Kotbeutel herumlaufen zu m\u00fcssen? Zum Beispiel, weil es keine M\u00fclleimer in der N\u00e4he gibt? Dann ist dieser Kotbeutel-Tr\u00e4ger genau das Richtige f\u00fcr dich! Befestige den Kotbeutel-Tr\u00e4ger einfach am D-Ring deiner Leine oder an deiner Dogmom-Tasche. Verknote den vollen Kotbeutel und stecke ihn durch den [&hellip;]<\/p>","protected":false},"featured_media":1455,"comment_status":"open","ping_status":"closed","template":"","meta":[],"product_cat":[129,32],"product_tag":[],"class_list":{"0":"post-1297","1":"product","2":"type-product","3":"status-publish","4":"has-post-thumbnail","6":"product_cat-kotbeutel-traeger","7":"product_cat-blissful-beige","9":"first","10":"instock","11":"shipping-taxable","12":"purchasable","13":"product-type-simple"},"yoast_head":"<!-- This site is optimized with the Yoast SEO plugin v20.12 - https:\/\/yoast.com\/wordpress\/plugins\/seo\/ -->\n<title>Kotbeutel-Tr\u00e4ger\u200b - TED&#039;S &amp; TAILS<\/title>\n<meta name=\"description\" content=\"Den Spaziergang mit deinem Hund genie\u00dfen k\u00f6nnen, ohne mit einem vollen Kotbeutel herumlaufen zu m\u00fcssen? Dann ist dieser Kotbeutel-Tr\u00e4ger genau das Richtige f\u00fcr dich!\" \/>\n<meta name=\"robots\" content=\"index, follow, max-snippet:-1, max-image-preview:large, max-video-preview:-1\" \/>\n<link rel=\"canonical\" href=\"https:\/\/tedsandtails.de\/en\/product\/kotbeutel-traeger\/\" \/>\n<meta property=\"og:locale\" content=\"en_GB\" \/>\n<meta property=\"og:type\" content=\"article\" \/>\n<meta property=\"og:title\" content=\"Kotbeutel-Tr\u00e4ger\u200b - TED&#039;S &amp; TAILS\" \/>\n<meta property=\"og:description\" content=\"Den Spaziergang mit deinem Hund genie\u00dfen k\u00f6nnen, ohne mit einem vollen Kotbeutel herumlaufen zu m\u00fcssen? Dann ist dieser Kotbeutel-Tr\u00e4ger genau das Richtige f\u00fcr dich!\" \/>\n<meta property=\"og:url\" content=\"https:\/\/tedsandtails.de\/en\/product\/kotbeutel-traeger\/\" \/>\n<meta property=\"og:site_name\" content=\"TED&#039;S &amp; TAILS\" \/>\n<meta property=\"article:modified_time\" content=\"2026-02-21T11:56:34+00:00\" \/>\n<meta property=\"og:image\" content=\"https:\/\/tedsandtails.de\/wp-content\/uploads\/2022\/11\/To-the-moon-2-2-Kopie.jpg\" \/>\n\t<meta property=\"og:image:width\" content=\"569\" \/>\n\t<meta property=\"og:image:height\" content=\"853\" \/>\n\t<meta property=\"og:image:type\" content=\"image\/jpeg\" \/>\n<meta name=\"twitter:card\" content=\"summary_large_image\" \/>\n<meta name=\"twitter:label1\" content=\"Est. reading time\" \/>\n\t<meta name=\"twitter:data1\" content=\"1 minute\" \/>\n<script type=\"application\/ld+json\" class=\"yoast-schema-graph\">{\"@context\":\"https:\/\/schema.org\",\"@graph\":[{\"@type\":\"WebPage\",\"@id\":\"https:\/\/tedsandtails.de\/produkt\/kotbeutel-traeger\/\",\"url\":\"https:\/\/tedsandtails.de\/produkt\/kotbeutel-traeger\/\",\"name\":\"Kotbeutel-Tr\u00e4ger\u200b - TED&#039;S &amp; TAILS\",\"isPartOf\":{\"@id\":\"https:\/\/tedsandtails.de\/#website\"},\"datePublished\":\"2022-11-14T19:15:45+00:00\",\"dateModified\":\"2026-02-21T11:56:34+00:00\",\"description\":\"Den Spaziergang mit deinem Hund genie\u00dfen k\u00f6nnen, ohne mit einem vollen Kotbeutel herumlaufen zu m\u00fcssen? Dann ist dieser Kotbeutel-Tr\u00e4ger genau das Richtige f\u00fcr dich!\",\"breadcrumb\":{\"@id\":\"https:\/\/tedsandtails.de\/produkt\/kotbeutel-traeger\/#breadcrumb\"},\"inLanguage\":\"en-GB\",\"potentialAction\":[{\"@type\":\"ReadAction\",\"target\":[\"https:\/\/tedsandtails.de\/produkt\/kotbeutel-traeger\/\"]}]},{\"@type\":\"BreadcrumbList\",\"@id\":\"https:\/\/tedsandtails.de\/produkt\/kotbeutel-traeger\/#breadcrumb\",\"itemListElement\":[{\"@type\":\"ListItem\",\"position\":1,\"name\":\"Startseite\",\"item\":\"https:\/\/tedsandtails.de\/\"},{\"@type\":\"ListItem\",\"position\":2,\"name\":\"Shop\",\"item\":\"https:\/\/tedsandtails.de\/shop\/\"},{\"@type\":\"ListItem\",\"position\":3,\"name\":\"Kotbeutel-Tr\u00e4ger\u200b\"}]},{\"@type\":\"WebSite\",\"@id\":\"https:\/\/tedsandtails.de\/#website\",\"url\":\"https:\/\/tedsandtails.de\/\",\"name\":\"TED&#039;S &amp; TAILS\",\"description\":\"\",\"publisher\":{\"@id\":\"https:\/\/tedsandtails.de\/#organization\"},\"potentialAction\":[{\"@type\":\"SearchAction\",\"target\":{\"@type\":\"EntryPoint\",\"urlTemplate\":\"https:\/\/tedsandtails.de\/?s={search_term_string}\"},\"query-input\":\"required name=search_term_string\"}],\"inLanguage\":\"en-GB\"},{\"@type\":\"Organization\",\"@id\":\"https:\/\/tedsandtails.de\/#organization\",\"name\":\"TED&#039;S &amp; TAILS\",\"url\":\"https:\/\/tedsandtails.de\/\",\"logo\":{\"@type\":\"ImageObject\",\"inLanguage\":\"en-GB\",\"@id\":\"https:\/\/tedsandtails.de\/#\/schema\/logo\/image\/\",\"url\":\"https:\/\/tedsandtails.de\/wp-content\/uploads\/2022\/09\/Teddys-5.png\",\"contentUrl\":\"https:\/\/tedsandtails.de\/wp-content\/uploads\/2022\/09\/Teddys-5.png\",\"width\":1080,\"height\":1080,\"caption\":\"TED&#039;S &amp; TAILS\"},\"image\":{\"@id\":\"https:\/\/tedsandtails.de\/#\/schema\/logo\/image\/\"}}]}<\/script>\n<!-- \/ Yoast SEO plugin. -->","yoast_head_json":{"title":"Kotbeutel-Tr\u00e4ger\u200b - TED&#039;S &amp; TAILS","description":"Den Spaziergang mit deinem Hund genie\u00dfen k\u00f6nnen, ohne mit einem vollen Kotbeutel herumlaufen zu m\u00fcssen? Dann ist dieser Kotbeutel-Tr\u00e4ger genau das Richtige f\u00fcr dich!","robots":{"index":"index","follow":"follow","max-snippet":"max-snippet:-1","max-image-preview":"max-image-preview:large","max-video-preview":"max-video-preview:-1"},"canonical":"https:\/\/tedsandtails.de\/en\/product\/kotbeutel-traeger\/","og_locale":"en_GB","og_type":"article","og_title":"Kotbeutel-Tr\u00e4ger\u200b - TED&#039;S &amp; TAILS","og_description":"Den Spaziergang mit deinem Hund genie\u00dfen k\u00f6nnen, ohne mit einem vollen Kotbeutel herumlaufen zu m\u00fcssen? Dann ist dieser Kotbeutel-Tr\u00e4ger genau das Richtige f\u00fcr dich!","og_url":"https:\/\/tedsandtails.de\/en\/product\/kotbeutel-traeger\/","og_site_name":"TED&#039;S &amp; TAILS","article_modified_time":"2026-02-21T11:56:34+00:00","og_image":[{"width":569,"height":853,"url":"https:\/\/tedsandtails.de\/wp-content\/uploads\/2022\/11\/To-the-moon-2-2-Kopie.jpg","type":"image\/jpeg"}],"twitter_card":"summary_large_image","twitter_misc":{"Est. reading time":"1 minute"},"schema":{"@context":"https:\/\/schema.org","@graph":[{"@type":"WebPage","@id":"https:\/\/tedsandtails.de\/produkt\/kotbeutel-traeger\/","url":"https:\/\/tedsandtails.de\/produkt\/kotbeutel-traeger\/","name":"Kotbeutel-Tr\u00e4ger\u200b - TED&#039;S &amp; TAILS","isPartOf":{"@id":"https:\/\/tedsandtails.de\/#website"},"datePublished":"2022-11-14T19:15:45+00:00","dateModified":"2026-02-21T11:56:34+00:00","description":"Den Spaziergang mit deinem Hund genie\u00dfen k\u00f6nnen, ohne mit einem vollen Kotbeutel herumlaufen zu m\u00fcssen? Dann ist dieser Kotbeutel-Tr\u00e4ger genau das Richtige f\u00fcr dich!","breadcrumb":{"@id":"https:\/\/tedsandtails.de\/produkt\/kotbeutel-traeger\/#breadcrumb"},"inLanguage":"en-GB","potentialAction":[{"@type":"ReadAction","target":["https:\/\/tedsandtails.de\/produkt\/kotbeutel-traeger\/"]}]},{"@type":"BreadcrumbList","@id":"https:\/\/tedsandtails.de\/produkt\/kotbeutel-traeger\/#breadcrumb","itemListElement":[{"@type":"ListItem","position":1,"name":"Startseite","item":"https:\/\/tedsandtails.de\/"},{"@type":"ListItem","position":2,"name":"Shop","item":"https:\/\/tedsandtails.de\/shop\/"},{"@type":"ListItem","position":3,"name":"Kotbeutel-Tr\u00e4ger\u200b"}]},{"@type":"WebSite","@id":"https:\/\/tedsandtails.de\/#website","url":"https:\/\/tedsandtails.de\/","name":"TED&#039;S &amp; TAILS","description":"","publisher":{"@id":"https:\/\/tedsandtails.de\/#organization"},"potentialAction":[{"@type":"SearchAction","target":{"@type":"EntryPoint","urlTemplate":"https:\/\/tedsandtails.de\/?s={search_term_string}"},"query-input":"required name=search_term_string"}],"inLanguage":"en-GB"},{"@type":"Organization","@id":"https:\/\/tedsandtails.de\/#organization","name":"TED&#039;S &amp; TAILS","url":"https:\/\/tedsandtails.de\/","logo":{"@type":"ImageObject","inLanguage":"en-GB","@id":"https:\/\/tedsandtails.de\/#\/schema\/logo\/image\/","url":"https:\/\/tedsandtails.de\/wp-content\/uploads\/2022\/09\/Teddys-5.png","contentUrl":"https:\/\/tedsandtails.de\/wp-content\/uploads\/2022\/09\/Teddys-5.png","width":1080,"height":1080,"caption":"TED&#039;S &amp; TAILS"},"image":{"@id":"https:\/\/tedsandtails.de\/#\/schema\/logo\/image\/"}}]}},"_links":{"self":[{"href":"https:\/\/tedsandtails.de\/en\/wp-json\/wp\/v2\/product\/1297","targetHints":{"allow":["GET"]}}],"collection":[{"href":"https:\/\/tedsandtails.de\/en\/wp-json\/wp\/v2\/product"}],"about":[{"href":"https:\/\/tedsandtails.de\/en\/wp-json\/wp\/v2\/types\/product"}],"replies":[{"embeddable":true,"href":"https:\/\/tedsandtails.de\/en\/wp-json\/wp\/v2\/comments?post=1297"}],"wp:featuredmedia":[{"embeddable":true,"href":"https:\/\/tedsandtails.de\/en\/wp-json\/wp\/v2\/media\/1455"}],"wp:attachment":[{"href":"https:\/\/tedsandtails.de\/en\/wp-json\/wp\/v2\/media?parent=1297"}],"wp:term":[{"taxonomy":"product_cat","embeddable":true,"href":"https:\/\/tedsandtails.de\/en\/wp-json\/wp\/v2\/product_cat?post=1297"},{"taxonomy":"product_tag","embeddable":true,"href":"https:\/\/tedsandtails.de\/en\/wp-json\/wp\/v2\/product_tag?post=1297"}],"curies":[{"name":"wp","href":"https:\/\/api.w.org\/{rel}","templated":true}]}}