{"id":275,"date":"2022-09-08T09:04:29","date_gmt":"2022-09-08T07:04:29","guid":{"rendered":"https:\/\/tedsandtails.de\/?post_type=product&#038;p=275"},"modified":"2026-03-03T13:16:18","modified_gmt":"2026-03-03T12:16:18","slug":"hundegeschirr-to-the-moon","status":"publish","type":"product","link":"https:\/\/tedsandtails.de\/en\/product\/hundegeschirr-to-the-moon\/","title":{"rendered":"Dog harness - To the moon"},"content":{"rendered":"<p>Are you looking for the most beautiful accessories for your dog that match the latest trends? Then this harness from the <em>To the moon<\/em> collection is just the right thing for you!<\/p>\n<p>The dog harness is made of neoprene and the nice shiny fabric polyester and has a fine breathable fabric on the inside. The buckles and rings are black and strong. The size and width of the straps, buckles and rings are matched to the size of the harness. The poop bag holder is made of neoprene and also has black details.<\/p>\n<p>Mix &amp; match with all the other products in this collection to complete the look.<\/p>\n<p>The harness is available in sizes XS to L. Wondering what size your dog is? Check out our size chart.<\/p>","protected":false},"excerpt":{"rendered":"<p>Du bist auf der Suche nach den sch\u00f6nsten Accessoires f\u00fcr deinen Hund, die den aktuellen Trends entsprechen? Dann ist dieses Geschirr aus der To the moon Kollektion genau das Richtige f\u00fcr dich! Das Hundegeschirr ist aus Neopren und dem sch\u00f6n gl\u00e4nzenden Stoff Polyester gefertigt und hat auf der Innenseite einen feinen atmungsaktiven Stoff. Die Schnallen [&hellip;]<\/p>","protected":false},"featured_media":1173,"comment_status":"open","ping_status":"closed","template":"","meta":[],"product_cat":[17,18,31],"product_tag":[41,40,39,46,55,48,36,54,53,47,50,51,37,38,49,45,44,43,42,35,52],"class_list":{"0":"post-275","1":"product","2":"type-product","3":"status-publish","4":"has-post-thumbnail","6":"product_cat-hunden","7":"product_cat-hundegeschirre","8":"product_cat-to-the-moon","9":"product_tag-blau","10":"product_tag-blauw","11":"product_tag-blue","12":"product_tag-dog-accessories","13":"product_tag-dog-harness","14":"product_tag-dogs","15":"product_tag-geschirr","16":"product_tag-harnas","17":"product_tag-harness","18":"product_tag-honden","19":"product_tag-hondenaccessoires","20":"product_tag-hondentuigje","21":"product_tag-hundegeschirr","22":"product_tag-hundegeschirre","23":"product_tag-hunden","24":"product_tag-hunden-accessoires","25":"product_tag-hundezubehoer","26":"product_tag-moon","27":"product_tag-planets","28":"product_tag-to-the-moon","29":"product_tag-tuigje","30":"product_brand-teds-tails","32":"first","33":"instock","34":"sale","35":"shipping-taxable","36":"purchasable","37":"product-type-variable"},"yoast_head":"<!-- This site is optimized with the Yoast SEO plugin v20.12 - https:\/\/yoast.com\/wordpress\/plugins\/seo\/ -->\n<title>Hundegeschirr - To the moon - TED&#039;S &amp; TAILS<\/title>\n<meta name=\"description\" content=\"Du bist auf der Suche nach den sch\u00f6nsten Accessoires f\u00fcr deinen Hund, die den aktuellen Trends entsprechen? Dann ist dieses Hundegeschirr aus der To the moon Kollektion genau das Richtige f\u00fcr dich!\" \/>\n<meta name=\"robots\" content=\"index, follow, max-snippet:-1, max-image-preview:large, max-video-preview:-1\" \/>\n<link rel=\"canonical\" href=\"https:\/\/tedsandtails.de\/en\/product\/hundegeschirr-to-the-moon\/\" \/>\n<meta property=\"og:locale\" content=\"en_GB\" \/>\n<meta property=\"og:type\" content=\"article\" \/>\n<meta property=\"og:title\" content=\"Hundegeschirr - To the moon - TED&#039;S &amp; TAILS\" \/>\n<meta property=\"og:description\" content=\"Du bist auf der Suche nach den sch\u00f6nsten Accessoires f\u00fcr deinen Hund, die den aktuellen Trends entsprechen? Dann ist dieses Hundegeschirr aus der To the moon Kollektion genau das Richtige f\u00fcr dich!\" \/>\n<meta property=\"og:url\" content=\"https:\/\/tedsandtails.de\/en\/product\/hundegeschirr-to-the-moon\/\" \/>\n<meta property=\"og:site_name\" content=\"TED&#039;S &amp; TAILS\" \/>\n<meta property=\"article:modified_time\" content=\"2026-03-03T12:16:18+00:00\" \/>\n<meta property=\"og:image\" content=\"https:\/\/tedsandtails.de\/wp-content\/uploads\/2022\/11\/TT-Herbst-Winter2022-324-Kopie.jpg\" \/>\n\t<meta property=\"og:image:width\" content=\"569\" \/>\n\t<meta property=\"og:image:height\" content=\"854\" \/>\n\t<meta property=\"og:image:type\" content=\"image\/jpeg\" \/>\n<meta name=\"twitter:card\" content=\"summary_large_image\" \/>\n<meta name=\"twitter:label1\" content=\"Est. reading time\" \/>\n\t<meta name=\"twitter:data1\" content=\"1 minute\" \/>\n<script type=\"application\/ld+json\" class=\"yoast-schema-graph\">{\"@context\":\"https:\/\/schema.org\",\"@graph\":[{\"@type\":\"WebPage\",\"@id\":\"https:\/\/tedsandtails.de\/produkt\/hundegeschirr-to-the-moon\/\",\"url\":\"https:\/\/tedsandtails.de\/produkt\/hundegeschirr-to-the-moon\/\",\"name\":\"Hundegeschirr - To the moon - TED&#039;S &amp; TAILS\",\"isPartOf\":{\"@id\":\"https:\/\/tedsandtails.de\/#website\"},\"datePublished\":\"2022-09-08T07:04:29+00:00\",\"dateModified\":\"2026-03-03T12:16:18+00:00\",\"description\":\"Du bist auf der Suche nach den sch\u00f6nsten Accessoires f\u00fcr deinen Hund, die den aktuellen Trends entsprechen? Dann ist dieses Hundegeschirr aus der To the moon Kollektion genau das Richtige f\u00fcr dich!\",\"breadcrumb\":{\"@id\":\"https:\/\/tedsandtails.de\/produkt\/hundegeschirr-to-the-moon\/#breadcrumb\"},\"inLanguage\":\"en-GB\",\"potentialAction\":[{\"@type\":\"ReadAction\",\"target\":[\"https:\/\/tedsandtails.de\/produkt\/hundegeschirr-to-the-moon\/\"]}]},{\"@type\":\"BreadcrumbList\",\"@id\":\"https:\/\/tedsandtails.de\/produkt\/hundegeschirr-to-the-moon\/#breadcrumb\",\"itemListElement\":[{\"@type\":\"ListItem\",\"position\":1,\"name\":\"Startseite\",\"item\":\"https:\/\/tedsandtails.de\/\"},{\"@type\":\"ListItem\",\"position\":2,\"name\":\"Shop\",\"item\":\"https:\/\/tedsandtails.de\/shop\/\"},{\"@type\":\"ListItem\",\"position\":3,\"name\":\"Hundegeschirr &#8211; To the moon\"}]},{\"@type\":\"WebSite\",\"@id\":\"https:\/\/tedsandtails.de\/#website\",\"url\":\"https:\/\/tedsandtails.de\/\",\"name\":\"TED&#039;S &amp; TAILS\",\"description\":\"\",\"publisher\":{\"@id\":\"https:\/\/tedsandtails.de\/#organization\"},\"potentialAction\":[{\"@type\":\"SearchAction\",\"target\":{\"@type\":\"EntryPoint\",\"urlTemplate\":\"https:\/\/tedsandtails.de\/?s={search_term_string}\"},\"query-input\":\"required name=search_term_string\"}],\"inLanguage\":\"en-GB\"},{\"@type\":\"Organization\",\"@id\":\"https:\/\/tedsandtails.de\/#organization\",\"name\":\"TED&#039;S &amp; TAILS\",\"url\":\"https:\/\/tedsandtails.de\/\",\"logo\":{\"@type\":\"ImageObject\",\"inLanguage\":\"en-GB\",\"@id\":\"https:\/\/tedsandtails.de\/#\/schema\/logo\/image\/\",\"url\":\"https:\/\/tedsandtails.de\/wp-content\/uploads\/2022\/09\/Teddys-5.png\",\"contentUrl\":\"https:\/\/tedsandtails.de\/wp-content\/uploads\/2022\/09\/Teddys-5.png\",\"width\":1080,\"height\":1080,\"caption\":\"TED&#039;S &amp; TAILS\"},\"image\":{\"@id\":\"https:\/\/tedsandtails.de\/#\/schema\/logo\/image\/\"}}]}<\/script>\n<!-- \/ Yoast SEO plugin. -->","yoast_head_json":{"title":"Hundegeschirr - To the moon - TED&#039;S &amp; TAILS","description":"Du bist auf der Suche nach den sch\u00f6nsten Accessoires f\u00fcr deinen Hund, die den aktuellen Trends entsprechen? Dann ist dieses Hundegeschirr aus der To the moon Kollektion genau das Richtige f\u00fcr dich!","robots":{"index":"index","follow":"follow","max-snippet":"max-snippet:-1","max-image-preview":"max-image-preview:large","max-video-preview":"max-video-preview:-1"},"canonical":"https:\/\/tedsandtails.de\/en\/product\/hundegeschirr-to-the-moon\/","og_locale":"en_GB","og_type":"article","og_title":"Hundegeschirr - To the moon - TED&#039;S &amp; TAILS","og_description":"Du bist auf der Suche nach den sch\u00f6nsten Accessoires f\u00fcr deinen Hund, die den aktuellen Trends entsprechen? Dann ist dieses Hundegeschirr aus der To the moon Kollektion genau das Richtige f\u00fcr dich!","og_url":"https:\/\/tedsandtails.de\/en\/product\/hundegeschirr-to-the-moon\/","og_site_name":"TED&#039;S &amp; TAILS","article_modified_time":"2026-03-03T12:16:18+00:00","og_image":[{"width":569,"height":854,"url":"https:\/\/tedsandtails.de\/wp-content\/uploads\/2022\/11\/TT-Herbst-Winter2022-324-Kopie.jpg","type":"image\/jpeg"}],"twitter_card":"summary_large_image","twitter_misc":{"Est. reading time":"1 minute"},"schema":{"@context":"https:\/\/schema.org","@graph":[{"@type":"WebPage","@id":"https:\/\/tedsandtails.de\/produkt\/hundegeschirr-to-the-moon\/","url":"https:\/\/tedsandtails.de\/produkt\/hundegeschirr-to-the-moon\/","name":"Hundegeschirr - To the moon - TED&#039;S &amp; TAILS","isPartOf":{"@id":"https:\/\/tedsandtails.de\/#website"},"datePublished":"2022-09-08T07:04:29+00:00","dateModified":"2026-03-03T12:16:18+00:00","description":"Du bist auf der Suche nach den sch\u00f6nsten Accessoires f\u00fcr deinen Hund, die den aktuellen Trends entsprechen? Dann ist dieses Hundegeschirr aus der To the moon Kollektion genau das Richtige f\u00fcr dich!","breadcrumb":{"@id":"https:\/\/tedsandtails.de\/produkt\/hundegeschirr-to-the-moon\/#breadcrumb"},"inLanguage":"en-GB","potentialAction":[{"@type":"ReadAction","target":["https:\/\/tedsandtails.de\/produkt\/hundegeschirr-to-the-moon\/"]}]},{"@type":"BreadcrumbList","@id":"https:\/\/tedsandtails.de\/produkt\/hundegeschirr-to-the-moon\/#breadcrumb","itemListElement":[{"@type":"ListItem","position":1,"name":"Startseite","item":"https:\/\/tedsandtails.de\/"},{"@type":"ListItem","position":2,"name":"Shop","item":"https:\/\/tedsandtails.de\/shop\/"},{"@type":"ListItem","position":3,"name":"Hundegeschirr &#8211; To the moon"}]},{"@type":"WebSite","@id":"https:\/\/tedsandtails.de\/#website","url":"https:\/\/tedsandtails.de\/","name":"TED&#039;S &amp; TAILS","description":"","publisher":{"@id":"https:\/\/tedsandtails.de\/#organization"},"potentialAction":[{"@type":"SearchAction","target":{"@type":"EntryPoint","urlTemplate":"https:\/\/tedsandtails.de\/?s={search_term_string}"},"query-input":"required name=search_term_string"}],"inLanguage":"en-GB"},{"@type":"Organization","@id":"https:\/\/tedsandtails.de\/#organization","name":"TED&#039;S &amp; TAILS","url":"https:\/\/tedsandtails.de\/","logo":{"@type":"ImageObject","inLanguage":"en-GB","@id":"https:\/\/tedsandtails.de\/#\/schema\/logo\/image\/","url":"https:\/\/tedsandtails.de\/wp-content\/uploads\/2022\/09\/Teddys-5.png","contentUrl":"https:\/\/tedsandtails.de\/wp-content\/uploads\/2022\/09\/Teddys-5.png","width":1080,"height":1080,"caption":"TED&#039;S &amp; TAILS"},"image":{"@id":"https:\/\/tedsandtails.de\/#\/schema\/logo\/image\/"}}]}},"_links":{"self":[{"href":"https:\/\/tedsandtails.de\/en\/wp-json\/wp\/v2\/product\/275","targetHints":{"allow":["GET"]}}],"collection":[{"href":"https:\/\/tedsandtails.de\/en\/wp-json\/wp\/v2\/product"}],"about":[{"href":"https:\/\/tedsandtails.de\/en\/wp-json\/wp\/v2\/types\/product"}],"replies":[{"embeddable":true,"href":"https:\/\/tedsandtails.de\/en\/wp-json\/wp\/v2\/comments?post=275"}],"wp:featuredmedia":[{"embeddable":true,"href":"https:\/\/tedsandtails.de\/en\/wp-json\/wp\/v2\/media\/1173"}],"wp:attachment":[{"href":"https:\/\/tedsandtails.de\/en\/wp-json\/wp\/v2\/media?parent=275"}],"wp:term":[{"taxonomy":"product_cat","embeddable":true,"href":"https:\/\/tedsandtails.de\/en\/wp-json\/wp\/v2\/product_cat?post=275"},{"taxonomy":"product_tag","embeddable":true,"href":"https:\/\/tedsandtails.de\/en\/wp-json\/wp\/v2\/product_tag?post=275"}],"curies":[{"name":"wp","href":"https:\/\/api.w.org\/{rel}","templated":true}]}}