{"id":2807,"date":"2023-09-06T12:22:20","date_gmt":"2023-09-06T10:22:20","guid":{"rendered":"https:\/\/tedsandtails.de\/?post_type=product&#038;p=2807"},"modified":"2026-04-28T14:40:30","modified_gmt":"2026-04-28T12:40:30","slug":"set-halsband-leine-burgundy-berries","status":"publish","type":"product","link":"https:\/\/tedsandtails.de\/en\/product\/set-halsband-leine-burgundy-berries\/","title":{"rendered":"Collar &amp; Leash Set - Burgundy Berries"},"content":{"rendered":"<p>Are you looking for the most beautiful accessories for your dog that are in line with the latest trends? Then this set from the Burgundy Berries collection is just the thing for you!<\/p>\n<p>In the set you get a collar and a matching dog leash from the <em>Burgundy Berries<\/em> Collection.\u00a0Mix &amp; match with all the other products in this collection to complete the look.<\/p>\n<p>The collar and dog leash are made of corduroy. The collar and dog lead have strong golden fasteners and metal rings. The thickness and size of the collar and dog lead, the fasteners and the rings are adapted to the size of the collar.<\/p>\n<p>Das Halsband ist in den Gr\u00f6\u00dfen XS bis XL erh\u00e4ltlich. Das Set wird mit einer Hundeleine in Gr\u00f6\u00dfe M geliefert. Du kannst eine normale Hundeleine (150cm x 2cm) oder eine Handsfree-Leine w\u00e4hlen. Eine Handsfree-Leine (200cm x 2cm) kann wie eine normale Leine verwendet werden, kann aber auch crossbody getragen werden, sodass du die H\u00e4nde frei hast.<\/p>\n<p>Wondering what size your dog needs? Check out our size chart.<\/p>\n<p>&nbsp;<\/p>\n<p>&nbsp;<\/p>","protected":false},"excerpt":{"rendered":"<p>Du bist auf der Suche nach den sch\u00f6nsten Accessoires f\u00fcr deinen Hund, die den aktuellen Trends entsprechen? Dann ist dieses Set aus der Burgundy Berries Kollektion genau das Richtige f\u00fcr dich! In dem Set erh\u00e4ltst du ein\u00a0Halsband und eine passende Hundeleine aus der Burgundy Berries Kollektion.\u00a0Mix &amp; Match mit allen anderen Produkten dieser Kollektion, um [&hellip;]<\/p>","protected":false},"featured_media":3071,"comment_status":"open","ping_status":"closed","template":"","meta":[],"product_cat":[20,167],"product_tag":[154,157,62,143,144,46,85,48,61,47,50,63,49,45,44,64,86,156,155,84],"class_list":{"0":"post-2807","1":"product","2":"type-product","3":"status-publish","4":"has-post-thumbnail","6":"product_cat-sets","7":"product_cat-burgundy-berries","8":"product_tag-bordeaux","9":"product_tag-burgundy-berries","10":"product_tag-collar","11":"product_tag-cord","12":"product_tag-corduroy","13":"product_tag-dog-accessories","14":"product_tag-dog-set","15":"product_tag-dogs","16":"product_tag-halsband","17":"product_tag-honden","18":"product_tag-hondenaccessoires","19":"product_tag-hundeleine","20":"product_tag-hunden","21":"product_tag-hunden-accessoires","22":"product_tag-hundezubehoer","23":"product_tag-leash","24":"product_tag-leine","25":"product_tag-lila","26":"product_tag-rot","27":"product_tag-set","29":"first","30":"instock","31":"shipping-taxable","32":"purchasable","33":"product-type-variable","34":"has-default-attributes"},"yoast_head":"<!-- This site is optimized with the Yoast SEO plugin v20.12 - https:\/\/yoast.com\/wordpress\/plugins\/seo\/ -->\n<title>Set Halsband &amp; Leine - Burgundy Berries - TED&#039;S &amp; TAILS<\/title>\n<meta name=\"description\" content=\"In dem Set erh\u00e4ltst du ein\u00a0Halsband und eine passende Hundeleine aus der Burgundy Berries Kollektion.\u00a0Mix &amp; Match mit allen anderen Produkten.\" \/>\n<meta name=\"robots\" content=\"index, follow, max-snippet:-1, max-image-preview:large, max-video-preview:-1\" \/>\n<link rel=\"canonical\" href=\"https:\/\/tedsandtails.de\/en\/product\/set-halsband-leine-burgundy-berries\/\" \/>\n<meta property=\"og:locale\" content=\"en_GB\" \/>\n<meta property=\"og:type\" content=\"article\" \/>\n<meta property=\"og:title\" content=\"Set Halsband &amp; Leine - Burgundy Berries - TED&#039;S &amp; TAILS\" \/>\n<meta property=\"og:description\" content=\"In dem Set erh\u00e4ltst du ein\u00a0Halsband und eine passende Hundeleine aus der Burgundy Berries Kollektion.\u00a0Mix &amp; Match mit allen anderen Produkten.\" \/>\n<meta property=\"og:url\" content=\"https:\/\/tedsandtails.de\/en\/product\/set-halsband-leine-burgundy-berries\/\" \/>\n<meta property=\"og:site_name\" content=\"TED&#039;S &amp; TAILS\" \/>\n<meta property=\"article:modified_time\" content=\"2026-04-28T12:40:30+00:00\" \/>\n<meta property=\"og:image\" content=\"https:\/\/tedsandtails.de\/wp-content\/uploads\/2023\/09\/AW2023-88.jpg\" \/>\n\t<meta property=\"og:image:width\" content=\"1365\" \/>\n\t<meta property=\"og:image:height\" content=\"2048\" \/>\n\t<meta property=\"og:image:type\" content=\"image\/jpeg\" \/>\n<meta name=\"twitter:card\" content=\"summary_large_image\" \/>\n<meta name=\"twitter:label1\" content=\"Est. reading time\" \/>\n\t<meta name=\"twitter:data1\" content=\"2 minutes\" \/>\n<script type=\"application\/ld+json\" class=\"yoast-schema-graph\">{\"@context\":\"https:\/\/schema.org\",\"@graph\":[{\"@type\":\"WebPage\",\"@id\":\"https:\/\/tedsandtails.de\/produkt\/set-halsband-leine-burgundy-berries\/\",\"url\":\"https:\/\/tedsandtails.de\/produkt\/set-halsband-leine-burgundy-berries\/\",\"name\":\"Set Halsband &amp; Leine - Burgundy Berries - TED&#039;S &amp; TAILS\",\"isPartOf\":{\"@id\":\"https:\/\/tedsandtails.de\/#website\"},\"datePublished\":\"2023-09-06T10:22:20+00:00\",\"dateModified\":\"2026-04-28T12:40:30+00:00\",\"description\":\"In dem Set erh\u00e4ltst du ein\u00a0Halsband und eine passende Hundeleine aus der Burgundy Berries Kollektion.\u00a0Mix & Match mit allen anderen Produkten.\",\"breadcrumb\":{\"@id\":\"https:\/\/tedsandtails.de\/produkt\/set-halsband-leine-burgundy-berries\/#breadcrumb\"},\"inLanguage\":\"en-GB\",\"potentialAction\":[{\"@type\":\"ReadAction\",\"target\":[\"https:\/\/tedsandtails.de\/produkt\/set-halsband-leine-burgundy-berries\/\"]}]},{\"@type\":\"BreadcrumbList\",\"@id\":\"https:\/\/tedsandtails.de\/produkt\/set-halsband-leine-burgundy-berries\/#breadcrumb\",\"itemListElement\":[{\"@type\":\"ListItem\",\"position\":1,\"name\":\"Startseite\",\"item\":\"https:\/\/tedsandtails.de\/\"},{\"@type\":\"ListItem\",\"position\":2,\"name\":\"Shop\",\"item\":\"https:\/\/tedsandtails.de\/shop\/\"},{\"@type\":\"ListItem\",\"position\":3,\"name\":\"Set Halsband &amp; Leine &#8211; Burgundy Berries\"}]},{\"@type\":\"WebSite\",\"@id\":\"https:\/\/tedsandtails.de\/#website\",\"url\":\"https:\/\/tedsandtails.de\/\",\"name\":\"TED&#039;S &amp; TAILS\",\"description\":\"\",\"publisher\":{\"@id\":\"https:\/\/tedsandtails.de\/#organization\"},\"potentialAction\":[{\"@type\":\"SearchAction\",\"target\":{\"@type\":\"EntryPoint\",\"urlTemplate\":\"https:\/\/tedsandtails.de\/?s={search_term_string}\"},\"query-input\":\"required name=search_term_string\"}],\"inLanguage\":\"en-GB\"},{\"@type\":\"Organization\",\"@id\":\"https:\/\/tedsandtails.de\/#organization\",\"name\":\"TED&#039;S &amp; TAILS\",\"url\":\"https:\/\/tedsandtails.de\/\",\"logo\":{\"@type\":\"ImageObject\",\"inLanguage\":\"en-GB\",\"@id\":\"https:\/\/tedsandtails.de\/#\/schema\/logo\/image\/\",\"url\":\"https:\/\/tedsandtails.de\/wp-content\/uploads\/2022\/09\/Teddys-5.png\",\"contentUrl\":\"https:\/\/tedsandtails.de\/wp-content\/uploads\/2022\/09\/Teddys-5.png\",\"width\":1080,\"height\":1080,\"caption\":\"TED&#039;S &amp; TAILS\"},\"image\":{\"@id\":\"https:\/\/tedsandtails.de\/#\/schema\/logo\/image\/\"}}]}<\/script>\n<!-- \/ Yoast SEO plugin. -->","yoast_head_json":{"title":"Set Halsband &amp; Leine - Burgundy Berries - TED&#039;S &amp; TAILS","description":"In dem Set erh\u00e4ltst du ein\u00a0Halsband und eine passende Hundeleine aus der Burgundy Berries Kollektion.\u00a0Mix & Match mit allen anderen Produkten.","robots":{"index":"index","follow":"follow","max-snippet":"max-snippet:-1","max-image-preview":"max-image-preview:large","max-video-preview":"max-video-preview:-1"},"canonical":"https:\/\/tedsandtails.de\/en\/product\/set-halsband-leine-burgundy-berries\/","og_locale":"en_GB","og_type":"article","og_title":"Set Halsband &amp; Leine - Burgundy Berries - TED&#039;S &amp; TAILS","og_description":"In dem Set erh\u00e4ltst du ein\u00a0Halsband und eine passende Hundeleine aus der Burgundy Berries Kollektion.\u00a0Mix & Match mit allen anderen Produkten.","og_url":"https:\/\/tedsandtails.de\/en\/product\/set-halsband-leine-burgundy-berries\/","og_site_name":"TED&#039;S &amp; TAILS","article_modified_time":"2026-04-28T12:40:30+00:00","og_image":[{"width":1365,"height":2048,"url":"https:\/\/tedsandtails.de\/wp-content\/uploads\/2023\/09\/AW2023-88.jpg","type":"image\/jpeg"}],"twitter_card":"summary_large_image","twitter_misc":{"Est. reading time":"2 minutes"},"schema":{"@context":"https:\/\/schema.org","@graph":[{"@type":"WebPage","@id":"https:\/\/tedsandtails.de\/produkt\/set-halsband-leine-burgundy-berries\/","url":"https:\/\/tedsandtails.de\/produkt\/set-halsband-leine-burgundy-berries\/","name":"Set Halsband &amp; Leine - Burgundy Berries - TED&#039;S &amp; TAILS","isPartOf":{"@id":"https:\/\/tedsandtails.de\/#website"},"datePublished":"2023-09-06T10:22:20+00:00","dateModified":"2026-04-28T12:40:30+00:00","description":"In dem Set erh\u00e4ltst du ein\u00a0Halsband und eine passende Hundeleine aus der Burgundy Berries Kollektion.\u00a0Mix & Match mit allen anderen Produkten.","breadcrumb":{"@id":"https:\/\/tedsandtails.de\/produkt\/set-halsband-leine-burgundy-berries\/#breadcrumb"},"inLanguage":"en-GB","potentialAction":[{"@type":"ReadAction","target":["https:\/\/tedsandtails.de\/produkt\/set-halsband-leine-burgundy-berries\/"]}]},{"@type":"BreadcrumbList","@id":"https:\/\/tedsandtails.de\/produkt\/set-halsband-leine-burgundy-berries\/#breadcrumb","itemListElement":[{"@type":"ListItem","position":1,"name":"Startseite","item":"https:\/\/tedsandtails.de\/"},{"@type":"ListItem","position":2,"name":"Shop","item":"https:\/\/tedsandtails.de\/shop\/"},{"@type":"ListItem","position":3,"name":"Set Halsband &amp; Leine &#8211; Burgundy Berries"}]},{"@type":"WebSite","@id":"https:\/\/tedsandtails.de\/#website","url":"https:\/\/tedsandtails.de\/","name":"TED&#039;S &amp; TAILS","description":"","publisher":{"@id":"https:\/\/tedsandtails.de\/#organization"},"potentialAction":[{"@type":"SearchAction","target":{"@type":"EntryPoint","urlTemplate":"https:\/\/tedsandtails.de\/?s={search_term_string}"},"query-input":"required name=search_term_string"}],"inLanguage":"en-GB"},{"@type":"Organization","@id":"https:\/\/tedsandtails.de\/#organization","name":"TED&#039;S &amp; TAILS","url":"https:\/\/tedsandtails.de\/","logo":{"@type":"ImageObject","inLanguage":"en-GB","@id":"https:\/\/tedsandtails.de\/#\/schema\/logo\/image\/","url":"https:\/\/tedsandtails.de\/wp-content\/uploads\/2022\/09\/Teddys-5.png","contentUrl":"https:\/\/tedsandtails.de\/wp-content\/uploads\/2022\/09\/Teddys-5.png","width":1080,"height":1080,"caption":"TED&#039;S &amp; TAILS"},"image":{"@id":"https:\/\/tedsandtails.de\/#\/schema\/logo\/image\/"}}]}},"_links":{"self":[{"href":"https:\/\/tedsandtails.de\/en\/wp-json\/wp\/v2\/product\/2807","targetHints":{"allow":["GET"]}}],"collection":[{"href":"https:\/\/tedsandtails.de\/en\/wp-json\/wp\/v2\/product"}],"about":[{"href":"https:\/\/tedsandtails.de\/en\/wp-json\/wp\/v2\/types\/product"}],"replies":[{"embeddable":true,"href":"https:\/\/tedsandtails.de\/en\/wp-json\/wp\/v2\/comments?post=2807"}],"wp:featuredmedia":[{"embeddable":true,"href":"https:\/\/tedsandtails.de\/en\/wp-json\/wp\/v2\/media\/3071"}],"wp:attachment":[{"href":"https:\/\/tedsandtails.de\/en\/wp-json\/wp\/v2\/media?parent=2807"}],"wp:term":[{"taxonomy":"product_cat","embeddable":true,"href":"https:\/\/tedsandtails.de\/en\/wp-json\/wp\/v2\/product_cat?post=2807"},{"taxonomy":"product_tag","embeddable":true,"href":"https:\/\/tedsandtails.de\/en\/wp-json\/wp\/v2\/product_tag?post=2807"}],"curies":[{"name":"wp","href":"https:\/\/api.w.org\/{rel}","templated":true}]}}