{"id":2843,"date":"2023-09-06T13:42:51","date_gmt":"2023-09-06T11:42:51","guid":{"rendered":"https:\/\/tedsandtails.de\/?post_type=product&#038;p=2843"},"modified":"2025-08-11T20:04:12","modified_gmt":"2025-08-11T18:04:12","slug":"dogmom-tasche-magical-moss","status":"publish","type":"product","link":"https:\/\/tedsandtails.de\/en\/product\/dogmom-tasche-magical-moss\/","title":{"rendered":"Dogmom bag - Magical Moss"},"content":{"rendered":"<p data-start=\"825\" data-end=\"901\"><strong data-start=\"825\" data-end=\"901\">Dogmom-Tasche Magical Moss \u2013 Praktisch, stylisch &amp; perfekt f\u00fcr unterwegs<\/strong><\/p>\n<p data-start=\"903\" data-end=\"1068\">Nervt es dich auch, dass deine Jacke und Hosentaschen st\u00e4ndig voll mit Hundeleckerlis sind? Und wohin nur mit den Kotbeuteln? Wir haben die perfekte L\u00f6sung f\u00fcr dich! Unsere Dogmom-Tasche aus der Magical Moss Kollektion ist aus hochwertigem, gr\u00fcnem Cordstoff gefertigt und \u00fcberzeugt durch funktionales Design mit verschiedenen F\u00e4chern. Ein separates Fach f\u00fcr Kotbeutel sorgt f\u00fcr Ordnung, w\u00e4hrend weitere Taschen ausreichend Platz f\u00fcr Hundeleckerlis, Handy, Portemonnaie und andere Essentials bieten.<\/p>\n<p data-start=\"1416\" data-end=\"1577\">Die Tasche ist mit schwarzen, metallischen Schnallen und Clips ausgestattet und l\u00e4sst sich ideal mit weiteren Produkten aus unseren Kollektionen kombinieren.<\/p>\n<p data-start=\"1579\" data-end=\"1641\">Ma\u00dfe: 20 cm x 17 cm x 6 cm \u2013 kompakt und dennoch ger\u00e4umig.<\/p>\n<p data-start=\"1643\" data-end=\"1742\">Mix &amp; Match: Perfekt abgestimmt auf die Magical Moss Kollektion f\u00fcr einen harmonischen Look.<\/p>","protected":false},"excerpt":{"rendered":"<p>Dogmom-Tasche Magical Moss \u2013 Praktisch, stylisch &amp; perfekt f\u00fcr unterwegs Nervt es dich auch, dass deine Jacke und Hosentaschen st\u00e4ndig voll mit Hundeleckerlis sind? Und wohin nur mit den Kotbeuteln? Wir haben die perfekte L\u00f6sung f\u00fcr dich! Unsere Dogmom-Tasche aus der Magical Moss Kollektion ist aus hochwertigem, gr\u00fcnem Cordstoff gefertigt und \u00fcberzeugt durch funktionales Design [&hellip;]<\/p>","protected":false},"featured_media":3061,"comment_status":"open","ping_status":"closed","template":"","meta":[],"product_cat":[28,170],"product_tag":[143,137,163,134,140,138,136,135,139,164,165],"class_list":{"0":"post-2843","1":"product","2":"type-product","3":"status-publish","4":"has-post-thumbnail","6":"product_cat-dogmom-tasche","7":"product_cat-magical-moss","8":"product_tag-cord","9":"product_tag-futtertasche-hund","10":"product_tag-gruen","11":"product_tag-hundeleckerli-tasche","12":"product_tag-hundetasche","13":"product_tag-hundetasche-fuer-leckerlis","14":"product_tag-leckerlibeutel","15":"product_tag-leckerlibeutel-hund","16":"product_tag-leckerlibeutel-umhaengen","17":"product_tag-magical-moss","18":"product_tag-moss","20":"first","21":"instock","22":"shipping-taxable","23":"purchasable","24":"product-type-simple"},"yoast_head":"<!-- This site is optimized with the Yoast SEO plugin v20.12 - https:\/\/yoast.com\/wordpress\/plugins\/seo\/ -->\n<title>Dogmom-Tasche Magical Moss \u2013 Kotbeutel &amp; Leckerli-F\u00e4cher<\/title>\n<meta name=\"description\" content=\"Praktische Dogmom-Tasche aus gr\u00fcnem Cord mit extra Fach f\u00fcr Kotbeutel, Leckerlis und viel Stauraum f\u00fcr Handy &amp; Portemonnaie. Ma\u00dfe: 20x17x6 cm\" \/>\n<meta name=\"robots\" content=\"index, follow, max-snippet:-1, max-image-preview:large, max-video-preview:-1\" \/>\n<link rel=\"canonical\" href=\"https:\/\/tedsandtails.de\/en\/product\/dogmom-tasche-magical-moss\/\" \/>\n<meta property=\"og:locale\" content=\"en_GB\" \/>\n<meta property=\"og:type\" content=\"article\" \/>\n<meta property=\"og:title\" content=\"Dogmom-Tasche Magical Moss \u2013 Kotbeutel &amp; Leckerli-F\u00e4cher\" \/>\n<meta property=\"og:description\" content=\"Praktische Dogmom-Tasche aus gr\u00fcnem Cord mit extra Fach f\u00fcr Kotbeutel, Leckerlis und viel Stauraum f\u00fcr Handy &amp; Portemonnaie. Ma\u00dfe: 20x17x6 cm\" \/>\n<meta property=\"og:url\" content=\"https:\/\/tedsandtails.de\/en\/product\/dogmom-tasche-magical-moss\/\" \/>\n<meta property=\"og:site_name\" content=\"TED&#039;S &amp; TAILS\" \/>\n<meta property=\"article:modified_time\" content=\"2025-08-11T18:04:12+00:00\" \/>\n<meta property=\"og:image\" content=\"https:\/\/tedsandtails.de\/wp-content\/uploads\/2023\/09\/AW2023-21.jpg\" \/>\n\t<meta property=\"og:image:width\" content=\"1365\" \/>\n\t<meta property=\"og:image:height\" content=\"2048\" \/>\n\t<meta property=\"og:image:type\" content=\"image\/jpeg\" \/>\n<meta name=\"twitter:card\" content=\"summary_large_image\" \/>\n<meta name=\"twitter:label1\" content=\"Est. reading time\" \/>\n\t<meta name=\"twitter:data1\" content=\"1 minute\" \/>\n<script type=\"application\/ld+json\" class=\"yoast-schema-graph\">{\"@context\":\"https:\/\/schema.org\",\"@graph\":[{\"@type\":\"WebPage\",\"@id\":\"https:\/\/tedsandtails.de\/produkt\/dogmom-tasche-magical-moss\/\",\"url\":\"https:\/\/tedsandtails.de\/produkt\/dogmom-tasche-magical-moss\/\",\"name\":\"Dogmom-Tasche Magical Moss \u2013 Kotbeutel & Leckerli-F\u00e4cher\",\"isPartOf\":{\"@id\":\"https:\/\/tedsandtails.de\/#website\"},\"datePublished\":\"2023-09-06T11:42:51+00:00\",\"dateModified\":\"2025-08-11T18:04:12+00:00\",\"description\":\"Praktische Dogmom-Tasche aus gr\u00fcnem Cord mit extra Fach f\u00fcr Kotbeutel, Leckerlis und viel Stauraum f\u00fcr Handy & Portemonnaie. Ma\u00dfe: 20x17x6 cm\",\"breadcrumb\":{\"@id\":\"https:\/\/tedsandtails.de\/produkt\/dogmom-tasche-magical-moss\/#breadcrumb\"},\"inLanguage\":\"en-GB\",\"potentialAction\":[{\"@type\":\"ReadAction\",\"target\":[\"https:\/\/tedsandtails.de\/produkt\/dogmom-tasche-magical-moss\/\"]}]},{\"@type\":\"BreadcrumbList\",\"@id\":\"https:\/\/tedsandtails.de\/produkt\/dogmom-tasche-magical-moss\/#breadcrumb\",\"itemListElement\":[{\"@type\":\"ListItem\",\"position\":1,\"name\":\"Startseite\",\"item\":\"https:\/\/tedsandtails.de\/\"},{\"@type\":\"ListItem\",\"position\":2,\"name\":\"Shop\",\"item\":\"https:\/\/tedsandtails.de\/shop\/\"},{\"@type\":\"ListItem\",\"position\":3,\"name\":\"Dogmom-Tasche &#8211; Magical Moss\"}]},{\"@type\":\"WebSite\",\"@id\":\"https:\/\/tedsandtails.de\/#website\",\"url\":\"https:\/\/tedsandtails.de\/\",\"name\":\"TED&#039;S &amp; TAILS\",\"description\":\"\",\"publisher\":{\"@id\":\"https:\/\/tedsandtails.de\/#organization\"},\"potentialAction\":[{\"@type\":\"SearchAction\",\"target\":{\"@type\":\"EntryPoint\",\"urlTemplate\":\"https:\/\/tedsandtails.de\/?s={search_term_string}\"},\"query-input\":\"required name=search_term_string\"}],\"inLanguage\":\"en-GB\"},{\"@type\":\"Organization\",\"@id\":\"https:\/\/tedsandtails.de\/#organization\",\"name\":\"TED&#039;S &amp; TAILS\",\"url\":\"https:\/\/tedsandtails.de\/\",\"logo\":{\"@type\":\"ImageObject\",\"inLanguage\":\"en-GB\",\"@id\":\"https:\/\/tedsandtails.de\/#\/schema\/logo\/image\/\",\"url\":\"https:\/\/tedsandtails.de\/wp-content\/uploads\/2022\/09\/Teddys-5.png\",\"contentUrl\":\"https:\/\/tedsandtails.de\/wp-content\/uploads\/2022\/09\/Teddys-5.png\",\"width\":1080,\"height\":1080,\"caption\":\"TED&#039;S &amp; TAILS\"},\"image\":{\"@id\":\"https:\/\/tedsandtails.de\/#\/schema\/logo\/image\/\"}}]}<\/script>\n<!-- \/ Yoast SEO plugin. -->","yoast_head_json":{"title":"Dogmom-Tasche Magical Moss \u2013 Kotbeutel & Leckerli-F\u00e4cher","description":"Praktische Dogmom-Tasche aus gr\u00fcnem Cord mit extra Fach f\u00fcr Kotbeutel, Leckerlis und viel Stauraum f\u00fcr Handy & Portemonnaie. Ma\u00dfe: 20x17x6 cm","robots":{"index":"index","follow":"follow","max-snippet":"max-snippet:-1","max-image-preview":"max-image-preview:large","max-video-preview":"max-video-preview:-1"},"canonical":"https:\/\/tedsandtails.de\/en\/product\/dogmom-tasche-magical-moss\/","og_locale":"en_GB","og_type":"article","og_title":"Dogmom-Tasche Magical Moss \u2013 Kotbeutel & Leckerli-F\u00e4cher","og_description":"Praktische Dogmom-Tasche aus gr\u00fcnem Cord mit extra Fach f\u00fcr Kotbeutel, Leckerlis und viel Stauraum f\u00fcr Handy & Portemonnaie. Ma\u00dfe: 20x17x6 cm","og_url":"https:\/\/tedsandtails.de\/en\/product\/dogmom-tasche-magical-moss\/","og_site_name":"TED&#039;S &amp; TAILS","article_modified_time":"2025-08-11T18:04:12+00:00","og_image":[{"width":1365,"height":2048,"url":"https:\/\/tedsandtails.de\/wp-content\/uploads\/2023\/09\/AW2023-21.jpg","type":"image\/jpeg"}],"twitter_card":"summary_large_image","twitter_misc":{"Est. reading time":"1 minute"},"schema":{"@context":"https:\/\/schema.org","@graph":[{"@type":"WebPage","@id":"https:\/\/tedsandtails.de\/produkt\/dogmom-tasche-magical-moss\/","url":"https:\/\/tedsandtails.de\/produkt\/dogmom-tasche-magical-moss\/","name":"Dogmom-Tasche Magical Moss \u2013 Kotbeutel & Leckerli-F\u00e4cher","isPartOf":{"@id":"https:\/\/tedsandtails.de\/#website"},"datePublished":"2023-09-06T11:42:51+00:00","dateModified":"2025-08-11T18:04:12+00:00","description":"Praktische Dogmom-Tasche aus gr\u00fcnem Cord mit extra Fach f\u00fcr Kotbeutel, Leckerlis und viel Stauraum f\u00fcr Handy & Portemonnaie. Ma\u00dfe: 20x17x6 cm","breadcrumb":{"@id":"https:\/\/tedsandtails.de\/produkt\/dogmom-tasche-magical-moss\/#breadcrumb"},"inLanguage":"en-GB","potentialAction":[{"@type":"ReadAction","target":["https:\/\/tedsandtails.de\/produkt\/dogmom-tasche-magical-moss\/"]}]},{"@type":"BreadcrumbList","@id":"https:\/\/tedsandtails.de\/produkt\/dogmom-tasche-magical-moss\/#breadcrumb","itemListElement":[{"@type":"ListItem","position":1,"name":"Startseite","item":"https:\/\/tedsandtails.de\/"},{"@type":"ListItem","position":2,"name":"Shop","item":"https:\/\/tedsandtails.de\/shop\/"},{"@type":"ListItem","position":3,"name":"Dogmom-Tasche &#8211; Magical Moss"}]},{"@type":"WebSite","@id":"https:\/\/tedsandtails.de\/#website","url":"https:\/\/tedsandtails.de\/","name":"TED&#039;S &amp; TAILS","description":"","publisher":{"@id":"https:\/\/tedsandtails.de\/#organization"},"potentialAction":[{"@type":"SearchAction","target":{"@type":"EntryPoint","urlTemplate":"https:\/\/tedsandtails.de\/?s={search_term_string}"},"query-input":"required name=search_term_string"}],"inLanguage":"en-GB"},{"@type":"Organization","@id":"https:\/\/tedsandtails.de\/#organization","name":"TED&#039;S &amp; TAILS","url":"https:\/\/tedsandtails.de\/","logo":{"@type":"ImageObject","inLanguage":"en-GB","@id":"https:\/\/tedsandtails.de\/#\/schema\/logo\/image\/","url":"https:\/\/tedsandtails.de\/wp-content\/uploads\/2022\/09\/Teddys-5.png","contentUrl":"https:\/\/tedsandtails.de\/wp-content\/uploads\/2022\/09\/Teddys-5.png","width":1080,"height":1080,"caption":"TED&#039;S &amp; TAILS"},"image":{"@id":"https:\/\/tedsandtails.de\/#\/schema\/logo\/image\/"}}]}},"_links":{"self":[{"href":"https:\/\/tedsandtails.de\/en\/wp-json\/wp\/v2\/product\/2843","targetHints":{"allow":["GET"]}}],"collection":[{"href":"https:\/\/tedsandtails.de\/en\/wp-json\/wp\/v2\/product"}],"about":[{"href":"https:\/\/tedsandtails.de\/en\/wp-json\/wp\/v2\/types\/product"}],"replies":[{"embeddable":true,"href":"https:\/\/tedsandtails.de\/en\/wp-json\/wp\/v2\/comments?post=2843"}],"wp:featuredmedia":[{"embeddable":true,"href":"https:\/\/tedsandtails.de\/en\/wp-json\/wp\/v2\/media\/3061"}],"wp:attachment":[{"href":"https:\/\/tedsandtails.de\/en\/wp-json\/wp\/v2\/media?parent=2843"}],"wp:term":[{"taxonomy":"product_cat","embeddable":true,"href":"https:\/\/tedsandtails.de\/en\/wp-json\/wp\/v2\/product_cat?post=2843"},{"taxonomy":"product_tag","embeddable":true,"href":"https:\/\/tedsandtails.de\/en\/wp-json\/wp\/v2\/product_tag?post=2843"}],"curies":[{"name":"wp","href":"https:\/\/api.w.org\/{rel}","templated":true}]}}