{"id":289,"date":"2022-09-08T09:18:32","date_gmt":"2022-09-08T07:18:32","guid":{"rendered":"https:\/\/tedsandtails.de\/?post_type=product&#038;p=289"},"modified":"2026-04-30T17:58:47","modified_gmt":"2026-04-30T15:58:47","slug":"hundegeschirr-above-the-clouds","status":"publish","type":"product","link":"https:\/\/tedsandtails.de\/en\/product\/hundegeschirr-above-the-clouds\/","title":{"rendered":"Dog harness - Above the clouds"},"content":{"rendered":"<p>Are you looking for the most beautiful accessories for your dog that match the latest trends? Then this harness from the <em>Above the clouds<\/em> collection is just the right thing for you!<\/p>\n<p>The dog harness is made of neoprene and the nice shiny fabric polyester and has a fine breathable fabric on the inside. The buckles and rings are black and strong. The size and width of the straps, buckles and rings are matched to the size of the harness. The poop bag holder is made of neoprene and also has black details.<\/p>\n<p>Mix &amp; match with all the other products in this collection to complete the look.<\/p>\n<p>The harness is available in sizes XS to L. Wondering what size your dog is? Check out our size chart.<\/p>\n<p>&nbsp;<\/p>","protected":false},"excerpt":{"rendered":"<p>Du bist auf der Suche nach den sch\u00f6nsten Accessoires f\u00fcr deinen Hund, die den aktuellen Trends entsprechen? Dann ist dieses Geschirr aus der Above the clouds Kollektion genau das Richtige f\u00fcr dich! Das Hundegeschirr ist aus Neopren und dem sch\u00f6n gl\u00e4nzenden Stoff Polyester gefertigt und hat auf der Innenseite einen feinen atmungsaktiven Stoff. Die Schnallen [&hellip;]<\/p>","protected":false},"featured_media":1276,"comment_status":"open","ping_status":"closed","template":"","meta":[],"product_cat":[17,18,30],"product_tag":[46,55,48,36,54,53,47,50,51,37,38,49,45,44,58,56,57,59,60,52],"class_list":{"0":"post-289","1":"product","2":"type-product","3":"status-publish","4":"has-post-thumbnail","6":"product_cat-hunden","7":"product_cat-hundegeschirre","8":"product_cat-above-the-clouds","9":"product_tag-dog-accessories","10":"product_tag-dog-harness","11":"product_tag-dogs","12":"product_tag-geschirr","13":"product_tag-harnas","14":"product_tag-harness","15":"product_tag-honden","16":"product_tag-hondenaccessoires","17":"product_tag-hondentuigje","18":"product_tag-hundegeschirr","19":"product_tag-hundegeschirre","20":"product_tag-hunden","21":"product_tag-hunden-accessoires","22":"product_tag-hundezubehoer","23":"product_tag-pink","24":"product_tag-rainbows","25":"product_tag-regenbogen","26":"product_tag-rosa","27":"product_tag-rose","28":"product_tag-tuigje","29":"product_brand-teds-tails","31":"first","32":"instock","33":"sale","34":"shipping-taxable","35":"purchasable","36":"product-type-variable"},"yoast_head":"<!-- This site is optimized with the Yoast SEO plugin v20.12 - https:\/\/yoast.com\/wordpress\/plugins\/seo\/ -->\n<title>Hundegeschirr - Above the clouds - TED&#039;S &amp; TAILS<\/title>\n<meta name=\"description\" content=\"Du bist auf der Suche nach den sch\u00f6nsten Accessoires f\u00fcr deinen Hund, die den aktuellen Trends entsprechen? Dann ist dieses Geschirr aus der Above the clouds Kollektion genau das Richtige f\u00fcr dich!\" \/>\n<meta name=\"robots\" content=\"index, follow, max-snippet:-1, max-image-preview:large, max-video-preview:-1\" \/>\n<link rel=\"canonical\" href=\"https:\/\/tedsandtails.de\/en\/product\/hundegeschirr-above-the-clouds\/\" \/>\n<meta property=\"og:locale\" content=\"en_GB\" \/>\n<meta property=\"og:type\" content=\"article\" \/>\n<meta property=\"og:title\" content=\"Hundegeschirr - Above the clouds - TED&#039;S &amp; TAILS\" \/>\n<meta property=\"og:description\" content=\"Du bist auf der Suche nach den sch\u00f6nsten Accessoires f\u00fcr deinen Hund, die den aktuellen Trends entsprechen? Dann ist dieses Geschirr aus der Above the clouds Kollektion genau das Richtige f\u00fcr dich!\" \/>\n<meta property=\"og:url\" content=\"https:\/\/tedsandtails.de\/en\/product\/hundegeschirr-above-the-clouds\/\" \/>\n<meta property=\"og:site_name\" content=\"TED&#039;S &amp; TAILS\" \/>\n<meta property=\"article:modified_time\" content=\"2026-04-30T15:58:47+00:00\" \/>\n<meta property=\"og:image\" content=\"https:\/\/tedsandtails.de\/wp-content\/uploads\/2022\/09\/TT-Herbst-Winter2022-12-Kopie.jpg\" \/>\n\t<meta property=\"og:image:width\" content=\"569\" \/>\n\t<meta property=\"og:image:height\" content=\"853\" \/>\n\t<meta property=\"og:image:type\" content=\"image\/jpeg\" \/>\n<meta name=\"twitter:card\" content=\"summary_large_image\" \/>\n<meta name=\"twitter:label1\" content=\"Est. reading time\" \/>\n\t<meta name=\"twitter:data1\" content=\"1 minute\" \/>\n<script type=\"application\/ld+json\" class=\"yoast-schema-graph\">{\"@context\":\"https:\/\/schema.org\",\"@graph\":[{\"@type\":\"WebPage\",\"@id\":\"https:\/\/tedsandtails.de\/produkt\/hundegeschirr-above-the-clouds\/\",\"url\":\"https:\/\/tedsandtails.de\/produkt\/hundegeschirr-above-the-clouds\/\",\"name\":\"Hundegeschirr - Above the clouds - TED&#039;S &amp; TAILS\",\"isPartOf\":{\"@id\":\"https:\/\/tedsandtails.de\/#website\"},\"datePublished\":\"2022-09-08T07:18:32+00:00\",\"dateModified\":\"2026-04-30T15:58:47+00:00\",\"description\":\"Du bist auf der Suche nach den sch\u00f6nsten Accessoires f\u00fcr deinen Hund, die den aktuellen Trends entsprechen? Dann ist dieses Geschirr aus der Above the clouds Kollektion genau das Richtige f\u00fcr dich!\",\"breadcrumb\":{\"@id\":\"https:\/\/tedsandtails.de\/produkt\/hundegeschirr-above-the-clouds\/#breadcrumb\"},\"inLanguage\":\"en-GB\",\"potentialAction\":[{\"@type\":\"ReadAction\",\"target\":[\"https:\/\/tedsandtails.de\/produkt\/hundegeschirr-above-the-clouds\/\"]}]},{\"@type\":\"BreadcrumbList\",\"@id\":\"https:\/\/tedsandtails.de\/produkt\/hundegeschirr-above-the-clouds\/#breadcrumb\",\"itemListElement\":[{\"@type\":\"ListItem\",\"position\":1,\"name\":\"Startseite\",\"item\":\"https:\/\/tedsandtails.de\/\"},{\"@type\":\"ListItem\",\"position\":2,\"name\":\"Shop\",\"item\":\"https:\/\/tedsandtails.de\/shop\/\"},{\"@type\":\"ListItem\",\"position\":3,\"name\":\"Hundegeschirr &#8211; Above the clouds\"}]},{\"@type\":\"WebSite\",\"@id\":\"https:\/\/tedsandtails.de\/#website\",\"url\":\"https:\/\/tedsandtails.de\/\",\"name\":\"TED&#039;S &amp; TAILS\",\"description\":\"\",\"publisher\":{\"@id\":\"https:\/\/tedsandtails.de\/#organization\"},\"potentialAction\":[{\"@type\":\"SearchAction\",\"target\":{\"@type\":\"EntryPoint\",\"urlTemplate\":\"https:\/\/tedsandtails.de\/?s={search_term_string}\"},\"query-input\":\"required name=search_term_string\"}],\"inLanguage\":\"en-GB\"},{\"@type\":\"Organization\",\"@id\":\"https:\/\/tedsandtails.de\/#organization\",\"name\":\"TED&#039;S &amp; TAILS\",\"url\":\"https:\/\/tedsandtails.de\/\",\"logo\":{\"@type\":\"ImageObject\",\"inLanguage\":\"en-GB\",\"@id\":\"https:\/\/tedsandtails.de\/#\/schema\/logo\/image\/\",\"url\":\"https:\/\/tedsandtails.de\/wp-content\/uploads\/2022\/09\/Teddys-5.png\",\"contentUrl\":\"https:\/\/tedsandtails.de\/wp-content\/uploads\/2022\/09\/Teddys-5.png\",\"width\":1080,\"height\":1080,\"caption\":\"TED&#039;S &amp; TAILS\"},\"image\":{\"@id\":\"https:\/\/tedsandtails.de\/#\/schema\/logo\/image\/\"}}]}<\/script>\n<!-- \/ Yoast SEO plugin. -->","yoast_head_json":{"title":"Hundegeschirr - Above the clouds - TED&#039;S &amp; TAILS","description":"Du bist auf der Suche nach den sch\u00f6nsten Accessoires f\u00fcr deinen Hund, die den aktuellen Trends entsprechen? Dann ist dieses Geschirr aus der Above the clouds Kollektion genau das Richtige f\u00fcr dich!","robots":{"index":"index","follow":"follow","max-snippet":"max-snippet:-1","max-image-preview":"max-image-preview:large","max-video-preview":"max-video-preview:-1"},"canonical":"https:\/\/tedsandtails.de\/en\/product\/hundegeschirr-above-the-clouds\/","og_locale":"en_GB","og_type":"article","og_title":"Hundegeschirr - Above the clouds - TED&#039;S &amp; TAILS","og_description":"Du bist auf der Suche nach den sch\u00f6nsten Accessoires f\u00fcr deinen Hund, die den aktuellen Trends entsprechen? Dann ist dieses Geschirr aus der Above the clouds Kollektion genau das Richtige f\u00fcr dich!","og_url":"https:\/\/tedsandtails.de\/en\/product\/hundegeschirr-above-the-clouds\/","og_site_name":"TED&#039;S &amp; TAILS","article_modified_time":"2026-04-30T15:58:47+00:00","og_image":[{"width":569,"height":853,"url":"https:\/\/tedsandtails.de\/wp-content\/uploads\/2022\/09\/TT-Herbst-Winter2022-12-Kopie.jpg","type":"image\/jpeg"}],"twitter_card":"summary_large_image","twitter_misc":{"Est. reading time":"1 minute"},"schema":{"@context":"https:\/\/schema.org","@graph":[{"@type":"WebPage","@id":"https:\/\/tedsandtails.de\/produkt\/hundegeschirr-above-the-clouds\/","url":"https:\/\/tedsandtails.de\/produkt\/hundegeschirr-above-the-clouds\/","name":"Hundegeschirr - Above the clouds - TED&#039;S &amp; TAILS","isPartOf":{"@id":"https:\/\/tedsandtails.de\/#website"},"datePublished":"2022-09-08T07:18:32+00:00","dateModified":"2026-04-30T15:58:47+00:00","description":"Du bist auf der Suche nach den sch\u00f6nsten Accessoires f\u00fcr deinen Hund, die den aktuellen Trends entsprechen? Dann ist dieses Geschirr aus der Above the clouds Kollektion genau das Richtige f\u00fcr dich!","breadcrumb":{"@id":"https:\/\/tedsandtails.de\/produkt\/hundegeschirr-above-the-clouds\/#breadcrumb"},"inLanguage":"en-GB","potentialAction":[{"@type":"ReadAction","target":["https:\/\/tedsandtails.de\/produkt\/hundegeschirr-above-the-clouds\/"]}]},{"@type":"BreadcrumbList","@id":"https:\/\/tedsandtails.de\/produkt\/hundegeschirr-above-the-clouds\/#breadcrumb","itemListElement":[{"@type":"ListItem","position":1,"name":"Startseite","item":"https:\/\/tedsandtails.de\/"},{"@type":"ListItem","position":2,"name":"Shop","item":"https:\/\/tedsandtails.de\/shop\/"},{"@type":"ListItem","position":3,"name":"Hundegeschirr &#8211; Above the clouds"}]},{"@type":"WebSite","@id":"https:\/\/tedsandtails.de\/#website","url":"https:\/\/tedsandtails.de\/","name":"TED&#039;S &amp; TAILS","description":"","publisher":{"@id":"https:\/\/tedsandtails.de\/#organization"},"potentialAction":[{"@type":"SearchAction","target":{"@type":"EntryPoint","urlTemplate":"https:\/\/tedsandtails.de\/?s={search_term_string}"},"query-input":"required name=search_term_string"}],"inLanguage":"en-GB"},{"@type":"Organization","@id":"https:\/\/tedsandtails.de\/#organization","name":"TED&#039;S &amp; TAILS","url":"https:\/\/tedsandtails.de\/","logo":{"@type":"ImageObject","inLanguage":"en-GB","@id":"https:\/\/tedsandtails.de\/#\/schema\/logo\/image\/","url":"https:\/\/tedsandtails.de\/wp-content\/uploads\/2022\/09\/Teddys-5.png","contentUrl":"https:\/\/tedsandtails.de\/wp-content\/uploads\/2022\/09\/Teddys-5.png","width":1080,"height":1080,"caption":"TED&#039;S &amp; TAILS"},"image":{"@id":"https:\/\/tedsandtails.de\/#\/schema\/logo\/image\/"}}]}},"_links":{"self":[{"href":"https:\/\/tedsandtails.de\/en\/wp-json\/wp\/v2\/product\/289","targetHints":{"allow":["GET"]}}],"collection":[{"href":"https:\/\/tedsandtails.de\/en\/wp-json\/wp\/v2\/product"}],"about":[{"href":"https:\/\/tedsandtails.de\/en\/wp-json\/wp\/v2\/types\/product"}],"replies":[{"embeddable":true,"href":"https:\/\/tedsandtails.de\/en\/wp-json\/wp\/v2\/comments?post=289"}],"wp:featuredmedia":[{"embeddable":true,"href":"https:\/\/tedsandtails.de\/en\/wp-json\/wp\/v2\/media\/1276"}],"wp:attachment":[{"href":"https:\/\/tedsandtails.de\/en\/wp-json\/wp\/v2\/media?parent=289"}],"wp:term":[{"taxonomy":"product_cat","embeddable":true,"href":"https:\/\/tedsandtails.de\/en\/wp-json\/wp\/v2\/product_cat?post=289"},{"taxonomy":"product_tag","embeddable":true,"href":"https:\/\/tedsandtails.de\/en\/wp-json\/wp\/v2\/product_tag?post=289"}],"curies":[{"name":"wp","href":"https:\/\/api.w.org\/{rel}","templated":true}]}}