{"id":3620,"date":"2024-01-13T22:17:51","date_gmt":"2024-01-13T21:17:51","guid":{"rendered":"https:\/\/tedsandtails.de\/?post_type=product&#038;p=3620"},"modified":"2025-11-18T18:40:53","modified_gmt":"2025-11-18T17:40:53","slug":"hundespielzeug-gummi-frog","status":"publish","type":"product","link":"https:\/\/tedsandtails.de\/en\/product\/hundespielzeug-gummi-frog\/","title":{"rendered":"Dog toy - Rubber Frog"},"content":{"rendered":"<p>This Frog toy is made for chewing. You can also fill the toy with the tastiest snacks or food for even more fun. This toy can help when your dog has the urge to chew, can reduce separation anxiety and prevent boredom.<\/p>\n<p><strong>Care:<\/strong><br \/>\nThis toy can be cleaned in the dishwasher and is easy to clean.<\/p>\n<p><strong>Size:<\/strong><br \/>\n7,5 x 8 cm<\/p>\n<p>Suitable for dogs up to 27 kg<\/p>","protected":false},"excerpt":{"rendered":"<p>Dieses Frog Spielzeug ist zum Kauen gemacht. Au\u00dferdem kannst du das Spielzeug mit den leckersten Snacks oder Futter f\u00fcllen, was noch mehr Spa\u00df bringt. Dieses Spielzeug kann helfen, wenn dein Hund den Drang zum Kauen hat, kann Trennungsangst reduzieren und Langeweile vermeiden. Pflege: Dieses Spielzeug kann in der Sp\u00fclmaschine gereinigt werden und ist leicht zu [&hellip;]<\/p>","protected":false},"featured_media":3621,"comment_status":"open","ping_status":"closed","template":"","meta":[],"product_cat":[182,132],"product_tag":[],"class_list":{"0":"post-3620","1":"product","2":"type-product","3":"status-publish","4":"has-post-thumbnail","6":"product_cat-schleckmatte-enrichtment","7":"product_cat-hundespielzeuge","9":"first","10":"instock","11":"sale","12":"shipping-taxable","13":"purchasable","14":"product-type-simple"},"yoast_head":"<!-- This site is optimized with the Yoast SEO plugin v20.12 - https:\/\/yoast.com\/wordpress\/plugins\/seo\/ -->\n<title>Hundespielzeug - Gummi Frog - TED&#039;S &amp; TAILS<\/title>\n<meta name=\"description\" content=\"Dieses Frog Spielzeug ist zum Kauen gemacht. Au\u00dferdem kannst du das Spielzeug mit den leckersten Snacks oder Futter f\u00fcllen, was noch mehr Spa\u00df bringt. Dieses Spielzeug kann helfen, wenn dein Hund den Drang zum Kauen hat, kann Trennungsangst reduzieren und Langeweile vermeiden.\" \/>\n<meta name=\"robots\" content=\"index, follow, max-snippet:-1, max-image-preview:large, max-video-preview:-1\" \/>\n<link rel=\"canonical\" href=\"https:\/\/tedsandtails.de\/en\/product\/hundespielzeug-gummi-frog\/\" \/>\n<meta property=\"og:locale\" content=\"en_GB\" \/>\n<meta property=\"og:type\" content=\"article\" \/>\n<meta property=\"og:title\" content=\"Hundespielzeug - Gummi Frog - TED&#039;S &amp; TAILS\" \/>\n<meta property=\"og:description\" content=\"Dieses Frog Spielzeug ist zum Kauen gemacht. Au\u00dferdem kannst du das Spielzeug mit den leckersten Snacks oder Futter f\u00fcllen, was noch mehr Spa\u00df bringt. Dieses Spielzeug kann helfen, wenn dein Hund den Drang zum Kauen hat, kann Trennungsangst reduzieren und Langeweile vermeiden.\" \/>\n<meta property=\"og:url\" content=\"https:\/\/tedsandtails.de\/en\/product\/hundespielzeug-gummi-frog\/\" \/>\n<meta property=\"og:site_name\" content=\"TED&#039;S &amp; TAILS\" \/>\n<meta property=\"article:modified_time\" content=\"2025-11-18T17:40:53+00:00\" \/>\n<meta property=\"og:image\" content=\"https:\/\/tedsandtails.de\/wp-content\/uploads\/2024\/01\/810216024475_MAIN.jpg\" \/>\n\t<meta property=\"og:image:width\" content=\"800\" \/>\n\t<meta property=\"og:image:height\" content=\"800\" \/>\n\t<meta property=\"og:image:type\" content=\"image\/jpeg\" \/>\n<meta name=\"twitter:card\" content=\"summary_large_image\" \/>\n<meta name=\"twitter:label1\" content=\"Est. reading time\" \/>\n\t<meta name=\"twitter:data1\" content=\"1 minute\" \/>\n<script type=\"application\/ld+json\" class=\"yoast-schema-graph\">{\"@context\":\"https:\/\/schema.org\",\"@graph\":[{\"@type\":\"WebPage\",\"@id\":\"https:\/\/tedsandtails.de\/produkt\/hundespielzeug-gummi-frog\/\",\"url\":\"https:\/\/tedsandtails.de\/produkt\/hundespielzeug-gummi-frog\/\",\"name\":\"Hundespielzeug - Gummi Frog - TED&#039;S &amp; TAILS\",\"isPartOf\":{\"@id\":\"https:\/\/tedsandtails.de\/#website\"},\"datePublished\":\"2024-01-13T21:17:51+00:00\",\"dateModified\":\"2025-11-18T17:40:53+00:00\",\"description\":\"Dieses Frog Spielzeug ist zum Kauen gemacht. Au\u00dferdem kannst du das Spielzeug mit den leckersten Snacks oder Futter f\u00fcllen, was noch mehr Spa\u00df bringt. Dieses Spielzeug kann helfen, wenn dein Hund den Drang zum Kauen hat, kann Trennungsangst reduzieren und Langeweile vermeiden.\",\"breadcrumb\":{\"@id\":\"https:\/\/tedsandtails.de\/produkt\/hundespielzeug-gummi-frog\/#breadcrumb\"},\"inLanguage\":\"en-GB\",\"potentialAction\":[{\"@type\":\"ReadAction\",\"target\":[\"https:\/\/tedsandtails.de\/produkt\/hundespielzeug-gummi-frog\/\"]}]},{\"@type\":\"BreadcrumbList\",\"@id\":\"https:\/\/tedsandtails.de\/produkt\/hundespielzeug-gummi-frog\/#breadcrumb\",\"itemListElement\":[{\"@type\":\"ListItem\",\"position\":1,\"name\":\"Startseite\",\"item\":\"https:\/\/tedsandtails.de\/\"},{\"@type\":\"ListItem\",\"position\":2,\"name\":\"Shop\",\"item\":\"https:\/\/tedsandtails.de\/shop\/\"},{\"@type\":\"ListItem\",\"position\":3,\"name\":\"Hundespielzeug &#8211; Gummi Frog\"}]},{\"@type\":\"WebSite\",\"@id\":\"https:\/\/tedsandtails.de\/#website\",\"url\":\"https:\/\/tedsandtails.de\/\",\"name\":\"TED&#039;S &amp; TAILS\",\"description\":\"\",\"publisher\":{\"@id\":\"https:\/\/tedsandtails.de\/#organization\"},\"potentialAction\":[{\"@type\":\"SearchAction\",\"target\":{\"@type\":\"EntryPoint\",\"urlTemplate\":\"https:\/\/tedsandtails.de\/?s={search_term_string}\"},\"query-input\":\"required name=search_term_string\"}],\"inLanguage\":\"en-GB\"},{\"@type\":\"Organization\",\"@id\":\"https:\/\/tedsandtails.de\/#organization\",\"name\":\"TED&#039;S &amp; TAILS\",\"url\":\"https:\/\/tedsandtails.de\/\",\"logo\":{\"@type\":\"ImageObject\",\"inLanguage\":\"en-GB\",\"@id\":\"https:\/\/tedsandtails.de\/#\/schema\/logo\/image\/\",\"url\":\"https:\/\/tedsandtails.de\/wp-content\/uploads\/2022\/09\/Teddys-5.png\",\"contentUrl\":\"https:\/\/tedsandtails.de\/wp-content\/uploads\/2022\/09\/Teddys-5.png\",\"width\":1080,\"height\":1080,\"caption\":\"TED&#039;S &amp; TAILS\"},\"image\":{\"@id\":\"https:\/\/tedsandtails.de\/#\/schema\/logo\/image\/\"}}]}<\/script>\n<!-- \/ Yoast SEO plugin. -->","yoast_head_json":{"title":"Hundespielzeug - Gummi Frog - TED&#039;S &amp; TAILS","description":"Dieses Frog Spielzeug ist zum Kauen gemacht. Au\u00dferdem kannst du das Spielzeug mit den leckersten Snacks oder Futter f\u00fcllen, was noch mehr Spa\u00df bringt. Dieses Spielzeug kann helfen, wenn dein Hund den Drang zum Kauen hat, kann Trennungsangst reduzieren und Langeweile vermeiden.","robots":{"index":"index","follow":"follow","max-snippet":"max-snippet:-1","max-image-preview":"max-image-preview:large","max-video-preview":"max-video-preview:-1"},"canonical":"https:\/\/tedsandtails.de\/en\/product\/hundespielzeug-gummi-frog\/","og_locale":"en_GB","og_type":"article","og_title":"Hundespielzeug - Gummi Frog - TED&#039;S &amp; TAILS","og_description":"Dieses Frog Spielzeug ist zum Kauen gemacht. Au\u00dferdem kannst du das Spielzeug mit den leckersten Snacks oder Futter f\u00fcllen, was noch mehr Spa\u00df bringt. Dieses Spielzeug kann helfen, wenn dein Hund den Drang zum Kauen hat, kann Trennungsangst reduzieren und Langeweile vermeiden.","og_url":"https:\/\/tedsandtails.de\/en\/product\/hundespielzeug-gummi-frog\/","og_site_name":"TED&#039;S &amp; TAILS","article_modified_time":"2025-11-18T17:40:53+00:00","og_image":[{"width":800,"height":800,"url":"https:\/\/tedsandtails.de\/wp-content\/uploads\/2024\/01\/810216024475_MAIN.jpg","type":"image\/jpeg"}],"twitter_card":"summary_large_image","twitter_misc":{"Est. reading time":"1 minute"},"schema":{"@context":"https:\/\/schema.org","@graph":[{"@type":"WebPage","@id":"https:\/\/tedsandtails.de\/produkt\/hundespielzeug-gummi-frog\/","url":"https:\/\/tedsandtails.de\/produkt\/hundespielzeug-gummi-frog\/","name":"Hundespielzeug - Gummi Frog - TED&#039;S &amp; TAILS","isPartOf":{"@id":"https:\/\/tedsandtails.de\/#website"},"datePublished":"2024-01-13T21:17:51+00:00","dateModified":"2025-11-18T17:40:53+00:00","description":"Dieses Frog Spielzeug ist zum Kauen gemacht. Au\u00dferdem kannst du das Spielzeug mit den leckersten Snacks oder Futter f\u00fcllen, was noch mehr Spa\u00df bringt. Dieses Spielzeug kann helfen, wenn dein Hund den Drang zum Kauen hat, kann Trennungsangst reduzieren und Langeweile vermeiden.","breadcrumb":{"@id":"https:\/\/tedsandtails.de\/produkt\/hundespielzeug-gummi-frog\/#breadcrumb"},"inLanguage":"en-GB","potentialAction":[{"@type":"ReadAction","target":["https:\/\/tedsandtails.de\/produkt\/hundespielzeug-gummi-frog\/"]}]},{"@type":"BreadcrumbList","@id":"https:\/\/tedsandtails.de\/produkt\/hundespielzeug-gummi-frog\/#breadcrumb","itemListElement":[{"@type":"ListItem","position":1,"name":"Startseite","item":"https:\/\/tedsandtails.de\/"},{"@type":"ListItem","position":2,"name":"Shop","item":"https:\/\/tedsandtails.de\/shop\/"},{"@type":"ListItem","position":3,"name":"Hundespielzeug &#8211; Gummi Frog"}]},{"@type":"WebSite","@id":"https:\/\/tedsandtails.de\/#website","url":"https:\/\/tedsandtails.de\/","name":"TED&#039;S &amp; TAILS","description":"","publisher":{"@id":"https:\/\/tedsandtails.de\/#organization"},"potentialAction":[{"@type":"SearchAction","target":{"@type":"EntryPoint","urlTemplate":"https:\/\/tedsandtails.de\/?s={search_term_string}"},"query-input":"required name=search_term_string"}],"inLanguage":"en-GB"},{"@type":"Organization","@id":"https:\/\/tedsandtails.de\/#organization","name":"TED&#039;S &amp; TAILS","url":"https:\/\/tedsandtails.de\/","logo":{"@type":"ImageObject","inLanguage":"en-GB","@id":"https:\/\/tedsandtails.de\/#\/schema\/logo\/image\/","url":"https:\/\/tedsandtails.de\/wp-content\/uploads\/2022\/09\/Teddys-5.png","contentUrl":"https:\/\/tedsandtails.de\/wp-content\/uploads\/2022\/09\/Teddys-5.png","width":1080,"height":1080,"caption":"TED&#039;S &amp; TAILS"},"image":{"@id":"https:\/\/tedsandtails.de\/#\/schema\/logo\/image\/"}}]}},"_links":{"self":[{"href":"https:\/\/tedsandtails.de\/en\/wp-json\/wp\/v2\/product\/3620","targetHints":{"allow":["GET"]}}],"collection":[{"href":"https:\/\/tedsandtails.de\/en\/wp-json\/wp\/v2\/product"}],"about":[{"href":"https:\/\/tedsandtails.de\/en\/wp-json\/wp\/v2\/types\/product"}],"replies":[{"embeddable":true,"href":"https:\/\/tedsandtails.de\/en\/wp-json\/wp\/v2\/comments?post=3620"}],"wp:featuredmedia":[{"embeddable":true,"href":"https:\/\/tedsandtails.de\/en\/wp-json\/wp\/v2\/media\/3621"}],"wp:attachment":[{"href":"https:\/\/tedsandtails.de\/en\/wp-json\/wp\/v2\/media?parent=3620"}],"wp:term":[{"taxonomy":"product_cat","embeddable":true,"href":"https:\/\/tedsandtails.de\/en\/wp-json\/wp\/v2\/product_cat?post=3620"},{"taxonomy":"product_tag","embeddable":true,"href":"https:\/\/tedsandtails.de\/en\/wp-json\/wp\/v2\/product_tag?post=3620"}],"curies":[{"name":"wp","href":"https:\/\/api.w.org\/{rel}","templated":true}]}}