{"id":3850,"date":"2024-03-02T20:21:16","date_gmt":"2024-03-02T19:21:16","guid":{"rendered":"https:\/\/tedsandtails.de\/?post_type=product&#038;p=3850"},"modified":"2026-04-10T12:44:31","modified_gmt":"2026-04-10T10:44:31","slug":"strap-y-hundegeschirr-minty-may","status":"publish","type":"product","link":"https:\/\/tedsandtails.de\/en\/product\/strap-y-hundegeschirr-minty-may\/","title":{"rendered":"Strap-Y-Hundegeschirr (L) &#8211; Minty May"},"content":{"rendered":"<p>Are you looking for the most beautiful accessories for your dog that are in line with the latest trends? Then this dog harness from the\u00a0<i>Minty May<\/i>\u00a0collection is just the right thing for you!<\/p>\n<p>Mix &amp; match with all the other products in this collection to complete the look.<\/p>\n<p>The dog harness is made of sturdy nylon webbing and cord, making it particularly comfortable and soft. The buckles and rings are gold and strong. The size and width of the straps, buckles and rings are matched to the size of the harness.<\/p>\n<p>The harness is available in sizes S to L. Wondering what size your dog is? Take a look at our size chart.<\/p>","protected":false},"excerpt":{"rendered":"<p>Du bist auf der Suche nach den sch\u00f6nsten Accessoires f\u00fcr deinen Hund, die den aktuellen Trends entsprechen? Dann ist dieses Hundegeschirr aus der\u00a0Minty May\u00a0Kollektion genau das Richtige f\u00fcr dich! Mix &amp; Match mit allen anderen Produkten dieser Kollektion, um den Look zu vervollst\u00e4ndigen. Das Hundegeschirr ist aus stabilem Nylongurtband und Cord gefertigt, wodurch es besonders [&hellip;]<\/p>","protected":false},"featured_media":3885,"comment_status":"open","ping_status":"closed","template":"","meta":[],"product_cat":[18,145],"product_tag":[41,40,39,46,85,48,36,83,54,53,47,50,51,149,44,141,142,147,148,84,52],"class_list":{"0":"post-3850","1":"product","2":"type-product","3":"status-publish","4":"has-post-thumbnail","6":"product_cat-hundegeschirre","7":"product_cat-minty-may","8":"product_tag-blau","9":"product_tag-blauw","10":"product_tag-blue","11":"product_tag-dog-accessories","12":"product_tag-dog-set","13":"product_tag-dogs","14":"product_tag-geschirr","15":"product_tag-geschirr-set","16":"product_tag-harnas","17":"product_tag-harness","18":"product_tag-honden","19":"product_tag-hondenaccessoires","20":"product_tag-hondentuigje","21":"product_tag-hundeaccessoires","22":"product_tag-hundezubehoer","23":"product_tag-mint","24":"product_tag-minty","25":"product_tag-minty-may","26":"product_tag-minze","27":"product_tag-set","28":"product_tag-tuigje","30":"first","31":"instock","32":"sale","33":"shipping-taxable","34":"purchasable","35":"product-type-variable"},"yoast_head":"<!-- This site is optimized with the Yoast SEO plugin v20.12 - https:\/\/yoast.com\/wordpress\/plugins\/seo\/ -->\n<title>Strap-Y-Hundegeschirr (L) - Minty May - TED&#039;S &amp; TAILS<\/title>\n<meta name=\"description\" content=\"Du bist auf der Suche nach den sch\u00f6nsten Accessoires f\u00fcr deinen Hund, die den aktuellen Trends entsprechen? Dann ist dieses Hundegeschirr aus der\u00a0Minty May\u00a0Kollektion genau das Richtige f\u00fcr dich!Mix &amp; Match mit allen anderen Produkten dieser Kollektion, um den Look zu vervollst\u00e4ndigen.Das Hundegeschirr ist aus stabilem Nylongurtband und Cord gefertigt, wodurch es besonders bequem und weich ist. Die Schnallen und Ringe sind gold und stark. Die Gr\u00f6\u00dfe und Breite der Gurte, Schnallen und Ringe sind auf die Gr\u00f6\u00dfe des Geschirrs abgestimmt.Das Geschirr ist in den Gr\u00f6\u00dfen S bis L erh\u00e4ltlich.\u00a0Du fragst dich, welche Gr\u00f6\u00dfe dein Hund hat? Sieh dir unsere Gr\u00f6\u00dfentabelle an.\" \/>\n<meta name=\"robots\" content=\"index, follow, max-snippet:-1, max-image-preview:large, max-video-preview:-1\" \/>\n<link rel=\"canonical\" href=\"https:\/\/tedsandtails.de\/en\/product\/strap-y-hundegeschirr-minty-may\/\" \/>\n<meta property=\"og:locale\" content=\"en_GB\" \/>\n<meta property=\"og:type\" content=\"article\" \/>\n<meta property=\"og:title\" content=\"Strap-Y-Hundegeschirr (L) - Minty May - TED&#039;S &amp; TAILS\" \/>\n<meta property=\"og:description\" content=\"Du bist auf der Suche nach den sch\u00f6nsten Accessoires f\u00fcr deinen Hund, die den aktuellen Trends entsprechen? Dann ist dieses Hundegeschirr aus der\u00a0Minty May\u00a0Kollektion genau das Richtige f\u00fcr dich!Mix &amp; Match mit allen anderen Produkten dieser Kollektion, um den Look zu vervollst\u00e4ndigen.Das Hundegeschirr ist aus stabilem Nylongurtband und Cord gefertigt, wodurch es besonders bequem und weich ist. Die Schnallen und Ringe sind gold und stark. Die Gr\u00f6\u00dfe und Breite der Gurte, Schnallen und Ringe sind auf die Gr\u00f6\u00dfe des Geschirrs abgestimmt.Das Geschirr ist in den Gr\u00f6\u00dfen S bis L erh\u00e4ltlich.\u00a0Du fragst dich, welche Gr\u00f6\u00dfe dein Hund hat? Sieh dir unsere Gr\u00f6\u00dfentabelle an.\" \/>\n<meta property=\"og:url\" content=\"https:\/\/tedsandtails.de\/en\/product\/strap-y-hundegeschirr-minty-may\/\" \/>\n<meta property=\"og:site_name\" content=\"TED&#039;S &amp; TAILS\" \/>\n<meta property=\"article:modified_time\" content=\"2026-04-10T10:44:31+00:00\" \/>\n<meta property=\"og:image\" content=\"https:\/\/tedsandtails.de\/wp-content\/uploads\/2024\/03\/SS24-70.jpg\" \/>\n\t<meta property=\"og:image:width\" content=\"967\" \/>\n\t<meta property=\"og:image:height\" content=\"1451\" \/>\n\t<meta property=\"og:image:type\" content=\"image\/jpeg\" \/>\n<meta name=\"twitter:card\" content=\"summary_large_image\" \/>\n<meta name=\"twitter:label1\" content=\"Est. reading time\" \/>\n\t<meta name=\"twitter:data1\" content=\"1 minute\" \/>\n<script type=\"application\/ld+json\" class=\"yoast-schema-graph\">{\"@context\":\"https:\/\/schema.org\",\"@graph\":[{\"@type\":\"WebPage\",\"@id\":\"https:\/\/tedsandtails.de\/produkt\/strap-y-hundegeschirr-minty-may\/\",\"url\":\"https:\/\/tedsandtails.de\/produkt\/strap-y-hundegeschirr-minty-may\/\",\"name\":\"Strap-Y-Hundegeschirr (L) - Minty May - TED&#039;S &amp; TAILS\",\"isPartOf\":{\"@id\":\"https:\/\/tedsandtails.de\/#website\"},\"datePublished\":\"2024-03-02T19:21:16+00:00\",\"dateModified\":\"2026-04-10T10:44:31+00:00\",\"description\":\"Du bist auf der Suche nach den sch\u00f6nsten Accessoires f\u00fcr deinen Hund, die den aktuellen Trends entsprechen? Dann ist dieses Hundegeschirr aus der\u00a0Minty May\u00a0Kollektion genau das Richtige f\u00fcr dich!Mix & Match mit allen anderen Produkten dieser Kollektion, um den Look zu vervollst\u00e4ndigen.Das Hundegeschirr ist aus stabilem Nylongurtband und Cord gefertigt, wodurch es besonders bequem und weich ist. Die Schnallen und Ringe sind gold und stark. Die Gr\u00f6\u00dfe und Breite der Gurte, Schnallen und Ringe sind auf die Gr\u00f6\u00dfe des Geschirrs abgestimmt.Das Geschirr ist in den Gr\u00f6\u00dfen S bis L erh\u00e4ltlich.\u00a0Du fragst dich, welche Gr\u00f6\u00dfe dein Hund hat? Sieh dir unsere Gr\u00f6\u00dfentabelle an.\",\"breadcrumb\":{\"@id\":\"https:\/\/tedsandtails.de\/produkt\/strap-y-hundegeschirr-minty-may\/#breadcrumb\"},\"inLanguage\":\"en-GB\",\"potentialAction\":[{\"@type\":\"ReadAction\",\"target\":[\"https:\/\/tedsandtails.de\/produkt\/strap-y-hundegeschirr-minty-may\/\"]}]},{\"@type\":\"BreadcrumbList\",\"@id\":\"https:\/\/tedsandtails.de\/produkt\/strap-y-hundegeschirr-minty-may\/#breadcrumb\",\"itemListElement\":[{\"@type\":\"ListItem\",\"position\":1,\"name\":\"Startseite\",\"item\":\"https:\/\/tedsandtails.de\/\"},{\"@type\":\"ListItem\",\"position\":2,\"name\":\"Shop\",\"item\":\"https:\/\/tedsandtails.de\/shop\/\"},{\"@type\":\"ListItem\",\"position\":3,\"name\":\"Strap-Y-Hundegeschirr (L) &#8211; Minty May\"}]},{\"@type\":\"WebSite\",\"@id\":\"https:\/\/tedsandtails.de\/#website\",\"url\":\"https:\/\/tedsandtails.de\/\",\"name\":\"TED&#039;S &amp; TAILS\",\"description\":\"\",\"publisher\":{\"@id\":\"https:\/\/tedsandtails.de\/#organization\"},\"potentialAction\":[{\"@type\":\"SearchAction\",\"target\":{\"@type\":\"EntryPoint\",\"urlTemplate\":\"https:\/\/tedsandtails.de\/?s={search_term_string}\"},\"query-input\":\"required name=search_term_string\"}],\"inLanguage\":\"en-GB\"},{\"@type\":\"Organization\",\"@id\":\"https:\/\/tedsandtails.de\/#organization\",\"name\":\"TED&#039;S &amp; TAILS\",\"url\":\"https:\/\/tedsandtails.de\/\",\"logo\":{\"@type\":\"ImageObject\",\"inLanguage\":\"en-GB\",\"@id\":\"https:\/\/tedsandtails.de\/#\/schema\/logo\/image\/\",\"url\":\"https:\/\/tedsandtails.de\/wp-content\/uploads\/2022\/09\/Teddys-5.png\",\"contentUrl\":\"https:\/\/tedsandtails.de\/wp-content\/uploads\/2022\/09\/Teddys-5.png\",\"width\":1080,\"height\":1080,\"caption\":\"TED&#039;S &amp; TAILS\"},\"image\":{\"@id\":\"https:\/\/tedsandtails.de\/#\/schema\/logo\/image\/\"}}]}<\/script>\n<!-- \/ Yoast SEO plugin. -->","yoast_head_json":{"title":"Strap-Y-Hundegeschirr (L) - Minty May - TED&#039;S &amp; TAILS","description":"Du bist auf der Suche nach den sch\u00f6nsten Accessoires f\u00fcr deinen Hund, die den aktuellen Trends entsprechen? Dann ist dieses Hundegeschirr aus der\u00a0Minty May\u00a0Kollektion genau das Richtige f\u00fcr dich!Mix & Match mit allen anderen Produkten dieser Kollektion, um den Look zu vervollst\u00e4ndigen.Das Hundegeschirr ist aus stabilem Nylongurtband und Cord gefertigt, wodurch es besonders bequem und weich ist. Die Schnallen und Ringe sind gold und stark. Die Gr\u00f6\u00dfe und Breite der Gurte, Schnallen und Ringe sind auf die Gr\u00f6\u00dfe des Geschirrs abgestimmt.Das Geschirr ist in den Gr\u00f6\u00dfen S bis L erh\u00e4ltlich.\u00a0Du fragst dich, welche Gr\u00f6\u00dfe dein Hund hat? Sieh dir unsere Gr\u00f6\u00dfentabelle an.","robots":{"index":"index","follow":"follow","max-snippet":"max-snippet:-1","max-image-preview":"max-image-preview:large","max-video-preview":"max-video-preview:-1"},"canonical":"https:\/\/tedsandtails.de\/en\/product\/strap-y-hundegeschirr-minty-may\/","og_locale":"en_GB","og_type":"article","og_title":"Strap-Y-Hundegeschirr (L) - Minty May - TED&#039;S &amp; TAILS","og_description":"Du bist auf der Suche nach den sch\u00f6nsten Accessoires f\u00fcr deinen Hund, die den aktuellen Trends entsprechen? Dann ist dieses Hundegeschirr aus der\u00a0Minty May\u00a0Kollektion genau das Richtige f\u00fcr dich!Mix & Match mit allen anderen Produkten dieser Kollektion, um den Look zu vervollst\u00e4ndigen.Das Hundegeschirr ist aus stabilem Nylongurtband und Cord gefertigt, wodurch es besonders bequem und weich ist. Die Schnallen und Ringe sind gold und stark. Die Gr\u00f6\u00dfe und Breite der Gurte, Schnallen und Ringe sind auf die Gr\u00f6\u00dfe des Geschirrs abgestimmt.Das Geschirr ist in den Gr\u00f6\u00dfen S bis L erh\u00e4ltlich.\u00a0Du fragst dich, welche Gr\u00f6\u00dfe dein Hund hat? Sieh dir unsere Gr\u00f6\u00dfentabelle an.","og_url":"https:\/\/tedsandtails.de\/en\/product\/strap-y-hundegeschirr-minty-may\/","og_site_name":"TED&#039;S &amp; TAILS","article_modified_time":"2026-04-10T10:44:31+00:00","og_image":[{"width":967,"height":1451,"url":"https:\/\/tedsandtails.de\/wp-content\/uploads\/2024\/03\/SS24-70.jpg","type":"image\/jpeg"}],"twitter_card":"summary_large_image","twitter_misc":{"Est. reading time":"1 minute"},"schema":{"@context":"https:\/\/schema.org","@graph":[{"@type":"WebPage","@id":"https:\/\/tedsandtails.de\/produkt\/strap-y-hundegeschirr-minty-may\/","url":"https:\/\/tedsandtails.de\/produkt\/strap-y-hundegeschirr-minty-may\/","name":"Strap-Y-Hundegeschirr (L) - Minty May - TED&#039;S &amp; TAILS","isPartOf":{"@id":"https:\/\/tedsandtails.de\/#website"},"datePublished":"2024-03-02T19:21:16+00:00","dateModified":"2026-04-10T10:44:31+00:00","description":"Du bist auf der Suche nach den sch\u00f6nsten Accessoires f\u00fcr deinen Hund, die den aktuellen Trends entsprechen? Dann ist dieses Hundegeschirr aus der\u00a0Minty May\u00a0Kollektion genau das Richtige f\u00fcr dich!Mix & Match mit allen anderen Produkten dieser Kollektion, um den Look zu vervollst\u00e4ndigen.Das Hundegeschirr ist aus stabilem Nylongurtband und Cord gefertigt, wodurch es besonders bequem und weich ist. Die Schnallen und Ringe sind gold und stark. Die Gr\u00f6\u00dfe und Breite der Gurte, Schnallen und Ringe sind auf die Gr\u00f6\u00dfe des Geschirrs abgestimmt.Das Geschirr ist in den Gr\u00f6\u00dfen S bis L erh\u00e4ltlich.\u00a0Du fragst dich, welche Gr\u00f6\u00dfe dein Hund hat? Sieh dir unsere Gr\u00f6\u00dfentabelle an.","breadcrumb":{"@id":"https:\/\/tedsandtails.de\/produkt\/strap-y-hundegeschirr-minty-may\/#breadcrumb"},"inLanguage":"en-GB","potentialAction":[{"@type":"ReadAction","target":["https:\/\/tedsandtails.de\/produkt\/strap-y-hundegeschirr-minty-may\/"]}]},{"@type":"BreadcrumbList","@id":"https:\/\/tedsandtails.de\/produkt\/strap-y-hundegeschirr-minty-may\/#breadcrumb","itemListElement":[{"@type":"ListItem","position":1,"name":"Startseite","item":"https:\/\/tedsandtails.de\/"},{"@type":"ListItem","position":2,"name":"Shop","item":"https:\/\/tedsandtails.de\/shop\/"},{"@type":"ListItem","position":3,"name":"Strap-Y-Hundegeschirr (L) &#8211; Minty May"}]},{"@type":"WebSite","@id":"https:\/\/tedsandtails.de\/#website","url":"https:\/\/tedsandtails.de\/","name":"TED&#039;S &amp; TAILS","description":"","publisher":{"@id":"https:\/\/tedsandtails.de\/#organization"},"potentialAction":[{"@type":"SearchAction","target":{"@type":"EntryPoint","urlTemplate":"https:\/\/tedsandtails.de\/?s={search_term_string}"},"query-input":"required name=search_term_string"}],"inLanguage":"en-GB"},{"@type":"Organization","@id":"https:\/\/tedsandtails.de\/#organization","name":"TED&#039;S &amp; TAILS","url":"https:\/\/tedsandtails.de\/","logo":{"@type":"ImageObject","inLanguage":"en-GB","@id":"https:\/\/tedsandtails.de\/#\/schema\/logo\/image\/","url":"https:\/\/tedsandtails.de\/wp-content\/uploads\/2022\/09\/Teddys-5.png","contentUrl":"https:\/\/tedsandtails.de\/wp-content\/uploads\/2022\/09\/Teddys-5.png","width":1080,"height":1080,"caption":"TED&#039;S &amp; TAILS"},"image":{"@id":"https:\/\/tedsandtails.de\/#\/schema\/logo\/image\/"}}]}},"_links":{"self":[{"href":"https:\/\/tedsandtails.de\/en\/wp-json\/wp\/v2\/product\/3850","targetHints":{"allow":["GET"]}}],"collection":[{"href":"https:\/\/tedsandtails.de\/en\/wp-json\/wp\/v2\/product"}],"about":[{"href":"https:\/\/tedsandtails.de\/en\/wp-json\/wp\/v2\/types\/product"}],"replies":[{"embeddable":true,"href":"https:\/\/tedsandtails.de\/en\/wp-json\/wp\/v2\/comments?post=3850"}],"wp:featuredmedia":[{"embeddable":true,"href":"https:\/\/tedsandtails.de\/en\/wp-json\/wp\/v2\/media\/3885"}],"wp:attachment":[{"href":"https:\/\/tedsandtails.de\/en\/wp-json\/wp\/v2\/media?parent=3850"}],"wp:term":[{"taxonomy":"product_cat","embeddable":true,"href":"https:\/\/tedsandtails.de\/en\/wp-json\/wp\/v2\/product_cat?post=3850"},{"taxonomy":"product_tag","embeddable":true,"href":"https:\/\/tedsandtails.de\/en\/wp-json\/wp\/v2\/product_tag?post=3850"}],"curies":[{"name":"wp","href":"https:\/\/api.w.org\/{rel}","templated":true}]}}