{"id":3887,"date":"2024-03-05T09:51:16","date_gmt":"2024-03-05T08:51:16","guid":{"rendered":"https:\/\/tedsandtails.de\/?post_type=product&#038;p=3887"},"modified":"2025-05-30T21:10:52","modified_gmt":"2025-05-30T19:10:52","slug":"dogmom-tasche-peachy-punch","status":"publish","type":"product","link":"https:\/\/tedsandtails.de\/en\/product\/dogmom-tasche-peachy-punch\/","title":{"rendered":"Dogmom bag - Peachy Punch"},"content":{"rendered":"<p>Does it also annoy you that your jacket and jeans pockets are always full of dog treats? And oh yes, those poo bags... Where to put them? We have the solution! This Dogmom bag is perfect for everything you need when you're on the way with your dog. The bag has a separate compartment for poop bags. There are also various sections in the bag where you can store dog treats for example, but there is also enough space for your mobile phone, wallet, etc.<\/p>\n<p>The bag is made from a beautiful, peach-colored corduroy fabric with black, metallic buckles and clips and can be combined with products from the other collections.<\/p>\n<p>Size: 20cm x 17cm x 6cm<\/p>","protected":false},"excerpt":{"rendered":"<p>Nervt es dich auch, dass immer die ganze Jacke und die Hosentaschen voll mit Hundeleckerlis sind? Und ach ja, diese Kotbeutel&#8230; Wohin mit denen? Wir haben die L\u00f6sung! Diese Dogmom-Tasche ist perfekt f\u00fcr alles was du brauchst, wenn du mit deinem Hund unterwegs bist. Die Tasche hat ein separates Fach f\u00fcr Kotbeutel. Es gibt au\u00dferdem [&hellip;]<\/p>","protected":false},"featured_media":3888,"comment_status":"open","ping_status":"closed","template":"","meta":[],"product_cat":[183,28],"product_tag":[143,137,134,140,138,136,135,139,162],"class_list":{"0":"post-3887","1":"product","2":"type-product","3":"status-publish","4":"has-post-thumbnail","6":"product_cat-peachy-punch","7":"product_cat-dogmom-tasche","8":"product_tag-cord","9":"product_tag-futtertasche-hund","10":"product_tag-hundeleckerli-tasche","11":"product_tag-hundetasche","12":"product_tag-hundetasche-fuer-leckerlis","13":"product_tag-leckerlibeutel","14":"product_tag-leckerlibeutel-hund","15":"product_tag-leckerlibeutel-umhaengen","16":"product_tag-taupe","18":"first","19":"instock","20":"shipping-taxable","21":"purchasable","22":"product-type-simple"},"yoast_head":"<!-- This site is optimized with the Yoast SEO plugin v20.12 - https:\/\/yoast.com\/wordpress\/plugins\/seo\/ -->\n<title>Dogmom-Tasche - Peachy Punch - TED&#039;S &amp; TAILS<\/title>\n<meta name=\"description\" content=\"Diese Dogmom-Tasche ist perfekt f\u00fcr alles was du brauchst, wenn du mit deinem Hund unterwegs bist. Die Tasche hat eine sch\u00f6ne Pfirsichfarbe.\" \/>\n<meta name=\"robots\" content=\"index, follow, max-snippet:-1, max-image-preview:large, max-video-preview:-1\" \/>\n<link rel=\"canonical\" href=\"https:\/\/tedsandtails.de\/en\/product\/dogmom-tasche-peachy-punch\/\" \/>\n<meta property=\"og:locale\" content=\"en_GB\" \/>\n<meta property=\"og:type\" content=\"article\" \/>\n<meta property=\"og:title\" content=\"Dogmom-Tasche - Peachy Punch - TED&#039;S &amp; TAILS\" \/>\n<meta property=\"og:description\" content=\"Diese Dogmom-Tasche ist perfekt f\u00fcr alles was du brauchst, wenn du mit deinem Hund unterwegs bist. Die Tasche hat eine sch\u00f6ne Pfirsichfarbe.\" \/>\n<meta property=\"og:url\" content=\"https:\/\/tedsandtails.de\/en\/product\/dogmom-tasche-peachy-punch\/\" \/>\n<meta property=\"og:site_name\" content=\"TED&#039;S &amp; TAILS\" \/>\n<meta property=\"article:modified_time\" content=\"2025-05-30T19:10:52+00:00\" \/>\n<meta property=\"og:image\" content=\"https:\/\/tedsandtails.de\/wp-content\/uploads\/2024\/03\/SS24-103.jpg\" \/>\n\t<meta property=\"og:image:width\" content=\"1365\" \/>\n\t<meta property=\"og:image:height\" content=\"2048\" \/>\n\t<meta property=\"og:image:type\" content=\"image\/jpeg\" \/>\n<meta name=\"twitter:card\" content=\"summary_large_image\" \/>\n<meta name=\"twitter:label1\" content=\"Est. reading time\" \/>\n\t<meta name=\"twitter:data1\" content=\"1 minute\" \/>\n<script type=\"application\/ld+json\" class=\"yoast-schema-graph\">{\"@context\":\"https:\/\/schema.org\",\"@graph\":[{\"@type\":\"WebPage\",\"@id\":\"https:\/\/tedsandtails.de\/produkt\/dogmom-tasche-peachy-punch\/\",\"url\":\"https:\/\/tedsandtails.de\/produkt\/dogmom-tasche-peachy-punch\/\",\"name\":\"Dogmom-Tasche - Peachy Punch - TED&#039;S &amp; TAILS\",\"isPartOf\":{\"@id\":\"https:\/\/tedsandtails.de\/#website\"},\"datePublished\":\"2024-03-05T08:51:16+00:00\",\"dateModified\":\"2025-05-30T19:10:52+00:00\",\"description\":\"Diese Dogmom-Tasche ist perfekt f\u00fcr alles was du brauchst, wenn du mit deinem Hund unterwegs bist. Die Tasche hat eine sch\u00f6ne Pfirsichfarbe.\",\"breadcrumb\":{\"@id\":\"https:\/\/tedsandtails.de\/produkt\/dogmom-tasche-peachy-punch\/#breadcrumb\"},\"inLanguage\":\"en-GB\",\"potentialAction\":[{\"@type\":\"ReadAction\",\"target\":[\"https:\/\/tedsandtails.de\/produkt\/dogmom-tasche-peachy-punch\/\"]}]},{\"@type\":\"BreadcrumbList\",\"@id\":\"https:\/\/tedsandtails.de\/produkt\/dogmom-tasche-peachy-punch\/#breadcrumb\",\"itemListElement\":[{\"@type\":\"ListItem\",\"position\":1,\"name\":\"Startseite\",\"item\":\"https:\/\/tedsandtails.de\/\"},{\"@type\":\"ListItem\",\"position\":2,\"name\":\"Shop\",\"item\":\"https:\/\/tedsandtails.de\/shop\/\"},{\"@type\":\"ListItem\",\"position\":3,\"name\":\"Dogmom-Tasche &#8211; Peachy Punch\"}]},{\"@type\":\"WebSite\",\"@id\":\"https:\/\/tedsandtails.de\/#website\",\"url\":\"https:\/\/tedsandtails.de\/\",\"name\":\"TED&#039;S &amp; TAILS\",\"description\":\"\",\"publisher\":{\"@id\":\"https:\/\/tedsandtails.de\/#organization\"},\"potentialAction\":[{\"@type\":\"SearchAction\",\"target\":{\"@type\":\"EntryPoint\",\"urlTemplate\":\"https:\/\/tedsandtails.de\/?s={search_term_string}\"},\"query-input\":\"required name=search_term_string\"}],\"inLanguage\":\"en-GB\"},{\"@type\":\"Organization\",\"@id\":\"https:\/\/tedsandtails.de\/#organization\",\"name\":\"TED&#039;S &amp; TAILS\",\"url\":\"https:\/\/tedsandtails.de\/\",\"logo\":{\"@type\":\"ImageObject\",\"inLanguage\":\"en-GB\",\"@id\":\"https:\/\/tedsandtails.de\/#\/schema\/logo\/image\/\",\"url\":\"https:\/\/tedsandtails.de\/wp-content\/uploads\/2022\/09\/Teddys-5.png\",\"contentUrl\":\"https:\/\/tedsandtails.de\/wp-content\/uploads\/2022\/09\/Teddys-5.png\",\"width\":1080,\"height\":1080,\"caption\":\"TED&#039;S &amp; TAILS\"},\"image\":{\"@id\":\"https:\/\/tedsandtails.de\/#\/schema\/logo\/image\/\"}}]}<\/script>\n<!-- \/ Yoast SEO plugin. -->","yoast_head_json":{"title":"Dogmom-Tasche - Peachy Punch - TED&#039;S &amp; TAILS","description":"Diese Dogmom-Tasche ist perfekt f\u00fcr alles was du brauchst, wenn du mit deinem Hund unterwegs bist. Die Tasche hat eine sch\u00f6ne Pfirsichfarbe.","robots":{"index":"index","follow":"follow","max-snippet":"max-snippet:-1","max-image-preview":"max-image-preview:large","max-video-preview":"max-video-preview:-1"},"canonical":"https:\/\/tedsandtails.de\/en\/product\/dogmom-tasche-peachy-punch\/","og_locale":"en_GB","og_type":"article","og_title":"Dogmom-Tasche - Peachy Punch - TED&#039;S &amp; TAILS","og_description":"Diese Dogmom-Tasche ist perfekt f\u00fcr alles was du brauchst, wenn du mit deinem Hund unterwegs bist. Die Tasche hat eine sch\u00f6ne Pfirsichfarbe.","og_url":"https:\/\/tedsandtails.de\/en\/product\/dogmom-tasche-peachy-punch\/","og_site_name":"TED&#039;S &amp; TAILS","article_modified_time":"2025-05-30T19:10:52+00:00","og_image":[{"width":1365,"height":2048,"url":"https:\/\/tedsandtails.de\/wp-content\/uploads\/2024\/03\/SS24-103.jpg","type":"image\/jpeg"}],"twitter_card":"summary_large_image","twitter_misc":{"Est. reading time":"1 minute"},"schema":{"@context":"https:\/\/schema.org","@graph":[{"@type":"WebPage","@id":"https:\/\/tedsandtails.de\/produkt\/dogmom-tasche-peachy-punch\/","url":"https:\/\/tedsandtails.de\/produkt\/dogmom-tasche-peachy-punch\/","name":"Dogmom-Tasche - Peachy Punch - TED&#039;S &amp; TAILS","isPartOf":{"@id":"https:\/\/tedsandtails.de\/#website"},"datePublished":"2024-03-05T08:51:16+00:00","dateModified":"2025-05-30T19:10:52+00:00","description":"Diese Dogmom-Tasche ist perfekt f\u00fcr alles was du brauchst, wenn du mit deinem Hund unterwegs bist. Die Tasche hat eine sch\u00f6ne Pfirsichfarbe.","breadcrumb":{"@id":"https:\/\/tedsandtails.de\/produkt\/dogmom-tasche-peachy-punch\/#breadcrumb"},"inLanguage":"en-GB","potentialAction":[{"@type":"ReadAction","target":["https:\/\/tedsandtails.de\/produkt\/dogmom-tasche-peachy-punch\/"]}]},{"@type":"BreadcrumbList","@id":"https:\/\/tedsandtails.de\/produkt\/dogmom-tasche-peachy-punch\/#breadcrumb","itemListElement":[{"@type":"ListItem","position":1,"name":"Startseite","item":"https:\/\/tedsandtails.de\/"},{"@type":"ListItem","position":2,"name":"Shop","item":"https:\/\/tedsandtails.de\/shop\/"},{"@type":"ListItem","position":3,"name":"Dogmom-Tasche &#8211; Peachy Punch"}]},{"@type":"WebSite","@id":"https:\/\/tedsandtails.de\/#website","url":"https:\/\/tedsandtails.de\/","name":"TED&#039;S &amp; TAILS","description":"","publisher":{"@id":"https:\/\/tedsandtails.de\/#organization"},"potentialAction":[{"@type":"SearchAction","target":{"@type":"EntryPoint","urlTemplate":"https:\/\/tedsandtails.de\/?s={search_term_string}"},"query-input":"required name=search_term_string"}],"inLanguage":"en-GB"},{"@type":"Organization","@id":"https:\/\/tedsandtails.de\/#organization","name":"TED&#039;S &amp; TAILS","url":"https:\/\/tedsandtails.de\/","logo":{"@type":"ImageObject","inLanguage":"en-GB","@id":"https:\/\/tedsandtails.de\/#\/schema\/logo\/image\/","url":"https:\/\/tedsandtails.de\/wp-content\/uploads\/2022\/09\/Teddys-5.png","contentUrl":"https:\/\/tedsandtails.de\/wp-content\/uploads\/2022\/09\/Teddys-5.png","width":1080,"height":1080,"caption":"TED&#039;S &amp; TAILS"},"image":{"@id":"https:\/\/tedsandtails.de\/#\/schema\/logo\/image\/"}}]}},"_links":{"self":[{"href":"https:\/\/tedsandtails.de\/en\/wp-json\/wp\/v2\/product\/3887","targetHints":{"allow":["GET"]}}],"collection":[{"href":"https:\/\/tedsandtails.de\/en\/wp-json\/wp\/v2\/product"}],"about":[{"href":"https:\/\/tedsandtails.de\/en\/wp-json\/wp\/v2\/types\/product"}],"replies":[{"embeddable":true,"href":"https:\/\/tedsandtails.de\/en\/wp-json\/wp\/v2\/comments?post=3887"}],"wp:featuredmedia":[{"embeddable":true,"href":"https:\/\/tedsandtails.de\/en\/wp-json\/wp\/v2\/media\/3888"}],"wp:attachment":[{"href":"https:\/\/tedsandtails.de\/en\/wp-json\/wp\/v2\/media?parent=3887"}],"wp:term":[{"taxonomy":"product_cat","embeddable":true,"href":"https:\/\/tedsandtails.de\/en\/wp-json\/wp\/v2\/product_cat?post=3887"},{"taxonomy":"product_tag","embeddable":true,"href":"https:\/\/tedsandtails.de\/en\/wp-json\/wp\/v2\/product_tag?post=3887"}],"curies":[{"name":"wp","href":"https:\/\/api.w.org\/{rel}","templated":true}]}}