{"id":3913,"date":"2024-03-05T11:25:17","date_gmt":"2024-03-05T10:25:17","guid":{"rendered":"https:\/\/tedsandtails.de\/?post_type=product&#038;p=3913"},"modified":"2026-03-10T11:49:48","modified_gmt":"2026-03-10T10:49:48","slug":"halsband-beige-blossom","status":"publish","type":"product","link":"https:\/\/tedsandtails.de\/en\/product\/halsband-beige-blossom\/","title":{"rendered":"Collar - Beige &amp; Blossom"},"content":{"rendered":"<p>Are you looking for the most beautiful accessories for your dog that are in line with the latest trends? Then this collar from the\u00a0<i>Beige &amp; Blossom\u00a0<\/i>collection is just the right thing for you!<\/p>\n<p>Mix &amp; match with all the other products in this collection to complete the look.<\/p>\n<p>The collar is made from a beautiful beige\/blush-colored embroidered fabric and has strong golden clasps and rings. The thickness and size of the collar, clasps and rings are adjusted to the size of the collar. The collar is available in sizes XS to XL. Wondering what size your dog is? Take a look at our size chart.<\/p>","protected":false},"excerpt":{"rendered":"<p>Du bist auf der Suche nach den sch\u00f6nsten Accessoires f\u00fcr deinen Hund, die den aktuellen Trends entsprechen? Dann ist dieses Halsband aus der\u00a0Beige &amp; Blossom\u00a0Kollektion genau das Richtige f\u00fcr dich! Mix &amp; Match mit allen anderen Produkten dieser Kollektion, um den Look zu vervollst\u00e4ndigen. Das Halsband ist aus einem sch\u00f6nen beige\/blushfarbenen bestickten Stoff gefertigt und [&hellip;]<\/p>","protected":false},"featured_media":3919,"comment_status":"open","ping_status":"closed","template":"","meta":[],"product_cat":[187,26],"product_tag":[62,46,61,47,50,44],"class_list":{"0":"post-3913","1":"product","2":"type-product","3":"status-publish","4":"has-post-thumbnail","6":"product_cat-beige-blossom","7":"product_cat-halsbaender","8":"product_tag-collar","9":"product_tag-dog-accessories","10":"product_tag-halsband","11":"product_tag-honden","12":"product_tag-hondenaccessoires","13":"product_tag-hundezubehoer","15":"first","16":"instock","17":"sale","18":"shipping-taxable","19":"purchasable","20":"product-type-variable","21":"has-default-attributes"},"yoast_head":"<!-- This site is optimized with the Yoast SEO plugin v20.12 - https:\/\/yoast.com\/wordpress\/plugins\/seo\/ -->\n<title>Halsband - Beige &amp; Blossom - TED&#039;S &amp; TAILS<\/title>\n<meta name=\"description\" content=\"Das Halsband ist aus einem sch\u00f6nen beige\/blushfarbenen bestickten Stoff gefertigt und hat goldene, starke Verschl\u00fcsse und Ringe. Die Dicke und Gr\u00f6\u00dfe des Halsbandes, der Verschl\u00fcsse und der Ringe werden an die Gr\u00f6\u00dfe des Halsbandes angepasst. Das Halsband ist in den Gr\u00f6\u00dfen XS bis XL erh\u00e4ltlich. Du fragst dich, welche Gr\u00f6\u00dfe dein Hund hat? Sieh dir unsere Gr\u00f6\u00dfentabelle an.\" \/>\n<meta name=\"robots\" content=\"index, follow, max-snippet:-1, max-image-preview:large, max-video-preview:-1\" \/>\n<link rel=\"canonical\" href=\"https:\/\/tedsandtails.de\/en\/product\/halsband-beige-blossom\/\" \/>\n<meta property=\"og:locale\" content=\"en_GB\" \/>\n<meta property=\"og:type\" content=\"article\" \/>\n<meta property=\"og:title\" content=\"Halsband - Beige &amp; Blossom - TED&#039;S &amp; TAILS\" \/>\n<meta property=\"og:description\" content=\"Das Halsband ist aus einem sch\u00f6nen beige\/blushfarbenen bestickten Stoff gefertigt und hat goldene, starke Verschl\u00fcsse und Ringe. Die Dicke und Gr\u00f6\u00dfe des Halsbandes, der Verschl\u00fcsse und der Ringe werden an die Gr\u00f6\u00dfe des Halsbandes angepasst. Das Halsband ist in den Gr\u00f6\u00dfen XS bis XL erh\u00e4ltlich. Du fragst dich, welche Gr\u00f6\u00dfe dein Hund hat? Sieh dir unsere Gr\u00f6\u00dfentabelle an.\" \/>\n<meta property=\"og:url\" content=\"https:\/\/tedsandtails.de\/en\/product\/halsband-beige-blossom\/\" \/>\n<meta property=\"og:site_name\" content=\"TED&#039;S &amp; TAILS\" \/>\n<meta property=\"article:modified_time\" content=\"2026-03-10T10:49:48+00:00\" \/>\n<meta property=\"og:image\" content=\"https:\/\/tedsandtails.de\/wp-content\/uploads\/2024\/03\/SS24-58.jpg\" \/>\n\t<meta property=\"og:image:width\" content=\"1365\" \/>\n\t<meta property=\"og:image:height\" content=\"2048\" \/>\n\t<meta property=\"og:image:type\" content=\"image\/jpeg\" \/>\n<meta name=\"twitter:card\" content=\"summary_large_image\" \/>\n<meta name=\"twitter:label1\" content=\"Est. reading time\" \/>\n\t<meta name=\"twitter:data1\" content=\"1 minute\" \/>\n<script type=\"application\/ld+json\" class=\"yoast-schema-graph\">{\"@context\":\"https:\/\/schema.org\",\"@graph\":[{\"@type\":\"WebPage\",\"@id\":\"https:\/\/tedsandtails.de\/produkt\/halsband-beige-blossom\/\",\"url\":\"https:\/\/tedsandtails.de\/produkt\/halsband-beige-blossom\/\",\"name\":\"Halsband - Beige &amp; Blossom - TED&#039;S &amp; TAILS\",\"isPartOf\":{\"@id\":\"https:\/\/tedsandtails.de\/#website\"},\"datePublished\":\"2024-03-05T10:25:17+00:00\",\"dateModified\":\"2026-03-10T10:49:48+00:00\",\"description\":\"Das Halsband ist aus einem sch\u00f6nen beige\/blushfarbenen bestickten Stoff gefertigt und hat goldene, starke Verschl\u00fcsse und Ringe. Die Dicke und Gr\u00f6\u00dfe des Halsbandes, der Verschl\u00fcsse und der Ringe werden an die Gr\u00f6\u00dfe des Halsbandes angepasst. Das Halsband ist in den Gr\u00f6\u00dfen XS bis XL erh\u00e4ltlich. Du fragst dich, welche Gr\u00f6\u00dfe dein Hund hat? Sieh dir unsere Gr\u00f6\u00dfentabelle an.\",\"breadcrumb\":{\"@id\":\"https:\/\/tedsandtails.de\/produkt\/halsband-beige-blossom\/#breadcrumb\"},\"inLanguage\":\"en-GB\",\"potentialAction\":[{\"@type\":\"ReadAction\",\"target\":[\"https:\/\/tedsandtails.de\/produkt\/halsband-beige-blossom\/\"]}]},{\"@type\":\"BreadcrumbList\",\"@id\":\"https:\/\/tedsandtails.de\/produkt\/halsband-beige-blossom\/#breadcrumb\",\"itemListElement\":[{\"@type\":\"ListItem\",\"position\":1,\"name\":\"Startseite\",\"item\":\"https:\/\/tedsandtails.de\/\"},{\"@type\":\"ListItem\",\"position\":2,\"name\":\"Shop\",\"item\":\"https:\/\/tedsandtails.de\/shop\/\"},{\"@type\":\"ListItem\",\"position\":3,\"name\":\"Halsband &#8211; Beige &amp; Blossom\"}]},{\"@type\":\"WebSite\",\"@id\":\"https:\/\/tedsandtails.de\/#website\",\"url\":\"https:\/\/tedsandtails.de\/\",\"name\":\"TED&#039;S &amp; TAILS\",\"description\":\"\",\"publisher\":{\"@id\":\"https:\/\/tedsandtails.de\/#organization\"},\"potentialAction\":[{\"@type\":\"SearchAction\",\"target\":{\"@type\":\"EntryPoint\",\"urlTemplate\":\"https:\/\/tedsandtails.de\/?s={search_term_string}\"},\"query-input\":\"required name=search_term_string\"}],\"inLanguage\":\"en-GB\"},{\"@type\":\"Organization\",\"@id\":\"https:\/\/tedsandtails.de\/#organization\",\"name\":\"TED&#039;S &amp; TAILS\",\"url\":\"https:\/\/tedsandtails.de\/\",\"logo\":{\"@type\":\"ImageObject\",\"inLanguage\":\"en-GB\",\"@id\":\"https:\/\/tedsandtails.de\/#\/schema\/logo\/image\/\",\"url\":\"https:\/\/tedsandtails.de\/wp-content\/uploads\/2022\/09\/Teddys-5.png\",\"contentUrl\":\"https:\/\/tedsandtails.de\/wp-content\/uploads\/2022\/09\/Teddys-5.png\",\"width\":1080,\"height\":1080,\"caption\":\"TED&#039;S &amp; TAILS\"},\"image\":{\"@id\":\"https:\/\/tedsandtails.de\/#\/schema\/logo\/image\/\"}}]}<\/script>\n<!-- \/ Yoast SEO plugin. -->","yoast_head_json":{"title":"Halsband - Beige &amp; Blossom - TED&#039;S &amp; TAILS","description":"Das Halsband ist aus einem sch\u00f6nen beige\/blushfarbenen bestickten Stoff gefertigt und hat goldene, starke Verschl\u00fcsse und Ringe. Die Dicke und Gr\u00f6\u00dfe des Halsbandes, der Verschl\u00fcsse und der Ringe werden an die Gr\u00f6\u00dfe des Halsbandes angepasst. Das Halsband ist in den Gr\u00f6\u00dfen XS bis XL erh\u00e4ltlich. Du fragst dich, welche Gr\u00f6\u00dfe dein Hund hat? Sieh dir unsere Gr\u00f6\u00dfentabelle an.","robots":{"index":"index","follow":"follow","max-snippet":"max-snippet:-1","max-image-preview":"max-image-preview:large","max-video-preview":"max-video-preview:-1"},"canonical":"https:\/\/tedsandtails.de\/en\/product\/halsband-beige-blossom\/","og_locale":"en_GB","og_type":"article","og_title":"Halsband - Beige &amp; Blossom - TED&#039;S &amp; TAILS","og_description":"Das Halsband ist aus einem sch\u00f6nen beige\/blushfarbenen bestickten Stoff gefertigt und hat goldene, starke Verschl\u00fcsse und Ringe. Die Dicke und Gr\u00f6\u00dfe des Halsbandes, der Verschl\u00fcsse und der Ringe werden an die Gr\u00f6\u00dfe des Halsbandes angepasst. Das Halsband ist in den Gr\u00f6\u00dfen XS bis XL erh\u00e4ltlich. Du fragst dich, welche Gr\u00f6\u00dfe dein Hund hat? Sieh dir unsere Gr\u00f6\u00dfentabelle an.","og_url":"https:\/\/tedsandtails.de\/en\/product\/halsband-beige-blossom\/","og_site_name":"TED&#039;S &amp; TAILS","article_modified_time":"2026-03-10T10:49:48+00:00","og_image":[{"width":1365,"height":2048,"url":"https:\/\/tedsandtails.de\/wp-content\/uploads\/2024\/03\/SS24-58.jpg","type":"image\/jpeg"}],"twitter_card":"summary_large_image","twitter_misc":{"Est. reading time":"1 minute"},"schema":{"@context":"https:\/\/schema.org","@graph":[{"@type":"WebPage","@id":"https:\/\/tedsandtails.de\/produkt\/halsband-beige-blossom\/","url":"https:\/\/tedsandtails.de\/produkt\/halsband-beige-blossom\/","name":"Halsband - Beige &amp; Blossom - TED&#039;S &amp; TAILS","isPartOf":{"@id":"https:\/\/tedsandtails.de\/#website"},"datePublished":"2024-03-05T10:25:17+00:00","dateModified":"2026-03-10T10:49:48+00:00","description":"Das Halsband ist aus einem sch\u00f6nen beige\/blushfarbenen bestickten Stoff gefertigt und hat goldene, starke Verschl\u00fcsse und Ringe. Die Dicke und Gr\u00f6\u00dfe des Halsbandes, der Verschl\u00fcsse und der Ringe werden an die Gr\u00f6\u00dfe des Halsbandes angepasst. Das Halsband ist in den Gr\u00f6\u00dfen XS bis XL erh\u00e4ltlich. Du fragst dich, welche Gr\u00f6\u00dfe dein Hund hat? Sieh dir unsere Gr\u00f6\u00dfentabelle an.","breadcrumb":{"@id":"https:\/\/tedsandtails.de\/produkt\/halsband-beige-blossom\/#breadcrumb"},"inLanguage":"en-GB","potentialAction":[{"@type":"ReadAction","target":["https:\/\/tedsandtails.de\/produkt\/halsband-beige-blossom\/"]}]},{"@type":"BreadcrumbList","@id":"https:\/\/tedsandtails.de\/produkt\/halsband-beige-blossom\/#breadcrumb","itemListElement":[{"@type":"ListItem","position":1,"name":"Startseite","item":"https:\/\/tedsandtails.de\/"},{"@type":"ListItem","position":2,"name":"Shop","item":"https:\/\/tedsandtails.de\/shop\/"},{"@type":"ListItem","position":3,"name":"Halsband &#8211; Beige &amp; Blossom"}]},{"@type":"WebSite","@id":"https:\/\/tedsandtails.de\/#website","url":"https:\/\/tedsandtails.de\/","name":"TED&#039;S &amp; TAILS","description":"","publisher":{"@id":"https:\/\/tedsandtails.de\/#organization"},"potentialAction":[{"@type":"SearchAction","target":{"@type":"EntryPoint","urlTemplate":"https:\/\/tedsandtails.de\/?s={search_term_string}"},"query-input":"required name=search_term_string"}],"inLanguage":"en-GB"},{"@type":"Organization","@id":"https:\/\/tedsandtails.de\/#organization","name":"TED&#039;S &amp; TAILS","url":"https:\/\/tedsandtails.de\/","logo":{"@type":"ImageObject","inLanguage":"en-GB","@id":"https:\/\/tedsandtails.de\/#\/schema\/logo\/image\/","url":"https:\/\/tedsandtails.de\/wp-content\/uploads\/2022\/09\/Teddys-5.png","contentUrl":"https:\/\/tedsandtails.de\/wp-content\/uploads\/2022\/09\/Teddys-5.png","width":1080,"height":1080,"caption":"TED&#039;S &amp; TAILS"},"image":{"@id":"https:\/\/tedsandtails.de\/#\/schema\/logo\/image\/"}}]}},"_links":{"self":[{"href":"https:\/\/tedsandtails.de\/en\/wp-json\/wp\/v2\/product\/3913","targetHints":{"allow":["GET"]}}],"collection":[{"href":"https:\/\/tedsandtails.de\/en\/wp-json\/wp\/v2\/product"}],"about":[{"href":"https:\/\/tedsandtails.de\/en\/wp-json\/wp\/v2\/types\/product"}],"replies":[{"embeddable":true,"href":"https:\/\/tedsandtails.de\/en\/wp-json\/wp\/v2\/comments?post=3913"}],"wp:featuredmedia":[{"embeddable":true,"href":"https:\/\/tedsandtails.de\/en\/wp-json\/wp\/v2\/media\/3919"}],"wp:attachment":[{"href":"https:\/\/tedsandtails.de\/en\/wp-json\/wp\/v2\/media?parent=3913"}],"wp:term":[{"taxonomy":"product_cat","embeddable":true,"href":"https:\/\/tedsandtails.de\/en\/wp-json\/wp\/v2\/product_cat?post=3913"},{"taxonomy":"product_tag","embeddable":true,"href":"https:\/\/tedsandtails.de\/en\/wp-json\/wp\/v2\/product_tag?post=3913"}],"curies":[{"name":"wp","href":"https:\/\/api.w.org\/{rel}","templated":true}]}}