{"id":4609,"date":"2024-07-18T10:03:27","date_gmt":"2024-07-18T08:03:27","guid":{"rendered":"https:\/\/tedsandtails.de\/?post_type=product&#038;p=4609"},"modified":"2026-05-08T11:55:57","modified_gmt":"2026-05-08T09:55:57","slug":"handsfree-verstellbare-hundeleine-full-of-flowers","status":"publish","type":"product","link":"https:\/\/tedsandtails.de\/en\/product\/handsfree-verstellbare-hundeleine-full-of-flowers\/","title":{"rendered":"Handsfree\/verstellbare Hundeleine &#8211; Full of flowers"},"content":{"rendered":"<p>Du bist auf der Suche nach den sch\u00f6nsten Accessoires f\u00fcr deinen Hund, die den aktuellen Trends entsprechen? Dann ist diese Handsfree\/verstellbare Hundeleine aus der Full of flowers Kollektion genau das Richtige f\u00fcr dich! Die Hundeleine ist aus Polyester gefertigt und hat schwarze und stabile Metallringe und Clips. \u00a0Eine Handsfree\/verstellbare-Leine (200cm x 2cm) kann wie eine normale Leine verwendet werden, kann aber auch crossbody oder um die H\u00fcfte getragen werden, sodass du die H\u00e4nde frei hast.<\/p>\n<p>Mix &amp; match with all the other products in this collection to complete the look.<\/p>\n<p>Die Hundeleine ist in Gr\u00f6\u00dfe M (200cm x 2cm) erh\u00e4ltlich.<\/p>\n<p>&nbsp;<\/p>","protected":false},"excerpt":{"rendered":"<p>Du bist auf der Suche nach den sch\u00f6nsten Accessoires f\u00fcr deinen Hund, die den aktuellen Trends entsprechen? Dann ist diese Handsfree\/verstellbare Hundeleine aus der Full of flowers Kollektion genau das Richtige f\u00fcr dich! Die Hundeleine ist aus Polyester gefertigt und hat schwarze und stabile Metallringe und Clips. \u00a0Eine Handsfree\/verstellbare-Leine (200cm x 2cm) kann wie eine [&hellip;]<\/p>","protected":false},"featured_media":4743,"comment_status":"open","ping_status":"closed","template":"","meta":[],"product_cat":[188,19],"product_tag":[46,48,47,50,65,63,49,45,44,64,59],"class_list":{"0":"post-4609","1":"product","2":"type-product","3":"status-publish","4":"has-post-thumbnail","6":"product_cat-full-of-flowers","7":"product_cat-hundeleinen","8":"product_tag-dog-accessories","9":"product_tag-dogs","10":"product_tag-honden","11":"product_tag-hondenaccessoires","12":"product_tag-hondenlijn","13":"product_tag-hundeleine","14":"product_tag-hunden","15":"product_tag-hunden-accessoires","16":"product_tag-hundezubehoer","17":"product_tag-leash","18":"product_tag-rosa","20":"first","21":"instock","22":"sale","23":"shipping-taxable","24":"purchasable","25":"product-type-simple"},"yoast_head":"<!-- This site is optimized with the Yoast SEO plugin v20.12 - https:\/\/yoast.com\/wordpress\/plugins\/seo\/ -->\n<title>Handsfree\/verstellbare Hundeleine - Full of flowers - TED&#039;S &amp; TAILS<\/title>\n<meta name=\"description\" content=\"Du bist auf der Suche nach den sch\u00f6nsten Accessoires f\u00fcr deinen Hund, die den aktuellen Trends entsprechen? Dann ist dieseHandsfree\/verstellbare Hundeleine aus der Full Kollektion genau das Richtige f\u00fcr dich!\" \/>\n<meta name=\"robots\" content=\"index, follow, max-snippet:-1, max-image-preview:large, max-video-preview:-1\" \/>\n<link rel=\"canonical\" href=\"https:\/\/tedsandtails.de\/en\/product\/handsfree-verstellbare-hundeleine-full-of-flowers\/\" \/>\n<meta property=\"og:locale\" content=\"en_GB\" \/>\n<meta property=\"og:type\" content=\"article\" \/>\n<meta property=\"og:title\" content=\"Handsfree\/verstellbare Hundeleine - Full of flowers - TED&#039;S &amp; TAILS\" \/>\n<meta property=\"og:description\" content=\"Du bist auf der Suche nach den sch\u00f6nsten Accessoires f\u00fcr deinen Hund, die den aktuellen Trends entsprechen? Dann ist dieseHandsfree\/verstellbare Hundeleine aus der Full Kollektion genau das Richtige f\u00fcr dich!\" \/>\n<meta property=\"og:url\" content=\"https:\/\/tedsandtails.de\/en\/product\/handsfree-verstellbare-hundeleine-full-of-flowers\/\" \/>\n<meta property=\"og:site_name\" content=\"TED&#039;S &amp; TAILS\" \/>\n<meta property=\"article:modified_time\" content=\"2026-05-08T09:55:57+00:00\" \/>\n<meta property=\"og:image\" content=\"https:\/\/tedsandtails.de\/wp-content\/uploads\/2024\/07\/SS24-32.jpg\" \/>\n\t<meta property=\"og:image:width\" content=\"1365\" \/>\n\t<meta property=\"og:image:height\" content=\"2048\" \/>\n\t<meta property=\"og:image:type\" content=\"image\/jpeg\" \/>\n<meta name=\"twitter:card\" content=\"summary_large_image\" \/>\n<meta name=\"twitter:label1\" content=\"Est. reading time\" \/>\n\t<meta name=\"twitter:data1\" content=\"1 minute\" \/>\n<script type=\"application\/ld+json\" class=\"yoast-schema-graph\">{\"@context\":\"https:\/\/schema.org\",\"@graph\":[{\"@type\":\"WebPage\",\"@id\":\"https:\/\/tedsandtails.de\/produkt\/handsfree-verstellbare-hundeleine-full-of-flowers\/\",\"url\":\"https:\/\/tedsandtails.de\/produkt\/handsfree-verstellbare-hundeleine-full-of-flowers\/\",\"name\":\"Handsfree\/verstellbare Hundeleine - Full of flowers - TED&#039;S &amp; TAILS\",\"isPartOf\":{\"@id\":\"https:\/\/tedsandtails.de\/#website\"},\"datePublished\":\"2024-07-18T08:03:27+00:00\",\"dateModified\":\"2026-05-08T09:55:57+00:00\",\"description\":\"Du bist auf der Suche nach den sch\u00f6nsten Accessoires f\u00fcr deinen Hund, die den aktuellen Trends entsprechen? Dann ist dieseHandsfree\/verstellbare Hundeleine aus der Full Kollektion genau das Richtige f\u00fcr dich!\",\"breadcrumb\":{\"@id\":\"https:\/\/tedsandtails.de\/produkt\/handsfree-verstellbare-hundeleine-full-of-flowers\/#breadcrumb\"},\"inLanguage\":\"en-GB\",\"potentialAction\":[{\"@type\":\"ReadAction\",\"target\":[\"https:\/\/tedsandtails.de\/produkt\/handsfree-verstellbare-hundeleine-full-of-flowers\/\"]}]},{\"@type\":\"BreadcrumbList\",\"@id\":\"https:\/\/tedsandtails.de\/produkt\/handsfree-verstellbare-hundeleine-full-of-flowers\/#breadcrumb\",\"itemListElement\":[{\"@type\":\"ListItem\",\"position\":1,\"name\":\"Startseite\",\"item\":\"https:\/\/tedsandtails.de\/\"},{\"@type\":\"ListItem\",\"position\":2,\"name\":\"Shop\",\"item\":\"https:\/\/tedsandtails.de\/shop\/\"},{\"@type\":\"ListItem\",\"position\":3,\"name\":\"Handsfree\/verstellbare Hundeleine &#8211; Full of flowers\"}]},{\"@type\":\"WebSite\",\"@id\":\"https:\/\/tedsandtails.de\/#website\",\"url\":\"https:\/\/tedsandtails.de\/\",\"name\":\"TED&#039;S &amp; TAILS\",\"description\":\"\",\"publisher\":{\"@id\":\"https:\/\/tedsandtails.de\/#organization\"},\"potentialAction\":[{\"@type\":\"SearchAction\",\"target\":{\"@type\":\"EntryPoint\",\"urlTemplate\":\"https:\/\/tedsandtails.de\/?s={search_term_string}\"},\"query-input\":\"required name=search_term_string\"}],\"inLanguage\":\"en-GB\"},{\"@type\":\"Organization\",\"@id\":\"https:\/\/tedsandtails.de\/#organization\",\"name\":\"TED&#039;S &amp; TAILS\",\"url\":\"https:\/\/tedsandtails.de\/\",\"logo\":{\"@type\":\"ImageObject\",\"inLanguage\":\"en-GB\",\"@id\":\"https:\/\/tedsandtails.de\/#\/schema\/logo\/image\/\",\"url\":\"https:\/\/tedsandtails.de\/wp-content\/uploads\/2022\/09\/Teddys-5.png\",\"contentUrl\":\"https:\/\/tedsandtails.de\/wp-content\/uploads\/2022\/09\/Teddys-5.png\",\"width\":1080,\"height\":1080,\"caption\":\"TED&#039;S &amp; TAILS\"},\"image\":{\"@id\":\"https:\/\/tedsandtails.de\/#\/schema\/logo\/image\/\"}}]}<\/script>\n<!-- \/ Yoast SEO plugin. -->","yoast_head_json":{"title":"Handsfree\/verstellbare Hundeleine - Full of flowers - TED&#039;S &amp; TAILS","description":"Du bist auf der Suche nach den sch\u00f6nsten Accessoires f\u00fcr deinen Hund, die den aktuellen Trends entsprechen? Dann ist dieseHandsfree\/verstellbare Hundeleine aus der Full Kollektion genau das Richtige f\u00fcr dich!","robots":{"index":"index","follow":"follow","max-snippet":"max-snippet:-1","max-image-preview":"max-image-preview:large","max-video-preview":"max-video-preview:-1"},"canonical":"https:\/\/tedsandtails.de\/en\/product\/handsfree-verstellbare-hundeleine-full-of-flowers\/","og_locale":"en_GB","og_type":"article","og_title":"Handsfree\/verstellbare Hundeleine - Full of flowers - TED&#039;S &amp; TAILS","og_description":"Du bist auf der Suche nach den sch\u00f6nsten Accessoires f\u00fcr deinen Hund, die den aktuellen Trends entsprechen? Dann ist dieseHandsfree\/verstellbare Hundeleine aus der Full Kollektion genau das Richtige f\u00fcr dich!","og_url":"https:\/\/tedsandtails.de\/en\/product\/handsfree-verstellbare-hundeleine-full-of-flowers\/","og_site_name":"TED&#039;S &amp; TAILS","article_modified_time":"2026-05-08T09:55:57+00:00","og_image":[{"width":1365,"height":2048,"url":"https:\/\/tedsandtails.de\/wp-content\/uploads\/2024\/07\/SS24-32.jpg","type":"image\/jpeg"}],"twitter_card":"summary_large_image","twitter_misc":{"Est. reading time":"1 minute"},"schema":{"@context":"https:\/\/schema.org","@graph":[{"@type":"WebPage","@id":"https:\/\/tedsandtails.de\/produkt\/handsfree-verstellbare-hundeleine-full-of-flowers\/","url":"https:\/\/tedsandtails.de\/produkt\/handsfree-verstellbare-hundeleine-full-of-flowers\/","name":"Handsfree\/verstellbare Hundeleine - Full of flowers - TED&#039;S &amp; TAILS","isPartOf":{"@id":"https:\/\/tedsandtails.de\/#website"},"datePublished":"2024-07-18T08:03:27+00:00","dateModified":"2026-05-08T09:55:57+00:00","description":"Du bist auf der Suche nach den sch\u00f6nsten Accessoires f\u00fcr deinen Hund, die den aktuellen Trends entsprechen? Dann ist dieseHandsfree\/verstellbare Hundeleine aus der Full Kollektion genau das Richtige f\u00fcr dich!","breadcrumb":{"@id":"https:\/\/tedsandtails.de\/produkt\/handsfree-verstellbare-hundeleine-full-of-flowers\/#breadcrumb"},"inLanguage":"en-GB","potentialAction":[{"@type":"ReadAction","target":["https:\/\/tedsandtails.de\/produkt\/handsfree-verstellbare-hundeleine-full-of-flowers\/"]}]},{"@type":"BreadcrumbList","@id":"https:\/\/tedsandtails.de\/produkt\/handsfree-verstellbare-hundeleine-full-of-flowers\/#breadcrumb","itemListElement":[{"@type":"ListItem","position":1,"name":"Startseite","item":"https:\/\/tedsandtails.de\/"},{"@type":"ListItem","position":2,"name":"Shop","item":"https:\/\/tedsandtails.de\/shop\/"},{"@type":"ListItem","position":3,"name":"Handsfree\/verstellbare Hundeleine &#8211; Full of flowers"}]},{"@type":"WebSite","@id":"https:\/\/tedsandtails.de\/#website","url":"https:\/\/tedsandtails.de\/","name":"TED&#039;S &amp; TAILS","description":"","publisher":{"@id":"https:\/\/tedsandtails.de\/#organization"},"potentialAction":[{"@type":"SearchAction","target":{"@type":"EntryPoint","urlTemplate":"https:\/\/tedsandtails.de\/?s={search_term_string}"},"query-input":"required name=search_term_string"}],"inLanguage":"en-GB"},{"@type":"Organization","@id":"https:\/\/tedsandtails.de\/#organization","name":"TED&#039;S &amp; TAILS","url":"https:\/\/tedsandtails.de\/","logo":{"@type":"ImageObject","inLanguage":"en-GB","@id":"https:\/\/tedsandtails.de\/#\/schema\/logo\/image\/","url":"https:\/\/tedsandtails.de\/wp-content\/uploads\/2022\/09\/Teddys-5.png","contentUrl":"https:\/\/tedsandtails.de\/wp-content\/uploads\/2022\/09\/Teddys-5.png","width":1080,"height":1080,"caption":"TED&#039;S &amp; TAILS"},"image":{"@id":"https:\/\/tedsandtails.de\/#\/schema\/logo\/image\/"}}]}},"_links":{"self":[{"href":"https:\/\/tedsandtails.de\/en\/wp-json\/wp\/v2\/product\/4609","targetHints":{"allow":["GET"]}}],"collection":[{"href":"https:\/\/tedsandtails.de\/en\/wp-json\/wp\/v2\/product"}],"about":[{"href":"https:\/\/tedsandtails.de\/en\/wp-json\/wp\/v2\/types\/product"}],"replies":[{"embeddable":true,"href":"https:\/\/tedsandtails.de\/en\/wp-json\/wp\/v2\/comments?post=4609"}],"wp:featuredmedia":[{"embeddable":true,"href":"https:\/\/tedsandtails.de\/en\/wp-json\/wp\/v2\/media\/4743"}],"wp:attachment":[{"href":"https:\/\/tedsandtails.de\/en\/wp-json\/wp\/v2\/media?parent=4609"}],"wp:term":[{"taxonomy":"product_cat","embeddable":true,"href":"https:\/\/tedsandtails.de\/en\/wp-json\/wp\/v2\/product_cat?post=4609"},{"taxonomy":"product_tag","embeddable":true,"href":"https:\/\/tedsandtails.de\/en\/wp-json\/wp\/v2\/product_tag?post=4609"}],"curies":[{"name":"wp","href":"https:\/\/api.w.org\/{rel}","templated":true}]}}