{"id":4956,"date":"2024-10-14T19:02:09","date_gmt":"2024-10-14T17:02:09","guid":{"rendered":"https:\/\/tedsandtails.de\/?post_type=product&#038;p=4956"},"modified":"2026-02-06T08:55:27","modified_gmt":"2026-02-06T07:55:27","slug":"dogmom-essentials-bag-sage-spruce","status":"publish","type":"product","link":"https:\/\/tedsandtails.de\/en\/product\/dogmom-essentials-bag-sage-spruce\/","title":{"rendered":"Dogmom Essentials Bag &#8211; Sage &#038; Spruce"},"content":{"rendered":"<p>Diese coole Crossbody-Tasche ist ein Muss f\u00fcr jede Hundemama! In einer trendigen Kombination aus sanftem Salbeigr\u00fcn und tiefem Dunkelgr\u00fcn passt sie perfekt zu jedem Outfit und ist super praktisch f\u00fcr eure t\u00e4glichen Spazierg\u00e4nge. Sie bietet genug Platz f\u00fcr Leckerlis, Kotbeutel und alles, was du unterwegs brauchst.<\/p>\n<p><strong>Warum du sie lieben wirst:<\/strong><\/p>\n<ul>\n<li>Praktischer Stauraum: Perfekt f\u00fcr Snacks, Kotbeutel und andere Kleinigkeiten.<\/li>\n<li>Stylische Farben: Der Mix aus Salbeigr\u00fcn und Dunkelgr\u00fcn verleiht der Tasche einen modernen, nat\u00fcrlichen Look.<\/li>\n<li>Robuste Materialien: Langlebiges veganes Leder und weicher Cord f\u00fcr einen stylischen und funktionalen Begleiter.<\/li>\n<li>Kompakte Gr\u00f6\u00dfe: Mit Ma\u00dfen von 21 x 5 x 6 cm bietet die Tasche genau den Platz, den du brauchst, ohne zu gro\u00df zu sein.<\/li>\n<li>Praktische F\u00e4cher: Mit Rei\u00dfverschluss f\u00fcr sicheren Zugriff auf deine Sachen.<\/li>\n<\/ul>","protected":false},"excerpt":{"rendered":"<p>Diese coole Crossbody-Tasche ist ein Muss f\u00fcr jede Hundemama! In einer trendigen Kombination aus sanftem Salbeigr\u00fcn und tiefem Dunkelgr\u00fcn passt sie perfekt zu jedem Outfit und ist super praktisch f\u00fcr eure t\u00e4glichen Spazierg\u00e4nge. Sie bietet genug Platz f\u00fcr Leckerlis, Kotbeutel und alles, was du unterwegs brauchst. Warum du sie lieben wirst: Praktischer Stauraum: Perfekt f\u00fcr [&hellip;]<\/p>","protected":false},"featured_media":4957,"comment_status":"open","ping_status":"closed","template":"","meta":[],"product_cat":[193,27,28],"product_tag":[],"class_list":{"0":"post-4956","1":"product","2":"type-product","3":"status-publish","4":"has-post-thumbnail","6":"product_cat-sage-spruce-kollektionen","7":"product_cat-hundemamas","8":"product_cat-dogmom-tasche","10":"first","11":"instock","12":"sale","13":"shipping-taxable","14":"purchasable","15":"product-type-simple"},"yoast_head":"<!-- This site is optimized with the Yoast SEO plugin v20.12 - https:\/\/yoast.com\/wordpress\/plugins\/seo\/ -->\n<title>Dogmom Essentials Bag - Sage &amp; Spruce - TED&#039;S &amp; TAILS<\/title>\n<meta name=\"description\" content=\"Diese coole Crossbody-Tasche ist ein Muss f\u00fcr jede Hundemama! In einer trendigen Kombination aus sanftem Salbeigr\u00fcn und tiefem Dunkelgr\u00fcn passt sie perfekt zu jedem Outfit und ist super praktisch f\u00fcr eure t\u00e4glichen Spazierg\u00e4nge. Sie bietet genug Platz f\u00fcr Leckerlis, Kotbeutel und alles, was du unterwegs brauchst.Warum du sie lieben wirst:Praktischer Stauraum: Perfekt f\u00fcr Snacks, Kotbeutel und andere Kleinigkeiten.Stylische Farben: Der Mix aus Salbeigr\u00fcn und Dunkelgr\u00fcn verleiht der Tasche einen modernen, nat\u00fcrlichen Look.Robuste Materialien: Langlebiges veganes Leder und weicher Cord f\u00fcr einen stylischen und funktionalen Begleiter.Kompakte Gr\u00f6\u00dfe: Mit Ma\u00dfen von 21 x 5 x 6 cm bietet die Tasche genau den Platz, den du brauchst, ohne zu gro\u00df zu sein.Praktische F\u00e4cher: Mit Rei\u00dfverschluss f\u00fcr sicheren Zugriff auf deine Sachen.\" \/>\n<meta name=\"robots\" content=\"index, follow, max-snippet:-1, max-image-preview:large, max-video-preview:-1\" \/>\n<link rel=\"canonical\" href=\"https:\/\/tedsandtails.de\/en\/product\/dogmom-essentials-bag-sage-spruce\/\" \/>\n<meta property=\"og:locale\" content=\"en_GB\" \/>\n<meta property=\"og:type\" content=\"article\" \/>\n<meta property=\"og:title\" content=\"Dogmom Essentials Bag - Sage &amp; Spruce - TED&#039;S &amp; TAILS\" \/>\n<meta property=\"og:description\" content=\"Diese coole Crossbody-Tasche ist ein Muss f\u00fcr jede Hundemama! In einer trendigen Kombination aus sanftem Salbeigr\u00fcn und tiefem Dunkelgr\u00fcn passt sie perfekt zu jedem Outfit und ist super praktisch f\u00fcr eure t\u00e4glichen Spazierg\u00e4nge. Sie bietet genug Platz f\u00fcr Leckerlis, Kotbeutel und alles, was du unterwegs brauchst.Warum du sie lieben wirst:Praktischer Stauraum: Perfekt f\u00fcr Snacks, Kotbeutel und andere Kleinigkeiten.Stylische Farben: Der Mix aus Salbeigr\u00fcn und Dunkelgr\u00fcn verleiht der Tasche einen modernen, nat\u00fcrlichen Look.Robuste Materialien: Langlebiges veganes Leder und weicher Cord f\u00fcr einen stylischen und funktionalen Begleiter.Kompakte Gr\u00f6\u00dfe: Mit Ma\u00dfen von 21 x 5 x 6 cm bietet die Tasche genau den Platz, den du brauchst, ohne zu gro\u00df zu sein.Praktische F\u00e4cher: Mit Rei\u00dfverschluss f\u00fcr sicheren Zugriff auf deine Sachen.\" \/>\n<meta property=\"og:url\" content=\"https:\/\/tedsandtails.de\/en\/product\/dogmom-essentials-bag-sage-spruce\/\" \/>\n<meta property=\"og:site_name\" content=\"TED&#039;S &amp; TAILS\" \/>\n<meta property=\"article:modified_time\" content=\"2026-02-06T07:55:27+00:00\" \/>\n<meta property=\"og:image\" content=\"https:\/\/tedsandtails.de\/wp-content\/uploads\/2024\/10\/AW24-50.jpg\" \/>\n\t<meta property=\"og:image:width\" content=\"1536\" \/>\n\t<meta property=\"og:image:height\" content=\"2048\" \/>\n\t<meta property=\"og:image:type\" content=\"image\/jpeg\" \/>\n<meta name=\"twitter:card\" content=\"summary_large_image\" \/>\n<meta name=\"twitter:label1\" content=\"Est. reading time\" \/>\n\t<meta name=\"twitter:data1\" content=\"1 minute\" \/>\n<script type=\"application\/ld+json\" class=\"yoast-schema-graph\">{\"@context\":\"https:\/\/schema.org\",\"@graph\":[{\"@type\":\"WebPage\",\"@id\":\"https:\/\/tedsandtails.de\/produkt\/dogmom-essentials-bag-sage-spruce\/\",\"url\":\"https:\/\/tedsandtails.de\/produkt\/dogmom-essentials-bag-sage-spruce\/\",\"name\":\"Dogmom Essentials Bag - Sage & Spruce - TED&#039;S &amp; TAILS\",\"isPartOf\":{\"@id\":\"https:\/\/tedsandtails.de\/#website\"},\"datePublished\":\"2024-10-14T17:02:09+00:00\",\"dateModified\":\"2026-02-06T07:55:27+00:00\",\"description\":\"Diese coole Crossbody-Tasche ist ein Muss f\u00fcr jede Hundemama! In einer trendigen Kombination aus sanftem Salbeigr\u00fcn und tiefem Dunkelgr\u00fcn passt sie perfekt zu jedem Outfit und ist super praktisch f\u00fcr eure t\u00e4glichen Spazierg\u00e4nge. Sie bietet genug Platz f\u00fcr Leckerlis, Kotbeutel und alles, was du unterwegs brauchst.Warum du sie lieben wirst:Praktischer Stauraum: Perfekt f\u00fcr Snacks, Kotbeutel und andere Kleinigkeiten.Stylische Farben: Der Mix aus Salbeigr\u00fcn und Dunkelgr\u00fcn verleiht der Tasche einen modernen, nat\u00fcrlichen Look.Robuste Materialien: Langlebiges veganes Leder und weicher Cord f\u00fcr einen stylischen und funktionalen Begleiter.Kompakte Gr\u00f6\u00dfe: Mit Ma\u00dfen von 21 x 5 x 6 cm bietet die Tasche genau den Platz, den du brauchst, ohne zu gro\u00df zu sein.Praktische F\u00e4cher: Mit Rei\u00dfverschluss f\u00fcr sicheren Zugriff auf deine Sachen.\",\"breadcrumb\":{\"@id\":\"https:\/\/tedsandtails.de\/produkt\/dogmom-essentials-bag-sage-spruce\/#breadcrumb\"},\"inLanguage\":\"en-GB\",\"potentialAction\":[{\"@type\":\"ReadAction\",\"target\":[\"https:\/\/tedsandtails.de\/produkt\/dogmom-essentials-bag-sage-spruce\/\"]}]},{\"@type\":\"BreadcrumbList\",\"@id\":\"https:\/\/tedsandtails.de\/produkt\/dogmom-essentials-bag-sage-spruce\/#breadcrumb\",\"itemListElement\":[{\"@type\":\"ListItem\",\"position\":1,\"name\":\"Startseite\",\"item\":\"https:\/\/tedsandtails.de\/\"},{\"@type\":\"ListItem\",\"position\":2,\"name\":\"Shop\",\"item\":\"https:\/\/tedsandtails.de\/shop\/\"},{\"@type\":\"ListItem\",\"position\":3,\"name\":\"Dogmom Essentials Bag &#8211; Sage &#038; Spruce\"}]},{\"@type\":\"WebSite\",\"@id\":\"https:\/\/tedsandtails.de\/#website\",\"url\":\"https:\/\/tedsandtails.de\/\",\"name\":\"TED&#039;S &amp; TAILS\",\"description\":\"\",\"publisher\":{\"@id\":\"https:\/\/tedsandtails.de\/#organization\"},\"potentialAction\":[{\"@type\":\"SearchAction\",\"target\":{\"@type\":\"EntryPoint\",\"urlTemplate\":\"https:\/\/tedsandtails.de\/?s={search_term_string}\"},\"query-input\":\"required name=search_term_string\"}],\"inLanguage\":\"en-GB\"},{\"@type\":\"Organization\",\"@id\":\"https:\/\/tedsandtails.de\/#organization\",\"name\":\"TED&#039;S &amp; TAILS\",\"url\":\"https:\/\/tedsandtails.de\/\",\"logo\":{\"@type\":\"ImageObject\",\"inLanguage\":\"en-GB\",\"@id\":\"https:\/\/tedsandtails.de\/#\/schema\/logo\/image\/\",\"url\":\"https:\/\/tedsandtails.de\/wp-content\/uploads\/2022\/09\/Teddys-5.png\",\"contentUrl\":\"https:\/\/tedsandtails.de\/wp-content\/uploads\/2022\/09\/Teddys-5.png\",\"width\":1080,\"height\":1080,\"caption\":\"TED&#039;S &amp; TAILS\"},\"image\":{\"@id\":\"https:\/\/tedsandtails.de\/#\/schema\/logo\/image\/\"}}]}<\/script>\n<!-- \/ Yoast SEO plugin. -->","yoast_head_json":{"title":"Dogmom Essentials Bag - Sage & Spruce - TED&#039;S &amp; TAILS","description":"Diese coole Crossbody-Tasche ist ein Muss f\u00fcr jede Hundemama! In einer trendigen Kombination aus sanftem Salbeigr\u00fcn und tiefem Dunkelgr\u00fcn passt sie perfekt zu jedem Outfit und ist super praktisch f\u00fcr eure t\u00e4glichen Spazierg\u00e4nge. Sie bietet genug Platz f\u00fcr Leckerlis, Kotbeutel und alles, was du unterwegs brauchst.Warum du sie lieben wirst:Praktischer Stauraum: Perfekt f\u00fcr Snacks, Kotbeutel und andere Kleinigkeiten.Stylische Farben: Der Mix aus Salbeigr\u00fcn und Dunkelgr\u00fcn verleiht der Tasche einen modernen, nat\u00fcrlichen Look.Robuste Materialien: Langlebiges veganes Leder und weicher Cord f\u00fcr einen stylischen und funktionalen Begleiter.Kompakte Gr\u00f6\u00dfe: Mit Ma\u00dfen von 21 x 5 x 6 cm bietet die Tasche genau den Platz, den du brauchst, ohne zu gro\u00df zu sein.Praktische F\u00e4cher: Mit Rei\u00dfverschluss f\u00fcr sicheren Zugriff auf deine Sachen.","robots":{"index":"index","follow":"follow","max-snippet":"max-snippet:-1","max-image-preview":"max-image-preview:large","max-video-preview":"max-video-preview:-1"},"canonical":"https:\/\/tedsandtails.de\/en\/product\/dogmom-essentials-bag-sage-spruce\/","og_locale":"en_GB","og_type":"article","og_title":"Dogmom Essentials Bag - Sage & Spruce - TED&#039;S &amp; TAILS","og_description":"Diese coole Crossbody-Tasche ist ein Muss f\u00fcr jede Hundemama! In einer trendigen Kombination aus sanftem Salbeigr\u00fcn und tiefem Dunkelgr\u00fcn passt sie perfekt zu jedem Outfit und ist super praktisch f\u00fcr eure t\u00e4glichen Spazierg\u00e4nge. Sie bietet genug Platz f\u00fcr Leckerlis, Kotbeutel und alles, was du unterwegs brauchst.Warum du sie lieben wirst:Praktischer Stauraum: Perfekt f\u00fcr Snacks, Kotbeutel und andere Kleinigkeiten.Stylische Farben: Der Mix aus Salbeigr\u00fcn und Dunkelgr\u00fcn verleiht der Tasche einen modernen, nat\u00fcrlichen Look.Robuste Materialien: Langlebiges veganes Leder und weicher Cord f\u00fcr einen stylischen und funktionalen Begleiter.Kompakte Gr\u00f6\u00dfe: Mit Ma\u00dfen von 21 x 5 x 6 cm bietet die Tasche genau den Platz, den du brauchst, ohne zu gro\u00df zu sein.Praktische F\u00e4cher: Mit Rei\u00dfverschluss f\u00fcr sicheren Zugriff auf deine Sachen.","og_url":"https:\/\/tedsandtails.de\/en\/product\/dogmom-essentials-bag-sage-spruce\/","og_site_name":"TED&#039;S &amp; TAILS","article_modified_time":"2026-02-06T07:55:27+00:00","og_image":[{"width":1536,"height":2048,"url":"https:\/\/tedsandtails.de\/wp-content\/uploads\/2024\/10\/AW24-50.jpg","type":"image\/jpeg"}],"twitter_card":"summary_large_image","twitter_misc":{"Est. reading time":"1 minute"},"schema":{"@context":"https:\/\/schema.org","@graph":[{"@type":"WebPage","@id":"https:\/\/tedsandtails.de\/produkt\/dogmom-essentials-bag-sage-spruce\/","url":"https:\/\/tedsandtails.de\/produkt\/dogmom-essentials-bag-sage-spruce\/","name":"Dogmom Essentials Bag - Sage & Spruce - TED&#039;S &amp; TAILS","isPartOf":{"@id":"https:\/\/tedsandtails.de\/#website"},"datePublished":"2024-10-14T17:02:09+00:00","dateModified":"2026-02-06T07:55:27+00:00","description":"Diese coole Crossbody-Tasche ist ein Muss f\u00fcr jede Hundemama! In einer trendigen Kombination aus sanftem Salbeigr\u00fcn und tiefem Dunkelgr\u00fcn passt sie perfekt zu jedem Outfit und ist super praktisch f\u00fcr eure t\u00e4glichen Spazierg\u00e4nge. Sie bietet genug Platz f\u00fcr Leckerlis, Kotbeutel und alles, was du unterwegs brauchst.Warum du sie lieben wirst:Praktischer Stauraum: Perfekt f\u00fcr Snacks, Kotbeutel und andere Kleinigkeiten.Stylische Farben: Der Mix aus Salbeigr\u00fcn und Dunkelgr\u00fcn verleiht der Tasche einen modernen, nat\u00fcrlichen Look.Robuste Materialien: Langlebiges veganes Leder und weicher Cord f\u00fcr einen stylischen und funktionalen Begleiter.Kompakte Gr\u00f6\u00dfe: Mit Ma\u00dfen von 21 x 5 x 6 cm bietet die Tasche genau den Platz, den du brauchst, ohne zu gro\u00df zu sein.Praktische F\u00e4cher: Mit Rei\u00dfverschluss f\u00fcr sicheren Zugriff auf deine Sachen.","breadcrumb":{"@id":"https:\/\/tedsandtails.de\/produkt\/dogmom-essentials-bag-sage-spruce\/#breadcrumb"},"inLanguage":"en-GB","potentialAction":[{"@type":"ReadAction","target":["https:\/\/tedsandtails.de\/produkt\/dogmom-essentials-bag-sage-spruce\/"]}]},{"@type":"BreadcrumbList","@id":"https:\/\/tedsandtails.de\/produkt\/dogmom-essentials-bag-sage-spruce\/#breadcrumb","itemListElement":[{"@type":"ListItem","position":1,"name":"Startseite","item":"https:\/\/tedsandtails.de\/"},{"@type":"ListItem","position":2,"name":"Shop","item":"https:\/\/tedsandtails.de\/shop\/"},{"@type":"ListItem","position":3,"name":"Dogmom Essentials Bag &#8211; Sage &#038; Spruce"}]},{"@type":"WebSite","@id":"https:\/\/tedsandtails.de\/#website","url":"https:\/\/tedsandtails.de\/","name":"TED&#039;S &amp; TAILS","description":"","publisher":{"@id":"https:\/\/tedsandtails.de\/#organization"},"potentialAction":[{"@type":"SearchAction","target":{"@type":"EntryPoint","urlTemplate":"https:\/\/tedsandtails.de\/?s={search_term_string}"},"query-input":"required name=search_term_string"}],"inLanguage":"en-GB"},{"@type":"Organization","@id":"https:\/\/tedsandtails.de\/#organization","name":"TED&#039;S &amp; TAILS","url":"https:\/\/tedsandtails.de\/","logo":{"@type":"ImageObject","inLanguage":"en-GB","@id":"https:\/\/tedsandtails.de\/#\/schema\/logo\/image\/","url":"https:\/\/tedsandtails.de\/wp-content\/uploads\/2022\/09\/Teddys-5.png","contentUrl":"https:\/\/tedsandtails.de\/wp-content\/uploads\/2022\/09\/Teddys-5.png","width":1080,"height":1080,"caption":"TED&#039;S &amp; TAILS"},"image":{"@id":"https:\/\/tedsandtails.de\/#\/schema\/logo\/image\/"}}]}},"_links":{"self":[{"href":"https:\/\/tedsandtails.de\/en\/wp-json\/wp\/v2\/product\/4956","targetHints":{"allow":["GET"]}}],"collection":[{"href":"https:\/\/tedsandtails.de\/en\/wp-json\/wp\/v2\/product"}],"about":[{"href":"https:\/\/tedsandtails.de\/en\/wp-json\/wp\/v2\/types\/product"}],"replies":[{"embeddable":true,"href":"https:\/\/tedsandtails.de\/en\/wp-json\/wp\/v2\/comments?post=4956"}],"wp:featuredmedia":[{"embeddable":true,"href":"https:\/\/tedsandtails.de\/en\/wp-json\/wp\/v2\/media\/4957"}],"wp:attachment":[{"href":"https:\/\/tedsandtails.de\/en\/wp-json\/wp\/v2\/media?parent=4956"}],"wp:term":[{"taxonomy":"product_cat","embeddable":true,"href":"https:\/\/tedsandtails.de\/en\/wp-json\/wp\/v2\/product_cat?post=4956"},{"taxonomy":"product_tag","embeddable":true,"href":"https:\/\/tedsandtails.de\/en\/wp-json\/wp\/v2\/product_tag?post=4956"}],"curies":[{"name":"wp","href":"https:\/\/api.w.org\/{rel}","templated":true}]}}