{"id":5161,"date":"2024-11-28T12:21:46","date_gmt":"2024-11-28T11:21:46","guid":{"rendered":"https:\/\/tedsandtails.de\/?post_type=product&#038;p=5161"},"modified":"2025-11-29T14:12:40","modified_gmt":"2025-11-29T13:12:40","slug":"set-geschirr-leine-winter-woods","status":"publish","type":"product","link":"https:\/\/tedsandtails.de\/en\/product\/set-geschirr-leine-winter-woods\/","title":{"rendered":"Set Geschirr &amp; Leine &#8211; Winter Woods"},"content":{"rendered":"<p>Du bist auf der Suche nach den sch\u00f6nsten Accessoires f\u00fcr deinen Hund, die den aktuellen Trends entsprechen? Dann ist dieses Set aus der Winter Woods\u00a0Kollektion genau das Richtige f\u00fcr dich!<\/p>\n<p>In dem Set erh\u00e4ltst du ein Hundegeschirr und eine passende Hundeleine aus der Winter Woods Kollektion. Mix &amp; Match mit allen anderen Produkten dieser Kollektion, um den Look zu vervollst\u00e4ndigen.<\/p>\n<p>Das Hundegeschirr ist aus dunkelgr\u00fcnem Cord gefertigt und hat auf der Innenseite einen feinen atmungsaktiven Stoff. Die Schnallen und Ringe sind gold und stark. Die Gr\u00f6\u00dfe und Breite der Gurte, Schnallen und Ringe sind auf die Gr\u00f6\u00dfe des Geschirrs abgestimmt.<\/p>\n<p>Das Geschirr ist in den Gr\u00f6\u00dfen XS bis XL erh\u00e4ltlich. Das Set wird mit einer Hundeleine in Gr\u00f6\u00dfe M geliefert. Du kannst eine normale Hundeleine oder eine Handsfree-Leine w\u00e4hlen. Eine Handsfree-Leine kann wie eine normale Leine verwendet werden, kann aber auch crossbody getragen werden, sodass du die H\u00e4nde frei hast.<\/p>\n<p>Wondering what size your dog needs? Check out our size chart.<\/p>","protected":false},"excerpt":{"rendered":"<p>Du bist auf der Suche nach den sch\u00f6nsten Accessoires f\u00fcr deinen Hund, die den aktuellen Trends entsprechen? Dann ist dieses Set aus der Winter Woods\u00a0Kollektion genau das Richtige f\u00fcr dich! In dem Set erh\u00e4ltst du ein Hundegeschirr und eine passende Hundeleine aus der Winter Woods Kollektion. Mix &amp; Match mit allen anderen Produkten dieser Kollektion, [&hellip;]<\/p>","protected":false},"featured_media":5322,"comment_status":"open","ping_status":"closed","template":"","meta":[],"product_cat":[195,20],"product_tag":[46,85,48,36,83,194,163,54,53,47,50,49,45,44,64,86,70,84,52],"class_list":{"0":"post-5161","1":"product","2":"type-product","3":"status-publish","4":"has-post-thumbnail","6":"product_cat-winter-woods","7":"product_cat-sets","8":"product_tag-dog-accessories","9":"product_tag-dog-set","10":"product_tag-dogs","11":"product_tag-geschirr","12":"product_tag-geschirr-set","13":"product_tag-green","14":"product_tag-gruen","15":"product_tag-harnas","16":"product_tag-harness","17":"product_tag-honden","18":"product_tag-hondenaccessoires","19":"product_tag-hunden","20":"product_tag-hunden-accessoires","21":"product_tag-hundezubehoer","22":"product_tag-leash","23":"product_tag-leine","24":"product_tag-poepzakjes","25":"product_tag-set","26":"product_tag-tuigje","28":"first","29":"instock","30":"shipping-taxable","31":"purchasable","32":"product-type-variable","33":"has-default-attributes"},"yoast_head":"<!-- This site is optimized with the Yoast SEO plugin v20.12 - https:\/\/yoast.com\/wordpress\/plugins\/seo\/ -->\n<title>Set Geschirr &amp; Leine - Winter Woods - TED&#039;S &amp; TAILS<\/title>\n<meta name=\"description\" content=\"In dem Set erh\u00e4ltst du ein Hundegeschirr und eine passende Hundeleine aus der Winter Woods Kollektion. Mix &amp; Match mit allen anderen Produkten dieser Kollektion, um den Look zu vervollst\u00e4ndigen.Das Hundegeschirr ist aus dunkelgr\u00fcnem Cord gefertigt und hat auf der Innenseite einen feinen atmungsaktiven Stoff. Die Schnallen und Ringe sind gold und stark. Die Gr\u00f6\u00dfe und Breite der Gurte, Schnallen und Ringe sind auf die Gr\u00f6\u00dfe des Geschirrs abgestimmt.\u00a0Das Geschirr ist in den Gr\u00f6\u00dfen XS bis XL erh\u00e4ltlich. Das Set wird mit einer Hundeleine in Gr\u00f6\u00dfe M geliefert. Du kannst eine normale Hundeleine oder eine Handsfree-Leine w\u00e4hlen. Eine Handsfree-Leine kann wie eine normale Leine verwendet werden, kann aber auch crossbody getragen werden, sodass du die H\u00e4nde frei hast.\" \/>\n<meta name=\"robots\" content=\"index, follow, max-snippet:-1, max-image-preview:large, max-video-preview:-1\" \/>\n<link rel=\"canonical\" href=\"https:\/\/tedsandtails.de\/en\/product\/set-geschirr-leine-winter-woods\/\" \/>\n<meta property=\"og:locale\" content=\"en_GB\" \/>\n<meta property=\"og:type\" content=\"article\" \/>\n<meta property=\"og:title\" content=\"Set Geschirr &amp; Leine - Winter Woods - TED&#039;S &amp; TAILS\" \/>\n<meta property=\"og:description\" content=\"In dem Set erh\u00e4ltst du ein Hundegeschirr und eine passende Hundeleine aus der Winter Woods Kollektion. Mix &amp; Match mit allen anderen Produkten dieser Kollektion, um den Look zu vervollst\u00e4ndigen.Das Hundegeschirr ist aus dunkelgr\u00fcnem Cord gefertigt und hat auf der Innenseite einen feinen atmungsaktiven Stoff. Die Schnallen und Ringe sind gold und stark. Die Gr\u00f6\u00dfe und Breite der Gurte, Schnallen und Ringe sind auf die Gr\u00f6\u00dfe des Geschirrs abgestimmt.\u00a0Das Geschirr ist in den Gr\u00f6\u00dfen XS bis XL erh\u00e4ltlich. Das Set wird mit einer Hundeleine in Gr\u00f6\u00dfe M geliefert. Du kannst eine normale Hundeleine oder eine Handsfree-Leine w\u00e4hlen. Eine Handsfree-Leine kann wie eine normale Leine verwendet werden, kann aber auch crossbody getragen werden, sodass du die H\u00e4nde frei hast.\" \/>\n<meta property=\"og:url\" content=\"https:\/\/tedsandtails.de\/en\/product\/set-geschirr-leine-winter-woods\/\" \/>\n<meta property=\"og:site_name\" content=\"TED&#039;S &amp; TAILS\" \/>\n<meta property=\"article:modified_time\" content=\"2025-11-29T13:12:40+00:00\" \/>\n<meta property=\"og:image\" content=\"https:\/\/tedsandtails.de\/wp-content\/uploads\/2024\/11\/AW24-38.jpg\" \/>\n\t<meta property=\"og:image:width\" content=\"1365\" \/>\n\t<meta property=\"og:image:height\" content=\"2048\" \/>\n\t<meta property=\"og:image:type\" content=\"image\/jpeg\" \/>\n<meta name=\"twitter:card\" content=\"summary_large_image\" \/>\n<meta name=\"twitter:label1\" content=\"Est. reading time\" \/>\n\t<meta name=\"twitter:data1\" content=\"1 minute\" \/>\n<script type=\"application\/ld+json\" class=\"yoast-schema-graph\">{\"@context\":\"https:\/\/schema.org\",\"@graph\":[{\"@type\":\"WebPage\",\"@id\":\"https:\/\/tedsandtails.de\/produkt\/set-geschirr-leine-winter-woods\/\",\"url\":\"https:\/\/tedsandtails.de\/produkt\/set-geschirr-leine-winter-woods\/\",\"name\":\"Set Geschirr &amp; Leine - Winter Woods - TED&#039;S &amp; TAILS\",\"isPartOf\":{\"@id\":\"https:\/\/tedsandtails.de\/#website\"},\"datePublished\":\"2024-11-28T11:21:46+00:00\",\"dateModified\":\"2025-11-29T13:12:40+00:00\",\"description\":\"In dem Set erh\u00e4ltst du ein Hundegeschirr und eine passende Hundeleine aus der Winter Woods Kollektion. Mix & Match mit allen anderen Produkten dieser Kollektion, um den Look zu vervollst\u00e4ndigen.Das Hundegeschirr ist aus dunkelgr\u00fcnem Cord gefertigt und hat auf der Innenseite einen feinen atmungsaktiven Stoff. Die Schnallen und Ringe sind gold und stark. Die Gr\u00f6\u00dfe und Breite der Gurte, Schnallen und Ringe sind auf die Gr\u00f6\u00dfe des Geschirrs abgestimmt.\u00a0Das Geschirr ist in den Gr\u00f6\u00dfen XS bis XL erh\u00e4ltlich. Das Set wird mit einer Hundeleine in Gr\u00f6\u00dfe M geliefert. Du kannst eine normale Hundeleine oder eine Handsfree-Leine w\u00e4hlen. Eine Handsfree-Leine kann wie eine normale Leine verwendet werden, kann aber auch crossbody getragen werden, sodass du die H\u00e4nde frei hast.\",\"breadcrumb\":{\"@id\":\"https:\/\/tedsandtails.de\/produkt\/set-geschirr-leine-winter-woods\/#breadcrumb\"},\"inLanguage\":\"en-GB\",\"potentialAction\":[{\"@type\":\"ReadAction\",\"target\":[\"https:\/\/tedsandtails.de\/produkt\/set-geschirr-leine-winter-woods\/\"]}]},{\"@type\":\"BreadcrumbList\",\"@id\":\"https:\/\/tedsandtails.de\/produkt\/set-geschirr-leine-winter-woods\/#breadcrumb\",\"itemListElement\":[{\"@type\":\"ListItem\",\"position\":1,\"name\":\"Startseite\",\"item\":\"https:\/\/tedsandtails.de\/\"},{\"@type\":\"ListItem\",\"position\":2,\"name\":\"Shop\",\"item\":\"https:\/\/tedsandtails.de\/shop\/\"},{\"@type\":\"ListItem\",\"position\":3,\"name\":\"Set Geschirr &amp; Leine &#8211; Winter Woods\"}]},{\"@type\":\"WebSite\",\"@id\":\"https:\/\/tedsandtails.de\/#website\",\"url\":\"https:\/\/tedsandtails.de\/\",\"name\":\"TED&#039;S &amp; TAILS\",\"description\":\"\",\"publisher\":{\"@id\":\"https:\/\/tedsandtails.de\/#organization\"},\"potentialAction\":[{\"@type\":\"SearchAction\",\"target\":{\"@type\":\"EntryPoint\",\"urlTemplate\":\"https:\/\/tedsandtails.de\/?s={search_term_string}\"},\"query-input\":\"required name=search_term_string\"}],\"inLanguage\":\"en-GB\"},{\"@type\":\"Organization\",\"@id\":\"https:\/\/tedsandtails.de\/#organization\",\"name\":\"TED&#039;S &amp; TAILS\",\"url\":\"https:\/\/tedsandtails.de\/\",\"logo\":{\"@type\":\"ImageObject\",\"inLanguage\":\"en-GB\",\"@id\":\"https:\/\/tedsandtails.de\/#\/schema\/logo\/image\/\",\"url\":\"https:\/\/tedsandtails.de\/wp-content\/uploads\/2022\/09\/Teddys-5.png\",\"contentUrl\":\"https:\/\/tedsandtails.de\/wp-content\/uploads\/2022\/09\/Teddys-5.png\",\"width\":1080,\"height\":1080,\"caption\":\"TED&#039;S &amp; TAILS\"},\"image\":{\"@id\":\"https:\/\/tedsandtails.de\/#\/schema\/logo\/image\/\"}}]}<\/script>\n<!-- \/ Yoast SEO plugin. -->","yoast_head_json":{"title":"Set Geschirr &amp; Leine - Winter Woods - TED&#039;S &amp; TAILS","description":"In dem Set erh\u00e4ltst du ein Hundegeschirr und eine passende Hundeleine aus der Winter Woods Kollektion. Mix & Match mit allen anderen Produkten dieser Kollektion, um den Look zu vervollst\u00e4ndigen.Das Hundegeschirr ist aus dunkelgr\u00fcnem Cord gefertigt und hat auf der Innenseite einen feinen atmungsaktiven Stoff. Die Schnallen und Ringe sind gold und stark. Die Gr\u00f6\u00dfe und Breite der Gurte, Schnallen und Ringe sind auf die Gr\u00f6\u00dfe des Geschirrs abgestimmt.\u00a0Das Geschirr ist in den Gr\u00f6\u00dfen XS bis XL erh\u00e4ltlich. Das Set wird mit einer Hundeleine in Gr\u00f6\u00dfe M geliefert. Du kannst eine normale Hundeleine oder eine Handsfree-Leine w\u00e4hlen. Eine Handsfree-Leine kann wie eine normale Leine verwendet werden, kann aber auch crossbody getragen werden, sodass du die H\u00e4nde frei hast.","robots":{"index":"index","follow":"follow","max-snippet":"max-snippet:-1","max-image-preview":"max-image-preview:large","max-video-preview":"max-video-preview:-1"},"canonical":"https:\/\/tedsandtails.de\/en\/product\/set-geschirr-leine-winter-woods\/","og_locale":"en_GB","og_type":"article","og_title":"Set Geschirr &amp; Leine - Winter Woods - TED&#039;S &amp; TAILS","og_description":"In dem Set erh\u00e4ltst du ein Hundegeschirr und eine passende Hundeleine aus der Winter Woods Kollektion. Mix & Match mit allen anderen Produkten dieser Kollektion, um den Look zu vervollst\u00e4ndigen.Das Hundegeschirr ist aus dunkelgr\u00fcnem Cord gefertigt und hat auf der Innenseite einen feinen atmungsaktiven Stoff. Die Schnallen und Ringe sind gold und stark. Die Gr\u00f6\u00dfe und Breite der Gurte, Schnallen und Ringe sind auf die Gr\u00f6\u00dfe des Geschirrs abgestimmt.\u00a0Das Geschirr ist in den Gr\u00f6\u00dfen XS bis XL erh\u00e4ltlich. Das Set wird mit einer Hundeleine in Gr\u00f6\u00dfe M geliefert. Du kannst eine normale Hundeleine oder eine Handsfree-Leine w\u00e4hlen. Eine Handsfree-Leine kann wie eine normale Leine verwendet werden, kann aber auch crossbody getragen werden, sodass du die H\u00e4nde frei hast.","og_url":"https:\/\/tedsandtails.de\/en\/product\/set-geschirr-leine-winter-woods\/","og_site_name":"TED&#039;S &amp; TAILS","article_modified_time":"2025-11-29T13:12:40+00:00","og_image":[{"width":1365,"height":2048,"url":"https:\/\/tedsandtails.de\/wp-content\/uploads\/2024\/11\/AW24-38.jpg","type":"image\/jpeg"}],"twitter_card":"summary_large_image","twitter_misc":{"Est. reading time":"1 minute"},"schema":{"@context":"https:\/\/schema.org","@graph":[{"@type":"WebPage","@id":"https:\/\/tedsandtails.de\/produkt\/set-geschirr-leine-winter-woods\/","url":"https:\/\/tedsandtails.de\/produkt\/set-geschirr-leine-winter-woods\/","name":"Set Geschirr &amp; Leine - Winter Woods - TED&#039;S &amp; TAILS","isPartOf":{"@id":"https:\/\/tedsandtails.de\/#website"},"datePublished":"2024-11-28T11:21:46+00:00","dateModified":"2025-11-29T13:12:40+00:00","description":"In dem Set erh\u00e4ltst du ein Hundegeschirr und eine passende Hundeleine aus der Winter Woods Kollektion. Mix & Match mit allen anderen Produkten dieser Kollektion, um den Look zu vervollst\u00e4ndigen.Das Hundegeschirr ist aus dunkelgr\u00fcnem Cord gefertigt und hat auf der Innenseite einen feinen atmungsaktiven Stoff. Die Schnallen und Ringe sind gold und stark. Die Gr\u00f6\u00dfe und Breite der Gurte, Schnallen und Ringe sind auf die Gr\u00f6\u00dfe des Geschirrs abgestimmt.\u00a0Das Geschirr ist in den Gr\u00f6\u00dfen XS bis XL erh\u00e4ltlich. Das Set wird mit einer Hundeleine in Gr\u00f6\u00dfe M geliefert. Du kannst eine normale Hundeleine oder eine Handsfree-Leine w\u00e4hlen. Eine Handsfree-Leine kann wie eine normale Leine verwendet werden, kann aber auch crossbody getragen werden, sodass du die H\u00e4nde frei hast.","breadcrumb":{"@id":"https:\/\/tedsandtails.de\/produkt\/set-geschirr-leine-winter-woods\/#breadcrumb"},"inLanguage":"en-GB","potentialAction":[{"@type":"ReadAction","target":["https:\/\/tedsandtails.de\/produkt\/set-geschirr-leine-winter-woods\/"]}]},{"@type":"BreadcrumbList","@id":"https:\/\/tedsandtails.de\/produkt\/set-geschirr-leine-winter-woods\/#breadcrumb","itemListElement":[{"@type":"ListItem","position":1,"name":"Startseite","item":"https:\/\/tedsandtails.de\/"},{"@type":"ListItem","position":2,"name":"Shop","item":"https:\/\/tedsandtails.de\/shop\/"},{"@type":"ListItem","position":3,"name":"Set Geschirr &amp; Leine &#8211; Winter Woods"}]},{"@type":"WebSite","@id":"https:\/\/tedsandtails.de\/#website","url":"https:\/\/tedsandtails.de\/","name":"TED&#039;S &amp; TAILS","description":"","publisher":{"@id":"https:\/\/tedsandtails.de\/#organization"},"potentialAction":[{"@type":"SearchAction","target":{"@type":"EntryPoint","urlTemplate":"https:\/\/tedsandtails.de\/?s={search_term_string}"},"query-input":"required name=search_term_string"}],"inLanguage":"en-GB"},{"@type":"Organization","@id":"https:\/\/tedsandtails.de\/#organization","name":"TED&#039;S &amp; TAILS","url":"https:\/\/tedsandtails.de\/","logo":{"@type":"ImageObject","inLanguage":"en-GB","@id":"https:\/\/tedsandtails.de\/#\/schema\/logo\/image\/","url":"https:\/\/tedsandtails.de\/wp-content\/uploads\/2022\/09\/Teddys-5.png","contentUrl":"https:\/\/tedsandtails.de\/wp-content\/uploads\/2022\/09\/Teddys-5.png","width":1080,"height":1080,"caption":"TED&#039;S &amp; TAILS"},"image":{"@id":"https:\/\/tedsandtails.de\/#\/schema\/logo\/image\/"}}]}},"_links":{"self":[{"href":"https:\/\/tedsandtails.de\/en\/wp-json\/wp\/v2\/product\/5161","targetHints":{"allow":["GET"]}}],"collection":[{"href":"https:\/\/tedsandtails.de\/en\/wp-json\/wp\/v2\/product"}],"about":[{"href":"https:\/\/tedsandtails.de\/en\/wp-json\/wp\/v2\/types\/product"}],"replies":[{"embeddable":true,"href":"https:\/\/tedsandtails.de\/en\/wp-json\/wp\/v2\/comments?post=5161"}],"wp:featuredmedia":[{"embeddable":true,"href":"https:\/\/tedsandtails.de\/en\/wp-json\/wp\/v2\/media\/5322"}],"wp:attachment":[{"href":"https:\/\/tedsandtails.de\/en\/wp-json\/wp\/v2\/media?parent=5161"}],"wp:term":[{"taxonomy":"product_cat","embeddable":true,"href":"https:\/\/tedsandtails.de\/en\/wp-json\/wp\/v2\/product_cat?post=5161"},{"taxonomy":"product_tag","embeddable":true,"href":"https:\/\/tedsandtails.de\/en\/wp-json\/wp\/v2\/product_tag?post=5161"}],"curies":[{"name":"wp","href":"https:\/\/api.w.org\/{rel}","templated":true}]}}