{"id":597,"date":"2022-09-22T14:05:35","date_gmt":"2022-09-22T12:05:35","guid":{"rendered":"https:\/\/tedsandtails.de\/?post_type=product&#038;p=597"},"modified":"2026-03-05T13:55:52","modified_gmt":"2026-03-05T12:55:52","slug":"dogmom-tasche-blissful-beige","status":"publish","type":"product","link":"https:\/\/tedsandtails.de\/en\/product\/dogmom-tasche-blissful-beige\/","title":{"rendered":"Dogmom bag - Blissful beige"},"content":{"rendered":"<p>Does it also annoy you that your jacket and jeans pockets are always full of dog treats? And oh yes, those poo bags... Where to put them? We have the solution! This Dogmom bag is perfect for everything you need when you're on the way with your dog. The bag has a separate compartment for poop bags. There are also various sections in the bag where you can store dog treats for example, but there is also enough space for your mobile phone, wallet, etc.<\/p>\n<p>The bag is made of a beautiful beige corduroy fabric with black metallic buckles and clips and can be combined with products from the other collections.<\/p>\n<p>Size: 20cm x 17cm x 6cm<\/p>","protected":false},"excerpt":{"rendered":"<p>Nervt es dich auch, dass immer die ganze Jacke und die Hosentaschen voll mit Hundeleckerlis sind? Und ach ja, diese Kotbeutel&#8230; Wohin mit denen? Wir haben die L\u00f6sung! Diese Dogmom-Tasche ist perfekt f\u00fcr alles was du brauchst, wenn du mit deinem Hund unterwegs bist. Die Tasche hat ein separates Fach f\u00fcr Kotbeutel. Es gibt au\u00dferdem [&hellip;]<\/p>","protected":false},"featured_media":1820,"comment_status":"open","ping_status":"closed","template":"","meta":[],"product_cat":[28,32],"product_tag":[137,134,140,138,136,135,139],"class_list":{"0":"post-597","1":"product","2":"type-product","3":"status-publish","4":"has-post-thumbnail","6":"product_cat-dogmom-tasche","7":"product_cat-blissful-beige","8":"product_tag-futtertasche-hund","9":"product_tag-hundeleckerli-tasche","10":"product_tag-hundetasche","11":"product_tag-hundetasche-fuer-leckerlis","12":"product_tag-leckerlibeutel","13":"product_tag-leckerlibeutel-hund","14":"product_tag-leckerlibeutel-umhaengen","16":"first","17":"instock","18":"shipping-taxable","19":"purchasable","20":"product-type-simple"},"yoast_head":"<!-- This site is optimized with the Yoast SEO plugin v20.12 - https:\/\/yoast.com\/wordpress\/plugins\/seo\/ -->\n<title>Dogmom-Tasche - Blissful beige - TED&#039;S &amp; TAILS<\/title>\n<meta name=\"description\" content=\"Diese Dogmom-Tasche ist perfekt f\u00fcr alles was du brauchst, wenn du mit deinem Hund unterwegs bist. Die Tasche ist in einem sch\u00f6nen Beigeton gehalten.\" \/>\n<meta name=\"robots\" content=\"index, follow, max-snippet:-1, max-image-preview:large, max-video-preview:-1\" \/>\n<link rel=\"canonical\" href=\"https:\/\/tedsandtails.de\/en\/product\/dogmom-tasche-blissful-beige\/\" \/>\n<meta property=\"og:locale\" content=\"en_GB\" \/>\n<meta property=\"og:type\" content=\"article\" \/>\n<meta property=\"og:title\" content=\"Dogmom-Tasche - Blissful beige - TED&#039;S &amp; TAILS\" \/>\n<meta property=\"og:description\" content=\"Diese Dogmom-Tasche ist perfekt f\u00fcr alles was du brauchst, wenn du mit deinem Hund unterwegs bist. Die Tasche ist in einem sch\u00f6nen Beigeton gehalten.\" \/>\n<meta property=\"og:url\" content=\"https:\/\/tedsandtails.de\/en\/product\/dogmom-tasche-blissful-beige\/\" \/>\n<meta property=\"og:site_name\" content=\"TED&#039;S &amp; TAILS\" \/>\n<meta property=\"article:modified_time\" content=\"2026-03-05T12:55:52+00:00\" \/>\n<meta property=\"og:image\" content=\"https:\/\/tedsandtails.de\/wp-content\/uploads\/2022\/09\/TT-Herbst-Winter2022-311-Kopie-min.jpg\" \/>\n\t<meta property=\"og:image:width\" content=\"853\" \/>\n\t<meta property=\"og:image:height\" content=\"1280\" \/>\n\t<meta property=\"og:image:type\" content=\"image\/jpeg\" \/>\n<meta name=\"twitter:card\" content=\"summary_large_image\" \/>\n<meta name=\"twitter:label1\" content=\"Est. reading time\" \/>\n\t<meta name=\"twitter:data1\" content=\"1 minute\" \/>\n<script type=\"application\/ld+json\" class=\"yoast-schema-graph\">{\"@context\":\"https:\/\/schema.org\",\"@graph\":[{\"@type\":\"WebPage\",\"@id\":\"https:\/\/tedsandtails.de\/produkt\/dogmom-tasche-blissful-beige\/\",\"url\":\"https:\/\/tedsandtails.de\/produkt\/dogmom-tasche-blissful-beige\/\",\"name\":\"Dogmom-Tasche - Blissful beige - TED&#039;S &amp; TAILS\",\"isPartOf\":{\"@id\":\"https:\/\/tedsandtails.de\/#website\"},\"datePublished\":\"2022-09-22T12:05:35+00:00\",\"dateModified\":\"2026-03-05T12:55:52+00:00\",\"description\":\"Diese Dogmom-Tasche ist perfekt f\u00fcr alles was du brauchst, wenn du mit deinem Hund unterwegs bist. Die Tasche ist in einem sch\u00f6nen Beigeton gehalten.\",\"breadcrumb\":{\"@id\":\"https:\/\/tedsandtails.de\/produkt\/dogmom-tasche-blissful-beige\/#breadcrumb\"},\"inLanguage\":\"en-GB\",\"potentialAction\":[{\"@type\":\"ReadAction\",\"target\":[\"https:\/\/tedsandtails.de\/produkt\/dogmom-tasche-blissful-beige\/\"]}]},{\"@type\":\"BreadcrumbList\",\"@id\":\"https:\/\/tedsandtails.de\/produkt\/dogmom-tasche-blissful-beige\/#breadcrumb\",\"itemListElement\":[{\"@type\":\"ListItem\",\"position\":1,\"name\":\"Startseite\",\"item\":\"https:\/\/tedsandtails.de\/\"},{\"@type\":\"ListItem\",\"position\":2,\"name\":\"Shop\",\"item\":\"https:\/\/tedsandtails.de\/shop\/\"},{\"@type\":\"ListItem\",\"position\":3,\"name\":\"Dogmom-Tasche &#8211; Blissful beige\"}]},{\"@type\":\"WebSite\",\"@id\":\"https:\/\/tedsandtails.de\/#website\",\"url\":\"https:\/\/tedsandtails.de\/\",\"name\":\"TED&#039;S &amp; TAILS\",\"description\":\"\",\"publisher\":{\"@id\":\"https:\/\/tedsandtails.de\/#organization\"},\"potentialAction\":[{\"@type\":\"SearchAction\",\"target\":{\"@type\":\"EntryPoint\",\"urlTemplate\":\"https:\/\/tedsandtails.de\/?s={search_term_string}\"},\"query-input\":\"required name=search_term_string\"}],\"inLanguage\":\"en-GB\"},{\"@type\":\"Organization\",\"@id\":\"https:\/\/tedsandtails.de\/#organization\",\"name\":\"TED&#039;S &amp; TAILS\",\"url\":\"https:\/\/tedsandtails.de\/\",\"logo\":{\"@type\":\"ImageObject\",\"inLanguage\":\"en-GB\",\"@id\":\"https:\/\/tedsandtails.de\/#\/schema\/logo\/image\/\",\"url\":\"https:\/\/tedsandtails.de\/wp-content\/uploads\/2022\/09\/Teddys-5.png\",\"contentUrl\":\"https:\/\/tedsandtails.de\/wp-content\/uploads\/2022\/09\/Teddys-5.png\",\"width\":1080,\"height\":1080,\"caption\":\"TED&#039;S &amp; TAILS\"},\"image\":{\"@id\":\"https:\/\/tedsandtails.de\/#\/schema\/logo\/image\/\"}}]}<\/script>\n<!-- \/ Yoast SEO plugin. -->","yoast_head_json":{"title":"Dogmom-Tasche - Blissful beige - TED&#039;S &amp; TAILS","description":"Diese Dogmom-Tasche ist perfekt f\u00fcr alles was du brauchst, wenn du mit deinem Hund unterwegs bist. Die Tasche ist in einem sch\u00f6nen Beigeton gehalten.","robots":{"index":"index","follow":"follow","max-snippet":"max-snippet:-1","max-image-preview":"max-image-preview:large","max-video-preview":"max-video-preview:-1"},"canonical":"https:\/\/tedsandtails.de\/en\/product\/dogmom-tasche-blissful-beige\/","og_locale":"en_GB","og_type":"article","og_title":"Dogmom-Tasche - Blissful beige - TED&#039;S &amp; TAILS","og_description":"Diese Dogmom-Tasche ist perfekt f\u00fcr alles was du brauchst, wenn du mit deinem Hund unterwegs bist. Die Tasche ist in einem sch\u00f6nen Beigeton gehalten.","og_url":"https:\/\/tedsandtails.de\/en\/product\/dogmom-tasche-blissful-beige\/","og_site_name":"TED&#039;S &amp; TAILS","article_modified_time":"2026-03-05T12:55:52+00:00","og_image":[{"width":853,"height":1280,"url":"https:\/\/tedsandtails.de\/wp-content\/uploads\/2022\/09\/TT-Herbst-Winter2022-311-Kopie-min.jpg","type":"image\/jpeg"}],"twitter_card":"summary_large_image","twitter_misc":{"Est. reading time":"1 minute"},"schema":{"@context":"https:\/\/schema.org","@graph":[{"@type":"WebPage","@id":"https:\/\/tedsandtails.de\/produkt\/dogmom-tasche-blissful-beige\/","url":"https:\/\/tedsandtails.de\/produkt\/dogmom-tasche-blissful-beige\/","name":"Dogmom-Tasche - Blissful beige - TED&#039;S &amp; TAILS","isPartOf":{"@id":"https:\/\/tedsandtails.de\/#website"},"datePublished":"2022-09-22T12:05:35+00:00","dateModified":"2026-03-05T12:55:52+00:00","description":"Diese Dogmom-Tasche ist perfekt f\u00fcr alles was du brauchst, wenn du mit deinem Hund unterwegs bist. Die Tasche ist in einem sch\u00f6nen Beigeton gehalten.","breadcrumb":{"@id":"https:\/\/tedsandtails.de\/produkt\/dogmom-tasche-blissful-beige\/#breadcrumb"},"inLanguage":"en-GB","potentialAction":[{"@type":"ReadAction","target":["https:\/\/tedsandtails.de\/produkt\/dogmom-tasche-blissful-beige\/"]}]},{"@type":"BreadcrumbList","@id":"https:\/\/tedsandtails.de\/produkt\/dogmom-tasche-blissful-beige\/#breadcrumb","itemListElement":[{"@type":"ListItem","position":1,"name":"Startseite","item":"https:\/\/tedsandtails.de\/"},{"@type":"ListItem","position":2,"name":"Shop","item":"https:\/\/tedsandtails.de\/shop\/"},{"@type":"ListItem","position":3,"name":"Dogmom-Tasche &#8211; Blissful beige"}]},{"@type":"WebSite","@id":"https:\/\/tedsandtails.de\/#website","url":"https:\/\/tedsandtails.de\/","name":"TED&#039;S &amp; TAILS","description":"","publisher":{"@id":"https:\/\/tedsandtails.de\/#organization"},"potentialAction":[{"@type":"SearchAction","target":{"@type":"EntryPoint","urlTemplate":"https:\/\/tedsandtails.de\/?s={search_term_string}"},"query-input":"required name=search_term_string"}],"inLanguage":"en-GB"},{"@type":"Organization","@id":"https:\/\/tedsandtails.de\/#organization","name":"TED&#039;S &amp; TAILS","url":"https:\/\/tedsandtails.de\/","logo":{"@type":"ImageObject","inLanguage":"en-GB","@id":"https:\/\/tedsandtails.de\/#\/schema\/logo\/image\/","url":"https:\/\/tedsandtails.de\/wp-content\/uploads\/2022\/09\/Teddys-5.png","contentUrl":"https:\/\/tedsandtails.de\/wp-content\/uploads\/2022\/09\/Teddys-5.png","width":1080,"height":1080,"caption":"TED&#039;S &amp; TAILS"},"image":{"@id":"https:\/\/tedsandtails.de\/#\/schema\/logo\/image\/"}}]}},"_links":{"self":[{"href":"https:\/\/tedsandtails.de\/en\/wp-json\/wp\/v2\/product\/597","targetHints":{"allow":["GET"]}}],"collection":[{"href":"https:\/\/tedsandtails.de\/en\/wp-json\/wp\/v2\/product"}],"about":[{"href":"https:\/\/tedsandtails.de\/en\/wp-json\/wp\/v2\/types\/product"}],"replies":[{"embeddable":true,"href":"https:\/\/tedsandtails.de\/en\/wp-json\/wp\/v2\/comments?post=597"}],"wp:featuredmedia":[{"embeddable":true,"href":"https:\/\/tedsandtails.de\/en\/wp-json\/wp\/v2\/media\/1820"}],"wp:attachment":[{"href":"https:\/\/tedsandtails.de\/en\/wp-json\/wp\/v2\/media?parent=597"}],"wp:term":[{"taxonomy":"product_cat","embeddable":true,"href":"https:\/\/tedsandtails.de\/en\/wp-json\/wp\/v2\/product_cat?post=597"},{"taxonomy":"product_tag","embeddable":true,"href":"https:\/\/tedsandtails.de\/en\/wp-json\/wp\/v2\/product_tag?post=597"}],"curies":[{"name":"wp","href":"https:\/\/api.w.org\/{rel}","templated":true}]}}