{"id":6353,"date":"2025-02-19T09:29:33","date_gmt":"2025-02-19T08:29:33","guid":{"rendered":"https:\/\/tedsandtails.de\/?post_type=product&#038;p=6353"},"modified":"2026-02-11T17:45:13","modified_gmt":"2026-02-11T16:45:13","slug":"set-halsband-hundefliege-blissful-beige","status":"publish","type":"product","link":"https:\/\/tedsandtails.de\/en\/product\/set-halsband-hundefliege-blissful-beige\/","title":{"rendered":"Set Halsband &amp; Hundefliege &#8211; Blissful Beige"},"content":{"rendered":"<p>Du bist auf der Suche nach den sch\u00f6nsten Accessoires f\u00fcr deinen Hund, die den aktuellen Trends entsprechen? Dann ist dieses Set mit Halsband und Hundefliege aus der Blissful Beige<i>\u00a0<\/i>collection is just the right thing for you!<\/p>\n<p>Mix &amp; match with all the other products in this collection to complete the look.<\/p>\n<p>The bow tie can be attached to the matching collar with a black velcro fastener.<\/p>\n<p>Das Halsband und die Hundefliege sind aus einem sch\u00f6nen beigen Cord-Stoff gefertigt und hat goldene, starke Verschl\u00fcsse und Ringe. Die Dicke und Gr\u00f6\u00dfe des Halsbandes, der Verschl\u00fcsse und der Ringe werden an die Gr\u00f6\u00dfe des Halsbandes angepasst. Das Halsband ist in den Gr\u00f6\u00dfen XS bis L erh\u00e4ltlich. Du fragst dich, welche Gr\u00f6\u00dfe dein Hund hat? Sieh dir unsere Gr\u00f6\u00dfentabelle an.<\/p>","protected":false},"excerpt":{"rendered":"<p>Du bist auf der Suche nach den sch\u00f6nsten Accessoires f\u00fcr deinen Hund, die den aktuellen Trends entsprechen? Dann ist dieses Set mit Halsband und Hundefliege aus der Blissful Beige\u00a0Kollektion genau das Richtige f\u00fcr dich! Mix &amp; Match mit allen anderen Produkten dieser Kollektion, um den Look zu vervollst\u00e4ndigen. Die Fliege kann mit einem schwarzen Klettverschluss [&hellip;]<\/p>","protected":false},"featured_media":6453,"comment_status":"open","ping_status":"closed","template":"","meta":[],"product_cat":[20,32],"product_tag":[198,199,78,79,62,143,144,46,82,85,75,76,61,47,50,81,77,44,80],"class_list":{"0":"post-6353","1":"product","2":"type-product","3":"status-publish","4":"has-post-thumbnail","6":"product_cat-sets","7":"product_cat-blissful-beige","8":"product_tag-beige","9":"product_tag-blissful-beige","10":"product_tag-bow","11":"product_tag-bow-tie","12":"product_tag-collar","13":"product_tag-cord","14":"product_tag-corduroy","15":"product_tag-dog-accessories","16":"product_tag-dog-bow-tie","17":"product_tag-dog-set","18":"product_tag-fliege","19":"product_tag-fliegen","20":"product_tag-halsband","21":"product_tag-honden","22":"product_tag-hondenaccessoires","23":"product_tag-hondenstrikje","24":"product_tag-hundefliege","25":"product_tag-hundezubehoer","26":"product_tag-strikje","28":"first","29":"instock","30":"shipping-taxable","31":"purchasable","32":"product-type-variable"},"yoast_head":"<!-- This site is optimized with the Yoast SEO plugin v20.12 - https:\/\/yoast.com\/wordpress\/plugins\/seo\/ -->\n<title>Set Halsband &amp; Hundefliege - Blissful Beige - TED&#039;S &amp; TAILS<\/title>\n<meta name=\"description\" content=\"Du bist auf der Suche nach den sch\u00f6nsten Accessoires f\u00fcr deinen Hund, die den aktuellen Trends entsprechen? Dann ist dieses Set mit Halsband und Hundefliege aus der Blissful Beige\u00a0Kollektion genau das Richtige f\u00fcr dich!Mix &amp; Match mit allen anderen Produkten dieser Kollektion, um den Look zu vervollst\u00e4ndigen.Die Fliege kann mit einem schwarzen Klettverschluss am passenden Halsband befestigt werden.Das Halsband und die Hundefliege sind aus einem sch\u00f6nen beigen Cord-Stoff gefertigt und hat goldene, starke Verschl\u00fcsse und Ringe. Die Dicke und Gr\u00f6\u00dfe des Halsbandes, der Verschl\u00fcsse und der Ringe werden an die Gr\u00f6\u00dfe des Halsbandes angepasst. Das Halsband ist in den Gr\u00f6\u00dfen XS bis L erh\u00e4ltlich.\" \/>\n<meta name=\"robots\" content=\"index, follow, max-snippet:-1, max-image-preview:large, max-video-preview:-1\" \/>\n<link rel=\"canonical\" href=\"https:\/\/tedsandtails.de\/en\/product\/set-halsband-hundefliege-blissful-beige\/\" \/>\n<meta property=\"og:locale\" content=\"en_GB\" \/>\n<meta property=\"og:type\" content=\"article\" \/>\n<meta property=\"og:title\" content=\"Set Halsband &amp; Hundefliege - Blissful Beige - TED&#039;S &amp; TAILS\" \/>\n<meta property=\"og:description\" content=\"Du bist auf der Suche nach den sch\u00f6nsten Accessoires f\u00fcr deinen Hund, die den aktuellen Trends entsprechen? Dann ist dieses Set mit Halsband und Hundefliege aus der Blissful Beige\u00a0Kollektion genau das Richtige f\u00fcr dich!Mix &amp; Match mit allen anderen Produkten dieser Kollektion, um den Look zu vervollst\u00e4ndigen.Die Fliege kann mit einem schwarzen Klettverschluss am passenden Halsband befestigt werden.Das Halsband und die Hundefliege sind aus einem sch\u00f6nen beigen Cord-Stoff gefertigt und hat goldene, starke Verschl\u00fcsse und Ringe. Die Dicke und Gr\u00f6\u00dfe des Halsbandes, der Verschl\u00fcsse und der Ringe werden an die Gr\u00f6\u00dfe des Halsbandes angepasst. Das Halsband ist in den Gr\u00f6\u00dfen XS bis L erh\u00e4ltlich.\" \/>\n<meta property=\"og:url\" content=\"https:\/\/tedsandtails.de\/en\/product\/set-halsband-hundefliege-blissful-beige\/\" \/>\n<meta property=\"og:site_name\" content=\"TED&#039;S &amp; TAILS\" \/>\n<meta property=\"article:modified_time\" content=\"2026-02-11T16:45:13+00:00\" \/>\n<meta property=\"og:image\" content=\"https:\/\/tedsandtails.de\/wp-content\/uploads\/2025\/02\/4g1a6087-scaled.jpeg\" \/>\n\t<meta property=\"og:image:width\" content=\"1707\" \/>\n\t<meta property=\"og:image:height\" content=\"2560\" \/>\n\t<meta property=\"og:image:type\" content=\"image\/jpeg\" \/>\n<meta name=\"twitter:card\" content=\"summary_large_image\" \/>\n<meta name=\"twitter:label1\" content=\"Est. reading time\" \/>\n\t<meta name=\"twitter:data1\" content=\"1 minute\" \/>\n<script type=\"application\/ld+json\" class=\"yoast-schema-graph\">{\"@context\":\"https:\/\/schema.org\",\"@graph\":[{\"@type\":\"WebPage\",\"@id\":\"https:\/\/tedsandtails.de\/produkt\/set-halsband-hundefliege-blissful-beige\/\",\"url\":\"https:\/\/tedsandtails.de\/produkt\/set-halsband-hundefliege-blissful-beige\/\",\"name\":\"Set Halsband &amp; Hundefliege - Blissful Beige - TED&#039;S &amp; TAILS\",\"isPartOf\":{\"@id\":\"https:\/\/tedsandtails.de\/#website\"},\"datePublished\":\"2025-02-19T08:29:33+00:00\",\"dateModified\":\"2026-02-11T16:45:13+00:00\",\"description\":\"Du bist auf der Suche nach den sch\u00f6nsten Accessoires f\u00fcr deinen Hund, die den aktuellen Trends entsprechen? Dann ist dieses Set mit Halsband und Hundefliege aus der Blissful Beige\u00a0Kollektion genau das Richtige f\u00fcr dich!Mix & Match mit allen anderen Produkten dieser Kollektion, um den Look zu vervollst\u00e4ndigen.Die Fliege kann mit einem schwarzen Klettverschluss am passenden Halsband befestigt werden.Das Halsband und die Hundefliege sind aus einem sch\u00f6nen beigen Cord-Stoff gefertigt und hat goldene, starke Verschl\u00fcsse und Ringe. Die Dicke und Gr\u00f6\u00dfe des Halsbandes, der Verschl\u00fcsse und der Ringe werden an die Gr\u00f6\u00dfe des Halsbandes angepasst. Das Halsband ist in den Gr\u00f6\u00dfen XS bis L erh\u00e4ltlich.\",\"breadcrumb\":{\"@id\":\"https:\/\/tedsandtails.de\/produkt\/set-halsband-hundefliege-blissful-beige\/#breadcrumb\"},\"inLanguage\":\"en-GB\",\"potentialAction\":[{\"@type\":\"ReadAction\",\"target\":[\"https:\/\/tedsandtails.de\/produkt\/set-halsband-hundefliege-blissful-beige\/\"]}]},{\"@type\":\"BreadcrumbList\",\"@id\":\"https:\/\/tedsandtails.de\/produkt\/set-halsband-hundefliege-blissful-beige\/#breadcrumb\",\"itemListElement\":[{\"@type\":\"ListItem\",\"position\":1,\"name\":\"Startseite\",\"item\":\"https:\/\/tedsandtails.de\/\"},{\"@type\":\"ListItem\",\"position\":2,\"name\":\"Shop\",\"item\":\"https:\/\/tedsandtails.de\/shop\/\"},{\"@type\":\"ListItem\",\"position\":3,\"name\":\"Set Halsband &amp; Hundefliege &#8211; Blissful Beige\"}]},{\"@type\":\"WebSite\",\"@id\":\"https:\/\/tedsandtails.de\/#website\",\"url\":\"https:\/\/tedsandtails.de\/\",\"name\":\"TED&#039;S &amp; TAILS\",\"description\":\"\",\"publisher\":{\"@id\":\"https:\/\/tedsandtails.de\/#organization\"},\"potentialAction\":[{\"@type\":\"SearchAction\",\"target\":{\"@type\":\"EntryPoint\",\"urlTemplate\":\"https:\/\/tedsandtails.de\/?s={search_term_string}\"},\"query-input\":\"required name=search_term_string\"}],\"inLanguage\":\"en-GB\"},{\"@type\":\"Organization\",\"@id\":\"https:\/\/tedsandtails.de\/#organization\",\"name\":\"TED&#039;S &amp; TAILS\",\"url\":\"https:\/\/tedsandtails.de\/\",\"logo\":{\"@type\":\"ImageObject\",\"inLanguage\":\"en-GB\",\"@id\":\"https:\/\/tedsandtails.de\/#\/schema\/logo\/image\/\",\"url\":\"https:\/\/tedsandtails.de\/wp-content\/uploads\/2022\/09\/Teddys-5.png\",\"contentUrl\":\"https:\/\/tedsandtails.de\/wp-content\/uploads\/2022\/09\/Teddys-5.png\",\"width\":1080,\"height\":1080,\"caption\":\"TED&#039;S &amp; TAILS\"},\"image\":{\"@id\":\"https:\/\/tedsandtails.de\/#\/schema\/logo\/image\/\"}}]}<\/script>\n<!-- \/ Yoast SEO plugin. -->","yoast_head_json":{"title":"Set Halsband &amp; Hundefliege - Blissful Beige - TED&#039;S &amp; TAILS","description":"Du bist auf der Suche nach den sch\u00f6nsten Accessoires f\u00fcr deinen Hund, die den aktuellen Trends entsprechen? Dann ist dieses Set mit Halsband und Hundefliege aus der Blissful Beige\u00a0Kollektion genau das Richtige f\u00fcr dich!Mix & Match mit allen anderen Produkten dieser Kollektion, um den Look zu vervollst\u00e4ndigen.Die Fliege kann mit einem schwarzen Klettverschluss am passenden Halsband befestigt werden.Das Halsband und die Hundefliege sind aus einem sch\u00f6nen beigen Cord-Stoff gefertigt und hat goldene, starke Verschl\u00fcsse und Ringe. Die Dicke und Gr\u00f6\u00dfe des Halsbandes, der Verschl\u00fcsse und der Ringe werden an die Gr\u00f6\u00dfe des Halsbandes angepasst. Das Halsband ist in den Gr\u00f6\u00dfen XS bis L erh\u00e4ltlich.","robots":{"index":"index","follow":"follow","max-snippet":"max-snippet:-1","max-image-preview":"max-image-preview:large","max-video-preview":"max-video-preview:-1"},"canonical":"https:\/\/tedsandtails.de\/en\/product\/set-halsband-hundefliege-blissful-beige\/","og_locale":"en_GB","og_type":"article","og_title":"Set Halsband &amp; Hundefliege - Blissful Beige - TED&#039;S &amp; TAILS","og_description":"Du bist auf der Suche nach den sch\u00f6nsten Accessoires f\u00fcr deinen Hund, die den aktuellen Trends entsprechen? Dann ist dieses Set mit Halsband und Hundefliege aus der Blissful Beige\u00a0Kollektion genau das Richtige f\u00fcr dich!Mix & Match mit allen anderen Produkten dieser Kollektion, um den Look zu vervollst\u00e4ndigen.Die Fliege kann mit einem schwarzen Klettverschluss am passenden Halsband befestigt werden.Das Halsband und die Hundefliege sind aus einem sch\u00f6nen beigen Cord-Stoff gefertigt und hat goldene, starke Verschl\u00fcsse und Ringe. Die Dicke und Gr\u00f6\u00dfe des Halsbandes, der Verschl\u00fcsse und der Ringe werden an die Gr\u00f6\u00dfe des Halsbandes angepasst. Das Halsband ist in den Gr\u00f6\u00dfen XS bis L erh\u00e4ltlich.","og_url":"https:\/\/tedsandtails.de\/en\/product\/set-halsband-hundefliege-blissful-beige\/","og_site_name":"TED&#039;S &amp; TAILS","article_modified_time":"2026-02-11T16:45:13+00:00","og_image":[{"width":1707,"height":2560,"url":"https:\/\/tedsandtails.de\/wp-content\/uploads\/2025\/02\/4g1a6087-scaled.jpeg","type":"image\/jpeg"}],"twitter_card":"summary_large_image","twitter_misc":{"Est. reading time":"1 minute"},"schema":{"@context":"https:\/\/schema.org","@graph":[{"@type":"WebPage","@id":"https:\/\/tedsandtails.de\/produkt\/set-halsband-hundefliege-blissful-beige\/","url":"https:\/\/tedsandtails.de\/produkt\/set-halsband-hundefliege-blissful-beige\/","name":"Set Halsband &amp; Hundefliege - Blissful Beige - TED&#039;S &amp; TAILS","isPartOf":{"@id":"https:\/\/tedsandtails.de\/#website"},"datePublished":"2025-02-19T08:29:33+00:00","dateModified":"2026-02-11T16:45:13+00:00","description":"Du bist auf der Suche nach den sch\u00f6nsten Accessoires f\u00fcr deinen Hund, die den aktuellen Trends entsprechen? Dann ist dieses Set mit Halsband und Hundefliege aus der Blissful Beige\u00a0Kollektion genau das Richtige f\u00fcr dich!Mix & Match mit allen anderen Produkten dieser Kollektion, um den Look zu vervollst\u00e4ndigen.Die Fliege kann mit einem schwarzen Klettverschluss am passenden Halsband befestigt werden.Das Halsband und die Hundefliege sind aus einem sch\u00f6nen beigen Cord-Stoff gefertigt und hat goldene, starke Verschl\u00fcsse und Ringe. Die Dicke und Gr\u00f6\u00dfe des Halsbandes, der Verschl\u00fcsse und der Ringe werden an die Gr\u00f6\u00dfe des Halsbandes angepasst. Das Halsband ist in den Gr\u00f6\u00dfen XS bis L erh\u00e4ltlich.","breadcrumb":{"@id":"https:\/\/tedsandtails.de\/produkt\/set-halsband-hundefliege-blissful-beige\/#breadcrumb"},"inLanguage":"en-GB","potentialAction":[{"@type":"ReadAction","target":["https:\/\/tedsandtails.de\/produkt\/set-halsband-hundefliege-blissful-beige\/"]}]},{"@type":"BreadcrumbList","@id":"https:\/\/tedsandtails.de\/produkt\/set-halsband-hundefliege-blissful-beige\/#breadcrumb","itemListElement":[{"@type":"ListItem","position":1,"name":"Startseite","item":"https:\/\/tedsandtails.de\/"},{"@type":"ListItem","position":2,"name":"Shop","item":"https:\/\/tedsandtails.de\/shop\/"},{"@type":"ListItem","position":3,"name":"Set Halsband &amp; Hundefliege &#8211; Blissful Beige"}]},{"@type":"WebSite","@id":"https:\/\/tedsandtails.de\/#website","url":"https:\/\/tedsandtails.de\/","name":"TED&#039;S &amp; TAILS","description":"","publisher":{"@id":"https:\/\/tedsandtails.de\/#organization"},"potentialAction":[{"@type":"SearchAction","target":{"@type":"EntryPoint","urlTemplate":"https:\/\/tedsandtails.de\/?s={search_term_string}"},"query-input":"required name=search_term_string"}],"inLanguage":"en-GB"},{"@type":"Organization","@id":"https:\/\/tedsandtails.de\/#organization","name":"TED&#039;S &amp; TAILS","url":"https:\/\/tedsandtails.de\/","logo":{"@type":"ImageObject","inLanguage":"en-GB","@id":"https:\/\/tedsandtails.de\/#\/schema\/logo\/image\/","url":"https:\/\/tedsandtails.de\/wp-content\/uploads\/2022\/09\/Teddys-5.png","contentUrl":"https:\/\/tedsandtails.de\/wp-content\/uploads\/2022\/09\/Teddys-5.png","width":1080,"height":1080,"caption":"TED&#039;S &amp; TAILS"},"image":{"@id":"https:\/\/tedsandtails.de\/#\/schema\/logo\/image\/"}}]}},"_links":{"self":[{"href":"https:\/\/tedsandtails.de\/en\/wp-json\/wp\/v2\/product\/6353","targetHints":{"allow":["GET"]}}],"collection":[{"href":"https:\/\/tedsandtails.de\/en\/wp-json\/wp\/v2\/product"}],"about":[{"href":"https:\/\/tedsandtails.de\/en\/wp-json\/wp\/v2\/types\/product"}],"replies":[{"embeddable":true,"href":"https:\/\/tedsandtails.de\/en\/wp-json\/wp\/v2\/comments?post=6353"}],"wp:featuredmedia":[{"embeddable":true,"href":"https:\/\/tedsandtails.de\/en\/wp-json\/wp\/v2\/media\/6453"}],"wp:attachment":[{"href":"https:\/\/tedsandtails.de\/en\/wp-json\/wp\/v2\/media?parent=6353"}],"wp:term":[{"taxonomy":"product_cat","embeddable":true,"href":"https:\/\/tedsandtails.de\/en\/wp-json\/wp\/v2\/product_cat?post=6353"},{"taxonomy":"product_tag","embeddable":true,"href":"https:\/\/tedsandtails.de\/en\/wp-json\/wp\/v2\/product_tag?post=6353"}],"curies":[{"name":"wp","href":"https:\/\/api.w.org\/{rel}","templated":true}]}}