{"id":6358,"date":"2025-02-19T09:33:30","date_gmt":"2025-02-19T08:33:30","guid":{"rendered":"https:\/\/tedsandtails.de\/?post_type=product&#038;p=6358"},"modified":"2026-04-12T17:56:32","modified_gmt":"2026-04-12T15:56:32","slug":"handsfree-verstellbare-hundeleine-blissful-beige","status":"publish","type":"product","link":"https:\/\/tedsandtails.de\/en\/product\/handsfree-verstellbare-hundeleine-blissful-beige\/","title":{"rendered":"Handsfree\/verstellbare Hundeleine &#8211; Blissful Beige"},"content":{"rendered":"<p>Du bist auf der Suche nach den sch\u00f6nsten Accessoires f\u00fcr deinen Hund, die den aktuellen Trends entsprechen? Dann ist diese Handsfree-Hundeleine aus der Blissful Beige Kollektion genau das Richtige f\u00fcr dich! Eine Handsfree-Leine kann wie eine normale Leine verwendet werden, kann aber auch crossbody getragen werden, sodass du die H\u00e4nde frei hast.Die Hundeleine ist aus dunkelgr\u00fcnem Cord gefertigt und hat goldene und stabile Metallringe und Clips.<\/p>\n<p>Mix &amp; match with all the other products in this collection to complete the look. The dog leash is available in size M (200cm x 2cm).<\/p>","protected":false},"excerpt":{"rendered":"<p>Du bist auf der Suche nach den sch\u00f6nsten Accessoires f\u00fcr deinen Hund, die den aktuellen Trends entsprechen? Dann ist diese Handsfree-Hundeleine aus der Blissful Beige Kollektion genau das Richtige f\u00fcr dich! Eine Handsfree-Leine kann wie eine normale Leine verwendet werden, kann aber auch crossbody getragen werden, sodass du die H\u00e4nde frei hast.Die Hundeleine ist aus [&hellip;]<\/p>","protected":false},"featured_media":6402,"comment_status":"open","ping_status":"closed","template":"","meta":[],"product_cat":[19,32],"product_tag":[198,199,200,63,201],"class_list":{"0":"post-6358","1":"product","2":"type-product","3":"status-publish","4":"has-post-thumbnail","6":"product_cat-hundeleinen","7":"product_cat-blissful-beige","8":"product_tag-beige","9":"product_tag-blissful-beige","10":"product_tag-handsfree","11":"product_tag-hundeleine","12":"product_tag-verstellbare-hundeleine","14":"first","15":"instock","16":"shipping-taxable","17":"purchasable","18":"product-type-simple"},"yoast_head":"<!-- This site is optimized with the Yoast SEO plugin v20.12 - https:\/\/yoast.com\/wordpress\/plugins\/seo\/ -->\n<title>Handsfree\/verstellbare Hundeleine - Blissful Beige - TED&#039;S &amp; TAILS<\/title>\n<meta name=\"description\" content=\"Du bist auf der Suche nach den sch\u00f6nsten Accessoires f\u00fcr deinen Hund, die den aktuellen Trends entsprechen? Dann ist diese Handsfree-Hundeleine aus der Blissful Beige Kollektion genau das Richtige f\u00fcr dich! Eine Handsfree-Leine kann wie eine normale Leine verwendet werden, kann aber auch crossbody getragen werden, sodass du die H\u00e4nde frei hast.Die Hundeleine ist aus dunkelgr\u00fcnem Cord gefertigt und hat goldene und stabile Metallringe und Clips.Mix &amp; Match mit allen anderen Produkten dieser Kollektion, um den Look zu vervollst\u00e4ndigen.\u00a0Die Hundeleine ist in Gr\u00f6\u00dfe M erh\u00e4ltlich (200cm x 2cm).\" \/>\n<meta name=\"robots\" content=\"index, follow, max-snippet:-1, max-image-preview:large, max-video-preview:-1\" \/>\n<link rel=\"canonical\" href=\"https:\/\/tedsandtails.de\/en\/product\/handsfree-verstellbare-hundeleine-blissful-beige\/\" \/>\n<meta property=\"og:locale\" content=\"en_GB\" \/>\n<meta property=\"og:type\" content=\"article\" \/>\n<meta property=\"og:title\" content=\"Handsfree\/verstellbare Hundeleine - Blissful Beige - TED&#039;S &amp; TAILS\" \/>\n<meta property=\"og:description\" content=\"Du bist auf der Suche nach den sch\u00f6nsten Accessoires f\u00fcr deinen Hund, die den aktuellen Trends entsprechen? Dann ist diese Handsfree-Hundeleine aus der Blissful Beige Kollektion genau das Richtige f\u00fcr dich! Eine Handsfree-Leine kann wie eine normale Leine verwendet werden, kann aber auch crossbody getragen werden, sodass du die H\u00e4nde frei hast.Die Hundeleine ist aus dunkelgr\u00fcnem Cord gefertigt und hat goldene und stabile Metallringe und Clips.Mix &amp; Match mit allen anderen Produkten dieser Kollektion, um den Look zu vervollst\u00e4ndigen.\u00a0Die Hundeleine ist in Gr\u00f6\u00dfe M erh\u00e4ltlich (200cm x 2cm).\" \/>\n<meta property=\"og:url\" content=\"https:\/\/tedsandtails.de\/en\/product\/handsfree-verstellbare-hundeleine-blissful-beige\/\" \/>\n<meta property=\"og:site_name\" content=\"TED&#039;S &amp; TAILS\" \/>\n<meta property=\"article:modified_time\" content=\"2026-04-12T15:56:32+00:00\" \/>\n<meta property=\"og:image\" content=\"https:\/\/tedsandtails.de\/wp-content\/uploads\/2025\/02\/4g1a6118-scaled.jpeg\" \/>\n\t<meta property=\"og:image:width\" content=\"1707\" \/>\n\t<meta property=\"og:image:height\" content=\"2560\" \/>\n\t<meta property=\"og:image:type\" content=\"image\/jpeg\" \/>\n<meta name=\"twitter:card\" content=\"summary_large_image\" \/>\n<meta name=\"twitter:label1\" content=\"Est. reading time\" \/>\n\t<meta name=\"twitter:data1\" content=\"1 minute\" \/>\n<script type=\"application\/ld+json\" class=\"yoast-schema-graph\">{\"@context\":\"https:\/\/schema.org\",\"@graph\":[{\"@type\":\"WebPage\",\"@id\":\"https:\/\/tedsandtails.de\/produkt\/handsfree-verstellbare-hundeleine-blissful-beige\/\",\"url\":\"https:\/\/tedsandtails.de\/produkt\/handsfree-verstellbare-hundeleine-blissful-beige\/\",\"name\":\"Handsfree\/verstellbare Hundeleine - Blissful Beige - TED&#039;S &amp; TAILS\",\"isPartOf\":{\"@id\":\"https:\/\/tedsandtails.de\/#website\"},\"datePublished\":\"2025-02-19T08:33:30+00:00\",\"dateModified\":\"2026-04-12T15:56:32+00:00\",\"description\":\"Du bist auf der Suche nach den sch\u00f6nsten Accessoires f\u00fcr deinen Hund, die den aktuellen Trends entsprechen? Dann ist diese Handsfree-Hundeleine aus der Blissful Beige Kollektion genau das Richtige f\u00fcr dich! Eine Handsfree-Leine kann wie eine normale Leine verwendet werden, kann aber auch crossbody getragen werden, sodass du die H\u00e4nde frei hast.Die Hundeleine ist aus dunkelgr\u00fcnem Cord gefertigt und hat goldene und stabile Metallringe und Clips.Mix & Match mit allen anderen Produkten dieser Kollektion, um den Look zu vervollst\u00e4ndigen.\u00a0Die Hundeleine ist in Gr\u00f6\u00dfe M erh\u00e4ltlich (200cm x 2cm).\",\"breadcrumb\":{\"@id\":\"https:\/\/tedsandtails.de\/produkt\/handsfree-verstellbare-hundeleine-blissful-beige\/#breadcrumb\"},\"inLanguage\":\"en-GB\",\"potentialAction\":[{\"@type\":\"ReadAction\",\"target\":[\"https:\/\/tedsandtails.de\/produkt\/handsfree-verstellbare-hundeleine-blissful-beige\/\"]}]},{\"@type\":\"BreadcrumbList\",\"@id\":\"https:\/\/tedsandtails.de\/produkt\/handsfree-verstellbare-hundeleine-blissful-beige\/#breadcrumb\",\"itemListElement\":[{\"@type\":\"ListItem\",\"position\":1,\"name\":\"Startseite\",\"item\":\"https:\/\/tedsandtails.de\/\"},{\"@type\":\"ListItem\",\"position\":2,\"name\":\"Shop\",\"item\":\"https:\/\/tedsandtails.de\/shop\/\"},{\"@type\":\"ListItem\",\"position\":3,\"name\":\"Handsfree\/verstellbare Hundeleine &#8211; Blissful Beige\"}]},{\"@type\":\"WebSite\",\"@id\":\"https:\/\/tedsandtails.de\/#website\",\"url\":\"https:\/\/tedsandtails.de\/\",\"name\":\"TED&#039;S &amp; TAILS\",\"description\":\"\",\"publisher\":{\"@id\":\"https:\/\/tedsandtails.de\/#organization\"},\"potentialAction\":[{\"@type\":\"SearchAction\",\"target\":{\"@type\":\"EntryPoint\",\"urlTemplate\":\"https:\/\/tedsandtails.de\/?s={search_term_string}\"},\"query-input\":\"required name=search_term_string\"}],\"inLanguage\":\"en-GB\"},{\"@type\":\"Organization\",\"@id\":\"https:\/\/tedsandtails.de\/#organization\",\"name\":\"TED&#039;S &amp; TAILS\",\"url\":\"https:\/\/tedsandtails.de\/\",\"logo\":{\"@type\":\"ImageObject\",\"inLanguage\":\"en-GB\",\"@id\":\"https:\/\/tedsandtails.de\/#\/schema\/logo\/image\/\",\"url\":\"https:\/\/tedsandtails.de\/wp-content\/uploads\/2022\/09\/Teddys-5.png\",\"contentUrl\":\"https:\/\/tedsandtails.de\/wp-content\/uploads\/2022\/09\/Teddys-5.png\",\"width\":1080,\"height\":1080,\"caption\":\"TED&#039;S &amp; TAILS\"},\"image\":{\"@id\":\"https:\/\/tedsandtails.de\/#\/schema\/logo\/image\/\"}}]}<\/script>\n<!-- \/ Yoast SEO plugin. -->","yoast_head_json":{"title":"Handsfree\/verstellbare Hundeleine - Blissful Beige - TED&#039;S &amp; TAILS","description":"Du bist auf der Suche nach den sch\u00f6nsten Accessoires f\u00fcr deinen Hund, die den aktuellen Trends entsprechen? Dann ist diese Handsfree-Hundeleine aus der Blissful Beige Kollektion genau das Richtige f\u00fcr dich! Eine Handsfree-Leine kann wie eine normale Leine verwendet werden, kann aber auch crossbody getragen werden, sodass du die H\u00e4nde frei hast.Die Hundeleine ist aus dunkelgr\u00fcnem Cord gefertigt und hat goldene und stabile Metallringe und Clips.Mix & Match mit allen anderen Produkten dieser Kollektion, um den Look zu vervollst\u00e4ndigen.\u00a0Die Hundeleine ist in Gr\u00f6\u00dfe M erh\u00e4ltlich (200cm x 2cm).","robots":{"index":"index","follow":"follow","max-snippet":"max-snippet:-1","max-image-preview":"max-image-preview:large","max-video-preview":"max-video-preview:-1"},"canonical":"https:\/\/tedsandtails.de\/en\/product\/handsfree-verstellbare-hundeleine-blissful-beige\/","og_locale":"en_GB","og_type":"article","og_title":"Handsfree\/verstellbare Hundeleine - Blissful Beige - TED&#039;S &amp; TAILS","og_description":"Du bist auf der Suche nach den sch\u00f6nsten Accessoires f\u00fcr deinen Hund, die den aktuellen Trends entsprechen? Dann ist diese Handsfree-Hundeleine aus der Blissful Beige Kollektion genau das Richtige f\u00fcr dich! Eine Handsfree-Leine kann wie eine normale Leine verwendet werden, kann aber auch crossbody getragen werden, sodass du die H\u00e4nde frei hast.Die Hundeleine ist aus dunkelgr\u00fcnem Cord gefertigt und hat goldene und stabile Metallringe und Clips.Mix & Match mit allen anderen Produkten dieser Kollektion, um den Look zu vervollst\u00e4ndigen.\u00a0Die Hundeleine ist in Gr\u00f6\u00dfe M erh\u00e4ltlich (200cm x 2cm).","og_url":"https:\/\/tedsandtails.de\/en\/product\/handsfree-verstellbare-hundeleine-blissful-beige\/","og_site_name":"TED&#039;S &amp; TAILS","article_modified_time":"2026-04-12T15:56:32+00:00","og_image":[{"width":1707,"height":2560,"url":"https:\/\/tedsandtails.de\/wp-content\/uploads\/2025\/02\/4g1a6118-scaled.jpeg","type":"image\/jpeg"}],"twitter_card":"summary_large_image","twitter_misc":{"Est. reading time":"1 minute"},"schema":{"@context":"https:\/\/schema.org","@graph":[{"@type":"WebPage","@id":"https:\/\/tedsandtails.de\/produkt\/handsfree-verstellbare-hundeleine-blissful-beige\/","url":"https:\/\/tedsandtails.de\/produkt\/handsfree-verstellbare-hundeleine-blissful-beige\/","name":"Handsfree\/verstellbare Hundeleine - Blissful Beige - TED&#039;S &amp; TAILS","isPartOf":{"@id":"https:\/\/tedsandtails.de\/#website"},"datePublished":"2025-02-19T08:33:30+00:00","dateModified":"2026-04-12T15:56:32+00:00","description":"Du bist auf der Suche nach den sch\u00f6nsten Accessoires f\u00fcr deinen Hund, die den aktuellen Trends entsprechen? Dann ist diese Handsfree-Hundeleine aus der Blissful Beige Kollektion genau das Richtige f\u00fcr dich! Eine Handsfree-Leine kann wie eine normale Leine verwendet werden, kann aber auch crossbody getragen werden, sodass du die H\u00e4nde frei hast.Die Hundeleine ist aus dunkelgr\u00fcnem Cord gefertigt und hat goldene und stabile Metallringe und Clips.Mix & Match mit allen anderen Produkten dieser Kollektion, um den Look zu vervollst\u00e4ndigen.\u00a0Die Hundeleine ist in Gr\u00f6\u00dfe M erh\u00e4ltlich (200cm x 2cm).","breadcrumb":{"@id":"https:\/\/tedsandtails.de\/produkt\/handsfree-verstellbare-hundeleine-blissful-beige\/#breadcrumb"},"inLanguage":"en-GB","potentialAction":[{"@type":"ReadAction","target":["https:\/\/tedsandtails.de\/produkt\/handsfree-verstellbare-hundeleine-blissful-beige\/"]}]},{"@type":"BreadcrumbList","@id":"https:\/\/tedsandtails.de\/produkt\/handsfree-verstellbare-hundeleine-blissful-beige\/#breadcrumb","itemListElement":[{"@type":"ListItem","position":1,"name":"Startseite","item":"https:\/\/tedsandtails.de\/"},{"@type":"ListItem","position":2,"name":"Shop","item":"https:\/\/tedsandtails.de\/shop\/"},{"@type":"ListItem","position":3,"name":"Handsfree\/verstellbare Hundeleine &#8211; Blissful Beige"}]},{"@type":"WebSite","@id":"https:\/\/tedsandtails.de\/#website","url":"https:\/\/tedsandtails.de\/","name":"TED&#039;S &amp; TAILS","description":"","publisher":{"@id":"https:\/\/tedsandtails.de\/#organization"},"potentialAction":[{"@type":"SearchAction","target":{"@type":"EntryPoint","urlTemplate":"https:\/\/tedsandtails.de\/?s={search_term_string}"},"query-input":"required name=search_term_string"}],"inLanguage":"en-GB"},{"@type":"Organization","@id":"https:\/\/tedsandtails.de\/#organization","name":"TED&#039;S &amp; TAILS","url":"https:\/\/tedsandtails.de\/","logo":{"@type":"ImageObject","inLanguage":"en-GB","@id":"https:\/\/tedsandtails.de\/#\/schema\/logo\/image\/","url":"https:\/\/tedsandtails.de\/wp-content\/uploads\/2022\/09\/Teddys-5.png","contentUrl":"https:\/\/tedsandtails.de\/wp-content\/uploads\/2022\/09\/Teddys-5.png","width":1080,"height":1080,"caption":"TED&#039;S &amp; TAILS"},"image":{"@id":"https:\/\/tedsandtails.de\/#\/schema\/logo\/image\/"}}]}},"_links":{"self":[{"href":"https:\/\/tedsandtails.de\/en\/wp-json\/wp\/v2\/product\/6358","targetHints":{"allow":["GET"]}}],"collection":[{"href":"https:\/\/tedsandtails.de\/en\/wp-json\/wp\/v2\/product"}],"about":[{"href":"https:\/\/tedsandtails.de\/en\/wp-json\/wp\/v2\/types\/product"}],"replies":[{"embeddable":true,"href":"https:\/\/tedsandtails.de\/en\/wp-json\/wp\/v2\/comments?post=6358"}],"wp:featuredmedia":[{"embeddable":true,"href":"https:\/\/tedsandtails.de\/en\/wp-json\/wp\/v2\/media\/6402"}],"wp:attachment":[{"href":"https:\/\/tedsandtails.de\/en\/wp-json\/wp\/v2\/media?parent=6358"}],"wp:term":[{"taxonomy":"product_cat","embeddable":true,"href":"https:\/\/tedsandtails.de\/en\/wp-json\/wp\/v2\/product_cat?post=6358"},{"taxonomy":"product_tag","embeddable":true,"href":"https:\/\/tedsandtails.de\/en\/wp-json\/wp\/v2\/product_tag?post=6358"}],"curies":[{"name":"wp","href":"https:\/\/api.w.org\/{rel}","templated":true}]}}