{"id":6413,"date":"2025-02-21T17:27:08","date_gmt":"2025-02-21T16:27:08","guid":{"rendered":"https:\/\/tedsandtails.de\/?post_type=product&#038;p=6413"},"modified":"2026-01-19T14:01:04","modified_gmt":"2026-01-19T13:01:04","slug":"glam-dogmom-bag-blissful-beige","status":"publish","type":"product","link":"https:\/\/tedsandtails.de\/en\/product\/glam-dogmom-bag-blissful-beige\/","title":{"rendered":"My Petite Ch\u00e9rie Dogmom Bag &#8211; Blissful Beige"},"content":{"rendered":"<p data-start=\"99\" data-end=\"181\"><strong>My Petite Ch\u00e9rie Dogmom Bag <\/strong><strong data-start=\"99\" data-end=\"181\">Blissful Beige: Luxury and Functionality for Every Dogmom<\/strong><\/p>\n<p data-start=\"183\" data-end=\"723\">The My Petite Ch\u00e9rie Dogmom Bag in the elegant shade <strong data-start=\"234\" data-end=\"252\">Blissful Beige<\/strong> is more than just a simple bag \u2013 it's a <strong data-start=\"301\" data-end=\"323\">premium accessory<\/strong> for every dog mom. This sophisticated walking bag is crafted from high-quality materials and combines luxury, style, and functionality in one design \u2013 specially made for the modern dogmom. Whether you're heading into the city, visiting friends, traveling, or even dining out, the<strong data-start=\"611\" data-end=\"634\">&nbsp;<\/strong>My Petite Ch\u00e9rie Dogmom Bag ensures you have everything you need for your dog, without compromising on style.<\/p>\n<p data-start=\"725\" data-end=\"779\"><strong data-start=\"728\" data-end=\"779\">What makes the <\/strong>My Petite Ch\u00e9rie Dogmom Bag <strong data-start=\"728\" data-end=\"779\">so special?<\/strong><\/p>\n<ul data-start=\"781\" data-end=\"1388\">\n<li data-start=\"781\" data-end=\"931\"><strong data-start=\"783\" data-end=\"835\">Herausnehmbares Leckerli-Fach (Leckerli Tasche):<\/strong> Praktisches und hygienisches Fach f\u00fcr Hundeleckerlis \u2013 leicht abwaschbar und immer griffbereit.<\/li>\n<li data-start=\"932\" data-end=\"1044\"><strong data-start=\"934\" data-end=\"953\">Kotbeutel-Fach:<\/strong> Ein spezielles Fach f\u00fcr Kotbeutel, damit du nie ohne bist, wenn du drau\u00dfen unterwegs bist.<\/li>\n<li data-start=\"1045\" data-end=\"1209\"><strong data-start=\"1047\" data-end=\"1094\">Zus\u00e4tzliche F\u00e4cher f\u00fcr Schl\u00fcssel und Handy:<\/strong> Ein Rei\u00dfverschlussfach f\u00fcr pers\u00f6nliche Dinge und zwei extra F\u00e4cher f\u00fcr Schl\u00fcssel, Handy oder andere Kleinigkeiten.<\/li>\n<li data-start=\"1210\" data-end=\"1388\"><strong data-start=\"1212\" data-end=\"1252\">Verwandlungsf\u00e4hige Crossbody-Tasche:<\/strong> Wenn du ohne Hund unterwegs bist, kannst du das Leckerli-Fach herausnehmen und die Tasche in eine elegante Crossbody-Tasche verwandeln.<\/li>\n<\/ul>\n<p data-start=\"1390\" data-end=\"1806\">Diese luxuri\u00f6se Tasche besteht aus <strong data-start=\"1425\" data-end=\"1441\">Faux Leather<\/strong>, was sie zu einer tierfreundlichen, aber dennoch stilvollen Wahl macht. Die My Petite Ch\u00e9rie Dogmom Bag  wurde mit h\u00f6chsten Standards in Design und Verarbeitung entwickelt, sodass sie nicht nur praktisch, sondern auch ein wahres Mode-Statement ist. Ihre <strong data-start=\"1702\" data-end=\"1722\">premium Qualit\u00e4t<\/strong> sorgt daf\u00fcr, dass du immer ein einzigartiges und exklusives Produkt bei dir tr\u00e4gst.<\/p>\n<p data-start=\"1911\" data-end=\"1927\"><strong data-start=\"1911\" data-end=\"1927\">Perfekt f\u00fcr:<\/strong><\/p>\n<ul data-start=\"1928\" data-end=\"2247\">\n<li data-start=\"1928\" data-end=\"1961\"><strong data-start=\"1930\" data-end=\"1945\">St\u00e4dtetrips<\/strong> mit deinem Hund<\/li>\n<li data-start=\"1962\" data-end=\"2001\"><strong data-start=\"1964\" data-end=\"1988\">Besuche bei Freunden<\/strong> oder Familie<\/li>\n<li data-start=\"2002\" data-end=\"2054\"><strong data-start=\"2004\" data-end=\"2021\">Urlaubsreisen<\/strong> \u2013 ob am Strand oder in der Stadt<\/li>\n<li data-start=\"2055\" data-end=\"2148\"><strong data-start=\"2057\" data-end=\"2085\">Abendessen im Restaurant<\/strong> \u2013 eine elegante Tasche, die deine Pers\u00f6nlichkeit unterstreicht<\/li>\n<li data-start=\"2149\" data-end=\"2247\"><strong data-start=\"2151\" data-end=\"2166\">Jede Dogmom<\/strong>, die auf der Suche nach der perfekten Mischung aus Luxus und Funktionalit\u00e4t ist.<\/li>\n<\/ul>\n<p data-start=\"2249\" data-end=\"2478\"><strong data-start=\"2249\" data-end=\"2311\">Suchst du nach einer praktischen und schicken Hundetasche?<\/strong> Die My Petite Ch\u00e9rie Dogmom Bag  ist die ideale L\u00f6sung! Hol dir jetzt deine Luxus-Hundetasche und erlebe, wie einfach und stylish es ist, deinen Hund immer dabei zu haben!<\/p>","protected":false},"excerpt":{"rendered":"<p>My Petite Ch\u00e9rie Dogmom Bag \u2013 Blissful Beige: Luxus und Funktionalit\u00e4t f\u00fcr jede Dogmom Die My Petite Ch\u00e9rie Dogmom Bag in der eleganten Farbe Blissful Beige ist nicht nur eine einfache Tasche, sondern ein Premium Accessoire f\u00fcr jede Dogmom. Diese edle Gassitasche wurde aus hochwertigen Materialien gefertigt und vereint Luxus, Stil und Funktionalit\u00e4t in einem [&hellip;]<\/p>","protected":false},"featured_media":6420,"comment_status":"open","ping_status":"closed","template":"","meta":[],"product_cat":[28,32],"product_tag":[],"class_list":{"0":"post-6413","1":"product","2":"type-product","3":"status-publish","4":"has-post-thumbnail","6":"product_cat-dogmom-tasche","7":"product_cat-blissful-beige","9":"first","10":"instock","11":"shipping-taxable","12":"purchasable","13":"product-type-simple"},"yoast_head":"<!-- This site is optimized with the Yoast SEO plugin v20.12 - https:\/\/yoast.com\/wordpress\/plugins\/seo\/ -->\n<title>My Petite Ch\u00e9rie Dogmom Bag - Blissful Beige - TED&#039;S &amp; TAILS<\/title>\n<meta name=\"description\" content=\"Entdecke die luxuri\u00f6se Gassitasche f\u00fcr stilbewusste Dogmoms! Mit praktischem Leckerli- und Kotbeutel-Fach \u2013 perfekt f\u00fcr jede Dogmom, die Funktionalit\u00e4t mit Stil vereinen m\u00f6chte. Jetzt shoppen und immer alles griffbereit haben!\" \/>\n<meta name=\"robots\" content=\"index, follow, max-snippet:-1, max-image-preview:large, max-video-preview:-1\" \/>\n<link rel=\"canonical\" href=\"https:\/\/tedsandtails.de\/en\/product\/glam-dogmom-bag-blissful-beige\/\" \/>\n<meta property=\"og:locale\" content=\"en_GB\" \/>\n<meta property=\"og:type\" content=\"article\" \/>\n<meta property=\"og:title\" content=\"My Petite Ch\u00e9rie Dogmom Bag - Blissful Beige - TED&#039;S &amp; TAILS\" \/>\n<meta property=\"og:description\" content=\"Entdecke die luxuri\u00f6se Gassitasche f\u00fcr stilbewusste Dogmoms! Mit praktischem Leckerli- und Kotbeutel-Fach \u2013 perfekt f\u00fcr jede Dogmom, die Funktionalit\u00e4t mit Stil vereinen m\u00f6chte. Jetzt shoppen und immer alles griffbereit haben!\" \/>\n<meta property=\"og:url\" content=\"https:\/\/tedsandtails.de\/en\/product\/glam-dogmom-bag-blissful-beige\/\" \/>\n<meta property=\"og:site_name\" content=\"TED&#039;S &amp; TAILS\" \/>\n<meta property=\"article:modified_time\" content=\"2026-01-19T13:01:04+00:00\" \/>\n<meta property=\"og:image\" content=\"https:\/\/tedsandtails.de\/wp-content\/uploads\/2025\/02\/4g1a6168-1-scaled.jpeg\" \/>\n\t<meta property=\"og:image:width\" content=\"1707\" \/>\n\t<meta property=\"og:image:height\" content=\"2560\" \/>\n\t<meta property=\"og:image:type\" content=\"image\/jpeg\" \/>\n<meta name=\"twitter:card\" content=\"summary_large_image\" \/>\n<meta name=\"twitter:label1\" content=\"Est. reading time\" \/>\n\t<meta name=\"twitter:data1\" content=\"2 minutes\" \/>\n<script type=\"application\/ld+json\" class=\"yoast-schema-graph\">{\"@context\":\"https:\/\/schema.org\",\"@graph\":[{\"@type\":\"WebPage\",\"@id\":\"https:\/\/tedsandtails.de\/produkt\/glam-dogmom-bag-blissful-beige\/\",\"url\":\"https:\/\/tedsandtails.de\/produkt\/glam-dogmom-bag-blissful-beige\/\",\"name\":\"My Petite Ch\u00e9rie Dogmom Bag - Blissful Beige - TED&#039;S &amp; TAILS\",\"isPartOf\":{\"@id\":\"https:\/\/tedsandtails.de\/#website\"},\"datePublished\":\"2025-02-21T16:27:08+00:00\",\"dateModified\":\"2026-01-19T13:01:04+00:00\",\"description\":\"Entdecke die luxuri\u00f6se Gassitasche f\u00fcr stilbewusste Dogmoms! Mit praktischem Leckerli- und Kotbeutel-Fach \u2013 perfekt f\u00fcr jede Dogmom, die Funktionalit\u00e4t mit Stil vereinen m\u00f6chte. Jetzt shoppen und immer alles griffbereit haben!\",\"breadcrumb\":{\"@id\":\"https:\/\/tedsandtails.de\/produkt\/glam-dogmom-bag-blissful-beige\/#breadcrumb\"},\"inLanguage\":\"en-GB\",\"potentialAction\":[{\"@type\":\"ReadAction\",\"target\":[\"https:\/\/tedsandtails.de\/produkt\/glam-dogmom-bag-blissful-beige\/\"]}]},{\"@type\":\"BreadcrumbList\",\"@id\":\"https:\/\/tedsandtails.de\/produkt\/glam-dogmom-bag-blissful-beige\/#breadcrumb\",\"itemListElement\":[{\"@type\":\"ListItem\",\"position\":1,\"name\":\"Startseite\",\"item\":\"https:\/\/tedsandtails.de\/\"},{\"@type\":\"ListItem\",\"position\":2,\"name\":\"Shop\",\"item\":\"https:\/\/tedsandtails.de\/shop\/\"},{\"@type\":\"ListItem\",\"position\":3,\"name\":\"My Petite Ch\u00e9rie Dogmom Bag &#8211; Blissful Beige\"}]},{\"@type\":\"WebSite\",\"@id\":\"https:\/\/tedsandtails.de\/#website\",\"url\":\"https:\/\/tedsandtails.de\/\",\"name\":\"TED&#039;S &amp; TAILS\",\"description\":\"\",\"publisher\":{\"@id\":\"https:\/\/tedsandtails.de\/#organization\"},\"potentialAction\":[{\"@type\":\"SearchAction\",\"target\":{\"@type\":\"EntryPoint\",\"urlTemplate\":\"https:\/\/tedsandtails.de\/?s={search_term_string}\"},\"query-input\":\"required name=search_term_string\"}],\"inLanguage\":\"en-GB\"},{\"@type\":\"Organization\",\"@id\":\"https:\/\/tedsandtails.de\/#organization\",\"name\":\"TED&#039;S &amp; TAILS\",\"url\":\"https:\/\/tedsandtails.de\/\",\"logo\":{\"@type\":\"ImageObject\",\"inLanguage\":\"en-GB\",\"@id\":\"https:\/\/tedsandtails.de\/#\/schema\/logo\/image\/\",\"url\":\"https:\/\/tedsandtails.de\/wp-content\/uploads\/2022\/09\/Teddys-5.png\",\"contentUrl\":\"https:\/\/tedsandtails.de\/wp-content\/uploads\/2022\/09\/Teddys-5.png\",\"width\":1080,\"height\":1080,\"caption\":\"TED&#039;S &amp; TAILS\"},\"image\":{\"@id\":\"https:\/\/tedsandtails.de\/#\/schema\/logo\/image\/\"}}]}<\/script>\n<!-- \/ Yoast SEO plugin. -->","yoast_head_json":{"title":"My Petite Ch\u00e9rie Dogmom Bag - Blissful Beige - TED&#039;S &amp; TAILS","description":"Entdecke die luxuri\u00f6se Gassitasche f\u00fcr stilbewusste Dogmoms! Mit praktischem Leckerli- und Kotbeutel-Fach \u2013 perfekt f\u00fcr jede Dogmom, die Funktionalit\u00e4t mit Stil vereinen m\u00f6chte. Jetzt shoppen und immer alles griffbereit haben!","robots":{"index":"index","follow":"follow","max-snippet":"max-snippet:-1","max-image-preview":"max-image-preview:large","max-video-preview":"max-video-preview:-1"},"canonical":"https:\/\/tedsandtails.de\/en\/product\/glam-dogmom-bag-blissful-beige\/","og_locale":"en_GB","og_type":"article","og_title":"My Petite Ch\u00e9rie Dogmom Bag - Blissful Beige - TED&#039;S &amp; TAILS","og_description":"Entdecke die luxuri\u00f6se Gassitasche f\u00fcr stilbewusste Dogmoms! Mit praktischem Leckerli- und Kotbeutel-Fach \u2013 perfekt f\u00fcr jede Dogmom, die Funktionalit\u00e4t mit Stil vereinen m\u00f6chte. Jetzt shoppen und immer alles griffbereit haben!","og_url":"https:\/\/tedsandtails.de\/en\/product\/glam-dogmom-bag-blissful-beige\/","og_site_name":"TED&#039;S &amp; TAILS","article_modified_time":"2026-01-19T13:01:04+00:00","og_image":[{"width":1707,"height":2560,"url":"https:\/\/tedsandtails.de\/wp-content\/uploads\/2025\/02\/4g1a6168-1-scaled.jpeg","type":"image\/jpeg"}],"twitter_card":"summary_large_image","twitter_misc":{"Est. reading time":"2 minutes"},"schema":{"@context":"https:\/\/schema.org","@graph":[{"@type":"WebPage","@id":"https:\/\/tedsandtails.de\/produkt\/glam-dogmom-bag-blissful-beige\/","url":"https:\/\/tedsandtails.de\/produkt\/glam-dogmom-bag-blissful-beige\/","name":"My Petite Ch\u00e9rie Dogmom Bag - Blissful Beige - TED&#039;S &amp; TAILS","isPartOf":{"@id":"https:\/\/tedsandtails.de\/#website"},"datePublished":"2025-02-21T16:27:08+00:00","dateModified":"2026-01-19T13:01:04+00:00","description":"Entdecke die luxuri\u00f6se Gassitasche f\u00fcr stilbewusste Dogmoms! Mit praktischem Leckerli- und Kotbeutel-Fach \u2013 perfekt f\u00fcr jede Dogmom, die Funktionalit\u00e4t mit Stil vereinen m\u00f6chte. Jetzt shoppen und immer alles griffbereit haben!","breadcrumb":{"@id":"https:\/\/tedsandtails.de\/produkt\/glam-dogmom-bag-blissful-beige\/#breadcrumb"},"inLanguage":"en-GB","potentialAction":[{"@type":"ReadAction","target":["https:\/\/tedsandtails.de\/produkt\/glam-dogmom-bag-blissful-beige\/"]}]},{"@type":"BreadcrumbList","@id":"https:\/\/tedsandtails.de\/produkt\/glam-dogmom-bag-blissful-beige\/#breadcrumb","itemListElement":[{"@type":"ListItem","position":1,"name":"Startseite","item":"https:\/\/tedsandtails.de\/"},{"@type":"ListItem","position":2,"name":"Shop","item":"https:\/\/tedsandtails.de\/shop\/"},{"@type":"ListItem","position":3,"name":"My Petite Ch\u00e9rie Dogmom Bag &#8211; Blissful Beige"}]},{"@type":"WebSite","@id":"https:\/\/tedsandtails.de\/#website","url":"https:\/\/tedsandtails.de\/","name":"TED&#039;S &amp; TAILS","description":"","publisher":{"@id":"https:\/\/tedsandtails.de\/#organization"},"potentialAction":[{"@type":"SearchAction","target":{"@type":"EntryPoint","urlTemplate":"https:\/\/tedsandtails.de\/?s={search_term_string}"},"query-input":"required name=search_term_string"}],"inLanguage":"en-GB"},{"@type":"Organization","@id":"https:\/\/tedsandtails.de\/#organization","name":"TED&#039;S &amp; TAILS","url":"https:\/\/tedsandtails.de\/","logo":{"@type":"ImageObject","inLanguage":"en-GB","@id":"https:\/\/tedsandtails.de\/#\/schema\/logo\/image\/","url":"https:\/\/tedsandtails.de\/wp-content\/uploads\/2022\/09\/Teddys-5.png","contentUrl":"https:\/\/tedsandtails.de\/wp-content\/uploads\/2022\/09\/Teddys-5.png","width":1080,"height":1080,"caption":"TED&#039;S &amp; TAILS"},"image":{"@id":"https:\/\/tedsandtails.de\/#\/schema\/logo\/image\/"}}]}},"_links":{"self":[{"href":"https:\/\/tedsandtails.de\/en\/wp-json\/wp\/v2\/product\/6413","targetHints":{"allow":["GET"]}}],"collection":[{"href":"https:\/\/tedsandtails.de\/en\/wp-json\/wp\/v2\/product"}],"about":[{"href":"https:\/\/tedsandtails.de\/en\/wp-json\/wp\/v2\/types\/product"}],"replies":[{"embeddable":true,"href":"https:\/\/tedsandtails.de\/en\/wp-json\/wp\/v2\/comments?post=6413"}],"wp:featuredmedia":[{"embeddable":true,"href":"https:\/\/tedsandtails.de\/en\/wp-json\/wp\/v2\/media\/6420"}],"wp:attachment":[{"href":"https:\/\/tedsandtails.de\/en\/wp-json\/wp\/v2\/media?parent=6413"}],"wp:term":[{"taxonomy":"product_cat","embeddable":true,"href":"https:\/\/tedsandtails.de\/en\/wp-json\/wp\/v2\/product_cat?post=6413"},{"taxonomy":"product_tag","embeddable":true,"href":"https:\/\/tedsandtails.de\/en\/wp-json\/wp\/v2\/product_tag?post=6413"}],"curies":[{"name":"wp","href":"https:\/\/api.w.org\/{rel}","templated":true}]}}