{"id":6646,"date":"2025-05-02T10:07:42","date_gmt":"2025-05-02T08:07:42","guid":{"rendered":"https:\/\/tedsandtails.de\/?post_type=product&#038;p=6646"},"modified":"2026-04-16T19:02:16","modified_gmt":"2026-04-16T17:02:16","slug":"halsband-lovely-lavender","status":"publish","type":"product","link":"https:\/\/tedsandtails.de\/en\/product\/halsband-lovely-lavender\/","title":{"rendered":"Halsband &#8211; Lovely Lavender"},"content":{"rendered":"<p>Are you looking for the most beautiful accessories for your dog that are in line with the latest trends? Then this collar from the <i>Lovely Lavender <\/i>collection is just the right thing for you!<\/p>\n<p>Mix &amp; match with all the other products in this collection to complete the look.<\/p>\n<p>Das Halsband ist aus einem sch\u00f6nen fliederfarbenen Cord-Stoff gefertigt und hat goldene, starke Verschl\u00fcsse und Ringe. Die Dicke und Gr\u00f6\u00dfe des Halsbandes, der Verschl\u00fcsse und der Ringe werden an die Gr\u00f6\u00dfe des Halsbandes angepasst. Das Halsband ist in den Gr\u00f6\u00dfen XS bis L erh\u00e4ltlich. Du fragst dich, welche Gr\u00f6\u00dfe dein Hund hat? Sieh dir unsere Gr\u00f6\u00dfentabelle an.<\/p>","protected":false},"excerpt":{"rendered":"<p>Du bist auf der Suche nach den sch\u00f6nsten Accessoires f\u00fcr deinen Hund, die den aktuellen Trends entsprechen? Dann ist dieses Halsband aus der Lovely Lavender Kollektion genau das Richtige f\u00fcr dich! Mix &amp; Match mit allen anderen Produkten dieser Kollektion, um den Look zu vervollst\u00e4ndigen. Das Halsband ist aus einem sch\u00f6nen fliederfarbenen Cord-Stoff gefertigt und [&hellip;]<\/p>","protected":false},"featured_media":6662,"comment_status":"open","ping_status":"closed","template":"","meta":[],"product_cat":[189,26],"product_tag":[41,40,39,62,143,144,46,61,47,50,44,141,142],"class_list":{"0":"post-6646","1":"product","2":"type-product","3":"status-publish","4":"has-post-thumbnail","6":"product_cat-lovely-lavender","7":"product_cat-halsbaender","8":"product_tag-blau","9":"product_tag-blauw","10":"product_tag-blue","11":"product_tag-collar","12":"product_tag-cord","13":"product_tag-corduroy","14":"product_tag-dog-accessories","15":"product_tag-halsband","16":"product_tag-honden","17":"product_tag-hondenaccessoires","18":"product_tag-hundezubehoer","19":"product_tag-mint","20":"product_tag-minty","22":"first","23":"instock","24":"shipping-taxable","25":"purchasable","26":"product-type-variable"},"yoast_head":"<!-- This site is optimized with the Yoast SEO plugin v20.12 - https:\/\/yoast.com\/wordpress\/plugins\/seo\/ -->\n<title>Halsband - Lovely Lavender - TED&#039;S &amp; TAILS<\/title>\n<meta name=\"description\" content=\"Du bist auf der Suche nach den sch\u00f6nsten Accessoires f\u00fcr deinen Hund, die den aktuellen Trends entsprechen? Dann ist dieses Halsband aus der Lovely Lavender Kollektion genau das Richtige f\u00fcr dich!\" \/>\n<meta name=\"robots\" content=\"index, follow, max-snippet:-1, max-image-preview:large, max-video-preview:-1\" \/>\n<link rel=\"canonical\" href=\"https:\/\/tedsandtails.de\/en\/product\/halsband-lovely-lavender\/\" \/>\n<meta property=\"og:locale\" content=\"en_GB\" \/>\n<meta property=\"og:type\" content=\"article\" \/>\n<meta property=\"og:title\" content=\"Halsband - Lovely Lavender - TED&#039;S &amp; TAILS\" \/>\n<meta property=\"og:description\" content=\"Du bist auf der Suche nach den sch\u00f6nsten Accessoires f\u00fcr deinen Hund, die den aktuellen Trends entsprechen? Dann ist dieses Halsband aus der Lovely Lavender Kollektion genau das Richtige f\u00fcr dich!\" \/>\n<meta property=\"og:url\" content=\"https:\/\/tedsandtails.de\/en\/product\/halsband-lovely-lavender\/\" \/>\n<meta property=\"og:site_name\" content=\"TED&#039;S &amp; TAILS\" \/>\n<meta property=\"article:modified_time\" content=\"2026-04-16T17:02:16+00:00\" \/>\n<meta property=\"og:image\" content=\"https:\/\/tedsandtails.de\/wp-content\/uploads\/2025\/05\/4g1a7259-1-scaled.jpeg\" \/>\n\t<meta property=\"og:image:width\" content=\"1707\" \/>\n\t<meta property=\"og:image:height\" content=\"2560\" \/>\n\t<meta property=\"og:image:type\" content=\"image\/jpeg\" \/>\n<meta name=\"twitter:card\" content=\"summary_large_image\" \/>\n<meta name=\"twitter:label1\" content=\"Est. reading time\" \/>\n\t<meta name=\"twitter:data1\" content=\"1 minute\" \/>\n<script type=\"application\/ld+json\" class=\"yoast-schema-graph\">{\"@context\":\"https:\/\/schema.org\",\"@graph\":[{\"@type\":\"WebPage\",\"@id\":\"https:\/\/tedsandtails.de\/produkt\/halsband-lovely-lavender\/\",\"url\":\"https:\/\/tedsandtails.de\/produkt\/halsband-lovely-lavender\/\",\"name\":\"Halsband - Lovely Lavender - TED&#039;S &amp; TAILS\",\"isPartOf\":{\"@id\":\"https:\/\/tedsandtails.de\/#website\"},\"datePublished\":\"2025-05-02T08:07:42+00:00\",\"dateModified\":\"2026-04-16T17:02:16+00:00\",\"description\":\"Du bist auf der Suche nach den sch\u00f6nsten Accessoires f\u00fcr deinen Hund, die den aktuellen Trends entsprechen? Dann ist dieses Halsband aus der Lovely Lavender Kollektion genau das Richtige f\u00fcr dich!\",\"breadcrumb\":{\"@id\":\"https:\/\/tedsandtails.de\/produkt\/halsband-lovely-lavender\/#breadcrumb\"},\"inLanguage\":\"en-GB\",\"potentialAction\":[{\"@type\":\"ReadAction\",\"target\":[\"https:\/\/tedsandtails.de\/produkt\/halsband-lovely-lavender\/\"]}]},{\"@type\":\"BreadcrumbList\",\"@id\":\"https:\/\/tedsandtails.de\/produkt\/halsband-lovely-lavender\/#breadcrumb\",\"itemListElement\":[{\"@type\":\"ListItem\",\"position\":1,\"name\":\"Startseite\",\"item\":\"https:\/\/tedsandtails.de\/\"},{\"@type\":\"ListItem\",\"position\":2,\"name\":\"Shop\",\"item\":\"https:\/\/tedsandtails.de\/shop\/\"},{\"@type\":\"ListItem\",\"position\":3,\"name\":\"Halsband &#8211; Lovely Lavender\"}]},{\"@type\":\"WebSite\",\"@id\":\"https:\/\/tedsandtails.de\/#website\",\"url\":\"https:\/\/tedsandtails.de\/\",\"name\":\"TED&#039;S &amp; TAILS\",\"description\":\"\",\"publisher\":{\"@id\":\"https:\/\/tedsandtails.de\/#organization\"},\"potentialAction\":[{\"@type\":\"SearchAction\",\"target\":{\"@type\":\"EntryPoint\",\"urlTemplate\":\"https:\/\/tedsandtails.de\/?s={search_term_string}\"},\"query-input\":\"required name=search_term_string\"}],\"inLanguage\":\"en-GB\"},{\"@type\":\"Organization\",\"@id\":\"https:\/\/tedsandtails.de\/#organization\",\"name\":\"TED&#039;S &amp; TAILS\",\"url\":\"https:\/\/tedsandtails.de\/\",\"logo\":{\"@type\":\"ImageObject\",\"inLanguage\":\"en-GB\",\"@id\":\"https:\/\/tedsandtails.de\/#\/schema\/logo\/image\/\",\"url\":\"https:\/\/tedsandtails.de\/wp-content\/uploads\/2022\/09\/Teddys-5.png\",\"contentUrl\":\"https:\/\/tedsandtails.de\/wp-content\/uploads\/2022\/09\/Teddys-5.png\",\"width\":1080,\"height\":1080,\"caption\":\"TED&#039;S &amp; TAILS\"},\"image\":{\"@id\":\"https:\/\/tedsandtails.de\/#\/schema\/logo\/image\/\"}}]}<\/script>\n<!-- \/ Yoast SEO plugin. -->","yoast_head_json":{"title":"Halsband - Lovely Lavender - TED&#039;S &amp; TAILS","description":"Du bist auf der Suche nach den sch\u00f6nsten Accessoires f\u00fcr deinen Hund, die den aktuellen Trends entsprechen? Dann ist dieses Halsband aus der Lovely Lavender Kollektion genau das Richtige f\u00fcr dich!","robots":{"index":"index","follow":"follow","max-snippet":"max-snippet:-1","max-image-preview":"max-image-preview:large","max-video-preview":"max-video-preview:-1"},"canonical":"https:\/\/tedsandtails.de\/en\/product\/halsband-lovely-lavender\/","og_locale":"en_GB","og_type":"article","og_title":"Halsband - Lovely Lavender - TED&#039;S &amp; TAILS","og_description":"Du bist auf der Suche nach den sch\u00f6nsten Accessoires f\u00fcr deinen Hund, die den aktuellen Trends entsprechen? Dann ist dieses Halsband aus der Lovely Lavender Kollektion genau das Richtige f\u00fcr dich!","og_url":"https:\/\/tedsandtails.de\/en\/product\/halsband-lovely-lavender\/","og_site_name":"TED&#039;S &amp; TAILS","article_modified_time":"2026-04-16T17:02:16+00:00","og_image":[{"width":1707,"height":2560,"url":"https:\/\/tedsandtails.de\/wp-content\/uploads\/2025\/05\/4g1a7259-1-scaled.jpeg","type":"image\/jpeg"}],"twitter_card":"summary_large_image","twitter_misc":{"Est. reading time":"1 minute"},"schema":{"@context":"https:\/\/schema.org","@graph":[{"@type":"WebPage","@id":"https:\/\/tedsandtails.de\/produkt\/halsband-lovely-lavender\/","url":"https:\/\/tedsandtails.de\/produkt\/halsband-lovely-lavender\/","name":"Halsband - Lovely Lavender - TED&#039;S &amp; TAILS","isPartOf":{"@id":"https:\/\/tedsandtails.de\/#website"},"datePublished":"2025-05-02T08:07:42+00:00","dateModified":"2026-04-16T17:02:16+00:00","description":"Du bist auf der Suche nach den sch\u00f6nsten Accessoires f\u00fcr deinen Hund, die den aktuellen Trends entsprechen? Dann ist dieses Halsband aus der Lovely Lavender Kollektion genau das Richtige f\u00fcr dich!","breadcrumb":{"@id":"https:\/\/tedsandtails.de\/produkt\/halsband-lovely-lavender\/#breadcrumb"},"inLanguage":"en-GB","potentialAction":[{"@type":"ReadAction","target":["https:\/\/tedsandtails.de\/produkt\/halsband-lovely-lavender\/"]}]},{"@type":"BreadcrumbList","@id":"https:\/\/tedsandtails.de\/produkt\/halsband-lovely-lavender\/#breadcrumb","itemListElement":[{"@type":"ListItem","position":1,"name":"Startseite","item":"https:\/\/tedsandtails.de\/"},{"@type":"ListItem","position":2,"name":"Shop","item":"https:\/\/tedsandtails.de\/shop\/"},{"@type":"ListItem","position":3,"name":"Halsband &#8211; Lovely Lavender"}]},{"@type":"WebSite","@id":"https:\/\/tedsandtails.de\/#website","url":"https:\/\/tedsandtails.de\/","name":"TED&#039;S &amp; TAILS","description":"","publisher":{"@id":"https:\/\/tedsandtails.de\/#organization"},"potentialAction":[{"@type":"SearchAction","target":{"@type":"EntryPoint","urlTemplate":"https:\/\/tedsandtails.de\/?s={search_term_string}"},"query-input":"required name=search_term_string"}],"inLanguage":"en-GB"},{"@type":"Organization","@id":"https:\/\/tedsandtails.de\/#organization","name":"TED&#039;S &amp; TAILS","url":"https:\/\/tedsandtails.de\/","logo":{"@type":"ImageObject","inLanguage":"en-GB","@id":"https:\/\/tedsandtails.de\/#\/schema\/logo\/image\/","url":"https:\/\/tedsandtails.de\/wp-content\/uploads\/2022\/09\/Teddys-5.png","contentUrl":"https:\/\/tedsandtails.de\/wp-content\/uploads\/2022\/09\/Teddys-5.png","width":1080,"height":1080,"caption":"TED&#039;S &amp; TAILS"},"image":{"@id":"https:\/\/tedsandtails.de\/#\/schema\/logo\/image\/"}}]}},"_links":{"self":[{"href":"https:\/\/tedsandtails.de\/en\/wp-json\/wp\/v2\/product\/6646","targetHints":{"allow":["GET"]}}],"collection":[{"href":"https:\/\/tedsandtails.de\/en\/wp-json\/wp\/v2\/product"}],"about":[{"href":"https:\/\/tedsandtails.de\/en\/wp-json\/wp\/v2\/types\/product"}],"replies":[{"embeddable":true,"href":"https:\/\/tedsandtails.de\/en\/wp-json\/wp\/v2\/comments?post=6646"}],"wp:featuredmedia":[{"embeddable":true,"href":"https:\/\/tedsandtails.de\/en\/wp-json\/wp\/v2\/media\/6662"}],"wp:attachment":[{"href":"https:\/\/tedsandtails.de\/en\/wp-json\/wp\/v2\/media?parent=6646"}],"wp:term":[{"taxonomy":"product_cat","embeddable":true,"href":"https:\/\/tedsandtails.de\/en\/wp-json\/wp\/v2\/product_cat?post=6646"},{"taxonomy":"product_tag","embeddable":true,"href":"https:\/\/tedsandtails.de\/en\/wp-json\/wp\/v2\/product_tag?post=6646"}],"curies":[{"name":"wp","href":"https:\/\/api.w.org\/{rel}","templated":true}]}}