{"id":6651,"date":"2025-05-02T10:13:22","date_gmt":"2025-05-02T08:13:22","guid":{"rendered":"https:\/\/tedsandtails.de\/?post_type=product&#038;p=6651"},"modified":"2026-03-04T20:38:59","modified_gmt":"2026-03-04T19:38:59","slug":"hundeleine-lovely-lavender","status":"publish","type":"product","link":"https:\/\/tedsandtails.de\/en\/product\/hundeleine-lovely-lavender\/","title":{"rendered":"Hundeleine &#8211; Lovely Lavender"},"content":{"rendered":"<p>Du bist auf der Suche nach den sch\u00f6nsten Accessoires f\u00fcr deinen Hund, die den aktuellen Trends entsprechen? Dann ist diese Hundeleine aus der Lovely Lavender Kollektion genau das Richtige f\u00fcr dich! Die Hundeleine ist aus Cord gefertigt und hat goldene und stabile Metallringe und Clips.<\/p>\n<p>Mix &amp; match with all the other products in this collection to complete the look.<\/p>\n<p>Die Hundeleine ist in Gr\u00f6\u00dfe M erh\u00e4ltlich (2cm x 150cm). Du fragst dich, welche Gr\u00f6\u00dfe dein Hund braucht? Sieh dir unsere Gr\u00f6\u00dfentabelle an.<\/p>\n<p>&nbsp;<\/p>","protected":false},"excerpt":{"rendered":"<p>Du bist auf der Suche nach den sch\u00f6nsten Accessoires f\u00fcr deinen Hund, die den aktuellen Trends entsprechen? Dann ist diese Hundeleine aus der Lovely Lavender Kollektion genau das Richtige f\u00fcr dich! Die Hundeleine ist aus Cord gefertigt und hat goldene und stabile Metallringe und Clips. Mix &amp; Match mit allen anderen Produkten dieser Kollektion, um [&hellip;]<\/p>","protected":false},"featured_media":6664,"comment_status":"open","ping_status":"closed","template":"","meta":[],"product_cat":[189,19],"product_tag":[46,48,47,50,65,63,49,45,44,64,141,142,147,148],"class_list":{"0":"post-6651","1":"product","2":"type-product","3":"status-publish","4":"has-post-thumbnail","6":"product_cat-lovely-lavender","7":"product_cat-hundeleinen","8":"product_tag-dog-accessories","9":"product_tag-dogs","10":"product_tag-honden","11":"product_tag-hondenaccessoires","12":"product_tag-hondenlijn","13":"product_tag-hundeleine","14":"product_tag-hunden","15":"product_tag-hunden-accessoires","16":"product_tag-hundezubehoer","17":"product_tag-leash","18":"product_tag-mint","19":"product_tag-minty","20":"product_tag-minty-may","21":"product_tag-minze","23":"first","24":"instock","25":"shipping-taxable","26":"purchasable","27":"product-type-variable"},"yoast_head":"<!-- This site is optimized with the Yoast SEO plugin v20.12 - https:\/\/yoast.com\/wordpress\/plugins\/seo\/ -->\n<title>Hundeleine - Lovely Lavender - TED&#039;S &amp; TAILS<\/title>\n<meta name=\"description\" content=\"Diese Hundeleine aus der Lovely Lavender Kollektion ist aus Cord gefertigt und hat goldene und stabile Metallringe und Clips.\" \/>\n<meta name=\"robots\" content=\"index, follow, max-snippet:-1, max-image-preview:large, max-video-preview:-1\" \/>\n<link rel=\"canonical\" href=\"https:\/\/tedsandtails.de\/en\/product\/hundeleine-lovely-lavender\/\" \/>\n<meta property=\"og:locale\" content=\"en_GB\" \/>\n<meta property=\"og:type\" content=\"article\" \/>\n<meta property=\"og:title\" content=\"Hundeleine - Lovely Lavender - TED&#039;S &amp; TAILS\" \/>\n<meta property=\"og:description\" content=\"Diese Hundeleine aus der Lovely Lavender Kollektion ist aus Cord gefertigt und hat goldene und stabile Metallringe und Clips.\" \/>\n<meta property=\"og:url\" content=\"https:\/\/tedsandtails.de\/en\/product\/hundeleine-lovely-lavender\/\" \/>\n<meta property=\"og:site_name\" content=\"TED&#039;S &amp; TAILS\" \/>\n<meta property=\"article:modified_time\" content=\"2026-03-04T19:38:59+00:00\" \/>\n<meta property=\"og:image\" content=\"https:\/\/tedsandtails.de\/wp-content\/uploads\/2025\/05\/4g1a7277-1-scaled.jpeg\" \/>\n\t<meta property=\"og:image:width\" content=\"1829\" \/>\n\t<meta property=\"og:image:height\" content=\"2560\" \/>\n\t<meta property=\"og:image:type\" content=\"image\/jpeg\" \/>\n<meta name=\"twitter:card\" content=\"summary_large_image\" \/>\n<meta name=\"twitter:label1\" content=\"Est. reading time\" \/>\n\t<meta name=\"twitter:data1\" content=\"1 minute\" \/>\n<script type=\"application\/ld+json\" class=\"yoast-schema-graph\">{\"@context\":\"https:\/\/schema.org\",\"@graph\":[{\"@type\":\"WebPage\",\"@id\":\"https:\/\/tedsandtails.de\/produkt\/hundeleine-lovely-lavender\/\",\"url\":\"https:\/\/tedsandtails.de\/produkt\/hundeleine-lovely-lavender\/\",\"name\":\"Hundeleine - Lovely Lavender - TED&#039;S &amp; TAILS\",\"isPartOf\":{\"@id\":\"https:\/\/tedsandtails.de\/#website\"},\"datePublished\":\"2025-05-02T08:13:22+00:00\",\"dateModified\":\"2026-03-04T19:38:59+00:00\",\"description\":\"Diese Hundeleine aus der Lovely Lavender Kollektion ist aus Cord gefertigt und hat goldene und stabile Metallringe und Clips.\",\"breadcrumb\":{\"@id\":\"https:\/\/tedsandtails.de\/produkt\/hundeleine-lovely-lavender\/#breadcrumb\"},\"inLanguage\":\"en-GB\",\"potentialAction\":[{\"@type\":\"ReadAction\",\"target\":[\"https:\/\/tedsandtails.de\/produkt\/hundeleine-lovely-lavender\/\"]}]},{\"@type\":\"BreadcrumbList\",\"@id\":\"https:\/\/tedsandtails.de\/produkt\/hundeleine-lovely-lavender\/#breadcrumb\",\"itemListElement\":[{\"@type\":\"ListItem\",\"position\":1,\"name\":\"Startseite\",\"item\":\"https:\/\/tedsandtails.de\/\"},{\"@type\":\"ListItem\",\"position\":2,\"name\":\"Shop\",\"item\":\"https:\/\/tedsandtails.de\/shop\/\"},{\"@type\":\"ListItem\",\"position\":3,\"name\":\"Hundeleine &#8211; Lovely Lavender\"}]},{\"@type\":\"WebSite\",\"@id\":\"https:\/\/tedsandtails.de\/#website\",\"url\":\"https:\/\/tedsandtails.de\/\",\"name\":\"TED&#039;S &amp; TAILS\",\"description\":\"\",\"publisher\":{\"@id\":\"https:\/\/tedsandtails.de\/#organization\"},\"potentialAction\":[{\"@type\":\"SearchAction\",\"target\":{\"@type\":\"EntryPoint\",\"urlTemplate\":\"https:\/\/tedsandtails.de\/?s={search_term_string}\"},\"query-input\":\"required name=search_term_string\"}],\"inLanguage\":\"en-GB\"},{\"@type\":\"Organization\",\"@id\":\"https:\/\/tedsandtails.de\/#organization\",\"name\":\"TED&#039;S &amp; TAILS\",\"url\":\"https:\/\/tedsandtails.de\/\",\"logo\":{\"@type\":\"ImageObject\",\"inLanguage\":\"en-GB\",\"@id\":\"https:\/\/tedsandtails.de\/#\/schema\/logo\/image\/\",\"url\":\"https:\/\/tedsandtails.de\/wp-content\/uploads\/2022\/09\/Teddys-5.png\",\"contentUrl\":\"https:\/\/tedsandtails.de\/wp-content\/uploads\/2022\/09\/Teddys-5.png\",\"width\":1080,\"height\":1080,\"caption\":\"TED&#039;S &amp; TAILS\"},\"image\":{\"@id\":\"https:\/\/tedsandtails.de\/#\/schema\/logo\/image\/\"}}]}<\/script>\n<!-- \/ Yoast SEO plugin. -->","yoast_head_json":{"title":"Hundeleine - Lovely Lavender - TED&#039;S &amp; TAILS","description":"Diese Hundeleine aus der Lovely Lavender Kollektion ist aus Cord gefertigt und hat goldene und stabile Metallringe und Clips.","robots":{"index":"index","follow":"follow","max-snippet":"max-snippet:-1","max-image-preview":"max-image-preview:large","max-video-preview":"max-video-preview:-1"},"canonical":"https:\/\/tedsandtails.de\/en\/product\/hundeleine-lovely-lavender\/","og_locale":"en_GB","og_type":"article","og_title":"Hundeleine - Lovely Lavender - TED&#039;S &amp; TAILS","og_description":"Diese Hundeleine aus der Lovely Lavender Kollektion ist aus Cord gefertigt und hat goldene und stabile Metallringe und Clips.","og_url":"https:\/\/tedsandtails.de\/en\/product\/hundeleine-lovely-lavender\/","og_site_name":"TED&#039;S &amp; TAILS","article_modified_time":"2026-03-04T19:38:59+00:00","og_image":[{"width":1829,"height":2560,"url":"https:\/\/tedsandtails.de\/wp-content\/uploads\/2025\/05\/4g1a7277-1-scaled.jpeg","type":"image\/jpeg"}],"twitter_card":"summary_large_image","twitter_misc":{"Est. reading time":"1 minute"},"schema":{"@context":"https:\/\/schema.org","@graph":[{"@type":"WebPage","@id":"https:\/\/tedsandtails.de\/produkt\/hundeleine-lovely-lavender\/","url":"https:\/\/tedsandtails.de\/produkt\/hundeleine-lovely-lavender\/","name":"Hundeleine - Lovely Lavender - TED&#039;S &amp; TAILS","isPartOf":{"@id":"https:\/\/tedsandtails.de\/#website"},"datePublished":"2025-05-02T08:13:22+00:00","dateModified":"2026-03-04T19:38:59+00:00","description":"Diese Hundeleine aus der Lovely Lavender Kollektion ist aus Cord gefertigt und hat goldene und stabile Metallringe und Clips.","breadcrumb":{"@id":"https:\/\/tedsandtails.de\/produkt\/hundeleine-lovely-lavender\/#breadcrumb"},"inLanguage":"en-GB","potentialAction":[{"@type":"ReadAction","target":["https:\/\/tedsandtails.de\/produkt\/hundeleine-lovely-lavender\/"]}]},{"@type":"BreadcrumbList","@id":"https:\/\/tedsandtails.de\/produkt\/hundeleine-lovely-lavender\/#breadcrumb","itemListElement":[{"@type":"ListItem","position":1,"name":"Startseite","item":"https:\/\/tedsandtails.de\/"},{"@type":"ListItem","position":2,"name":"Shop","item":"https:\/\/tedsandtails.de\/shop\/"},{"@type":"ListItem","position":3,"name":"Hundeleine &#8211; Lovely Lavender"}]},{"@type":"WebSite","@id":"https:\/\/tedsandtails.de\/#website","url":"https:\/\/tedsandtails.de\/","name":"TED&#039;S &amp; TAILS","description":"","publisher":{"@id":"https:\/\/tedsandtails.de\/#organization"},"potentialAction":[{"@type":"SearchAction","target":{"@type":"EntryPoint","urlTemplate":"https:\/\/tedsandtails.de\/?s={search_term_string}"},"query-input":"required name=search_term_string"}],"inLanguage":"en-GB"},{"@type":"Organization","@id":"https:\/\/tedsandtails.de\/#organization","name":"TED&#039;S &amp; TAILS","url":"https:\/\/tedsandtails.de\/","logo":{"@type":"ImageObject","inLanguage":"en-GB","@id":"https:\/\/tedsandtails.de\/#\/schema\/logo\/image\/","url":"https:\/\/tedsandtails.de\/wp-content\/uploads\/2022\/09\/Teddys-5.png","contentUrl":"https:\/\/tedsandtails.de\/wp-content\/uploads\/2022\/09\/Teddys-5.png","width":1080,"height":1080,"caption":"TED&#039;S &amp; TAILS"},"image":{"@id":"https:\/\/tedsandtails.de\/#\/schema\/logo\/image\/"}}]}},"_links":{"self":[{"href":"https:\/\/tedsandtails.de\/en\/wp-json\/wp\/v2\/product\/6651","targetHints":{"allow":["GET"]}}],"collection":[{"href":"https:\/\/tedsandtails.de\/en\/wp-json\/wp\/v2\/product"}],"about":[{"href":"https:\/\/tedsandtails.de\/en\/wp-json\/wp\/v2\/types\/product"}],"replies":[{"embeddable":true,"href":"https:\/\/tedsandtails.de\/en\/wp-json\/wp\/v2\/comments?post=6651"}],"wp:featuredmedia":[{"embeddable":true,"href":"https:\/\/tedsandtails.de\/en\/wp-json\/wp\/v2\/media\/6664"}],"wp:attachment":[{"href":"https:\/\/tedsandtails.de\/en\/wp-json\/wp\/v2\/media?parent=6651"}],"wp:term":[{"taxonomy":"product_cat","embeddable":true,"href":"https:\/\/tedsandtails.de\/en\/wp-json\/wp\/v2\/product_cat?post=6651"},{"taxonomy":"product_tag","embeddable":true,"href":"https:\/\/tedsandtails.de\/en\/wp-json\/wp\/v2\/product_tag?post=6651"}],"curies":[{"name":"wp","href":"https:\/\/api.w.org\/{rel}","templated":true}]}}