{"id":6738,"date":"2025-05-05T09:03:53","date_gmt":"2025-05-05T07:03:53","guid":{"rendered":"https:\/\/tedsandtails.de\/?post_type=product&#038;p=6738"},"modified":"2025-10-19T21:04:49","modified_gmt":"2025-10-19T19:04:49","slug":"dogmom-fanny-pack-timeless-taupe","status":"publish","type":"product","link":"https:\/\/tedsandtails.de\/en\/product\/dogmom-fanny-pack-timeless-taupe\/","title":{"rendered":"Dogmom Fanny Pack &#8211; Timeless Taupe"},"content":{"rendered":"<p>Does it also annoy you that your whole jacket and jeans pockets are always full of dog treats? And oh yes, those poop bags... Where do you put them? We have the solution! This Dogmom Fanny Pack\/Bum Bag is perfect for everything you need when you're on the way with your dog. The bag has a separate compartment for poop bags. There are also various compartments in the bag where you can store dog treats, for example, but there is also enough space for your cell phone, wallet, etc.<\/p>\n<p>Die Tasche ist aus einem sch\u00f6nen, taupefarbenen Cordstoff mit schwarzen, metallischen Schnallen und Clips gefertigt und kann mit Produkten aus den anderen Kollektionen kombiniert werden.<\/p>\n<p>Format: 23cm x 17cm x 6cm<\/p>\n<p>Der G\u00fcrtel kann bis zu einer L\u00e4nge von 135cm vergr\u00f6\u00dfert werden<\/p>","protected":false},"excerpt":{"rendered":"<p>Nervt es dich auch, dass immer die ganze Jacke und die Hosentaschen voll mit Hundeleckerlis sind? Und ach ja, diese Kotbeutel&#8230; Wohin mit denen? Wir haben die L\u00f6sung! Diese Dogmom Fanny Pack\/Bauchtasche\/Bum Bag, ist perfekt f\u00fcr alles was du brauchst, wenn du mit deinem Hund unterwegs bist. Die Tasche hat ein separates Fach f\u00fcr Kotbeutel. [&hellip;]<\/p>","protected":false},"featured_media":6740,"comment_status":"open","ping_status":"closed","template":"","meta":[],"product_cat":[28,169],"product_tag":[185,186,184,137,134,140,138,136,135,139,162],"class_list":{"0":"post-6738","1":"product","2":"type-product","3":"status-publish","4":"has-post-thumbnail","6":"product_cat-dogmom-tasche","7":"product_cat-timeless-taupe","8":"product_tag-bauchtasche","9":"product_tag-bum-bag","10":"product_tag-fanny-pack","11":"product_tag-futtertasche-hund","12":"product_tag-hundeleckerli-tasche","13":"product_tag-hundetasche","14":"product_tag-hundetasche-fuer-leckerlis","15":"product_tag-leckerlibeutel","16":"product_tag-leckerlibeutel-hund","17":"product_tag-leckerlibeutel-umhaengen","18":"product_tag-taupe","20":"first","21":"instock","22":"shipping-taxable","23":"purchasable","24":"product-type-simple"},"yoast_head":"<!-- This site is optimized with the Yoast SEO plugin v20.12 - https:\/\/yoast.com\/wordpress\/plugins\/seo\/ -->\n<title>Dogmom Fanny Pack - Timeless Taupe - TED&#039;S &amp; TAILS<\/title>\n<meta name=\"description\" content=\"Nervt es dich auch, dass immer die ganze Jacke und die Hosentaschen voll mit Hundeleckerlis sind? Und ach ja, diese Kotbeutel... Wohin mit denen? Wir haben die L\u00f6sung! Diese Dogmom Fanny Pack\/Bauchtasche\/Bum Bag, ist perfekt f\u00fcr alles was du brauchst, wenn du mit deinem Hund unterwegs bist. Die Tasche hat ein separates Fach f\u00fcr Kotbeutel. Es gibt au\u00dferdem verschiedene F\u00e4cher in der Tasche, in denen man z. B. Hundeleckerlis aufbewahren kann, aber auch gen\u00fcgend Platz f\u00fcr das Handy, das Portemonnaie usw. ist vorhanden.Die Tasche ist aus einem sch\u00f6nen, taupefarbenen Cordstoff mit schwarzen, metallischen Schnallen und Clips gefertigt und kann mit Produkten aus den anderen Kollektionen kombiniert werden.\" \/>\n<meta name=\"robots\" content=\"index, follow, max-snippet:-1, max-image-preview:large, max-video-preview:-1\" \/>\n<link rel=\"canonical\" href=\"https:\/\/tedsandtails.de\/en\/product\/dogmom-fanny-pack-timeless-taupe\/\" \/>\n<meta property=\"og:locale\" content=\"en_GB\" \/>\n<meta property=\"og:type\" content=\"article\" \/>\n<meta property=\"og:title\" content=\"Dogmom Fanny Pack - Timeless Taupe - TED&#039;S &amp; TAILS\" \/>\n<meta property=\"og:description\" content=\"Nervt es dich auch, dass immer die ganze Jacke und die Hosentaschen voll mit Hundeleckerlis sind? Und ach ja, diese Kotbeutel... Wohin mit denen? Wir haben die L\u00f6sung! Diese Dogmom Fanny Pack\/Bauchtasche\/Bum Bag, ist perfekt f\u00fcr alles was du brauchst, wenn du mit deinem Hund unterwegs bist. Die Tasche hat ein separates Fach f\u00fcr Kotbeutel. Es gibt au\u00dferdem verschiedene F\u00e4cher in der Tasche, in denen man z. B. Hundeleckerlis aufbewahren kann, aber auch gen\u00fcgend Platz f\u00fcr das Handy, das Portemonnaie usw. ist vorhanden.Die Tasche ist aus einem sch\u00f6nen, taupefarbenen Cordstoff mit schwarzen, metallischen Schnallen und Clips gefertigt und kann mit Produkten aus den anderen Kollektionen kombiniert werden.\" \/>\n<meta property=\"og:url\" content=\"https:\/\/tedsandtails.de\/en\/product\/dogmom-fanny-pack-timeless-taupe\/\" \/>\n<meta property=\"og:site_name\" content=\"TED&#039;S &amp; TAILS\" \/>\n<meta property=\"article:modified_time\" content=\"2025-10-19T19:04:49+00:00\" \/>\n<meta name=\"twitter:card\" content=\"summary_large_image\" \/>\n<meta name=\"twitter:label1\" content=\"Est. reading time\" \/>\n\t<meta name=\"twitter:data1\" content=\"1 minute\" \/>\n<script type=\"application\/ld+json\" class=\"yoast-schema-graph\">{\"@context\":\"https:\/\/schema.org\",\"@graph\":[{\"@type\":\"WebPage\",\"@id\":\"https:\/\/tedsandtails.de\/produkt\/dogmom-fanny-pack-timeless-taupe\/\",\"url\":\"https:\/\/tedsandtails.de\/produkt\/dogmom-fanny-pack-timeless-taupe\/\",\"name\":\"Dogmom Fanny Pack - Timeless Taupe - TED&#039;S &amp; TAILS\",\"isPartOf\":{\"@id\":\"https:\/\/tedsandtails.de\/#website\"},\"datePublished\":\"2025-05-05T07:03:53+00:00\",\"dateModified\":\"2025-10-19T19:04:49+00:00\",\"description\":\"Nervt es dich auch, dass immer die ganze Jacke und die Hosentaschen voll mit Hundeleckerlis sind? Und ach ja, diese Kotbeutel... Wohin mit denen? Wir haben die L\u00f6sung! Diese Dogmom Fanny Pack\/Bauchtasche\/Bum Bag, ist perfekt f\u00fcr alles was du brauchst, wenn du mit deinem Hund unterwegs bist. Die Tasche hat ein separates Fach f\u00fcr Kotbeutel. Es gibt au\u00dferdem verschiedene F\u00e4cher in der Tasche, in denen man z. B. Hundeleckerlis aufbewahren kann, aber auch gen\u00fcgend Platz f\u00fcr das Handy, das Portemonnaie usw. ist vorhanden.Die Tasche ist aus einem sch\u00f6nen, taupefarbenen Cordstoff mit schwarzen, metallischen Schnallen und Clips gefertigt und kann mit Produkten aus den anderen Kollektionen kombiniert werden.\",\"breadcrumb\":{\"@id\":\"https:\/\/tedsandtails.de\/produkt\/dogmom-fanny-pack-timeless-taupe\/#breadcrumb\"},\"inLanguage\":\"en-GB\",\"potentialAction\":[{\"@type\":\"ReadAction\",\"target\":[\"https:\/\/tedsandtails.de\/produkt\/dogmom-fanny-pack-timeless-taupe\/\"]}]},{\"@type\":\"BreadcrumbList\",\"@id\":\"https:\/\/tedsandtails.de\/produkt\/dogmom-fanny-pack-timeless-taupe\/#breadcrumb\",\"itemListElement\":[{\"@type\":\"ListItem\",\"position\":1,\"name\":\"Startseite\",\"item\":\"https:\/\/tedsandtails.de\/\"},{\"@type\":\"ListItem\",\"position\":2,\"name\":\"Shop\",\"item\":\"https:\/\/tedsandtails.de\/shop\/\"},{\"@type\":\"ListItem\",\"position\":3,\"name\":\"Dogmom Fanny Pack &#8211; Timeless Taupe\"}]},{\"@type\":\"WebSite\",\"@id\":\"https:\/\/tedsandtails.de\/#website\",\"url\":\"https:\/\/tedsandtails.de\/\",\"name\":\"TED&#039;S &amp; TAILS\",\"description\":\"\",\"publisher\":{\"@id\":\"https:\/\/tedsandtails.de\/#organization\"},\"potentialAction\":[{\"@type\":\"SearchAction\",\"target\":{\"@type\":\"EntryPoint\",\"urlTemplate\":\"https:\/\/tedsandtails.de\/?s={search_term_string}\"},\"query-input\":\"required name=search_term_string\"}],\"inLanguage\":\"en-GB\"},{\"@type\":\"Organization\",\"@id\":\"https:\/\/tedsandtails.de\/#organization\",\"name\":\"TED&#039;S &amp; TAILS\",\"url\":\"https:\/\/tedsandtails.de\/\",\"logo\":{\"@type\":\"ImageObject\",\"inLanguage\":\"en-GB\",\"@id\":\"https:\/\/tedsandtails.de\/#\/schema\/logo\/image\/\",\"url\":\"https:\/\/tedsandtails.de\/wp-content\/uploads\/2022\/09\/Teddys-5.png\",\"contentUrl\":\"https:\/\/tedsandtails.de\/wp-content\/uploads\/2022\/09\/Teddys-5.png\",\"width\":1080,\"height\":1080,\"caption\":\"TED&#039;S &amp; TAILS\"},\"image\":{\"@id\":\"https:\/\/tedsandtails.de\/#\/schema\/logo\/image\/\"}}]}<\/script>\n<!-- \/ Yoast SEO plugin. -->","yoast_head_json":{"title":"Dogmom Fanny Pack - Timeless Taupe - TED&#039;S &amp; TAILS","description":"Nervt es dich auch, dass immer die ganze Jacke und die Hosentaschen voll mit Hundeleckerlis sind? Und ach ja, diese Kotbeutel... Wohin mit denen? Wir haben die L\u00f6sung! Diese Dogmom Fanny Pack\/Bauchtasche\/Bum Bag, ist perfekt f\u00fcr alles was du brauchst, wenn du mit deinem Hund unterwegs bist. Die Tasche hat ein separates Fach f\u00fcr Kotbeutel. Es gibt au\u00dferdem verschiedene F\u00e4cher in der Tasche, in denen man z. B. Hundeleckerlis aufbewahren kann, aber auch gen\u00fcgend Platz f\u00fcr das Handy, das Portemonnaie usw. ist vorhanden.Die Tasche ist aus einem sch\u00f6nen, taupefarbenen Cordstoff mit schwarzen, metallischen Schnallen und Clips gefertigt und kann mit Produkten aus den anderen Kollektionen kombiniert werden.","robots":{"index":"index","follow":"follow","max-snippet":"max-snippet:-1","max-image-preview":"max-image-preview:large","max-video-preview":"max-video-preview:-1"},"canonical":"https:\/\/tedsandtails.de\/en\/product\/dogmom-fanny-pack-timeless-taupe\/","og_locale":"en_GB","og_type":"article","og_title":"Dogmom Fanny Pack - Timeless Taupe - TED&#039;S &amp; TAILS","og_description":"Nervt es dich auch, dass immer die ganze Jacke und die Hosentaschen voll mit Hundeleckerlis sind? Und ach ja, diese Kotbeutel... Wohin mit denen? Wir haben die L\u00f6sung! Diese Dogmom Fanny Pack\/Bauchtasche\/Bum Bag, ist perfekt f\u00fcr alles was du brauchst, wenn du mit deinem Hund unterwegs bist. Die Tasche hat ein separates Fach f\u00fcr Kotbeutel. Es gibt au\u00dferdem verschiedene F\u00e4cher in der Tasche, in denen man z. B. Hundeleckerlis aufbewahren kann, aber auch gen\u00fcgend Platz f\u00fcr das Handy, das Portemonnaie usw. ist vorhanden.Die Tasche ist aus einem sch\u00f6nen, taupefarbenen Cordstoff mit schwarzen, metallischen Schnallen und Clips gefertigt und kann mit Produkten aus den anderen Kollektionen kombiniert werden.","og_url":"https:\/\/tedsandtails.de\/en\/product\/dogmom-fanny-pack-timeless-taupe\/","og_site_name":"TED&#039;S &amp; TAILS","article_modified_time":"2025-10-19T19:04:49+00:00","twitter_card":"summary_large_image","twitter_misc":{"Est. reading time":"1 minute"},"schema":{"@context":"https:\/\/schema.org","@graph":[{"@type":"WebPage","@id":"https:\/\/tedsandtails.de\/produkt\/dogmom-fanny-pack-timeless-taupe\/","url":"https:\/\/tedsandtails.de\/produkt\/dogmom-fanny-pack-timeless-taupe\/","name":"Dogmom Fanny Pack - Timeless Taupe - TED&#039;S &amp; TAILS","isPartOf":{"@id":"https:\/\/tedsandtails.de\/#website"},"datePublished":"2025-05-05T07:03:53+00:00","dateModified":"2025-10-19T19:04:49+00:00","description":"Nervt es dich auch, dass immer die ganze Jacke und die Hosentaschen voll mit Hundeleckerlis sind? Und ach ja, diese Kotbeutel... Wohin mit denen? Wir haben die L\u00f6sung! Diese Dogmom Fanny Pack\/Bauchtasche\/Bum Bag, ist perfekt f\u00fcr alles was du brauchst, wenn du mit deinem Hund unterwegs bist. Die Tasche hat ein separates Fach f\u00fcr Kotbeutel. Es gibt au\u00dferdem verschiedene F\u00e4cher in der Tasche, in denen man z. B. Hundeleckerlis aufbewahren kann, aber auch gen\u00fcgend Platz f\u00fcr das Handy, das Portemonnaie usw. ist vorhanden.Die Tasche ist aus einem sch\u00f6nen, taupefarbenen Cordstoff mit schwarzen, metallischen Schnallen und Clips gefertigt und kann mit Produkten aus den anderen Kollektionen kombiniert werden.","breadcrumb":{"@id":"https:\/\/tedsandtails.de\/produkt\/dogmom-fanny-pack-timeless-taupe\/#breadcrumb"},"inLanguage":"en-GB","potentialAction":[{"@type":"ReadAction","target":["https:\/\/tedsandtails.de\/produkt\/dogmom-fanny-pack-timeless-taupe\/"]}]},{"@type":"BreadcrumbList","@id":"https:\/\/tedsandtails.de\/produkt\/dogmom-fanny-pack-timeless-taupe\/#breadcrumb","itemListElement":[{"@type":"ListItem","position":1,"name":"Startseite","item":"https:\/\/tedsandtails.de\/"},{"@type":"ListItem","position":2,"name":"Shop","item":"https:\/\/tedsandtails.de\/shop\/"},{"@type":"ListItem","position":3,"name":"Dogmom Fanny Pack &#8211; Timeless Taupe"}]},{"@type":"WebSite","@id":"https:\/\/tedsandtails.de\/#website","url":"https:\/\/tedsandtails.de\/","name":"TED&#039;S &amp; TAILS","description":"","publisher":{"@id":"https:\/\/tedsandtails.de\/#organization"},"potentialAction":[{"@type":"SearchAction","target":{"@type":"EntryPoint","urlTemplate":"https:\/\/tedsandtails.de\/?s={search_term_string}"},"query-input":"required name=search_term_string"}],"inLanguage":"en-GB"},{"@type":"Organization","@id":"https:\/\/tedsandtails.de\/#organization","name":"TED&#039;S &amp; TAILS","url":"https:\/\/tedsandtails.de\/","logo":{"@type":"ImageObject","inLanguage":"en-GB","@id":"https:\/\/tedsandtails.de\/#\/schema\/logo\/image\/","url":"https:\/\/tedsandtails.de\/wp-content\/uploads\/2022\/09\/Teddys-5.png","contentUrl":"https:\/\/tedsandtails.de\/wp-content\/uploads\/2022\/09\/Teddys-5.png","width":1080,"height":1080,"caption":"TED&#039;S &amp; TAILS"},"image":{"@id":"https:\/\/tedsandtails.de\/#\/schema\/logo\/image\/"}}]}},"_links":{"self":[{"href":"https:\/\/tedsandtails.de\/en\/wp-json\/wp\/v2\/product\/6738","targetHints":{"allow":["GET"]}}],"collection":[{"href":"https:\/\/tedsandtails.de\/en\/wp-json\/wp\/v2\/product"}],"about":[{"href":"https:\/\/tedsandtails.de\/en\/wp-json\/wp\/v2\/types\/product"}],"replies":[{"embeddable":true,"href":"https:\/\/tedsandtails.de\/en\/wp-json\/wp\/v2\/comments?post=6738"}],"wp:featuredmedia":[{"embeddable":true,"href":"https:\/\/tedsandtails.de\/en\/wp-json\/wp\/v2\/media\/6740"}],"wp:attachment":[{"href":"https:\/\/tedsandtails.de\/en\/wp-json\/wp\/v2\/media?parent=6738"}],"wp:term":[{"taxonomy":"product_cat","embeddable":true,"href":"https:\/\/tedsandtails.de\/en\/wp-json\/wp\/v2\/product_cat?post=6738"},{"taxonomy":"product_tag","embeddable":true,"href":"https:\/\/tedsandtails.de\/en\/wp-json\/wp\/v2\/product_tag?post=6738"}],"curies":[{"name":"wp","href":"https:\/\/api.w.org\/{rel}","templated":true}]}}