{"id":6751,"date":"2025-05-06T09:27:39","date_gmt":"2025-05-06T07:27:39","guid":{"rendered":"https:\/\/tedsandtails.de\/?post_type=product&#038;p=6751"},"modified":"2025-10-19T12:25:36","modified_gmt":"2025-10-19T10:25:36","slug":"set-y-strap-geschirr-leine-kotbeutelhalter-minty-may-2","status":"publish","type":"product","link":"https:\/\/tedsandtails.de\/en\/product\/set-y-strap-geschirr-leine-kotbeutelhalter-minty-may-2\/","title":{"rendered":"Y-strap harness, leash &amp; poop bag holder set - Minty May"},"content":{"rendered":"<p>Are you looking for the most beautiful accessories for your dog that are in line with the latest trends? Then this set from the Minty May collection is just the thing for you!<\/p>\n<p>In dem Set erh\u00e4ltst du ein Y-Strap-Hundegeschirr, ein Kotbeutelhalter und eine passende Hundeleine aus der Minty May Kollektion. Mix &amp; Match mit allen anderen Produkten dieser Kollektion, um den Look zu vervollst\u00e4ndigen.<\/p>\n<p>The dog harness is made of sturdy nylon webbing and corduroy, making it particularly comfortable and soft. The buckles and rings are gold and strong. The size and width of the straps, buckles and rings are matched to the size of the harness. The poop bag holder is made of cord and also has gold details.<\/p>\n<p>Das Geschirr ist in der Gr\u00f6\u00dfe M erh\u00e4ltlich. Das Set wird mit einer Hundeleine in Gr\u00f6\u00dfe M geliefert. Du kannst eine normale Hundeleine (2cm x 150cm) oder eine Handsfree-Leine (2cm x 200cm) w\u00e4hlen. Eine Handsfree-Leine kann wie eine normale Leine verwendet werden, kann aber auch crossbody getragen werden, sodass du die H\u00e4nde frei hast.<\/p>\n<p>Wondering what size your dog needs? Check out our size chart.<\/p>","protected":false},"excerpt":{"rendered":"<p>Du bist auf der Suche nach den sch\u00f6nsten Accessoires f\u00fcr deinen Hund, die den aktuellen Trends entsprechen? Dann ist dieses Set aus der Minty May Kollektion genau das Richtige f\u00fcr dich! In dem Set erh\u00e4ltst du ein Y-Strap-Hundegeschirr, ein Kotbeutelhalter und eine passende Hundeleine aus der Minty May Kollektion. Mix &amp; Match mit allen anderen [&hellip;]<\/p>","protected":false},"featured_media":6759,"comment_status":"open","ping_status":"closed","template":"","meta":[],"product_cat":[20,145],"product_tag":[46,85,48,36,83,54,53,47,50,49,45,44,67,64,86,71,70,84,52],"class_list":{"0":"post-6751","1":"product","2":"type-product","3":"status-publish","4":"has-post-thumbnail","6":"product_cat-sets","7":"product_cat-minty-may","8":"product_tag-dog-accessories","9":"product_tag-dog-set","10":"product_tag-dogs","11":"product_tag-geschirr","12":"product_tag-geschirr-set","13":"product_tag-harnas","14":"product_tag-harness","15":"product_tag-honden","16":"product_tag-hondenaccessoires","17":"product_tag-hunden","18":"product_tag-hunden-accessoires","19":"product_tag-hundezubehoer","20":"product_tag-kotbeutelhalter","21":"product_tag-leash","22":"product_tag-leine","23":"product_tag-poepzakhoudertje","24":"product_tag-poepzakjes","25":"product_tag-set","26":"product_tag-tuigje","28":"first","29":"instock","30":"shipping-taxable","31":"purchasable","32":"product-type-variable","33":"has-default-attributes"},"yoast_head":"<!-- This site is optimized with the Yoast SEO plugin v20.12 - https:\/\/yoast.com\/wordpress\/plugins\/seo\/ -->\n<title>Set Y-Strap-Geschirr, Leine &amp; Kotbeutelhalter - Minty May - TED&#039;S &amp; TAILS<\/title>\n<meta name=\"description\" content=\"Du bist auf der Suche nach den sch\u00f6nsten Accessoires f\u00fcr deinen Hund, die den aktuellen Trends entsprechen? Dann ist dieses Set aus der Minty May Kollektion genau das Richtige f\u00fcr dich!In dem Set erh\u00e4ltst du ein Y-Strap-Hundegeschirr, ein Kotbeutelhalter und eine passende Hundeleine aus der Minty May Kollektion. Mix &amp; Match mit allen anderen Produkten dieser Kollektion, um den Look zu vervollst\u00e4ndigen.Das Hundegeschirr ist aus stabilem Nylongurtband und Cord gefertigt, wodurch es besonders bequem und weich ist. Die Schnallen und Ringe sind gold und stark. Die Gr\u00f6\u00dfe und Breite der Gurte, Schnallen und Ringe sind auf die Gr\u00f6\u00dfe des Geschirrs abgestimmt. Der Kotbeutelhalter ist aus Cord gefertigt und hat ebenfalls goldene Details.Das Geschirr ist in der Gr\u00f6\u00dfe M erh\u00e4ltlich. Das Set wird mit einer Hundeleine in Gr\u00f6\u00dfe M geliefert. Du kannst eine normale Hundeleine (2cm x 150cm) oder eine Handsfree-Leine (2cm x 200cm) w\u00e4hlen. Eine Handsfree-Leine kann wie eine normale Leine verwendet werden, kann aber auch crossbody getragen werden, sodass du die H\u00e4nde frei hast.\" \/>\n<meta name=\"robots\" content=\"index, follow, max-snippet:-1, max-image-preview:large, max-video-preview:-1\" \/>\n<link rel=\"canonical\" href=\"https:\/\/tedsandtails.de\/en\/product\/set-y-strap-geschirr-leine-kotbeutelhalter-minty-may-2\/\" \/>\n<meta property=\"og:locale\" content=\"en_GB\" \/>\n<meta property=\"og:type\" content=\"article\" \/>\n<meta property=\"og:title\" content=\"Set Y-Strap-Geschirr, Leine &amp; Kotbeutelhalter - Minty May - TED&#039;S &amp; TAILS\" \/>\n<meta property=\"og:description\" content=\"Du bist auf der Suche nach den sch\u00f6nsten Accessoires f\u00fcr deinen Hund, die den aktuellen Trends entsprechen? Dann ist dieses Set aus der Minty May Kollektion genau das Richtige f\u00fcr dich!In dem Set erh\u00e4ltst du ein Y-Strap-Hundegeschirr, ein Kotbeutelhalter und eine passende Hundeleine aus der Minty May Kollektion. Mix &amp; Match mit allen anderen Produkten dieser Kollektion, um den Look zu vervollst\u00e4ndigen.Das Hundegeschirr ist aus stabilem Nylongurtband und Cord gefertigt, wodurch es besonders bequem und weich ist. Die Schnallen und Ringe sind gold und stark. Die Gr\u00f6\u00dfe und Breite der Gurte, Schnallen und Ringe sind auf die Gr\u00f6\u00dfe des Geschirrs abgestimmt. Der Kotbeutelhalter ist aus Cord gefertigt und hat ebenfalls goldene Details.Das Geschirr ist in der Gr\u00f6\u00dfe M erh\u00e4ltlich. Das Set wird mit einer Hundeleine in Gr\u00f6\u00dfe M geliefert. Du kannst eine normale Hundeleine (2cm x 150cm) oder eine Handsfree-Leine (2cm x 200cm) w\u00e4hlen. Eine Handsfree-Leine kann wie eine normale Leine verwendet werden, kann aber auch crossbody getragen werden, sodass du die H\u00e4nde frei hast.\" \/>\n<meta property=\"og:url\" content=\"https:\/\/tedsandtails.de\/en\/product\/set-y-strap-geschirr-leine-kotbeutelhalter-minty-may-2\/\" \/>\n<meta property=\"og:site_name\" content=\"TED&#039;S &amp; TAILS\" \/>\n<meta property=\"article:modified_time\" content=\"2025-10-19T10:25:36+00:00\" \/>\n<meta property=\"og:image\" content=\"https:\/\/tedsandtails.de\/wp-content\/uploads\/2025\/05\/4g1a7346-scaled.jpeg\" \/>\n\t<meta property=\"og:image:width\" content=\"1707\" \/>\n\t<meta property=\"og:image:height\" content=\"2560\" \/>\n\t<meta property=\"og:image:type\" content=\"image\/jpeg\" \/>\n<meta name=\"twitter:card\" content=\"summary_large_image\" \/>\n<meta name=\"twitter:label1\" content=\"Est. reading time\" \/>\n\t<meta name=\"twitter:data1\" content=\"2 minutes\" \/>\n<script type=\"application\/ld+json\" class=\"yoast-schema-graph\">{\"@context\":\"https:\/\/schema.org\",\"@graph\":[{\"@type\":\"WebPage\",\"@id\":\"https:\/\/tedsandtails.de\/produkt\/set-y-strap-geschirr-leine-kotbeutelhalter-minty-may-2\/\",\"url\":\"https:\/\/tedsandtails.de\/produkt\/set-y-strap-geschirr-leine-kotbeutelhalter-minty-may-2\/\",\"name\":\"Set Y-Strap-Geschirr, Leine &amp; Kotbeutelhalter - Minty May - TED&#039;S &amp; TAILS\",\"isPartOf\":{\"@id\":\"https:\/\/tedsandtails.de\/#website\"},\"datePublished\":\"2025-05-06T07:27:39+00:00\",\"dateModified\":\"2025-10-19T10:25:36+00:00\",\"description\":\"Du bist auf der Suche nach den sch\u00f6nsten Accessoires f\u00fcr deinen Hund, die den aktuellen Trends entsprechen? Dann ist dieses Set aus der Minty May Kollektion genau das Richtige f\u00fcr dich!In dem Set erh\u00e4ltst du ein Y-Strap-Hundegeschirr, ein Kotbeutelhalter und eine passende Hundeleine aus der Minty May Kollektion. Mix & Match mit allen anderen Produkten dieser Kollektion, um den Look zu vervollst\u00e4ndigen.Das Hundegeschirr ist aus stabilem Nylongurtband und Cord gefertigt, wodurch es besonders bequem und weich ist. Die Schnallen und Ringe sind gold und stark. Die Gr\u00f6\u00dfe und Breite der Gurte, Schnallen und Ringe sind auf die Gr\u00f6\u00dfe des Geschirrs abgestimmt. Der Kotbeutelhalter ist aus Cord gefertigt und hat ebenfalls goldene Details.Das Geschirr ist in der Gr\u00f6\u00dfe M erh\u00e4ltlich. Das Set wird mit einer Hundeleine in Gr\u00f6\u00dfe M geliefert. Du kannst eine normale Hundeleine (2cm x 150cm) oder eine Handsfree-Leine (2cm x 200cm) w\u00e4hlen. Eine Handsfree-Leine kann wie eine normale Leine verwendet werden, kann aber auch crossbody getragen werden, sodass du die H\u00e4nde frei hast.\",\"breadcrumb\":{\"@id\":\"https:\/\/tedsandtails.de\/produkt\/set-y-strap-geschirr-leine-kotbeutelhalter-minty-may-2\/#breadcrumb\"},\"inLanguage\":\"en-GB\",\"potentialAction\":[{\"@type\":\"ReadAction\",\"target\":[\"https:\/\/tedsandtails.de\/produkt\/set-y-strap-geschirr-leine-kotbeutelhalter-minty-may-2\/\"]}]},{\"@type\":\"BreadcrumbList\",\"@id\":\"https:\/\/tedsandtails.de\/produkt\/set-y-strap-geschirr-leine-kotbeutelhalter-minty-may-2\/#breadcrumb\",\"itemListElement\":[{\"@type\":\"ListItem\",\"position\":1,\"name\":\"Startseite\",\"item\":\"https:\/\/tedsandtails.de\/\"},{\"@type\":\"ListItem\",\"position\":2,\"name\":\"Shop\",\"item\":\"https:\/\/tedsandtails.de\/shop\/\"},{\"@type\":\"ListItem\",\"position\":3,\"name\":\"Set Y-Strap-Geschirr, Leine &amp; Kotbeutelhalter &#8211; Minty May\"}]},{\"@type\":\"WebSite\",\"@id\":\"https:\/\/tedsandtails.de\/#website\",\"url\":\"https:\/\/tedsandtails.de\/\",\"name\":\"TED&#039;S &amp; TAILS\",\"description\":\"\",\"publisher\":{\"@id\":\"https:\/\/tedsandtails.de\/#organization\"},\"potentialAction\":[{\"@type\":\"SearchAction\",\"target\":{\"@type\":\"EntryPoint\",\"urlTemplate\":\"https:\/\/tedsandtails.de\/?s={search_term_string}\"},\"query-input\":\"required name=search_term_string\"}],\"inLanguage\":\"en-GB\"},{\"@type\":\"Organization\",\"@id\":\"https:\/\/tedsandtails.de\/#organization\",\"name\":\"TED&#039;S &amp; TAILS\",\"url\":\"https:\/\/tedsandtails.de\/\",\"logo\":{\"@type\":\"ImageObject\",\"inLanguage\":\"en-GB\",\"@id\":\"https:\/\/tedsandtails.de\/#\/schema\/logo\/image\/\",\"url\":\"https:\/\/tedsandtails.de\/wp-content\/uploads\/2022\/09\/Teddys-5.png\",\"contentUrl\":\"https:\/\/tedsandtails.de\/wp-content\/uploads\/2022\/09\/Teddys-5.png\",\"width\":1080,\"height\":1080,\"caption\":\"TED&#039;S &amp; TAILS\"},\"image\":{\"@id\":\"https:\/\/tedsandtails.de\/#\/schema\/logo\/image\/\"}}]}<\/script>\n<!-- \/ Yoast SEO plugin. -->","yoast_head_json":{"title":"Set Y-Strap-Geschirr, Leine &amp; Kotbeutelhalter - Minty May - TED&#039;S &amp; TAILS","description":"Du bist auf der Suche nach den sch\u00f6nsten Accessoires f\u00fcr deinen Hund, die den aktuellen Trends entsprechen? Dann ist dieses Set aus der Minty May Kollektion genau das Richtige f\u00fcr dich!In dem Set erh\u00e4ltst du ein Y-Strap-Hundegeschirr, ein Kotbeutelhalter und eine passende Hundeleine aus der Minty May Kollektion. Mix & Match mit allen anderen Produkten dieser Kollektion, um den Look zu vervollst\u00e4ndigen.Das Hundegeschirr ist aus stabilem Nylongurtband und Cord gefertigt, wodurch es besonders bequem und weich ist. Die Schnallen und Ringe sind gold und stark. Die Gr\u00f6\u00dfe und Breite der Gurte, Schnallen und Ringe sind auf die Gr\u00f6\u00dfe des Geschirrs abgestimmt. Der Kotbeutelhalter ist aus Cord gefertigt und hat ebenfalls goldene Details.Das Geschirr ist in der Gr\u00f6\u00dfe M erh\u00e4ltlich. Das Set wird mit einer Hundeleine in Gr\u00f6\u00dfe M geliefert. Du kannst eine normale Hundeleine (2cm x 150cm) oder eine Handsfree-Leine (2cm x 200cm) w\u00e4hlen. Eine Handsfree-Leine kann wie eine normale Leine verwendet werden, kann aber auch crossbody getragen werden, sodass du die H\u00e4nde frei hast.","robots":{"index":"index","follow":"follow","max-snippet":"max-snippet:-1","max-image-preview":"max-image-preview:large","max-video-preview":"max-video-preview:-1"},"canonical":"https:\/\/tedsandtails.de\/en\/product\/set-y-strap-geschirr-leine-kotbeutelhalter-minty-may-2\/","og_locale":"en_GB","og_type":"article","og_title":"Set Y-Strap-Geschirr, Leine &amp; Kotbeutelhalter - Minty May - TED&#039;S &amp; TAILS","og_description":"Du bist auf der Suche nach den sch\u00f6nsten Accessoires f\u00fcr deinen Hund, die den aktuellen Trends entsprechen? Dann ist dieses Set aus der Minty May Kollektion genau das Richtige f\u00fcr dich!In dem Set erh\u00e4ltst du ein Y-Strap-Hundegeschirr, ein Kotbeutelhalter und eine passende Hundeleine aus der Minty May Kollektion. Mix & Match mit allen anderen Produkten dieser Kollektion, um den Look zu vervollst\u00e4ndigen.Das Hundegeschirr ist aus stabilem Nylongurtband und Cord gefertigt, wodurch es besonders bequem und weich ist. Die Schnallen und Ringe sind gold und stark. Die Gr\u00f6\u00dfe und Breite der Gurte, Schnallen und Ringe sind auf die Gr\u00f6\u00dfe des Geschirrs abgestimmt. Der Kotbeutelhalter ist aus Cord gefertigt und hat ebenfalls goldene Details.Das Geschirr ist in der Gr\u00f6\u00dfe M erh\u00e4ltlich. Das Set wird mit einer Hundeleine in Gr\u00f6\u00dfe M geliefert. Du kannst eine normale Hundeleine (2cm x 150cm) oder eine Handsfree-Leine (2cm x 200cm) w\u00e4hlen. Eine Handsfree-Leine kann wie eine normale Leine verwendet werden, kann aber auch crossbody getragen werden, sodass du die H\u00e4nde frei hast.","og_url":"https:\/\/tedsandtails.de\/en\/product\/set-y-strap-geschirr-leine-kotbeutelhalter-minty-may-2\/","og_site_name":"TED&#039;S &amp; TAILS","article_modified_time":"2025-10-19T10:25:36+00:00","og_image":[{"width":1707,"height":2560,"url":"https:\/\/tedsandtails.de\/wp-content\/uploads\/2025\/05\/4g1a7346-scaled.jpeg","type":"image\/jpeg"}],"twitter_card":"summary_large_image","twitter_misc":{"Est. reading time":"2 minutes"},"schema":{"@context":"https:\/\/schema.org","@graph":[{"@type":"WebPage","@id":"https:\/\/tedsandtails.de\/produkt\/set-y-strap-geschirr-leine-kotbeutelhalter-minty-may-2\/","url":"https:\/\/tedsandtails.de\/produkt\/set-y-strap-geschirr-leine-kotbeutelhalter-minty-may-2\/","name":"Set Y-Strap-Geschirr, Leine &amp; Kotbeutelhalter - Minty May - TED&#039;S &amp; TAILS","isPartOf":{"@id":"https:\/\/tedsandtails.de\/#website"},"datePublished":"2025-05-06T07:27:39+00:00","dateModified":"2025-10-19T10:25:36+00:00","description":"Du bist auf der Suche nach den sch\u00f6nsten Accessoires f\u00fcr deinen Hund, die den aktuellen Trends entsprechen? Dann ist dieses Set aus der Minty May Kollektion genau das Richtige f\u00fcr dich!In dem Set erh\u00e4ltst du ein Y-Strap-Hundegeschirr, ein Kotbeutelhalter und eine passende Hundeleine aus der Minty May Kollektion. Mix & Match mit allen anderen Produkten dieser Kollektion, um den Look zu vervollst\u00e4ndigen.Das Hundegeschirr ist aus stabilem Nylongurtband und Cord gefertigt, wodurch es besonders bequem und weich ist. Die Schnallen und Ringe sind gold und stark. Die Gr\u00f6\u00dfe und Breite der Gurte, Schnallen und Ringe sind auf die Gr\u00f6\u00dfe des Geschirrs abgestimmt. Der Kotbeutelhalter ist aus Cord gefertigt und hat ebenfalls goldene Details.Das Geschirr ist in der Gr\u00f6\u00dfe M erh\u00e4ltlich. Das Set wird mit einer Hundeleine in Gr\u00f6\u00dfe M geliefert. Du kannst eine normale Hundeleine (2cm x 150cm) oder eine Handsfree-Leine (2cm x 200cm) w\u00e4hlen. Eine Handsfree-Leine kann wie eine normale Leine verwendet werden, kann aber auch crossbody getragen werden, sodass du die H\u00e4nde frei hast.","breadcrumb":{"@id":"https:\/\/tedsandtails.de\/produkt\/set-y-strap-geschirr-leine-kotbeutelhalter-minty-may-2\/#breadcrumb"},"inLanguage":"en-GB","potentialAction":[{"@type":"ReadAction","target":["https:\/\/tedsandtails.de\/produkt\/set-y-strap-geschirr-leine-kotbeutelhalter-minty-may-2\/"]}]},{"@type":"BreadcrumbList","@id":"https:\/\/tedsandtails.de\/produkt\/set-y-strap-geschirr-leine-kotbeutelhalter-minty-may-2\/#breadcrumb","itemListElement":[{"@type":"ListItem","position":1,"name":"Startseite","item":"https:\/\/tedsandtails.de\/"},{"@type":"ListItem","position":2,"name":"Shop","item":"https:\/\/tedsandtails.de\/shop\/"},{"@type":"ListItem","position":3,"name":"Set Y-Strap-Geschirr, Leine &amp; Kotbeutelhalter &#8211; Minty May"}]},{"@type":"WebSite","@id":"https:\/\/tedsandtails.de\/#website","url":"https:\/\/tedsandtails.de\/","name":"TED&#039;S &amp; TAILS","description":"","publisher":{"@id":"https:\/\/tedsandtails.de\/#organization"},"potentialAction":[{"@type":"SearchAction","target":{"@type":"EntryPoint","urlTemplate":"https:\/\/tedsandtails.de\/?s={search_term_string}"},"query-input":"required name=search_term_string"}],"inLanguage":"en-GB"},{"@type":"Organization","@id":"https:\/\/tedsandtails.de\/#organization","name":"TED&#039;S &amp; TAILS","url":"https:\/\/tedsandtails.de\/","logo":{"@type":"ImageObject","inLanguage":"en-GB","@id":"https:\/\/tedsandtails.de\/#\/schema\/logo\/image\/","url":"https:\/\/tedsandtails.de\/wp-content\/uploads\/2022\/09\/Teddys-5.png","contentUrl":"https:\/\/tedsandtails.de\/wp-content\/uploads\/2022\/09\/Teddys-5.png","width":1080,"height":1080,"caption":"TED&#039;S &amp; TAILS"},"image":{"@id":"https:\/\/tedsandtails.de\/#\/schema\/logo\/image\/"}}]}},"_links":{"self":[{"href":"https:\/\/tedsandtails.de\/en\/wp-json\/wp\/v2\/product\/6751","targetHints":{"allow":["GET"]}}],"collection":[{"href":"https:\/\/tedsandtails.de\/en\/wp-json\/wp\/v2\/product"}],"about":[{"href":"https:\/\/tedsandtails.de\/en\/wp-json\/wp\/v2\/types\/product"}],"replies":[{"embeddable":true,"href":"https:\/\/tedsandtails.de\/en\/wp-json\/wp\/v2\/comments?post=6751"}],"wp:featuredmedia":[{"embeddable":true,"href":"https:\/\/tedsandtails.de\/en\/wp-json\/wp\/v2\/media\/6759"}],"wp:attachment":[{"href":"https:\/\/tedsandtails.de\/en\/wp-json\/wp\/v2\/media?parent=6751"}],"wp:term":[{"taxonomy":"product_cat","embeddable":true,"href":"https:\/\/tedsandtails.de\/en\/wp-json\/wp\/v2\/product_cat?post=6751"},{"taxonomy":"product_tag","embeddable":true,"href":"https:\/\/tedsandtails.de\/en\/wp-json\/wp\/v2\/product_tag?post=6751"}],"curies":[{"name":"wp","href":"https:\/\/api.w.org\/{rel}","templated":true}]}}