{"id":6894,"date":"2025-07-01T12:12:58","date_gmt":"2025-07-01T10:12:58","guid":{"rendered":"https:\/\/tedsandtails.de\/?post_type=product&#038;p=6894"},"modified":"2026-01-27T12:39:07","modified_gmt":"2026-01-27T11:39:07","slug":"nachhaltiges-hundespielzeug-eco-fish","status":"publish","type":"product","link":"https:\/\/tedsandtails.de\/en\/product\/nachhaltiges-hundespielzeug-eco-fish\/","title":{"rendered":"Hundespielzeug &#8211; EcoZippy Suede Rope Buddies \u2013 Angler Fish"},"content":{"rendered":"<p>Der EcoZippy Angler Fish ist ein nachhaltiges Hundespielzeug, das f\u00fcr langanhaltenden Spielspa\u00df sorgt. Hergestellt aus robustem Wildleder und nat\u00fcrlichem Seil, bietet es deinem Hund eine perfekte M\u00f6glichkeit zum Kauen, Zerren und Werfen. Ganz ohne Quietscher ist es ideal f\u00fcr ruhiges Spielen \u2013 ohne st\u00f6rende Ger\u00e4usche.<\/p>\n<p>Das nachhaltige Hundespielzeug \u00fcberzeugt durch seine umweltfreundliche Herstellung und die hohe Langlebigkeit. Gr\u00f6\u00dfe: 25,4 x 4,4 x 25,4 cm. Bestelle jetzt bei tedsandtails.de und schenke deinem Vierbeiner einen Spielkameraden!<\/p>","protected":false},"excerpt":{"rendered":"<p>Der EcoZippy Angler Fish ist ein nachhaltiges Hundespielzeug, das f\u00fcr langanhaltenden Spielspa\u00df sorgt. Hergestellt aus robustem Wildleder und nat\u00fcrlichem Seil, bietet es deinem Hund eine perfekte M\u00f6glichkeit zum Kauen, Zerren und Werfen. Ganz ohne Quietscher ist es ideal f\u00fcr ruhiges Spielen \u2013 ohne st\u00f6rende Ger\u00e4usche. Das nachhaltige Hundespielzeug \u00fcberzeugt durch seine umweltfreundliche Herstellung und die [&hellip;]<\/p>","protected":false},"featured_media":6895,"comment_status":"open","ping_status":"closed","template":"","meta":[],"product_cat":[132],"product_tag":[],"class_list":{"0":"post-6894","1":"product","2":"type-product","3":"status-publish","4":"has-post-thumbnail","6":"product_cat-hundespielzeuge","8":"first","9":"instock","10":"shipping-taxable","11":"purchasable","12":"product-type-simple"},"yoast_head":"<!-- This site is optimized with the Yoast SEO plugin v20.12 - https:\/\/yoast.com\/wordpress\/plugins\/seo\/ -->\n<title>Nachhaltiges Hundespielzeug \u2013 EcoZippy Angler Fish<\/title>\n<meta name=\"description\" content=\"Entdecke nachhaltiges Hundespielzeug aus Wildleder &amp; Seil \u2013 robust, quietschfrei &amp; perfekt f\u00fcr Kauen &amp; Ziehen. Jetzt bei tedsandtails.de!\" \/>\n<meta name=\"robots\" content=\"index, follow, max-snippet:-1, max-image-preview:large, max-video-preview:-1\" \/>\n<link rel=\"canonical\" href=\"https:\/\/tedsandtails.de\/en\/product\/nachhaltiges-hundespielzeug-eco-fish\/\" \/>\n<meta property=\"og:locale\" content=\"en_GB\" \/>\n<meta property=\"og:type\" content=\"article\" \/>\n<meta property=\"og:title\" content=\"Nachhaltiges Hundespielzeug \u2013 EcoZippy Angler Fish\" \/>\n<meta property=\"og:description\" content=\"Entdecke nachhaltiges Hundespielzeug aus Wildleder &amp; Seil \u2013 robust, quietschfrei &amp; perfekt f\u00fcr Kauen &amp; Ziehen. Jetzt bei tedsandtails.de!\" \/>\n<meta property=\"og:url\" content=\"https:\/\/tedsandtails.de\/en\/product\/nachhaltiges-hundespielzeug-eco-fish\/\" \/>\n<meta property=\"og:site_name\" content=\"TED&#039;S &amp; TAILS\" \/>\n<meta property=\"article:modified_time\" content=\"2026-01-27T11:39:07+00:00\" \/>\n<meta property=\"og:image\" content=\"https:\/\/tedsandtails.de\/wp-content\/uploads\/2025\/06\/ZP1445_MAINSMALL_01.webp\" \/>\n\t<meta property=\"og:image:width\" content=\"1000\" \/>\n\t<meta property=\"og:image:height\" content=\"1000\" \/>\n\t<meta property=\"og:image:type\" content=\"image\/webp\" \/>\n<meta name=\"twitter:card\" content=\"summary_large_image\" \/>\n<meta name=\"twitter:label1\" content=\"Est. reading time\" \/>\n\t<meta name=\"twitter:data1\" content=\"1 minute\" \/>\n<script type=\"application\/ld+json\" class=\"yoast-schema-graph\">{\"@context\":\"https:\/\/schema.org\",\"@graph\":[{\"@type\":\"WebPage\",\"@id\":\"https:\/\/tedsandtails.de\/produkt\/nachhaltiges-hundespielzeug-eco-fish\/\",\"url\":\"https:\/\/tedsandtails.de\/produkt\/nachhaltiges-hundespielzeug-eco-fish\/\",\"name\":\"Nachhaltiges Hundespielzeug \u2013 EcoZippy Angler Fish\",\"isPartOf\":{\"@id\":\"https:\/\/tedsandtails.de\/#website\"},\"datePublished\":\"2025-07-01T10:12:58+00:00\",\"dateModified\":\"2026-01-27T11:39:07+00:00\",\"description\":\"Entdecke nachhaltiges Hundespielzeug aus Wildleder & Seil \u2013 robust, quietschfrei & perfekt f\u00fcr Kauen & Ziehen. Jetzt bei tedsandtails.de!\",\"breadcrumb\":{\"@id\":\"https:\/\/tedsandtails.de\/produkt\/nachhaltiges-hundespielzeug-eco-fish\/#breadcrumb\"},\"inLanguage\":\"en-GB\",\"potentialAction\":[{\"@type\":\"ReadAction\",\"target\":[\"https:\/\/tedsandtails.de\/produkt\/nachhaltiges-hundespielzeug-eco-fish\/\"]}]},{\"@type\":\"BreadcrumbList\",\"@id\":\"https:\/\/tedsandtails.de\/produkt\/nachhaltiges-hundespielzeug-eco-fish\/#breadcrumb\",\"itemListElement\":[{\"@type\":\"ListItem\",\"position\":1,\"name\":\"Startseite\",\"item\":\"https:\/\/tedsandtails.de\/\"},{\"@type\":\"ListItem\",\"position\":2,\"name\":\"Shop\",\"item\":\"https:\/\/tedsandtails.de\/shop\/\"},{\"@type\":\"ListItem\",\"position\":3,\"name\":\"Hundespielzeug &#8211; EcoZippy Suede Rope Buddies \u2013 Angler Fish\"}]},{\"@type\":\"WebSite\",\"@id\":\"https:\/\/tedsandtails.de\/#website\",\"url\":\"https:\/\/tedsandtails.de\/\",\"name\":\"TED&#039;S &amp; TAILS\",\"description\":\"\",\"publisher\":{\"@id\":\"https:\/\/tedsandtails.de\/#organization\"},\"potentialAction\":[{\"@type\":\"SearchAction\",\"target\":{\"@type\":\"EntryPoint\",\"urlTemplate\":\"https:\/\/tedsandtails.de\/?s={search_term_string}\"},\"query-input\":\"required name=search_term_string\"}],\"inLanguage\":\"en-GB\"},{\"@type\":\"Organization\",\"@id\":\"https:\/\/tedsandtails.de\/#organization\",\"name\":\"TED&#039;S &amp; TAILS\",\"url\":\"https:\/\/tedsandtails.de\/\",\"logo\":{\"@type\":\"ImageObject\",\"inLanguage\":\"en-GB\",\"@id\":\"https:\/\/tedsandtails.de\/#\/schema\/logo\/image\/\",\"url\":\"https:\/\/tedsandtails.de\/wp-content\/uploads\/2022\/09\/Teddys-5.png\",\"contentUrl\":\"https:\/\/tedsandtails.de\/wp-content\/uploads\/2022\/09\/Teddys-5.png\",\"width\":1080,\"height\":1080,\"caption\":\"TED&#039;S &amp; TAILS\"},\"image\":{\"@id\":\"https:\/\/tedsandtails.de\/#\/schema\/logo\/image\/\"}}]}<\/script>\n<!-- \/ Yoast SEO plugin. -->","yoast_head_json":{"title":"Nachhaltiges Hundespielzeug \u2013 EcoZippy Angler Fish","description":"Entdecke nachhaltiges Hundespielzeug aus Wildleder & Seil \u2013 robust, quietschfrei & perfekt f\u00fcr Kauen & Ziehen. Jetzt bei tedsandtails.de!","robots":{"index":"index","follow":"follow","max-snippet":"max-snippet:-1","max-image-preview":"max-image-preview:large","max-video-preview":"max-video-preview:-1"},"canonical":"https:\/\/tedsandtails.de\/en\/product\/nachhaltiges-hundespielzeug-eco-fish\/","og_locale":"en_GB","og_type":"article","og_title":"Nachhaltiges Hundespielzeug \u2013 EcoZippy Angler Fish","og_description":"Entdecke nachhaltiges Hundespielzeug aus Wildleder & Seil \u2013 robust, quietschfrei & perfekt f\u00fcr Kauen & Ziehen. Jetzt bei tedsandtails.de!","og_url":"https:\/\/tedsandtails.de\/en\/product\/nachhaltiges-hundespielzeug-eco-fish\/","og_site_name":"TED&#039;S &amp; TAILS","article_modified_time":"2026-01-27T11:39:07+00:00","og_image":[{"width":1000,"height":1000,"url":"https:\/\/tedsandtails.de\/wp-content\/uploads\/2025\/06\/ZP1445_MAINSMALL_01.webp","type":"image\/webp"}],"twitter_card":"summary_large_image","twitter_misc":{"Est. reading time":"1 minute"},"schema":{"@context":"https:\/\/schema.org","@graph":[{"@type":"WebPage","@id":"https:\/\/tedsandtails.de\/produkt\/nachhaltiges-hundespielzeug-eco-fish\/","url":"https:\/\/tedsandtails.de\/produkt\/nachhaltiges-hundespielzeug-eco-fish\/","name":"Nachhaltiges Hundespielzeug \u2013 EcoZippy Angler Fish","isPartOf":{"@id":"https:\/\/tedsandtails.de\/#website"},"datePublished":"2025-07-01T10:12:58+00:00","dateModified":"2026-01-27T11:39:07+00:00","description":"Entdecke nachhaltiges Hundespielzeug aus Wildleder & Seil \u2013 robust, quietschfrei & perfekt f\u00fcr Kauen & Ziehen. Jetzt bei tedsandtails.de!","breadcrumb":{"@id":"https:\/\/tedsandtails.de\/produkt\/nachhaltiges-hundespielzeug-eco-fish\/#breadcrumb"},"inLanguage":"en-GB","potentialAction":[{"@type":"ReadAction","target":["https:\/\/tedsandtails.de\/produkt\/nachhaltiges-hundespielzeug-eco-fish\/"]}]},{"@type":"BreadcrumbList","@id":"https:\/\/tedsandtails.de\/produkt\/nachhaltiges-hundespielzeug-eco-fish\/#breadcrumb","itemListElement":[{"@type":"ListItem","position":1,"name":"Startseite","item":"https:\/\/tedsandtails.de\/"},{"@type":"ListItem","position":2,"name":"Shop","item":"https:\/\/tedsandtails.de\/shop\/"},{"@type":"ListItem","position":3,"name":"Hundespielzeug &#8211; EcoZippy Suede Rope Buddies \u2013 Angler Fish"}]},{"@type":"WebSite","@id":"https:\/\/tedsandtails.de\/#website","url":"https:\/\/tedsandtails.de\/","name":"TED&#039;S &amp; TAILS","description":"","publisher":{"@id":"https:\/\/tedsandtails.de\/#organization"},"potentialAction":[{"@type":"SearchAction","target":{"@type":"EntryPoint","urlTemplate":"https:\/\/tedsandtails.de\/?s={search_term_string}"},"query-input":"required name=search_term_string"}],"inLanguage":"en-GB"},{"@type":"Organization","@id":"https:\/\/tedsandtails.de\/#organization","name":"TED&#039;S &amp; TAILS","url":"https:\/\/tedsandtails.de\/","logo":{"@type":"ImageObject","inLanguage":"en-GB","@id":"https:\/\/tedsandtails.de\/#\/schema\/logo\/image\/","url":"https:\/\/tedsandtails.de\/wp-content\/uploads\/2022\/09\/Teddys-5.png","contentUrl":"https:\/\/tedsandtails.de\/wp-content\/uploads\/2022\/09\/Teddys-5.png","width":1080,"height":1080,"caption":"TED&#039;S &amp; TAILS"},"image":{"@id":"https:\/\/tedsandtails.de\/#\/schema\/logo\/image\/"}}]}},"_links":{"self":[{"href":"https:\/\/tedsandtails.de\/en\/wp-json\/wp\/v2\/product\/6894","targetHints":{"allow":["GET"]}}],"collection":[{"href":"https:\/\/tedsandtails.de\/en\/wp-json\/wp\/v2\/product"}],"about":[{"href":"https:\/\/tedsandtails.de\/en\/wp-json\/wp\/v2\/types\/product"}],"replies":[{"embeddable":true,"href":"https:\/\/tedsandtails.de\/en\/wp-json\/wp\/v2\/comments?post=6894"}],"wp:featuredmedia":[{"embeddable":true,"href":"https:\/\/tedsandtails.de\/en\/wp-json\/wp\/v2\/media\/6895"}],"wp:attachment":[{"href":"https:\/\/tedsandtails.de\/en\/wp-json\/wp\/v2\/media?parent=6894"}],"wp:term":[{"taxonomy":"product_cat","embeddable":true,"href":"https:\/\/tedsandtails.de\/en\/wp-json\/wp\/v2\/product_cat?post=6894"},{"taxonomy":"product_tag","embeddable":true,"href":"https:\/\/tedsandtails.de\/en\/wp-json\/wp\/v2\/product_tag?post=6894"}],"curies":[{"name":"wp","href":"https:\/\/api.w.org\/{rel}","templated":true}]}}