{"id":6947,"date":"2025-06-30T10:24:43","date_gmt":"2025-06-30T08:24:43","guid":{"rendered":"https:\/\/tedsandtails.de\/?post_type=product&#038;p=6947"},"modified":"2026-01-27T12:39:38","modified_gmt":"2026-01-27T11:39:38","slug":"hugsmart-iced-coffee-hundespielzeug","status":"publish","type":"product","link":"https:\/\/tedsandtails.de\/en\/product\/hugsmart-iced-coffee-hundespielzeug\/","title":{"rendered":"Hundespielzeug &#8211; Food Party &#8211; Iced Coffee"},"content":{"rendered":"<p data-start=\"768\" data-end=\"1073\">Spielzeit mit Sommerfeeling! Das HugSmart Iced Coffee Hundespielzeug bringt k\u00fchlen Kaffeegenuss ins Hundeleben. Die weiche Pl\u00fcschbasis knistert bei jeder Bewegung und sieht aus wie ein stylischer Eiskaffee. Gekr\u00f6nt wird das Ganze von einer quietschenden Latex-Sahnehaube.<\/p>\n<p data-start=\"1075\" data-end=\"1267\">Durch die Kombination aus Knistereffekt und Quietschie wird dein Hund nicht nur k\u00f6rperlich, sondern auch mental gefordert \u2013 ideal f\u00fcr kleine bis mittelgro\u00dfe Vierbeiner, die Abwechslung lieben.<\/p>\n<p data-start=\"1269\" data-end=\"1464\">\u2714 Stylisches Spielzeug im Eiskaffee-Design<br data-start=\"1311\" data-end=\"1314\" \/>\u2714 Quietschende \u201eSahnehaube\u201c aus Latex<br data-start=\"1351\" data-end=\"1354\" \/>\u2714 Knistereffekt in der Pl\u00fcschbasis<br data-start=\"1388\" data-end=\"1391\" \/>\u2714 F\u00f6rdert Spiel, Neugier und Besch\u00e4ftigung<br data-start=\"1433\" data-end=\"1436\" \/>\u2714 Gr\u00f6\u00dfe: 20,5 \u00d7 11 \u00d7 11 cm<\/p>","protected":false},"excerpt":{"rendered":"<p>Spielzeit mit Sommerfeeling! Das HugSmart Iced Coffee Hundespielzeug bringt k\u00fchlen Kaffeegenuss ins Hundeleben. Die weiche Pl\u00fcschbasis knistert bei jeder Bewegung und sieht aus wie ein stylischer Eiskaffee. Gekr\u00f6nt wird das Ganze von einer quietschenden Latex-Sahnehaube. Durch die Kombination aus Knistereffekt und Quietschie wird dein Hund nicht nur k\u00f6rperlich, sondern auch mental gefordert \u2013 ideal f\u00fcr [&hellip;]<\/p>","protected":false},"featured_media":6948,"comment_status":"open","ping_status":"closed","template":"","meta":[],"product_cat":[132],"product_tag":[],"class_list":{"0":"post-6947","1":"product","2":"type-product","3":"status-publish","4":"has-post-thumbnail","6":"product_cat-hundespielzeuge","8":"first","9":"instock","10":"shipping-taxable","11":"purchasable","12":"product-type-simple"},"yoast_head":"<!-- This site is optimized with the Yoast SEO plugin v20.12 - https:\/\/yoast.com\/wordpress\/plugins\/seo\/ -->\n<title>HugSmart Iced Coffee \u2013 Sommerliches Hundespielzeug mit Quietschie<\/title>\n<meta name=\"description\" content=\"Kreatives Hundespielzeug im Coffee-to-go-Look mit Knistereffekt &amp; Quietschie. Perfekt f\u00fcr Spielspa\u00df, mentale Auslastung &amp; sommerliche Stimmung.\" \/>\n<meta name=\"robots\" content=\"index, follow, max-snippet:-1, max-image-preview:large, max-video-preview:-1\" \/>\n<link rel=\"canonical\" href=\"https:\/\/tedsandtails.de\/en\/product\/hugsmart-iced-coffee-hundespielzeug\/\" \/>\n<meta property=\"og:locale\" content=\"en_GB\" \/>\n<meta property=\"og:type\" content=\"article\" \/>\n<meta property=\"og:title\" content=\"HugSmart Iced Coffee \u2013 Sommerliches Hundespielzeug mit Quietschie\" \/>\n<meta property=\"og:description\" content=\"Kreatives Hundespielzeug im Coffee-to-go-Look mit Knistereffekt &amp; Quietschie. Perfekt f\u00fcr Spielspa\u00df, mentale Auslastung &amp; sommerliche Stimmung.\" \/>\n<meta property=\"og:url\" content=\"https:\/\/tedsandtails.de\/en\/product\/hugsmart-iced-coffee-hundespielzeug\/\" \/>\n<meta property=\"og:site_name\" content=\"TED&#039;S &amp; TAILS\" \/>\n<meta property=\"article:modified_time\" content=\"2026-01-27T11:39:38+00:00\" \/>\n<meta property=\"og:image\" content=\"https:\/\/tedsandtails.de\/wp-content\/uploads\/2025\/06\/HS10634-1.jpg\" \/>\n\t<meta property=\"og:image:width\" content=\"600\" \/>\n\t<meta property=\"og:image:height\" content=\"600\" \/>\n\t<meta property=\"og:image:type\" content=\"image\/jpeg\" \/>\n<meta name=\"twitter:card\" content=\"summary_large_image\" \/>\n<meta name=\"twitter:label1\" content=\"Est. reading time\" \/>\n\t<meta name=\"twitter:data1\" content=\"1 minute\" \/>\n<script type=\"application\/ld+json\" class=\"yoast-schema-graph\">{\"@context\":\"https:\/\/schema.org\",\"@graph\":[{\"@type\":\"WebPage\",\"@id\":\"https:\/\/tedsandtails.de\/produkt\/hugsmart-iced-coffee-hundespielzeug\/\",\"url\":\"https:\/\/tedsandtails.de\/produkt\/hugsmart-iced-coffee-hundespielzeug\/\",\"name\":\"HugSmart Iced Coffee \u2013 Sommerliches Hundespielzeug mit Quietschie\",\"isPartOf\":{\"@id\":\"https:\/\/tedsandtails.de\/#website\"},\"datePublished\":\"2025-06-30T08:24:43+00:00\",\"dateModified\":\"2026-01-27T11:39:38+00:00\",\"description\":\"Kreatives Hundespielzeug im Coffee-to-go-Look mit Knistereffekt & Quietschie. Perfekt f\u00fcr Spielspa\u00df, mentale Auslastung & sommerliche Stimmung.\",\"breadcrumb\":{\"@id\":\"https:\/\/tedsandtails.de\/produkt\/hugsmart-iced-coffee-hundespielzeug\/#breadcrumb\"},\"inLanguage\":\"en-GB\",\"potentialAction\":[{\"@type\":\"ReadAction\",\"target\":[\"https:\/\/tedsandtails.de\/produkt\/hugsmart-iced-coffee-hundespielzeug\/\"]}]},{\"@type\":\"BreadcrumbList\",\"@id\":\"https:\/\/tedsandtails.de\/produkt\/hugsmart-iced-coffee-hundespielzeug\/#breadcrumb\",\"itemListElement\":[{\"@type\":\"ListItem\",\"position\":1,\"name\":\"Startseite\",\"item\":\"https:\/\/tedsandtails.de\/\"},{\"@type\":\"ListItem\",\"position\":2,\"name\":\"Shop\",\"item\":\"https:\/\/tedsandtails.de\/shop\/\"},{\"@type\":\"ListItem\",\"position\":3,\"name\":\"Hundespielzeug &#8211; Food Party &#8211; Iced Coffee\"}]},{\"@type\":\"WebSite\",\"@id\":\"https:\/\/tedsandtails.de\/#website\",\"url\":\"https:\/\/tedsandtails.de\/\",\"name\":\"TED&#039;S &amp; TAILS\",\"description\":\"\",\"publisher\":{\"@id\":\"https:\/\/tedsandtails.de\/#organization\"},\"potentialAction\":[{\"@type\":\"SearchAction\",\"target\":{\"@type\":\"EntryPoint\",\"urlTemplate\":\"https:\/\/tedsandtails.de\/?s={search_term_string}\"},\"query-input\":\"required name=search_term_string\"}],\"inLanguage\":\"en-GB\"},{\"@type\":\"Organization\",\"@id\":\"https:\/\/tedsandtails.de\/#organization\",\"name\":\"TED&#039;S &amp; TAILS\",\"url\":\"https:\/\/tedsandtails.de\/\",\"logo\":{\"@type\":\"ImageObject\",\"inLanguage\":\"en-GB\",\"@id\":\"https:\/\/tedsandtails.de\/#\/schema\/logo\/image\/\",\"url\":\"https:\/\/tedsandtails.de\/wp-content\/uploads\/2022\/09\/Teddys-5.png\",\"contentUrl\":\"https:\/\/tedsandtails.de\/wp-content\/uploads\/2022\/09\/Teddys-5.png\",\"width\":1080,\"height\":1080,\"caption\":\"TED&#039;S &amp; TAILS\"},\"image\":{\"@id\":\"https:\/\/tedsandtails.de\/#\/schema\/logo\/image\/\"}}]}<\/script>\n<!-- \/ Yoast SEO plugin. -->","yoast_head_json":{"title":"HugSmart Iced Coffee \u2013 Sommerliches Hundespielzeug mit Quietschie","description":"Kreatives Hundespielzeug im Coffee-to-go-Look mit Knistereffekt & Quietschie. Perfekt f\u00fcr Spielspa\u00df, mentale Auslastung & sommerliche Stimmung.","robots":{"index":"index","follow":"follow","max-snippet":"max-snippet:-1","max-image-preview":"max-image-preview:large","max-video-preview":"max-video-preview:-1"},"canonical":"https:\/\/tedsandtails.de\/en\/product\/hugsmart-iced-coffee-hundespielzeug\/","og_locale":"en_GB","og_type":"article","og_title":"HugSmart Iced Coffee \u2013 Sommerliches Hundespielzeug mit Quietschie","og_description":"Kreatives Hundespielzeug im Coffee-to-go-Look mit Knistereffekt & Quietschie. Perfekt f\u00fcr Spielspa\u00df, mentale Auslastung & sommerliche Stimmung.","og_url":"https:\/\/tedsandtails.de\/en\/product\/hugsmart-iced-coffee-hundespielzeug\/","og_site_name":"TED&#039;S &amp; TAILS","article_modified_time":"2026-01-27T11:39:38+00:00","og_image":[{"width":600,"height":600,"url":"https:\/\/tedsandtails.de\/wp-content\/uploads\/2025\/06\/HS10634-1.jpg","type":"image\/jpeg"}],"twitter_card":"summary_large_image","twitter_misc":{"Est. reading time":"1 minute"},"schema":{"@context":"https:\/\/schema.org","@graph":[{"@type":"WebPage","@id":"https:\/\/tedsandtails.de\/produkt\/hugsmart-iced-coffee-hundespielzeug\/","url":"https:\/\/tedsandtails.de\/produkt\/hugsmart-iced-coffee-hundespielzeug\/","name":"HugSmart Iced Coffee \u2013 Sommerliches Hundespielzeug mit Quietschie","isPartOf":{"@id":"https:\/\/tedsandtails.de\/#website"},"datePublished":"2025-06-30T08:24:43+00:00","dateModified":"2026-01-27T11:39:38+00:00","description":"Kreatives Hundespielzeug im Coffee-to-go-Look mit Knistereffekt & Quietschie. Perfekt f\u00fcr Spielspa\u00df, mentale Auslastung & sommerliche Stimmung.","breadcrumb":{"@id":"https:\/\/tedsandtails.de\/produkt\/hugsmart-iced-coffee-hundespielzeug\/#breadcrumb"},"inLanguage":"en-GB","potentialAction":[{"@type":"ReadAction","target":["https:\/\/tedsandtails.de\/produkt\/hugsmart-iced-coffee-hundespielzeug\/"]}]},{"@type":"BreadcrumbList","@id":"https:\/\/tedsandtails.de\/produkt\/hugsmart-iced-coffee-hundespielzeug\/#breadcrumb","itemListElement":[{"@type":"ListItem","position":1,"name":"Startseite","item":"https:\/\/tedsandtails.de\/"},{"@type":"ListItem","position":2,"name":"Shop","item":"https:\/\/tedsandtails.de\/shop\/"},{"@type":"ListItem","position":3,"name":"Hundespielzeug &#8211; Food Party &#8211; Iced Coffee"}]},{"@type":"WebSite","@id":"https:\/\/tedsandtails.de\/#website","url":"https:\/\/tedsandtails.de\/","name":"TED&#039;S &amp; TAILS","description":"","publisher":{"@id":"https:\/\/tedsandtails.de\/#organization"},"potentialAction":[{"@type":"SearchAction","target":{"@type":"EntryPoint","urlTemplate":"https:\/\/tedsandtails.de\/?s={search_term_string}"},"query-input":"required name=search_term_string"}],"inLanguage":"en-GB"},{"@type":"Organization","@id":"https:\/\/tedsandtails.de\/#organization","name":"TED&#039;S &amp; TAILS","url":"https:\/\/tedsandtails.de\/","logo":{"@type":"ImageObject","inLanguage":"en-GB","@id":"https:\/\/tedsandtails.de\/#\/schema\/logo\/image\/","url":"https:\/\/tedsandtails.de\/wp-content\/uploads\/2022\/09\/Teddys-5.png","contentUrl":"https:\/\/tedsandtails.de\/wp-content\/uploads\/2022\/09\/Teddys-5.png","width":1080,"height":1080,"caption":"TED&#039;S &amp; TAILS"},"image":{"@id":"https:\/\/tedsandtails.de\/#\/schema\/logo\/image\/"}}]}},"_links":{"self":[{"href":"https:\/\/tedsandtails.de\/en\/wp-json\/wp\/v2\/product\/6947","targetHints":{"allow":["GET"]}}],"collection":[{"href":"https:\/\/tedsandtails.de\/en\/wp-json\/wp\/v2\/product"}],"about":[{"href":"https:\/\/tedsandtails.de\/en\/wp-json\/wp\/v2\/types\/product"}],"replies":[{"embeddable":true,"href":"https:\/\/tedsandtails.de\/en\/wp-json\/wp\/v2\/comments?post=6947"}],"wp:featuredmedia":[{"embeddable":true,"href":"https:\/\/tedsandtails.de\/en\/wp-json\/wp\/v2\/media\/6948"}],"wp:attachment":[{"href":"https:\/\/tedsandtails.de\/en\/wp-json\/wp\/v2\/media?parent=6947"}],"wp:term":[{"taxonomy":"product_cat","embeddable":true,"href":"https:\/\/tedsandtails.de\/en\/wp-json\/wp\/v2\/product_cat?post=6947"},{"taxonomy":"product_tag","embeddable":true,"href":"https:\/\/tedsandtails.de\/en\/wp-json\/wp\/v2\/product_tag?post=6947"}],"curies":[{"name":"wp","href":"https:\/\/api.w.org\/{rel}","templated":true}]}}