{"id":6954,"date":"2025-06-30T17:54:33","date_gmt":"2025-06-30T15:54:33","guid":{"rendered":"https:\/\/tedsandtails.de\/?post_type=product&#038;p=6954"},"modified":"2026-01-27T12:39:54","modified_gmt":"2026-01-27T11:39:54","slug":"hugsmart-shaky-hotdog-hundespielzeug","status":"publish","type":"product","link":"https:\/\/tedsandtails.de\/en\/product\/hugsmart-shaky-hotdog-hundespielzeug\/","title":{"rendered":"Hundespielzeug &#8211; Food Party &#8211; Shaky HotDog"},"content":{"rendered":"<p data-start=\"650\" data-end=\"888\">Der HugSmart Shaky HotDog aus der verspielten Food Party Kollektion ist ein fr\u00f6hliches Hundespielzeug im Fast-Food-Stil. Hergestellt aus weichem Pl\u00fcschmaterial, das sanft zu Z\u00e4hnen und Zahnfleisch ist, sorgt es f\u00fcr viel Spa\u00df beim Spielen.<\/p>\n<p data-start=\"890\" data-end=\"1046\">Der integrierte Quietschie sorgt f\u00fcr extra Aufmerksamkeit und Spielspa\u00df. Perfekt geeignet f\u00fcr kleine bis mittelgro\u00dfe Hunde, die gerne kauen und apportieren.<\/p>\n<p data-start=\"1048\" data-end=\"1145\">Schenken Sie Ihrem Hund einen HotDog, in den er richtig reinbei\u00dfen kann \u2013 ganz ohne Sauceflecken!<\/p>\n<p data-start=\"1147\" data-end=\"1326\">\u2714 Integrierter Quietschie f\u00fcr mehr Spielspa\u00df<br data-start=\"1191\" data-end=\"1194\" \/>\u2714 Weiches Pl\u00fcschmaterial \u2013 schonend f\u00fcr Z\u00e4hne und Zahnfleisch<br data-start=\"1255\" data-end=\"1258\" \/>\u2714 F\u00fcr kleine bis mittelgro\u00dfe Hunde<br data-start=\"1292\" data-end=\"1295\" \/>\u2714 Ma\u00dfe: 29,2 \u00d7 10,15 \u00d7 7,1 cm<\/p>\n<p data-start=\"1328\" data-end=\"1399\">Ein spa\u00dfiges, sommerliches Spielzeug, das jede Spielzeit aufpeppt!<\/p>","protected":false},"excerpt":{"rendered":"<p>Der HugSmart Shaky HotDog aus der verspielten Food Party Kollektion ist ein fr\u00f6hliches Hundespielzeug im Fast-Food-Stil. Hergestellt aus weichem Pl\u00fcschmaterial, das sanft zu Z\u00e4hnen und Zahnfleisch ist, sorgt es f\u00fcr viel Spa\u00df beim Spielen. Der integrierte Quietschie sorgt f\u00fcr extra Aufmerksamkeit und Spielspa\u00df. Perfekt geeignet f\u00fcr kleine bis mittelgro\u00dfe Hunde, die gerne kauen und apportieren. [&hellip;]<\/p>","protected":false},"featured_media":6955,"comment_status":"open","ping_status":"closed","template":"","meta":[],"product_cat":[132],"product_tag":[],"class_list":{"0":"post-6954","1":"product","2":"type-product","3":"status-publish","4":"has-post-thumbnail","6":"product_cat-hundespielzeuge","8":"first","9":"instock","10":"shipping-taxable","11":"purchasable","12":"product-type-simple"},"yoast_head":"<!-- This site is optimized with the Yoast SEO plugin v20.12 - https:\/\/yoast.com\/wordpress\/plugins\/seo\/ -->\n<title>HugSmart Shaky HotDog \u2013 Kuscheliges Hundespielzeug<\/title>\n<meta name=\"description\" content=\"Lustiges HotDog Hundespielzeug aus weichem Pl\u00fcsch mit Quietschie. F\u00fcr kleine bis mittelgro\u00dfe Hunde. Perfekt zum Kauen und Spielen.\" \/>\n<meta name=\"robots\" content=\"index, follow, max-snippet:-1, max-image-preview:large, max-video-preview:-1\" \/>\n<link rel=\"canonical\" href=\"https:\/\/tedsandtails.de\/en\/product\/hugsmart-shaky-hotdog-hundespielzeug\/\" \/>\n<meta property=\"og:locale\" content=\"en_GB\" \/>\n<meta property=\"og:type\" content=\"article\" \/>\n<meta property=\"og:title\" content=\"HugSmart Shaky HotDog \u2013 Kuscheliges Hundespielzeug\" \/>\n<meta property=\"og:description\" content=\"Lustiges HotDog Hundespielzeug aus weichem Pl\u00fcsch mit Quietschie. F\u00fcr kleine bis mittelgro\u00dfe Hunde. Perfekt zum Kauen und Spielen.\" \/>\n<meta property=\"og:url\" content=\"https:\/\/tedsandtails.de\/en\/product\/hugsmart-shaky-hotdog-hundespielzeug\/\" \/>\n<meta property=\"og:site_name\" content=\"TED&#039;S &amp; TAILS\" \/>\n<meta property=\"article:modified_time\" content=\"2026-01-27T11:39:54+00:00\" \/>\n<meta property=\"og:image\" content=\"https:\/\/tedsandtails.de\/wp-content\/uploads\/2025\/06\/HS10624-1.jpg\" \/>\n\t<meta property=\"og:image:width\" content=\"600\" \/>\n\t<meta property=\"og:image:height\" content=\"600\" \/>\n\t<meta property=\"og:image:type\" content=\"image\/jpeg\" \/>\n<meta name=\"twitter:card\" content=\"summary_large_image\" \/>\n<meta name=\"twitter:label1\" content=\"Est. reading time\" \/>\n\t<meta name=\"twitter:data1\" content=\"1 minute\" \/>\n<script type=\"application\/ld+json\" class=\"yoast-schema-graph\">{\"@context\":\"https:\/\/schema.org\",\"@graph\":[{\"@type\":\"WebPage\",\"@id\":\"https:\/\/tedsandtails.de\/produkt\/hugsmart-shaky-hotdog-hundespielzeug\/\",\"url\":\"https:\/\/tedsandtails.de\/produkt\/hugsmart-shaky-hotdog-hundespielzeug\/\",\"name\":\"HugSmart Shaky HotDog \u2013 Kuscheliges Hundespielzeug\",\"isPartOf\":{\"@id\":\"https:\/\/tedsandtails.de\/#website\"},\"datePublished\":\"2025-06-30T15:54:33+00:00\",\"dateModified\":\"2026-01-27T11:39:54+00:00\",\"description\":\"Lustiges HotDog Hundespielzeug aus weichem Pl\u00fcsch mit Quietschie. F\u00fcr kleine bis mittelgro\u00dfe Hunde. Perfekt zum Kauen und Spielen.\",\"breadcrumb\":{\"@id\":\"https:\/\/tedsandtails.de\/produkt\/hugsmart-shaky-hotdog-hundespielzeug\/#breadcrumb\"},\"inLanguage\":\"en-GB\",\"potentialAction\":[{\"@type\":\"ReadAction\",\"target\":[\"https:\/\/tedsandtails.de\/produkt\/hugsmart-shaky-hotdog-hundespielzeug\/\"]}]},{\"@type\":\"BreadcrumbList\",\"@id\":\"https:\/\/tedsandtails.de\/produkt\/hugsmart-shaky-hotdog-hundespielzeug\/#breadcrumb\",\"itemListElement\":[{\"@type\":\"ListItem\",\"position\":1,\"name\":\"Startseite\",\"item\":\"https:\/\/tedsandtails.de\/\"},{\"@type\":\"ListItem\",\"position\":2,\"name\":\"Shop\",\"item\":\"https:\/\/tedsandtails.de\/shop\/\"},{\"@type\":\"ListItem\",\"position\":3,\"name\":\"Hundespielzeug &#8211; Food Party &#8211; Shaky HotDog\"}]},{\"@type\":\"WebSite\",\"@id\":\"https:\/\/tedsandtails.de\/#website\",\"url\":\"https:\/\/tedsandtails.de\/\",\"name\":\"TED&#039;S &amp; TAILS\",\"description\":\"\",\"publisher\":{\"@id\":\"https:\/\/tedsandtails.de\/#organization\"},\"potentialAction\":[{\"@type\":\"SearchAction\",\"target\":{\"@type\":\"EntryPoint\",\"urlTemplate\":\"https:\/\/tedsandtails.de\/?s={search_term_string}\"},\"query-input\":\"required name=search_term_string\"}],\"inLanguage\":\"en-GB\"},{\"@type\":\"Organization\",\"@id\":\"https:\/\/tedsandtails.de\/#organization\",\"name\":\"TED&#039;S &amp; TAILS\",\"url\":\"https:\/\/tedsandtails.de\/\",\"logo\":{\"@type\":\"ImageObject\",\"inLanguage\":\"en-GB\",\"@id\":\"https:\/\/tedsandtails.de\/#\/schema\/logo\/image\/\",\"url\":\"https:\/\/tedsandtails.de\/wp-content\/uploads\/2022\/09\/Teddys-5.png\",\"contentUrl\":\"https:\/\/tedsandtails.de\/wp-content\/uploads\/2022\/09\/Teddys-5.png\",\"width\":1080,\"height\":1080,\"caption\":\"TED&#039;S &amp; TAILS\"},\"image\":{\"@id\":\"https:\/\/tedsandtails.de\/#\/schema\/logo\/image\/\"}}]}<\/script>\n<!-- \/ Yoast SEO plugin. -->","yoast_head_json":{"title":"HugSmart Shaky HotDog \u2013 Kuscheliges Hundespielzeug","description":"Lustiges HotDog Hundespielzeug aus weichem Pl\u00fcsch mit Quietschie. F\u00fcr kleine bis mittelgro\u00dfe Hunde. Perfekt zum Kauen und Spielen.","robots":{"index":"index","follow":"follow","max-snippet":"max-snippet:-1","max-image-preview":"max-image-preview:large","max-video-preview":"max-video-preview:-1"},"canonical":"https:\/\/tedsandtails.de\/en\/product\/hugsmart-shaky-hotdog-hundespielzeug\/","og_locale":"en_GB","og_type":"article","og_title":"HugSmart Shaky HotDog \u2013 Kuscheliges Hundespielzeug","og_description":"Lustiges HotDog Hundespielzeug aus weichem Pl\u00fcsch mit Quietschie. F\u00fcr kleine bis mittelgro\u00dfe Hunde. Perfekt zum Kauen und Spielen.","og_url":"https:\/\/tedsandtails.de\/en\/product\/hugsmart-shaky-hotdog-hundespielzeug\/","og_site_name":"TED&#039;S &amp; TAILS","article_modified_time":"2026-01-27T11:39:54+00:00","og_image":[{"width":600,"height":600,"url":"https:\/\/tedsandtails.de\/wp-content\/uploads\/2025\/06\/HS10624-1.jpg","type":"image\/jpeg"}],"twitter_card":"summary_large_image","twitter_misc":{"Est. reading time":"1 minute"},"schema":{"@context":"https:\/\/schema.org","@graph":[{"@type":"WebPage","@id":"https:\/\/tedsandtails.de\/produkt\/hugsmart-shaky-hotdog-hundespielzeug\/","url":"https:\/\/tedsandtails.de\/produkt\/hugsmart-shaky-hotdog-hundespielzeug\/","name":"HugSmart Shaky HotDog \u2013 Kuscheliges Hundespielzeug","isPartOf":{"@id":"https:\/\/tedsandtails.de\/#website"},"datePublished":"2025-06-30T15:54:33+00:00","dateModified":"2026-01-27T11:39:54+00:00","description":"Lustiges HotDog Hundespielzeug aus weichem Pl\u00fcsch mit Quietschie. F\u00fcr kleine bis mittelgro\u00dfe Hunde. Perfekt zum Kauen und Spielen.","breadcrumb":{"@id":"https:\/\/tedsandtails.de\/produkt\/hugsmart-shaky-hotdog-hundespielzeug\/#breadcrumb"},"inLanguage":"en-GB","potentialAction":[{"@type":"ReadAction","target":["https:\/\/tedsandtails.de\/produkt\/hugsmart-shaky-hotdog-hundespielzeug\/"]}]},{"@type":"BreadcrumbList","@id":"https:\/\/tedsandtails.de\/produkt\/hugsmart-shaky-hotdog-hundespielzeug\/#breadcrumb","itemListElement":[{"@type":"ListItem","position":1,"name":"Startseite","item":"https:\/\/tedsandtails.de\/"},{"@type":"ListItem","position":2,"name":"Shop","item":"https:\/\/tedsandtails.de\/shop\/"},{"@type":"ListItem","position":3,"name":"Hundespielzeug &#8211; Food Party &#8211; Shaky HotDog"}]},{"@type":"WebSite","@id":"https:\/\/tedsandtails.de\/#website","url":"https:\/\/tedsandtails.de\/","name":"TED&#039;S &amp; TAILS","description":"","publisher":{"@id":"https:\/\/tedsandtails.de\/#organization"},"potentialAction":[{"@type":"SearchAction","target":{"@type":"EntryPoint","urlTemplate":"https:\/\/tedsandtails.de\/?s={search_term_string}"},"query-input":"required name=search_term_string"}],"inLanguage":"en-GB"},{"@type":"Organization","@id":"https:\/\/tedsandtails.de\/#organization","name":"TED&#039;S &amp; TAILS","url":"https:\/\/tedsandtails.de\/","logo":{"@type":"ImageObject","inLanguage":"en-GB","@id":"https:\/\/tedsandtails.de\/#\/schema\/logo\/image\/","url":"https:\/\/tedsandtails.de\/wp-content\/uploads\/2022\/09\/Teddys-5.png","contentUrl":"https:\/\/tedsandtails.de\/wp-content\/uploads\/2022\/09\/Teddys-5.png","width":1080,"height":1080,"caption":"TED&#039;S &amp; TAILS"},"image":{"@id":"https:\/\/tedsandtails.de\/#\/schema\/logo\/image\/"}}]}},"_links":{"self":[{"href":"https:\/\/tedsandtails.de\/en\/wp-json\/wp\/v2\/product\/6954","targetHints":{"allow":["GET"]}}],"collection":[{"href":"https:\/\/tedsandtails.de\/en\/wp-json\/wp\/v2\/product"}],"about":[{"href":"https:\/\/tedsandtails.de\/en\/wp-json\/wp\/v2\/types\/product"}],"replies":[{"embeddable":true,"href":"https:\/\/tedsandtails.de\/en\/wp-json\/wp\/v2\/comments?post=6954"}],"wp:featuredmedia":[{"embeddable":true,"href":"https:\/\/tedsandtails.de\/en\/wp-json\/wp\/v2\/media\/6955"}],"wp:attachment":[{"href":"https:\/\/tedsandtails.de\/en\/wp-json\/wp\/v2\/media?parent=6954"}],"wp:term":[{"taxonomy":"product_cat","embeddable":true,"href":"https:\/\/tedsandtails.de\/en\/wp-json\/wp\/v2\/product_cat?post=6954"},{"taxonomy":"product_tag","embeddable":true,"href":"https:\/\/tedsandtails.de\/en\/wp-json\/wp\/v2\/product_tag?post=6954"}],"curies":[{"name":"wp","href":"https:\/\/api.w.org\/{rel}","templated":true}]}}