{"id":6957,"date":"2025-06-30T18:01:37","date_gmt":"2025-06-30T16:01:37","guid":{"rendered":"https:\/\/tedsandtails.de\/?post_type=product&#038;p=6957"},"modified":"2026-01-27T12:41:00","modified_gmt":"2026-01-27T11:41:00","slug":"hugsmart-shaky-sandwich-hundespielzeug","status":"publish","type":"product","link":"https:\/\/tedsandtails.de\/en\/product\/hugsmart-shaky-sandwich-hundespielzeug\/","title":{"rendered":"Hundespielzeug &#8211; Food Party \u2013 Shaky Sandwich"},"content":{"rendered":"<p data-start=\"669\" data-end=\"908\">Dieses leckere Hundespielzeug sieht aus wie ein unwiderstehliches Sandwich mit Salat, Tomate und K\u00e4se. Sch\u00fctteln Sie den Shaky Sandwich und h\u00f6ren Sie das fr\u00f6hliche Quietschen! Ideal f\u00fcr Hunde, die gerne mit Ger\u00e4uschen und Bewegung spielen.<\/p>\n<p data-start=\"910\" data-end=\"1085\">Die verschiedenen Texturen laden zum Kauen, Sch\u00fctteln und Entdecken ein. So hat Ihr Vierbeiner stundenlangen Spielspa\u00df mit seinem Lieblingssnack \u2013 ohne dass er jemals ausgeht!<\/p>\n<p data-start=\"1087\" data-end=\"1266\">\u2714 Mit integriertem Quietschie f\u00fcr mehr Spielspa\u00df<br data-start=\"1135\" data-end=\"1138\" \/>\u2714 Unterschiedliche Texturen f\u00fcr abwechslungsreiches Kauvergn\u00fcgen<br data-start=\"1202\" data-end=\"1205\" \/>\u2714 F\u00fcr kleine bis mittelgro\u00dfe Hunde<br data-start=\"1239\" data-end=\"1242\" \/>\u2714 Ma\u00dfe: 29 \u00d7 10 \u00d7 7 cm<\/p>","protected":false},"excerpt":{"rendered":"<p>Dieses leckere Hundespielzeug sieht aus wie ein unwiderstehliches Sandwich mit Salat, Tomate und K\u00e4se. Sch\u00fctteln Sie den Shaky Sandwich und h\u00f6ren Sie das fr\u00f6hliche Quietschen! Ideal f\u00fcr Hunde, die gerne mit Ger\u00e4uschen und Bewegung spielen. Die verschiedenen Texturen laden zum Kauen, Sch\u00fctteln und Entdecken ein. So hat Ihr Vierbeiner stundenlangen Spielspa\u00df mit seinem Lieblingssnack \u2013 [&hellip;]<\/p>","protected":false},"featured_media":6958,"comment_status":"open","ping_status":"closed","template":"","meta":[],"product_cat":[132],"product_tag":[],"class_list":{"0":"post-6957","1":"product","2":"type-product","3":"status-publish","4":"has-post-thumbnail","6":"product_cat-hundespielzeuge","8":"first","9":"instock","10":"shipping-taxable","11":"purchasable","12":"product-type-simple"},"yoast_head":"<!-- This site is optimized with the Yoast SEO plugin v20.12 - https:\/\/yoast.com\/wordpress\/plugins\/seo\/ -->\n<title>HugSmart Shaky Sandwich \u2013 Lustiges Hundespielzeug<\/title>\n<meta name=\"description\" content=\"Knuspriges Sandwich-Spielzeug mit Quietschie und verschiedenen Texturen. Perfekt f\u00fcr kleine bis mittelgro\u00dfe Hunde, die gern kauen und spielen.\" \/>\n<meta name=\"robots\" content=\"index, follow, max-snippet:-1, max-image-preview:large, max-video-preview:-1\" \/>\n<link rel=\"canonical\" href=\"https:\/\/tedsandtails.de\/en\/product\/hugsmart-shaky-sandwich-hundespielzeug\/\" \/>\n<meta property=\"og:locale\" content=\"en_GB\" \/>\n<meta property=\"og:type\" content=\"article\" \/>\n<meta property=\"og:title\" content=\"HugSmart Shaky Sandwich \u2013 Lustiges Hundespielzeug\" \/>\n<meta property=\"og:description\" content=\"Knuspriges Sandwich-Spielzeug mit Quietschie und verschiedenen Texturen. Perfekt f\u00fcr kleine bis mittelgro\u00dfe Hunde, die gern kauen und spielen.\" \/>\n<meta property=\"og:url\" content=\"https:\/\/tedsandtails.de\/en\/product\/hugsmart-shaky-sandwich-hundespielzeug\/\" \/>\n<meta property=\"og:site_name\" content=\"TED&#039;S &amp; TAILS\" \/>\n<meta property=\"article:modified_time\" content=\"2026-01-27T11:41:00+00:00\" \/>\n<meta property=\"og:image\" content=\"https:\/\/tedsandtails.de\/wp-content\/uploads\/2025\/06\/HS10623-1-2.jpg\" \/>\n\t<meta property=\"og:image:width\" content=\"600\" \/>\n\t<meta property=\"og:image:height\" content=\"600\" \/>\n\t<meta property=\"og:image:type\" content=\"image\/jpeg\" \/>\n<meta name=\"twitter:card\" content=\"summary_large_image\" \/>\n<meta name=\"twitter:label1\" content=\"Est. reading time\" \/>\n\t<meta name=\"twitter:data1\" content=\"1 minute\" \/>\n<script type=\"application\/ld+json\" class=\"yoast-schema-graph\">{\"@context\":\"https:\/\/schema.org\",\"@graph\":[{\"@type\":\"WebPage\",\"@id\":\"https:\/\/tedsandtails.de\/produkt\/hugsmart-shaky-sandwich-hundespielzeug\/\",\"url\":\"https:\/\/tedsandtails.de\/produkt\/hugsmart-shaky-sandwich-hundespielzeug\/\",\"name\":\"HugSmart Shaky Sandwich \u2013 Lustiges Hundespielzeug\",\"isPartOf\":{\"@id\":\"https:\/\/tedsandtails.de\/#website\"},\"datePublished\":\"2025-06-30T16:01:37+00:00\",\"dateModified\":\"2026-01-27T11:41:00+00:00\",\"description\":\"Knuspriges Sandwich-Spielzeug mit Quietschie und verschiedenen Texturen. Perfekt f\u00fcr kleine bis mittelgro\u00dfe Hunde, die gern kauen und spielen.\",\"breadcrumb\":{\"@id\":\"https:\/\/tedsandtails.de\/produkt\/hugsmart-shaky-sandwich-hundespielzeug\/#breadcrumb\"},\"inLanguage\":\"en-GB\",\"potentialAction\":[{\"@type\":\"ReadAction\",\"target\":[\"https:\/\/tedsandtails.de\/produkt\/hugsmart-shaky-sandwich-hundespielzeug\/\"]}]},{\"@type\":\"BreadcrumbList\",\"@id\":\"https:\/\/tedsandtails.de\/produkt\/hugsmart-shaky-sandwich-hundespielzeug\/#breadcrumb\",\"itemListElement\":[{\"@type\":\"ListItem\",\"position\":1,\"name\":\"Startseite\",\"item\":\"https:\/\/tedsandtails.de\/\"},{\"@type\":\"ListItem\",\"position\":2,\"name\":\"Shop\",\"item\":\"https:\/\/tedsandtails.de\/shop\/\"},{\"@type\":\"ListItem\",\"position\":3,\"name\":\"Hundespielzeug &#8211; Food Party \u2013 Shaky Sandwich\"}]},{\"@type\":\"WebSite\",\"@id\":\"https:\/\/tedsandtails.de\/#website\",\"url\":\"https:\/\/tedsandtails.de\/\",\"name\":\"TED&#039;S &amp; TAILS\",\"description\":\"\",\"publisher\":{\"@id\":\"https:\/\/tedsandtails.de\/#organization\"},\"potentialAction\":[{\"@type\":\"SearchAction\",\"target\":{\"@type\":\"EntryPoint\",\"urlTemplate\":\"https:\/\/tedsandtails.de\/?s={search_term_string}\"},\"query-input\":\"required name=search_term_string\"}],\"inLanguage\":\"en-GB\"},{\"@type\":\"Organization\",\"@id\":\"https:\/\/tedsandtails.de\/#organization\",\"name\":\"TED&#039;S &amp; TAILS\",\"url\":\"https:\/\/tedsandtails.de\/\",\"logo\":{\"@type\":\"ImageObject\",\"inLanguage\":\"en-GB\",\"@id\":\"https:\/\/tedsandtails.de\/#\/schema\/logo\/image\/\",\"url\":\"https:\/\/tedsandtails.de\/wp-content\/uploads\/2022\/09\/Teddys-5.png\",\"contentUrl\":\"https:\/\/tedsandtails.de\/wp-content\/uploads\/2022\/09\/Teddys-5.png\",\"width\":1080,\"height\":1080,\"caption\":\"TED&#039;S &amp; TAILS\"},\"image\":{\"@id\":\"https:\/\/tedsandtails.de\/#\/schema\/logo\/image\/\"}}]}<\/script>\n<!-- \/ Yoast SEO plugin. -->","yoast_head_json":{"title":"HugSmart Shaky Sandwich \u2013 Lustiges Hundespielzeug","description":"Knuspriges Sandwich-Spielzeug mit Quietschie und verschiedenen Texturen. Perfekt f\u00fcr kleine bis mittelgro\u00dfe Hunde, die gern kauen und spielen.","robots":{"index":"index","follow":"follow","max-snippet":"max-snippet:-1","max-image-preview":"max-image-preview:large","max-video-preview":"max-video-preview:-1"},"canonical":"https:\/\/tedsandtails.de\/en\/product\/hugsmart-shaky-sandwich-hundespielzeug\/","og_locale":"en_GB","og_type":"article","og_title":"HugSmart Shaky Sandwich \u2013 Lustiges Hundespielzeug","og_description":"Knuspriges Sandwich-Spielzeug mit Quietschie und verschiedenen Texturen. Perfekt f\u00fcr kleine bis mittelgro\u00dfe Hunde, die gern kauen und spielen.","og_url":"https:\/\/tedsandtails.de\/en\/product\/hugsmart-shaky-sandwich-hundespielzeug\/","og_site_name":"TED&#039;S &amp; TAILS","article_modified_time":"2026-01-27T11:41:00+00:00","og_image":[{"width":600,"height":600,"url":"https:\/\/tedsandtails.de\/wp-content\/uploads\/2025\/06\/HS10623-1-2.jpg","type":"image\/jpeg"}],"twitter_card":"summary_large_image","twitter_misc":{"Est. reading time":"1 minute"},"schema":{"@context":"https:\/\/schema.org","@graph":[{"@type":"WebPage","@id":"https:\/\/tedsandtails.de\/produkt\/hugsmart-shaky-sandwich-hundespielzeug\/","url":"https:\/\/tedsandtails.de\/produkt\/hugsmart-shaky-sandwich-hundespielzeug\/","name":"HugSmart Shaky Sandwich \u2013 Lustiges Hundespielzeug","isPartOf":{"@id":"https:\/\/tedsandtails.de\/#website"},"datePublished":"2025-06-30T16:01:37+00:00","dateModified":"2026-01-27T11:41:00+00:00","description":"Knuspriges Sandwich-Spielzeug mit Quietschie und verschiedenen Texturen. Perfekt f\u00fcr kleine bis mittelgro\u00dfe Hunde, die gern kauen und spielen.","breadcrumb":{"@id":"https:\/\/tedsandtails.de\/produkt\/hugsmart-shaky-sandwich-hundespielzeug\/#breadcrumb"},"inLanguage":"en-GB","potentialAction":[{"@type":"ReadAction","target":["https:\/\/tedsandtails.de\/produkt\/hugsmart-shaky-sandwich-hundespielzeug\/"]}]},{"@type":"BreadcrumbList","@id":"https:\/\/tedsandtails.de\/produkt\/hugsmart-shaky-sandwich-hundespielzeug\/#breadcrumb","itemListElement":[{"@type":"ListItem","position":1,"name":"Startseite","item":"https:\/\/tedsandtails.de\/"},{"@type":"ListItem","position":2,"name":"Shop","item":"https:\/\/tedsandtails.de\/shop\/"},{"@type":"ListItem","position":3,"name":"Hundespielzeug &#8211; Food Party \u2013 Shaky Sandwich"}]},{"@type":"WebSite","@id":"https:\/\/tedsandtails.de\/#website","url":"https:\/\/tedsandtails.de\/","name":"TED&#039;S &amp; TAILS","description":"","publisher":{"@id":"https:\/\/tedsandtails.de\/#organization"},"potentialAction":[{"@type":"SearchAction","target":{"@type":"EntryPoint","urlTemplate":"https:\/\/tedsandtails.de\/?s={search_term_string}"},"query-input":"required name=search_term_string"}],"inLanguage":"en-GB"},{"@type":"Organization","@id":"https:\/\/tedsandtails.de\/#organization","name":"TED&#039;S &amp; TAILS","url":"https:\/\/tedsandtails.de\/","logo":{"@type":"ImageObject","inLanguage":"en-GB","@id":"https:\/\/tedsandtails.de\/#\/schema\/logo\/image\/","url":"https:\/\/tedsandtails.de\/wp-content\/uploads\/2022\/09\/Teddys-5.png","contentUrl":"https:\/\/tedsandtails.de\/wp-content\/uploads\/2022\/09\/Teddys-5.png","width":1080,"height":1080,"caption":"TED&#039;S &amp; TAILS"},"image":{"@id":"https:\/\/tedsandtails.de\/#\/schema\/logo\/image\/"}}]}},"_links":{"self":[{"href":"https:\/\/tedsandtails.de\/en\/wp-json\/wp\/v2\/product\/6957","targetHints":{"allow":["GET"]}}],"collection":[{"href":"https:\/\/tedsandtails.de\/en\/wp-json\/wp\/v2\/product"}],"about":[{"href":"https:\/\/tedsandtails.de\/en\/wp-json\/wp\/v2\/types\/product"}],"replies":[{"embeddable":true,"href":"https:\/\/tedsandtails.de\/en\/wp-json\/wp\/v2\/comments?post=6957"}],"wp:featuredmedia":[{"embeddable":true,"href":"https:\/\/tedsandtails.de\/en\/wp-json\/wp\/v2\/media\/6958"}],"wp:attachment":[{"href":"https:\/\/tedsandtails.de\/en\/wp-json\/wp\/v2\/media?parent=6957"}],"wp:term":[{"taxonomy":"product_cat","embeddable":true,"href":"https:\/\/tedsandtails.de\/en\/wp-json\/wp\/v2\/product_cat?post=6957"},{"taxonomy":"product_tag","embeddable":true,"href":"https:\/\/tedsandtails.de\/en\/wp-json\/wp\/v2\/product_tag?post=6957"}],"curies":[{"name":"wp","href":"https:\/\/api.w.org\/{rel}","templated":true}]}}