{"id":6960,"date":"2025-07-01T09:54:46","date_gmt":"2025-07-01T07:54:46","guid":{"rendered":"https:\/\/tedsandtails.de\/?post_type=product&#038;p=6960"},"modified":"2026-01-27T12:49:03","modified_gmt":"2026-01-27T11:49:03","slug":"hugsmart-banana-split-hundespielzeug","status":"publish","type":"product","link":"https:\/\/tedsandtails.de\/en\/product\/hugsmart-banana-split-hundespielzeug\/","title":{"rendered":"Hundespielzeug &#8211; HugSmart Banana Split"},"content":{"rendered":"<p data-start=\"663\" data-end=\"937\">Der HugSmart Banana Split aus der fr\u00f6hlichen Food Party Kollektion ist ein unwiderstehliches Pl\u00fcschspielzeug, das wie ein sommerliches Dessert aussieht. Mit einer weichen Banane, bunten Toppings und einem versteckten Quietschie sorgt dieses Spielzeug f\u00fcr endlosen Spielspa\u00df.<\/p>\n<p data-start=\"939\" data-end=\"1099\">Gefertigt aus robustem, aber weichem Pl\u00fcsch, ist es perfekt zum Kuscheln, Kauen oder Werfen. Die kompakte Gr\u00f6\u00dfe macht es ideal f\u00fcr kleine bis mittelgro\u00dfe Hunde.<\/p>\n<p data-start=\"1101\" data-end=\"1370\">\u2714 Mit integriertem Quietschie f\u00fcr aktive Spiele<br data-start=\"1148\" data-end=\"1151\" \/>\u2714 Robustes und sicheres Design ohne lose Teile<br data-start=\"1197\" data-end=\"1200\" \/>\u2714 Weicher Pl\u00fcsch \u2013 ideal zum Kauen und Kuscheln<br data-start=\"1260\" data-end=\"1263\" \/>\u2714 Einzigartiges Dessert-Design \u2013 bunte Bereicherung f\u00fcr die Spielzeugsammlung<br data-start=\"1340\" data-end=\"1343\" \/>\u2714 Ma\u00dfe: 33 x 12,7 x 16 cm<\/p>","protected":false},"excerpt":{"rendered":"<p>Der HugSmart Banana Split aus der fr\u00f6hlichen Food Party Kollektion ist ein unwiderstehliches Pl\u00fcschspielzeug, das wie ein sommerliches Dessert aussieht. Mit einer weichen Banane, bunten Toppings und einem versteckten Quietschie sorgt dieses Spielzeug f\u00fcr endlosen Spielspa\u00df. Gefertigt aus robustem, aber weichem Pl\u00fcsch, ist es perfekt zum Kuscheln, Kauen oder Werfen. Die kompakte Gr\u00f6\u00dfe macht es [&hellip;]<\/p>","protected":false},"featured_media":6961,"comment_status":"open","ping_status":"closed","template":"","meta":[],"product_cat":[132],"product_tag":[],"class_list":{"0":"post-6960","1":"product","2":"type-product","3":"status-publish","4":"has-post-thumbnail","6":"product_cat-hundespielzeuge","8":"first","9":"instock","10":"shipping-taxable","11":"purchasable","12":"product-type-simple"},"yoast_head":"<!-- This site is optimized with the Yoast SEO plugin v20.12 - https:\/\/yoast.com\/wordpress\/plugins\/seo\/ -->\n<title>HugSmart Banana Split \u2013 Pl\u00fcschspielzeug f\u00fcr Hunde<\/title>\n<meta name=\"description\" content=\"HugSmart Banana Split \u2013 weiches Pl\u00fcschspielzeug mit Quietschie, ideal f\u00fcr kleine bis mittelgro\u00dfe Hunde. Perfekt zum Kuscheln, Kauen und Spielen.\" \/>\n<meta name=\"robots\" content=\"index, follow, max-snippet:-1, max-image-preview:large, max-video-preview:-1\" \/>\n<link rel=\"canonical\" href=\"https:\/\/tedsandtails.de\/en\/product\/hugsmart-banana-split-hundespielzeug\/\" \/>\n<meta property=\"og:locale\" content=\"en_GB\" \/>\n<meta property=\"og:type\" content=\"article\" \/>\n<meta property=\"og:title\" content=\"HugSmart Banana Split \u2013 Pl\u00fcschspielzeug f\u00fcr Hunde\" \/>\n<meta property=\"og:description\" content=\"HugSmart Banana Split \u2013 weiches Pl\u00fcschspielzeug mit Quietschie, ideal f\u00fcr kleine bis mittelgro\u00dfe Hunde. Perfekt zum Kuscheln, Kauen und Spielen.\" \/>\n<meta property=\"og:url\" content=\"https:\/\/tedsandtails.de\/en\/product\/hugsmart-banana-split-hundespielzeug\/\" \/>\n<meta property=\"og:site_name\" content=\"TED&#039;S &amp; TAILS\" \/>\n<meta property=\"article:modified_time\" content=\"2026-01-27T11:49:03+00:00\" \/>\n<meta property=\"og:image\" content=\"https:\/\/tedsandtails.de\/wp-content\/uploads\/2025\/06\/HS10650-1.jpg\" \/>\n\t<meta property=\"og:image:width\" content=\"600\" \/>\n\t<meta property=\"og:image:height\" content=\"600\" \/>\n\t<meta property=\"og:image:type\" content=\"image\/jpeg\" \/>\n<meta name=\"twitter:card\" content=\"summary_large_image\" \/>\n<meta name=\"twitter:label1\" content=\"Est. reading time\" \/>\n\t<meta name=\"twitter:data1\" content=\"1 minute\" \/>\n<script type=\"application\/ld+json\" class=\"yoast-schema-graph\">{\"@context\":\"https:\/\/schema.org\",\"@graph\":[{\"@type\":\"WebPage\",\"@id\":\"https:\/\/tedsandtails.de\/produkt\/hugsmart-banana-split-hundespielzeug\/\",\"url\":\"https:\/\/tedsandtails.de\/produkt\/hugsmart-banana-split-hundespielzeug\/\",\"name\":\"HugSmart Banana Split \u2013 Pl\u00fcschspielzeug f\u00fcr Hunde\",\"isPartOf\":{\"@id\":\"https:\/\/tedsandtails.de\/#website\"},\"datePublished\":\"2025-07-01T07:54:46+00:00\",\"dateModified\":\"2026-01-27T11:49:03+00:00\",\"description\":\"HugSmart Banana Split \u2013 weiches Pl\u00fcschspielzeug mit Quietschie, ideal f\u00fcr kleine bis mittelgro\u00dfe Hunde. Perfekt zum Kuscheln, Kauen und Spielen.\",\"breadcrumb\":{\"@id\":\"https:\/\/tedsandtails.de\/produkt\/hugsmart-banana-split-hundespielzeug\/#breadcrumb\"},\"inLanguage\":\"en-GB\",\"potentialAction\":[{\"@type\":\"ReadAction\",\"target\":[\"https:\/\/tedsandtails.de\/produkt\/hugsmart-banana-split-hundespielzeug\/\"]}]},{\"@type\":\"BreadcrumbList\",\"@id\":\"https:\/\/tedsandtails.de\/produkt\/hugsmart-banana-split-hundespielzeug\/#breadcrumb\",\"itemListElement\":[{\"@type\":\"ListItem\",\"position\":1,\"name\":\"Startseite\",\"item\":\"https:\/\/tedsandtails.de\/\"},{\"@type\":\"ListItem\",\"position\":2,\"name\":\"Shop\",\"item\":\"https:\/\/tedsandtails.de\/shop\/\"},{\"@type\":\"ListItem\",\"position\":3,\"name\":\"Hundespielzeug &#8211; HugSmart Banana Split\"}]},{\"@type\":\"WebSite\",\"@id\":\"https:\/\/tedsandtails.de\/#website\",\"url\":\"https:\/\/tedsandtails.de\/\",\"name\":\"TED&#039;S &amp; TAILS\",\"description\":\"\",\"publisher\":{\"@id\":\"https:\/\/tedsandtails.de\/#organization\"},\"potentialAction\":[{\"@type\":\"SearchAction\",\"target\":{\"@type\":\"EntryPoint\",\"urlTemplate\":\"https:\/\/tedsandtails.de\/?s={search_term_string}\"},\"query-input\":\"required name=search_term_string\"}],\"inLanguage\":\"en-GB\"},{\"@type\":\"Organization\",\"@id\":\"https:\/\/tedsandtails.de\/#organization\",\"name\":\"TED&#039;S &amp; TAILS\",\"url\":\"https:\/\/tedsandtails.de\/\",\"logo\":{\"@type\":\"ImageObject\",\"inLanguage\":\"en-GB\",\"@id\":\"https:\/\/tedsandtails.de\/#\/schema\/logo\/image\/\",\"url\":\"https:\/\/tedsandtails.de\/wp-content\/uploads\/2022\/09\/Teddys-5.png\",\"contentUrl\":\"https:\/\/tedsandtails.de\/wp-content\/uploads\/2022\/09\/Teddys-5.png\",\"width\":1080,\"height\":1080,\"caption\":\"TED&#039;S &amp; TAILS\"},\"image\":{\"@id\":\"https:\/\/tedsandtails.de\/#\/schema\/logo\/image\/\"}}]}<\/script>\n<!-- \/ Yoast SEO plugin. -->","yoast_head_json":{"title":"HugSmart Banana Split \u2013 Pl\u00fcschspielzeug f\u00fcr Hunde","description":"HugSmart Banana Split \u2013 weiches Pl\u00fcschspielzeug mit Quietschie, ideal f\u00fcr kleine bis mittelgro\u00dfe Hunde. Perfekt zum Kuscheln, Kauen und Spielen.","robots":{"index":"index","follow":"follow","max-snippet":"max-snippet:-1","max-image-preview":"max-image-preview:large","max-video-preview":"max-video-preview:-1"},"canonical":"https:\/\/tedsandtails.de\/en\/product\/hugsmart-banana-split-hundespielzeug\/","og_locale":"en_GB","og_type":"article","og_title":"HugSmart Banana Split \u2013 Pl\u00fcschspielzeug f\u00fcr Hunde","og_description":"HugSmart Banana Split \u2013 weiches Pl\u00fcschspielzeug mit Quietschie, ideal f\u00fcr kleine bis mittelgro\u00dfe Hunde. Perfekt zum Kuscheln, Kauen und Spielen.","og_url":"https:\/\/tedsandtails.de\/en\/product\/hugsmart-banana-split-hundespielzeug\/","og_site_name":"TED&#039;S &amp; TAILS","article_modified_time":"2026-01-27T11:49:03+00:00","og_image":[{"width":600,"height":600,"url":"https:\/\/tedsandtails.de\/wp-content\/uploads\/2025\/06\/HS10650-1.jpg","type":"image\/jpeg"}],"twitter_card":"summary_large_image","twitter_misc":{"Est. reading time":"1 minute"},"schema":{"@context":"https:\/\/schema.org","@graph":[{"@type":"WebPage","@id":"https:\/\/tedsandtails.de\/produkt\/hugsmart-banana-split-hundespielzeug\/","url":"https:\/\/tedsandtails.de\/produkt\/hugsmart-banana-split-hundespielzeug\/","name":"HugSmart Banana Split \u2013 Pl\u00fcschspielzeug f\u00fcr Hunde","isPartOf":{"@id":"https:\/\/tedsandtails.de\/#website"},"datePublished":"2025-07-01T07:54:46+00:00","dateModified":"2026-01-27T11:49:03+00:00","description":"HugSmart Banana Split \u2013 weiches Pl\u00fcschspielzeug mit Quietschie, ideal f\u00fcr kleine bis mittelgro\u00dfe Hunde. Perfekt zum Kuscheln, Kauen und Spielen.","breadcrumb":{"@id":"https:\/\/tedsandtails.de\/produkt\/hugsmart-banana-split-hundespielzeug\/#breadcrumb"},"inLanguage":"en-GB","potentialAction":[{"@type":"ReadAction","target":["https:\/\/tedsandtails.de\/produkt\/hugsmart-banana-split-hundespielzeug\/"]}]},{"@type":"BreadcrumbList","@id":"https:\/\/tedsandtails.de\/produkt\/hugsmart-banana-split-hundespielzeug\/#breadcrumb","itemListElement":[{"@type":"ListItem","position":1,"name":"Startseite","item":"https:\/\/tedsandtails.de\/"},{"@type":"ListItem","position":2,"name":"Shop","item":"https:\/\/tedsandtails.de\/shop\/"},{"@type":"ListItem","position":3,"name":"Hundespielzeug &#8211; HugSmart Banana Split"}]},{"@type":"WebSite","@id":"https:\/\/tedsandtails.de\/#website","url":"https:\/\/tedsandtails.de\/","name":"TED&#039;S &amp; TAILS","description":"","publisher":{"@id":"https:\/\/tedsandtails.de\/#organization"},"potentialAction":[{"@type":"SearchAction","target":{"@type":"EntryPoint","urlTemplate":"https:\/\/tedsandtails.de\/?s={search_term_string}"},"query-input":"required name=search_term_string"}],"inLanguage":"en-GB"},{"@type":"Organization","@id":"https:\/\/tedsandtails.de\/#organization","name":"TED&#039;S &amp; TAILS","url":"https:\/\/tedsandtails.de\/","logo":{"@type":"ImageObject","inLanguage":"en-GB","@id":"https:\/\/tedsandtails.de\/#\/schema\/logo\/image\/","url":"https:\/\/tedsandtails.de\/wp-content\/uploads\/2022\/09\/Teddys-5.png","contentUrl":"https:\/\/tedsandtails.de\/wp-content\/uploads\/2022\/09\/Teddys-5.png","width":1080,"height":1080,"caption":"TED&#039;S &amp; TAILS"},"image":{"@id":"https:\/\/tedsandtails.de\/#\/schema\/logo\/image\/"}}]}},"_links":{"self":[{"href":"https:\/\/tedsandtails.de\/en\/wp-json\/wp\/v2\/product\/6960","targetHints":{"allow":["GET"]}}],"collection":[{"href":"https:\/\/tedsandtails.de\/en\/wp-json\/wp\/v2\/product"}],"about":[{"href":"https:\/\/tedsandtails.de\/en\/wp-json\/wp\/v2\/types\/product"}],"replies":[{"embeddable":true,"href":"https:\/\/tedsandtails.de\/en\/wp-json\/wp\/v2\/comments?post=6960"}],"wp:featuredmedia":[{"embeddable":true,"href":"https:\/\/tedsandtails.de\/en\/wp-json\/wp\/v2\/media\/6961"}],"wp:attachment":[{"href":"https:\/\/tedsandtails.de\/en\/wp-json\/wp\/v2\/media?parent=6960"}],"wp:term":[{"taxonomy":"product_cat","embeddable":true,"href":"https:\/\/tedsandtails.de\/en\/wp-json\/wp\/v2\/product_cat?post=6960"},{"taxonomy":"product_tag","embeddable":true,"href":"https:\/\/tedsandtails.de\/en\/wp-json\/wp\/v2\/product_tag?post=6960"}],"curies":[{"name":"wp","href":"https:\/\/api.w.org\/{rel}","templated":true}]}}