{"id":7140,"date":"2025-07-07T14:36:35","date_gmt":"2025-07-07T12:36:35","guid":{"rendered":"https:\/\/tedsandtails.de\/?post_type=product&#038;p=7140"},"modified":"2026-03-06T12:25:46","modified_gmt":"2026-03-06T11:25:46","slug":"hundegeschirr-magical-moss","status":"publish","type":"product","link":"https:\/\/tedsandtails.de\/en\/product\/hundegeschirr-magical-moss\/","title":{"rendered":"Hundegeschirr &#8211; Magical Moss"},"content":{"rendered":"<p data-start=\"1074\" data-end=\"1149\"><strong data-start=\"1074\" data-end=\"1149\">Soft-Hundegeschirr in Magical Moss \u2013 Weich, leicht &amp; aus Cord gefertigt<\/strong><\/p>\n<p data-start=\"1151\" data-end=\"1327\">Du suchst ein stilvolles und komfortables Geschirr f\u00fcr deinen kleinen oder mittelgro\u00dfen Hund? Dann ist unser Soft-Hundegeschirr in Magical Moss genau das Richtige f\u00fcr euch!<\/p>\n<p data-start=\"1329\" data-end=\"1599\">Dieses Modell besteht aus hochwertigem Cordstoff, der nicht nur stylisch aussieht, sondern auch besonders weich und angenehm auf dem Hundefell liegt. Die gepolsterte Innenseite sorgt f\u00fcr zus\u00e4tzlichen Tragekomfort \u2013 perfekt f\u00fcr sensible Hunde oder lange Spazierg\u00e4nge.<\/p>\n<p data-start=\"1601\" data-end=\"1787\">Die Farbe Magical Moss ist ein sch\u00f6ner, nat\u00fcrlicher Gr\u00fcnton, der zu jeder Fellfarbe passt und sich wunderbar mit anderen Produkten aus der gleichnamigen Kollektion kombinieren l\u00e4sst. Die verstellbaren Riemen an Hals und Brust sorgen f\u00fcr einen guten Sitz und viel Bewegungsfreiheit.<\/p>\n<p data-start=\"2038\" data-end=\"2161\">Mix &amp; Match: Erg\u00e4nze den Look mit einer passenden Leine, Beuteltasche oder Halstuch aus der Magical Moss Kollektion.<\/p>\n<p data-start=\"2163\" data-end=\"2294\">Erh\u00e4ltlich in den Gr\u00f6\u00dfen: XS, S, M und L. Sieh dir unsere Gr\u00f6\u00dfentabelle an, um die passende Gr\u00f6\u00dfe f\u00fcr deinen Hund zu finden.<\/p>","protected":false},"excerpt":{"rendered":"<p>Soft-Hundegeschirr in Magical Moss \u2013 Weich, leicht &amp; aus Cord gefertigt Du suchst ein stilvolles und komfortables Geschirr f\u00fcr deinen kleinen oder mittelgro\u00dfen Hund? Dann ist unser Soft-Hundegeschirr in Magical Moss genau das Richtige f\u00fcr euch! Dieses Modell besteht aus hochwertigem Cordstoff, der nicht nur stylisch aussieht, sondern auch besonders weich und angenehm auf dem [&hellip;]<\/p>","protected":false},"featured_media":7318,"comment_status":"open","ping_status":"closed","template":"","meta":[],"product_cat":[18,170],"product_tag":[46,85,48,36,83,163,54,53,47,50,51,149,44,164,84,205,52],"class_list":{"0":"post-7140","1":"product","2":"type-product","3":"status-publish","4":"has-post-thumbnail","6":"product_cat-hundegeschirre","7":"product_cat-magical-moss","8":"product_tag-dog-accessories","9":"product_tag-dog-set","10":"product_tag-dogs","11":"product_tag-geschirr","12":"product_tag-geschirr-set","13":"product_tag-gruen","14":"product_tag-harnas","15":"product_tag-harness","16":"product_tag-honden","17":"product_tag-hondenaccessoires","18":"product_tag-hondentuigje","19":"product_tag-hundeaccessoires","20":"product_tag-hundezubehoer","21":"product_tag-magical-moss","22":"product_tag-set","23":"product_tag-softgeschirr","24":"product_tag-tuigje","26":"first","27":"instock","28":"shipping-taxable","29":"purchasable","30":"product-type-variable"},"yoast_head":"<!-- This site is optimized with the Yoast SEO plugin v20.12 - https:\/\/yoast.com\/wordpress\/plugins\/seo\/ -->\n<title>Soft-Hundegeschirr Magical Moss \u2013 Weiches Cordgeschirr XS\u2013L<\/title>\n<meta name=\"description\" content=\"Weiches Softgeschirr aus Cord in Magical Moss \u2013 bequemer Sitz &amp; stylischer Gr\u00fcnton. Perfekt f\u00fcr kleine &amp; mittelgro\u00dfe Hunde, in XS bis L erh\u00e4ltlich.\" \/>\n<meta name=\"robots\" content=\"index, follow, max-snippet:-1, max-image-preview:large, max-video-preview:-1\" \/>\n<link rel=\"canonical\" href=\"https:\/\/tedsandtails.de\/en\/product\/hundegeschirr-magical-moss\/\" \/>\n<meta property=\"og:locale\" content=\"en_GB\" \/>\n<meta property=\"og:type\" content=\"article\" \/>\n<meta property=\"og:title\" content=\"Soft-Hundegeschirr Magical Moss \u2013 Weiches Cordgeschirr XS\u2013L\" \/>\n<meta property=\"og:description\" content=\"Weiches Softgeschirr aus Cord in Magical Moss \u2013 bequemer Sitz &amp; stylischer Gr\u00fcnton. Perfekt f\u00fcr kleine &amp; mittelgro\u00dfe Hunde, in XS bis L erh\u00e4ltlich.\" \/>\n<meta property=\"og:url\" content=\"https:\/\/tedsandtails.de\/en\/product\/hundegeschirr-magical-moss\/\" \/>\n<meta property=\"og:site_name\" content=\"TED&#039;S &amp; TAILS\" \/>\n<meta property=\"article:modified_time\" content=\"2026-03-06T11:25:46+00:00\" \/>\n<meta property=\"og:image\" content=\"https:\/\/tedsandtails.de\/wp-content\/uploads\/2025\/08\/4g1a7689-scaled.jpeg\" \/>\n\t<meta property=\"og:image:width\" content=\"1707\" \/>\n\t<meta property=\"og:image:height\" content=\"2560\" \/>\n\t<meta property=\"og:image:type\" content=\"image\/jpeg\" \/>\n<meta name=\"twitter:card\" content=\"summary_large_image\" \/>\n<meta name=\"twitter:label1\" content=\"Est. reading time\" \/>\n\t<meta name=\"twitter:data1\" content=\"1 minute\" \/>\n<script type=\"application\/ld+json\" class=\"yoast-schema-graph\">{\"@context\":\"https:\/\/schema.org\",\"@graph\":[{\"@type\":\"WebPage\",\"@id\":\"https:\/\/tedsandtails.de\/produkt\/hundegeschirr-magical-moss\/\",\"url\":\"https:\/\/tedsandtails.de\/produkt\/hundegeschirr-magical-moss\/\",\"name\":\"Soft-Hundegeschirr Magical Moss \u2013 Weiches Cordgeschirr XS\u2013L\",\"isPartOf\":{\"@id\":\"https:\/\/tedsandtails.de\/#website\"},\"datePublished\":\"2025-07-07T12:36:35+00:00\",\"dateModified\":\"2026-03-06T11:25:46+00:00\",\"description\":\"Weiches Softgeschirr aus Cord in Magical Moss \u2013 bequemer Sitz & stylischer Gr\u00fcnton. Perfekt f\u00fcr kleine & mittelgro\u00dfe Hunde, in XS bis L erh\u00e4ltlich.\",\"breadcrumb\":{\"@id\":\"https:\/\/tedsandtails.de\/produkt\/hundegeschirr-magical-moss\/#breadcrumb\"},\"inLanguage\":\"en-GB\",\"potentialAction\":[{\"@type\":\"ReadAction\",\"target\":[\"https:\/\/tedsandtails.de\/produkt\/hundegeschirr-magical-moss\/\"]}]},{\"@type\":\"BreadcrumbList\",\"@id\":\"https:\/\/tedsandtails.de\/produkt\/hundegeschirr-magical-moss\/#breadcrumb\",\"itemListElement\":[{\"@type\":\"ListItem\",\"position\":1,\"name\":\"Startseite\",\"item\":\"https:\/\/tedsandtails.de\/\"},{\"@type\":\"ListItem\",\"position\":2,\"name\":\"Shop\",\"item\":\"https:\/\/tedsandtails.de\/shop\/\"},{\"@type\":\"ListItem\",\"position\":3,\"name\":\"Hundegeschirr &#8211; Magical Moss\"}]},{\"@type\":\"WebSite\",\"@id\":\"https:\/\/tedsandtails.de\/#website\",\"url\":\"https:\/\/tedsandtails.de\/\",\"name\":\"TED&#039;S &amp; TAILS\",\"description\":\"\",\"publisher\":{\"@id\":\"https:\/\/tedsandtails.de\/#organization\"},\"potentialAction\":[{\"@type\":\"SearchAction\",\"target\":{\"@type\":\"EntryPoint\",\"urlTemplate\":\"https:\/\/tedsandtails.de\/?s={search_term_string}\"},\"query-input\":\"required name=search_term_string\"}],\"inLanguage\":\"en-GB\"},{\"@type\":\"Organization\",\"@id\":\"https:\/\/tedsandtails.de\/#organization\",\"name\":\"TED&#039;S &amp; TAILS\",\"url\":\"https:\/\/tedsandtails.de\/\",\"logo\":{\"@type\":\"ImageObject\",\"inLanguage\":\"en-GB\",\"@id\":\"https:\/\/tedsandtails.de\/#\/schema\/logo\/image\/\",\"url\":\"https:\/\/tedsandtails.de\/wp-content\/uploads\/2022\/09\/Teddys-5.png\",\"contentUrl\":\"https:\/\/tedsandtails.de\/wp-content\/uploads\/2022\/09\/Teddys-5.png\",\"width\":1080,\"height\":1080,\"caption\":\"TED&#039;S &amp; TAILS\"},\"image\":{\"@id\":\"https:\/\/tedsandtails.de\/#\/schema\/logo\/image\/\"}}]}<\/script>\n<!-- \/ Yoast SEO plugin. -->","yoast_head_json":{"title":"Soft-Hundegeschirr Magical Moss \u2013 Weiches Cordgeschirr XS\u2013L","description":"Weiches Softgeschirr aus Cord in Magical Moss \u2013 bequemer Sitz & stylischer Gr\u00fcnton. Perfekt f\u00fcr kleine & mittelgro\u00dfe Hunde, in XS bis L erh\u00e4ltlich.","robots":{"index":"index","follow":"follow","max-snippet":"max-snippet:-1","max-image-preview":"max-image-preview:large","max-video-preview":"max-video-preview:-1"},"canonical":"https:\/\/tedsandtails.de\/en\/product\/hundegeschirr-magical-moss\/","og_locale":"en_GB","og_type":"article","og_title":"Soft-Hundegeschirr Magical Moss \u2013 Weiches Cordgeschirr XS\u2013L","og_description":"Weiches Softgeschirr aus Cord in Magical Moss \u2013 bequemer Sitz & stylischer Gr\u00fcnton. Perfekt f\u00fcr kleine & mittelgro\u00dfe Hunde, in XS bis L erh\u00e4ltlich.","og_url":"https:\/\/tedsandtails.de\/en\/product\/hundegeschirr-magical-moss\/","og_site_name":"TED&#039;S &amp; TAILS","article_modified_time":"2026-03-06T11:25:46+00:00","og_image":[{"width":1707,"height":2560,"url":"https:\/\/tedsandtails.de\/wp-content\/uploads\/2025\/08\/4g1a7689-scaled.jpeg","type":"image\/jpeg"}],"twitter_card":"summary_large_image","twitter_misc":{"Est. reading time":"1 minute"},"schema":{"@context":"https:\/\/schema.org","@graph":[{"@type":"WebPage","@id":"https:\/\/tedsandtails.de\/produkt\/hundegeschirr-magical-moss\/","url":"https:\/\/tedsandtails.de\/produkt\/hundegeschirr-magical-moss\/","name":"Soft-Hundegeschirr Magical Moss \u2013 Weiches Cordgeschirr XS\u2013L","isPartOf":{"@id":"https:\/\/tedsandtails.de\/#website"},"datePublished":"2025-07-07T12:36:35+00:00","dateModified":"2026-03-06T11:25:46+00:00","description":"Weiches Softgeschirr aus Cord in Magical Moss \u2013 bequemer Sitz & stylischer Gr\u00fcnton. Perfekt f\u00fcr kleine & mittelgro\u00dfe Hunde, in XS bis L erh\u00e4ltlich.","breadcrumb":{"@id":"https:\/\/tedsandtails.de\/produkt\/hundegeschirr-magical-moss\/#breadcrumb"},"inLanguage":"en-GB","potentialAction":[{"@type":"ReadAction","target":["https:\/\/tedsandtails.de\/produkt\/hundegeschirr-magical-moss\/"]}]},{"@type":"BreadcrumbList","@id":"https:\/\/tedsandtails.de\/produkt\/hundegeschirr-magical-moss\/#breadcrumb","itemListElement":[{"@type":"ListItem","position":1,"name":"Startseite","item":"https:\/\/tedsandtails.de\/"},{"@type":"ListItem","position":2,"name":"Shop","item":"https:\/\/tedsandtails.de\/shop\/"},{"@type":"ListItem","position":3,"name":"Hundegeschirr &#8211; Magical Moss"}]},{"@type":"WebSite","@id":"https:\/\/tedsandtails.de\/#website","url":"https:\/\/tedsandtails.de\/","name":"TED&#039;S &amp; TAILS","description":"","publisher":{"@id":"https:\/\/tedsandtails.de\/#organization"},"potentialAction":[{"@type":"SearchAction","target":{"@type":"EntryPoint","urlTemplate":"https:\/\/tedsandtails.de\/?s={search_term_string}"},"query-input":"required name=search_term_string"}],"inLanguage":"en-GB"},{"@type":"Organization","@id":"https:\/\/tedsandtails.de\/#organization","name":"TED&#039;S &amp; TAILS","url":"https:\/\/tedsandtails.de\/","logo":{"@type":"ImageObject","inLanguage":"en-GB","@id":"https:\/\/tedsandtails.de\/#\/schema\/logo\/image\/","url":"https:\/\/tedsandtails.de\/wp-content\/uploads\/2022\/09\/Teddys-5.png","contentUrl":"https:\/\/tedsandtails.de\/wp-content\/uploads\/2022\/09\/Teddys-5.png","width":1080,"height":1080,"caption":"TED&#039;S &amp; TAILS"},"image":{"@id":"https:\/\/tedsandtails.de\/#\/schema\/logo\/image\/"}}]}},"_links":{"self":[{"href":"https:\/\/tedsandtails.de\/en\/wp-json\/wp\/v2\/product\/7140","targetHints":{"allow":["GET"]}}],"collection":[{"href":"https:\/\/tedsandtails.de\/en\/wp-json\/wp\/v2\/product"}],"about":[{"href":"https:\/\/tedsandtails.de\/en\/wp-json\/wp\/v2\/types\/product"}],"replies":[{"embeddable":true,"href":"https:\/\/tedsandtails.de\/en\/wp-json\/wp\/v2\/comments?post=7140"}],"wp:featuredmedia":[{"embeddable":true,"href":"https:\/\/tedsandtails.de\/en\/wp-json\/wp\/v2\/media\/7318"}],"wp:attachment":[{"href":"https:\/\/tedsandtails.de\/en\/wp-json\/wp\/v2\/media?parent=7140"}],"wp:term":[{"taxonomy":"product_cat","embeddable":true,"href":"https:\/\/tedsandtails.de\/en\/wp-json\/wp\/v2\/product_cat?post=7140"},{"taxonomy":"product_tag","embeddable":true,"href":"https:\/\/tedsandtails.de\/en\/wp-json\/wp\/v2\/product_tag?post=7140"}],"curies":[{"name":"wp","href":"https:\/\/api.w.org\/{rel}","templated":true}]}}