{"id":7145,"date":"2025-07-07T14:43:44","date_gmt":"2025-07-07T12:43:44","guid":{"rendered":"https:\/\/tedsandtails.de\/?post_type=product&#038;p=7145"},"modified":"2026-03-04T20:41:16","modified_gmt":"2026-03-04T19:41:16","slug":"hundeleine-magical-moss","status":"publish","type":"product","link":"https:\/\/tedsandtails.de\/en\/product\/hundeleine-magical-moss\/","title":{"rendered":"Hundeleine &#8211; Magical Moss"},"content":{"rendered":"<p data-start=\"827\" data-end=\"895\"><strong data-start=\"827\" data-end=\"895\">Hundeleine Magical Moss \u2013 Stylisch, robust &amp; in erdigem Moosgr\u00fcn<\/strong><\/p>\n<p data-start=\"897\" data-end=\"1117\">Du suchst eine hochwertige und modische Hundeleine, die den aktuellen Trends entspricht? Unsere Hundeleine aus der Magical Moss Kollektion in einem sch\u00f6nen, erdigen Moosgr\u00fcn, Magical Moss, ist genau das Richtige!<\/p>\n<p data-start=\"1119\" data-end=\"1345\">Gefertigt aus langlebigem und angenehm weichem Cordmaterial, bietet die Leine dir und deinem Hund Komfort und Sicherheit. Die goldenen, stabilen Metallringe und Clips sorgen f\u00fcr zuverl\u00e4ssigen Halt und einen edlen Look.<\/p>\n<p data-start=\"1347\" data-end=\"1467\">Mit den Ma\u00dfen 2 cm Breite und 150 cm L\u00e4nge ist diese Leine perfekt f\u00fcr Spazierg\u00e4nge und Training im Alltag geeignet.<\/p>\n<p data-start=\"1469\" data-end=\"1615\">Mix &amp; Match: Kombiniere diese Leine mit weiteren Accessoires aus der Magical Moss Kollektion, um den Look deines Hundes perfekt abzurunden.<\/p>\n<p data-start=\"1617\" data-end=\"1720\"><strong data-start=\"1617\" data-end=\"1640\">Verf\u00fcgbar in Gr\u00f6\u00dfe:<\/strong> M (2 cm x 150 cm)<\/p>\n<p>&nbsp;<\/p>","protected":false},"excerpt":{"rendered":"<p>Hundeleine Magical Moss \u2013 Stylisch, robust &amp; in erdigem Moosgr\u00fcn Du suchst eine hochwertige und modische Hundeleine, die den aktuellen Trends entspricht? Unsere Hundeleine aus der Magical Moss Kollektion in einem sch\u00f6nen, erdigen Moosgr\u00fcn, Magical Moss, ist genau das Richtige! Gefertigt aus langlebigem und angenehm weichem Cordmaterial, bietet die Leine dir und deinem Hund Komfort [&hellip;]<\/p>","protected":false},"featured_media":7302,"comment_status":"open","ping_status":"closed","template":"","meta":[],"product_cat":[19,170],"product_tag":[46,48,163,47,50,65,63,49,45,44,64,164],"class_list":{"0":"post-7145","1":"product","2":"type-product","3":"status-publish","4":"has-post-thumbnail","6":"product_cat-hundeleinen","7":"product_cat-magical-moss","8":"product_tag-dog-accessories","9":"product_tag-dogs","10":"product_tag-gruen","11":"product_tag-honden","12":"product_tag-hondenaccessoires","13":"product_tag-hondenlijn","14":"product_tag-hundeleine","15":"product_tag-hunden","16":"product_tag-hunden-accessoires","17":"product_tag-hundezubehoer","18":"product_tag-leash","19":"product_tag-magical-moss","21":"first","22":"instock","23":"shipping-taxable","24":"purchasable","25":"product-type-variable"},"yoast_head":"<!-- This site is optimized with the Yoast SEO plugin v20.12 - https:\/\/yoast.com\/wordpress\/plugins\/seo\/ -->\n<title>Hundeleine Magical Moss \u2013 Cord Leine in erdigem Moosgr\u00fcn<\/title>\n<meta name=\"description\" content=\"Stylische Hundeleine aus Cord in erdigem Moosgr\u00fcn mit goldenen Metallringen. Ma\u00dfe: 2 cm x 150 cm. Robust, elegant &amp; perfekt kombinierbar.\" \/>\n<meta name=\"robots\" content=\"index, follow, max-snippet:-1, max-image-preview:large, max-video-preview:-1\" \/>\n<link rel=\"canonical\" href=\"https:\/\/tedsandtails.de\/en\/product\/hundeleine-magical-moss\/\" \/>\n<meta property=\"og:locale\" content=\"en_GB\" \/>\n<meta property=\"og:type\" content=\"article\" \/>\n<meta property=\"og:title\" content=\"Hundeleine Magical Moss \u2013 Cord Leine in erdigem Moosgr\u00fcn\" \/>\n<meta property=\"og:description\" content=\"Stylische Hundeleine aus Cord in erdigem Moosgr\u00fcn mit goldenen Metallringen. Ma\u00dfe: 2 cm x 150 cm. Robust, elegant &amp; perfekt kombinierbar.\" \/>\n<meta property=\"og:url\" content=\"https:\/\/tedsandtails.de\/en\/product\/hundeleine-magical-moss\/\" \/>\n<meta property=\"og:site_name\" content=\"TED&#039;S &amp; TAILS\" \/>\n<meta property=\"article:modified_time\" content=\"2026-03-04T19:41:16+00:00\" \/>\n<meta property=\"og:image\" content=\"https:\/\/tedsandtails.de\/wp-content\/uploads\/2025\/08\/4g1a7764-1-scaled.jpeg\" \/>\n\t<meta property=\"og:image:width\" content=\"1707\" \/>\n\t<meta property=\"og:image:height\" content=\"2560\" \/>\n\t<meta property=\"og:image:type\" content=\"image\/jpeg\" \/>\n<meta name=\"twitter:card\" content=\"summary_large_image\" \/>\n<meta name=\"twitter:label1\" content=\"Est. reading time\" \/>\n\t<meta name=\"twitter:data1\" content=\"1 minute\" \/>\n<script type=\"application\/ld+json\" class=\"yoast-schema-graph\">{\"@context\":\"https:\/\/schema.org\",\"@graph\":[{\"@type\":\"WebPage\",\"@id\":\"https:\/\/tedsandtails.de\/produkt\/hundeleine-magical-moss\/\",\"url\":\"https:\/\/tedsandtails.de\/produkt\/hundeleine-magical-moss\/\",\"name\":\"Hundeleine Magical Moss \u2013 Cord Leine in erdigem Moosgr\u00fcn\",\"isPartOf\":{\"@id\":\"https:\/\/tedsandtails.de\/#website\"},\"datePublished\":\"2025-07-07T12:43:44+00:00\",\"dateModified\":\"2026-03-04T19:41:16+00:00\",\"description\":\"Stylische Hundeleine aus Cord in erdigem Moosgr\u00fcn mit goldenen Metallringen. Ma\u00dfe: 2 cm x 150 cm. Robust, elegant & perfekt kombinierbar.\",\"breadcrumb\":{\"@id\":\"https:\/\/tedsandtails.de\/produkt\/hundeleine-magical-moss\/#breadcrumb\"},\"inLanguage\":\"en-GB\",\"potentialAction\":[{\"@type\":\"ReadAction\",\"target\":[\"https:\/\/tedsandtails.de\/produkt\/hundeleine-magical-moss\/\"]}]},{\"@type\":\"BreadcrumbList\",\"@id\":\"https:\/\/tedsandtails.de\/produkt\/hundeleine-magical-moss\/#breadcrumb\",\"itemListElement\":[{\"@type\":\"ListItem\",\"position\":1,\"name\":\"Startseite\",\"item\":\"https:\/\/tedsandtails.de\/\"},{\"@type\":\"ListItem\",\"position\":2,\"name\":\"Shop\",\"item\":\"https:\/\/tedsandtails.de\/shop\/\"},{\"@type\":\"ListItem\",\"position\":3,\"name\":\"Hundeleine &#8211; Magical Moss\"}]},{\"@type\":\"WebSite\",\"@id\":\"https:\/\/tedsandtails.de\/#website\",\"url\":\"https:\/\/tedsandtails.de\/\",\"name\":\"TED&#039;S &amp; TAILS\",\"description\":\"\",\"publisher\":{\"@id\":\"https:\/\/tedsandtails.de\/#organization\"},\"potentialAction\":[{\"@type\":\"SearchAction\",\"target\":{\"@type\":\"EntryPoint\",\"urlTemplate\":\"https:\/\/tedsandtails.de\/?s={search_term_string}\"},\"query-input\":\"required name=search_term_string\"}],\"inLanguage\":\"en-GB\"},{\"@type\":\"Organization\",\"@id\":\"https:\/\/tedsandtails.de\/#organization\",\"name\":\"TED&#039;S &amp; TAILS\",\"url\":\"https:\/\/tedsandtails.de\/\",\"logo\":{\"@type\":\"ImageObject\",\"inLanguage\":\"en-GB\",\"@id\":\"https:\/\/tedsandtails.de\/#\/schema\/logo\/image\/\",\"url\":\"https:\/\/tedsandtails.de\/wp-content\/uploads\/2022\/09\/Teddys-5.png\",\"contentUrl\":\"https:\/\/tedsandtails.de\/wp-content\/uploads\/2022\/09\/Teddys-5.png\",\"width\":1080,\"height\":1080,\"caption\":\"TED&#039;S &amp; TAILS\"},\"image\":{\"@id\":\"https:\/\/tedsandtails.de\/#\/schema\/logo\/image\/\"}}]}<\/script>\n<!-- \/ Yoast SEO plugin. -->","yoast_head_json":{"title":"Hundeleine Magical Moss \u2013 Cord Leine in erdigem Moosgr\u00fcn","description":"Stylische Hundeleine aus Cord in erdigem Moosgr\u00fcn mit goldenen Metallringen. Ma\u00dfe: 2 cm x 150 cm. Robust, elegant & perfekt kombinierbar.","robots":{"index":"index","follow":"follow","max-snippet":"max-snippet:-1","max-image-preview":"max-image-preview:large","max-video-preview":"max-video-preview:-1"},"canonical":"https:\/\/tedsandtails.de\/en\/product\/hundeleine-magical-moss\/","og_locale":"en_GB","og_type":"article","og_title":"Hundeleine Magical Moss \u2013 Cord Leine in erdigem Moosgr\u00fcn","og_description":"Stylische Hundeleine aus Cord in erdigem Moosgr\u00fcn mit goldenen Metallringen. Ma\u00dfe: 2 cm x 150 cm. Robust, elegant & perfekt kombinierbar.","og_url":"https:\/\/tedsandtails.de\/en\/product\/hundeleine-magical-moss\/","og_site_name":"TED&#039;S &amp; TAILS","article_modified_time":"2026-03-04T19:41:16+00:00","og_image":[{"width":1707,"height":2560,"url":"https:\/\/tedsandtails.de\/wp-content\/uploads\/2025\/08\/4g1a7764-1-scaled.jpeg","type":"image\/jpeg"}],"twitter_card":"summary_large_image","twitter_misc":{"Est. reading time":"1 minute"},"schema":{"@context":"https:\/\/schema.org","@graph":[{"@type":"WebPage","@id":"https:\/\/tedsandtails.de\/produkt\/hundeleine-magical-moss\/","url":"https:\/\/tedsandtails.de\/produkt\/hundeleine-magical-moss\/","name":"Hundeleine Magical Moss \u2013 Cord Leine in erdigem Moosgr\u00fcn","isPartOf":{"@id":"https:\/\/tedsandtails.de\/#website"},"datePublished":"2025-07-07T12:43:44+00:00","dateModified":"2026-03-04T19:41:16+00:00","description":"Stylische Hundeleine aus Cord in erdigem Moosgr\u00fcn mit goldenen Metallringen. Ma\u00dfe: 2 cm x 150 cm. Robust, elegant & perfekt kombinierbar.","breadcrumb":{"@id":"https:\/\/tedsandtails.de\/produkt\/hundeleine-magical-moss\/#breadcrumb"},"inLanguage":"en-GB","potentialAction":[{"@type":"ReadAction","target":["https:\/\/tedsandtails.de\/produkt\/hundeleine-magical-moss\/"]}]},{"@type":"BreadcrumbList","@id":"https:\/\/tedsandtails.de\/produkt\/hundeleine-magical-moss\/#breadcrumb","itemListElement":[{"@type":"ListItem","position":1,"name":"Startseite","item":"https:\/\/tedsandtails.de\/"},{"@type":"ListItem","position":2,"name":"Shop","item":"https:\/\/tedsandtails.de\/shop\/"},{"@type":"ListItem","position":3,"name":"Hundeleine &#8211; Magical Moss"}]},{"@type":"WebSite","@id":"https:\/\/tedsandtails.de\/#website","url":"https:\/\/tedsandtails.de\/","name":"TED&#039;S &amp; TAILS","description":"","publisher":{"@id":"https:\/\/tedsandtails.de\/#organization"},"potentialAction":[{"@type":"SearchAction","target":{"@type":"EntryPoint","urlTemplate":"https:\/\/tedsandtails.de\/?s={search_term_string}"},"query-input":"required name=search_term_string"}],"inLanguage":"en-GB"},{"@type":"Organization","@id":"https:\/\/tedsandtails.de\/#organization","name":"TED&#039;S &amp; TAILS","url":"https:\/\/tedsandtails.de\/","logo":{"@type":"ImageObject","inLanguage":"en-GB","@id":"https:\/\/tedsandtails.de\/#\/schema\/logo\/image\/","url":"https:\/\/tedsandtails.de\/wp-content\/uploads\/2022\/09\/Teddys-5.png","contentUrl":"https:\/\/tedsandtails.de\/wp-content\/uploads\/2022\/09\/Teddys-5.png","width":1080,"height":1080,"caption":"TED&#039;S &amp; TAILS"},"image":{"@id":"https:\/\/tedsandtails.de\/#\/schema\/logo\/image\/"}}]}},"_links":{"self":[{"href":"https:\/\/tedsandtails.de\/en\/wp-json\/wp\/v2\/product\/7145","targetHints":{"allow":["GET"]}}],"collection":[{"href":"https:\/\/tedsandtails.de\/en\/wp-json\/wp\/v2\/product"}],"about":[{"href":"https:\/\/tedsandtails.de\/en\/wp-json\/wp\/v2\/types\/product"}],"replies":[{"embeddable":true,"href":"https:\/\/tedsandtails.de\/en\/wp-json\/wp\/v2\/comments?post=7145"}],"wp:featuredmedia":[{"embeddable":true,"href":"https:\/\/tedsandtails.de\/en\/wp-json\/wp\/v2\/media\/7302"}],"wp:attachment":[{"href":"https:\/\/tedsandtails.de\/en\/wp-json\/wp\/v2\/media?parent=7145"}],"wp:term":[{"taxonomy":"product_cat","embeddable":true,"href":"https:\/\/tedsandtails.de\/en\/wp-json\/wp\/v2\/product_cat?post=7145"},{"taxonomy":"product_tag","embeddable":true,"href":"https:\/\/tedsandtails.de\/en\/wp-json\/wp\/v2\/product_tag?post=7145"}],"curies":[{"name":"wp","href":"https:\/\/api.w.org\/{rel}","templated":true}]}}