{"id":7147,"date":"2025-07-07T14:48:11","date_gmt":"2025-07-07T12:48:11","guid":{"rendered":"https:\/\/tedsandtails.de\/?post_type=product&#038;p=7147"},"modified":"2026-02-26T19:47:33","modified_gmt":"2026-02-26T18:47:33","slug":"kotbeutelhalter-magical-moss","status":"publish","type":"product","link":"https:\/\/tedsandtails.de\/en\/product\/kotbeutelhalter-magical-moss\/","title":{"rendered":"Kotbeutelhalter &#8211; Magical Moss"},"content":{"rendered":"<p data-start=\"827\" data-end=\"902\"><strong data-start=\"827\" data-end=\"902\">Kotbeutelhalter Magical Moss \u2013 Praktisch, robust &amp; stilvoll in Moosgr\u00fcn<\/strong><\/p>\n<p data-start=\"904\" data-end=\"1108\">Du bist auf der Suche nach den sch\u00f6nsten Accessoires f\u00fcr deinen Hund, die den aktuellen Trends entsprechen? Dann ist dieser Kotbeutelhalter aus der Magical Moss Kollektion genau das Richtige f\u00fcr dich!<\/p>\n<p data-start=\"1110\" data-end=\"1355\">Der Kotbeutelhalter ist aus hochwertigem, dunkelgr\u00fcnem Cordmaterial in erdigem Moosgr\u00fcn gefertigt und besticht durch seine angenehme Haptik und Langlebigkeit. Die goldenen Details verleihen dem Accessoire einen edlen und stilvollen Look.<\/p>\n<p data-start=\"1357\" data-end=\"1487\">Ideal, um Kotbeutel immer griffbereit zu haben und gleichzeitig den Look deines Hundes mit der Magical Moss Kollektion abzurunden.<\/p>\n<p data-start=\"1489\" data-end=\"1628\">Mix &amp; Match: Kombiniere den Kotbeutelhalter mit anderen Accessoires aus der Magical Moss Kollektion f\u00fcr ein harmonisches Gesamtbild.<\/p>\n<p>&nbsp;<\/p>","protected":false},"excerpt":{"rendered":"<p>Kotbeutelhalter Magical Moss \u2013 Praktisch, robust &amp; stilvoll in Moosgr\u00fcn Du bist auf der Suche nach den sch\u00f6nsten Accessoires f\u00fcr deinen Hund, die den aktuellen Trends entsprechen? Dann ist dieser Kotbeutelhalter aus der Magical Moss Kollektion genau das Richtige f\u00fcr dich! Der Kotbeutelhalter ist aus hochwertigem, dunkelgr\u00fcnem Cordmaterial in erdigem Moosgr\u00fcn gefertigt und besticht durch [&hellip;]<\/p>","protected":false},"featured_media":7300,"comment_status":"open","ping_status":"closed","template":"","meta":[],"product_cat":[23,170],"product_tag":[46,48,163,47,50,49,45,44,66,67,158,164,71,70,69,68],"class_list":{"0":"post-7147","1":"product","2":"type-product","3":"status-publish","4":"has-post-thumbnail","6":"product_cat-kotbeutelhalter","7":"product_cat-magical-moss","8":"product_tag-dog-accessories","9":"product_tag-dogs","10":"product_tag-gruen","11":"product_tag-honden","12":"product_tag-hondenaccessoires","13":"product_tag-hunden","14":"product_tag-hunden-accessoires","15":"product_tag-hundezubehoer","16":"product_tag-kotbeutel","17":"product_tag-kotbeutelhalter","18":"product_tag-kotbeutelspender","19":"product_tag-magical-moss","20":"product_tag-poepzakhoudertje","21":"product_tag-poepzakjes","22":"product_tag-poopbag","23":"product_tag-poopbagholder","25":"first","26":"instock","27":"shipping-taxable","28":"purchasable","29":"product-type-simple"},"yoast_head":"<!-- This site is optimized with the Yoast SEO plugin v20.12 - https:\/\/yoast.com\/wordpress\/plugins\/seo\/ -->\n<title>Kotbeutelhalter Magical Moss - Cord in Moosgr\u00fcn<\/title>\n<meta name=\"description\" content=\"Stilvoller Kotbeutelhalter aus Cord in erdigem Moosgr\u00fcn (Magical Moss) mit goldenen Details. Praktisch, robust &amp; passend zur Magical Moss Kollektion.\" \/>\n<meta name=\"robots\" content=\"index, follow, max-snippet:-1, max-image-preview:large, max-video-preview:-1\" \/>\n<link rel=\"canonical\" href=\"https:\/\/tedsandtails.de\/en\/product\/kotbeutelhalter-magical-moss\/\" \/>\n<meta property=\"og:locale\" content=\"en_GB\" \/>\n<meta property=\"og:type\" content=\"article\" \/>\n<meta property=\"og:title\" content=\"Kotbeutelhalter Magical Moss - Cord in Moosgr\u00fcn\" \/>\n<meta property=\"og:description\" content=\"Stilvoller Kotbeutelhalter aus Cord in erdigem Moosgr\u00fcn (Magical Moss) mit goldenen Details. Praktisch, robust &amp; passend zur Magical Moss Kollektion.\" \/>\n<meta property=\"og:url\" content=\"https:\/\/tedsandtails.de\/en\/product\/kotbeutelhalter-magical-moss\/\" \/>\n<meta property=\"og:site_name\" content=\"TED&#039;S &amp; TAILS\" \/>\n<meta property=\"article:modified_time\" content=\"2026-02-26T18:47:33+00:00\" \/>\n<meta property=\"og:image\" content=\"https:\/\/tedsandtails.de\/wp-content\/uploads\/2025\/08\/4g1a7668-1-scaled.jpeg\" \/>\n\t<meta property=\"og:image:width\" content=\"1707\" \/>\n\t<meta property=\"og:image:height\" content=\"2560\" \/>\n\t<meta property=\"og:image:type\" content=\"image\/jpeg\" \/>\n<meta name=\"twitter:card\" content=\"summary_large_image\" \/>\n<meta name=\"twitter:label1\" content=\"Est. reading time\" \/>\n\t<meta name=\"twitter:data1\" content=\"1 minute\" \/>\n<script type=\"application\/ld+json\" class=\"yoast-schema-graph\">{\"@context\":\"https:\/\/schema.org\",\"@graph\":[{\"@type\":\"WebPage\",\"@id\":\"https:\/\/tedsandtails.de\/produkt\/kotbeutelhalter-magical-moss\/\",\"url\":\"https:\/\/tedsandtails.de\/produkt\/kotbeutelhalter-magical-moss\/\",\"name\":\"Kotbeutelhalter Magical Moss - Cord in Moosgr\u00fcn\",\"isPartOf\":{\"@id\":\"https:\/\/tedsandtails.de\/#website\"},\"datePublished\":\"2025-07-07T12:48:11+00:00\",\"dateModified\":\"2026-02-26T18:47:33+00:00\",\"description\":\"Stilvoller Kotbeutelhalter aus Cord in erdigem Moosgr\u00fcn (Magical Moss) mit goldenen Details. Praktisch, robust & passend zur Magical Moss Kollektion.\",\"breadcrumb\":{\"@id\":\"https:\/\/tedsandtails.de\/produkt\/kotbeutelhalter-magical-moss\/#breadcrumb\"},\"inLanguage\":\"en-GB\",\"potentialAction\":[{\"@type\":\"ReadAction\",\"target\":[\"https:\/\/tedsandtails.de\/produkt\/kotbeutelhalter-magical-moss\/\"]}]},{\"@type\":\"BreadcrumbList\",\"@id\":\"https:\/\/tedsandtails.de\/produkt\/kotbeutelhalter-magical-moss\/#breadcrumb\",\"itemListElement\":[{\"@type\":\"ListItem\",\"position\":1,\"name\":\"Startseite\",\"item\":\"https:\/\/tedsandtails.de\/\"},{\"@type\":\"ListItem\",\"position\":2,\"name\":\"Shop\",\"item\":\"https:\/\/tedsandtails.de\/shop\/\"},{\"@type\":\"ListItem\",\"position\":3,\"name\":\"Kotbeutelhalter &#8211; Magical Moss\"}]},{\"@type\":\"WebSite\",\"@id\":\"https:\/\/tedsandtails.de\/#website\",\"url\":\"https:\/\/tedsandtails.de\/\",\"name\":\"TED&#039;S &amp; TAILS\",\"description\":\"\",\"publisher\":{\"@id\":\"https:\/\/tedsandtails.de\/#organization\"},\"potentialAction\":[{\"@type\":\"SearchAction\",\"target\":{\"@type\":\"EntryPoint\",\"urlTemplate\":\"https:\/\/tedsandtails.de\/?s={search_term_string}\"},\"query-input\":\"required name=search_term_string\"}],\"inLanguage\":\"en-GB\"},{\"@type\":\"Organization\",\"@id\":\"https:\/\/tedsandtails.de\/#organization\",\"name\":\"TED&#039;S &amp; TAILS\",\"url\":\"https:\/\/tedsandtails.de\/\",\"logo\":{\"@type\":\"ImageObject\",\"inLanguage\":\"en-GB\",\"@id\":\"https:\/\/tedsandtails.de\/#\/schema\/logo\/image\/\",\"url\":\"https:\/\/tedsandtails.de\/wp-content\/uploads\/2022\/09\/Teddys-5.png\",\"contentUrl\":\"https:\/\/tedsandtails.de\/wp-content\/uploads\/2022\/09\/Teddys-5.png\",\"width\":1080,\"height\":1080,\"caption\":\"TED&#039;S &amp; TAILS\"},\"image\":{\"@id\":\"https:\/\/tedsandtails.de\/#\/schema\/logo\/image\/\"}}]}<\/script>\n<!-- \/ Yoast SEO plugin. -->","yoast_head_json":{"title":"Kotbeutelhalter Magical Moss - Cord in Moosgr\u00fcn","description":"Stilvoller Kotbeutelhalter aus Cord in erdigem Moosgr\u00fcn (Magical Moss) mit goldenen Details. Praktisch, robust & passend zur Magical Moss Kollektion.","robots":{"index":"index","follow":"follow","max-snippet":"max-snippet:-1","max-image-preview":"max-image-preview:large","max-video-preview":"max-video-preview:-1"},"canonical":"https:\/\/tedsandtails.de\/en\/product\/kotbeutelhalter-magical-moss\/","og_locale":"en_GB","og_type":"article","og_title":"Kotbeutelhalter Magical Moss - Cord in Moosgr\u00fcn","og_description":"Stilvoller Kotbeutelhalter aus Cord in erdigem Moosgr\u00fcn (Magical Moss) mit goldenen Details. Praktisch, robust & passend zur Magical Moss Kollektion.","og_url":"https:\/\/tedsandtails.de\/en\/product\/kotbeutelhalter-magical-moss\/","og_site_name":"TED&#039;S &amp; TAILS","article_modified_time":"2026-02-26T18:47:33+00:00","og_image":[{"width":1707,"height":2560,"url":"https:\/\/tedsandtails.de\/wp-content\/uploads\/2025\/08\/4g1a7668-1-scaled.jpeg","type":"image\/jpeg"}],"twitter_card":"summary_large_image","twitter_misc":{"Est. reading time":"1 minute"},"schema":{"@context":"https:\/\/schema.org","@graph":[{"@type":"WebPage","@id":"https:\/\/tedsandtails.de\/produkt\/kotbeutelhalter-magical-moss\/","url":"https:\/\/tedsandtails.de\/produkt\/kotbeutelhalter-magical-moss\/","name":"Kotbeutelhalter Magical Moss - Cord in Moosgr\u00fcn","isPartOf":{"@id":"https:\/\/tedsandtails.de\/#website"},"datePublished":"2025-07-07T12:48:11+00:00","dateModified":"2026-02-26T18:47:33+00:00","description":"Stilvoller Kotbeutelhalter aus Cord in erdigem Moosgr\u00fcn (Magical Moss) mit goldenen Details. Praktisch, robust & passend zur Magical Moss Kollektion.","breadcrumb":{"@id":"https:\/\/tedsandtails.de\/produkt\/kotbeutelhalter-magical-moss\/#breadcrumb"},"inLanguage":"en-GB","potentialAction":[{"@type":"ReadAction","target":["https:\/\/tedsandtails.de\/produkt\/kotbeutelhalter-magical-moss\/"]}]},{"@type":"BreadcrumbList","@id":"https:\/\/tedsandtails.de\/produkt\/kotbeutelhalter-magical-moss\/#breadcrumb","itemListElement":[{"@type":"ListItem","position":1,"name":"Startseite","item":"https:\/\/tedsandtails.de\/"},{"@type":"ListItem","position":2,"name":"Shop","item":"https:\/\/tedsandtails.de\/shop\/"},{"@type":"ListItem","position":3,"name":"Kotbeutelhalter &#8211; Magical Moss"}]},{"@type":"WebSite","@id":"https:\/\/tedsandtails.de\/#website","url":"https:\/\/tedsandtails.de\/","name":"TED&#039;S &amp; TAILS","description":"","publisher":{"@id":"https:\/\/tedsandtails.de\/#organization"},"potentialAction":[{"@type":"SearchAction","target":{"@type":"EntryPoint","urlTemplate":"https:\/\/tedsandtails.de\/?s={search_term_string}"},"query-input":"required name=search_term_string"}],"inLanguage":"en-GB"},{"@type":"Organization","@id":"https:\/\/tedsandtails.de\/#organization","name":"TED&#039;S &amp; TAILS","url":"https:\/\/tedsandtails.de\/","logo":{"@type":"ImageObject","inLanguage":"en-GB","@id":"https:\/\/tedsandtails.de\/#\/schema\/logo\/image\/","url":"https:\/\/tedsandtails.de\/wp-content\/uploads\/2022\/09\/Teddys-5.png","contentUrl":"https:\/\/tedsandtails.de\/wp-content\/uploads\/2022\/09\/Teddys-5.png","width":1080,"height":1080,"caption":"TED&#039;S &amp; TAILS"},"image":{"@id":"https:\/\/tedsandtails.de\/#\/schema\/logo\/image\/"}}]}},"_links":{"self":[{"href":"https:\/\/tedsandtails.de\/en\/wp-json\/wp\/v2\/product\/7147","targetHints":{"allow":["GET"]}}],"collection":[{"href":"https:\/\/tedsandtails.de\/en\/wp-json\/wp\/v2\/product"}],"about":[{"href":"https:\/\/tedsandtails.de\/en\/wp-json\/wp\/v2\/types\/product"}],"replies":[{"embeddable":true,"href":"https:\/\/tedsandtails.de\/en\/wp-json\/wp\/v2\/comments?post=7147"}],"wp:featuredmedia":[{"embeddable":true,"href":"https:\/\/tedsandtails.de\/en\/wp-json\/wp\/v2\/media\/7300"}],"wp:attachment":[{"href":"https:\/\/tedsandtails.de\/en\/wp-json\/wp\/v2\/media?parent=7147"}],"wp:term":[{"taxonomy":"product_cat","embeddable":true,"href":"https:\/\/tedsandtails.de\/en\/wp-json\/wp\/v2\/product_cat?post=7147"},{"taxonomy":"product_tag","embeddable":true,"href":"https:\/\/tedsandtails.de\/en\/wp-json\/wp\/v2\/product_tag?post=7147"}],"curies":[{"name":"wp","href":"https:\/\/api.w.org\/{rel}","templated":true}]}}