{"id":7148,"date":"2025-07-07T14:59:38","date_gmt":"2025-07-07T12:59:38","guid":{"rendered":"https:\/\/tedsandtails.de\/?post_type=product&#038;p=7148"},"modified":"2026-04-15T12:28:18","modified_gmt":"2026-04-15T10:28:18","slug":"halsband-magical-moss","status":"publish","type":"product","link":"https:\/\/tedsandtails.de\/en\/product\/halsband-magical-moss\/","title":{"rendered":"Halsband &#8211; Magical Moss"},"content":{"rendered":"<p data-start=\"846\" data-end=\"912\"><strong data-start=\"846\" data-end=\"912\">Halsband Magical Moss \u2013 Stylisch, robust &amp; in erdigem Moosgr\u00fcn<\/strong><\/p>\n<p data-start=\"914\" data-end=\"1111\">Du bist auf der Suche nach den sch\u00f6nsten Accessoires f\u00fcr deinen Hund, die den aktuellen Trends entsprechen? Dann ist dieses Halsband aus der Magical Moss Kollektion genau das Richtige f\u00fcr dich!<\/p>\n<p data-start=\"1113\" data-end=\"1438\">Das Halsband ist aus einem sch\u00f6nen, hochwertigen Cord-Stoff in erdigem Moosgr\u00fcn gefertigt und verf\u00fcgt \u00fcber goldene, starke Verschl\u00fcsse und Ringe. Die Dicke und Gr\u00f6\u00dfe des Halsbandes sowie der Verschl\u00fcsse und Ringe werden passend zur Gr\u00f6\u00dfe des Halsbandes angepasst, um maximalen Komfort und Sicherheit zu gew\u00e4hrleisten.<\/p>\n<p data-start=\"1440\" data-end=\"1587\">Das Halsband ist in den Gr\u00f6\u00dfen XS bis L erh\u00e4ltlich. Du bist dir unsicher, welche Gr\u00f6\u00dfe dein Hund braucht? Sieh dir unsere Gr\u00f6\u00dfentabelle an.<\/p>\n<p data-start=\"1589\" data-end=\"1725\">Mix &amp; Match: Kombiniere das Halsband mit anderen Produkten aus der Magical Moss Kollektion, um den Look deines Hundes abzurunden.<\/p>","protected":false},"excerpt":{"rendered":"<p>Halsband Magical Moss \u2013 Stylisch, robust &amp; in erdigem Moosgr\u00fcn Du bist auf der Suche nach den sch\u00f6nsten Accessoires f\u00fcr deinen Hund, die den aktuellen Trends entsprechen? Dann ist dieses Halsband aus der Magical Moss Kollektion genau das Richtige f\u00fcr dich! Das Halsband ist aus einem sch\u00f6nen, hochwertigen Cord-Stoff in erdigem Moosgr\u00fcn gefertigt und verf\u00fcgt [&hellip;]<\/p>","protected":false},"featured_media":7314,"comment_status":"open","ping_status":"closed","template":"","meta":[],"product_cat":[26,170],"product_tag":[62,143,144,46,163,61,47,50,44,164],"class_list":{"0":"post-7148","1":"product","2":"type-product","3":"status-publish","4":"has-post-thumbnail","6":"product_cat-halsbaender","7":"product_cat-magical-moss","8":"product_tag-collar","9":"product_tag-cord","10":"product_tag-corduroy","11":"product_tag-dog-accessories","12":"product_tag-gruen","13":"product_tag-halsband","14":"product_tag-honden","15":"product_tag-hondenaccessoires","16":"product_tag-hundezubehoer","17":"product_tag-magical-moss","19":"first","20":"instock","21":"shipping-taxable","22":"purchasable","23":"product-type-variable"},"yoast_head":"<!-- This site is optimized with the Yoast SEO plugin v20.12 - https:\/\/yoast.com\/wordpress\/plugins\/seo\/ -->\n<title>Halsband Magical Moss \u2013 Cord in Moosgr\u00fcn<\/title>\n<meta name=\"description\" content=\"Stylisches Halsband aus Cord in erdigem Moosgr\u00fcn (Magical Moss) mit goldenen, starken Verschl\u00fcssen. Erh\u00e4ltlich in Gr\u00f6\u00dfen XS bis L. Perfekt kombinierbar\" \/>\n<meta name=\"robots\" content=\"index, follow, max-snippet:-1, max-image-preview:large, max-video-preview:-1\" \/>\n<link rel=\"canonical\" href=\"https:\/\/tedsandtails.de\/en\/product\/halsband-magical-moss\/\" \/>\n<meta property=\"og:locale\" content=\"en_GB\" \/>\n<meta property=\"og:type\" content=\"article\" \/>\n<meta property=\"og:title\" content=\"Halsband Magical Moss \u2013 Cord in Moosgr\u00fcn\" \/>\n<meta property=\"og:description\" content=\"Stylisches Halsband aus Cord in erdigem Moosgr\u00fcn (Magical Moss) mit goldenen, starken Verschl\u00fcssen. Erh\u00e4ltlich in Gr\u00f6\u00dfen XS bis L. Perfekt kombinierbar\" \/>\n<meta property=\"og:url\" content=\"https:\/\/tedsandtails.de\/en\/product\/halsband-magical-moss\/\" \/>\n<meta property=\"og:site_name\" content=\"TED&#039;S &amp; TAILS\" \/>\n<meta property=\"article:modified_time\" content=\"2026-04-15T10:28:18+00:00\" \/>\n<meta property=\"og:image\" content=\"https:\/\/tedsandtails.de\/wp-content\/uploads\/2025\/08\/4g1a7721-scaled.jpeg\" \/>\n\t<meta property=\"og:image:width\" content=\"1707\" \/>\n\t<meta property=\"og:image:height\" content=\"2560\" \/>\n\t<meta property=\"og:image:type\" content=\"image\/jpeg\" \/>\n<meta name=\"twitter:card\" content=\"summary_large_image\" \/>\n<meta name=\"twitter:label1\" content=\"Est. reading time\" \/>\n\t<meta name=\"twitter:data1\" content=\"1 minute\" \/>\n<script type=\"application\/ld+json\" class=\"yoast-schema-graph\">{\"@context\":\"https:\/\/schema.org\",\"@graph\":[{\"@type\":\"WebPage\",\"@id\":\"https:\/\/tedsandtails.de\/produkt\/halsband-magical-moss\/\",\"url\":\"https:\/\/tedsandtails.de\/produkt\/halsband-magical-moss\/\",\"name\":\"Halsband Magical Moss \u2013 Cord in Moosgr\u00fcn\",\"isPartOf\":{\"@id\":\"https:\/\/tedsandtails.de\/#website\"},\"datePublished\":\"2025-07-07T12:59:38+00:00\",\"dateModified\":\"2026-04-15T10:28:18+00:00\",\"description\":\"Stylisches Halsband aus Cord in erdigem Moosgr\u00fcn (Magical Moss) mit goldenen, starken Verschl\u00fcssen. Erh\u00e4ltlich in Gr\u00f6\u00dfen XS bis L. Perfekt kombinierbar\",\"breadcrumb\":{\"@id\":\"https:\/\/tedsandtails.de\/produkt\/halsband-magical-moss\/#breadcrumb\"},\"inLanguage\":\"en-GB\",\"potentialAction\":[{\"@type\":\"ReadAction\",\"target\":[\"https:\/\/tedsandtails.de\/produkt\/halsband-magical-moss\/\"]}]},{\"@type\":\"BreadcrumbList\",\"@id\":\"https:\/\/tedsandtails.de\/produkt\/halsband-magical-moss\/#breadcrumb\",\"itemListElement\":[{\"@type\":\"ListItem\",\"position\":1,\"name\":\"Startseite\",\"item\":\"https:\/\/tedsandtails.de\/\"},{\"@type\":\"ListItem\",\"position\":2,\"name\":\"Shop\",\"item\":\"https:\/\/tedsandtails.de\/shop\/\"},{\"@type\":\"ListItem\",\"position\":3,\"name\":\"Halsband &#8211; Magical Moss\"}]},{\"@type\":\"WebSite\",\"@id\":\"https:\/\/tedsandtails.de\/#website\",\"url\":\"https:\/\/tedsandtails.de\/\",\"name\":\"TED&#039;S &amp; TAILS\",\"description\":\"\",\"publisher\":{\"@id\":\"https:\/\/tedsandtails.de\/#organization\"},\"potentialAction\":[{\"@type\":\"SearchAction\",\"target\":{\"@type\":\"EntryPoint\",\"urlTemplate\":\"https:\/\/tedsandtails.de\/?s={search_term_string}\"},\"query-input\":\"required name=search_term_string\"}],\"inLanguage\":\"en-GB\"},{\"@type\":\"Organization\",\"@id\":\"https:\/\/tedsandtails.de\/#organization\",\"name\":\"TED&#039;S &amp; TAILS\",\"url\":\"https:\/\/tedsandtails.de\/\",\"logo\":{\"@type\":\"ImageObject\",\"inLanguage\":\"en-GB\",\"@id\":\"https:\/\/tedsandtails.de\/#\/schema\/logo\/image\/\",\"url\":\"https:\/\/tedsandtails.de\/wp-content\/uploads\/2022\/09\/Teddys-5.png\",\"contentUrl\":\"https:\/\/tedsandtails.de\/wp-content\/uploads\/2022\/09\/Teddys-5.png\",\"width\":1080,\"height\":1080,\"caption\":\"TED&#039;S &amp; TAILS\"},\"image\":{\"@id\":\"https:\/\/tedsandtails.de\/#\/schema\/logo\/image\/\"}}]}<\/script>\n<!-- \/ Yoast SEO plugin. -->","yoast_head_json":{"title":"Halsband Magical Moss \u2013 Cord in Moosgr\u00fcn","description":"Stylisches Halsband aus Cord in erdigem Moosgr\u00fcn (Magical Moss) mit goldenen, starken Verschl\u00fcssen. Erh\u00e4ltlich in Gr\u00f6\u00dfen XS bis L. Perfekt kombinierbar","robots":{"index":"index","follow":"follow","max-snippet":"max-snippet:-1","max-image-preview":"max-image-preview:large","max-video-preview":"max-video-preview:-1"},"canonical":"https:\/\/tedsandtails.de\/en\/product\/halsband-magical-moss\/","og_locale":"en_GB","og_type":"article","og_title":"Halsband Magical Moss \u2013 Cord in Moosgr\u00fcn","og_description":"Stylisches Halsband aus Cord in erdigem Moosgr\u00fcn (Magical Moss) mit goldenen, starken Verschl\u00fcssen. Erh\u00e4ltlich in Gr\u00f6\u00dfen XS bis L. Perfekt kombinierbar","og_url":"https:\/\/tedsandtails.de\/en\/product\/halsband-magical-moss\/","og_site_name":"TED&#039;S &amp; TAILS","article_modified_time":"2026-04-15T10:28:18+00:00","og_image":[{"width":1707,"height":2560,"url":"https:\/\/tedsandtails.de\/wp-content\/uploads\/2025\/08\/4g1a7721-scaled.jpeg","type":"image\/jpeg"}],"twitter_card":"summary_large_image","twitter_misc":{"Est. reading time":"1 minute"},"schema":{"@context":"https:\/\/schema.org","@graph":[{"@type":"WebPage","@id":"https:\/\/tedsandtails.de\/produkt\/halsband-magical-moss\/","url":"https:\/\/tedsandtails.de\/produkt\/halsband-magical-moss\/","name":"Halsband Magical Moss \u2013 Cord in Moosgr\u00fcn","isPartOf":{"@id":"https:\/\/tedsandtails.de\/#website"},"datePublished":"2025-07-07T12:59:38+00:00","dateModified":"2026-04-15T10:28:18+00:00","description":"Stylisches Halsband aus Cord in erdigem Moosgr\u00fcn (Magical Moss) mit goldenen, starken Verschl\u00fcssen. Erh\u00e4ltlich in Gr\u00f6\u00dfen XS bis L. Perfekt kombinierbar","breadcrumb":{"@id":"https:\/\/tedsandtails.de\/produkt\/halsband-magical-moss\/#breadcrumb"},"inLanguage":"en-GB","potentialAction":[{"@type":"ReadAction","target":["https:\/\/tedsandtails.de\/produkt\/halsband-magical-moss\/"]}]},{"@type":"BreadcrumbList","@id":"https:\/\/tedsandtails.de\/produkt\/halsband-magical-moss\/#breadcrumb","itemListElement":[{"@type":"ListItem","position":1,"name":"Startseite","item":"https:\/\/tedsandtails.de\/"},{"@type":"ListItem","position":2,"name":"Shop","item":"https:\/\/tedsandtails.de\/shop\/"},{"@type":"ListItem","position":3,"name":"Halsband &#8211; Magical Moss"}]},{"@type":"WebSite","@id":"https:\/\/tedsandtails.de\/#website","url":"https:\/\/tedsandtails.de\/","name":"TED&#039;S &amp; TAILS","description":"","publisher":{"@id":"https:\/\/tedsandtails.de\/#organization"},"potentialAction":[{"@type":"SearchAction","target":{"@type":"EntryPoint","urlTemplate":"https:\/\/tedsandtails.de\/?s={search_term_string}"},"query-input":"required name=search_term_string"}],"inLanguage":"en-GB"},{"@type":"Organization","@id":"https:\/\/tedsandtails.de\/#organization","name":"TED&#039;S &amp; TAILS","url":"https:\/\/tedsandtails.de\/","logo":{"@type":"ImageObject","inLanguage":"en-GB","@id":"https:\/\/tedsandtails.de\/#\/schema\/logo\/image\/","url":"https:\/\/tedsandtails.de\/wp-content\/uploads\/2022\/09\/Teddys-5.png","contentUrl":"https:\/\/tedsandtails.de\/wp-content\/uploads\/2022\/09\/Teddys-5.png","width":1080,"height":1080,"caption":"TED&#039;S &amp; TAILS"},"image":{"@id":"https:\/\/tedsandtails.de\/#\/schema\/logo\/image\/"}}]}},"_links":{"self":[{"href":"https:\/\/tedsandtails.de\/en\/wp-json\/wp\/v2\/product\/7148","targetHints":{"allow":["GET"]}}],"collection":[{"href":"https:\/\/tedsandtails.de\/en\/wp-json\/wp\/v2\/product"}],"about":[{"href":"https:\/\/tedsandtails.de\/en\/wp-json\/wp\/v2\/types\/product"}],"replies":[{"embeddable":true,"href":"https:\/\/tedsandtails.de\/en\/wp-json\/wp\/v2\/comments?post=7148"}],"wp:featuredmedia":[{"embeddable":true,"href":"https:\/\/tedsandtails.de\/en\/wp-json\/wp\/v2\/media\/7314"}],"wp:attachment":[{"href":"https:\/\/tedsandtails.de\/en\/wp-json\/wp\/v2\/media?parent=7148"}],"wp:term":[{"taxonomy":"product_cat","embeddable":true,"href":"https:\/\/tedsandtails.de\/en\/wp-json\/wp\/v2\/product_cat?post=7148"},{"taxonomy":"product_tag","embeddable":true,"href":"https:\/\/tedsandtails.de\/en\/wp-json\/wp\/v2\/product_tag?post=7148"}],"curies":[{"name":"wp","href":"https:\/\/api.w.org\/{rel}","templated":true}]}}