{"id":7199,"date":"2025-07-11T11:39:48","date_gmt":"2025-07-11T09:39:48","guid":{"rendered":"https:\/\/tedsandtails.de\/?post_type=product&#038;p=7199"},"modified":"2025-09-01T12:59:41","modified_gmt":"2025-09-01T10:59:41","slug":"set-halsband-hundefliege-magical-moss","status":"publish","type":"product","link":"https:\/\/tedsandtails.de\/en\/product\/set-halsband-hundefliege-magical-moss\/","title":{"rendered":"Set Halsband &amp; Hundefliege &#8211; Magical Moss"},"content":{"rendered":"<p data-start=\"566\" data-end=\"754\">Bist du auf der Suche nach den sch\u00f6nsten und aktuellsten Accessoires f\u00fcr deinen Hund? Dann ist das Set Halsband &amp; Hundefliege aus der <em data-start=\"700\" data-end=\"714\">Magical Moss<\/em> collection is just the right thing for you!<\/p>\n<p data-start=\"756\" data-end=\"1084\">Dieses Set vereint Stil und Funktion: Das Halsband und die passende Hundefliege sind aus hochwertigem gr\u00fcnem Cord-Stoff gefertigt und mit robusten, goldfarbenen Verschl\u00fcssen und Ringen ausgestattet. Die Gr\u00f6\u00dfe und Dicke von Halsband, Verschl\u00fcssen und Ringen sind perfekt auf die jeweiligen Halsbandgr\u00f6\u00dfen von XS bis L abgestimmt.<\/p>\n<p data-start=\"1086\" data-end=\"1260\">Die Hundefliege l\u00e4sst sich dank eines praktischen schwarzen Klettverschlusses ganz einfach am Halsband befestigen \u2013 ideal, um den Look deines Hundes individuell zu gestalten. Mix &amp; Match das Set mit anderen Produkten aus der <em data-start=\"1312\" data-end=\"1326\">Magical Moss<\/em> Kollektion, um den perfekten Look f\u00fcr deinen Vierbeiner zu kreieren.<\/p>\n<p data-start=\"1397\" data-end=\"1517\">Du bist unsicher, welche Gr\u00f6\u00dfe dein Hund braucht? Schau dir unsere Gr\u00f6\u00dfentabelle an, um das passende Halsband zu finden.<\/p>","protected":false},"excerpt":{"rendered":"<p>Bist du auf der Suche nach den sch\u00f6nsten und aktuellsten Accessoires f\u00fcr deinen Hund? Dann ist das Set Halsband &amp; Hundefliege aus der Magical Moss Kollektion genau das Richtige f\u00fcr dich! Dieses Set vereint Stil und Funktion: Das Halsband und die passende Hundefliege sind aus hochwertigem gr\u00fcnem Cord-Stoff gefertigt und mit robusten, goldfarbenen Verschl\u00fcssen und [&hellip;]<\/p>","protected":false},"featured_media":7289,"comment_status":"open","ping_status":"closed","template":"","meta":[],"product_cat":[20,170],"product_tag":[78,79,62,143,144,46,82,85,75,76,163,61,47,50,81,77,44,164,80],"class_list":{"0":"post-7199","1":"product","2":"type-product","3":"status-publish","4":"has-post-thumbnail","6":"product_cat-sets","7":"product_cat-magical-moss","8":"product_tag-bow","9":"product_tag-bow-tie","10":"product_tag-collar","11":"product_tag-cord","12":"product_tag-corduroy","13":"product_tag-dog-accessories","14":"product_tag-dog-bow-tie","15":"product_tag-dog-set","16":"product_tag-fliege","17":"product_tag-fliegen","18":"product_tag-gruen","19":"product_tag-halsband","20":"product_tag-honden","21":"product_tag-hondenaccessoires","22":"product_tag-hondenstrikje","23":"product_tag-hundefliege","24":"product_tag-hundezubehoer","25":"product_tag-magical-moss","26":"product_tag-strikje","28":"first","29":"instock","30":"shipping-taxable","31":"purchasable","32":"product-type-variable"},"yoast_head":"<!-- This site is optimized with the Yoast SEO plugin v20.12 - https:\/\/yoast.com\/wordpress\/plugins\/seo\/ -->\n<title>Set Halsband &amp; Hundefliege - Magical Moss - TED&#039;S &amp; TAILS<\/title>\n<meta name=\"description\" content=\"Entdecke das Set Halsband und Hundefliege aus der Magical Moss Kollektion \u2013 stilvolle Accessoires aus gr\u00fcnem Cord mit goldenen Verschl\u00fcssen.\" \/>\n<meta name=\"robots\" content=\"index, follow, max-snippet:-1, max-image-preview:large, max-video-preview:-1\" \/>\n<link rel=\"canonical\" href=\"https:\/\/tedsandtails.de\/en\/product\/set-halsband-hundefliege-magical-moss\/\" \/>\n<meta property=\"og:locale\" content=\"en_GB\" \/>\n<meta property=\"og:type\" content=\"article\" \/>\n<meta property=\"og:title\" content=\"Set Halsband &amp; Hundefliege - Magical Moss - TED&#039;S &amp; TAILS\" \/>\n<meta property=\"og:description\" content=\"Entdecke das Set Halsband und Hundefliege aus der Magical Moss Kollektion \u2013 stilvolle Accessoires aus gr\u00fcnem Cord mit goldenen Verschl\u00fcssen.\" \/>\n<meta property=\"og:url\" content=\"https:\/\/tedsandtails.de\/en\/product\/set-halsband-hundefliege-magical-moss\/\" \/>\n<meta property=\"og:site_name\" content=\"TED&#039;S &amp; TAILS\" \/>\n<meta property=\"article:modified_time\" content=\"2025-09-01T10:59:41+00:00\" \/>\n<meta property=\"og:image\" content=\"https:\/\/tedsandtails.de\/wp-content\/uploads\/2025\/08\/4g1a7754-scaled.jpeg\" \/>\n\t<meta property=\"og:image:width\" content=\"1707\" \/>\n\t<meta property=\"og:image:height\" content=\"2560\" \/>\n\t<meta property=\"og:image:type\" content=\"image\/jpeg\" \/>\n<meta name=\"twitter:card\" content=\"summary_large_image\" \/>\n<meta name=\"twitter:label1\" content=\"Est. reading time\" \/>\n\t<meta name=\"twitter:data1\" content=\"1 minute\" \/>\n<script type=\"application\/ld+json\" class=\"yoast-schema-graph\">{\"@context\":\"https:\/\/schema.org\",\"@graph\":[{\"@type\":\"WebPage\",\"@id\":\"https:\/\/tedsandtails.de\/produkt\/set-halsband-hundefliege-magical-moss\/\",\"url\":\"https:\/\/tedsandtails.de\/produkt\/set-halsband-hundefliege-magical-moss\/\",\"name\":\"Set Halsband &amp; Hundefliege - Magical Moss - TED&#039;S &amp; TAILS\",\"isPartOf\":{\"@id\":\"https:\/\/tedsandtails.de\/#website\"},\"datePublished\":\"2025-07-11T09:39:48+00:00\",\"dateModified\":\"2025-09-01T10:59:41+00:00\",\"description\":\"Entdecke das Set Halsband und Hundefliege aus der Magical Moss Kollektion \u2013 stilvolle Accessoires aus gr\u00fcnem Cord mit goldenen Verschl\u00fcssen.\",\"breadcrumb\":{\"@id\":\"https:\/\/tedsandtails.de\/produkt\/set-halsband-hundefliege-magical-moss\/#breadcrumb\"},\"inLanguage\":\"en-GB\",\"potentialAction\":[{\"@type\":\"ReadAction\",\"target\":[\"https:\/\/tedsandtails.de\/produkt\/set-halsband-hundefliege-magical-moss\/\"]}]},{\"@type\":\"BreadcrumbList\",\"@id\":\"https:\/\/tedsandtails.de\/produkt\/set-halsband-hundefliege-magical-moss\/#breadcrumb\",\"itemListElement\":[{\"@type\":\"ListItem\",\"position\":1,\"name\":\"Startseite\",\"item\":\"https:\/\/tedsandtails.de\/\"},{\"@type\":\"ListItem\",\"position\":2,\"name\":\"Shop\",\"item\":\"https:\/\/tedsandtails.de\/shop\/\"},{\"@type\":\"ListItem\",\"position\":3,\"name\":\"Set Halsband &amp; Hundefliege &#8211; Magical Moss\"}]},{\"@type\":\"WebSite\",\"@id\":\"https:\/\/tedsandtails.de\/#website\",\"url\":\"https:\/\/tedsandtails.de\/\",\"name\":\"TED&#039;S &amp; TAILS\",\"description\":\"\",\"publisher\":{\"@id\":\"https:\/\/tedsandtails.de\/#organization\"},\"potentialAction\":[{\"@type\":\"SearchAction\",\"target\":{\"@type\":\"EntryPoint\",\"urlTemplate\":\"https:\/\/tedsandtails.de\/?s={search_term_string}\"},\"query-input\":\"required name=search_term_string\"}],\"inLanguage\":\"en-GB\"},{\"@type\":\"Organization\",\"@id\":\"https:\/\/tedsandtails.de\/#organization\",\"name\":\"TED&#039;S &amp; TAILS\",\"url\":\"https:\/\/tedsandtails.de\/\",\"logo\":{\"@type\":\"ImageObject\",\"inLanguage\":\"en-GB\",\"@id\":\"https:\/\/tedsandtails.de\/#\/schema\/logo\/image\/\",\"url\":\"https:\/\/tedsandtails.de\/wp-content\/uploads\/2022\/09\/Teddys-5.png\",\"contentUrl\":\"https:\/\/tedsandtails.de\/wp-content\/uploads\/2022\/09\/Teddys-5.png\",\"width\":1080,\"height\":1080,\"caption\":\"TED&#039;S &amp; TAILS\"},\"image\":{\"@id\":\"https:\/\/tedsandtails.de\/#\/schema\/logo\/image\/\"}}]}<\/script>\n<!-- \/ Yoast SEO plugin. -->","yoast_head_json":{"title":"Set Halsband &amp; Hundefliege - Magical Moss - TED&#039;S &amp; TAILS","description":"Entdecke das Set Halsband und Hundefliege aus der Magical Moss Kollektion \u2013 stilvolle Accessoires aus gr\u00fcnem Cord mit goldenen Verschl\u00fcssen.","robots":{"index":"index","follow":"follow","max-snippet":"max-snippet:-1","max-image-preview":"max-image-preview:large","max-video-preview":"max-video-preview:-1"},"canonical":"https:\/\/tedsandtails.de\/en\/product\/set-halsband-hundefliege-magical-moss\/","og_locale":"en_GB","og_type":"article","og_title":"Set Halsband &amp; Hundefliege - Magical Moss - TED&#039;S &amp; TAILS","og_description":"Entdecke das Set Halsband und Hundefliege aus der Magical Moss Kollektion \u2013 stilvolle Accessoires aus gr\u00fcnem Cord mit goldenen Verschl\u00fcssen.","og_url":"https:\/\/tedsandtails.de\/en\/product\/set-halsband-hundefliege-magical-moss\/","og_site_name":"TED&#039;S &amp; TAILS","article_modified_time":"2025-09-01T10:59:41+00:00","og_image":[{"width":1707,"height":2560,"url":"https:\/\/tedsandtails.de\/wp-content\/uploads\/2025\/08\/4g1a7754-scaled.jpeg","type":"image\/jpeg"}],"twitter_card":"summary_large_image","twitter_misc":{"Est. reading time":"1 minute"},"schema":{"@context":"https:\/\/schema.org","@graph":[{"@type":"WebPage","@id":"https:\/\/tedsandtails.de\/produkt\/set-halsband-hundefliege-magical-moss\/","url":"https:\/\/tedsandtails.de\/produkt\/set-halsband-hundefliege-magical-moss\/","name":"Set Halsband &amp; Hundefliege - Magical Moss - TED&#039;S &amp; TAILS","isPartOf":{"@id":"https:\/\/tedsandtails.de\/#website"},"datePublished":"2025-07-11T09:39:48+00:00","dateModified":"2025-09-01T10:59:41+00:00","description":"Entdecke das Set Halsband und Hundefliege aus der Magical Moss Kollektion \u2013 stilvolle Accessoires aus gr\u00fcnem Cord mit goldenen Verschl\u00fcssen.","breadcrumb":{"@id":"https:\/\/tedsandtails.de\/produkt\/set-halsband-hundefliege-magical-moss\/#breadcrumb"},"inLanguage":"en-GB","potentialAction":[{"@type":"ReadAction","target":["https:\/\/tedsandtails.de\/produkt\/set-halsband-hundefliege-magical-moss\/"]}]},{"@type":"BreadcrumbList","@id":"https:\/\/tedsandtails.de\/produkt\/set-halsband-hundefliege-magical-moss\/#breadcrumb","itemListElement":[{"@type":"ListItem","position":1,"name":"Startseite","item":"https:\/\/tedsandtails.de\/"},{"@type":"ListItem","position":2,"name":"Shop","item":"https:\/\/tedsandtails.de\/shop\/"},{"@type":"ListItem","position":3,"name":"Set Halsband &amp; Hundefliege &#8211; Magical Moss"}]},{"@type":"WebSite","@id":"https:\/\/tedsandtails.de\/#website","url":"https:\/\/tedsandtails.de\/","name":"TED&#039;S &amp; TAILS","description":"","publisher":{"@id":"https:\/\/tedsandtails.de\/#organization"},"potentialAction":[{"@type":"SearchAction","target":{"@type":"EntryPoint","urlTemplate":"https:\/\/tedsandtails.de\/?s={search_term_string}"},"query-input":"required name=search_term_string"}],"inLanguage":"en-GB"},{"@type":"Organization","@id":"https:\/\/tedsandtails.de\/#organization","name":"TED&#039;S &amp; TAILS","url":"https:\/\/tedsandtails.de\/","logo":{"@type":"ImageObject","inLanguage":"en-GB","@id":"https:\/\/tedsandtails.de\/#\/schema\/logo\/image\/","url":"https:\/\/tedsandtails.de\/wp-content\/uploads\/2022\/09\/Teddys-5.png","contentUrl":"https:\/\/tedsandtails.de\/wp-content\/uploads\/2022\/09\/Teddys-5.png","width":1080,"height":1080,"caption":"TED&#039;S &amp; TAILS"},"image":{"@id":"https:\/\/tedsandtails.de\/#\/schema\/logo\/image\/"}}]}},"_links":{"self":[{"href":"https:\/\/tedsandtails.de\/en\/wp-json\/wp\/v2\/product\/7199","targetHints":{"allow":["GET"]}}],"collection":[{"href":"https:\/\/tedsandtails.de\/en\/wp-json\/wp\/v2\/product"}],"about":[{"href":"https:\/\/tedsandtails.de\/en\/wp-json\/wp\/v2\/types\/product"}],"replies":[{"embeddable":true,"href":"https:\/\/tedsandtails.de\/en\/wp-json\/wp\/v2\/comments?post=7199"}],"wp:featuredmedia":[{"embeddable":true,"href":"https:\/\/tedsandtails.de\/en\/wp-json\/wp\/v2\/media\/7289"}],"wp:attachment":[{"href":"https:\/\/tedsandtails.de\/en\/wp-json\/wp\/v2\/media?parent=7199"}],"wp:term":[{"taxonomy":"product_cat","embeddable":true,"href":"https:\/\/tedsandtails.de\/en\/wp-json\/wp\/v2\/product_cat?post=7199"},{"taxonomy":"product_tag","embeddable":true,"href":"https:\/\/tedsandtails.de\/en\/wp-json\/wp\/v2\/product_tag?post=7199"}],"curies":[{"name":"wp","href":"https:\/\/api.w.org\/{rel}","templated":true}]}}