{"id":7428,"date":"2025-08-04T09:41:57","date_gmt":"2025-08-04T07:41:57","guid":{"rendered":"https:\/\/tedsandtails.de\/?post_type=product&#038;p=7428"},"modified":"2025-08-22T15:06:03","modified_gmt":"2025-08-22T13:06:03","slug":"set-geschirr-leine-kotbeutelhalter-magical-moss","status":"publish","type":"product","link":"https:\/\/tedsandtails.de\/en\/product\/set-geschirr-leine-kotbeutelhalter-magical-moss\/","title":{"rendered":"Set Geschirr, Leine &amp; Kotbeutelhalter &#8211; Magical Moss"},"content":{"rendered":"<p>Du bist auf der Suche nach den sch\u00f6nsten Accessoires f\u00fcr deinen Hund, die den aktuellen Trends entsprechen? Dann ist dieses Set aus der Magical Moss Kollektion genau das Richtige f\u00fcr dich!<\/p>\n<p>In dem Set erh\u00e4ltst du ein Hundegeschirr, ein Kotbeutelhalter und eine passende Hundeleine aus der Magical Moss Kollektion. Mix &amp; Match mit allen anderen Produkten dieser Kollektion, um den Look zu vervollst\u00e4ndigen.<\/p>\n<p>The dog harness is made of corduroy and has a soft, breathable fabric on the inside. The buckles and rings are gold and strong. The size and width of the straps, buckles and rings are matched to the size of the harness. The poop bag holder is made of corduroy and also has gold details.<\/p>\n<p>Das Geschirr ist in den Gr\u00f6\u00dfen XS bis L erh\u00e4ltlich. Das Set wird mit einer Hundeleine in Gr\u00f6\u00dfe M geliefert. Du kannst eine normale Hundeleine (2cm x 150cm) oder eine Handsfree-Leine (2cm x 200cm) w\u00e4hlen. Eine Handsfree-Leine kann wie eine normale Leine verwendet werden, kann aber auch crossbody getragen werden, sodass du die H\u00e4nde frei hast.<\/p>\n<p>Wondering what size your dog needs? Check out our size chart.<\/p>","protected":false},"excerpt":{"rendered":"<p>Du bist auf der Suche nach den sch\u00f6nsten Accessoires f\u00fcr deinen Hund, die den aktuellen Trends entsprechen? Dann ist dieses Set aus der Magical Moss Kollektion genau das Richtige f\u00fcr dich! In dem Set erh\u00e4ltst du ein Hundegeschirr, ein Kotbeutelhalter und eine passende Hundeleine aus der Magical Moss Kollektion. Mix &amp; Match mit allen anderen [&hellip;]<\/p>","protected":false},"featured_media":7438,"comment_status":"open","ping_status":"closed","template":"","meta":[],"product_cat":[20,170],"product_tag":[46,85,48,36,83,163,54,53,47,50,49,45,44,67,64,86,164,206,71,70,84,52],"class_list":{"0":"post-7428","1":"product","2":"type-product","3":"status-publish","4":"has-post-thumbnail","6":"product_cat-sets","7":"product_cat-magical-moss","8":"product_tag-dog-accessories","9":"product_tag-dog-set","10":"product_tag-dogs","11":"product_tag-geschirr","12":"product_tag-geschirr-set","13":"product_tag-gruen","14":"product_tag-harnas","15":"product_tag-harness","16":"product_tag-honden","17":"product_tag-hondenaccessoires","18":"product_tag-hunden","19":"product_tag-hunden-accessoires","20":"product_tag-hundezubehoer","21":"product_tag-kotbeutelhalter","22":"product_tag-leash","23":"product_tag-leine","24":"product_tag-magical-moss","25":"product_tag-olivgruen","26":"product_tag-poepzakhoudertje","27":"product_tag-poepzakjes","28":"product_tag-set","29":"product_tag-tuigje","31":"first","32":"instock","33":"shipping-taxable","34":"purchasable","35":"product-type-variable"},"yoast_head":"<!-- This site is optimized with the Yoast SEO plugin v20.12 - https:\/\/yoast.com\/wordpress\/plugins\/seo\/ -->\n<title>Set Hundegeschirr, Leine &amp; Kotbeutelhalter \u2013 Magical Moss<\/title>\n<meta name=\"description\" content=\"Trendiges Hundezubeh\u00f6r im Set: Geschirr, Leine &amp; Kotbeutelhalter in Magical Moss. Perfekt f\u00fcr Spazierg\u00e4nge &amp; Mix &amp; Match mit der ganzen Kollektion.\" \/>\n<meta name=\"robots\" content=\"index, follow, max-snippet:-1, max-image-preview:large, max-video-preview:-1\" \/>\n<link rel=\"canonical\" href=\"https:\/\/tedsandtails.de\/en\/product\/set-geschirr-leine-kotbeutelhalter-magical-moss\/\" \/>\n<meta property=\"og:locale\" content=\"en_GB\" \/>\n<meta property=\"og:type\" content=\"article\" \/>\n<meta property=\"og:title\" content=\"Set Hundegeschirr, Leine &amp; Kotbeutelhalter \u2013 Magical Moss\" \/>\n<meta property=\"og:description\" content=\"Trendiges Hundezubeh\u00f6r im Set: Geschirr, Leine &amp; Kotbeutelhalter in Magical Moss. Perfekt f\u00fcr Spazierg\u00e4nge &amp; Mix &amp; Match mit der ganzen Kollektion.\" \/>\n<meta property=\"og:url\" content=\"https:\/\/tedsandtails.de\/en\/product\/set-geschirr-leine-kotbeutelhalter-magical-moss\/\" \/>\n<meta property=\"og:site_name\" content=\"TED&#039;S &amp; TAILS\" \/>\n<meta property=\"article:modified_time\" content=\"2025-08-22T13:06:03+00:00\" \/>\n<meta property=\"og:image\" content=\"https:\/\/tedsandtails.de\/wp-content\/uploads\/2025\/08\/4g1a7732-scaled.jpeg\" \/>\n\t<meta property=\"og:image:width\" content=\"1707\" \/>\n\t<meta property=\"og:image:height\" content=\"2560\" \/>\n\t<meta property=\"og:image:type\" content=\"image\/jpeg\" \/>\n<meta name=\"twitter:card\" content=\"summary_large_image\" \/>\n<meta name=\"twitter:label1\" content=\"Est. reading time\" \/>\n\t<meta name=\"twitter:data1\" content=\"2 minutes\" \/>\n<script type=\"application\/ld+json\" class=\"yoast-schema-graph\">{\"@context\":\"https:\/\/schema.org\",\"@graph\":[{\"@type\":\"WebPage\",\"@id\":\"https:\/\/tedsandtails.de\/produkt\/set-geschirr-leine-kotbeutelhalter-magical-moss\/\",\"url\":\"https:\/\/tedsandtails.de\/produkt\/set-geschirr-leine-kotbeutelhalter-magical-moss\/\",\"name\":\"Set Hundegeschirr, Leine & Kotbeutelhalter \u2013 Magical Moss\",\"isPartOf\":{\"@id\":\"https:\/\/tedsandtails.de\/#website\"},\"datePublished\":\"2025-08-04T07:41:57+00:00\",\"dateModified\":\"2025-08-22T13:06:03+00:00\",\"description\":\"Trendiges Hundezubeh\u00f6r im Set: Geschirr, Leine & Kotbeutelhalter in Magical Moss. Perfekt f\u00fcr Spazierg\u00e4nge & Mix & Match mit der ganzen Kollektion.\",\"breadcrumb\":{\"@id\":\"https:\/\/tedsandtails.de\/produkt\/set-geschirr-leine-kotbeutelhalter-magical-moss\/#breadcrumb\"},\"inLanguage\":\"en-GB\",\"potentialAction\":[{\"@type\":\"ReadAction\",\"target\":[\"https:\/\/tedsandtails.de\/produkt\/set-geschirr-leine-kotbeutelhalter-magical-moss\/\"]}]},{\"@type\":\"BreadcrumbList\",\"@id\":\"https:\/\/tedsandtails.de\/produkt\/set-geschirr-leine-kotbeutelhalter-magical-moss\/#breadcrumb\",\"itemListElement\":[{\"@type\":\"ListItem\",\"position\":1,\"name\":\"Startseite\",\"item\":\"https:\/\/tedsandtails.de\/\"},{\"@type\":\"ListItem\",\"position\":2,\"name\":\"Shop\",\"item\":\"https:\/\/tedsandtails.de\/shop\/\"},{\"@type\":\"ListItem\",\"position\":3,\"name\":\"Set Geschirr, Leine &amp; Kotbeutelhalter &#8211; Magical Moss\"}]},{\"@type\":\"WebSite\",\"@id\":\"https:\/\/tedsandtails.de\/#website\",\"url\":\"https:\/\/tedsandtails.de\/\",\"name\":\"TED&#039;S &amp; TAILS\",\"description\":\"\",\"publisher\":{\"@id\":\"https:\/\/tedsandtails.de\/#organization\"},\"potentialAction\":[{\"@type\":\"SearchAction\",\"target\":{\"@type\":\"EntryPoint\",\"urlTemplate\":\"https:\/\/tedsandtails.de\/?s={search_term_string}\"},\"query-input\":\"required name=search_term_string\"}],\"inLanguage\":\"en-GB\"},{\"@type\":\"Organization\",\"@id\":\"https:\/\/tedsandtails.de\/#organization\",\"name\":\"TED&#039;S &amp; TAILS\",\"url\":\"https:\/\/tedsandtails.de\/\",\"logo\":{\"@type\":\"ImageObject\",\"inLanguage\":\"en-GB\",\"@id\":\"https:\/\/tedsandtails.de\/#\/schema\/logo\/image\/\",\"url\":\"https:\/\/tedsandtails.de\/wp-content\/uploads\/2022\/09\/Teddys-5.png\",\"contentUrl\":\"https:\/\/tedsandtails.de\/wp-content\/uploads\/2022\/09\/Teddys-5.png\",\"width\":1080,\"height\":1080,\"caption\":\"TED&#039;S &amp; TAILS\"},\"image\":{\"@id\":\"https:\/\/tedsandtails.de\/#\/schema\/logo\/image\/\"}}]}<\/script>\n<!-- \/ Yoast SEO plugin. -->","yoast_head_json":{"title":"Set Hundegeschirr, Leine & Kotbeutelhalter \u2013 Magical Moss","description":"Trendiges Hundezubeh\u00f6r im Set: Geschirr, Leine & Kotbeutelhalter in Magical Moss. Perfekt f\u00fcr Spazierg\u00e4nge & Mix & Match mit der ganzen Kollektion.","robots":{"index":"index","follow":"follow","max-snippet":"max-snippet:-1","max-image-preview":"max-image-preview:large","max-video-preview":"max-video-preview:-1"},"canonical":"https:\/\/tedsandtails.de\/en\/product\/set-geschirr-leine-kotbeutelhalter-magical-moss\/","og_locale":"en_GB","og_type":"article","og_title":"Set Hundegeschirr, Leine & Kotbeutelhalter \u2013 Magical Moss","og_description":"Trendiges Hundezubeh\u00f6r im Set: Geschirr, Leine & Kotbeutelhalter in Magical Moss. Perfekt f\u00fcr Spazierg\u00e4nge & Mix & Match mit der ganzen Kollektion.","og_url":"https:\/\/tedsandtails.de\/en\/product\/set-geschirr-leine-kotbeutelhalter-magical-moss\/","og_site_name":"TED&#039;S &amp; TAILS","article_modified_time":"2025-08-22T13:06:03+00:00","og_image":[{"width":1707,"height":2560,"url":"https:\/\/tedsandtails.de\/wp-content\/uploads\/2025\/08\/4g1a7732-scaled.jpeg","type":"image\/jpeg"}],"twitter_card":"summary_large_image","twitter_misc":{"Est. reading time":"2 minutes"},"schema":{"@context":"https:\/\/schema.org","@graph":[{"@type":"WebPage","@id":"https:\/\/tedsandtails.de\/produkt\/set-geschirr-leine-kotbeutelhalter-magical-moss\/","url":"https:\/\/tedsandtails.de\/produkt\/set-geschirr-leine-kotbeutelhalter-magical-moss\/","name":"Set Hundegeschirr, Leine & Kotbeutelhalter \u2013 Magical Moss","isPartOf":{"@id":"https:\/\/tedsandtails.de\/#website"},"datePublished":"2025-08-04T07:41:57+00:00","dateModified":"2025-08-22T13:06:03+00:00","description":"Trendiges Hundezubeh\u00f6r im Set: Geschirr, Leine & Kotbeutelhalter in Magical Moss. Perfekt f\u00fcr Spazierg\u00e4nge & Mix & Match mit der ganzen Kollektion.","breadcrumb":{"@id":"https:\/\/tedsandtails.de\/produkt\/set-geschirr-leine-kotbeutelhalter-magical-moss\/#breadcrumb"},"inLanguage":"en-GB","potentialAction":[{"@type":"ReadAction","target":["https:\/\/tedsandtails.de\/produkt\/set-geschirr-leine-kotbeutelhalter-magical-moss\/"]}]},{"@type":"BreadcrumbList","@id":"https:\/\/tedsandtails.de\/produkt\/set-geschirr-leine-kotbeutelhalter-magical-moss\/#breadcrumb","itemListElement":[{"@type":"ListItem","position":1,"name":"Startseite","item":"https:\/\/tedsandtails.de\/"},{"@type":"ListItem","position":2,"name":"Shop","item":"https:\/\/tedsandtails.de\/shop\/"},{"@type":"ListItem","position":3,"name":"Set Geschirr, Leine &amp; Kotbeutelhalter &#8211; Magical Moss"}]},{"@type":"WebSite","@id":"https:\/\/tedsandtails.de\/#website","url":"https:\/\/tedsandtails.de\/","name":"TED&#039;S &amp; TAILS","description":"","publisher":{"@id":"https:\/\/tedsandtails.de\/#organization"},"potentialAction":[{"@type":"SearchAction","target":{"@type":"EntryPoint","urlTemplate":"https:\/\/tedsandtails.de\/?s={search_term_string}"},"query-input":"required name=search_term_string"}],"inLanguage":"en-GB"},{"@type":"Organization","@id":"https:\/\/tedsandtails.de\/#organization","name":"TED&#039;S &amp; TAILS","url":"https:\/\/tedsandtails.de\/","logo":{"@type":"ImageObject","inLanguage":"en-GB","@id":"https:\/\/tedsandtails.de\/#\/schema\/logo\/image\/","url":"https:\/\/tedsandtails.de\/wp-content\/uploads\/2022\/09\/Teddys-5.png","contentUrl":"https:\/\/tedsandtails.de\/wp-content\/uploads\/2022\/09\/Teddys-5.png","width":1080,"height":1080,"caption":"TED&#039;S &amp; TAILS"},"image":{"@id":"https:\/\/tedsandtails.de\/#\/schema\/logo\/image\/"}}]}},"_links":{"self":[{"href":"https:\/\/tedsandtails.de\/en\/wp-json\/wp\/v2\/product\/7428","targetHints":{"allow":["GET"]}}],"collection":[{"href":"https:\/\/tedsandtails.de\/en\/wp-json\/wp\/v2\/product"}],"about":[{"href":"https:\/\/tedsandtails.de\/en\/wp-json\/wp\/v2\/types\/product"}],"replies":[{"embeddable":true,"href":"https:\/\/tedsandtails.de\/en\/wp-json\/wp\/v2\/comments?post=7428"}],"wp:featuredmedia":[{"embeddable":true,"href":"https:\/\/tedsandtails.de\/en\/wp-json\/wp\/v2\/media\/7438"}],"wp:attachment":[{"href":"https:\/\/tedsandtails.de\/en\/wp-json\/wp\/v2\/media?parent=7428"}],"wp:term":[{"taxonomy":"product_cat","embeddable":true,"href":"https:\/\/tedsandtails.de\/en\/wp-json\/wp\/v2\/product_cat?post=7428"},{"taxonomy":"product_tag","embeddable":true,"href":"https:\/\/tedsandtails.de\/en\/wp-json\/wp\/v2\/product_tag?post=7428"}],"curies":[{"name":"wp","href":"https:\/\/api.w.org\/{rel}","templated":true}]}}