{"id":7440,"date":"2025-08-04T09:53:30","date_gmt":"2025-08-04T07:53:30","guid":{"rendered":"https:\/\/tedsandtails.de\/?post_type=product&#038;p=7440"},"modified":"2026-04-15T12:28:18","modified_gmt":"2026-04-15T10:28:18","slug":"set-geschirr-leine-magical-moss","status":"publish","type":"product","link":"https:\/\/tedsandtails.de\/en\/product\/set-geschirr-leine-magical-moss\/","title":{"rendered":"Set Geschirr &amp; Leine &#8211; Magical Moss"},"content":{"rendered":"<p data-start=\"983\" data-end=\"1158\">Du suchst nach einem stilvollen Hundezubeh\u00f6r-Set, das zu den aktuellen Trends passt? Dann ist unser Set Hundegeschirr &amp; Leine Magical Moss genau das Richtige f\u00fcr dich!<\/p>\n<p data-start=\"983\" data-end=\"1158\"><strong data-start=\"1164\" data-end=\"1203\">Hochwertiges Hundegeschirr aus Cord<br \/>\n<\/strong>Das Geschirr besteht aus weichem Cord und ist innen mit einem atmungsaktiven Stoff gef\u00fcttert. Stabile goldene Schnallen und Ringe sorgen f\u00fcr Sicherheit und einen edlen Look. Alle Gurte, Schnallen und Ringe sind optimal auf die jeweilige Geschirrgr\u00f6\u00dfe abgestimmt.<\/p>\n<p data-start=\"983\" data-end=\"1158\"><strong data-start=\"1480\" data-end=\"1525\">Passende Hundeleine f\u00fcr jeden Spaziergang<br \/>\n<\/strong>Im Set ist eine Hundeleine in Gr\u00f6\u00dfe M enthalten. Du kannst zwischen einer normalen Leine (2 cm x 150 cm) und einer Handsfree-Leine (2 cm x 200 cm) w\u00e4hlen. Die Handsfree-Leine kann crossbody getragen werden, sodass du die H\u00e4nde frei hast.<\/p>\n<p data-start=\"983\" data-end=\"1158\"><strong data-start=\"1785\" data-end=\"1822\">Perfekte Passform f\u00fcr deinen Hund<br \/>\n<\/strong>Das Hundegeschirr ist in den Gr\u00f6\u00dfen XS bis L erh\u00e4ltlich. Wenn du dir unsicher bist, welche Gr\u00f6\u00dfe deinem Hund passt, wirf einen Blick in unsere Gr\u00f6\u00dfentabelle. Kombiniere das Set mit weiteren Produkten der Magical Moss Kollektion und kreiere den perfekten Look f\u00fcr dich und deinen Vierbeiner!<\/p>","protected":false},"excerpt":{"rendered":"<p>Du suchst nach einem stilvollen Hundezubeh\u00f6r-Set, das zu den aktuellen Trends passt? Dann ist unser Set Hundegeschirr &amp; Leine Magical Moss genau das Richtige f\u00fcr dich! Hochwertiges Hundegeschirr aus Cord Das Geschirr besteht aus weichem Cord und ist innen mit einem atmungsaktiven Stoff gef\u00fcttert. Stabile goldene Schnallen und Ringe sorgen f\u00fcr Sicherheit und einen edlen [&hellip;]<\/p>","protected":false},"featured_media":7450,"comment_status":"open","ping_status":"closed","template":"","meta":[],"product_cat":[20,170],"product_tag":[46,85,48,36,83,163,54,53,47,50,49,45,44,67,64,86,164,206,71,70,84,52],"class_list":{"0":"post-7440","1":"product","2":"type-product","3":"status-publish","4":"has-post-thumbnail","6":"product_cat-sets","7":"product_cat-magical-moss","8":"product_tag-dog-accessories","9":"product_tag-dog-set","10":"product_tag-dogs","11":"product_tag-geschirr","12":"product_tag-geschirr-set","13":"product_tag-gruen","14":"product_tag-harnas","15":"product_tag-harness","16":"product_tag-honden","17":"product_tag-hondenaccessoires","18":"product_tag-hunden","19":"product_tag-hunden-accessoires","20":"product_tag-hundezubehoer","21":"product_tag-kotbeutelhalter","22":"product_tag-leash","23":"product_tag-leine","24":"product_tag-magical-moss","25":"product_tag-olivgruen","26":"product_tag-poepzakhoudertje","27":"product_tag-poepzakjes","28":"product_tag-set","29":"product_tag-tuigje","31":"first","32":"instock","33":"shipping-taxable","34":"purchasable","35":"product-type-variable"},"yoast_head":"<!-- This site is optimized with the Yoast SEO plugin v20.12 - https:\/\/yoast.com\/wordpress\/plugins\/seo\/ -->\n<title>Set Geschirr &amp; Leine - Magical Moss - TED&#039;S &amp; TAILS<\/title>\n<meta name=\"description\" content=\"Stylisches Set aus Hundegeschirr &amp; Leine in Magical Moss. Hochwertiger Cord mit goldenen Details \u2013 perfekt f\u00fcr Spazierg\u00e4nge &amp; Mix &amp; Match mit der Kollektion.\" \/>\n<meta name=\"robots\" content=\"index, follow, max-snippet:-1, max-image-preview:large, max-video-preview:-1\" \/>\n<link rel=\"canonical\" href=\"https:\/\/tedsandtails.de\/en\/product\/set-geschirr-leine-magical-moss\/\" \/>\n<meta property=\"og:locale\" content=\"en_GB\" \/>\n<meta property=\"og:type\" content=\"article\" \/>\n<meta property=\"og:title\" content=\"Set Geschirr &amp; Leine - Magical Moss - TED&#039;S &amp; TAILS\" \/>\n<meta property=\"og:description\" content=\"Stylisches Set aus Hundegeschirr &amp; Leine in Magical Moss. Hochwertiger Cord mit goldenen Details \u2013 perfekt f\u00fcr Spazierg\u00e4nge &amp; Mix &amp; Match mit der Kollektion.\" \/>\n<meta property=\"og:url\" content=\"https:\/\/tedsandtails.de\/en\/product\/set-geschirr-leine-magical-moss\/\" \/>\n<meta property=\"og:site_name\" content=\"TED&#039;S &amp; TAILS\" \/>\n<meta property=\"article:modified_time\" content=\"2026-04-15T10:28:18+00:00\" \/>\n<meta property=\"og:image\" content=\"https:\/\/tedsandtails.de\/wp-content\/uploads\/2025\/08\/4g1a7697-scaled.jpeg\" \/>\n\t<meta property=\"og:image:width\" content=\"1707\" \/>\n\t<meta property=\"og:image:height\" content=\"2560\" \/>\n\t<meta property=\"og:image:type\" content=\"image\/jpeg\" \/>\n<meta name=\"twitter:card\" content=\"summary_large_image\" \/>\n<meta name=\"twitter:label1\" content=\"Est. reading time\" \/>\n\t<meta name=\"twitter:data1\" content=\"1 minute\" \/>\n<script type=\"application\/ld+json\" class=\"yoast-schema-graph\">{\"@context\":\"https:\/\/schema.org\",\"@graph\":[{\"@type\":\"WebPage\",\"@id\":\"https:\/\/tedsandtails.de\/produkt\/set-geschirr-leine-magical-moss\/\",\"url\":\"https:\/\/tedsandtails.de\/produkt\/set-geschirr-leine-magical-moss\/\",\"name\":\"Set Geschirr &amp; Leine - Magical Moss - TED&#039;S &amp; TAILS\",\"isPartOf\":{\"@id\":\"https:\/\/tedsandtails.de\/#website\"},\"datePublished\":\"2025-08-04T07:53:30+00:00\",\"dateModified\":\"2026-04-15T10:28:18+00:00\",\"description\":\"Stylisches Set aus Hundegeschirr & Leine in Magical Moss. Hochwertiger Cord mit goldenen Details \u2013 perfekt f\u00fcr Spazierg\u00e4nge & Mix & Match mit der Kollektion.\",\"breadcrumb\":{\"@id\":\"https:\/\/tedsandtails.de\/produkt\/set-geschirr-leine-magical-moss\/#breadcrumb\"},\"inLanguage\":\"en-GB\",\"potentialAction\":[{\"@type\":\"ReadAction\",\"target\":[\"https:\/\/tedsandtails.de\/produkt\/set-geschirr-leine-magical-moss\/\"]}]},{\"@type\":\"BreadcrumbList\",\"@id\":\"https:\/\/tedsandtails.de\/produkt\/set-geschirr-leine-magical-moss\/#breadcrumb\",\"itemListElement\":[{\"@type\":\"ListItem\",\"position\":1,\"name\":\"Startseite\",\"item\":\"https:\/\/tedsandtails.de\/\"},{\"@type\":\"ListItem\",\"position\":2,\"name\":\"Shop\",\"item\":\"https:\/\/tedsandtails.de\/shop\/\"},{\"@type\":\"ListItem\",\"position\":3,\"name\":\"Set Geschirr &amp; Leine &#8211; Magical Moss\"}]},{\"@type\":\"WebSite\",\"@id\":\"https:\/\/tedsandtails.de\/#website\",\"url\":\"https:\/\/tedsandtails.de\/\",\"name\":\"TED&#039;S &amp; TAILS\",\"description\":\"\",\"publisher\":{\"@id\":\"https:\/\/tedsandtails.de\/#organization\"},\"potentialAction\":[{\"@type\":\"SearchAction\",\"target\":{\"@type\":\"EntryPoint\",\"urlTemplate\":\"https:\/\/tedsandtails.de\/?s={search_term_string}\"},\"query-input\":\"required name=search_term_string\"}],\"inLanguage\":\"en-GB\"},{\"@type\":\"Organization\",\"@id\":\"https:\/\/tedsandtails.de\/#organization\",\"name\":\"TED&#039;S &amp; TAILS\",\"url\":\"https:\/\/tedsandtails.de\/\",\"logo\":{\"@type\":\"ImageObject\",\"inLanguage\":\"en-GB\",\"@id\":\"https:\/\/tedsandtails.de\/#\/schema\/logo\/image\/\",\"url\":\"https:\/\/tedsandtails.de\/wp-content\/uploads\/2022\/09\/Teddys-5.png\",\"contentUrl\":\"https:\/\/tedsandtails.de\/wp-content\/uploads\/2022\/09\/Teddys-5.png\",\"width\":1080,\"height\":1080,\"caption\":\"TED&#039;S &amp; TAILS\"},\"image\":{\"@id\":\"https:\/\/tedsandtails.de\/#\/schema\/logo\/image\/\"}}]}<\/script>\n<!-- \/ Yoast SEO plugin. -->","yoast_head_json":{"title":"Set Geschirr &amp; Leine - Magical Moss - TED&#039;S &amp; TAILS","description":"Stylisches Set aus Hundegeschirr & Leine in Magical Moss. Hochwertiger Cord mit goldenen Details \u2013 perfekt f\u00fcr Spazierg\u00e4nge & Mix & Match mit der Kollektion.","robots":{"index":"index","follow":"follow","max-snippet":"max-snippet:-1","max-image-preview":"max-image-preview:large","max-video-preview":"max-video-preview:-1"},"canonical":"https:\/\/tedsandtails.de\/en\/product\/set-geschirr-leine-magical-moss\/","og_locale":"en_GB","og_type":"article","og_title":"Set Geschirr &amp; Leine - Magical Moss - TED&#039;S &amp; TAILS","og_description":"Stylisches Set aus Hundegeschirr & Leine in Magical Moss. Hochwertiger Cord mit goldenen Details \u2013 perfekt f\u00fcr Spazierg\u00e4nge & Mix & Match mit der Kollektion.","og_url":"https:\/\/tedsandtails.de\/en\/product\/set-geschirr-leine-magical-moss\/","og_site_name":"TED&#039;S &amp; TAILS","article_modified_time":"2026-04-15T10:28:18+00:00","og_image":[{"width":1707,"height":2560,"url":"https:\/\/tedsandtails.de\/wp-content\/uploads\/2025\/08\/4g1a7697-scaled.jpeg","type":"image\/jpeg"}],"twitter_card":"summary_large_image","twitter_misc":{"Est. reading time":"1 minute"},"schema":{"@context":"https:\/\/schema.org","@graph":[{"@type":"WebPage","@id":"https:\/\/tedsandtails.de\/produkt\/set-geschirr-leine-magical-moss\/","url":"https:\/\/tedsandtails.de\/produkt\/set-geschirr-leine-magical-moss\/","name":"Set Geschirr &amp; Leine - Magical Moss - TED&#039;S &amp; TAILS","isPartOf":{"@id":"https:\/\/tedsandtails.de\/#website"},"datePublished":"2025-08-04T07:53:30+00:00","dateModified":"2026-04-15T10:28:18+00:00","description":"Stylisches Set aus Hundegeschirr & Leine in Magical Moss. Hochwertiger Cord mit goldenen Details \u2013 perfekt f\u00fcr Spazierg\u00e4nge & Mix & Match mit der Kollektion.","breadcrumb":{"@id":"https:\/\/tedsandtails.de\/produkt\/set-geschirr-leine-magical-moss\/#breadcrumb"},"inLanguage":"en-GB","potentialAction":[{"@type":"ReadAction","target":["https:\/\/tedsandtails.de\/produkt\/set-geschirr-leine-magical-moss\/"]}]},{"@type":"BreadcrumbList","@id":"https:\/\/tedsandtails.de\/produkt\/set-geschirr-leine-magical-moss\/#breadcrumb","itemListElement":[{"@type":"ListItem","position":1,"name":"Startseite","item":"https:\/\/tedsandtails.de\/"},{"@type":"ListItem","position":2,"name":"Shop","item":"https:\/\/tedsandtails.de\/shop\/"},{"@type":"ListItem","position":3,"name":"Set Geschirr &amp; Leine &#8211; Magical Moss"}]},{"@type":"WebSite","@id":"https:\/\/tedsandtails.de\/#website","url":"https:\/\/tedsandtails.de\/","name":"TED&#039;S &amp; TAILS","description":"","publisher":{"@id":"https:\/\/tedsandtails.de\/#organization"},"potentialAction":[{"@type":"SearchAction","target":{"@type":"EntryPoint","urlTemplate":"https:\/\/tedsandtails.de\/?s={search_term_string}"},"query-input":"required name=search_term_string"}],"inLanguage":"en-GB"},{"@type":"Organization","@id":"https:\/\/tedsandtails.de\/#organization","name":"TED&#039;S &amp; TAILS","url":"https:\/\/tedsandtails.de\/","logo":{"@type":"ImageObject","inLanguage":"en-GB","@id":"https:\/\/tedsandtails.de\/#\/schema\/logo\/image\/","url":"https:\/\/tedsandtails.de\/wp-content\/uploads\/2022\/09\/Teddys-5.png","contentUrl":"https:\/\/tedsandtails.de\/wp-content\/uploads\/2022\/09\/Teddys-5.png","width":1080,"height":1080,"caption":"TED&#039;S &amp; TAILS"},"image":{"@id":"https:\/\/tedsandtails.de\/#\/schema\/logo\/image\/"}}]}},"_links":{"self":[{"href":"https:\/\/tedsandtails.de\/en\/wp-json\/wp\/v2\/product\/7440","targetHints":{"allow":["GET"]}}],"collection":[{"href":"https:\/\/tedsandtails.de\/en\/wp-json\/wp\/v2\/product"}],"about":[{"href":"https:\/\/tedsandtails.de\/en\/wp-json\/wp\/v2\/types\/product"}],"replies":[{"embeddable":true,"href":"https:\/\/tedsandtails.de\/en\/wp-json\/wp\/v2\/comments?post=7440"}],"wp:featuredmedia":[{"embeddable":true,"href":"https:\/\/tedsandtails.de\/en\/wp-json\/wp\/v2\/media\/7450"}],"wp:attachment":[{"href":"https:\/\/tedsandtails.de\/en\/wp-json\/wp\/v2\/media?parent=7440"}],"wp:term":[{"taxonomy":"product_cat","embeddable":true,"href":"https:\/\/tedsandtails.de\/en\/wp-json\/wp\/v2\/product_cat?post=7440"},{"taxonomy":"product_tag","embeddable":true,"href":"https:\/\/tedsandtails.de\/en\/wp-json\/wp\/v2\/product_tag?post=7440"}],"curies":[{"name":"wp","href":"https:\/\/api.w.org\/{rel}","templated":true}]}}