{"id":7662,"date":"2025-10-20T18:59:04","date_gmt":"2025-10-20T16:59:04","guid":{"rendered":"https:\/\/tedsandtails.de\/?post_type=product&#038;p=7662"},"modified":"2026-04-10T12:44:29","modified_gmt":"2026-04-10T10:44:29","slug":"hundeleine-handsfree-verstellbar-lovely-lavender","status":"publish","type":"product","link":"https:\/\/tedsandtails.de\/en\/product\/hundeleine-handsfree-verstellbar-lovely-lavender\/","title":{"rendered":"Hundeleine Handsfree\/verstellbar &#8211; Lovely Lavender"},"content":{"rendered":"<p>Du bist auf der Suche nach den sch\u00f6nsten Accessoires f\u00fcr deinen Hund, die den aktuellen Trends entsprechen? Dann ist diese Handsfree-Hundeleine aus der Lovely Lavender Kollektion genau das Richtige f\u00fcr dich! Eine Handsfree-Leine kann wie eine normale Leine verwendet werden, sie kann aber auch crossbody oder um die H\u00fcfte getragen werden, sodass du die H\u00e4nde frei hast. Die Leine ist aus Cord gefertigt und verf\u00fcgt \u00fcber goldfarbene, Metallringe sowie Kunststoffclips.<\/p>\n<p>Mix &amp; Match mit allen anderen Produkten dieser Kollektion, um den Look zu vervollst\u00e4ndigen. Die Hundeleine ist in Gr\u00f6\u00dfe M erh\u00e4ltlich (200cm x 2cm).<\/p>","protected":false},"excerpt":{"rendered":"<p>Du bist auf der Suche nach den sch\u00f6nsten Accessoires f\u00fcr deinen Hund, die den aktuellen Trends entsprechen? Dann ist diese Handsfree-Hundeleine aus der Lovely Lavender Kollektion genau das Richtige f\u00fcr dich! Eine Handsfree-Leine kann wie eine normale Leine verwendet werden, sie kann aber auch crossbody oder um die H\u00fcfte getragen werden, sodass du die H\u00e4nde [&hellip;]<\/p>","protected":false},"featured_media":7663,"comment_status":"open","ping_status":"closed","template":"","meta":[],"product_cat":[189,19],"product_tag":[],"class_list":{"0":"post-7662","1":"product","2":"type-product","3":"status-publish","4":"has-post-thumbnail","6":"product_cat-lovely-lavender","7":"product_cat-hundeleinen","9":"first","10":"instock","11":"shipping-taxable","12":"purchasable","13":"product-type-simple"},"yoast_head":"<!-- This site is optimized with the Yoast SEO plugin v20.12 - https:\/\/yoast.com\/wordpress\/plugins\/seo\/ -->\n<title>Hundeleine Handsfree\/verstellbar - Lovely Lavender - TED&#039;S &amp; TAILS<\/title>\n<meta name=\"description\" content=\"Du bist auf der Suche nach den sch\u00f6nsten Accessoires f\u00fcr deinen Hund, die den aktuellen Trends entsprechen? Dann ist diese Handsfree-Hundeleine aus der Lovely Lavender Kollektion genau das Richtige f\u00fcr dich! Eine Handsfree-Leine kann wie eine normale Leine verwendet werden, sie kann aber auch crossbody oder um die H\u00fcfte getragen werden, sodass du die H\u00e4nde frei hast. Die Leine ist aus Cord gefertigt und verf\u00fcgt \u00fcber goldfarbene, Metallringe sowie Kunststoffclips. Mix &amp; Match mit allen anderen Produkten dieser Kollektion, um den Look zu vervollst\u00e4ndigen.\u00a0Die Hundeleine ist in Gr\u00f6\u00dfe M erh\u00e4ltlich (200cm x 2cm).\" \/>\n<meta name=\"robots\" content=\"index, follow, max-snippet:-1, max-image-preview:large, max-video-preview:-1\" \/>\n<link rel=\"canonical\" href=\"https:\/\/tedsandtails.de\/en\/product\/hundeleine-handsfree-verstellbar-lovely-lavender\/\" \/>\n<meta property=\"og:locale\" content=\"en_GB\" \/>\n<meta property=\"og:type\" content=\"article\" \/>\n<meta property=\"og:title\" content=\"Hundeleine Handsfree\/verstellbar - Lovely Lavender - TED&#039;S &amp; TAILS\" \/>\n<meta property=\"og:description\" content=\"Du bist auf der Suche nach den sch\u00f6nsten Accessoires f\u00fcr deinen Hund, die den aktuellen Trends entsprechen? Dann ist diese Handsfree-Hundeleine aus der Lovely Lavender Kollektion genau das Richtige f\u00fcr dich! Eine Handsfree-Leine kann wie eine normale Leine verwendet werden, sie kann aber auch crossbody oder um die H\u00fcfte getragen werden, sodass du die H\u00e4nde frei hast. Die Leine ist aus Cord gefertigt und verf\u00fcgt \u00fcber goldfarbene, Metallringe sowie Kunststoffclips. Mix &amp; Match mit allen anderen Produkten dieser Kollektion, um den Look zu vervollst\u00e4ndigen.\u00a0Die Hundeleine ist in Gr\u00f6\u00dfe M erh\u00e4ltlich (200cm x 2cm).\" \/>\n<meta property=\"og:url\" content=\"https:\/\/tedsandtails.de\/en\/product\/hundeleine-handsfree-verstellbar-lovely-lavender\/\" \/>\n<meta property=\"og:site_name\" content=\"TED&#039;S &amp; TAILS\" \/>\n<meta property=\"article:modified_time\" content=\"2026-04-10T10:44:29+00:00\" \/>\n<meta property=\"og:image\" content=\"https:\/\/tedsandtails.de\/wp-content\/uploads\/2025\/10\/4G1A7855-scaled.jpg\" \/>\n\t<meta property=\"og:image:width\" content=\"1707\" \/>\n\t<meta property=\"og:image:height\" content=\"2560\" \/>\n\t<meta property=\"og:image:type\" content=\"image\/jpeg\" \/>\n<meta name=\"twitter:card\" content=\"summary_large_image\" \/>\n<meta name=\"twitter:label1\" content=\"Est. reading time\" \/>\n\t<meta name=\"twitter:data1\" content=\"1 minute\" \/>\n<script type=\"application\/ld+json\" class=\"yoast-schema-graph\">{\"@context\":\"https:\/\/schema.org\",\"@graph\":[{\"@type\":\"WebPage\",\"@id\":\"https:\/\/tedsandtails.de\/produkt\/hundeleine-handsfree-verstellbar-lovely-lavender\/\",\"url\":\"https:\/\/tedsandtails.de\/produkt\/hundeleine-handsfree-verstellbar-lovely-lavender\/\",\"name\":\"Hundeleine Handsfree\/verstellbar - Lovely Lavender - TED&#039;S &amp; TAILS\",\"isPartOf\":{\"@id\":\"https:\/\/tedsandtails.de\/#website\"},\"datePublished\":\"2025-10-20T16:59:04+00:00\",\"dateModified\":\"2026-04-10T10:44:29+00:00\",\"description\":\"Du bist auf der Suche nach den sch\u00f6nsten Accessoires f\u00fcr deinen Hund, die den aktuellen Trends entsprechen? Dann ist diese Handsfree-Hundeleine aus der Lovely Lavender Kollektion genau das Richtige f\u00fcr dich! Eine Handsfree-Leine kann wie eine normale Leine verwendet werden, sie kann aber auch crossbody oder um die H\u00fcfte getragen werden, sodass du die H\u00e4nde frei hast. Die Leine ist aus Cord gefertigt und verf\u00fcgt \u00fcber goldfarbene, Metallringe sowie Kunststoffclips. Mix & Match mit allen anderen Produkten dieser Kollektion, um den Look zu vervollst\u00e4ndigen.\u00a0Die Hundeleine ist in Gr\u00f6\u00dfe M erh\u00e4ltlich (200cm x 2cm).\",\"breadcrumb\":{\"@id\":\"https:\/\/tedsandtails.de\/produkt\/hundeleine-handsfree-verstellbar-lovely-lavender\/#breadcrumb\"},\"inLanguage\":\"en-GB\",\"potentialAction\":[{\"@type\":\"ReadAction\",\"target\":[\"https:\/\/tedsandtails.de\/produkt\/hundeleine-handsfree-verstellbar-lovely-lavender\/\"]}]},{\"@type\":\"BreadcrumbList\",\"@id\":\"https:\/\/tedsandtails.de\/produkt\/hundeleine-handsfree-verstellbar-lovely-lavender\/#breadcrumb\",\"itemListElement\":[{\"@type\":\"ListItem\",\"position\":1,\"name\":\"Startseite\",\"item\":\"https:\/\/tedsandtails.de\/\"},{\"@type\":\"ListItem\",\"position\":2,\"name\":\"Shop\",\"item\":\"https:\/\/tedsandtails.de\/shop\/\"},{\"@type\":\"ListItem\",\"position\":3,\"name\":\"Hundeleine Handsfree\/verstellbar &#8211; Lovely Lavender\"}]},{\"@type\":\"WebSite\",\"@id\":\"https:\/\/tedsandtails.de\/#website\",\"url\":\"https:\/\/tedsandtails.de\/\",\"name\":\"TED&#039;S &amp; TAILS\",\"description\":\"\",\"publisher\":{\"@id\":\"https:\/\/tedsandtails.de\/#organization\"},\"potentialAction\":[{\"@type\":\"SearchAction\",\"target\":{\"@type\":\"EntryPoint\",\"urlTemplate\":\"https:\/\/tedsandtails.de\/?s={search_term_string}\"},\"query-input\":\"required name=search_term_string\"}],\"inLanguage\":\"en-GB\"},{\"@type\":\"Organization\",\"@id\":\"https:\/\/tedsandtails.de\/#organization\",\"name\":\"TED&#039;S &amp; TAILS\",\"url\":\"https:\/\/tedsandtails.de\/\",\"logo\":{\"@type\":\"ImageObject\",\"inLanguage\":\"en-GB\",\"@id\":\"https:\/\/tedsandtails.de\/#\/schema\/logo\/image\/\",\"url\":\"https:\/\/tedsandtails.de\/wp-content\/uploads\/2022\/09\/Teddys-5.png\",\"contentUrl\":\"https:\/\/tedsandtails.de\/wp-content\/uploads\/2022\/09\/Teddys-5.png\",\"width\":1080,\"height\":1080,\"caption\":\"TED&#039;S &amp; TAILS\"},\"image\":{\"@id\":\"https:\/\/tedsandtails.de\/#\/schema\/logo\/image\/\"}}]}<\/script>\n<!-- \/ Yoast SEO plugin. -->","yoast_head_json":{"title":"Hundeleine Handsfree\/verstellbar - Lovely Lavender - TED&#039;S &amp; TAILS","description":"Du bist auf der Suche nach den sch\u00f6nsten Accessoires f\u00fcr deinen Hund, die den aktuellen Trends entsprechen? Dann ist diese Handsfree-Hundeleine aus der Lovely Lavender Kollektion genau das Richtige f\u00fcr dich! Eine Handsfree-Leine kann wie eine normale Leine verwendet werden, sie kann aber auch crossbody oder um die H\u00fcfte getragen werden, sodass du die H\u00e4nde frei hast. Die Leine ist aus Cord gefertigt und verf\u00fcgt \u00fcber goldfarbene, Metallringe sowie Kunststoffclips. Mix & Match mit allen anderen Produkten dieser Kollektion, um den Look zu vervollst\u00e4ndigen.\u00a0Die Hundeleine ist in Gr\u00f6\u00dfe M erh\u00e4ltlich (200cm x 2cm).","robots":{"index":"index","follow":"follow","max-snippet":"max-snippet:-1","max-image-preview":"max-image-preview:large","max-video-preview":"max-video-preview:-1"},"canonical":"https:\/\/tedsandtails.de\/en\/product\/hundeleine-handsfree-verstellbar-lovely-lavender\/","og_locale":"en_GB","og_type":"article","og_title":"Hundeleine Handsfree\/verstellbar - Lovely Lavender - TED&#039;S &amp; TAILS","og_description":"Du bist auf der Suche nach den sch\u00f6nsten Accessoires f\u00fcr deinen Hund, die den aktuellen Trends entsprechen? Dann ist diese Handsfree-Hundeleine aus der Lovely Lavender Kollektion genau das Richtige f\u00fcr dich! Eine Handsfree-Leine kann wie eine normale Leine verwendet werden, sie kann aber auch crossbody oder um die H\u00fcfte getragen werden, sodass du die H\u00e4nde frei hast. Die Leine ist aus Cord gefertigt und verf\u00fcgt \u00fcber goldfarbene, Metallringe sowie Kunststoffclips. Mix & Match mit allen anderen Produkten dieser Kollektion, um den Look zu vervollst\u00e4ndigen.\u00a0Die Hundeleine ist in Gr\u00f6\u00dfe M erh\u00e4ltlich (200cm x 2cm).","og_url":"https:\/\/tedsandtails.de\/en\/product\/hundeleine-handsfree-verstellbar-lovely-lavender\/","og_site_name":"TED&#039;S &amp; TAILS","article_modified_time":"2026-04-10T10:44:29+00:00","og_image":[{"width":1707,"height":2560,"url":"https:\/\/tedsandtails.de\/wp-content\/uploads\/2025\/10\/4G1A7855-scaled.jpg","type":"image\/jpeg"}],"twitter_card":"summary_large_image","twitter_misc":{"Est. reading time":"1 minute"},"schema":{"@context":"https:\/\/schema.org","@graph":[{"@type":"WebPage","@id":"https:\/\/tedsandtails.de\/produkt\/hundeleine-handsfree-verstellbar-lovely-lavender\/","url":"https:\/\/tedsandtails.de\/produkt\/hundeleine-handsfree-verstellbar-lovely-lavender\/","name":"Hundeleine Handsfree\/verstellbar - Lovely Lavender - TED&#039;S &amp; TAILS","isPartOf":{"@id":"https:\/\/tedsandtails.de\/#website"},"datePublished":"2025-10-20T16:59:04+00:00","dateModified":"2026-04-10T10:44:29+00:00","description":"Du bist auf der Suche nach den sch\u00f6nsten Accessoires f\u00fcr deinen Hund, die den aktuellen Trends entsprechen? Dann ist diese Handsfree-Hundeleine aus der Lovely Lavender Kollektion genau das Richtige f\u00fcr dich! Eine Handsfree-Leine kann wie eine normale Leine verwendet werden, sie kann aber auch crossbody oder um die H\u00fcfte getragen werden, sodass du die H\u00e4nde frei hast. Die Leine ist aus Cord gefertigt und verf\u00fcgt \u00fcber goldfarbene, Metallringe sowie Kunststoffclips. Mix & Match mit allen anderen Produkten dieser Kollektion, um den Look zu vervollst\u00e4ndigen.\u00a0Die Hundeleine ist in Gr\u00f6\u00dfe M erh\u00e4ltlich (200cm x 2cm).","breadcrumb":{"@id":"https:\/\/tedsandtails.de\/produkt\/hundeleine-handsfree-verstellbar-lovely-lavender\/#breadcrumb"},"inLanguage":"en-GB","potentialAction":[{"@type":"ReadAction","target":["https:\/\/tedsandtails.de\/produkt\/hundeleine-handsfree-verstellbar-lovely-lavender\/"]}]},{"@type":"BreadcrumbList","@id":"https:\/\/tedsandtails.de\/produkt\/hundeleine-handsfree-verstellbar-lovely-lavender\/#breadcrumb","itemListElement":[{"@type":"ListItem","position":1,"name":"Startseite","item":"https:\/\/tedsandtails.de\/"},{"@type":"ListItem","position":2,"name":"Shop","item":"https:\/\/tedsandtails.de\/shop\/"},{"@type":"ListItem","position":3,"name":"Hundeleine Handsfree\/verstellbar &#8211; Lovely Lavender"}]},{"@type":"WebSite","@id":"https:\/\/tedsandtails.de\/#website","url":"https:\/\/tedsandtails.de\/","name":"TED&#039;S &amp; TAILS","description":"","publisher":{"@id":"https:\/\/tedsandtails.de\/#organization"},"potentialAction":[{"@type":"SearchAction","target":{"@type":"EntryPoint","urlTemplate":"https:\/\/tedsandtails.de\/?s={search_term_string}"},"query-input":"required name=search_term_string"}],"inLanguage":"en-GB"},{"@type":"Organization","@id":"https:\/\/tedsandtails.de\/#organization","name":"TED&#039;S &amp; TAILS","url":"https:\/\/tedsandtails.de\/","logo":{"@type":"ImageObject","inLanguage":"en-GB","@id":"https:\/\/tedsandtails.de\/#\/schema\/logo\/image\/","url":"https:\/\/tedsandtails.de\/wp-content\/uploads\/2022\/09\/Teddys-5.png","contentUrl":"https:\/\/tedsandtails.de\/wp-content\/uploads\/2022\/09\/Teddys-5.png","width":1080,"height":1080,"caption":"TED&#039;S &amp; TAILS"},"image":{"@id":"https:\/\/tedsandtails.de\/#\/schema\/logo\/image\/"}}]}},"_links":{"self":[{"href":"https:\/\/tedsandtails.de\/en\/wp-json\/wp\/v2\/product\/7662","targetHints":{"allow":["GET"]}}],"collection":[{"href":"https:\/\/tedsandtails.de\/en\/wp-json\/wp\/v2\/product"}],"about":[{"href":"https:\/\/tedsandtails.de\/en\/wp-json\/wp\/v2\/types\/product"}],"replies":[{"embeddable":true,"href":"https:\/\/tedsandtails.de\/en\/wp-json\/wp\/v2\/comments?post=7662"}],"wp:featuredmedia":[{"embeddable":true,"href":"https:\/\/tedsandtails.de\/en\/wp-json\/wp\/v2\/media\/7663"}],"wp:attachment":[{"href":"https:\/\/tedsandtails.de\/en\/wp-json\/wp\/v2\/media?parent=7662"}],"wp:term":[{"taxonomy":"product_cat","embeddable":true,"href":"https:\/\/tedsandtails.de\/en\/wp-json\/wp\/v2\/product_cat?post=7662"},{"taxonomy":"product_tag","embeddable":true,"href":"https:\/\/tedsandtails.de\/en\/wp-json\/wp\/v2\/product_tag?post=7662"}],"curies":[{"name":"wp","href":"https:\/\/api.w.org\/{rel}","templated":true}]}}