{"id":7671,"date":"2025-10-20T19:33:50","date_gmt":"2025-10-20T17:33:50","guid":{"rendered":"https:\/\/tedsandtails.de\/?post_type=product&#038;p=7671"},"modified":"2025-10-20T19:39:13","modified_gmt":"2025-10-20T17:39:13","slug":"set-y-strap-geschirr-leine-kotbeutelhalter-winter-woods","status":"publish","type":"product","link":"https:\/\/tedsandtails.de\/en\/product\/set-y-strap-geschirr-leine-kotbeutelhalter-winter-woods\/","title":{"rendered":"Set Y-Strap-Geschirr, Leine &amp; Kotbeutelhalter &#8211; Winter Woods"},"content":{"rendered":"<p data-start=\"852\" data-end=\"1044\">Du bist auf der Suche nach den sch\u00f6nsten Accessoires f\u00fcr deinen Hund, die den aktuellen Trends entsprechen? Dann ist dieses Set aus der Winter Woods Kollektion genau das Richtige f\u00fcr dich!<\/p>\n<p data-start=\"1046\" data-end=\"1066\">Das Set besteht aus:<\/p>\n<ul>\n<li data-start=\"1046\" data-end=\"1066\">einem Y-Strap-Hundegeschirr aus stabilem Nylongurtband &amp; Cord<\/li>\n<li>einem Kotbeutelhalter aus Cord mit goldenen Details<\/li>\n<li>einer passenden Hundeleine (entweder Standard oder handsfree)<\/li>\n<\/ul>\n<p data-start=\"1268\" data-end=\"1425\">Alle Teile sind farblich und stilistisch aufeinander abgestimmt. Der sch\u00f6ne, tiefe Tannengr\u00fcn-Ton macht dieses Set zu einem echten Hingucker beim Spaziergang. Das Geschirr ist angenehm weich und dennoch robust. Die goldenen Schnallen und Ringe sorgen f\u00fcr einen edlen Look und Stabilit\u00e4t. Die Gr\u00f6\u00dfe der Hardware passt sich der jeweiligen Geschirrgr\u00f6\u00dfe an (erh\u00e4ltlich in S bis L).<\/p>\n<p data-start=\"1648\" data-end=\"1688\">Die Leine gibt es in zwei Varianten:<\/p>\n<ul>\n<li data-start=\"1648\" data-end=\"1688\">Normale Leine: 2 cm breit, 150 cm lang<\/li>\n<li data-start=\"1737\" data-end=\"1824\">\n<p data-start=\"1739\" data-end=\"1824\">Handsfree-Leine: 2 cm breit, 200 cm lang \u2013 auch crossbody tragbar f\u00fcr freie H\u00e4nde<\/p>\n<\/li>\n<\/ul>\n<p data-start=\"1826\" data-end=\"1918\">Mix &amp; Match: Kombiniere das Set mit weiteren Accessoires der Winter Woods Kollektion. Du bist dir unsicher wegen der Gr\u00f6\u00dfe? Schau dir einfach unsere Gr\u00f6\u00dfentabelle an!<\/p>","protected":false},"excerpt":{"rendered":"<p>Du bist auf der Suche nach den sch\u00f6nsten Accessoires f\u00fcr deinen Hund, die den aktuellen Trends entsprechen? Dann ist dieses Set aus der Winter Woods Kollektion genau das Richtige f\u00fcr dich! Das Set besteht aus: einem Y-Strap-Hundegeschirr aus stabilem Nylongurtband &amp; Cord einem Kotbeutelhalter aus Cord mit goldenen Details einer passenden Hundeleine (entweder Standard oder [&hellip;]<\/p>","protected":false},"featured_media":7678,"comment_status":"open","ping_status":"closed","template":"","meta":[],"product_cat":[195,20],"product_tag":[46,85,48,36,83,163,54,53,47,50,49,45,44,67,64,86,164,71,70,84,52,207],"class_list":{"0":"post-7671","1":"product","2":"type-product","3":"status-publish","4":"has-post-thumbnail","6":"product_cat-winter-woods","7":"product_cat-sets","8":"product_tag-dog-accessories","9":"product_tag-dog-set","10":"product_tag-dogs","11":"product_tag-geschirr","12":"product_tag-geschirr-set","13":"product_tag-gruen","14":"product_tag-harnas","15":"product_tag-harness","16":"product_tag-honden","17":"product_tag-hondenaccessoires","18":"product_tag-hunden","19":"product_tag-hunden-accessoires","20":"product_tag-hundezubehoer","21":"product_tag-kotbeutelhalter","22":"product_tag-leash","23":"product_tag-leine","24":"product_tag-magical-moss","25":"product_tag-poepzakhoudertje","26":"product_tag-poepzakjes","27":"product_tag-set","28":"product_tag-tuigje","29":"product_tag-winter-woods","31":"first","32":"instock","33":"shipping-taxable","34":"purchasable","35":"product-type-variable"},"yoast_head":"<!-- This site is optimized with the Yoast SEO plugin v20.12 - https:\/\/yoast.com\/wordpress\/plugins\/seo\/ -->\n<title>Set Y-Strap-Geschirr, Leine &amp; Kotbeutelhalter - Winter Woods - TED&#039;S &amp; TAILS<\/title>\n<meta name=\"description\" content=\"Stylisches Set aus der Winter Woods Kollektion: Y-Geschirr, Leine &amp; Kotbeutelhalter aus Cord mit goldenen Details. Ideal f\u00fcr stylische Hundemamas!\" \/>\n<meta name=\"robots\" content=\"index, follow, max-snippet:-1, max-image-preview:large, max-video-preview:-1\" \/>\n<link rel=\"canonical\" href=\"https:\/\/tedsandtails.de\/en\/product\/set-y-strap-geschirr-leine-kotbeutelhalter-winter-woods\/\" \/>\n<meta property=\"og:locale\" content=\"en_GB\" \/>\n<meta property=\"og:type\" content=\"article\" \/>\n<meta property=\"og:title\" content=\"Set Y-Strap-Geschirr, Leine &amp; Kotbeutelhalter - Winter Woods - TED&#039;S &amp; TAILS\" \/>\n<meta property=\"og:description\" content=\"Stylisches Set aus der Winter Woods Kollektion: Y-Geschirr, Leine &amp; Kotbeutelhalter aus Cord mit goldenen Details. Ideal f\u00fcr stylische Hundemamas!\" \/>\n<meta property=\"og:url\" content=\"https:\/\/tedsandtails.de\/en\/product\/set-y-strap-geschirr-leine-kotbeutelhalter-winter-woods\/\" \/>\n<meta property=\"og:site_name\" content=\"TED&#039;S &amp; TAILS\" \/>\n<meta property=\"article:modified_time\" content=\"2025-10-20T17:39:13+00:00\" \/>\n<meta property=\"og:image\" content=\"https:\/\/tedsandtails.de\/wp-content\/uploads\/2025\/10\/4G1A7881-scaled.jpg\" \/>\n\t<meta property=\"og:image:width\" content=\"1707\" \/>\n\t<meta property=\"og:image:height\" content=\"2560\" \/>\n\t<meta property=\"og:image:type\" content=\"image\/jpeg\" \/>\n<meta name=\"twitter:card\" content=\"summary_large_image\" \/>\n<meta name=\"twitter:label1\" content=\"Est. reading time\" \/>\n\t<meta name=\"twitter:data1\" content=\"1 minute\" \/>\n<script type=\"application\/ld+json\" class=\"yoast-schema-graph\">{\"@context\":\"https:\/\/schema.org\",\"@graph\":[{\"@type\":\"WebPage\",\"@id\":\"https:\/\/tedsandtails.de\/produkt\/set-y-strap-geschirr-leine-kotbeutelhalter-winter-woods\/\",\"url\":\"https:\/\/tedsandtails.de\/produkt\/set-y-strap-geschirr-leine-kotbeutelhalter-winter-woods\/\",\"name\":\"Set Y-Strap-Geschirr, Leine &amp; Kotbeutelhalter - Winter Woods - TED&#039;S &amp; TAILS\",\"isPartOf\":{\"@id\":\"https:\/\/tedsandtails.de\/#website\"},\"datePublished\":\"2025-10-20T17:33:50+00:00\",\"dateModified\":\"2025-10-20T17:39:13+00:00\",\"description\":\"Stylisches Set aus der Winter Woods Kollektion: Y-Geschirr, Leine & Kotbeutelhalter aus Cord mit goldenen Details. Ideal f\u00fcr stylische Hundemamas!\",\"breadcrumb\":{\"@id\":\"https:\/\/tedsandtails.de\/produkt\/set-y-strap-geschirr-leine-kotbeutelhalter-winter-woods\/#breadcrumb\"},\"inLanguage\":\"en-GB\",\"potentialAction\":[{\"@type\":\"ReadAction\",\"target\":[\"https:\/\/tedsandtails.de\/produkt\/set-y-strap-geschirr-leine-kotbeutelhalter-winter-woods\/\"]}]},{\"@type\":\"BreadcrumbList\",\"@id\":\"https:\/\/tedsandtails.de\/produkt\/set-y-strap-geschirr-leine-kotbeutelhalter-winter-woods\/#breadcrumb\",\"itemListElement\":[{\"@type\":\"ListItem\",\"position\":1,\"name\":\"Startseite\",\"item\":\"https:\/\/tedsandtails.de\/\"},{\"@type\":\"ListItem\",\"position\":2,\"name\":\"Shop\",\"item\":\"https:\/\/tedsandtails.de\/shop\/\"},{\"@type\":\"ListItem\",\"position\":3,\"name\":\"Set Y-Strap-Geschirr, Leine &amp; Kotbeutelhalter &#8211; Winter Woods\"}]},{\"@type\":\"WebSite\",\"@id\":\"https:\/\/tedsandtails.de\/#website\",\"url\":\"https:\/\/tedsandtails.de\/\",\"name\":\"TED&#039;S &amp; TAILS\",\"description\":\"\",\"publisher\":{\"@id\":\"https:\/\/tedsandtails.de\/#organization\"},\"potentialAction\":[{\"@type\":\"SearchAction\",\"target\":{\"@type\":\"EntryPoint\",\"urlTemplate\":\"https:\/\/tedsandtails.de\/?s={search_term_string}\"},\"query-input\":\"required name=search_term_string\"}],\"inLanguage\":\"en-GB\"},{\"@type\":\"Organization\",\"@id\":\"https:\/\/tedsandtails.de\/#organization\",\"name\":\"TED&#039;S &amp; TAILS\",\"url\":\"https:\/\/tedsandtails.de\/\",\"logo\":{\"@type\":\"ImageObject\",\"inLanguage\":\"en-GB\",\"@id\":\"https:\/\/tedsandtails.de\/#\/schema\/logo\/image\/\",\"url\":\"https:\/\/tedsandtails.de\/wp-content\/uploads\/2022\/09\/Teddys-5.png\",\"contentUrl\":\"https:\/\/tedsandtails.de\/wp-content\/uploads\/2022\/09\/Teddys-5.png\",\"width\":1080,\"height\":1080,\"caption\":\"TED&#039;S &amp; TAILS\"},\"image\":{\"@id\":\"https:\/\/tedsandtails.de\/#\/schema\/logo\/image\/\"}}]}<\/script>\n<!-- \/ Yoast SEO plugin. -->","yoast_head_json":{"title":"Set Y-Strap-Geschirr, Leine &amp; Kotbeutelhalter - Winter Woods - TED&#039;S &amp; TAILS","description":"Stylisches Set aus der Winter Woods Kollektion: Y-Geschirr, Leine & Kotbeutelhalter aus Cord mit goldenen Details. Ideal f\u00fcr stylische Hundemamas!","robots":{"index":"index","follow":"follow","max-snippet":"max-snippet:-1","max-image-preview":"max-image-preview:large","max-video-preview":"max-video-preview:-1"},"canonical":"https:\/\/tedsandtails.de\/en\/product\/set-y-strap-geschirr-leine-kotbeutelhalter-winter-woods\/","og_locale":"en_GB","og_type":"article","og_title":"Set Y-Strap-Geschirr, Leine &amp; Kotbeutelhalter - Winter Woods - TED&#039;S &amp; TAILS","og_description":"Stylisches Set aus der Winter Woods Kollektion: Y-Geschirr, Leine & Kotbeutelhalter aus Cord mit goldenen Details. Ideal f\u00fcr stylische Hundemamas!","og_url":"https:\/\/tedsandtails.de\/en\/product\/set-y-strap-geschirr-leine-kotbeutelhalter-winter-woods\/","og_site_name":"TED&#039;S &amp; TAILS","article_modified_time":"2025-10-20T17:39:13+00:00","og_image":[{"width":1707,"height":2560,"url":"https:\/\/tedsandtails.de\/wp-content\/uploads\/2025\/10\/4G1A7881-scaled.jpg","type":"image\/jpeg"}],"twitter_card":"summary_large_image","twitter_misc":{"Est. reading time":"1 minute"},"schema":{"@context":"https:\/\/schema.org","@graph":[{"@type":"WebPage","@id":"https:\/\/tedsandtails.de\/produkt\/set-y-strap-geschirr-leine-kotbeutelhalter-winter-woods\/","url":"https:\/\/tedsandtails.de\/produkt\/set-y-strap-geschirr-leine-kotbeutelhalter-winter-woods\/","name":"Set Y-Strap-Geschirr, Leine &amp; Kotbeutelhalter - Winter Woods - TED&#039;S &amp; TAILS","isPartOf":{"@id":"https:\/\/tedsandtails.de\/#website"},"datePublished":"2025-10-20T17:33:50+00:00","dateModified":"2025-10-20T17:39:13+00:00","description":"Stylisches Set aus der Winter Woods Kollektion: Y-Geschirr, Leine & Kotbeutelhalter aus Cord mit goldenen Details. Ideal f\u00fcr stylische Hundemamas!","breadcrumb":{"@id":"https:\/\/tedsandtails.de\/produkt\/set-y-strap-geschirr-leine-kotbeutelhalter-winter-woods\/#breadcrumb"},"inLanguage":"en-GB","potentialAction":[{"@type":"ReadAction","target":["https:\/\/tedsandtails.de\/produkt\/set-y-strap-geschirr-leine-kotbeutelhalter-winter-woods\/"]}]},{"@type":"BreadcrumbList","@id":"https:\/\/tedsandtails.de\/produkt\/set-y-strap-geschirr-leine-kotbeutelhalter-winter-woods\/#breadcrumb","itemListElement":[{"@type":"ListItem","position":1,"name":"Startseite","item":"https:\/\/tedsandtails.de\/"},{"@type":"ListItem","position":2,"name":"Shop","item":"https:\/\/tedsandtails.de\/shop\/"},{"@type":"ListItem","position":3,"name":"Set Y-Strap-Geschirr, Leine &amp; Kotbeutelhalter &#8211; Winter Woods"}]},{"@type":"WebSite","@id":"https:\/\/tedsandtails.de\/#website","url":"https:\/\/tedsandtails.de\/","name":"TED&#039;S &amp; TAILS","description":"","publisher":{"@id":"https:\/\/tedsandtails.de\/#organization"},"potentialAction":[{"@type":"SearchAction","target":{"@type":"EntryPoint","urlTemplate":"https:\/\/tedsandtails.de\/?s={search_term_string}"},"query-input":"required name=search_term_string"}],"inLanguage":"en-GB"},{"@type":"Organization","@id":"https:\/\/tedsandtails.de\/#organization","name":"TED&#039;S &amp; TAILS","url":"https:\/\/tedsandtails.de\/","logo":{"@type":"ImageObject","inLanguage":"en-GB","@id":"https:\/\/tedsandtails.de\/#\/schema\/logo\/image\/","url":"https:\/\/tedsandtails.de\/wp-content\/uploads\/2022\/09\/Teddys-5.png","contentUrl":"https:\/\/tedsandtails.de\/wp-content\/uploads\/2022\/09\/Teddys-5.png","width":1080,"height":1080,"caption":"TED&#039;S &amp; TAILS"},"image":{"@id":"https:\/\/tedsandtails.de\/#\/schema\/logo\/image\/"}}]}},"_links":{"self":[{"href":"https:\/\/tedsandtails.de\/en\/wp-json\/wp\/v2\/product\/7671","targetHints":{"allow":["GET"]}}],"collection":[{"href":"https:\/\/tedsandtails.de\/en\/wp-json\/wp\/v2\/product"}],"about":[{"href":"https:\/\/tedsandtails.de\/en\/wp-json\/wp\/v2\/types\/product"}],"replies":[{"embeddable":true,"href":"https:\/\/tedsandtails.de\/en\/wp-json\/wp\/v2\/comments?post=7671"}],"wp:featuredmedia":[{"embeddable":true,"href":"https:\/\/tedsandtails.de\/en\/wp-json\/wp\/v2\/media\/7678"}],"wp:attachment":[{"href":"https:\/\/tedsandtails.de\/en\/wp-json\/wp\/v2\/media?parent=7671"}],"wp:term":[{"taxonomy":"product_cat","embeddable":true,"href":"https:\/\/tedsandtails.de\/en\/wp-json\/wp\/v2\/product_cat?post=7671"},{"taxonomy":"product_tag","embeddable":true,"href":"https:\/\/tedsandtails.de\/en\/wp-json\/wp\/v2\/product_tag?post=7671"}],"curies":[{"name":"wp","href":"https:\/\/api.w.org\/{rel}","templated":true}]}}