{"id":7705,"date":"2025-11-07T17:30:25","date_gmt":"2025-11-07T16:30:25","guid":{"rendered":"https:\/\/tedsandtails.de\/?post_type=product&#038;p=7705"},"modified":"2026-02-21T13:03:27","modified_gmt":"2026-02-21T12:03:27","slug":"hundefliege-midnight-blue","status":"publish","type":"product","link":"https:\/\/tedsandtails.de\/en\/product\/hundefliege-midnight-blue\/","title":{"rendered":"Hundefliege &#8211; Midnight Blue"},"content":{"rendered":"<p><strong>Hundefliege Midnight Blue \u2013 Stilvolles Accessoire f\u00fcr deinen Hund<\/strong><\/p>\n<p>Du bist auf der Suche nach den sch\u00f6nsten Accessoires f\u00fcr deinen Hund, die zeitlos und elegant wirken? Dann ist diese Hundefliege aus der Midnight Blue Kollektion genau das Richtige f\u00fcr dich! Die Fliege ist aus hochwertigem Cordstoff in einem tiefen, dunklen Blau gefertigt und l\u00e4sst sich dank eines schwarzen Klettverschlusses einfach am passenden Halsband befestigen.<\/p>\n<p>Gr\u00f6\u00dfe: 10 cm x 10 cm<\/p>\n<p>Mix &amp; Match: Kombiniere die Hundefliege mit weiteren Produkten aus der Midnight Blue Kollektion f\u00fcr einen perfekten Look.<\/p>","protected":false},"excerpt":{"rendered":"<p>Hundefliege Midnight Blue \u2013 Stilvolles Accessoire f\u00fcr deinen Hund Du bist auf der Suche nach den sch\u00f6nsten Accessoires f\u00fcr deinen Hund, die zeitlos und elegant wirken? Dann ist diese Hundefliege aus der Midnight Blue Kollektion genau das Richtige f\u00fcr dich! Die Fliege ist aus hochwertigem Cordstoff in einem tiefen, dunklen Blau gefertigt und l\u00e4sst sich [&hellip;]<\/p>","protected":false},"featured_media":7810,"comment_status":"open","ping_status":"closed","template":"","meta":[],"product_cat":[208,24],"product_tag":[41,78,79,62,143,144,46,82,75,76,47,50,81,77,49,45,44,209,80],"class_list":{"0":"post-7705","1":"product","2":"type-product","3":"status-publish","4":"has-post-thumbnail","6":"product_cat-midnight-blue","7":"product_cat-fliegen","8":"product_tag-blau","9":"product_tag-bow","10":"product_tag-bow-tie","11":"product_tag-collar","12":"product_tag-cord","13":"product_tag-corduroy","14":"product_tag-dog-accessories","15":"product_tag-dog-bow-tie","16":"product_tag-fliege","17":"product_tag-fliegen","18":"product_tag-honden","19":"product_tag-hondenaccessoires","20":"product_tag-hondenstrikje","21":"product_tag-hundefliege","22":"product_tag-hunden","23":"product_tag-hunden-accessoires","24":"product_tag-hundezubehoer","25":"product_tag-midnight-blue","26":"product_tag-strikje","28":"first","29":"instock","30":"shipping-taxable","31":"purchasable","32":"product-type-simple"},"yoast_head":"<!-- This site is optimized with the Yoast SEO plugin v20.12 - https:\/\/yoast.com\/wordpress\/plugins\/seo\/ -->\n<title>Hundefliege Midnight Blue \u2013 Cordstoff in einem tiefen, dunklen Blau<\/title>\n<meta name=\"description\" content=\"Stylische Hundefliege aus Cord in einem tiefen, dunklen Blau mit schwarzem Klettverschluss. Gr\u00f6\u00dfe 10x10 cm.\" \/>\n<meta name=\"robots\" content=\"index, follow, max-snippet:-1, max-image-preview:large, max-video-preview:-1\" \/>\n<link rel=\"canonical\" href=\"https:\/\/tedsandtails.de\/en\/product\/hundefliege-midnight-blue\/\" \/>\n<meta property=\"og:locale\" content=\"en_GB\" \/>\n<meta property=\"og:type\" content=\"article\" \/>\n<meta property=\"og:title\" content=\"Hundefliege Midnight Blue \u2013 Cordstoff in einem tiefen, dunklen Blau\" \/>\n<meta property=\"og:description\" content=\"Stylische Hundefliege aus Cord in einem tiefen, dunklen Blau mit schwarzem Klettverschluss. Gr\u00f6\u00dfe 10x10 cm.\" \/>\n<meta property=\"og:url\" content=\"https:\/\/tedsandtails.de\/en\/product\/hundefliege-midnight-blue\/\" \/>\n<meta property=\"og:site_name\" content=\"TED&#039;S &amp; TAILS\" \/>\n<meta property=\"article:modified_time\" content=\"2026-02-21T12:03:27+00:00\" \/>\n<meta property=\"og:image\" content=\"https:\/\/tedsandtails.de\/wp-content\/uploads\/2025\/10\/4G1A7974-scaled.jpg\" \/>\n\t<meta property=\"og:image:width\" content=\"1707\" \/>\n\t<meta property=\"og:image:height\" content=\"2560\" \/>\n\t<meta property=\"og:image:type\" content=\"image\/jpeg\" \/>\n<meta name=\"twitter:card\" content=\"summary_large_image\" \/>\n<meta name=\"twitter:label1\" content=\"Est. reading time\" \/>\n\t<meta name=\"twitter:data1\" content=\"1 minute\" \/>\n<script type=\"application\/ld+json\" class=\"yoast-schema-graph\">{\"@context\":\"https:\/\/schema.org\",\"@graph\":[{\"@type\":\"WebPage\",\"@id\":\"https:\/\/tedsandtails.de\/produkt\/hundefliege-midnight-blue\/\",\"url\":\"https:\/\/tedsandtails.de\/produkt\/hundefliege-midnight-blue\/\",\"name\":\"Hundefliege Midnight Blue \u2013 Cordstoff in einem tiefen, dunklen Blau\",\"isPartOf\":{\"@id\":\"https:\/\/tedsandtails.de\/#website\"},\"datePublished\":\"2025-11-07T16:30:25+00:00\",\"dateModified\":\"2026-02-21T12:03:27+00:00\",\"description\":\"Stylische Hundefliege aus Cord in einem tiefen, dunklen Blau mit schwarzem Klettverschluss. Gr\u00f6\u00dfe 10x10 cm.\",\"breadcrumb\":{\"@id\":\"https:\/\/tedsandtails.de\/produkt\/hundefliege-midnight-blue\/#breadcrumb\"},\"inLanguage\":\"en-GB\",\"potentialAction\":[{\"@type\":\"ReadAction\",\"target\":[\"https:\/\/tedsandtails.de\/produkt\/hundefliege-midnight-blue\/\"]}]},{\"@type\":\"BreadcrumbList\",\"@id\":\"https:\/\/tedsandtails.de\/produkt\/hundefliege-midnight-blue\/#breadcrumb\",\"itemListElement\":[{\"@type\":\"ListItem\",\"position\":1,\"name\":\"Startseite\",\"item\":\"https:\/\/tedsandtails.de\/\"},{\"@type\":\"ListItem\",\"position\":2,\"name\":\"Shop\",\"item\":\"https:\/\/tedsandtails.de\/shop\/\"},{\"@type\":\"ListItem\",\"position\":3,\"name\":\"Hundefliege &#8211; Midnight Blue\"}]},{\"@type\":\"WebSite\",\"@id\":\"https:\/\/tedsandtails.de\/#website\",\"url\":\"https:\/\/tedsandtails.de\/\",\"name\":\"TED&#039;S &amp; TAILS\",\"description\":\"\",\"publisher\":{\"@id\":\"https:\/\/tedsandtails.de\/#organization\"},\"potentialAction\":[{\"@type\":\"SearchAction\",\"target\":{\"@type\":\"EntryPoint\",\"urlTemplate\":\"https:\/\/tedsandtails.de\/?s={search_term_string}\"},\"query-input\":\"required name=search_term_string\"}],\"inLanguage\":\"en-GB\"},{\"@type\":\"Organization\",\"@id\":\"https:\/\/tedsandtails.de\/#organization\",\"name\":\"TED&#039;S &amp; TAILS\",\"url\":\"https:\/\/tedsandtails.de\/\",\"logo\":{\"@type\":\"ImageObject\",\"inLanguage\":\"en-GB\",\"@id\":\"https:\/\/tedsandtails.de\/#\/schema\/logo\/image\/\",\"url\":\"https:\/\/tedsandtails.de\/wp-content\/uploads\/2022\/09\/Teddys-5.png\",\"contentUrl\":\"https:\/\/tedsandtails.de\/wp-content\/uploads\/2022\/09\/Teddys-5.png\",\"width\":1080,\"height\":1080,\"caption\":\"TED&#039;S &amp; TAILS\"},\"image\":{\"@id\":\"https:\/\/tedsandtails.de\/#\/schema\/logo\/image\/\"}}]}<\/script>\n<!-- \/ Yoast SEO plugin. -->","yoast_head_json":{"title":"Hundefliege Midnight Blue \u2013 Cordstoff in einem tiefen, dunklen Blau","description":"Stylische Hundefliege aus Cord in einem tiefen, dunklen Blau mit schwarzem Klettverschluss. Gr\u00f6\u00dfe 10x10 cm.","robots":{"index":"index","follow":"follow","max-snippet":"max-snippet:-1","max-image-preview":"max-image-preview:large","max-video-preview":"max-video-preview:-1"},"canonical":"https:\/\/tedsandtails.de\/en\/product\/hundefliege-midnight-blue\/","og_locale":"en_GB","og_type":"article","og_title":"Hundefliege Midnight Blue \u2013 Cordstoff in einem tiefen, dunklen Blau","og_description":"Stylische Hundefliege aus Cord in einem tiefen, dunklen Blau mit schwarzem Klettverschluss. Gr\u00f6\u00dfe 10x10 cm.","og_url":"https:\/\/tedsandtails.de\/en\/product\/hundefliege-midnight-blue\/","og_site_name":"TED&#039;S &amp; TAILS","article_modified_time":"2026-02-21T12:03:27+00:00","og_image":[{"width":1707,"height":2560,"url":"https:\/\/tedsandtails.de\/wp-content\/uploads\/2025\/10\/4G1A7974-scaled.jpg","type":"image\/jpeg"}],"twitter_card":"summary_large_image","twitter_misc":{"Est. reading time":"1 minute"},"schema":{"@context":"https:\/\/schema.org","@graph":[{"@type":"WebPage","@id":"https:\/\/tedsandtails.de\/produkt\/hundefliege-midnight-blue\/","url":"https:\/\/tedsandtails.de\/produkt\/hundefliege-midnight-blue\/","name":"Hundefliege Midnight Blue \u2013 Cordstoff in einem tiefen, dunklen Blau","isPartOf":{"@id":"https:\/\/tedsandtails.de\/#website"},"datePublished":"2025-11-07T16:30:25+00:00","dateModified":"2026-02-21T12:03:27+00:00","description":"Stylische Hundefliege aus Cord in einem tiefen, dunklen Blau mit schwarzem Klettverschluss. Gr\u00f6\u00dfe 10x10 cm.","breadcrumb":{"@id":"https:\/\/tedsandtails.de\/produkt\/hundefliege-midnight-blue\/#breadcrumb"},"inLanguage":"en-GB","potentialAction":[{"@type":"ReadAction","target":["https:\/\/tedsandtails.de\/produkt\/hundefliege-midnight-blue\/"]}]},{"@type":"BreadcrumbList","@id":"https:\/\/tedsandtails.de\/produkt\/hundefliege-midnight-blue\/#breadcrumb","itemListElement":[{"@type":"ListItem","position":1,"name":"Startseite","item":"https:\/\/tedsandtails.de\/"},{"@type":"ListItem","position":2,"name":"Shop","item":"https:\/\/tedsandtails.de\/shop\/"},{"@type":"ListItem","position":3,"name":"Hundefliege &#8211; Midnight Blue"}]},{"@type":"WebSite","@id":"https:\/\/tedsandtails.de\/#website","url":"https:\/\/tedsandtails.de\/","name":"TED&#039;S &amp; TAILS","description":"","publisher":{"@id":"https:\/\/tedsandtails.de\/#organization"},"potentialAction":[{"@type":"SearchAction","target":{"@type":"EntryPoint","urlTemplate":"https:\/\/tedsandtails.de\/?s={search_term_string}"},"query-input":"required name=search_term_string"}],"inLanguage":"en-GB"},{"@type":"Organization","@id":"https:\/\/tedsandtails.de\/#organization","name":"TED&#039;S &amp; TAILS","url":"https:\/\/tedsandtails.de\/","logo":{"@type":"ImageObject","inLanguage":"en-GB","@id":"https:\/\/tedsandtails.de\/#\/schema\/logo\/image\/","url":"https:\/\/tedsandtails.de\/wp-content\/uploads\/2022\/09\/Teddys-5.png","contentUrl":"https:\/\/tedsandtails.de\/wp-content\/uploads\/2022\/09\/Teddys-5.png","width":1080,"height":1080,"caption":"TED&#039;S &amp; TAILS"},"image":{"@id":"https:\/\/tedsandtails.de\/#\/schema\/logo\/image\/"}}]}},"_links":{"self":[{"href":"https:\/\/tedsandtails.de\/en\/wp-json\/wp\/v2\/product\/7705","targetHints":{"allow":["GET"]}}],"collection":[{"href":"https:\/\/tedsandtails.de\/en\/wp-json\/wp\/v2\/product"}],"about":[{"href":"https:\/\/tedsandtails.de\/en\/wp-json\/wp\/v2\/types\/product"}],"replies":[{"embeddable":true,"href":"https:\/\/tedsandtails.de\/en\/wp-json\/wp\/v2\/comments?post=7705"}],"wp:featuredmedia":[{"embeddable":true,"href":"https:\/\/tedsandtails.de\/en\/wp-json\/wp\/v2\/media\/7810"}],"wp:attachment":[{"href":"https:\/\/tedsandtails.de\/en\/wp-json\/wp\/v2\/media?parent=7705"}],"wp:term":[{"taxonomy":"product_cat","embeddable":true,"href":"https:\/\/tedsandtails.de\/en\/wp-json\/wp\/v2\/product_cat?post=7705"},{"taxonomy":"product_tag","embeddable":true,"href":"https:\/\/tedsandtails.de\/en\/wp-json\/wp\/v2\/product_tag?post=7705"}],"curies":[{"name":"wp","href":"https:\/\/api.w.org\/{rel}","templated":true}]}}