{"id":7707,"date":"2025-11-07T17:30:19","date_gmt":"2025-11-07T16:30:19","guid":{"rendered":"https:\/\/tedsandtails.de\/?post_type=product&#038;p=7707"},"modified":"2026-05-03T22:05:58","modified_gmt":"2026-05-03T20:05:58","slug":"set-y-strap-geschirr-leine-midnight-blue","status":"publish","type":"product","link":"https:\/\/tedsandtails.de\/en\/product\/set-y-strap-geschirr-leine-midnight-blue\/","title":{"rendered":"Set Y-Strap-Geschirr &amp; Leine &#8211; Midnight Blue"},"content":{"rendered":"<p><strong>Stilvoll unterwegs \u2013 mit dem perfekten Set f\u00fcr deinen Hund:<\/strong><br \/>\nDas Y-Strap-Geschirr &amp; Leinen-Set aus der Midnight Blue Kollektion vereint Design, Komfort und Funktion in einem.<\/p>\n<p>Enth\u00e4lt ein Y-Geschirr &amp; eine farblich passende Leine<br \/>\nWahl zwischen Standard Leine (150\u202fcm) oder Handsfree-Leine (200\u202fcm)<br \/>\nHandsfree-Leine tragbar crossbody oder um die Taille \u2013 ideal f\u00fcr Spazierg\u00e4nge mit freien H\u00e4nden<br \/>\nGefertigt aus robustem Nylongurtband &amp; weichem Cord in elegantem Dunkelblau<br \/>\nStabile, goldfarbene Schnallen und Ringe<br \/>\nGeschirrgr\u00f6\u00dfen: S bis L \u2013 Leine in Gr\u00f6\u00dfe M<br \/>\nMix &amp; Match mit allen Midnight Blue Artikeln<\/p>\n<p>Das Y-Geschirr ist weich gepolstert, flexibel einstellbar und bietet deinem Hund optimalen Tragekomfort. Dank der durchdachten Passform eignet es sich f\u00fcr Hunde verschiedenster Rassen.<\/p>","protected":false},"excerpt":{"rendered":"<p>Stilvoll unterwegs \u2013 mit dem perfekten Set f\u00fcr deinen Hund: Das Y-Strap-Geschirr &amp; Leinen-Set aus der Midnight Blue Kollektion vereint Design, Komfort und Funktion in einem. Enth\u00e4lt ein Y-Geschirr &amp; eine farblich passende Leine Wahl zwischen Standard Leine (150\u202fcm) oder Handsfree-Leine (200\u202fcm) Handsfree-Leine tragbar crossbody oder um die Taille \u2013 ideal f\u00fcr Spazierg\u00e4nge mit freien [&hellip;]<\/p>","protected":false},"featured_media":7812,"comment_status":"open","ping_status":"closed","template":"","meta":[],"product_cat":[208,20],"product_tag":[41,46,85,48,36,83,54,53,47,50,49,45,44,67,64,86,209,71,70,84,52],"class_list":{"0":"post-7707","1":"product","2":"type-product","3":"status-publish","4":"has-post-thumbnail","6":"product_cat-midnight-blue","7":"product_cat-sets","8":"product_tag-blau","9":"product_tag-dog-accessories","10":"product_tag-dog-set","11":"product_tag-dogs","12":"product_tag-geschirr","13":"product_tag-geschirr-set","14":"product_tag-harnas","15":"product_tag-harness","16":"product_tag-honden","17":"product_tag-hondenaccessoires","18":"product_tag-hunden","19":"product_tag-hunden-accessoires","20":"product_tag-hundezubehoer","21":"product_tag-kotbeutelhalter","22":"product_tag-leash","23":"product_tag-leine","24":"product_tag-midnight-blue","25":"product_tag-poepzakhoudertje","26":"product_tag-poepzakjes","27":"product_tag-set","28":"product_tag-tuigje","30":"first","31":"instock","32":"shipping-taxable","33":"purchasable","34":"product-type-variable"},"yoast_head":"<!-- This site is optimized with the Yoast SEO plugin v20.12 - https:\/\/yoast.com\/wordpress\/plugins\/seo\/ -->\n<title>Set Y-Strap-Geschirr &amp; Leine - midnight blue<\/title>\n<meta name=\"description\" content=\"Stylisches Set mit Y-Geschirr &amp; Leine in elegantem Dunkelblau. Die Leine ist auch handsfree tragbar \u2013 crossbody oder um die Taille.\" \/>\n<meta name=\"robots\" content=\"index, follow, max-snippet:-1, max-image-preview:large, max-video-preview:-1\" \/>\n<link rel=\"canonical\" href=\"https:\/\/tedsandtails.de\/en\/product\/set-y-strap-geschirr-leine-midnight-blue\/\" \/>\n<meta property=\"og:locale\" content=\"en_GB\" \/>\n<meta property=\"og:type\" content=\"article\" \/>\n<meta property=\"og:title\" content=\"Set Y-Strap-Geschirr &amp; Leine - midnight blue\" \/>\n<meta property=\"og:description\" content=\"Stylisches Set mit Y-Geschirr &amp; Leine in elegantem Dunkelblau. Die Leine ist auch handsfree tragbar \u2013 crossbody oder um die Taille.\" \/>\n<meta property=\"og:url\" content=\"https:\/\/tedsandtails.de\/en\/product\/set-y-strap-geschirr-leine-midnight-blue\/\" \/>\n<meta property=\"og:site_name\" content=\"TED&#039;S &amp; TAILS\" \/>\n<meta property=\"article:modified_time\" content=\"2026-05-03T20:05:58+00:00\" \/>\n<meta property=\"og:image\" content=\"https:\/\/tedsandtails.de\/wp-content\/uploads\/2025\/10\/4G1A7902-scaled.jpg\" \/>\n\t<meta property=\"og:image:width\" content=\"1707\" \/>\n\t<meta property=\"og:image:height\" content=\"2560\" \/>\n\t<meta property=\"og:image:type\" content=\"image\/jpeg\" \/>\n<meta name=\"twitter:card\" content=\"summary_large_image\" \/>\n<meta name=\"twitter:label1\" content=\"Est. reading time\" \/>\n\t<meta name=\"twitter:data1\" content=\"1 minute\" \/>\n<script type=\"application\/ld+json\" class=\"yoast-schema-graph\">{\"@context\":\"https:\/\/schema.org\",\"@graph\":[{\"@type\":\"WebPage\",\"@id\":\"https:\/\/tedsandtails.de\/produkt\/set-y-strap-geschirr-leine-midnight-blue\/\",\"url\":\"https:\/\/tedsandtails.de\/produkt\/set-y-strap-geschirr-leine-midnight-blue\/\",\"name\":\"Set Y-Strap-Geschirr & Leine - midnight blue\",\"isPartOf\":{\"@id\":\"https:\/\/tedsandtails.de\/#website\"},\"datePublished\":\"2025-11-07T16:30:19+00:00\",\"dateModified\":\"2026-05-03T20:05:58+00:00\",\"description\":\"Stylisches Set mit Y-Geschirr & Leine in elegantem Dunkelblau. Die Leine ist auch handsfree tragbar \u2013 crossbody oder um die Taille.\",\"breadcrumb\":{\"@id\":\"https:\/\/tedsandtails.de\/produkt\/set-y-strap-geschirr-leine-midnight-blue\/#breadcrumb\"},\"inLanguage\":\"en-GB\",\"potentialAction\":[{\"@type\":\"ReadAction\",\"target\":[\"https:\/\/tedsandtails.de\/produkt\/set-y-strap-geschirr-leine-midnight-blue\/\"]}]},{\"@type\":\"BreadcrumbList\",\"@id\":\"https:\/\/tedsandtails.de\/produkt\/set-y-strap-geschirr-leine-midnight-blue\/#breadcrumb\",\"itemListElement\":[{\"@type\":\"ListItem\",\"position\":1,\"name\":\"Startseite\",\"item\":\"https:\/\/tedsandtails.de\/\"},{\"@type\":\"ListItem\",\"position\":2,\"name\":\"Shop\",\"item\":\"https:\/\/tedsandtails.de\/shop\/\"},{\"@type\":\"ListItem\",\"position\":3,\"name\":\"Set Y-Strap-Geschirr &amp; Leine &#8211; Midnight Blue\"}]},{\"@type\":\"WebSite\",\"@id\":\"https:\/\/tedsandtails.de\/#website\",\"url\":\"https:\/\/tedsandtails.de\/\",\"name\":\"TED&#039;S &amp; TAILS\",\"description\":\"\",\"publisher\":{\"@id\":\"https:\/\/tedsandtails.de\/#organization\"},\"potentialAction\":[{\"@type\":\"SearchAction\",\"target\":{\"@type\":\"EntryPoint\",\"urlTemplate\":\"https:\/\/tedsandtails.de\/?s={search_term_string}\"},\"query-input\":\"required name=search_term_string\"}],\"inLanguage\":\"en-GB\"},{\"@type\":\"Organization\",\"@id\":\"https:\/\/tedsandtails.de\/#organization\",\"name\":\"TED&#039;S &amp; TAILS\",\"url\":\"https:\/\/tedsandtails.de\/\",\"logo\":{\"@type\":\"ImageObject\",\"inLanguage\":\"en-GB\",\"@id\":\"https:\/\/tedsandtails.de\/#\/schema\/logo\/image\/\",\"url\":\"https:\/\/tedsandtails.de\/wp-content\/uploads\/2022\/09\/Teddys-5.png\",\"contentUrl\":\"https:\/\/tedsandtails.de\/wp-content\/uploads\/2022\/09\/Teddys-5.png\",\"width\":1080,\"height\":1080,\"caption\":\"TED&#039;S &amp; TAILS\"},\"image\":{\"@id\":\"https:\/\/tedsandtails.de\/#\/schema\/logo\/image\/\"}}]}<\/script>\n<!-- \/ Yoast SEO plugin. -->","yoast_head_json":{"title":"Set Y-Strap-Geschirr & Leine - midnight blue","description":"Stylisches Set mit Y-Geschirr & Leine in elegantem Dunkelblau. Die Leine ist auch handsfree tragbar \u2013 crossbody oder um die Taille.","robots":{"index":"index","follow":"follow","max-snippet":"max-snippet:-1","max-image-preview":"max-image-preview:large","max-video-preview":"max-video-preview:-1"},"canonical":"https:\/\/tedsandtails.de\/en\/product\/set-y-strap-geschirr-leine-midnight-blue\/","og_locale":"en_GB","og_type":"article","og_title":"Set Y-Strap-Geschirr & Leine - midnight blue","og_description":"Stylisches Set mit Y-Geschirr & Leine in elegantem Dunkelblau. Die Leine ist auch handsfree tragbar \u2013 crossbody oder um die Taille.","og_url":"https:\/\/tedsandtails.de\/en\/product\/set-y-strap-geschirr-leine-midnight-blue\/","og_site_name":"TED&#039;S &amp; TAILS","article_modified_time":"2026-05-03T20:05:58+00:00","og_image":[{"width":1707,"height":2560,"url":"https:\/\/tedsandtails.de\/wp-content\/uploads\/2025\/10\/4G1A7902-scaled.jpg","type":"image\/jpeg"}],"twitter_card":"summary_large_image","twitter_misc":{"Est. reading time":"1 minute"},"schema":{"@context":"https:\/\/schema.org","@graph":[{"@type":"WebPage","@id":"https:\/\/tedsandtails.de\/produkt\/set-y-strap-geschirr-leine-midnight-blue\/","url":"https:\/\/tedsandtails.de\/produkt\/set-y-strap-geschirr-leine-midnight-blue\/","name":"Set Y-Strap-Geschirr & Leine - midnight blue","isPartOf":{"@id":"https:\/\/tedsandtails.de\/#website"},"datePublished":"2025-11-07T16:30:19+00:00","dateModified":"2026-05-03T20:05:58+00:00","description":"Stylisches Set mit Y-Geschirr & Leine in elegantem Dunkelblau. Die Leine ist auch handsfree tragbar \u2013 crossbody oder um die Taille.","breadcrumb":{"@id":"https:\/\/tedsandtails.de\/produkt\/set-y-strap-geschirr-leine-midnight-blue\/#breadcrumb"},"inLanguage":"en-GB","potentialAction":[{"@type":"ReadAction","target":["https:\/\/tedsandtails.de\/produkt\/set-y-strap-geschirr-leine-midnight-blue\/"]}]},{"@type":"BreadcrumbList","@id":"https:\/\/tedsandtails.de\/produkt\/set-y-strap-geschirr-leine-midnight-blue\/#breadcrumb","itemListElement":[{"@type":"ListItem","position":1,"name":"Startseite","item":"https:\/\/tedsandtails.de\/"},{"@type":"ListItem","position":2,"name":"Shop","item":"https:\/\/tedsandtails.de\/shop\/"},{"@type":"ListItem","position":3,"name":"Set Y-Strap-Geschirr &amp; Leine &#8211; Midnight Blue"}]},{"@type":"WebSite","@id":"https:\/\/tedsandtails.de\/#website","url":"https:\/\/tedsandtails.de\/","name":"TED&#039;S &amp; TAILS","description":"","publisher":{"@id":"https:\/\/tedsandtails.de\/#organization"},"potentialAction":[{"@type":"SearchAction","target":{"@type":"EntryPoint","urlTemplate":"https:\/\/tedsandtails.de\/?s={search_term_string}"},"query-input":"required name=search_term_string"}],"inLanguage":"en-GB"},{"@type":"Organization","@id":"https:\/\/tedsandtails.de\/#organization","name":"TED&#039;S &amp; TAILS","url":"https:\/\/tedsandtails.de\/","logo":{"@type":"ImageObject","inLanguage":"en-GB","@id":"https:\/\/tedsandtails.de\/#\/schema\/logo\/image\/","url":"https:\/\/tedsandtails.de\/wp-content\/uploads\/2022\/09\/Teddys-5.png","contentUrl":"https:\/\/tedsandtails.de\/wp-content\/uploads\/2022\/09\/Teddys-5.png","width":1080,"height":1080,"caption":"TED&#039;S &amp; TAILS"},"image":{"@id":"https:\/\/tedsandtails.de\/#\/schema\/logo\/image\/"}}]}},"_links":{"self":[{"href":"https:\/\/tedsandtails.de\/en\/wp-json\/wp\/v2\/product\/7707","targetHints":{"allow":["GET"]}}],"collection":[{"href":"https:\/\/tedsandtails.de\/en\/wp-json\/wp\/v2\/product"}],"about":[{"href":"https:\/\/tedsandtails.de\/en\/wp-json\/wp\/v2\/types\/product"}],"replies":[{"embeddable":true,"href":"https:\/\/tedsandtails.de\/en\/wp-json\/wp\/v2\/comments?post=7707"}],"wp:featuredmedia":[{"embeddable":true,"href":"https:\/\/tedsandtails.de\/en\/wp-json\/wp\/v2\/media\/7812"}],"wp:attachment":[{"href":"https:\/\/tedsandtails.de\/en\/wp-json\/wp\/v2\/media?parent=7707"}],"wp:term":[{"taxonomy":"product_cat","embeddable":true,"href":"https:\/\/tedsandtails.de\/en\/wp-json\/wp\/v2\/product_cat?post=7707"},{"taxonomy":"product_tag","embeddable":true,"href":"https:\/\/tedsandtails.de\/en\/wp-json\/wp\/v2\/product_tag?post=7707"}],"curies":[{"name":"wp","href":"https:\/\/api.w.org\/{rel}","templated":true}]}}