{"id":7771,"date":"2025-11-07T17:30:05","date_gmt":"2025-11-07T16:30:05","guid":{"rendered":"https:\/\/tedsandtails.de\/?post_type=product&#038;p=7771"},"modified":"2025-11-07T17:36:54","modified_gmt":"2025-11-07T16:36:54","slug":"set-halsband-leine-kotbeutelhalter-midnight-blue","status":"publish","type":"product","link":"https:\/\/tedsandtails.de\/en\/product\/set-halsband-leine-kotbeutelhalter-midnight-blue\/","title":{"rendered":"Set Halsband, Leine &amp; Kotbeutelhalter &#8211; Midnight Blue"},"content":{"rendered":"<p data-start=\"47\" data-end=\"243\">Suchst du nach stylischem Hundezubeh\u00f6r, das nicht nur im Trend liegt, sondern auch funktional ist? Dann ist das Set Halsband, Leine &amp; Kotbeutelhalter \u2013 Midnight Blue genau das Richtige f\u00fcr dich!<\/p>\n<p data-start=\"245\" data-end=\"479\">Dieses 3-teilige Set aus der beliebten Midnight Blue Kollektion beinhaltet:<br data-start=\"320\" data-end=\"323\" \/>\u2713 ein verstellbares Halsband (Gr\u00f6\u00dfen XS\u2013L)<br data-start=\"365\" data-end=\"368\" \/>\u2713 eine Hundeleine (Gr\u00f6\u00dfe M, wahlweise als normale oder Handsfree-Leine)<br data-start=\"439\" data-end=\"442\" \/>\u2713 einen praktischen Kotbeutelhalter<\/p>\n<p data-start=\"481\" data-end=\"741\">Alle Teile sind aus hochwertigem, dunkelblauem Cordstoff gefertigt und mit edlen, goldfarbenen Metall-Details versehen. Die Gr\u00f6\u00dfe, Breite und Stabilit\u00e4t von Halsband und Leine sind perfekt aufeinander abgestimmt und bieten deinem Hund optimalen Tragekomfort.<\/p>\n<p data-start=\"743\" data-end=\"1062\">W\u00e4hle zwischen einer klassischen Leine (2\u202fcm x 150\u202fcm) oder der vielseitigen Handsfree-Leine (2\u202fcm x 200\u202fcm), die auch crossbody getragen werden kann \u2013 ideal f\u00fcr Spazierg\u00e4nge mit freien H\u00e4nden. Kombiniere dieses Set mit weiteren Artikeln aus der Midnight Blue Kollektion, um den Look deines Hundes perfekt abzurunden.<\/p>\n<p data-start=\"1064\" data-end=\"1208\">Du bist dir unsicher, welche Gr\u00f6\u00dfe dein Hund braucht? Dann wirf einen Blick in unsere Gr\u00f6\u00dfentabelle \u2013 dort findest du alle Infos zur Passform.<\/p>\n<p>&nbsp;<\/p>\n<p>&nbsp;<\/p>","protected":false},"excerpt":{"rendered":"<p>Suchst du nach stylischem Hundezubeh\u00f6r, das nicht nur im Trend liegt, sondern auch funktional ist? Dann ist das Set Halsband, Leine &amp; Kotbeutelhalter \u2013 Midnight Blue genau das Richtige f\u00fcr dich! Dieses 3-teilige Set aus der beliebten Midnight Blue Kollektion beinhaltet:\u2713 ein verstellbares Halsband (Gr\u00f6\u00dfen XS\u2013L)\u2713 eine Hundeleine (Gr\u00f6\u00dfe M, wahlweise als normale oder Handsfree-Leine)\u2713 [&hellip;]<\/p>","protected":false},"featured_media":7817,"comment_status":"open","ping_status":"closed","template":"","meta":[],"product_cat":[208,20],"product_tag":[41,62,46,85,48,61,47,50,63,49,45,44,67,64,86,209,71,70,84],"class_list":{"0":"post-7771","1":"product","2":"type-product","3":"status-publish","4":"has-post-thumbnail","6":"product_cat-midnight-blue","7":"product_cat-sets","8":"product_tag-blau","9":"product_tag-collar","10":"product_tag-dog-accessories","11":"product_tag-dog-set","12":"product_tag-dogs","13":"product_tag-halsband","14":"product_tag-honden","15":"product_tag-hondenaccessoires","16":"product_tag-hundeleine","17":"product_tag-hunden","18":"product_tag-hunden-accessoires","19":"product_tag-hundezubehoer","20":"product_tag-kotbeutelhalter","21":"product_tag-leash","22":"product_tag-leine","23":"product_tag-midnight-blue","24":"product_tag-poepzakhoudertje","25":"product_tag-poepzakjes","26":"product_tag-set","28":"first","29":"instock","30":"shipping-taxable","31":"purchasable","32":"product-type-variable","33":"has-default-attributes"},"yoast_head":"<!-- This site is optimized with the Yoast SEO plugin v20.12 - https:\/\/yoast.com\/wordpress\/plugins\/seo\/ -->\n<title>Set Halsband, Leine &amp; Kotbeutelhalter \u2013 Midnight Blue<\/title>\n<meta name=\"description\" content=\"Stilvolles 3-teiliges Set f\u00fcr deinen Hund: Halsband, Leine &amp; Kotbeutelhalter in Midnight Blue. Aus blauem Cord mit goldenen Details. In XS bis L erh\u00e4ltlich.\" \/>\n<meta name=\"robots\" content=\"index, follow, max-snippet:-1, max-image-preview:large, max-video-preview:-1\" \/>\n<link rel=\"canonical\" href=\"https:\/\/tedsandtails.de\/en\/product\/set-halsband-leine-kotbeutelhalter-midnight-blue\/\" \/>\n<meta property=\"og:locale\" content=\"en_GB\" \/>\n<meta property=\"og:type\" content=\"article\" \/>\n<meta property=\"og:title\" content=\"Set Halsband, Leine &amp; Kotbeutelhalter \u2013 Midnight Blue\" \/>\n<meta property=\"og:description\" content=\"Stilvolles 3-teiliges Set f\u00fcr deinen Hund: Halsband, Leine &amp; Kotbeutelhalter in Midnight Blue. Aus blauem Cord mit goldenen Details. In XS bis L erh\u00e4ltlich.\" \/>\n<meta property=\"og:url\" content=\"https:\/\/tedsandtails.de\/en\/product\/set-halsband-leine-kotbeutelhalter-midnight-blue\/\" \/>\n<meta property=\"og:site_name\" content=\"TED&#039;S &amp; TAILS\" \/>\n<meta property=\"article:modified_time\" content=\"2025-11-07T16:36:54+00:00\" \/>\n<meta property=\"og:image\" content=\"https:\/\/tedsandtails.de\/wp-content\/uploads\/2025\/10\/4G1A7997-scaled.jpg\" \/>\n\t<meta property=\"og:image:width\" content=\"1707\" \/>\n\t<meta property=\"og:image:height\" content=\"2560\" \/>\n\t<meta property=\"og:image:type\" content=\"image\/jpeg\" \/>\n<meta name=\"twitter:card\" content=\"summary_large_image\" \/>\n<meta name=\"twitter:label1\" content=\"Est. reading time\" \/>\n\t<meta name=\"twitter:data1\" content=\"1 minute\" \/>\n<script type=\"application\/ld+json\" class=\"yoast-schema-graph\">{\"@context\":\"https:\/\/schema.org\",\"@graph\":[{\"@type\":\"WebPage\",\"@id\":\"https:\/\/tedsandtails.de\/produkt\/set-halsband-leine-kotbeutelhalter-midnight-blue\/\",\"url\":\"https:\/\/tedsandtails.de\/produkt\/set-halsband-leine-kotbeutelhalter-midnight-blue\/\",\"name\":\"Set Halsband, Leine & Kotbeutelhalter \u2013 Midnight Blue\",\"isPartOf\":{\"@id\":\"https:\/\/tedsandtails.de\/#website\"},\"datePublished\":\"2025-11-07T16:30:05+00:00\",\"dateModified\":\"2025-11-07T16:36:54+00:00\",\"description\":\"Stilvolles 3-teiliges Set f\u00fcr deinen Hund: Halsband, Leine & Kotbeutelhalter in Midnight Blue. Aus blauem Cord mit goldenen Details. In XS bis L erh\u00e4ltlich.\",\"breadcrumb\":{\"@id\":\"https:\/\/tedsandtails.de\/produkt\/set-halsband-leine-kotbeutelhalter-midnight-blue\/#breadcrumb\"},\"inLanguage\":\"en-GB\",\"potentialAction\":[{\"@type\":\"ReadAction\",\"target\":[\"https:\/\/tedsandtails.de\/produkt\/set-halsband-leine-kotbeutelhalter-midnight-blue\/\"]}]},{\"@type\":\"BreadcrumbList\",\"@id\":\"https:\/\/tedsandtails.de\/produkt\/set-halsband-leine-kotbeutelhalter-midnight-blue\/#breadcrumb\",\"itemListElement\":[{\"@type\":\"ListItem\",\"position\":1,\"name\":\"Startseite\",\"item\":\"https:\/\/tedsandtails.de\/\"},{\"@type\":\"ListItem\",\"position\":2,\"name\":\"Shop\",\"item\":\"https:\/\/tedsandtails.de\/shop\/\"},{\"@type\":\"ListItem\",\"position\":3,\"name\":\"Set Halsband, Leine &amp; Kotbeutelhalter &#8211; Midnight Blue\"}]},{\"@type\":\"WebSite\",\"@id\":\"https:\/\/tedsandtails.de\/#website\",\"url\":\"https:\/\/tedsandtails.de\/\",\"name\":\"TED&#039;S &amp; TAILS\",\"description\":\"\",\"publisher\":{\"@id\":\"https:\/\/tedsandtails.de\/#organization\"},\"potentialAction\":[{\"@type\":\"SearchAction\",\"target\":{\"@type\":\"EntryPoint\",\"urlTemplate\":\"https:\/\/tedsandtails.de\/?s={search_term_string}\"},\"query-input\":\"required name=search_term_string\"}],\"inLanguage\":\"en-GB\"},{\"@type\":\"Organization\",\"@id\":\"https:\/\/tedsandtails.de\/#organization\",\"name\":\"TED&#039;S &amp; TAILS\",\"url\":\"https:\/\/tedsandtails.de\/\",\"logo\":{\"@type\":\"ImageObject\",\"inLanguage\":\"en-GB\",\"@id\":\"https:\/\/tedsandtails.de\/#\/schema\/logo\/image\/\",\"url\":\"https:\/\/tedsandtails.de\/wp-content\/uploads\/2022\/09\/Teddys-5.png\",\"contentUrl\":\"https:\/\/tedsandtails.de\/wp-content\/uploads\/2022\/09\/Teddys-5.png\",\"width\":1080,\"height\":1080,\"caption\":\"TED&#039;S &amp; TAILS\"},\"image\":{\"@id\":\"https:\/\/tedsandtails.de\/#\/schema\/logo\/image\/\"}}]}<\/script>\n<!-- \/ Yoast SEO plugin. -->","yoast_head_json":{"title":"Set Halsband, Leine & Kotbeutelhalter \u2013 Midnight Blue","description":"Stilvolles 3-teiliges Set f\u00fcr deinen Hund: Halsband, Leine & Kotbeutelhalter in Midnight Blue. Aus blauem Cord mit goldenen Details. In XS bis L erh\u00e4ltlich.","robots":{"index":"index","follow":"follow","max-snippet":"max-snippet:-1","max-image-preview":"max-image-preview:large","max-video-preview":"max-video-preview:-1"},"canonical":"https:\/\/tedsandtails.de\/en\/product\/set-halsband-leine-kotbeutelhalter-midnight-blue\/","og_locale":"en_GB","og_type":"article","og_title":"Set Halsband, Leine & Kotbeutelhalter \u2013 Midnight Blue","og_description":"Stilvolles 3-teiliges Set f\u00fcr deinen Hund: Halsband, Leine & Kotbeutelhalter in Midnight Blue. Aus blauem Cord mit goldenen Details. In XS bis L erh\u00e4ltlich.","og_url":"https:\/\/tedsandtails.de\/en\/product\/set-halsband-leine-kotbeutelhalter-midnight-blue\/","og_site_name":"TED&#039;S &amp; TAILS","article_modified_time":"2025-11-07T16:36:54+00:00","og_image":[{"width":1707,"height":2560,"url":"https:\/\/tedsandtails.de\/wp-content\/uploads\/2025\/10\/4G1A7997-scaled.jpg","type":"image\/jpeg"}],"twitter_card":"summary_large_image","twitter_misc":{"Est. reading time":"1 minute"},"schema":{"@context":"https:\/\/schema.org","@graph":[{"@type":"WebPage","@id":"https:\/\/tedsandtails.de\/produkt\/set-halsband-leine-kotbeutelhalter-midnight-blue\/","url":"https:\/\/tedsandtails.de\/produkt\/set-halsband-leine-kotbeutelhalter-midnight-blue\/","name":"Set Halsband, Leine & Kotbeutelhalter \u2013 Midnight Blue","isPartOf":{"@id":"https:\/\/tedsandtails.de\/#website"},"datePublished":"2025-11-07T16:30:05+00:00","dateModified":"2025-11-07T16:36:54+00:00","description":"Stilvolles 3-teiliges Set f\u00fcr deinen Hund: Halsband, Leine & Kotbeutelhalter in Midnight Blue. Aus blauem Cord mit goldenen Details. In XS bis L erh\u00e4ltlich.","breadcrumb":{"@id":"https:\/\/tedsandtails.de\/produkt\/set-halsband-leine-kotbeutelhalter-midnight-blue\/#breadcrumb"},"inLanguage":"en-GB","potentialAction":[{"@type":"ReadAction","target":["https:\/\/tedsandtails.de\/produkt\/set-halsband-leine-kotbeutelhalter-midnight-blue\/"]}]},{"@type":"BreadcrumbList","@id":"https:\/\/tedsandtails.de\/produkt\/set-halsband-leine-kotbeutelhalter-midnight-blue\/#breadcrumb","itemListElement":[{"@type":"ListItem","position":1,"name":"Startseite","item":"https:\/\/tedsandtails.de\/"},{"@type":"ListItem","position":2,"name":"Shop","item":"https:\/\/tedsandtails.de\/shop\/"},{"@type":"ListItem","position":3,"name":"Set Halsband, Leine &amp; Kotbeutelhalter &#8211; Midnight Blue"}]},{"@type":"WebSite","@id":"https:\/\/tedsandtails.de\/#website","url":"https:\/\/tedsandtails.de\/","name":"TED&#039;S &amp; TAILS","description":"","publisher":{"@id":"https:\/\/tedsandtails.de\/#organization"},"potentialAction":[{"@type":"SearchAction","target":{"@type":"EntryPoint","urlTemplate":"https:\/\/tedsandtails.de\/?s={search_term_string}"},"query-input":"required name=search_term_string"}],"inLanguage":"en-GB"},{"@type":"Organization","@id":"https:\/\/tedsandtails.de\/#organization","name":"TED&#039;S &amp; TAILS","url":"https:\/\/tedsandtails.de\/","logo":{"@type":"ImageObject","inLanguage":"en-GB","@id":"https:\/\/tedsandtails.de\/#\/schema\/logo\/image\/","url":"https:\/\/tedsandtails.de\/wp-content\/uploads\/2022\/09\/Teddys-5.png","contentUrl":"https:\/\/tedsandtails.de\/wp-content\/uploads\/2022\/09\/Teddys-5.png","width":1080,"height":1080,"caption":"TED&#039;S &amp; TAILS"},"image":{"@id":"https:\/\/tedsandtails.de\/#\/schema\/logo\/image\/"}}]}},"_links":{"self":[{"href":"https:\/\/tedsandtails.de\/en\/wp-json\/wp\/v2\/product\/7771","targetHints":{"allow":["GET"]}}],"collection":[{"href":"https:\/\/tedsandtails.de\/en\/wp-json\/wp\/v2\/product"}],"about":[{"href":"https:\/\/tedsandtails.de\/en\/wp-json\/wp\/v2\/types\/product"}],"replies":[{"embeddable":true,"href":"https:\/\/tedsandtails.de\/en\/wp-json\/wp\/v2\/comments?post=7771"}],"wp:featuredmedia":[{"embeddable":true,"href":"https:\/\/tedsandtails.de\/en\/wp-json\/wp\/v2\/media\/7817"}],"wp:attachment":[{"href":"https:\/\/tedsandtails.de\/en\/wp-json\/wp\/v2\/media?parent=7771"}],"wp:term":[{"taxonomy":"product_cat","embeddable":true,"href":"https:\/\/tedsandtails.de\/en\/wp-json\/wp\/v2\/product_cat?post=7771"},{"taxonomy":"product_tag","embeddable":true,"href":"https:\/\/tedsandtails.de\/en\/wp-json\/wp\/v2\/product_tag?post=7771"}],"curies":[{"name":"wp","href":"https:\/\/api.w.org\/{rel}","templated":true}]}}