{"id":8068,"date":"2026-01-27T17:27:25","date_gmt":"2026-01-27T16:27:25","guid":{"rendered":"https:\/\/tedsandtails.de\/?post_type=product&#038;p=8068"},"modified":"2026-01-27T17:27:33","modified_gmt":"2026-01-27T16:27:33","slug":"hundespielzeug-caterpillar-love-deluxe","status":"publish","type":"product","link":"https:\/\/tedsandtails.de\/en\/product\/hundespielzeug-caterpillar-love-deluxe\/","title":{"rendered":"Hundespielzeug &#8211; Caterpillar Love \u2013 DeLuxe"},"content":{"rendered":"<p data-start=\"921\" data-end=\"1188\">Das Caterpillar Love \u2013 DeLuxe ist die romantische Valentins-Edition des beliebten ZippyPaws Caterpillar-Hundespielzeugs. Diese extra lange, farbenfrohe Raupe wurde speziell entwickelt, um Hunde spielerisch zu besch\u00e4ftigen und gleichzeitig zum Kuscheln einzuladen.<\/p>\n<p data-start=\"1190\" data-end=\"1452\">Dank der 6 runden Quietschern, die \u00fcber den gesamten K\u00f6rper verteilt sind, bleibt das Interesse deines Hundes lange erhalten. Die weiche Pl\u00fcschoberfl\u00e4che ist angenehm f\u00fcr Z\u00e4hne und Zahnfleisch und eignet sich perfekt f\u00fcr Apportier-, Zerr- oder Kuschelspiele.<\/p>\n<p data-start=\"1454\" data-end=\"1666\">Die liebevollen Herz-Antennen und das fr\u00f6hliche Design machen dieses Spielzeug nicht nur zu einem echten Hingucker, sondern auch zu einem perfekten Geschenk f\u00fcr deinen Vierbeiner \u2013 nicht nur zum Valentinstag!<\/p>\n<p data-start=\"1454\" data-end=\"1666\">Gr\u00f6\u00dfe: ca. 50 cm<\/p>","protected":false},"excerpt":{"rendered":"<p>Das Caterpillar Love \u2013 DeLuxe ist die romantische Valentins-Edition des beliebten ZippyPaws Caterpillar-Hundespielzeugs. Diese extra lange, farbenfrohe Raupe wurde speziell entwickelt, um Hunde spielerisch zu besch\u00e4ftigen und gleichzeitig zum Kuscheln einzuladen. Dank der 6 runden Quietschern, die \u00fcber den gesamten K\u00f6rper verteilt sind, bleibt das Interesse deines Hundes lange erhalten. Die weiche Pl\u00fcschoberfl\u00e4che ist angenehm [&hellip;]<\/p>","protected":false},"featured_media":8069,"comment_status":"open","ping_status":"closed","template":"","meta":[],"product_cat":[132],"product_tag":[],"class_list":{"0":"post-8068","1":"product","2":"type-product","3":"status-publish","4":"has-post-thumbnail","6":"product_cat-hundespielzeuge","8":"first","9":"instock","10":"shipping-taxable","11":"purchasable","12":"product-type-simple"},"yoast_head":"<!-- This site is optimized with the Yoast SEO plugin v20.12 - https:\/\/yoast.com\/wordpress\/plugins\/seo\/ -->\n<title>Hundespielzeug - Caterpillar Love \u2013 DeLuxe - TED&#039;S &amp; TAILS<\/title>\n<meta name=\"description\" content=\"Das Caterpillar Love \u2013 DeLuxe Hundespielzeug von ZippyPaws ist extra lang, bunt und voller Liebe. Mit niedlichen Herz-F\u00fchlern und 6 integrierten Quietschern sorgt diese Raupe f\u00fcr endlosen Spielspa\u00df und Kuschelmomente.\" \/>\n<meta name=\"robots\" content=\"index, follow, max-snippet:-1, max-image-preview:large, max-video-preview:-1\" \/>\n<link rel=\"canonical\" href=\"https:\/\/tedsandtails.de\/en\/product\/hundespielzeug-caterpillar-love-deluxe\/\" \/>\n<meta property=\"og:locale\" content=\"en_GB\" \/>\n<meta property=\"og:type\" content=\"article\" \/>\n<meta property=\"og:title\" content=\"Hundespielzeug - Caterpillar Love \u2013 DeLuxe - TED&#039;S &amp; TAILS\" \/>\n<meta property=\"og:description\" content=\"Das Caterpillar Love \u2013 DeLuxe Hundespielzeug von ZippyPaws ist extra lang, bunt und voller Liebe. Mit niedlichen Herz-F\u00fchlern und 6 integrierten Quietschern sorgt diese Raupe f\u00fcr endlosen Spielspa\u00df und Kuschelmomente.\" \/>\n<meta property=\"og:url\" content=\"https:\/\/tedsandtails.de\/en\/product\/hundespielzeug-caterpillar-love-deluxe\/\" \/>\n<meta property=\"og:site_name\" content=\"TED&#039;S &amp; TAILS\" \/>\n<meta property=\"article:modified_time\" content=\"2026-01-27T16:27:33+00:00\" \/>\n<meta property=\"og:image\" content=\"https:\/\/tedsandtails.de\/wp-content\/uploads\/2026\/01\/ZP758_1-600x600-1.jpg\" \/>\n\t<meta property=\"og:image:width\" content=\"600\" \/>\n\t<meta property=\"og:image:height\" content=\"600\" \/>\n\t<meta property=\"og:image:type\" content=\"image\/jpeg\" \/>\n<meta name=\"twitter:card\" content=\"summary_large_image\" \/>\n<meta name=\"twitter:label1\" content=\"Est. reading time\" \/>\n\t<meta name=\"twitter:data1\" content=\"1 minute\" \/>\n<script type=\"application\/ld+json\" class=\"yoast-schema-graph\">{\"@context\":\"https:\/\/schema.org\",\"@graph\":[{\"@type\":\"WebPage\",\"@id\":\"https:\/\/tedsandtails.de\/produkt\/hundespielzeug-caterpillar-love-deluxe\/\",\"url\":\"https:\/\/tedsandtails.de\/produkt\/hundespielzeug-caterpillar-love-deluxe\/\",\"name\":\"Hundespielzeug - Caterpillar Love \u2013 DeLuxe - TED&#039;S &amp; TAILS\",\"isPartOf\":{\"@id\":\"https:\/\/tedsandtails.de\/#website\"},\"datePublished\":\"2026-01-27T16:27:25+00:00\",\"dateModified\":\"2026-01-27T16:27:33+00:00\",\"description\":\"Das Caterpillar Love \u2013 DeLuxe Hundespielzeug von ZippyPaws ist extra lang, bunt und voller Liebe. Mit niedlichen Herz-F\u00fchlern und 6 integrierten Quietschern sorgt diese Raupe f\u00fcr endlosen Spielspa\u00df und Kuschelmomente.\",\"breadcrumb\":{\"@id\":\"https:\/\/tedsandtails.de\/produkt\/hundespielzeug-caterpillar-love-deluxe\/#breadcrumb\"},\"inLanguage\":\"en-GB\",\"potentialAction\":[{\"@type\":\"ReadAction\",\"target\":[\"https:\/\/tedsandtails.de\/produkt\/hundespielzeug-caterpillar-love-deluxe\/\"]}]},{\"@type\":\"BreadcrumbList\",\"@id\":\"https:\/\/tedsandtails.de\/produkt\/hundespielzeug-caterpillar-love-deluxe\/#breadcrumb\",\"itemListElement\":[{\"@type\":\"ListItem\",\"position\":1,\"name\":\"Startseite\",\"item\":\"https:\/\/tedsandtails.de\/\"},{\"@type\":\"ListItem\",\"position\":2,\"name\":\"Shop\",\"item\":\"https:\/\/tedsandtails.de\/shop\/\"},{\"@type\":\"ListItem\",\"position\":3,\"name\":\"Hundespielzeug &#8211; Caterpillar Love \u2013 DeLuxe\"}]},{\"@type\":\"WebSite\",\"@id\":\"https:\/\/tedsandtails.de\/#website\",\"url\":\"https:\/\/tedsandtails.de\/\",\"name\":\"TED&#039;S &amp; TAILS\",\"description\":\"\",\"publisher\":{\"@id\":\"https:\/\/tedsandtails.de\/#organization\"},\"potentialAction\":[{\"@type\":\"SearchAction\",\"target\":{\"@type\":\"EntryPoint\",\"urlTemplate\":\"https:\/\/tedsandtails.de\/?s={search_term_string}\"},\"query-input\":\"required name=search_term_string\"}],\"inLanguage\":\"en-GB\"},{\"@type\":\"Organization\",\"@id\":\"https:\/\/tedsandtails.de\/#organization\",\"name\":\"TED&#039;S &amp; TAILS\",\"url\":\"https:\/\/tedsandtails.de\/\",\"logo\":{\"@type\":\"ImageObject\",\"inLanguage\":\"en-GB\",\"@id\":\"https:\/\/tedsandtails.de\/#\/schema\/logo\/image\/\",\"url\":\"https:\/\/tedsandtails.de\/wp-content\/uploads\/2022\/09\/Teddys-5.png\",\"contentUrl\":\"https:\/\/tedsandtails.de\/wp-content\/uploads\/2022\/09\/Teddys-5.png\",\"width\":1080,\"height\":1080,\"caption\":\"TED&#039;S &amp; TAILS\"},\"image\":{\"@id\":\"https:\/\/tedsandtails.de\/#\/schema\/logo\/image\/\"}}]}<\/script>\n<!-- \/ Yoast SEO plugin. -->","yoast_head_json":{"title":"Hundespielzeug - Caterpillar Love \u2013 DeLuxe - TED&#039;S &amp; TAILS","description":"Das Caterpillar Love \u2013 DeLuxe Hundespielzeug von ZippyPaws ist extra lang, bunt und voller Liebe. Mit niedlichen Herz-F\u00fchlern und 6 integrierten Quietschern sorgt diese Raupe f\u00fcr endlosen Spielspa\u00df und Kuschelmomente.","robots":{"index":"index","follow":"follow","max-snippet":"max-snippet:-1","max-image-preview":"max-image-preview:large","max-video-preview":"max-video-preview:-1"},"canonical":"https:\/\/tedsandtails.de\/en\/product\/hundespielzeug-caterpillar-love-deluxe\/","og_locale":"en_GB","og_type":"article","og_title":"Hundespielzeug - Caterpillar Love \u2013 DeLuxe - TED&#039;S &amp; TAILS","og_description":"Das Caterpillar Love \u2013 DeLuxe Hundespielzeug von ZippyPaws ist extra lang, bunt und voller Liebe. Mit niedlichen Herz-F\u00fchlern und 6 integrierten Quietschern sorgt diese Raupe f\u00fcr endlosen Spielspa\u00df und Kuschelmomente.","og_url":"https:\/\/tedsandtails.de\/en\/product\/hundespielzeug-caterpillar-love-deluxe\/","og_site_name":"TED&#039;S &amp; TAILS","article_modified_time":"2026-01-27T16:27:33+00:00","og_image":[{"width":600,"height":600,"url":"https:\/\/tedsandtails.de\/wp-content\/uploads\/2026\/01\/ZP758_1-600x600-1.jpg","type":"image\/jpeg"}],"twitter_card":"summary_large_image","twitter_misc":{"Est. reading time":"1 minute"},"schema":{"@context":"https:\/\/schema.org","@graph":[{"@type":"WebPage","@id":"https:\/\/tedsandtails.de\/produkt\/hundespielzeug-caterpillar-love-deluxe\/","url":"https:\/\/tedsandtails.de\/produkt\/hundespielzeug-caterpillar-love-deluxe\/","name":"Hundespielzeug - Caterpillar Love \u2013 DeLuxe - TED&#039;S &amp; TAILS","isPartOf":{"@id":"https:\/\/tedsandtails.de\/#website"},"datePublished":"2026-01-27T16:27:25+00:00","dateModified":"2026-01-27T16:27:33+00:00","description":"Das Caterpillar Love \u2013 DeLuxe Hundespielzeug von ZippyPaws ist extra lang, bunt und voller Liebe. Mit niedlichen Herz-F\u00fchlern und 6 integrierten Quietschern sorgt diese Raupe f\u00fcr endlosen Spielspa\u00df und Kuschelmomente.","breadcrumb":{"@id":"https:\/\/tedsandtails.de\/produkt\/hundespielzeug-caterpillar-love-deluxe\/#breadcrumb"},"inLanguage":"en-GB","potentialAction":[{"@type":"ReadAction","target":["https:\/\/tedsandtails.de\/produkt\/hundespielzeug-caterpillar-love-deluxe\/"]}]},{"@type":"BreadcrumbList","@id":"https:\/\/tedsandtails.de\/produkt\/hundespielzeug-caterpillar-love-deluxe\/#breadcrumb","itemListElement":[{"@type":"ListItem","position":1,"name":"Startseite","item":"https:\/\/tedsandtails.de\/"},{"@type":"ListItem","position":2,"name":"Shop","item":"https:\/\/tedsandtails.de\/shop\/"},{"@type":"ListItem","position":3,"name":"Hundespielzeug &#8211; Caterpillar Love \u2013 DeLuxe"}]},{"@type":"WebSite","@id":"https:\/\/tedsandtails.de\/#website","url":"https:\/\/tedsandtails.de\/","name":"TED&#039;S &amp; TAILS","description":"","publisher":{"@id":"https:\/\/tedsandtails.de\/#organization"},"potentialAction":[{"@type":"SearchAction","target":{"@type":"EntryPoint","urlTemplate":"https:\/\/tedsandtails.de\/?s={search_term_string}"},"query-input":"required name=search_term_string"}],"inLanguage":"en-GB"},{"@type":"Organization","@id":"https:\/\/tedsandtails.de\/#organization","name":"TED&#039;S &amp; TAILS","url":"https:\/\/tedsandtails.de\/","logo":{"@type":"ImageObject","inLanguage":"en-GB","@id":"https:\/\/tedsandtails.de\/#\/schema\/logo\/image\/","url":"https:\/\/tedsandtails.de\/wp-content\/uploads\/2022\/09\/Teddys-5.png","contentUrl":"https:\/\/tedsandtails.de\/wp-content\/uploads\/2022\/09\/Teddys-5.png","width":1080,"height":1080,"caption":"TED&#039;S &amp; TAILS"},"image":{"@id":"https:\/\/tedsandtails.de\/#\/schema\/logo\/image\/"}}]}},"_links":{"self":[{"href":"https:\/\/tedsandtails.de\/en\/wp-json\/wp\/v2\/product\/8068","targetHints":{"allow":["GET"]}}],"collection":[{"href":"https:\/\/tedsandtails.de\/en\/wp-json\/wp\/v2\/product"}],"about":[{"href":"https:\/\/tedsandtails.de\/en\/wp-json\/wp\/v2\/types\/product"}],"replies":[{"embeddable":true,"href":"https:\/\/tedsandtails.de\/en\/wp-json\/wp\/v2\/comments?post=8068"}],"wp:featuredmedia":[{"embeddable":true,"href":"https:\/\/tedsandtails.de\/en\/wp-json\/wp\/v2\/media\/8069"}],"wp:attachment":[{"href":"https:\/\/tedsandtails.de\/en\/wp-json\/wp\/v2\/media?parent=8068"}],"wp:term":[{"taxonomy":"product_cat","embeddable":true,"href":"https:\/\/tedsandtails.de\/en\/wp-json\/wp\/v2\/product_cat?post=8068"},{"taxonomy":"product_tag","embeddable":true,"href":"https:\/\/tedsandtails.de\/en\/wp-json\/wp\/v2\/product_tag?post=8068"}],"curies":[{"name":"wp","href":"https:\/\/api.w.org\/{rel}","templated":true}]}}