{"id":8071,"date":"2026-01-27T17:27:36","date_gmt":"2026-01-27T16:27:36","guid":{"rendered":"https:\/\/tedsandtails.de\/?post_type=product&#038;p=8071"},"modified":"2026-01-27T17:27:42","modified_gmt":"2026-01-27T16:27:42","slug":"hundespielzeug-woof-love-heart-arrow","status":"publish","type":"product","link":"https:\/\/tedsandtails.de\/en\/product\/hundespielzeug-woof-love-heart-arrow\/","title":{"rendered":"Hundespielzeug &#8211; Woof Love \u2013 Heart &amp; Arrow"},"content":{"rendered":"<p data-start=\"783\" data-end=\"1048\">Zeige deinem Hund, wie sehr du ihn liebst \u2013 mit dem HugSmart Woof Love \u2013 Heart and Arrow Hundespielzeug. Dieses liebevoll gestaltete Pl\u00fcschherz mit einem Pfeil aus robustem Seil ist das ideale Geschenk zum Valentinstag oder einfach als Zeichen deiner Zuneigung.<\/p>\n<p data-start=\"1050\" data-end=\"1317\">Das weiche Material l\u00e4dt zum Kuscheln ein, w\u00e4hrend der eingearbeitete Quietscher den nat\u00fcrlichen Spieltrieb deines Hundes anregt. Durch die Kombination aus Pl\u00fcsch und Seil eignet sich das Spielzeug sowohl zum sanften Spielen als auch zum Herumtragen und Schmusen.<\/p>\n<p data-start=\"1319\" data-end=\"1483\">Ob als romantisches Valentinstag-Hundespielzeug oder als s\u00fc\u00dfes Accessoire im Spielzeugkorb \u2013 das HugSmart Woof Love Herz sorgt garantiert f\u00fcr wedelnde Begeisterung.<\/p>\n<p data-start=\"1319\" data-end=\"1483\">Ma\u00dfe: 39,8 \u00d7 19,8 \u00d7 8,6 cm<\/p>","protected":false},"excerpt":{"rendered":"<p>Zeige deinem Hund, wie sehr du ihn liebst \u2013 mit dem HugSmart Woof Love \u2013 Heart and Arrow Hundespielzeug. Dieses liebevoll gestaltete Pl\u00fcschherz mit einem Pfeil aus robustem Seil ist das ideale Geschenk zum Valentinstag oder einfach als Zeichen deiner Zuneigung. Das weiche Material l\u00e4dt zum Kuscheln ein, w\u00e4hrend der eingearbeitete Quietscher den nat\u00fcrlichen Spieltrieb [&hellip;]<\/p>","protected":false},"featured_media":8072,"comment_status":"open","ping_status":"closed","template":"","meta":[],"product_cat":[15,132],"product_tag":[],"class_list":{"0":"post-8071","1":"product","2":"type-product","3":"status-publish","4":"has-post-thumbnail","6":"product_cat-unkategorisiert","7":"product_cat-hundespielzeuge","9":"first","10":"instock","11":"shipping-taxable","12":"purchasable","13":"product-type-simple"},"yoast_head":"<!-- This site is optimized with the Yoast SEO plugin v20.12 - https:\/\/yoast.com\/wordpress\/plugins\/seo\/ -->\n<title>Hundespielzeug - Woof Love \u2013 Heart &amp; Arrow - TED&#039;S &amp; TAILS<\/title>\n<meta name=\"description\" content=\"Das HugSmart Woof Love Herz mit Pfeil ist das perfekte Valentinstag-Spielzeug f\u00fcr deinen Hund. Das weiche Pl\u00fcschherz mit integriertem Quietscher sorgt f\u00fcr Spielspa\u00df und liebevolle Kuschelstunden.\" \/>\n<meta name=\"robots\" content=\"index, follow, max-snippet:-1, max-image-preview:large, max-video-preview:-1\" \/>\n<link rel=\"canonical\" href=\"https:\/\/tedsandtails.de\/en\/product\/hundespielzeug-woof-love-heart-arrow\/\" \/>\n<meta property=\"og:locale\" content=\"en_GB\" \/>\n<meta property=\"og:type\" content=\"article\" \/>\n<meta property=\"og:title\" content=\"Hundespielzeug - Woof Love \u2013 Heart &amp; Arrow - TED&#039;S &amp; TAILS\" \/>\n<meta property=\"og:description\" content=\"Das HugSmart Woof Love Herz mit Pfeil ist das perfekte Valentinstag-Spielzeug f\u00fcr deinen Hund. Das weiche Pl\u00fcschherz mit integriertem Quietscher sorgt f\u00fcr Spielspa\u00df und liebevolle Kuschelstunden.\" \/>\n<meta property=\"og:url\" content=\"https:\/\/tedsandtails.de\/en\/product\/hundespielzeug-woof-love-heart-arrow\/\" \/>\n<meta property=\"og:site_name\" content=\"TED&#039;S &amp; TAILS\" \/>\n<meta property=\"article:modified_time\" content=\"2026-01-27T16:27:42+00:00\" \/>\n<meta property=\"og:image\" content=\"https:\/\/tedsandtails.de\/wp-content\/uploads\/2026\/01\/628067706866-1.jpg\" \/>\n\t<meta property=\"og:image:width\" content=\"600\" \/>\n\t<meta property=\"og:image:height\" content=\"600\" \/>\n\t<meta property=\"og:image:type\" content=\"image\/jpeg\" \/>\n<meta name=\"twitter:card\" content=\"summary_large_image\" \/>\n<meta name=\"twitter:label1\" content=\"Est. reading time\" \/>\n\t<meta name=\"twitter:data1\" content=\"1 minute\" \/>\n<script type=\"application\/ld+json\" class=\"yoast-schema-graph\">{\"@context\":\"https:\/\/schema.org\",\"@graph\":[{\"@type\":\"WebPage\",\"@id\":\"https:\/\/tedsandtails.de\/produkt\/hundespielzeug-woof-love-heart-arrow\/\",\"url\":\"https:\/\/tedsandtails.de\/produkt\/hundespielzeug-woof-love-heart-arrow\/\",\"name\":\"Hundespielzeug - Woof Love \u2013 Heart &amp; Arrow - TED&#039;S &amp; TAILS\",\"isPartOf\":{\"@id\":\"https:\/\/tedsandtails.de\/#website\"},\"datePublished\":\"2026-01-27T16:27:36+00:00\",\"dateModified\":\"2026-01-27T16:27:42+00:00\",\"description\":\"Das HugSmart Woof Love Herz mit Pfeil ist das perfekte Valentinstag-Spielzeug f\u00fcr deinen Hund. Das weiche Pl\u00fcschherz mit integriertem Quietscher sorgt f\u00fcr Spielspa\u00df und liebevolle Kuschelstunden.\",\"breadcrumb\":{\"@id\":\"https:\/\/tedsandtails.de\/produkt\/hundespielzeug-woof-love-heart-arrow\/#breadcrumb\"},\"inLanguage\":\"en-GB\",\"potentialAction\":[{\"@type\":\"ReadAction\",\"target\":[\"https:\/\/tedsandtails.de\/produkt\/hundespielzeug-woof-love-heart-arrow\/\"]}]},{\"@type\":\"BreadcrumbList\",\"@id\":\"https:\/\/tedsandtails.de\/produkt\/hundespielzeug-woof-love-heart-arrow\/#breadcrumb\",\"itemListElement\":[{\"@type\":\"ListItem\",\"position\":1,\"name\":\"Startseite\",\"item\":\"https:\/\/tedsandtails.de\/\"},{\"@type\":\"ListItem\",\"position\":2,\"name\":\"Shop\",\"item\":\"https:\/\/tedsandtails.de\/shop\/\"},{\"@type\":\"ListItem\",\"position\":3,\"name\":\"Hundespielzeug &#8211; Woof Love \u2013 Heart &amp; Arrow\"}]},{\"@type\":\"WebSite\",\"@id\":\"https:\/\/tedsandtails.de\/#website\",\"url\":\"https:\/\/tedsandtails.de\/\",\"name\":\"TED&#039;S &amp; TAILS\",\"description\":\"\",\"publisher\":{\"@id\":\"https:\/\/tedsandtails.de\/#organization\"},\"potentialAction\":[{\"@type\":\"SearchAction\",\"target\":{\"@type\":\"EntryPoint\",\"urlTemplate\":\"https:\/\/tedsandtails.de\/?s={search_term_string}\"},\"query-input\":\"required name=search_term_string\"}],\"inLanguage\":\"en-GB\"},{\"@type\":\"Organization\",\"@id\":\"https:\/\/tedsandtails.de\/#organization\",\"name\":\"TED&#039;S &amp; TAILS\",\"url\":\"https:\/\/tedsandtails.de\/\",\"logo\":{\"@type\":\"ImageObject\",\"inLanguage\":\"en-GB\",\"@id\":\"https:\/\/tedsandtails.de\/#\/schema\/logo\/image\/\",\"url\":\"https:\/\/tedsandtails.de\/wp-content\/uploads\/2022\/09\/Teddys-5.png\",\"contentUrl\":\"https:\/\/tedsandtails.de\/wp-content\/uploads\/2022\/09\/Teddys-5.png\",\"width\":1080,\"height\":1080,\"caption\":\"TED&#039;S &amp; TAILS\"},\"image\":{\"@id\":\"https:\/\/tedsandtails.de\/#\/schema\/logo\/image\/\"}}]}<\/script>\n<!-- \/ Yoast SEO plugin. -->","yoast_head_json":{"title":"Hundespielzeug - Woof Love \u2013 Heart &amp; Arrow - TED&#039;S &amp; TAILS","description":"Das HugSmart Woof Love Herz mit Pfeil ist das perfekte Valentinstag-Spielzeug f\u00fcr deinen Hund. Das weiche Pl\u00fcschherz mit integriertem Quietscher sorgt f\u00fcr Spielspa\u00df und liebevolle Kuschelstunden.","robots":{"index":"index","follow":"follow","max-snippet":"max-snippet:-1","max-image-preview":"max-image-preview:large","max-video-preview":"max-video-preview:-1"},"canonical":"https:\/\/tedsandtails.de\/en\/product\/hundespielzeug-woof-love-heart-arrow\/","og_locale":"en_GB","og_type":"article","og_title":"Hundespielzeug - Woof Love \u2013 Heart &amp; Arrow - TED&#039;S &amp; TAILS","og_description":"Das HugSmart Woof Love Herz mit Pfeil ist das perfekte Valentinstag-Spielzeug f\u00fcr deinen Hund. Das weiche Pl\u00fcschherz mit integriertem Quietscher sorgt f\u00fcr Spielspa\u00df und liebevolle Kuschelstunden.","og_url":"https:\/\/tedsandtails.de\/en\/product\/hundespielzeug-woof-love-heart-arrow\/","og_site_name":"TED&#039;S &amp; TAILS","article_modified_time":"2026-01-27T16:27:42+00:00","og_image":[{"width":600,"height":600,"url":"https:\/\/tedsandtails.de\/wp-content\/uploads\/2026\/01\/628067706866-1.jpg","type":"image\/jpeg"}],"twitter_card":"summary_large_image","twitter_misc":{"Est. reading time":"1 minute"},"schema":{"@context":"https:\/\/schema.org","@graph":[{"@type":"WebPage","@id":"https:\/\/tedsandtails.de\/produkt\/hundespielzeug-woof-love-heart-arrow\/","url":"https:\/\/tedsandtails.de\/produkt\/hundespielzeug-woof-love-heart-arrow\/","name":"Hundespielzeug - Woof Love \u2013 Heart &amp; Arrow - TED&#039;S &amp; TAILS","isPartOf":{"@id":"https:\/\/tedsandtails.de\/#website"},"datePublished":"2026-01-27T16:27:36+00:00","dateModified":"2026-01-27T16:27:42+00:00","description":"Das HugSmart Woof Love Herz mit Pfeil ist das perfekte Valentinstag-Spielzeug f\u00fcr deinen Hund. Das weiche Pl\u00fcschherz mit integriertem Quietscher sorgt f\u00fcr Spielspa\u00df und liebevolle Kuschelstunden.","breadcrumb":{"@id":"https:\/\/tedsandtails.de\/produkt\/hundespielzeug-woof-love-heart-arrow\/#breadcrumb"},"inLanguage":"en-GB","potentialAction":[{"@type":"ReadAction","target":["https:\/\/tedsandtails.de\/produkt\/hundespielzeug-woof-love-heart-arrow\/"]}]},{"@type":"BreadcrumbList","@id":"https:\/\/tedsandtails.de\/produkt\/hundespielzeug-woof-love-heart-arrow\/#breadcrumb","itemListElement":[{"@type":"ListItem","position":1,"name":"Startseite","item":"https:\/\/tedsandtails.de\/"},{"@type":"ListItem","position":2,"name":"Shop","item":"https:\/\/tedsandtails.de\/shop\/"},{"@type":"ListItem","position":3,"name":"Hundespielzeug &#8211; Woof Love \u2013 Heart &amp; Arrow"}]},{"@type":"WebSite","@id":"https:\/\/tedsandtails.de\/#website","url":"https:\/\/tedsandtails.de\/","name":"TED&#039;S &amp; TAILS","description":"","publisher":{"@id":"https:\/\/tedsandtails.de\/#organization"},"potentialAction":[{"@type":"SearchAction","target":{"@type":"EntryPoint","urlTemplate":"https:\/\/tedsandtails.de\/?s={search_term_string}"},"query-input":"required name=search_term_string"}],"inLanguage":"en-GB"},{"@type":"Organization","@id":"https:\/\/tedsandtails.de\/#organization","name":"TED&#039;S &amp; TAILS","url":"https:\/\/tedsandtails.de\/","logo":{"@type":"ImageObject","inLanguage":"en-GB","@id":"https:\/\/tedsandtails.de\/#\/schema\/logo\/image\/","url":"https:\/\/tedsandtails.de\/wp-content\/uploads\/2022\/09\/Teddys-5.png","contentUrl":"https:\/\/tedsandtails.de\/wp-content\/uploads\/2022\/09\/Teddys-5.png","width":1080,"height":1080,"caption":"TED&#039;S &amp; TAILS"},"image":{"@id":"https:\/\/tedsandtails.de\/#\/schema\/logo\/image\/"}}]}},"_links":{"self":[{"href":"https:\/\/tedsandtails.de\/en\/wp-json\/wp\/v2\/product\/8071","targetHints":{"allow":["GET"]}}],"collection":[{"href":"https:\/\/tedsandtails.de\/en\/wp-json\/wp\/v2\/product"}],"about":[{"href":"https:\/\/tedsandtails.de\/en\/wp-json\/wp\/v2\/types\/product"}],"replies":[{"embeddable":true,"href":"https:\/\/tedsandtails.de\/en\/wp-json\/wp\/v2\/comments?post=8071"}],"wp:featuredmedia":[{"embeddable":true,"href":"https:\/\/tedsandtails.de\/en\/wp-json\/wp\/v2\/media\/8072"}],"wp:attachment":[{"href":"https:\/\/tedsandtails.de\/en\/wp-json\/wp\/v2\/media?parent=8071"}],"wp:term":[{"taxonomy":"product_cat","embeddable":true,"href":"https:\/\/tedsandtails.de\/en\/wp-json\/wp\/v2\/product_cat?post=8071"},{"taxonomy":"product_tag","embeddable":true,"href":"https:\/\/tedsandtails.de\/en\/wp-json\/wp\/v2\/product_tag?post=8071"}],"curies":[{"name":"wp","href":"https:\/\/api.w.org\/{rel}","templated":true}]}}