{"id":8079,"date":"2026-01-27T17:27:57","date_gmt":"2026-01-27T16:27:57","guid":{"rendered":"https:\/\/tedsandtails.de\/?post_type=product&#038;p=8079"},"modified":"2026-01-27T17:28:04","modified_gmt":"2026-01-27T16:28:04","slug":"hundespielzeug-woof-love-vday-ring","status":"publish","type":"product","link":"https:\/\/tedsandtails.de\/en\/product\/hundespielzeug-woof-love-vday-ring\/","title":{"rendered":"Hundespielzeug &#8211; Woof Love \u2013 Vday Ring"},"content":{"rendered":"<p data-start=\"745\" data-end=\"968\">Man sagt, Diamanten sind f\u00fcr die Ewigkeit \u2013 dieser Ring ist jedoch daf\u00fcr gemacht, geworfen, getragen und gekaut zu werden. Der HugSmart Woof Love Vday Ring kombiniert romantisches Design mit interaktivem Spielvergn\u00fcgen.<\/p>\n<p data-start=\"970\" data-end=\"1244\">Die Au\u00dfenseite besteht aus superweichem Pl\u00fcsch, ideal zum Kuscheln, w\u00e4hrend sich im Inneren ein federnder, strukturierter Ball befindet, der zum Kauen, Apportieren und Rollen anregt. Diese Zwei-in-eins-Funktion sorgt f\u00fcr Abwechslung und langanhaltende Besch\u00e4ftigung.<\/p>\n<p data-start=\"1246\" data-end=\"1447\">Ob f\u00fcr gem\u00fctliche Spielmomente im Haus oder aktive Abenteuer im Freien \u2013 dieses Hundespielzeug bietet Liebe, Spiel und Spa\u00df in einem. So war Liebe noch nie so verspielt \u2013 und so gut zum Kauen geeignet.<\/p>\n<p data-start=\"1246\" data-end=\"1447\">Ma\u00dfe: 8,7 \u00d7 8,3 \u00d7 13 cm<\/p>","protected":false},"excerpt":{"rendered":"<p>Man sagt, Diamanten sind f\u00fcr die Ewigkeit \u2013 dieser Ring ist jedoch daf\u00fcr gemacht, geworfen, getragen und gekaut zu werden. Der HugSmart Woof Love Vday Ring kombiniert romantisches Design mit interaktivem Spielvergn\u00fcgen. Die Au\u00dfenseite besteht aus superweichem Pl\u00fcsch, ideal zum Kuscheln, w\u00e4hrend sich im Inneren ein federnder, strukturierter Ball befindet, der zum Kauen, Apportieren und [&hellip;]<\/p>","protected":false},"featured_media":8080,"comment_status":"open","ping_status":"closed","template":"","meta":[],"product_cat":[132],"product_tag":[],"class_list":{"0":"post-8079","1":"product","2":"type-product","3":"status-publish","4":"has-post-thumbnail","6":"product_cat-hundespielzeuge","8":"first","9":"instock","10":"shipping-taxable","11":"purchasable","12":"product-type-simple"},"yoast_head":"<!-- This site is optimized with the Yoast SEO plugin v20.12 - https:\/\/yoast.com\/wordpress\/plugins\/seo\/ -->\n<title>Hundespielzeug - Woof Love \u2013 Vday Ring - TED&#039;S &amp; TAILS<\/title>\n<meta name=\"description\" content=\"Der HugSmart Woof Love Vday Ring ist ein liebevoll gestaltetes Hundespielzeug mit doppelter Funktion: weiches Pl\u00fcsch au\u00dfen und ein springender, strukturierter Ball im Inneren f\u00fcr extra Spielspa\u00df.\" \/>\n<meta name=\"robots\" content=\"index, follow, max-snippet:-1, max-image-preview:large, max-video-preview:-1\" \/>\n<link rel=\"canonical\" href=\"https:\/\/tedsandtails.de\/en\/product\/hundespielzeug-woof-love-vday-ring\/\" \/>\n<meta property=\"og:locale\" content=\"en_GB\" \/>\n<meta property=\"og:type\" content=\"article\" \/>\n<meta property=\"og:title\" content=\"Hundespielzeug - Woof Love \u2013 Vday Ring - TED&#039;S &amp; TAILS\" \/>\n<meta property=\"og:description\" content=\"Der HugSmart Woof Love Vday Ring ist ein liebevoll gestaltetes Hundespielzeug mit doppelter Funktion: weiches Pl\u00fcsch au\u00dfen und ein springender, strukturierter Ball im Inneren f\u00fcr extra Spielspa\u00df.\" \/>\n<meta property=\"og:url\" content=\"https:\/\/tedsandtails.de\/en\/product\/hundespielzeug-woof-love-vday-ring\/\" \/>\n<meta property=\"og:site_name\" content=\"TED&#039;S &amp; TAILS\" \/>\n<meta property=\"article:modified_time\" content=\"2026-01-27T16:28:04+00:00\" \/>\n<meta property=\"og:image\" content=\"https:\/\/tedsandtails.de\/wp-content\/uploads\/2026\/01\/HS10875-4.jpg\" \/>\n\t<meta property=\"og:image:width\" content=\"600\" \/>\n\t<meta property=\"og:image:height\" content=\"600\" \/>\n\t<meta property=\"og:image:type\" content=\"image\/jpeg\" \/>\n<meta name=\"twitter:card\" content=\"summary_large_image\" \/>\n<meta name=\"twitter:label1\" content=\"Est. reading time\" \/>\n\t<meta name=\"twitter:data1\" content=\"1 minute\" \/>\n<script type=\"application\/ld+json\" class=\"yoast-schema-graph\">{\"@context\":\"https:\/\/schema.org\",\"@graph\":[{\"@type\":\"WebPage\",\"@id\":\"https:\/\/tedsandtails.de\/produkt\/hundespielzeug-woof-love-vday-ring\/\",\"url\":\"https:\/\/tedsandtails.de\/produkt\/hundespielzeug-woof-love-vday-ring\/\",\"name\":\"Hundespielzeug - Woof Love \u2013 Vday Ring - TED&#039;S &amp; TAILS\",\"isPartOf\":{\"@id\":\"https:\/\/tedsandtails.de\/#website\"},\"datePublished\":\"2026-01-27T16:27:57+00:00\",\"dateModified\":\"2026-01-27T16:28:04+00:00\",\"description\":\"Der HugSmart Woof Love Vday Ring ist ein liebevoll gestaltetes Hundespielzeug mit doppelter Funktion: weiches Pl\u00fcsch au\u00dfen und ein springender, strukturierter Ball im Inneren f\u00fcr extra Spielspa\u00df.\",\"breadcrumb\":{\"@id\":\"https:\/\/tedsandtails.de\/produkt\/hundespielzeug-woof-love-vday-ring\/#breadcrumb\"},\"inLanguage\":\"en-GB\",\"potentialAction\":[{\"@type\":\"ReadAction\",\"target\":[\"https:\/\/tedsandtails.de\/produkt\/hundespielzeug-woof-love-vday-ring\/\"]}]},{\"@type\":\"BreadcrumbList\",\"@id\":\"https:\/\/tedsandtails.de\/produkt\/hundespielzeug-woof-love-vday-ring\/#breadcrumb\",\"itemListElement\":[{\"@type\":\"ListItem\",\"position\":1,\"name\":\"Startseite\",\"item\":\"https:\/\/tedsandtails.de\/\"},{\"@type\":\"ListItem\",\"position\":2,\"name\":\"Shop\",\"item\":\"https:\/\/tedsandtails.de\/shop\/\"},{\"@type\":\"ListItem\",\"position\":3,\"name\":\"Hundespielzeug &#8211; Woof Love \u2013 Vday Ring\"}]},{\"@type\":\"WebSite\",\"@id\":\"https:\/\/tedsandtails.de\/#website\",\"url\":\"https:\/\/tedsandtails.de\/\",\"name\":\"TED&#039;S &amp; TAILS\",\"description\":\"\",\"publisher\":{\"@id\":\"https:\/\/tedsandtails.de\/#organization\"},\"potentialAction\":[{\"@type\":\"SearchAction\",\"target\":{\"@type\":\"EntryPoint\",\"urlTemplate\":\"https:\/\/tedsandtails.de\/?s={search_term_string}\"},\"query-input\":\"required name=search_term_string\"}],\"inLanguage\":\"en-GB\"},{\"@type\":\"Organization\",\"@id\":\"https:\/\/tedsandtails.de\/#organization\",\"name\":\"TED&#039;S &amp; TAILS\",\"url\":\"https:\/\/tedsandtails.de\/\",\"logo\":{\"@type\":\"ImageObject\",\"inLanguage\":\"en-GB\",\"@id\":\"https:\/\/tedsandtails.de\/#\/schema\/logo\/image\/\",\"url\":\"https:\/\/tedsandtails.de\/wp-content\/uploads\/2022\/09\/Teddys-5.png\",\"contentUrl\":\"https:\/\/tedsandtails.de\/wp-content\/uploads\/2022\/09\/Teddys-5.png\",\"width\":1080,\"height\":1080,\"caption\":\"TED&#039;S &amp; TAILS\"},\"image\":{\"@id\":\"https:\/\/tedsandtails.de\/#\/schema\/logo\/image\/\"}}]}<\/script>\n<!-- \/ Yoast SEO plugin. -->","yoast_head_json":{"title":"Hundespielzeug - Woof Love \u2013 Vday Ring - TED&#039;S &amp; TAILS","description":"Der HugSmart Woof Love Vday Ring ist ein liebevoll gestaltetes Hundespielzeug mit doppelter Funktion: weiches Pl\u00fcsch au\u00dfen und ein springender, strukturierter Ball im Inneren f\u00fcr extra Spielspa\u00df.","robots":{"index":"index","follow":"follow","max-snippet":"max-snippet:-1","max-image-preview":"max-image-preview:large","max-video-preview":"max-video-preview:-1"},"canonical":"https:\/\/tedsandtails.de\/en\/product\/hundespielzeug-woof-love-vday-ring\/","og_locale":"en_GB","og_type":"article","og_title":"Hundespielzeug - Woof Love \u2013 Vday Ring - TED&#039;S &amp; TAILS","og_description":"Der HugSmart Woof Love Vday Ring ist ein liebevoll gestaltetes Hundespielzeug mit doppelter Funktion: weiches Pl\u00fcsch au\u00dfen und ein springender, strukturierter Ball im Inneren f\u00fcr extra Spielspa\u00df.","og_url":"https:\/\/tedsandtails.de\/en\/product\/hundespielzeug-woof-love-vday-ring\/","og_site_name":"TED&#039;S &amp; TAILS","article_modified_time":"2026-01-27T16:28:04+00:00","og_image":[{"width":600,"height":600,"url":"https:\/\/tedsandtails.de\/wp-content\/uploads\/2026\/01\/HS10875-4.jpg","type":"image\/jpeg"}],"twitter_card":"summary_large_image","twitter_misc":{"Est. reading time":"1 minute"},"schema":{"@context":"https:\/\/schema.org","@graph":[{"@type":"WebPage","@id":"https:\/\/tedsandtails.de\/produkt\/hundespielzeug-woof-love-vday-ring\/","url":"https:\/\/tedsandtails.de\/produkt\/hundespielzeug-woof-love-vday-ring\/","name":"Hundespielzeug - Woof Love \u2013 Vday Ring - TED&#039;S &amp; TAILS","isPartOf":{"@id":"https:\/\/tedsandtails.de\/#website"},"datePublished":"2026-01-27T16:27:57+00:00","dateModified":"2026-01-27T16:28:04+00:00","description":"Der HugSmart Woof Love Vday Ring ist ein liebevoll gestaltetes Hundespielzeug mit doppelter Funktion: weiches Pl\u00fcsch au\u00dfen und ein springender, strukturierter Ball im Inneren f\u00fcr extra Spielspa\u00df.","breadcrumb":{"@id":"https:\/\/tedsandtails.de\/produkt\/hundespielzeug-woof-love-vday-ring\/#breadcrumb"},"inLanguage":"en-GB","potentialAction":[{"@type":"ReadAction","target":["https:\/\/tedsandtails.de\/produkt\/hundespielzeug-woof-love-vday-ring\/"]}]},{"@type":"BreadcrumbList","@id":"https:\/\/tedsandtails.de\/produkt\/hundespielzeug-woof-love-vday-ring\/#breadcrumb","itemListElement":[{"@type":"ListItem","position":1,"name":"Startseite","item":"https:\/\/tedsandtails.de\/"},{"@type":"ListItem","position":2,"name":"Shop","item":"https:\/\/tedsandtails.de\/shop\/"},{"@type":"ListItem","position":3,"name":"Hundespielzeug &#8211; Woof Love \u2013 Vday Ring"}]},{"@type":"WebSite","@id":"https:\/\/tedsandtails.de\/#website","url":"https:\/\/tedsandtails.de\/","name":"TED&#039;S &amp; TAILS","description":"","publisher":{"@id":"https:\/\/tedsandtails.de\/#organization"},"potentialAction":[{"@type":"SearchAction","target":{"@type":"EntryPoint","urlTemplate":"https:\/\/tedsandtails.de\/?s={search_term_string}"},"query-input":"required name=search_term_string"}],"inLanguage":"en-GB"},{"@type":"Organization","@id":"https:\/\/tedsandtails.de\/#organization","name":"TED&#039;S &amp; TAILS","url":"https:\/\/tedsandtails.de\/","logo":{"@type":"ImageObject","inLanguage":"en-GB","@id":"https:\/\/tedsandtails.de\/#\/schema\/logo\/image\/","url":"https:\/\/tedsandtails.de\/wp-content\/uploads\/2022\/09\/Teddys-5.png","contentUrl":"https:\/\/tedsandtails.de\/wp-content\/uploads\/2022\/09\/Teddys-5.png","width":1080,"height":1080,"caption":"TED&#039;S &amp; TAILS"},"image":{"@id":"https:\/\/tedsandtails.de\/#\/schema\/logo\/image\/"}}]}},"_links":{"self":[{"href":"https:\/\/tedsandtails.de\/en\/wp-json\/wp\/v2\/product\/8079","targetHints":{"allow":["GET"]}}],"collection":[{"href":"https:\/\/tedsandtails.de\/en\/wp-json\/wp\/v2\/product"}],"about":[{"href":"https:\/\/tedsandtails.de\/en\/wp-json\/wp\/v2\/types\/product"}],"replies":[{"embeddable":true,"href":"https:\/\/tedsandtails.de\/en\/wp-json\/wp\/v2\/comments?post=8079"}],"wp:featuredmedia":[{"embeddable":true,"href":"https:\/\/tedsandtails.de\/en\/wp-json\/wp\/v2\/media\/8080"}],"wp:attachment":[{"href":"https:\/\/tedsandtails.de\/en\/wp-json\/wp\/v2\/media?parent=8079"}],"wp:term":[{"taxonomy":"product_cat","embeddable":true,"href":"https:\/\/tedsandtails.de\/en\/wp-json\/wp\/v2\/product_cat?post=8079"},{"taxonomy":"product_tag","embeddable":true,"href":"https:\/\/tedsandtails.de\/en\/wp-json\/wp\/v2\/product_tag?post=8079"}],"curies":[{"name":"wp","href":"https:\/\/api.w.org\/{rel}","templated":true}]}}