{"id":8084,"date":"2026-01-27T17:28:07","date_gmt":"2026-01-27T16:28:07","guid":{"rendered":"https:\/\/tedsandtails.de\/?post_type=product&#038;p=8084"},"modified":"2026-01-27T18:51:30","modified_gmt":"2026-01-27T17:51:30","slug":"hundespielzeug-woof-love-strawberry-chocolate-ball","status":"publish","type":"product","link":"https:\/\/tedsandtails.de\/en\/product\/hundespielzeug-woof-love-strawberry-chocolate-ball\/","title":{"rendered":"Hundespielzeug &#8211; Woof Love \u2013 Strawberry Chocolate Ball"},"content":{"rendered":"<p data-start=\"745\" data-end=\"1049\">So s\u00fc\u00df wie die K\u00fcsschen deines Hundes: Der HugSmart Woof Love Strawberry Chocolate Ball ist das perfekte Valentinstags-Hundespielzeug f\u00fcr verspielte Vierbeiner. Dieses interaktive 2-in-1 Spielzeug besitzt eine superweiche Pl\u00fcschh\u00fclle in Erdbeeroptik, die dein Hund nach Herzenslust zerlegen kann.<\/p>\n<p data-start=\"1051\" data-end=\"1301\">Sobald die \u00e4u\u00dfere Schicht besch\u00e4digt ist, kommt ein strukturierter, stacheliger Ball zum Vorschein, der f\u00fcr zus\u00e4tzlichen Spiel- und Kauanreiz sorgt. So bietet das Spielzeug gleich zwei Spielphasen und h\u00e4lt deinen Hund besonders lange besch\u00e4ftigt.<\/p>\n<p data-start=\"1303\" data-end=\"1433\">Ideal zum Apportieren, Werfen, Rollen und Kuscheln \u2013 dein Hund wird sich garantiert sofort in dieses s\u00fc\u00dfe Spielzeug verlieben.<\/p>\n<p data-start=\"1303\" data-end=\"1433\">Ma\u00dfe: 10 \u00d7 8 \u00d7 8 cm<\/p>","protected":false},"excerpt":{"rendered":"<p>So s\u00fc\u00df wie die K\u00fcsschen deines Hundes: Der HugSmart Woof Love Strawberry Chocolate Ball ist das perfekte Valentinstags-Hundespielzeug f\u00fcr verspielte Vierbeiner. Dieses interaktive 2-in-1 Spielzeug besitzt eine superweiche Pl\u00fcschh\u00fclle in Erdbeeroptik, die dein Hund nach Herzenslust zerlegen kann. Sobald die \u00e4u\u00dfere Schicht besch\u00e4digt ist, kommt ein strukturierter, stacheliger Ball zum Vorschein, der f\u00fcr zus\u00e4tzlichen Spiel- [&hellip;]<\/p>","protected":false},"featured_media":8085,"comment_status":"open","ping_status":"closed","template":"","meta":[],"product_cat":[132],"product_tag":[],"class_list":{"0":"post-8084","1":"product","2":"type-product","3":"status-publish","4":"has-post-thumbnail","6":"product_cat-hundespielzeuge","8":"first","9":"instock","10":"shipping-taxable","11":"purchasable","12":"product-type-simple"},"yoast_head":"<!-- This site is optimized with the Yoast SEO plugin v20.12 - https:\/\/yoast.com\/wordpress\/plugins\/seo\/ -->\n<title>Hundespielzeug - Woof Love \u2013 Strawberry Chocolate Ball - TED&#039;S &amp; TAILS<\/title>\n<meta name=\"description\" content=\"Der HugSmart Woof Love Strawberry Chocolate Ball ist ein liebevolles 2-in-1 Hundespielzeug mit einer weichen Pl\u00fcschh\u00fclle und einem versteckten, strukturierten Ball f\u00fcr doppelten Spielspa\u00df.\" \/>\n<meta name=\"robots\" content=\"index, follow, max-snippet:-1, max-image-preview:large, max-video-preview:-1\" \/>\n<link rel=\"canonical\" href=\"https:\/\/tedsandtails.de\/en\/product\/hundespielzeug-woof-love-strawberry-chocolate-ball\/\" \/>\n<meta property=\"og:locale\" content=\"en_GB\" \/>\n<meta property=\"og:type\" content=\"article\" \/>\n<meta property=\"og:title\" content=\"Hundespielzeug - Woof Love \u2013 Strawberry Chocolate Ball - TED&#039;S &amp; TAILS\" \/>\n<meta property=\"og:description\" content=\"Der HugSmart Woof Love Strawberry Chocolate Ball ist ein liebevolles 2-in-1 Hundespielzeug mit einer weichen Pl\u00fcschh\u00fclle und einem versteckten, strukturierten Ball f\u00fcr doppelten Spielspa\u00df.\" \/>\n<meta property=\"og:url\" content=\"https:\/\/tedsandtails.de\/en\/product\/hundespielzeug-woof-love-strawberry-chocolate-ball\/\" \/>\n<meta property=\"og:site_name\" content=\"TED&#039;S &amp; TAILS\" \/>\n<meta property=\"article:modified_time\" content=\"2026-01-27T17:51:30+00:00\" \/>\n<meta property=\"og:image\" content=\"https:\/\/tedsandtails.de\/wp-content\/uploads\/2026\/01\/HS10755-1.jpg\" \/>\n\t<meta property=\"og:image:width\" content=\"600\" \/>\n\t<meta property=\"og:image:height\" content=\"600\" \/>\n\t<meta property=\"og:image:type\" content=\"image\/jpeg\" \/>\n<meta name=\"twitter:card\" content=\"summary_large_image\" \/>\n<meta name=\"twitter:label1\" content=\"Est. reading time\" \/>\n\t<meta name=\"twitter:data1\" content=\"1 minute\" \/>\n<script type=\"application\/ld+json\" class=\"yoast-schema-graph\">{\"@context\":\"https:\/\/schema.org\",\"@graph\":[{\"@type\":\"WebPage\",\"@id\":\"https:\/\/tedsandtails.de\/produkt\/hundespielzeug-woof-love-strawberry-chocolate-ball\/\",\"url\":\"https:\/\/tedsandtails.de\/produkt\/hundespielzeug-woof-love-strawberry-chocolate-ball\/\",\"name\":\"Hundespielzeug - Woof Love \u2013 Strawberry Chocolate Ball - TED&#039;S &amp; TAILS\",\"isPartOf\":{\"@id\":\"https:\/\/tedsandtails.de\/#website\"},\"datePublished\":\"2026-01-27T16:28:07+00:00\",\"dateModified\":\"2026-01-27T17:51:30+00:00\",\"description\":\"Der HugSmart Woof Love Strawberry Chocolate Ball ist ein liebevolles 2-in-1 Hundespielzeug mit einer weichen Pl\u00fcschh\u00fclle und einem versteckten, strukturierten Ball f\u00fcr doppelten Spielspa\u00df.\",\"breadcrumb\":{\"@id\":\"https:\/\/tedsandtails.de\/produkt\/hundespielzeug-woof-love-strawberry-chocolate-ball\/#breadcrumb\"},\"inLanguage\":\"en-GB\",\"potentialAction\":[{\"@type\":\"ReadAction\",\"target\":[\"https:\/\/tedsandtails.de\/produkt\/hundespielzeug-woof-love-strawberry-chocolate-ball\/\"]}]},{\"@type\":\"BreadcrumbList\",\"@id\":\"https:\/\/tedsandtails.de\/produkt\/hundespielzeug-woof-love-strawberry-chocolate-ball\/#breadcrumb\",\"itemListElement\":[{\"@type\":\"ListItem\",\"position\":1,\"name\":\"Startseite\",\"item\":\"https:\/\/tedsandtails.de\/\"},{\"@type\":\"ListItem\",\"position\":2,\"name\":\"Shop\",\"item\":\"https:\/\/tedsandtails.de\/shop\/\"},{\"@type\":\"ListItem\",\"position\":3,\"name\":\"Hundespielzeug &#8211; Woof Love \u2013 Strawberry Chocolate Ball\"}]},{\"@type\":\"WebSite\",\"@id\":\"https:\/\/tedsandtails.de\/#website\",\"url\":\"https:\/\/tedsandtails.de\/\",\"name\":\"TED&#039;S &amp; TAILS\",\"description\":\"\",\"publisher\":{\"@id\":\"https:\/\/tedsandtails.de\/#organization\"},\"potentialAction\":[{\"@type\":\"SearchAction\",\"target\":{\"@type\":\"EntryPoint\",\"urlTemplate\":\"https:\/\/tedsandtails.de\/?s={search_term_string}\"},\"query-input\":\"required name=search_term_string\"}],\"inLanguage\":\"en-GB\"},{\"@type\":\"Organization\",\"@id\":\"https:\/\/tedsandtails.de\/#organization\",\"name\":\"TED&#039;S &amp; TAILS\",\"url\":\"https:\/\/tedsandtails.de\/\",\"logo\":{\"@type\":\"ImageObject\",\"inLanguage\":\"en-GB\",\"@id\":\"https:\/\/tedsandtails.de\/#\/schema\/logo\/image\/\",\"url\":\"https:\/\/tedsandtails.de\/wp-content\/uploads\/2022\/09\/Teddys-5.png\",\"contentUrl\":\"https:\/\/tedsandtails.de\/wp-content\/uploads\/2022\/09\/Teddys-5.png\",\"width\":1080,\"height\":1080,\"caption\":\"TED&#039;S &amp; TAILS\"},\"image\":{\"@id\":\"https:\/\/tedsandtails.de\/#\/schema\/logo\/image\/\"}}]}<\/script>\n<!-- \/ Yoast SEO plugin. -->","yoast_head_json":{"title":"Hundespielzeug - Woof Love \u2013 Strawberry Chocolate Ball - TED&#039;S &amp; TAILS","description":"Der HugSmart Woof Love Strawberry Chocolate Ball ist ein liebevolles 2-in-1 Hundespielzeug mit einer weichen Pl\u00fcschh\u00fclle und einem versteckten, strukturierten Ball f\u00fcr doppelten Spielspa\u00df.","robots":{"index":"index","follow":"follow","max-snippet":"max-snippet:-1","max-image-preview":"max-image-preview:large","max-video-preview":"max-video-preview:-1"},"canonical":"https:\/\/tedsandtails.de\/en\/product\/hundespielzeug-woof-love-strawberry-chocolate-ball\/","og_locale":"en_GB","og_type":"article","og_title":"Hundespielzeug - Woof Love \u2013 Strawberry Chocolate Ball - TED&#039;S &amp; TAILS","og_description":"Der HugSmart Woof Love Strawberry Chocolate Ball ist ein liebevolles 2-in-1 Hundespielzeug mit einer weichen Pl\u00fcschh\u00fclle und einem versteckten, strukturierten Ball f\u00fcr doppelten Spielspa\u00df.","og_url":"https:\/\/tedsandtails.de\/en\/product\/hundespielzeug-woof-love-strawberry-chocolate-ball\/","og_site_name":"TED&#039;S &amp; TAILS","article_modified_time":"2026-01-27T17:51:30+00:00","og_image":[{"width":600,"height":600,"url":"https:\/\/tedsandtails.de\/wp-content\/uploads\/2026\/01\/HS10755-1.jpg","type":"image\/jpeg"}],"twitter_card":"summary_large_image","twitter_misc":{"Est. reading time":"1 minute"},"schema":{"@context":"https:\/\/schema.org","@graph":[{"@type":"WebPage","@id":"https:\/\/tedsandtails.de\/produkt\/hundespielzeug-woof-love-strawberry-chocolate-ball\/","url":"https:\/\/tedsandtails.de\/produkt\/hundespielzeug-woof-love-strawberry-chocolate-ball\/","name":"Hundespielzeug - Woof Love \u2013 Strawberry Chocolate Ball - TED&#039;S &amp; TAILS","isPartOf":{"@id":"https:\/\/tedsandtails.de\/#website"},"datePublished":"2026-01-27T16:28:07+00:00","dateModified":"2026-01-27T17:51:30+00:00","description":"Der HugSmart Woof Love Strawberry Chocolate Ball ist ein liebevolles 2-in-1 Hundespielzeug mit einer weichen Pl\u00fcschh\u00fclle und einem versteckten, strukturierten Ball f\u00fcr doppelten Spielspa\u00df.","breadcrumb":{"@id":"https:\/\/tedsandtails.de\/produkt\/hundespielzeug-woof-love-strawberry-chocolate-ball\/#breadcrumb"},"inLanguage":"en-GB","potentialAction":[{"@type":"ReadAction","target":["https:\/\/tedsandtails.de\/produkt\/hundespielzeug-woof-love-strawberry-chocolate-ball\/"]}]},{"@type":"BreadcrumbList","@id":"https:\/\/tedsandtails.de\/produkt\/hundespielzeug-woof-love-strawberry-chocolate-ball\/#breadcrumb","itemListElement":[{"@type":"ListItem","position":1,"name":"Startseite","item":"https:\/\/tedsandtails.de\/"},{"@type":"ListItem","position":2,"name":"Shop","item":"https:\/\/tedsandtails.de\/shop\/"},{"@type":"ListItem","position":3,"name":"Hundespielzeug &#8211; Woof Love \u2013 Strawberry Chocolate Ball"}]},{"@type":"WebSite","@id":"https:\/\/tedsandtails.de\/#website","url":"https:\/\/tedsandtails.de\/","name":"TED&#039;S &amp; TAILS","description":"","publisher":{"@id":"https:\/\/tedsandtails.de\/#organization"},"potentialAction":[{"@type":"SearchAction","target":{"@type":"EntryPoint","urlTemplate":"https:\/\/tedsandtails.de\/?s={search_term_string}"},"query-input":"required name=search_term_string"}],"inLanguage":"en-GB"},{"@type":"Organization","@id":"https:\/\/tedsandtails.de\/#organization","name":"TED&#039;S &amp; TAILS","url":"https:\/\/tedsandtails.de\/","logo":{"@type":"ImageObject","inLanguage":"en-GB","@id":"https:\/\/tedsandtails.de\/#\/schema\/logo\/image\/","url":"https:\/\/tedsandtails.de\/wp-content\/uploads\/2022\/09\/Teddys-5.png","contentUrl":"https:\/\/tedsandtails.de\/wp-content\/uploads\/2022\/09\/Teddys-5.png","width":1080,"height":1080,"caption":"TED&#039;S &amp; TAILS"},"image":{"@id":"https:\/\/tedsandtails.de\/#\/schema\/logo\/image\/"}}]}},"_links":{"self":[{"href":"https:\/\/tedsandtails.de\/en\/wp-json\/wp\/v2\/product\/8084","targetHints":{"allow":["GET"]}}],"collection":[{"href":"https:\/\/tedsandtails.de\/en\/wp-json\/wp\/v2\/product"}],"about":[{"href":"https:\/\/tedsandtails.de\/en\/wp-json\/wp\/v2\/types\/product"}],"replies":[{"embeddable":true,"href":"https:\/\/tedsandtails.de\/en\/wp-json\/wp\/v2\/comments?post=8084"}],"wp:featuredmedia":[{"embeddable":true,"href":"https:\/\/tedsandtails.de\/en\/wp-json\/wp\/v2\/media\/8085"}],"wp:attachment":[{"href":"https:\/\/tedsandtails.de\/en\/wp-json\/wp\/v2\/media?parent=8084"}],"wp:term":[{"taxonomy":"product_cat","embeddable":true,"href":"https:\/\/tedsandtails.de\/en\/wp-json\/wp\/v2\/product_cat?post=8084"},{"taxonomy":"product_tag","embeddable":true,"href":"https:\/\/tedsandtails.de\/en\/wp-json\/wp\/v2\/product_tag?post=8084"}],"curies":[{"name":"wp","href":"https:\/\/api.w.org\/{rel}","templated":true}]}}