{"id":8088,"date":"2026-01-27T17:28:18","date_gmt":"2026-01-27T16:28:18","guid":{"rendered":"https:\/\/tedsandtails.de\/?post_type=product&#038;p=8088"},"modified":"2026-01-27T17:28:25","modified_gmt":"2026-01-27T16:28:25","slug":"hundespielzeug-woof-love-bee-mine","status":"publish","type":"product","link":"https:\/\/tedsandtails.de\/en\/product\/hundespielzeug-woof-love-bee-mine\/","title":{"rendered":"Hundespielzeug &#8211; Woof Love \u2013 Bee Mine"},"content":{"rendered":"<p data-start=\"736\" data-end=\"967\">Vergiss herzf\u00f6rmige S\u00fc\u00dfigkeiten \u2013 diese Biene ist das wohl s\u00fc\u00dfeste Geschenk f\u00fcr deinen Hund. Der HugSmart Woof Love Bee Mine kombiniert niedliches Design mit interaktivem Spielvergn\u00fcgen und sorgt f\u00fcr stundenlange Besch\u00e4ftigung.<\/p>\n<p data-start=\"969\" data-end=\"1241\">Die superweiche Pl\u00fcsch-Au\u00dfenseite l\u00e4dt zum Kuscheln ein, w\u00e4hrend sich im Inneren ein strukturierter, stacheliger Ball verbirgt, der zum Kauen, Apportieren und Werfen animiert. Dank der Zwei-in-eins-Funktion bietet dieses Hundespielzeug gleich doppelte Abwechslung.<\/p>\n<p data-start=\"1243\" data-end=\"1435\">Ob f\u00fcr gem\u00fctliche Spielmomente im Haus oder aktive Abenteuer im Freien \u2013 dieses interaktive Hundespielzeug ist vielseitig einsetzbar und schnell der neue Lieblingsbegleiter deines Vierbeiners.<\/p>\n<p data-start=\"1243\" data-end=\"1435\">Ma\u00dfe: 14,5 \u00d7 8 \u00d7 12 cm<\/p>","protected":false},"excerpt":{"rendered":"<p>Vergiss herzf\u00f6rmige S\u00fc\u00dfigkeiten \u2013 diese Biene ist das wohl s\u00fc\u00dfeste Geschenk f\u00fcr deinen Hund. Der HugSmart Woof Love Bee Mine kombiniert niedliches Design mit interaktivem Spielvergn\u00fcgen und sorgt f\u00fcr stundenlange Besch\u00e4ftigung. Die superweiche Pl\u00fcsch-Au\u00dfenseite l\u00e4dt zum Kuscheln ein, w\u00e4hrend sich im Inneren ein strukturierter, stacheliger Ball verbirgt, der zum Kauen, Apportieren und Werfen animiert. Dank [&hellip;]<\/p>","protected":false},"featured_media":8089,"comment_status":"open","ping_status":"closed","template":"","meta":[],"product_cat":[132],"product_tag":[],"class_list":{"0":"post-8088","1":"product","2":"type-product","3":"status-publish","4":"has-post-thumbnail","6":"product_cat-hundespielzeuge","8":"first","9":"instock","10":"shipping-taxable","11":"purchasable","12":"product-type-simple"},"yoast_head":"<!-- This site is optimized with the Yoast SEO plugin v20.12 - https:\/\/yoast.com\/wordpress\/plugins\/seo\/ -->\n<title>Hundespielzeug - Woof Love \u2013 Bee Mine - TED&#039;S &amp; TAILS<\/title>\n<meta name=\"description\" content=\"Der HugSmart Woof Love Bee Mine ist ein liebevoll gestaltetes 2-in-1 Hundespielzeug mit einer weichen Pl\u00fcschh\u00fclle und einem versteckten, strukturierten Ball f\u00fcr abwechslungsreichen Spielspa\u00df.\" \/>\n<meta name=\"robots\" content=\"index, follow, max-snippet:-1, max-image-preview:large, max-video-preview:-1\" \/>\n<link rel=\"canonical\" href=\"https:\/\/tedsandtails.de\/en\/product\/hundespielzeug-woof-love-bee-mine\/\" \/>\n<meta property=\"og:locale\" content=\"en_GB\" \/>\n<meta property=\"og:type\" content=\"article\" \/>\n<meta property=\"og:title\" content=\"Hundespielzeug - Woof Love \u2013 Bee Mine - TED&#039;S &amp; TAILS\" \/>\n<meta property=\"og:description\" content=\"Der HugSmart Woof Love Bee Mine ist ein liebevoll gestaltetes 2-in-1 Hundespielzeug mit einer weichen Pl\u00fcschh\u00fclle und einem versteckten, strukturierten Ball f\u00fcr abwechslungsreichen Spielspa\u00df.\" \/>\n<meta property=\"og:url\" content=\"https:\/\/tedsandtails.de\/en\/product\/hundespielzeug-woof-love-bee-mine\/\" \/>\n<meta property=\"og:site_name\" content=\"TED&#039;S &amp; TAILS\" \/>\n<meta property=\"article:modified_time\" content=\"2026-01-27T16:28:25+00:00\" \/>\n<meta property=\"og:image\" content=\"https:\/\/tedsandtails.de\/wp-content\/uploads\/2026\/01\/HS10887-4.jpg\" \/>\n\t<meta property=\"og:image:width\" content=\"600\" \/>\n\t<meta property=\"og:image:height\" content=\"600\" \/>\n\t<meta property=\"og:image:type\" content=\"image\/jpeg\" \/>\n<meta name=\"twitter:card\" content=\"summary_large_image\" \/>\n<meta name=\"twitter:label1\" content=\"Est. reading time\" \/>\n\t<meta name=\"twitter:data1\" content=\"1 minute\" \/>\n<script type=\"application\/ld+json\" class=\"yoast-schema-graph\">{\"@context\":\"https:\/\/schema.org\",\"@graph\":[{\"@type\":\"WebPage\",\"@id\":\"https:\/\/tedsandtails.de\/produkt\/hundespielzeug-woof-love-bee-mine\/\",\"url\":\"https:\/\/tedsandtails.de\/produkt\/hundespielzeug-woof-love-bee-mine\/\",\"name\":\"Hundespielzeug - Woof Love \u2013 Bee Mine - TED&#039;S &amp; TAILS\",\"isPartOf\":{\"@id\":\"https:\/\/tedsandtails.de\/#website\"},\"datePublished\":\"2026-01-27T16:28:18+00:00\",\"dateModified\":\"2026-01-27T16:28:25+00:00\",\"description\":\"Der HugSmart Woof Love Bee Mine ist ein liebevoll gestaltetes 2-in-1 Hundespielzeug mit einer weichen Pl\u00fcschh\u00fclle und einem versteckten, strukturierten Ball f\u00fcr abwechslungsreichen Spielspa\u00df.\",\"breadcrumb\":{\"@id\":\"https:\/\/tedsandtails.de\/produkt\/hundespielzeug-woof-love-bee-mine\/#breadcrumb\"},\"inLanguage\":\"en-GB\",\"potentialAction\":[{\"@type\":\"ReadAction\",\"target\":[\"https:\/\/tedsandtails.de\/produkt\/hundespielzeug-woof-love-bee-mine\/\"]}]},{\"@type\":\"BreadcrumbList\",\"@id\":\"https:\/\/tedsandtails.de\/produkt\/hundespielzeug-woof-love-bee-mine\/#breadcrumb\",\"itemListElement\":[{\"@type\":\"ListItem\",\"position\":1,\"name\":\"Startseite\",\"item\":\"https:\/\/tedsandtails.de\/\"},{\"@type\":\"ListItem\",\"position\":2,\"name\":\"Shop\",\"item\":\"https:\/\/tedsandtails.de\/shop\/\"},{\"@type\":\"ListItem\",\"position\":3,\"name\":\"Hundespielzeug &#8211; Woof Love \u2013 Bee Mine\"}]},{\"@type\":\"WebSite\",\"@id\":\"https:\/\/tedsandtails.de\/#website\",\"url\":\"https:\/\/tedsandtails.de\/\",\"name\":\"TED&#039;S &amp; TAILS\",\"description\":\"\",\"publisher\":{\"@id\":\"https:\/\/tedsandtails.de\/#organization\"},\"potentialAction\":[{\"@type\":\"SearchAction\",\"target\":{\"@type\":\"EntryPoint\",\"urlTemplate\":\"https:\/\/tedsandtails.de\/?s={search_term_string}\"},\"query-input\":\"required name=search_term_string\"}],\"inLanguage\":\"en-GB\"},{\"@type\":\"Organization\",\"@id\":\"https:\/\/tedsandtails.de\/#organization\",\"name\":\"TED&#039;S &amp; TAILS\",\"url\":\"https:\/\/tedsandtails.de\/\",\"logo\":{\"@type\":\"ImageObject\",\"inLanguage\":\"en-GB\",\"@id\":\"https:\/\/tedsandtails.de\/#\/schema\/logo\/image\/\",\"url\":\"https:\/\/tedsandtails.de\/wp-content\/uploads\/2022\/09\/Teddys-5.png\",\"contentUrl\":\"https:\/\/tedsandtails.de\/wp-content\/uploads\/2022\/09\/Teddys-5.png\",\"width\":1080,\"height\":1080,\"caption\":\"TED&#039;S &amp; TAILS\"},\"image\":{\"@id\":\"https:\/\/tedsandtails.de\/#\/schema\/logo\/image\/\"}}]}<\/script>\n<!-- \/ Yoast SEO plugin. -->","yoast_head_json":{"title":"Hundespielzeug - Woof Love \u2013 Bee Mine - TED&#039;S &amp; TAILS","description":"Der HugSmart Woof Love Bee Mine ist ein liebevoll gestaltetes 2-in-1 Hundespielzeug mit einer weichen Pl\u00fcschh\u00fclle und einem versteckten, strukturierten Ball f\u00fcr abwechslungsreichen Spielspa\u00df.","robots":{"index":"index","follow":"follow","max-snippet":"max-snippet:-1","max-image-preview":"max-image-preview:large","max-video-preview":"max-video-preview:-1"},"canonical":"https:\/\/tedsandtails.de\/en\/product\/hundespielzeug-woof-love-bee-mine\/","og_locale":"en_GB","og_type":"article","og_title":"Hundespielzeug - Woof Love \u2013 Bee Mine - TED&#039;S &amp; TAILS","og_description":"Der HugSmart Woof Love Bee Mine ist ein liebevoll gestaltetes 2-in-1 Hundespielzeug mit einer weichen Pl\u00fcschh\u00fclle und einem versteckten, strukturierten Ball f\u00fcr abwechslungsreichen Spielspa\u00df.","og_url":"https:\/\/tedsandtails.de\/en\/product\/hundespielzeug-woof-love-bee-mine\/","og_site_name":"TED&#039;S &amp; TAILS","article_modified_time":"2026-01-27T16:28:25+00:00","og_image":[{"width":600,"height":600,"url":"https:\/\/tedsandtails.de\/wp-content\/uploads\/2026\/01\/HS10887-4.jpg","type":"image\/jpeg"}],"twitter_card":"summary_large_image","twitter_misc":{"Est. reading time":"1 minute"},"schema":{"@context":"https:\/\/schema.org","@graph":[{"@type":"WebPage","@id":"https:\/\/tedsandtails.de\/produkt\/hundespielzeug-woof-love-bee-mine\/","url":"https:\/\/tedsandtails.de\/produkt\/hundespielzeug-woof-love-bee-mine\/","name":"Hundespielzeug - Woof Love \u2013 Bee Mine - TED&#039;S &amp; TAILS","isPartOf":{"@id":"https:\/\/tedsandtails.de\/#website"},"datePublished":"2026-01-27T16:28:18+00:00","dateModified":"2026-01-27T16:28:25+00:00","description":"Der HugSmart Woof Love Bee Mine ist ein liebevoll gestaltetes 2-in-1 Hundespielzeug mit einer weichen Pl\u00fcschh\u00fclle und einem versteckten, strukturierten Ball f\u00fcr abwechslungsreichen Spielspa\u00df.","breadcrumb":{"@id":"https:\/\/tedsandtails.de\/produkt\/hundespielzeug-woof-love-bee-mine\/#breadcrumb"},"inLanguage":"en-GB","potentialAction":[{"@type":"ReadAction","target":["https:\/\/tedsandtails.de\/produkt\/hundespielzeug-woof-love-bee-mine\/"]}]},{"@type":"BreadcrumbList","@id":"https:\/\/tedsandtails.de\/produkt\/hundespielzeug-woof-love-bee-mine\/#breadcrumb","itemListElement":[{"@type":"ListItem","position":1,"name":"Startseite","item":"https:\/\/tedsandtails.de\/"},{"@type":"ListItem","position":2,"name":"Shop","item":"https:\/\/tedsandtails.de\/shop\/"},{"@type":"ListItem","position":3,"name":"Hundespielzeug &#8211; Woof Love \u2013 Bee Mine"}]},{"@type":"WebSite","@id":"https:\/\/tedsandtails.de\/#website","url":"https:\/\/tedsandtails.de\/","name":"TED&#039;S &amp; TAILS","description":"","publisher":{"@id":"https:\/\/tedsandtails.de\/#organization"},"potentialAction":[{"@type":"SearchAction","target":{"@type":"EntryPoint","urlTemplate":"https:\/\/tedsandtails.de\/?s={search_term_string}"},"query-input":"required name=search_term_string"}],"inLanguage":"en-GB"},{"@type":"Organization","@id":"https:\/\/tedsandtails.de\/#organization","name":"TED&#039;S &amp; TAILS","url":"https:\/\/tedsandtails.de\/","logo":{"@type":"ImageObject","inLanguage":"en-GB","@id":"https:\/\/tedsandtails.de\/#\/schema\/logo\/image\/","url":"https:\/\/tedsandtails.de\/wp-content\/uploads\/2022\/09\/Teddys-5.png","contentUrl":"https:\/\/tedsandtails.de\/wp-content\/uploads\/2022\/09\/Teddys-5.png","width":1080,"height":1080,"caption":"TED&#039;S &amp; TAILS"},"image":{"@id":"https:\/\/tedsandtails.de\/#\/schema\/logo\/image\/"}}]}},"_links":{"self":[{"href":"https:\/\/tedsandtails.de\/en\/wp-json\/wp\/v2\/product\/8088","targetHints":{"allow":["GET"]}}],"collection":[{"href":"https:\/\/tedsandtails.de\/en\/wp-json\/wp\/v2\/product"}],"about":[{"href":"https:\/\/tedsandtails.de\/en\/wp-json\/wp\/v2\/types\/product"}],"replies":[{"embeddable":true,"href":"https:\/\/tedsandtails.de\/en\/wp-json\/wp\/v2\/comments?post=8088"}],"wp:featuredmedia":[{"embeddable":true,"href":"https:\/\/tedsandtails.de\/en\/wp-json\/wp\/v2\/media\/8089"}],"wp:attachment":[{"href":"https:\/\/tedsandtails.de\/en\/wp-json\/wp\/v2\/media?parent=8088"}],"wp:term":[{"taxonomy":"product_cat","embeddable":true,"href":"https:\/\/tedsandtails.de\/en\/wp-json\/wp\/v2\/product_cat?post=8088"},{"taxonomy":"product_tag","embeddable":true,"href":"https:\/\/tedsandtails.de\/en\/wp-json\/wp\/v2\/product_tag?post=8088"}],"curies":[{"name":"wp","href":"https:\/\/api.w.org\/{rel}","templated":true}]}}