{"id":8103,"date":"2026-01-27T17:28:51","date_gmt":"2026-01-27T16:28:51","guid":{"rendered":"https:\/\/tedsandtails.de\/?post_type=product&#038;p=8103"},"modified":"2026-01-27T17:28:58","modified_gmt":"2026-01-27T16:28:58","slug":"hundespielzeug-woof-love-chocolate-rose","status":"publish","type":"product","link":"https:\/\/tedsandtails.de\/en\/product\/hundespielzeug-woof-love-chocolate-rose\/","title":{"rendered":"Hundespielzeug &#8211; Woof Love \u2013 Chocolate &amp; Rose"},"content":{"rendered":"<p data-start=\"760\" data-end=\"955\">Lerne das liebste Duo f\u00fcr deinen Hund kennen: HugSmart Woof Love Chocolate &amp; Rose 2PK kombiniert eine weiche Pl\u00fcschrose und eine kuschelige Schokolade f\u00fcr endlose Spiel- und Kuschelstunden.<\/p>\n<p data-start=\"957\" data-end=\"1264\">Jedes Spielzeug ist mit einem Quietscher ausgestattet, der den nat\u00fcrlichen Spieltrieb deines Hundes anregt und f\u00fcr spannende Spielmomente sorgt. Das Set eignet sich ideal f\u00fcr kleine bis mittelgro\u00dfe Hunde und ist perfekt, um drinnen oder drau\u00dfen zu spielen, zu apportieren oder einfach zu kuscheln.<\/p>\n<p data-start=\"1266\" data-end=\"1389\">Dieses niedliche Valentinstag-Duo ist das perfekte Geschenk f\u00fcr Hunde, die t\u00e4glich Liebe und Freude in dein Herz bringen.<\/p>\n<p data-start=\"1266\" data-end=\"1389\">Ma\u00dfe: 18 \u00d7 14 \u00d7 5 cm<\/p>","protected":false},"excerpt":{"rendered":"<p>Lerne das liebste Duo f\u00fcr deinen Hund kennen: HugSmart Woof Love Chocolate &amp; Rose 2PK kombiniert eine weiche Pl\u00fcschrose und eine kuschelige Schokolade f\u00fcr endlose Spiel- und Kuschelstunden. Jedes Spielzeug ist mit einem Quietscher ausgestattet, der den nat\u00fcrlichen Spieltrieb deines Hundes anregt und f\u00fcr spannende Spielmomente sorgt. Das Set eignet sich ideal f\u00fcr kleine bis [&hellip;]<\/p>","protected":false},"featured_media":8104,"comment_status":"open","ping_status":"closed","template":"","meta":[],"product_cat":[132],"product_tag":[],"class_list":{"0":"post-8103","1":"product","2":"type-product","3":"status-publish","4":"has-post-thumbnail","6":"product_cat-hundespielzeuge","8":"first","9":"instock","10":"shipping-taxable","11":"purchasable","12":"product-type-simple"},"yoast_head":"<!-- This site is optimized with the Yoast SEO plugin v20.12 - https:\/\/yoast.com\/wordpress\/plugins\/seo\/ -->\n<title>Hundespielzeug - Woof Love \u2013 Chocolate &amp; Rose - TED&#039;S &amp; TAILS<\/title>\n<meta name=\"description\" content=\"Das HugSmart Woof Love Chocolate &amp; Rose 2er-Set vereint Pl\u00fcschrose und Schokolade in einem liebevollen Duo. Jedes Spielzeug enth\u00e4lt einen Quietscher f\u00fcr extra Spielspa\u00df. Ideal f\u00fcr kleine bis mittelgro\u00dfe Hunde.\" \/>\n<meta name=\"robots\" content=\"index, follow, max-snippet:-1, max-image-preview:large, max-video-preview:-1\" \/>\n<link rel=\"canonical\" href=\"https:\/\/tedsandtails.de\/en\/product\/hundespielzeug-woof-love-chocolate-rose\/\" \/>\n<meta property=\"og:locale\" content=\"en_GB\" \/>\n<meta property=\"og:type\" content=\"article\" \/>\n<meta property=\"og:title\" content=\"Hundespielzeug - Woof Love \u2013 Chocolate &amp; Rose - TED&#039;S &amp; TAILS\" \/>\n<meta property=\"og:description\" content=\"Das HugSmart Woof Love Chocolate &amp; Rose 2er-Set vereint Pl\u00fcschrose und Schokolade in einem liebevollen Duo. Jedes Spielzeug enth\u00e4lt einen Quietscher f\u00fcr extra Spielspa\u00df. Ideal f\u00fcr kleine bis mittelgro\u00dfe Hunde.\" \/>\n<meta property=\"og:url\" content=\"https:\/\/tedsandtails.de\/en\/product\/hundespielzeug-woof-love-chocolate-rose\/\" \/>\n<meta property=\"og:site_name\" content=\"TED&#039;S &amp; TAILS\" \/>\n<meta property=\"article:modified_time\" content=\"2026-01-27T16:28:58+00:00\" \/>\n<meta property=\"og:image\" content=\"https:\/\/tedsandtails.de\/wp-content\/uploads\/2026\/01\/HS10877-3.jpg\" \/>\n\t<meta property=\"og:image:width\" content=\"600\" \/>\n\t<meta property=\"og:image:height\" content=\"600\" \/>\n\t<meta property=\"og:image:type\" content=\"image\/jpeg\" \/>\n<meta name=\"twitter:card\" content=\"summary_large_image\" \/>\n<meta name=\"twitter:label1\" content=\"Est. reading time\" \/>\n\t<meta name=\"twitter:data1\" content=\"1 minute\" \/>\n<script type=\"application\/ld+json\" class=\"yoast-schema-graph\">{\"@context\":\"https:\/\/schema.org\",\"@graph\":[{\"@type\":\"WebPage\",\"@id\":\"https:\/\/tedsandtails.de\/produkt\/hundespielzeug-woof-love-chocolate-rose\/\",\"url\":\"https:\/\/tedsandtails.de\/produkt\/hundespielzeug-woof-love-chocolate-rose\/\",\"name\":\"Hundespielzeug - Woof Love \u2013 Chocolate &amp; Rose - TED&#039;S &amp; TAILS\",\"isPartOf\":{\"@id\":\"https:\/\/tedsandtails.de\/#website\"},\"datePublished\":\"2026-01-27T16:28:51+00:00\",\"dateModified\":\"2026-01-27T16:28:58+00:00\",\"description\":\"Das HugSmart Woof Love Chocolate & Rose 2er-Set vereint Pl\u00fcschrose und Schokolade in einem liebevollen Duo. Jedes Spielzeug enth\u00e4lt einen Quietscher f\u00fcr extra Spielspa\u00df. Ideal f\u00fcr kleine bis mittelgro\u00dfe Hunde.\",\"breadcrumb\":{\"@id\":\"https:\/\/tedsandtails.de\/produkt\/hundespielzeug-woof-love-chocolate-rose\/#breadcrumb\"},\"inLanguage\":\"en-GB\",\"potentialAction\":[{\"@type\":\"ReadAction\",\"target\":[\"https:\/\/tedsandtails.de\/produkt\/hundespielzeug-woof-love-chocolate-rose\/\"]}]},{\"@type\":\"BreadcrumbList\",\"@id\":\"https:\/\/tedsandtails.de\/produkt\/hundespielzeug-woof-love-chocolate-rose\/#breadcrumb\",\"itemListElement\":[{\"@type\":\"ListItem\",\"position\":1,\"name\":\"Startseite\",\"item\":\"https:\/\/tedsandtails.de\/\"},{\"@type\":\"ListItem\",\"position\":2,\"name\":\"Shop\",\"item\":\"https:\/\/tedsandtails.de\/shop\/\"},{\"@type\":\"ListItem\",\"position\":3,\"name\":\"Hundespielzeug &#8211; Woof Love \u2013 Chocolate &amp; Rose\"}]},{\"@type\":\"WebSite\",\"@id\":\"https:\/\/tedsandtails.de\/#website\",\"url\":\"https:\/\/tedsandtails.de\/\",\"name\":\"TED&#039;S &amp; TAILS\",\"description\":\"\",\"publisher\":{\"@id\":\"https:\/\/tedsandtails.de\/#organization\"},\"potentialAction\":[{\"@type\":\"SearchAction\",\"target\":{\"@type\":\"EntryPoint\",\"urlTemplate\":\"https:\/\/tedsandtails.de\/?s={search_term_string}\"},\"query-input\":\"required name=search_term_string\"}],\"inLanguage\":\"en-GB\"},{\"@type\":\"Organization\",\"@id\":\"https:\/\/tedsandtails.de\/#organization\",\"name\":\"TED&#039;S &amp; TAILS\",\"url\":\"https:\/\/tedsandtails.de\/\",\"logo\":{\"@type\":\"ImageObject\",\"inLanguage\":\"en-GB\",\"@id\":\"https:\/\/tedsandtails.de\/#\/schema\/logo\/image\/\",\"url\":\"https:\/\/tedsandtails.de\/wp-content\/uploads\/2022\/09\/Teddys-5.png\",\"contentUrl\":\"https:\/\/tedsandtails.de\/wp-content\/uploads\/2022\/09\/Teddys-5.png\",\"width\":1080,\"height\":1080,\"caption\":\"TED&#039;S &amp; TAILS\"},\"image\":{\"@id\":\"https:\/\/tedsandtails.de\/#\/schema\/logo\/image\/\"}}]}<\/script>\n<!-- \/ Yoast SEO plugin. -->","yoast_head_json":{"title":"Hundespielzeug - Woof Love \u2013 Chocolate &amp; Rose - TED&#039;S &amp; TAILS","description":"Das HugSmart Woof Love Chocolate & Rose 2er-Set vereint Pl\u00fcschrose und Schokolade in einem liebevollen Duo. Jedes Spielzeug enth\u00e4lt einen Quietscher f\u00fcr extra Spielspa\u00df. Ideal f\u00fcr kleine bis mittelgro\u00dfe Hunde.","robots":{"index":"index","follow":"follow","max-snippet":"max-snippet:-1","max-image-preview":"max-image-preview:large","max-video-preview":"max-video-preview:-1"},"canonical":"https:\/\/tedsandtails.de\/en\/product\/hundespielzeug-woof-love-chocolate-rose\/","og_locale":"en_GB","og_type":"article","og_title":"Hundespielzeug - Woof Love \u2013 Chocolate &amp; Rose - TED&#039;S &amp; TAILS","og_description":"Das HugSmart Woof Love Chocolate & Rose 2er-Set vereint Pl\u00fcschrose und Schokolade in einem liebevollen Duo. Jedes Spielzeug enth\u00e4lt einen Quietscher f\u00fcr extra Spielspa\u00df. Ideal f\u00fcr kleine bis mittelgro\u00dfe Hunde.","og_url":"https:\/\/tedsandtails.de\/en\/product\/hundespielzeug-woof-love-chocolate-rose\/","og_site_name":"TED&#039;S &amp; TAILS","article_modified_time":"2026-01-27T16:28:58+00:00","og_image":[{"width":600,"height":600,"url":"https:\/\/tedsandtails.de\/wp-content\/uploads\/2026\/01\/HS10877-3.jpg","type":"image\/jpeg"}],"twitter_card":"summary_large_image","twitter_misc":{"Est. reading time":"1 minute"},"schema":{"@context":"https:\/\/schema.org","@graph":[{"@type":"WebPage","@id":"https:\/\/tedsandtails.de\/produkt\/hundespielzeug-woof-love-chocolate-rose\/","url":"https:\/\/tedsandtails.de\/produkt\/hundespielzeug-woof-love-chocolate-rose\/","name":"Hundespielzeug - Woof Love \u2013 Chocolate &amp; Rose - TED&#039;S &amp; TAILS","isPartOf":{"@id":"https:\/\/tedsandtails.de\/#website"},"datePublished":"2026-01-27T16:28:51+00:00","dateModified":"2026-01-27T16:28:58+00:00","description":"Das HugSmart Woof Love Chocolate & Rose 2er-Set vereint Pl\u00fcschrose und Schokolade in einem liebevollen Duo. Jedes Spielzeug enth\u00e4lt einen Quietscher f\u00fcr extra Spielspa\u00df. Ideal f\u00fcr kleine bis mittelgro\u00dfe Hunde.","breadcrumb":{"@id":"https:\/\/tedsandtails.de\/produkt\/hundespielzeug-woof-love-chocolate-rose\/#breadcrumb"},"inLanguage":"en-GB","potentialAction":[{"@type":"ReadAction","target":["https:\/\/tedsandtails.de\/produkt\/hundespielzeug-woof-love-chocolate-rose\/"]}]},{"@type":"BreadcrumbList","@id":"https:\/\/tedsandtails.de\/produkt\/hundespielzeug-woof-love-chocolate-rose\/#breadcrumb","itemListElement":[{"@type":"ListItem","position":1,"name":"Startseite","item":"https:\/\/tedsandtails.de\/"},{"@type":"ListItem","position":2,"name":"Shop","item":"https:\/\/tedsandtails.de\/shop\/"},{"@type":"ListItem","position":3,"name":"Hundespielzeug &#8211; Woof Love \u2013 Chocolate &amp; Rose"}]},{"@type":"WebSite","@id":"https:\/\/tedsandtails.de\/#website","url":"https:\/\/tedsandtails.de\/","name":"TED&#039;S &amp; TAILS","description":"","publisher":{"@id":"https:\/\/tedsandtails.de\/#organization"},"potentialAction":[{"@type":"SearchAction","target":{"@type":"EntryPoint","urlTemplate":"https:\/\/tedsandtails.de\/?s={search_term_string}"},"query-input":"required name=search_term_string"}],"inLanguage":"en-GB"},{"@type":"Organization","@id":"https:\/\/tedsandtails.de\/#organization","name":"TED&#039;S &amp; TAILS","url":"https:\/\/tedsandtails.de\/","logo":{"@type":"ImageObject","inLanguage":"en-GB","@id":"https:\/\/tedsandtails.de\/#\/schema\/logo\/image\/","url":"https:\/\/tedsandtails.de\/wp-content\/uploads\/2022\/09\/Teddys-5.png","contentUrl":"https:\/\/tedsandtails.de\/wp-content\/uploads\/2022\/09\/Teddys-5.png","width":1080,"height":1080,"caption":"TED&#039;S &amp; TAILS"},"image":{"@id":"https:\/\/tedsandtails.de\/#\/schema\/logo\/image\/"}}]}},"_links":{"self":[{"href":"https:\/\/tedsandtails.de\/en\/wp-json\/wp\/v2\/product\/8103","targetHints":{"allow":["GET"]}}],"collection":[{"href":"https:\/\/tedsandtails.de\/en\/wp-json\/wp\/v2\/product"}],"about":[{"href":"https:\/\/tedsandtails.de\/en\/wp-json\/wp\/v2\/types\/product"}],"replies":[{"embeddable":true,"href":"https:\/\/tedsandtails.de\/en\/wp-json\/wp\/v2\/comments?post=8103"}],"wp:featuredmedia":[{"embeddable":true,"href":"https:\/\/tedsandtails.de\/en\/wp-json\/wp\/v2\/media\/8104"}],"wp:attachment":[{"href":"https:\/\/tedsandtails.de\/en\/wp-json\/wp\/v2\/media?parent=8103"}],"wp:term":[{"taxonomy":"product_cat","embeddable":true,"href":"https:\/\/tedsandtails.de\/en\/wp-json\/wp\/v2\/product_cat?post=8103"},{"taxonomy":"product_tag","embeddable":true,"href":"https:\/\/tedsandtails.de\/en\/wp-json\/wp\/v2\/product_tag?post=8103"}],"curies":[{"name":"wp","href":"https:\/\/api.w.org\/{rel}","templated":true}]}}