{"id":8107,"date":"2026-01-27T17:29:02","date_gmt":"2026-01-27T16:29:02","guid":{"rendered":"https:\/\/tedsandtails.de\/?post_type=product&#038;p=8107"},"modified":"2026-01-29T15:15:49","modified_gmt":"2026-01-29T14:15:49","slug":"hundespielzeug-woof-love-strawberry-rope","status":"publish","type":"product","link":"https:\/\/tedsandtails.de\/en\/product\/hundespielzeug-woof-love-strawberry-rope\/","title":{"rendered":"Hundespielzeug &#8211; Woof Love \u2013 Strawberry Rope"},"content":{"rendered":"<p data-start=\"765\" data-end=\"988\">Mach das Spielen deines Hundes noch s\u00fc\u00dfer \u2013 ganz ohne Zucker! Das HugSmart Woof Love Strawberry Rope besteht aus zwei pl\u00fcschigen Erdbeeren, \u00fcberzogen mit \u201eSchokolade\u201c und verbunden durch ein stabiles Baumwollseil.<\/p>\n<p data-start=\"990\" data-end=\"1212\">Die eingebauten Quietscher sorgen f\u00fcr zus\u00e4tzliche Spannung und lassen deinen Hund voller Freude spielen. Ob Zerren, Apportieren, Kauen oder Kuscheln \u2013 dieses Spielzeug bringt Liebe und Spielspa\u00df in jede Spielsitzung.<\/p>\n<p data-start=\"1214\" data-end=\"1370\">Mit seinem niedlichen Valentinstag-Design ist es das perfekte Geschenk f\u00fcr kleine und mittelgro\u00dfe Hunde, die Spiel und Zuneigung gleicherma\u00dfen lieben.<\/p>\n<p data-start=\"1214\" data-end=\"1370\">Ma\u00dfe: 40 \u00d7 12,5 \u00d7 5 cm<\/p>","protected":false},"excerpt":{"rendered":"<p>Mach das Spielen deines Hundes noch s\u00fc\u00dfer \u2013 ganz ohne Zucker! Das HugSmart Woof Love Strawberry Rope besteht aus zwei pl\u00fcschigen Erdbeeren, \u00fcberzogen mit \u201eSchokolade\u201c und verbunden durch ein stabiles Baumwollseil. Die eingebauten Quietscher sorgen f\u00fcr zus\u00e4tzliche Spannung und lassen deinen Hund voller Freude spielen. Ob Zerren, Apportieren, Kauen oder Kuscheln \u2013 dieses Spielzeug bringt [&hellip;]<\/p>","protected":false},"featured_media":8108,"comment_status":"open","ping_status":"closed","template":"","meta":[],"product_cat":[132],"product_tag":[],"class_list":{"0":"post-8107","1":"product","2":"type-product","3":"status-publish","4":"has-post-thumbnail","6":"product_cat-hundespielzeuge","8":"first","9":"instock","10":"shipping-taxable","11":"purchasable","12":"product-type-simple"},"yoast_head":"<!-- This site is optimized with the Yoast SEO plugin v20.12 - https:\/\/yoast.com\/wordpress\/plugins\/seo\/ -->\n<title>Hundespielzeug - Woof Love \u2013 Strawberry Rope - TED&#039;S &amp; TAILS<\/title>\n<meta name=\"description\" content=\"Der HugSmart Woof Love Strawberry Rope kombiniert zwei pl\u00fcschige Erdbeeren mit einem robusten Baumwollseil. Integrierte Quietscher sorgen f\u00fcr extra Spielspa\u00df beim Apportieren, Zerren und Kuscheln.\" \/>\n<meta name=\"robots\" content=\"index, follow, max-snippet:-1, max-image-preview:large, max-video-preview:-1\" \/>\n<link rel=\"canonical\" href=\"https:\/\/tedsandtails.de\/en\/product\/hundespielzeug-woof-love-strawberry-rope\/\" \/>\n<meta property=\"og:locale\" content=\"en_GB\" \/>\n<meta property=\"og:type\" content=\"article\" \/>\n<meta property=\"og:title\" content=\"Hundespielzeug - Woof Love \u2013 Strawberry Rope - TED&#039;S &amp; TAILS\" \/>\n<meta property=\"og:description\" content=\"Der HugSmart Woof Love Strawberry Rope kombiniert zwei pl\u00fcschige Erdbeeren mit einem robusten Baumwollseil. Integrierte Quietscher sorgen f\u00fcr extra Spielspa\u00df beim Apportieren, Zerren und Kuscheln.\" \/>\n<meta property=\"og:url\" content=\"https:\/\/tedsandtails.de\/en\/product\/hundespielzeug-woof-love-strawberry-rope\/\" \/>\n<meta property=\"og:site_name\" content=\"TED&#039;S &amp; TAILS\" \/>\n<meta property=\"article:modified_time\" content=\"2026-01-29T14:15:49+00:00\" \/>\n<meta property=\"og:image\" content=\"https:\/\/tedsandtails.de\/wp-content\/uploads\/2026\/01\/HS10888-3.jpg\" \/>\n\t<meta property=\"og:image:width\" content=\"600\" \/>\n\t<meta property=\"og:image:height\" content=\"600\" \/>\n\t<meta property=\"og:image:type\" content=\"image\/jpeg\" \/>\n<meta name=\"twitter:card\" content=\"summary_large_image\" \/>\n<meta name=\"twitter:label1\" content=\"Est. reading time\" \/>\n\t<meta name=\"twitter:data1\" content=\"1 minute\" \/>\n<script type=\"application\/ld+json\" class=\"yoast-schema-graph\">{\"@context\":\"https:\/\/schema.org\",\"@graph\":[{\"@type\":\"WebPage\",\"@id\":\"https:\/\/tedsandtails.de\/produkt\/hundespielzeug-woof-love-strawberry-rope\/\",\"url\":\"https:\/\/tedsandtails.de\/produkt\/hundespielzeug-woof-love-strawberry-rope\/\",\"name\":\"Hundespielzeug - Woof Love \u2013 Strawberry Rope - TED&#039;S &amp; TAILS\",\"isPartOf\":{\"@id\":\"https:\/\/tedsandtails.de\/#website\"},\"datePublished\":\"2026-01-27T16:29:02+00:00\",\"dateModified\":\"2026-01-29T14:15:49+00:00\",\"description\":\"Der HugSmart Woof Love Strawberry Rope kombiniert zwei pl\u00fcschige Erdbeeren mit einem robusten Baumwollseil. Integrierte Quietscher sorgen f\u00fcr extra Spielspa\u00df beim Apportieren, Zerren und Kuscheln.\",\"breadcrumb\":{\"@id\":\"https:\/\/tedsandtails.de\/produkt\/hundespielzeug-woof-love-strawberry-rope\/#breadcrumb\"},\"inLanguage\":\"en-GB\",\"potentialAction\":[{\"@type\":\"ReadAction\",\"target\":[\"https:\/\/tedsandtails.de\/produkt\/hundespielzeug-woof-love-strawberry-rope\/\"]}]},{\"@type\":\"BreadcrumbList\",\"@id\":\"https:\/\/tedsandtails.de\/produkt\/hundespielzeug-woof-love-strawberry-rope\/#breadcrumb\",\"itemListElement\":[{\"@type\":\"ListItem\",\"position\":1,\"name\":\"Startseite\",\"item\":\"https:\/\/tedsandtails.de\/\"},{\"@type\":\"ListItem\",\"position\":2,\"name\":\"Shop\",\"item\":\"https:\/\/tedsandtails.de\/shop\/\"},{\"@type\":\"ListItem\",\"position\":3,\"name\":\"Hundespielzeug &#8211; Woof Love \u2013 Strawberry Rope\"}]},{\"@type\":\"WebSite\",\"@id\":\"https:\/\/tedsandtails.de\/#website\",\"url\":\"https:\/\/tedsandtails.de\/\",\"name\":\"TED&#039;S &amp; TAILS\",\"description\":\"\",\"publisher\":{\"@id\":\"https:\/\/tedsandtails.de\/#organization\"},\"potentialAction\":[{\"@type\":\"SearchAction\",\"target\":{\"@type\":\"EntryPoint\",\"urlTemplate\":\"https:\/\/tedsandtails.de\/?s={search_term_string}\"},\"query-input\":\"required name=search_term_string\"}],\"inLanguage\":\"en-GB\"},{\"@type\":\"Organization\",\"@id\":\"https:\/\/tedsandtails.de\/#organization\",\"name\":\"TED&#039;S &amp; TAILS\",\"url\":\"https:\/\/tedsandtails.de\/\",\"logo\":{\"@type\":\"ImageObject\",\"inLanguage\":\"en-GB\",\"@id\":\"https:\/\/tedsandtails.de\/#\/schema\/logo\/image\/\",\"url\":\"https:\/\/tedsandtails.de\/wp-content\/uploads\/2022\/09\/Teddys-5.png\",\"contentUrl\":\"https:\/\/tedsandtails.de\/wp-content\/uploads\/2022\/09\/Teddys-5.png\",\"width\":1080,\"height\":1080,\"caption\":\"TED&#039;S &amp; TAILS\"},\"image\":{\"@id\":\"https:\/\/tedsandtails.de\/#\/schema\/logo\/image\/\"}}]}<\/script>\n<!-- \/ Yoast SEO plugin. -->","yoast_head_json":{"title":"Hundespielzeug - Woof Love \u2013 Strawberry Rope - TED&#039;S &amp; TAILS","description":"Der HugSmart Woof Love Strawberry Rope kombiniert zwei pl\u00fcschige Erdbeeren mit einem robusten Baumwollseil. Integrierte Quietscher sorgen f\u00fcr extra Spielspa\u00df beim Apportieren, Zerren und Kuscheln.","robots":{"index":"index","follow":"follow","max-snippet":"max-snippet:-1","max-image-preview":"max-image-preview:large","max-video-preview":"max-video-preview:-1"},"canonical":"https:\/\/tedsandtails.de\/en\/product\/hundespielzeug-woof-love-strawberry-rope\/","og_locale":"en_GB","og_type":"article","og_title":"Hundespielzeug - Woof Love \u2013 Strawberry Rope - TED&#039;S &amp; TAILS","og_description":"Der HugSmart Woof Love Strawberry Rope kombiniert zwei pl\u00fcschige Erdbeeren mit einem robusten Baumwollseil. Integrierte Quietscher sorgen f\u00fcr extra Spielspa\u00df beim Apportieren, Zerren und Kuscheln.","og_url":"https:\/\/tedsandtails.de\/en\/product\/hundespielzeug-woof-love-strawberry-rope\/","og_site_name":"TED&#039;S &amp; TAILS","article_modified_time":"2026-01-29T14:15:49+00:00","og_image":[{"width":600,"height":600,"url":"https:\/\/tedsandtails.de\/wp-content\/uploads\/2026\/01\/HS10888-3.jpg","type":"image\/jpeg"}],"twitter_card":"summary_large_image","twitter_misc":{"Est. reading time":"1 minute"},"schema":{"@context":"https:\/\/schema.org","@graph":[{"@type":"WebPage","@id":"https:\/\/tedsandtails.de\/produkt\/hundespielzeug-woof-love-strawberry-rope\/","url":"https:\/\/tedsandtails.de\/produkt\/hundespielzeug-woof-love-strawberry-rope\/","name":"Hundespielzeug - Woof Love \u2013 Strawberry Rope - TED&#039;S &amp; TAILS","isPartOf":{"@id":"https:\/\/tedsandtails.de\/#website"},"datePublished":"2026-01-27T16:29:02+00:00","dateModified":"2026-01-29T14:15:49+00:00","description":"Der HugSmart Woof Love Strawberry Rope kombiniert zwei pl\u00fcschige Erdbeeren mit einem robusten Baumwollseil. Integrierte Quietscher sorgen f\u00fcr extra Spielspa\u00df beim Apportieren, Zerren und Kuscheln.","breadcrumb":{"@id":"https:\/\/tedsandtails.de\/produkt\/hundespielzeug-woof-love-strawberry-rope\/#breadcrumb"},"inLanguage":"en-GB","potentialAction":[{"@type":"ReadAction","target":["https:\/\/tedsandtails.de\/produkt\/hundespielzeug-woof-love-strawberry-rope\/"]}]},{"@type":"BreadcrumbList","@id":"https:\/\/tedsandtails.de\/produkt\/hundespielzeug-woof-love-strawberry-rope\/#breadcrumb","itemListElement":[{"@type":"ListItem","position":1,"name":"Startseite","item":"https:\/\/tedsandtails.de\/"},{"@type":"ListItem","position":2,"name":"Shop","item":"https:\/\/tedsandtails.de\/shop\/"},{"@type":"ListItem","position":3,"name":"Hundespielzeug &#8211; Woof Love \u2013 Strawberry Rope"}]},{"@type":"WebSite","@id":"https:\/\/tedsandtails.de\/#website","url":"https:\/\/tedsandtails.de\/","name":"TED&#039;S &amp; TAILS","description":"","publisher":{"@id":"https:\/\/tedsandtails.de\/#organization"},"potentialAction":[{"@type":"SearchAction","target":{"@type":"EntryPoint","urlTemplate":"https:\/\/tedsandtails.de\/?s={search_term_string}"},"query-input":"required name=search_term_string"}],"inLanguage":"en-GB"},{"@type":"Organization","@id":"https:\/\/tedsandtails.de\/#organization","name":"TED&#039;S &amp; TAILS","url":"https:\/\/tedsandtails.de\/","logo":{"@type":"ImageObject","inLanguage":"en-GB","@id":"https:\/\/tedsandtails.de\/#\/schema\/logo\/image\/","url":"https:\/\/tedsandtails.de\/wp-content\/uploads\/2022\/09\/Teddys-5.png","contentUrl":"https:\/\/tedsandtails.de\/wp-content\/uploads\/2022\/09\/Teddys-5.png","width":1080,"height":1080,"caption":"TED&#039;S &amp; TAILS"},"image":{"@id":"https:\/\/tedsandtails.de\/#\/schema\/logo\/image\/"}}]}},"_links":{"self":[{"href":"https:\/\/tedsandtails.de\/en\/wp-json\/wp\/v2\/product\/8107","targetHints":{"allow":["GET"]}}],"collection":[{"href":"https:\/\/tedsandtails.de\/en\/wp-json\/wp\/v2\/product"}],"about":[{"href":"https:\/\/tedsandtails.de\/en\/wp-json\/wp\/v2\/types\/product"}],"replies":[{"embeddable":true,"href":"https:\/\/tedsandtails.de\/en\/wp-json\/wp\/v2\/comments?post=8107"}],"wp:featuredmedia":[{"embeddable":true,"href":"https:\/\/tedsandtails.de\/en\/wp-json\/wp\/v2\/media\/8108"}],"wp:attachment":[{"href":"https:\/\/tedsandtails.de\/en\/wp-json\/wp\/v2\/media?parent=8107"}],"wp:term":[{"taxonomy":"product_cat","embeddable":true,"href":"https:\/\/tedsandtails.de\/en\/wp-json\/wp\/v2\/product_cat?post=8107"},{"taxonomy":"product_tag","embeddable":true,"href":"https:\/\/tedsandtails.de\/en\/wp-json\/wp\/v2\/product_tag?post=8107"}],"curies":[{"name":"wp","href":"https:\/\/api.w.org\/{rel}","templated":true}]}}