{"id":8153,"date":"2026-02-10T18:22:08","date_gmt":"2026-02-10T17:22:08","guid":{"rendered":"https:\/\/tedsandtails.de\/?post_type=product&#038;p=8153"},"modified":"2026-03-04T20:36:36","modified_gmt":"2026-03-04T19:36:36","slug":"hundeleine-honey-haze","status":"publish","type":"product","link":"https:\/\/tedsandtails.de\/en\/product\/hundeleine-honey-haze\/","title":{"rendered":"Hundeleine &#8211; Honey Haze"},"content":{"rendered":"<p><strong>Hundeleine Honey Haze \u2013 Stilvoll, robust und in warmer gelber Farbe<\/strong><\/p>\n<p>Du suchst eine hochwertige und modische Hundeleine, die zeitlos und elegant wirkt? Unsere Hundeleine aus der Honey Haze-Kollektion in einem warmen, hellen Gelbton ist genau das, was du suchst!<\/p>\n<p>Gefertigt aus langlebigem und angenehm weichem Cordmaterial, bietet die Leine dir und deinem Hund Komfort und Sicherheit. Die goldenen, stabilen Metallringe und Clips sorgen f\u00fcr zuverl\u00e4ssigen Halt und einen edlen Look.<\/p>\n<p>Mit den Ma\u00dfen 2 cm Breite und 150 cm L\u00e4nge ist diese Leine perfekt f\u00fcr Spazierg\u00e4nge und Training im Alltag geeignet.<\/p>\n<p>Mix &amp; Match: Kombiniere diese Leine mit weiteren Accessoires aus der Honey Haze Kollektion, um den Look deines Hundes perfekt abzurunden.<\/p>\n<p>Verf\u00fcgbar in Gr\u00f6\u00dfe: M (2 cm x 150 cm)<\/p>\n<p>&nbsp;<\/p>","protected":false},"excerpt":{"rendered":"<p>Hundeleine Honey Haze \u2013 Stilvoll, robust und in warmer gelber Farbe Du suchst eine hochwertige und modische Hundeleine, die zeitlos und elegant wirkt? Unsere Hundeleine aus der Honey Haze-Kollektion in einem warmen, hellen Gelbton ist genau das, was du suchst! Gefertigt aus langlebigem und angenehm weichem Cordmaterial, bietet die Leine dir und deinem Hund Komfort [&hellip;]<\/p>","protected":false},"featured_media":8175,"comment_status":"open","ping_status":"closed","template":"","meta":[],"product_cat":[213,19],"product_tag":[46,48,215,47,50,65,214,63,49,45,44,64,216],"class_list":{"0":"post-8153","1":"product","2":"type-product","3":"status-publish","4":"has-post-thumbnail","6":"product_cat-honey-haze","7":"product_cat-hundeleinen","8":"product_tag-dog-accessories","9":"product_tag-dogs","10":"product_tag-gelb","11":"product_tag-honden","12":"product_tag-hondenaccessoires","13":"product_tag-hondenlijn","14":"product_tag-honey-haze","15":"product_tag-hundeleine","16":"product_tag-hunden","17":"product_tag-hunden-accessoires","18":"product_tag-hundezubehoer","19":"product_tag-leash","20":"product_tag-yellow","22":"first","23":"instock","24":"shipping-taxable","25":"purchasable","26":"product-type-variable"},"yoast_head":"<!-- This site is optimized with the Yoast SEO plugin v20.12 - https:\/\/yoast.com\/wordpress\/plugins\/seo\/ -->\n<title>Hundeleine Honey Haze \u2013 Cord Leine in in Hellgelb<\/title>\n<meta name=\"description\" content=\"Stylische Hundeleine aus Cord in einem warmen, hellen Gelbton mit goldenen Metallringen. Ma\u00dfe: 2 cm x 150 cm. Robust, elegant &amp; perfekt kombinierbar.\" \/>\n<meta name=\"robots\" content=\"index, follow, max-snippet:-1, max-image-preview:large, max-video-preview:-1\" \/>\n<link rel=\"canonical\" href=\"https:\/\/tedsandtails.de\/en\/product\/hundeleine-honey-haze\/\" \/>\n<meta property=\"og:locale\" content=\"en_GB\" \/>\n<meta property=\"og:type\" content=\"article\" \/>\n<meta property=\"og:title\" content=\"Hundeleine Honey Haze \u2013 Cord Leine in in Hellgelb\" \/>\n<meta property=\"og:description\" content=\"Stylische Hundeleine aus Cord in einem warmen, hellen Gelbton mit goldenen Metallringen. Ma\u00dfe: 2 cm x 150 cm. Robust, elegant &amp; perfekt kombinierbar.\" \/>\n<meta property=\"og:url\" content=\"https:\/\/tedsandtails.de\/en\/product\/hundeleine-honey-haze\/\" \/>\n<meta property=\"og:site_name\" content=\"TED&#039;S &amp; TAILS\" \/>\n<meta property=\"article:modified_time\" content=\"2026-03-04T19:36:36+00:00\" \/>\n<meta property=\"og:image\" content=\"https:\/\/tedsandtails.de\/wp-content\/uploads\/2026\/02\/87068eb7-00ad-4a6d-8e74-f71be60cc042.jpeg\" \/>\n\t<meta property=\"og:image:width\" content=\"1024\" \/>\n\t<meta property=\"og:image:height\" content=\"1536\" \/>\n\t<meta property=\"og:image:type\" content=\"image\/jpeg\" \/>\n<meta name=\"twitter:card\" content=\"summary_large_image\" \/>\n<meta name=\"twitter:label1\" content=\"Est. reading time\" \/>\n\t<meta name=\"twitter:data1\" content=\"1 minute\" \/>\n<script type=\"application\/ld+json\" class=\"yoast-schema-graph\">{\"@context\":\"https:\/\/schema.org\",\"@graph\":[{\"@type\":\"WebPage\",\"@id\":\"https:\/\/tedsandtails.de\/produkt\/hundeleine-honey-haze\/\",\"url\":\"https:\/\/tedsandtails.de\/produkt\/hundeleine-honey-haze\/\",\"name\":\"Hundeleine Honey Haze \u2013 Cord Leine in in Hellgelb\",\"isPartOf\":{\"@id\":\"https:\/\/tedsandtails.de\/#website\"},\"datePublished\":\"2026-02-10T17:22:08+00:00\",\"dateModified\":\"2026-03-04T19:36:36+00:00\",\"description\":\"Stylische Hundeleine aus Cord in einem warmen, hellen Gelbton mit goldenen Metallringen. Ma\u00dfe: 2 cm x 150 cm. Robust, elegant & perfekt kombinierbar.\",\"breadcrumb\":{\"@id\":\"https:\/\/tedsandtails.de\/produkt\/hundeleine-honey-haze\/#breadcrumb\"},\"inLanguage\":\"en-GB\",\"potentialAction\":[{\"@type\":\"ReadAction\",\"target\":[\"https:\/\/tedsandtails.de\/produkt\/hundeleine-honey-haze\/\"]}]},{\"@type\":\"BreadcrumbList\",\"@id\":\"https:\/\/tedsandtails.de\/produkt\/hundeleine-honey-haze\/#breadcrumb\",\"itemListElement\":[{\"@type\":\"ListItem\",\"position\":1,\"name\":\"Startseite\",\"item\":\"https:\/\/tedsandtails.de\/\"},{\"@type\":\"ListItem\",\"position\":2,\"name\":\"Shop\",\"item\":\"https:\/\/tedsandtails.de\/shop\/\"},{\"@type\":\"ListItem\",\"position\":3,\"name\":\"Hundeleine &#8211; Honey Haze\"}]},{\"@type\":\"WebSite\",\"@id\":\"https:\/\/tedsandtails.de\/#website\",\"url\":\"https:\/\/tedsandtails.de\/\",\"name\":\"TED&#039;S &amp; TAILS\",\"description\":\"\",\"publisher\":{\"@id\":\"https:\/\/tedsandtails.de\/#organization\"},\"potentialAction\":[{\"@type\":\"SearchAction\",\"target\":{\"@type\":\"EntryPoint\",\"urlTemplate\":\"https:\/\/tedsandtails.de\/?s={search_term_string}\"},\"query-input\":\"required name=search_term_string\"}],\"inLanguage\":\"en-GB\"},{\"@type\":\"Organization\",\"@id\":\"https:\/\/tedsandtails.de\/#organization\",\"name\":\"TED&#039;S &amp; TAILS\",\"url\":\"https:\/\/tedsandtails.de\/\",\"logo\":{\"@type\":\"ImageObject\",\"inLanguage\":\"en-GB\",\"@id\":\"https:\/\/tedsandtails.de\/#\/schema\/logo\/image\/\",\"url\":\"https:\/\/tedsandtails.de\/wp-content\/uploads\/2022\/09\/Teddys-5.png\",\"contentUrl\":\"https:\/\/tedsandtails.de\/wp-content\/uploads\/2022\/09\/Teddys-5.png\",\"width\":1080,\"height\":1080,\"caption\":\"TED&#039;S &amp; TAILS\"},\"image\":{\"@id\":\"https:\/\/tedsandtails.de\/#\/schema\/logo\/image\/\"}}]}<\/script>\n<!-- \/ Yoast SEO plugin. -->","yoast_head_json":{"title":"Hundeleine Honey Haze \u2013 Cord Leine in in Hellgelb","description":"Stylische Hundeleine aus Cord in einem warmen, hellen Gelbton mit goldenen Metallringen. Ma\u00dfe: 2 cm x 150 cm. Robust, elegant & perfekt kombinierbar.","robots":{"index":"index","follow":"follow","max-snippet":"max-snippet:-1","max-image-preview":"max-image-preview:large","max-video-preview":"max-video-preview:-1"},"canonical":"https:\/\/tedsandtails.de\/en\/product\/hundeleine-honey-haze\/","og_locale":"en_GB","og_type":"article","og_title":"Hundeleine Honey Haze \u2013 Cord Leine in in Hellgelb","og_description":"Stylische Hundeleine aus Cord in einem warmen, hellen Gelbton mit goldenen Metallringen. Ma\u00dfe: 2 cm x 150 cm. Robust, elegant & perfekt kombinierbar.","og_url":"https:\/\/tedsandtails.de\/en\/product\/hundeleine-honey-haze\/","og_site_name":"TED&#039;S &amp; TAILS","article_modified_time":"2026-03-04T19:36:36+00:00","og_image":[{"width":1024,"height":1536,"url":"https:\/\/tedsandtails.de\/wp-content\/uploads\/2026\/02\/87068eb7-00ad-4a6d-8e74-f71be60cc042.jpeg","type":"image\/jpeg"}],"twitter_card":"summary_large_image","twitter_misc":{"Est. reading time":"1 minute"},"schema":{"@context":"https:\/\/schema.org","@graph":[{"@type":"WebPage","@id":"https:\/\/tedsandtails.de\/produkt\/hundeleine-honey-haze\/","url":"https:\/\/tedsandtails.de\/produkt\/hundeleine-honey-haze\/","name":"Hundeleine Honey Haze \u2013 Cord Leine in in Hellgelb","isPartOf":{"@id":"https:\/\/tedsandtails.de\/#website"},"datePublished":"2026-02-10T17:22:08+00:00","dateModified":"2026-03-04T19:36:36+00:00","description":"Stylische Hundeleine aus Cord in einem warmen, hellen Gelbton mit goldenen Metallringen. Ma\u00dfe: 2 cm x 150 cm. Robust, elegant & perfekt kombinierbar.","breadcrumb":{"@id":"https:\/\/tedsandtails.de\/produkt\/hundeleine-honey-haze\/#breadcrumb"},"inLanguage":"en-GB","potentialAction":[{"@type":"ReadAction","target":["https:\/\/tedsandtails.de\/produkt\/hundeleine-honey-haze\/"]}]},{"@type":"BreadcrumbList","@id":"https:\/\/tedsandtails.de\/produkt\/hundeleine-honey-haze\/#breadcrumb","itemListElement":[{"@type":"ListItem","position":1,"name":"Startseite","item":"https:\/\/tedsandtails.de\/"},{"@type":"ListItem","position":2,"name":"Shop","item":"https:\/\/tedsandtails.de\/shop\/"},{"@type":"ListItem","position":3,"name":"Hundeleine &#8211; Honey Haze"}]},{"@type":"WebSite","@id":"https:\/\/tedsandtails.de\/#website","url":"https:\/\/tedsandtails.de\/","name":"TED&#039;S &amp; TAILS","description":"","publisher":{"@id":"https:\/\/tedsandtails.de\/#organization"},"potentialAction":[{"@type":"SearchAction","target":{"@type":"EntryPoint","urlTemplate":"https:\/\/tedsandtails.de\/?s={search_term_string}"},"query-input":"required name=search_term_string"}],"inLanguage":"en-GB"},{"@type":"Organization","@id":"https:\/\/tedsandtails.de\/#organization","name":"TED&#039;S &amp; TAILS","url":"https:\/\/tedsandtails.de\/","logo":{"@type":"ImageObject","inLanguage":"en-GB","@id":"https:\/\/tedsandtails.de\/#\/schema\/logo\/image\/","url":"https:\/\/tedsandtails.de\/wp-content\/uploads\/2022\/09\/Teddys-5.png","contentUrl":"https:\/\/tedsandtails.de\/wp-content\/uploads\/2022\/09\/Teddys-5.png","width":1080,"height":1080,"caption":"TED&#039;S &amp; TAILS"},"image":{"@id":"https:\/\/tedsandtails.de\/#\/schema\/logo\/image\/"}}]}},"_links":{"self":[{"href":"https:\/\/tedsandtails.de\/en\/wp-json\/wp\/v2\/product\/8153","targetHints":{"allow":["GET"]}}],"collection":[{"href":"https:\/\/tedsandtails.de\/en\/wp-json\/wp\/v2\/product"}],"about":[{"href":"https:\/\/tedsandtails.de\/en\/wp-json\/wp\/v2\/types\/product"}],"replies":[{"embeddable":true,"href":"https:\/\/tedsandtails.de\/en\/wp-json\/wp\/v2\/comments?post=8153"}],"wp:featuredmedia":[{"embeddable":true,"href":"https:\/\/tedsandtails.de\/en\/wp-json\/wp\/v2\/media\/8175"}],"wp:attachment":[{"href":"https:\/\/tedsandtails.de\/en\/wp-json\/wp\/v2\/media?parent=8153"}],"wp:term":[{"taxonomy":"product_cat","embeddable":true,"href":"https:\/\/tedsandtails.de\/en\/wp-json\/wp\/v2\/product_cat?post=8153"},{"taxonomy":"product_tag","embeddable":true,"href":"https:\/\/tedsandtails.de\/en\/wp-json\/wp\/v2\/product_tag?post=8153"}],"curies":[{"name":"wp","href":"https:\/\/api.w.org\/{rel}","templated":true}]}}