{"id":8156,"date":"2026-02-10T18:47:13","date_gmt":"2026-02-10T17:47:13","guid":{"rendered":"https:\/\/tedsandtails.de\/?post_type=product&#038;p=8156"},"modified":"2026-02-26T17:08:48","modified_gmt":"2026-02-26T16:08:48","slug":"halsband-honey-haze","status":"publish","type":"product","link":"https:\/\/tedsandtails.de\/en\/product\/halsband-honey-haze\/","title":{"rendered":"Halsband &#8211; Honey Haze"},"content":{"rendered":"<p><strong>Halsband Honey Haze \u2013Stilvoll, robust und in einem warmen, hellen Gelbton<\/strong><\/p>\n<p>Du bist auf der Suche nach den sch\u00f6nsten Accessoires f\u00fcr deinen Hund, die zeitlos und elegant wirken? Dann ist dieses Halsband aus der Honey Haze Kollektion genau das Richtige f\u00fcr dich!<\/p>\n<p>Das Halsband ist aus hochwertigem Cord in einem warmen, hellgelben Farbton gefertigt und mit goldenen Metalldetails versehen. Die Schnallen bestehen aus robustem Kunststoff in Gelb. Die Dicke und Gr\u00f6\u00dfe des Halsbands sowie die Schnallen und Ringe sind an die Gr\u00f6\u00dfe des Halsbands angepasst, um maximalen Komfort und Sicherheit zu gew\u00e4hrleisten.<\/p>\n<p>Das Halsband ist in den Gr\u00f6\u00dfen XS bis L erh\u00e4ltlich. Du bist dir unsicher, welche Gr\u00f6\u00dfe dein Hund braucht? Sieh dir unsere Gr\u00f6\u00dfentabelle an.<\/p>\n<p>Mix &amp; Match: Kombiniere das Halsband mit anderen Produkten aus der Honey Haze Kollektion, um den Look deines Hundes abzurunden.<\/p>","protected":false},"excerpt":{"rendered":"<p>Halsband Honey Haze \u2013Stilvoll, robust und in einem warmen, hellen Gelbton Du bist auf der Suche nach den sch\u00f6nsten Accessoires f\u00fcr deinen Hund, die zeitlos und elegant wirken? Dann ist dieses Halsband aus der Honey Haze Kollektion genau das Richtige f\u00fcr dich! Das Halsband ist aus hochwertigem Cord in einem warmen, hellgelben Farbton gefertigt und [&hellip;]<\/p>","protected":false},"featured_media":8332,"comment_status":"open","ping_status":"closed","template":"","meta":[],"product_cat":[213,26],"product_tag":[62,143,144,46,215,61,47,50,214,44,216],"class_list":{"0":"post-8156","1":"product","2":"type-product","3":"status-publish","4":"has-post-thumbnail","6":"product_cat-honey-haze","7":"product_cat-halsbaender","8":"product_tag-collar","9":"product_tag-cord","10":"product_tag-corduroy","11":"product_tag-dog-accessories","12":"product_tag-gelb","13":"product_tag-halsband","14":"product_tag-honden","15":"product_tag-hondenaccessoires","16":"product_tag-honey-haze","17":"product_tag-hundezubehoer","18":"product_tag-yellow","20":"first","21":"instock","22":"shipping-taxable","23":"purchasable","24":"product-type-variable"},"yoast_head":"<!-- This site is optimized with the Yoast SEO plugin v20.12 - https:\/\/yoast.com\/wordpress\/plugins\/seo\/ -->\n<title>Halsband - Honey Haze<\/title>\n<meta name=\"description\" content=\"Stylisches Halsband aus Cord in einem warmen, hellgelben Farbton. Erh\u00e4ltlich in Gr\u00f6\u00dfen XS bis L.\" \/>\n<meta name=\"robots\" content=\"index, follow, max-snippet:-1, max-image-preview:large, max-video-preview:-1\" \/>\n<link rel=\"canonical\" href=\"https:\/\/tedsandtails.de\/en\/product\/halsband-honey-haze\/\" \/>\n<meta property=\"og:locale\" content=\"en_GB\" \/>\n<meta property=\"og:type\" content=\"article\" \/>\n<meta property=\"og:title\" content=\"Halsband - Honey Haze\" \/>\n<meta property=\"og:description\" content=\"Stylisches Halsband aus Cord in einem warmen, hellgelben Farbton. Erh\u00e4ltlich in Gr\u00f6\u00dfen XS bis L.\" \/>\n<meta property=\"og:url\" content=\"https:\/\/tedsandtails.de\/en\/product\/halsband-honey-haze\/\" \/>\n<meta property=\"og:site_name\" content=\"TED&#039;S &amp; TAILS\" \/>\n<meta property=\"article:modified_time\" content=\"2026-02-26T16:08:48+00:00\" \/>\n<meta property=\"og:image\" content=\"https:\/\/tedsandtails.de\/wp-content\/uploads\/2026\/02\/img_0588-3.jpeg\" \/>\n\t<meta property=\"og:image:width\" content=\"832\" \/>\n\t<meta property=\"og:image:height\" content=\"1248\" \/>\n\t<meta property=\"og:image:type\" content=\"image\/jpeg\" \/>\n<meta name=\"twitter:card\" content=\"summary_large_image\" \/>\n<meta name=\"twitter:label1\" content=\"Est. reading time\" \/>\n\t<meta name=\"twitter:data1\" content=\"1 minute\" \/>\n<script type=\"application\/ld+json\" class=\"yoast-schema-graph\">{\"@context\":\"https:\/\/schema.org\",\"@graph\":[{\"@type\":\"WebPage\",\"@id\":\"https:\/\/tedsandtails.de\/produkt\/halsband-honey-haze\/\",\"url\":\"https:\/\/tedsandtails.de\/produkt\/halsband-honey-haze\/\",\"name\":\"Halsband - Honey Haze\",\"isPartOf\":{\"@id\":\"https:\/\/tedsandtails.de\/#website\"},\"datePublished\":\"2026-02-10T17:47:13+00:00\",\"dateModified\":\"2026-02-26T16:08:48+00:00\",\"description\":\"Stylisches Halsband aus Cord in einem warmen, hellgelben Farbton. Erh\u00e4ltlich in Gr\u00f6\u00dfen XS bis L.\",\"breadcrumb\":{\"@id\":\"https:\/\/tedsandtails.de\/produkt\/halsband-honey-haze\/#breadcrumb\"},\"inLanguage\":\"en-GB\",\"potentialAction\":[{\"@type\":\"ReadAction\",\"target\":[\"https:\/\/tedsandtails.de\/produkt\/halsband-honey-haze\/\"]}]},{\"@type\":\"BreadcrumbList\",\"@id\":\"https:\/\/tedsandtails.de\/produkt\/halsband-honey-haze\/#breadcrumb\",\"itemListElement\":[{\"@type\":\"ListItem\",\"position\":1,\"name\":\"Startseite\",\"item\":\"https:\/\/tedsandtails.de\/\"},{\"@type\":\"ListItem\",\"position\":2,\"name\":\"Shop\",\"item\":\"https:\/\/tedsandtails.de\/shop\/\"},{\"@type\":\"ListItem\",\"position\":3,\"name\":\"Halsband &#8211; Honey Haze\"}]},{\"@type\":\"WebSite\",\"@id\":\"https:\/\/tedsandtails.de\/#website\",\"url\":\"https:\/\/tedsandtails.de\/\",\"name\":\"TED&#039;S &amp; TAILS\",\"description\":\"\",\"publisher\":{\"@id\":\"https:\/\/tedsandtails.de\/#organization\"},\"potentialAction\":[{\"@type\":\"SearchAction\",\"target\":{\"@type\":\"EntryPoint\",\"urlTemplate\":\"https:\/\/tedsandtails.de\/?s={search_term_string}\"},\"query-input\":\"required name=search_term_string\"}],\"inLanguage\":\"en-GB\"},{\"@type\":\"Organization\",\"@id\":\"https:\/\/tedsandtails.de\/#organization\",\"name\":\"TED&#039;S &amp; TAILS\",\"url\":\"https:\/\/tedsandtails.de\/\",\"logo\":{\"@type\":\"ImageObject\",\"inLanguage\":\"en-GB\",\"@id\":\"https:\/\/tedsandtails.de\/#\/schema\/logo\/image\/\",\"url\":\"https:\/\/tedsandtails.de\/wp-content\/uploads\/2022\/09\/Teddys-5.png\",\"contentUrl\":\"https:\/\/tedsandtails.de\/wp-content\/uploads\/2022\/09\/Teddys-5.png\",\"width\":1080,\"height\":1080,\"caption\":\"TED&#039;S &amp; TAILS\"},\"image\":{\"@id\":\"https:\/\/tedsandtails.de\/#\/schema\/logo\/image\/\"}}]}<\/script>\n<!-- \/ Yoast SEO plugin. -->","yoast_head_json":{"title":"Halsband - Honey Haze","description":"Stylisches Halsband aus Cord in einem warmen, hellgelben Farbton. Erh\u00e4ltlich in Gr\u00f6\u00dfen XS bis L.","robots":{"index":"index","follow":"follow","max-snippet":"max-snippet:-1","max-image-preview":"max-image-preview:large","max-video-preview":"max-video-preview:-1"},"canonical":"https:\/\/tedsandtails.de\/en\/product\/halsband-honey-haze\/","og_locale":"en_GB","og_type":"article","og_title":"Halsband - Honey Haze","og_description":"Stylisches Halsband aus Cord in einem warmen, hellgelben Farbton. Erh\u00e4ltlich in Gr\u00f6\u00dfen XS bis L.","og_url":"https:\/\/tedsandtails.de\/en\/product\/halsband-honey-haze\/","og_site_name":"TED&#039;S &amp; TAILS","article_modified_time":"2026-02-26T16:08:48+00:00","og_image":[{"width":832,"height":1248,"url":"https:\/\/tedsandtails.de\/wp-content\/uploads\/2026\/02\/img_0588-3.jpeg","type":"image\/jpeg"}],"twitter_card":"summary_large_image","twitter_misc":{"Est. reading time":"1 minute"},"schema":{"@context":"https:\/\/schema.org","@graph":[{"@type":"WebPage","@id":"https:\/\/tedsandtails.de\/produkt\/halsband-honey-haze\/","url":"https:\/\/tedsandtails.de\/produkt\/halsband-honey-haze\/","name":"Halsband - Honey Haze","isPartOf":{"@id":"https:\/\/tedsandtails.de\/#website"},"datePublished":"2026-02-10T17:47:13+00:00","dateModified":"2026-02-26T16:08:48+00:00","description":"Stylisches Halsband aus Cord in einem warmen, hellgelben Farbton. Erh\u00e4ltlich in Gr\u00f6\u00dfen XS bis L.","breadcrumb":{"@id":"https:\/\/tedsandtails.de\/produkt\/halsband-honey-haze\/#breadcrumb"},"inLanguage":"en-GB","potentialAction":[{"@type":"ReadAction","target":["https:\/\/tedsandtails.de\/produkt\/halsband-honey-haze\/"]}]},{"@type":"BreadcrumbList","@id":"https:\/\/tedsandtails.de\/produkt\/halsband-honey-haze\/#breadcrumb","itemListElement":[{"@type":"ListItem","position":1,"name":"Startseite","item":"https:\/\/tedsandtails.de\/"},{"@type":"ListItem","position":2,"name":"Shop","item":"https:\/\/tedsandtails.de\/shop\/"},{"@type":"ListItem","position":3,"name":"Halsband &#8211; Honey Haze"}]},{"@type":"WebSite","@id":"https:\/\/tedsandtails.de\/#website","url":"https:\/\/tedsandtails.de\/","name":"TED&#039;S &amp; TAILS","description":"","publisher":{"@id":"https:\/\/tedsandtails.de\/#organization"},"potentialAction":[{"@type":"SearchAction","target":{"@type":"EntryPoint","urlTemplate":"https:\/\/tedsandtails.de\/?s={search_term_string}"},"query-input":"required name=search_term_string"}],"inLanguage":"en-GB"},{"@type":"Organization","@id":"https:\/\/tedsandtails.de\/#organization","name":"TED&#039;S &amp; TAILS","url":"https:\/\/tedsandtails.de\/","logo":{"@type":"ImageObject","inLanguage":"en-GB","@id":"https:\/\/tedsandtails.de\/#\/schema\/logo\/image\/","url":"https:\/\/tedsandtails.de\/wp-content\/uploads\/2022\/09\/Teddys-5.png","contentUrl":"https:\/\/tedsandtails.de\/wp-content\/uploads\/2022\/09\/Teddys-5.png","width":1080,"height":1080,"caption":"TED&#039;S &amp; TAILS"},"image":{"@id":"https:\/\/tedsandtails.de\/#\/schema\/logo\/image\/"}}]}},"_links":{"self":[{"href":"https:\/\/tedsandtails.de\/en\/wp-json\/wp\/v2\/product\/8156","targetHints":{"allow":["GET"]}}],"collection":[{"href":"https:\/\/tedsandtails.de\/en\/wp-json\/wp\/v2\/product"}],"about":[{"href":"https:\/\/tedsandtails.de\/en\/wp-json\/wp\/v2\/types\/product"}],"replies":[{"embeddable":true,"href":"https:\/\/tedsandtails.de\/en\/wp-json\/wp\/v2\/comments?post=8156"}],"wp:featuredmedia":[{"embeddable":true,"href":"https:\/\/tedsandtails.de\/en\/wp-json\/wp\/v2\/media\/8332"}],"wp:attachment":[{"href":"https:\/\/tedsandtails.de\/en\/wp-json\/wp\/v2\/media?parent=8156"}],"wp:term":[{"taxonomy":"product_cat","embeddable":true,"href":"https:\/\/tedsandtails.de\/en\/wp-json\/wp\/v2\/product_cat?post=8156"},{"taxonomy":"product_tag","embeddable":true,"href":"https:\/\/tedsandtails.de\/en\/wp-json\/wp\/v2\/product_tag?post=8156"}],"curies":[{"name":"wp","href":"https:\/\/api.w.org\/{rel}","templated":true}]}}