{"id":8162,"date":"2026-02-10T18:54:08","date_gmt":"2026-02-10T17:54:08","guid":{"rendered":"https:\/\/tedsandtails.de\/?post_type=product&#038;p=8162"},"modified":"2026-03-03T19:33:49","modified_gmt":"2026-03-03T18:33:49","slug":"strap-y-hundegeschirr-honey-haze","status":"publish","type":"product","link":"https:\/\/tedsandtails.de\/en\/product\/strap-y-hundegeschirr-honey-haze\/","title":{"rendered":"Strap-Y-Hundegeschirr &#8211; Honey Haze"},"content":{"rendered":"<p data-start=\"0\" data-end=\"68\"><strong>Strap-Y Hundegeschirr in Honey Haze \u2013 Stylisch, robust &amp; bequem<\/strong><\/p>\n<p data-start=\"70\" data-end=\"253\">Du suchst ein modernes Hundegeschirr, das nicht nur funktional, sondern auch besonders stilvoll ist? Dann ist das Strap-Y Hundegeschirr in Honey Haze genau das Richtige f\u00fcr dich!<\/p>\n<p>Dieses Y-f\u00f6rmige Hundegeschirr ist Teil unserer eleganten Honey Haze-Kollektion \u2013 eine warme, hellgelbe Farbe, die zeitlos ist und zu jedem Hundefell passt. Es besteht aus robustem Nylon und weichem Cord und bietet deinem Hund h\u00f6chsten Tragekomfort.<\/p>\n<p>Die gelben Kunststoffschnallen und goldenen Metallringe sind robust und von hoher Qualit\u00e4t. Alle Materialien und Proportionen (Gurte, Schnallen, Ringe) sind optimal auf die jeweilige Gr\u00f6\u00dfe des Geschirrs abgestimmt. Dank der mehrfach verstellbaren Gurte l\u00e4sst sich das Geschirr individuell an deinen Hund anpassen.<\/p>\n<p data-start=\"864\" data-end=\"1007\">Das Strap-Y-Design sorgt f\u00fcr eine ergonomische Passform und eine gleichm\u00e4\u00dfige Druckverteilung \u2013 ideal f\u00fcr aktive Spazierg\u00e4nge und den Alltag.<\/p>\n<p data-start=\"1185\" data-end=\"1305\" data-is-last-node=\"\" data-is-only-node=\"\">Erh\u00e4ltlich in den Gr\u00f6\u00dfen: S und M. Sieh dir unsere Gr\u00f6\u00dfentabelle an, um die passende Gr\u00f6\u00dfe f\u00fcr deinen Hund zu finden.<\/p>","protected":false},"excerpt":{"rendered":"<p>Strap-Y Hundegeschirr in Honey Haze \u2013 Stylisch, robust &amp; bequem Du suchst ein modernes Hundegeschirr, das nicht nur funktional, sondern auch besonders stilvoll ist? Dann ist das Strap-Y Hundegeschirr in Honey Haze genau das Richtige f\u00fcr dich! Dieses Y-f\u00f6rmige Hundegeschirr ist Teil unserer eleganten Honey Haze-Kollektion \u2013 eine warme, hellgelbe Farbe, die zeitlos ist und [&hellip;]<\/p>","protected":false},"featured_media":8166,"comment_status":"open","ping_status":"closed","template":"","meta":[],"product_cat":[213,18],"product_tag":[46,85,48,215,36,83,54,53,47,50,51,214,149,44,211,84,52,216],"class_list":{"0":"post-8162","1":"product","2":"type-product","3":"status-publish","4":"has-post-thumbnail","6":"product_cat-honey-haze","7":"product_cat-hundegeschirre","8":"product_tag-dog-accessories","9":"product_tag-dog-set","10":"product_tag-dogs","11":"product_tag-gelb","12":"product_tag-geschirr","13":"product_tag-geschirr-set","14":"product_tag-harnas","15":"product_tag-harness","16":"product_tag-honden","17":"product_tag-hondenaccessoires","18":"product_tag-hondentuigje","19":"product_tag-honey-haze","20":"product_tag-hundeaccessoires","21":"product_tag-hundezubehoer","22":"product_tag-robust-bequem-du-suchst-ein-modernes-hundegeschirr","23":"product_tag-set","24":"product_tag-tuigje","25":"product_tag-yellow","27":"first","28":"instock","29":"shipping-taxable","30":"purchasable","31":"product-type-variable"},"yoast_head":"<!-- This site is optimized with the Yoast SEO plugin v20.12 - https:\/\/yoast.com\/wordpress\/plugins\/seo\/ -->\n<title>Strap-Y Hundegeschirr Honey Haze \u2013 hellgelbes Cord-Geschirr<\/title>\n<meta name=\"description\" content=\"Dieses Y-f\u00f6rmige Hundegeschirr ist Teil unserer eleganten Honey Haze-Kollektion \u2013 eine warme, hellgelbe Farbe, die zeitlos ist und zu jedem Hundefell passt. Es besteht aus robustem Nylon und weichem Cord und bietet deinem Hund h\u00f6chsten Tragekomfort.\" \/>\n<meta name=\"robots\" content=\"index, follow, max-snippet:-1, max-image-preview:large, max-video-preview:-1\" \/>\n<link rel=\"canonical\" href=\"https:\/\/tedsandtails.de\/en\/product\/strap-y-hundegeschirr-honey-haze\/\" \/>\n<meta property=\"og:locale\" content=\"en_GB\" \/>\n<meta property=\"og:type\" content=\"article\" \/>\n<meta property=\"og:title\" content=\"Strap-Y Hundegeschirr Honey Haze \u2013 hellgelbes Cord-Geschirr\" \/>\n<meta property=\"og:description\" content=\"Dieses Y-f\u00f6rmige Hundegeschirr ist Teil unserer eleganten Honey Haze-Kollektion \u2013 eine warme, hellgelbe Farbe, die zeitlos ist und zu jedem Hundefell passt. Es besteht aus robustem Nylon und weichem Cord und bietet deinem Hund h\u00f6chsten Tragekomfort.\" \/>\n<meta property=\"og:url\" content=\"https:\/\/tedsandtails.de\/en\/product\/strap-y-hundegeschirr-honey-haze\/\" \/>\n<meta property=\"og:site_name\" content=\"TED&#039;S &amp; TAILS\" \/>\n<meta property=\"article:modified_time\" content=\"2026-03-03T18:33:49+00:00\" \/>\n<meta property=\"og:image\" content=\"https:\/\/tedsandtails.de\/wp-content\/uploads\/2026\/02\/762A320E-E553-4659-9C70-5A4F4173C6FF.jpg\" \/>\n\t<meta property=\"og:image:width\" content=\"1024\" \/>\n\t<meta property=\"og:image:height\" content=\"1536\" \/>\n\t<meta property=\"og:image:type\" content=\"image\/jpeg\" \/>\n<meta name=\"twitter:card\" content=\"summary_large_image\" \/>\n<meta name=\"twitter:label1\" content=\"Est. reading time\" \/>\n\t<meta name=\"twitter:data1\" content=\"1 minute\" \/>\n<script type=\"application\/ld+json\" class=\"yoast-schema-graph\">{\"@context\":\"https:\/\/schema.org\",\"@graph\":[{\"@type\":\"WebPage\",\"@id\":\"https:\/\/tedsandtails.de\/produkt\/strap-y-hundegeschirr-honey-haze\/\",\"url\":\"https:\/\/tedsandtails.de\/produkt\/strap-y-hundegeschirr-honey-haze\/\",\"name\":\"Strap-Y Hundegeschirr Honey Haze \u2013 hellgelbes Cord-Geschirr\",\"isPartOf\":{\"@id\":\"https:\/\/tedsandtails.de\/#website\"},\"datePublished\":\"2026-02-10T17:54:08+00:00\",\"dateModified\":\"2026-03-03T18:33:49+00:00\",\"description\":\"Dieses Y-f\u00f6rmige Hundegeschirr ist Teil unserer eleganten Honey Haze-Kollektion \u2013 eine warme, hellgelbe Farbe, die zeitlos ist und zu jedem Hundefell passt. Es besteht aus robustem Nylon und weichem Cord und bietet deinem Hund h\u00f6chsten Tragekomfort.\",\"breadcrumb\":{\"@id\":\"https:\/\/tedsandtails.de\/produkt\/strap-y-hundegeschirr-honey-haze\/#breadcrumb\"},\"inLanguage\":\"en-GB\",\"potentialAction\":[{\"@type\":\"ReadAction\",\"target\":[\"https:\/\/tedsandtails.de\/produkt\/strap-y-hundegeschirr-honey-haze\/\"]}]},{\"@type\":\"BreadcrumbList\",\"@id\":\"https:\/\/tedsandtails.de\/produkt\/strap-y-hundegeschirr-honey-haze\/#breadcrumb\",\"itemListElement\":[{\"@type\":\"ListItem\",\"position\":1,\"name\":\"Startseite\",\"item\":\"https:\/\/tedsandtails.de\/\"},{\"@type\":\"ListItem\",\"position\":2,\"name\":\"Shop\",\"item\":\"https:\/\/tedsandtails.de\/shop\/\"},{\"@type\":\"ListItem\",\"position\":3,\"name\":\"Strap-Y-Hundegeschirr &#8211; Honey Haze\"}]},{\"@type\":\"WebSite\",\"@id\":\"https:\/\/tedsandtails.de\/#website\",\"url\":\"https:\/\/tedsandtails.de\/\",\"name\":\"TED&#039;S &amp; TAILS\",\"description\":\"\",\"publisher\":{\"@id\":\"https:\/\/tedsandtails.de\/#organization\"},\"potentialAction\":[{\"@type\":\"SearchAction\",\"target\":{\"@type\":\"EntryPoint\",\"urlTemplate\":\"https:\/\/tedsandtails.de\/?s={search_term_string}\"},\"query-input\":\"required name=search_term_string\"}],\"inLanguage\":\"en-GB\"},{\"@type\":\"Organization\",\"@id\":\"https:\/\/tedsandtails.de\/#organization\",\"name\":\"TED&#039;S &amp; TAILS\",\"url\":\"https:\/\/tedsandtails.de\/\",\"logo\":{\"@type\":\"ImageObject\",\"inLanguage\":\"en-GB\",\"@id\":\"https:\/\/tedsandtails.de\/#\/schema\/logo\/image\/\",\"url\":\"https:\/\/tedsandtails.de\/wp-content\/uploads\/2022\/09\/Teddys-5.png\",\"contentUrl\":\"https:\/\/tedsandtails.de\/wp-content\/uploads\/2022\/09\/Teddys-5.png\",\"width\":1080,\"height\":1080,\"caption\":\"TED&#039;S &amp; TAILS\"},\"image\":{\"@id\":\"https:\/\/tedsandtails.de\/#\/schema\/logo\/image\/\"}}]}<\/script>\n<!-- \/ Yoast SEO plugin. -->","yoast_head_json":{"title":"Strap-Y Hundegeschirr Honey Haze \u2013 hellgelbes Cord-Geschirr","description":"Dieses Y-f\u00f6rmige Hundegeschirr ist Teil unserer eleganten Honey Haze-Kollektion \u2013 eine warme, hellgelbe Farbe, die zeitlos ist und zu jedem Hundefell passt. Es besteht aus robustem Nylon und weichem Cord und bietet deinem Hund h\u00f6chsten Tragekomfort.","robots":{"index":"index","follow":"follow","max-snippet":"max-snippet:-1","max-image-preview":"max-image-preview:large","max-video-preview":"max-video-preview:-1"},"canonical":"https:\/\/tedsandtails.de\/en\/product\/strap-y-hundegeschirr-honey-haze\/","og_locale":"en_GB","og_type":"article","og_title":"Strap-Y Hundegeschirr Honey Haze \u2013 hellgelbes Cord-Geschirr","og_description":"Dieses Y-f\u00f6rmige Hundegeschirr ist Teil unserer eleganten Honey Haze-Kollektion \u2013 eine warme, hellgelbe Farbe, die zeitlos ist und zu jedem Hundefell passt. Es besteht aus robustem Nylon und weichem Cord und bietet deinem Hund h\u00f6chsten Tragekomfort.","og_url":"https:\/\/tedsandtails.de\/en\/product\/strap-y-hundegeschirr-honey-haze\/","og_site_name":"TED&#039;S &amp; TAILS","article_modified_time":"2026-03-03T18:33:49+00:00","og_image":[{"width":1024,"height":1536,"url":"https:\/\/tedsandtails.de\/wp-content\/uploads\/2026\/02\/762A320E-E553-4659-9C70-5A4F4173C6FF.jpg","type":"image\/jpeg"}],"twitter_card":"summary_large_image","twitter_misc":{"Est. reading time":"1 minute"},"schema":{"@context":"https:\/\/schema.org","@graph":[{"@type":"WebPage","@id":"https:\/\/tedsandtails.de\/produkt\/strap-y-hundegeschirr-honey-haze\/","url":"https:\/\/tedsandtails.de\/produkt\/strap-y-hundegeschirr-honey-haze\/","name":"Strap-Y Hundegeschirr Honey Haze \u2013 hellgelbes Cord-Geschirr","isPartOf":{"@id":"https:\/\/tedsandtails.de\/#website"},"datePublished":"2026-02-10T17:54:08+00:00","dateModified":"2026-03-03T18:33:49+00:00","description":"Dieses Y-f\u00f6rmige Hundegeschirr ist Teil unserer eleganten Honey Haze-Kollektion \u2013 eine warme, hellgelbe Farbe, die zeitlos ist und zu jedem Hundefell passt. Es besteht aus robustem Nylon und weichem Cord und bietet deinem Hund h\u00f6chsten Tragekomfort.","breadcrumb":{"@id":"https:\/\/tedsandtails.de\/produkt\/strap-y-hundegeschirr-honey-haze\/#breadcrumb"},"inLanguage":"en-GB","potentialAction":[{"@type":"ReadAction","target":["https:\/\/tedsandtails.de\/produkt\/strap-y-hundegeschirr-honey-haze\/"]}]},{"@type":"BreadcrumbList","@id":"https:\/\/tedsandtails.de\/produkt\/strap-y-hundegeschirr-honey-haze\/#breadcrumb","itemListElement":[{"@type":"ListItem","position":1,"name":"Startseite","item":"https:\/\/tedsandtails.de\/"},{"@type":"ListItem","position":2,"name":"Shop","item":"https:\/\/tedsandtails.de\/shop\/"},{"@type":"ListItem","position":3,"name":"Strap-Y-Hundegeschirr &#8211; Honey Haze"}]},{"@type":"WebSite","@id":"https:\/\/tedsandtails.de\/#website","url":"https:\/\/tedsandtails.de\/","name":"TED&#039;S &amp; TAILS","description":"","publisher":{"@id":"https:\/\/tedsandtails.de\/#organization"},"potentialAction":[{"@type":"SearchAction","target":{"@type":"EntryPoint","urlTemplate":"https:\/\/tedsandtails.de\/?s={search_term_string}"},"query-input":"required name=search_term_string"}],"inLanguage":"en-GB"},{"@type":"Organization","@id":"https:\/\/tedsandtails.de\/#organization","name":"TED&#039;S &amp; TAILS","url":"https:\/\/tedsandtails.de\/","logo":{"@type":"ImageObject","inLanguage":"en-GB","@id":"https:\/\/tedsandtails.de\/#\/schema\/logo\/image\/","url":"https:\/\/tedsandtails.de\/wp-content\/uploads\/2022\/09\/Teddys-5.png","contentUrl":"https:\/\/tedsandtails.de\/wp-content\/uploads\/2022\/09\/Teddys-5.png","width":1080,"height":1080,"caption":"TED&#039;S &amp; TAILS"},"image":{"@id":"https:\/\/tedsandtails.de\/#\/schema\/logo\/image\/"}}]}},"_links":{"self":[{"href":"https:\/\/tedsandtails.de\/en\/wp-json\/wp\/v2\/product\/8162","targetHints":{"allow":["GET"]}}],"collection":[{"href":"https:\/\/tedsandtails.de\/en\/wp-json\/wp\/v2\/product"}],"about":[{"href":"https:\/\/tedsandtails.de\/en\/wp-json\/wp\/v2\/types\/product"}],"replies":[{"embeddable":true,"href":"https:\/\/tedsandtails.de\/en\/wp-json\/wp\/v2\/comments?post=8162"}],"wp:featuredmedia":[{"embeddable":true,"href":"https:\/\/tedsandtails.de\/en\/wp-json\/wp\/v2\/media\/8166"}],"wp:attachment":[{"href":"https:\/\/tedsandtails.de\/en\/wp-json\/wp\/v2\/media?parent=8162"}],"wp:term":[{"taxonomy":"product_cat","embeddable":true,"href":"https:\/\/tedsandtails.de\/en\/wp-json\/wp\/v2\/product_cat?post=8162"},{"taxonomy":"product_tag","embeddable":true,"href":"https:\/\/tedsandtails.de\/en\/wp-json\/wp\/v2\/product_tag?post=8162"}],"curies":[{"name":"wp","href":"https:\/\/api.w.org\/{rel}","templated":true}]}}